{"id":3800,"date":"2022-06-22T09:56:38","date_gmt":"2022-06-22T09:56:38","guid":{"rendered":"https:\/\/flagbeach.com\/windsurf\/corsi-di-windsurf\/"},"modified":"2026-04-19T10:44:45","modified_gmt":"2026-04-19T10:44:45","slug":"corsi-di-windsurf","status":"publish","type":"page","link":"https:\/\/www.flagbeach.com\/it\/windsurf\/corsi-di-windsurf\/","title":{"rendered":"Corsi di windsurf"},"content":{"rendered":"\n<div class=\"wp-block-cover alignfull has-custom-content-position is-position-top-left is-light\" style=\"min-height:30vw;aspect-ratio:unset;\"><img loading=\"lazy\" decoding=\"async\" width=\"1440\" height=\"540\" sizes=\"auto, (max-width: 799px) 200vw, (max-width: 1440px) 100vw, 1440px\" class=\"wp-block-cover__image-background wp-image-877\" alt=\"\" src=\"https:\/\/www.flagbeach.com\/wp-content\/uploads\/2021\/02\/windsurfing-big-2.jpg\" style=\"object-position:50% 0%\" data-object-fit=\"cover\" data-object-position=\"50% 0%\" srcset=\"https:\/\/www.flagbeach.com\/wp-content\/uploads\/2021\/02\/windsurfing-big-2.jpg 1440w, https:\/\/www.flagbeach.com\/wp-content\/uploads\/2021\/02\/windsurfing-big-2-300x113.jpg 300w, https:\/\/www.flagbeach.com\/wp-content\/uploads\/2021\/02\/windsurfing-big-2-1024x384.jpg 1024w, https:\/\/www.flagbeach.com\/wp-content\/uploads\/2021\/02\/windsurfing-big-2-768x288.jpg 768w\" \/><span aria-hidden=\"true\" class=\"wp-block-cover__background has-background-dim-100 has-background-dim wp-block-cover__gradient-background has-background-gradient\" style=\"background:linear-gradient(180deg,rgb(20,62,94) 0%,rgba(255,255,255,0) 48%,rgba(20,61,93,0) 67%,rgb(20,62,94) 100%)\"><\/span><div class=\"wp-block-cover__inner-container is-layout-flow wp-block-cover-is-layout-flow\">\n<h1 class=\"wp-block-heading has-text-align-left has-subtle-color has-text-color\"><span style=\"background-color:rgba(0, 0, 0, 0)\" class=\"has-inline-color has-white-color\">Corsi di windsurf<\/span><\/h1>\n\n\n\n<p><\/p>\n<\/div><\/div>\n\n<div class=\"wp-block-buttons is-horizontal is-content-justification-center is-layout-flex wp-container-core-buttons-is-layout-03627597 wp-block-buttons-is-layout-flex\">\n<div class=\"wp-block-button\"><a class=\"wp-block-button__link wp-element-button\" href=\"https:\/\/flagbeach.bloowatch.com\/booking\">Prenota ora il tuo corso di windsurf<\/a><\/div>\n<\/div>\n\n<div class=\"wp-block-group alignfull\"><div class=\"wp-block-group__inner-container is-layout-flow wp-block-group-is-layout-flow\">\n<h2 class=\"wp-block-heading\">I nostri corsi di windsurf a Fuerteventura<\/h2>\n\n\n\n<p>Qui a Flag Beach abbiamo un corso adatto alle capacit\u00e0 di tutti di fare windsurf. Ci rivolgiamo a tutti i livelli di abilit\u00e0 ed esperienza. Potete scegliere la durata del corso pi\u00f9 adatta alle vostre vacanze.  <\/p>\n\n\n\n<div class=\"wp-block-columns alignwide is-layout-flex wp-container-core-columns-is-layout-d0b3c9c8 wp-block-columns-is-layout-flex\">\n<div class=\"wp-block-column is-layout-flow wp-block-column-is-layout-flow\" style=\"--col-width:33.33%;flex-basis:33.33%\">\n<figure class=\"wp-block-image size-full\"><img loading=\"lazy\" decoding=\"async\" width=\"640\" height=\"480\" src=\"https:\/\/www.flagbeach.com\/wp-content\/uploads\/2021\/10\/easy-as-123.jpg\" alt=\"\" class=\"wp-image-2765\" srcset=\"https:\/\/www.flagbeach.com\/wp-content\/uploads\/2021\/10\/easy-as-123.jpg 640w, https:\/\/www.flagbeach.com\/wp-content\/uploads\/2021\/10\/easy-as-123-300x225.jpg 300w\" sizes=\"auto, (max-width: 640px) 100vw, 640px\" \/><\/figure>\n\n\n\n<figure class=\"wp-block-image size-full\"><img loading=\"lazy\" decoding=\"async\" width=\"640\" height=\"480\" src=\"https:\/\/www.flagbeach.com\/wp-content\/uploads\/2021\/10\/beginner-course-rig-games.jpg\" alt=\"\" class=\"wp-image-2755\" srcset=\"https:\/\/www.flagbeach.com\/wp-content\/uploads\/2021\/10\/beginner-course-rig-games.jpg 640w, https:\/\/www.flagbeach.com\/wp-content\/uploads\/2021\/10\/beginner-course-rig-games-300x225.jpg 300w\" sizes=\"auto, (max-width: 640px) 100vw, 640px\" \/><\/figure>\n<\/div>\n\n\n\n<div class=\"wp-block-column is-layout-flow wp-block-column-is-layout-flow\" style=\"--col-width:66.66%;flex-basis:66.66%\">\n<figure class=\"wp-block-image size-large\"><img loading=\"lazy\" decoding=\"async\" width=\"1024\" height=\"683\" src=\"https:\/\/www.flagbeach.com\/wp-content\/uploads\/2021\/10\/benn-9732-1024x683.jpg\" alt=\"\" class=\"wp-image-2769\" srcset=\"https:\/\/www.flagbeach.com\/wp-content\/uploads\/2021\/10\/benn-9732-1024x683.jpg 1024w, https:\/\/www.flagbeach.com\/wp-content\/uploads\/2021\/10\/benn-9732-300x200.jpg 300w, https:\/\/www.flagbeach.com\/wp-content\/uploads\/2021\/10\/benn-9732-768x512.jpg 768w, https:\/\/www.flagbeach.com\/wp-content\/uploads\/2021\/10\/benn-9732-1536x1024.jpg 1536w, https:\/\/www.flagbeach.com\/wp-content\/uploads\/2021\/10\/benn-9732-2048x1365.jpg 2048w, https:\/\/www.flagbeach.com\/wp-content\/uploads\/2021\/10\/benn-9732-1568x1045.jpg 1568w\" sizes=\"auto, (max-width: 1024px) 100vw, 1024px\" \/><\/figure>\n<\/div>\n<\/div>\n\n\n\n<h2 class=\"wp-block-heading alignwide\">Corsi di windsurf per principianti<\/h2>\n\n\n\n<p class=\"tw-text-wide\">I nostri corsi per principianti da 1 a 3 giorni vi insegneranno a praticare il windsurf nelle pittoresche acque di Fuerteventura. Scopriteli. Siamo anche l&#8217;unico centro di sport acquatici certificato VDWS nel nord dell&#8217;isola. Possiamo rilasciare una licenza internazionale VDWS windsurf in modo che tu possa noleggiare l&#8217;attrezzatura in altri centri durante la tua prossima vacanza.   <\/p>\n\n\n\n<p><\/p>\n\n\n\n<h2 class=\"wp-block-heading alignwide\" id=\"block-12ccd573-77ec-45ad-9108-63d2b42945cc\"><span style=\"background-color:rgba(0, 0, 0, 0);color:#fcbe06\" class=\"has-inline-color\">Itinerario.<\/span><\/h2>\n\n\n\n<div class=\"wp-block-columns alignwide is-layout-flex wp-container-core-columns-is-layout-d0b3c9c8 wp-block-columns-is-layout-flex\">\n<div class=\"wp-block-column is-layout-flow wp-block-column-is-layout-flow\">\n<p>Spiggia: Flag Beach e Laguna di Cotillo<br\/>Ora di inizio: 10am<\/p>\n\n\n\n<h3 class=\"wp-block-heading\">Giorno 1<\/h3>\n\n\n\n<p>Vi veniamo a prendere in hotel o in qualsiasi altro luogo in cui alloggiate a Corralejo e vi portiamo in spiaggia dove vi verranno impartite 3 &#8211; 4 ore di teoria sul vento, le correnti, il diritto di precedenza, la sicurezza e l&#8217;attrezzatura. Imparerete ad armare una vela, a gestirla sulla spiaggia e a usare il simulatore. Alla fine di questa sessione, andrete anche in acqua per fare il bilanciamento della tavola.  <\/p>\n<\/div>\n\n\n\n<div class=\"wp-block-column is-layout-flow wp-block-column-is-layout-flow\">\n<h3 class=\"wp-block-heading\">Giorni 2 e 3<\/h3>\n\n\n\n<p>Verrete nuovamente prelevati e trascorrerete 3-4 ore in acqua per imparare a navigare secondo vento, a navigare di bolina, a virare (girare contro vento) e a governare.<\/p>\n\n\n\n<p>Alla fine di questo corso potrete prendere il vostro certificato di windsurf di livello 1 con noi.<\/p>\n\n\n\n<p>Dimensione massima del gruppo: 8 persone per istruttore.<\/p>\n<\/div>\n<\/div>\n\n\n\n<h3 class=\"wp-block-heading\">Prezzi<\/h3>\n\n\n\n<div class=\"wp-block-group alignfull\"><div class=\"wp-block-group__inner-container is-layout-flow wp-block-group-is-layout-flow\">\n<figure class=\"wp-block-table tw-row-valign-top is-style-tw-border-h\"><table><tbody><tr><td>Corso di windsurf per principianti di 1 giorno<\/td><td class=\"has-text-align-right\" data-align=\"right\">\u20ac90<\/td><\/tr><tr><td>Corso di windsurf per principianti di 2 giorni<\/td><td class=\"has-text-align-right\" data-align=\"right\">\u20ac175<\/td><\/tr><tr><td>Corso di windsurf per principianti di 3 giorni<\/td><td class=\"has-text-align-right\" data-align=\"right\">\u20ac220<\/td><\/tr><tr><td>Corso di windsurf per principianti di 4 giorni<\/td><td class=\"has-text-align-right\" data-align=\"right\">\u20ac290<\/td><\/tr><tr><td>Corso di windsurf per principianti di 5 giorni<\/td><td class=\"has-text-align-right\" data-align=\"right\">\u20ac360<\/td><\/tr><tr><td>Licenza internazionale di windsurf VDWS (include libro e licenza)<\/td><td class=\"has-text-align-right\" data-align=\"right\">\u20ac40<\/td><\/tr><\/tbody><\/table><\/figure>\n\n\n\n<div class=\"wp-block-buttons is-content-justification-center is-layout-flex wp-container-core-buttons-is-layout-a89b3969 wp-block-buttons-is-layout-flex\">\n<div class=\"wp-block-button is-style-outline is-style-outline--1\"><a class=\"wp-block-button__link has-text-align-center wp-element-button\" href=\"https:\/\/www.flagbeach.com\/it\/prenota-adesso\/\">chiedici!<\/a><\/div>\n<\/div>\n<\/div><\/div>\n\n\n\n<div class=\"wp-block-buttons is-horizontal is-content-justification-center is-layout-flex wp-container-core-buttons-is-layout-03627597 wp-block-buttons-is-layout-flex\">\n<div class=\"wp-block-button\"><a class=\"wp-block-button__link wp-element-button\" href=\"https:\/\/flagbeach.bloowatch.com\/booking\">Prenota ora il tuo corso di windsurf per principianti<\/a><\/div>\n<\/div>\n\n\n\n<div class=\"wp-block-cover alignfull is-light\" style=\"min-height:280px;aspect-ratio:unset;\"><img decoding=\"async\" class=\"wp-block-cover__image-background wp-image-883\" alt=\"\" src=\"https:\/\/www.flagbeach.com\/wp-content\/uploads\/2021\/02\/DSC03694_1440x540_acf_cropped.jpg\" data-object-fit=\"cover\"\/><span aria-hidden=\"true\" class=\"wp-block-cover__background has-background-dim-0 has-background-dim\"><\/span><div class=\"wp-block-cover__inner-container is-layout-flow wp-block-cover-is-layout-flow\">\n<p class=\"has-text-align-center has-large-font-size\"><\/p>\n<\/div><\/div>\n\n\n\n<h2 class=\"wp-block-heading alignwide\">Corsi di perfezionamento e rinnovo del windsurf<\/h2>\n\n\n\n<p>Migliorate le vostre abilit\u00e0 nel windsurf. Partecipate ai nostri corsi di perfezionamento o di rinnovo di 2 giorni e godetevi le lagune di Fuerteventura. Venite a sentire il vento tra i capelli.  <\/p>\n\n\n\n<div class=\"wp-block-getwid-accordion has-icon-left\" data-active-element=\"none\">\n<div class=\"wp-block-getwid-accordion__header-wrapper\"><span class=\"wp-block-getwid-accordion__header\"><a href=\"#\"><span class=\"wp-block-getwid-accordion__header-title\">View the full itineraries<\/span><span class=\"wp-block-getwid-accordion__icon is-active\"><i class=\"fas fa-plus\"><\/i><\/span><span class=\"wp-block-getwid-accordion__icon is-passive\"><i class=\"fas fa-minus\"><\/i><\/span><\/a><\/span><\/div><div class=\"wp-block-getwid-accordion__content-wrapper\"><div class=\"wp-block-getwid-accordion__content\">\n<h2 class=\"wp-block-heading\"><span style=\"background-color:rgba(0, 0, 0, 0);color:#fdbe07\" class=\"has-inline-color\">Itinerari<\/span><\/h2>\n\n\n\n<p>Spiaggia:Laguna di Cotillo<br\/>Orario di inizio: 09:00<\/p>\n\n\n\n<h3 class=\"wp-block-heading\">Intermedi<\/h3>\n\n\n\n<p>Questo corso \u00e8 rivolto a coloro che hanno fatto circa 30 ore di windsurf e ora hanno bisogno di passare al livello successivo.<\/p>\n\n\n\n<p>Durante questo corso di 8 ore (4 ore al giorno), vi verr\u00e0 insegnato a virare velocemente, a strambare, usare il trapezio e fare beach start.<\/p>\n\n\n\n<p>Alla fine del corso potrete prendere il vostro certificato di windsurf di livello 2 o 3 con noi.<\/p>\n\n\n\n<h3 class=\"wp-block-heading\">Renewal<\/h3>\n\n\n\n<p>Partecipate al nostro corso di windsurf Renewal di 2 giorni per migliorare le vostre capacit\u00e0 di windsurf.<\/p>\n<\/div><\/div>\n<\/div>\n\n\n\n<h3 class=\"wp-block-heading\">Prezzi<\/h3>\n\n\n\n<div class=\"wp-block-group alignfull\"><div class=\"wp-block-group__inner-container is-layout-flow wp-block-group-is-layout-flow\">\n<figure class=\"wp-block-table tw-row-valign-top is-style-tw-border-h\"><table><tbody><tr><td>Corso di miglioramento windsurf di 1 giorno<\/td><td class=\"has-text-align-right\" data-align=\"right\">\u20ac90<\/td><\/tr><tr><td>Corso di miglioramento windsurf di 2 giorni<\/td><td class=\"has-text-align-right\" data-align=\"right\">\u20ac175<\/td><\/tr><tr><td>Corso di rinnovo di windsurf di 3 giorni<\/td><td class=\"has-text-align-right\" data-align=\"right\">\u20ac260<\/td><\/tr><tr><td>Corso di rinnovo di windsurf di 4 giorni<\/td><td class=\"has-text-align-right\" data-align=\"right\">\u20ac350<\/td><\/tr><tr><td>Corso di rinnovo di windsurf di 5 giorni<\/td><td class=\"has-text-align-right\" data-align=\"right\">\u20ac400<\/td><\/tr><tr><td>Licenza internazionale di Kite VDWS (include libro e licenza)<\/td><td class=\"has-text-align-right\" data-align=\"right\">\u20ac40<\/td><\/tr><\/tbody><\/table><\/figure>\n\n\n\n<p><\/p>\n<\/div><\/div>\n\n\n\n<div class=\"wp-block-buttons is-horizontal is-content-justification-center is-layout-flex wp-container-core-buttons-is-layout-03627597 wp-block-buttons-is-layout-flex\">\n<div class=\"wp-block-button\"><a class=\"wp-block-button__link wp-element-button\" href=\"https:\/\/flagbeach.bloowatch.com\/booking\">Prenotate ora il vostro corso di windsurf di perfezionamento\/rinnovo<\/a><\/div>\n<\/div>\n\n\n\n<div class=\"wp-block-cover alignfull is-light\" style=\"min-height:282px;aspect-ratio:unset;\"><img loading=\"lazy\" decoding=\"async\" width=\"1600\" height=\"600\" sizes=\"auto, (max-width: 799px) 200vw, (max-width: 1600px) 100vw, 1600px\" class=\"wp-block-cover__image-background wp-image-886\" alt=\"\" src=\"https:\/\/www.flagbeach.com\/wp-content\/uploads\/2021\/02\/windsurfing-header-2.jpg\" data-object-fit=\"cover\" srcset=\"https:\/\/www.flagbeach.com\/wp-content\/uploads\/2021\/02\/windsurfing-header-2.jpg 1600w, https:\/\/www.flagbeach.com\/wp-content\/uploads\/2021\/02\/windsurfing-header-2-300x113.jpg 300w, https:\/\/www.flagbeach.com\/wp-content\/uploads\/2021\/02\/windsurfing-header-2-1024x384.jpg 1024w, https:\/\/www.flagbeach.com\/wp-content\/uploads\/2021\/02\/windsurfing-header-2-768x288.jpg 768w, https:\/\/www.flagbeach.com\/wp-content\/uploads\/2021\/02\/windsurfing-header-2-1536x576.jpg 1536w, https:\/\/www.flagbeach.com\/wp-content\/uploads\/2021\/02\/windsurfing-header-2-1568x588.jpg 1568w\" \/><span aria-hidden=\"true\" class=\"wp-block-cover__background has-background-dim-0 has-background-dim\"><\/span><div class=\"wp-block-cover__inner-container is-layout-flow wp-block-cover-is-layout-flow\">\n<p class=\"has-text-align-center has-large-font-size\"><\/p>\n<\/div><\/div>\n\n\n\n<h2 class=\"wp-block-heading alignwide\">Corsi privati di windsurf<\/h2>\n\n\n\n<p>Le lezioni private one-to-one sono tenute solo dal nostro miglior istruttore di windsurf. Per 60 minuti riceverete il 100% della sua attenzione e potrete praticare qualsiasi manovra di windsurf, da quelle pi\u00f9 basilari ai trick pi\u00f9 avanzati come aerials, switch stance, tacks, gybes e altro ancora. La sessione \u00e8 completamente su misura per voi.  <\/p>\n\n\n\n<div class=\"wp-block-getwid-accordion has-icon-left\" data-active-element=\"none\"><\/div>\n\n\n\n<h3 class=\"wp-block-heading\">Prezzi<\/h3>\n\n\n\n<div class=\"wp-block-group alignfull\"><div class=\"wp-block-group__inner-container is-layout-flow wp-block-group-is-layout-flow\">\n<figure class=\"wp-block-table tw-row-valign-top is-style-tw-border-h\"><table><tbody><tr><td>Corso privato di windsurf di 1 ora (materiale escluso)<\/td><td class=\"has-text-align-right\" data-align=\"right\">\u20ac75<\/td><\/tr><\/tbody><\/table><\/figure>\n\n\n\n<p><\/p>\n<\/div><\/div>\n\n\n\n<div class=\"wp-block-buttons is-horizontal is-content-justification-center is-layout-flex wp-container-core-buttons-is-layout-03627597 wp-block-buttons-is-layout-flex\">\n<div class=\"wp-block-button\"><a class=\"wp-block-button__link wp-element-button\" href=\"https:\/\/flagbeach.bloowatch.com\/booking\">Prenota ora il tuo corso privato di windsurf<\/a><\/div>\n<\/div>\n<\/div><\/div>\n\n<div class=\"wp-block-cover alignfull is-light\" style=\"min-height:282px;aspect-ratio:unset;\"><img loading=\"lazy\" decoding=\"async\" width=\"1600\" height=\"600\" sizes=\"auto, (max-width: 799px) 200vw, (max-width: 1600px) 100vw, 1600px\" class=\"wp-block-cover__image-background wp-image-1202\" alt=\"\" src=\"https:\/\/www.flagbeach.com\/wp-content\/uploads\/2021\/02\/windsurfing-header.jpg\" style=\"object-position:48% 0%\" data-object-fit=\"cover\" data-object-position=\"48% 0%\" srcset=\"https:\/\/www.flagbeach.com\/wp-content\/uploads\/2021\/02\/windsurfing-header.jpg 1600w, https:\/\/www.flagbeach.com\/wp-content\/uploads\/2021\/02\/windsurfing-header-300x113.jpg 300w, https:\/\/www.flagbeach.com\/wp-content\/uploads\/2021\/02\/windsurfing-header-1024x384.jpg 1024w, https:\/\/www.flagbeach.com\/wp-content\/uploads\/2021\/02\/windsurfing-header-768x288.jpg 768w, https:\/\/www.flagbeach.com\/wp-content\/uploads\/2021\/02\/windsurfing-header-1536x576.jpg 1536w, https:\/\/www.flagbeach.com\/wp-content\/uploads\/2021\/02\/windsurfing-header-1568x588.jpg 1568w\" \/><span aria-hidden=\"true\" class=\"wp-block-cover__background has-background-dim-0 has-background-dim\"><\/span><div class=\"wp-block-cover__inner-container is-layout-flow wp-block-cover-is-layout-flow\">\n<p class=\"has-text-align-center has-large-font-size\"><\/p>\n<\/div><\/div>\n\n<div class=\"wp-block-columns alignwide is-layout-flex wp-container-core-columns-is-layout-d0b3c9c8 wp-block-columns-is-layout-flex\">\n<div class=\"wp-block-column is-layout-flow wp-block-column-is-layout-flow\">\n<div class=\"wp-block-group\"><div class=\"wp-block-group__inner-container is-layout-flow wp-block-group-is-layout-flow\">\n<h3 class=\"wp-block-heading\">Vacanze e windsurf&#13;\n<span class=\"has-inline-color\" style=\"color: #fdbe07;\">pacchetti<\/span><\/h3>\n\n\n\n<figure class=\"wp-block-image size-large\"><img loading=\"lazy\" decoding=\"async\" width=\"1024\" height=\"384\" src=\"https:\/\/flagbeach.com\/wp-content\/uploads\/2021\/02\/windsurfing-big-1-1024x384.jpg\" alt=\"Pacchetti vacanze windsurf Isole Canarie\" class=\"wp-image-3465\" srcset=\"https:\/\/www.flagbeach.com\/wp-content\/uploads\/2021\/02\/windsurfing-big-1-1024x384.jpg 1024w, https:\/\/www.flagbeach.com\/wp-content\/uploads\/2021\/02\/windsurfing-big-1-300x113.jpg 300w, https:\/\/www.flagbeach.com\/wp-content\/uploads\/2021\/02\/windsurfing-big-1-768x288.jpg 768w, https:\/\/www.flagbeach.com\/wp-content\/uploads\/2021\/02\/windsurfing-big-1.jpg 1440w\" sizes=\"auto, (max-width: 1024px) 100vw, 1024px\" \/><\/figure>\n\n\n\n<p>I nostri pacchetti vacanza offrono i migliori corsi di sport acquatici e alloggi a Fuerteventura. Vi trasferiremo da e per la spiaggia ogni giorno, l&#8217;attrezzatura e l&#8217;assicurazione sono incluse. Prenotate online per risparmiare fino al 33%. Non troverete un prezzo migliore sull&#8217;isola, quindi cosa state aspettando? Scoprite i nostri pacchetti.<\/p>\n\n\n\n<p><\/p>\n\n\n\n<div class=\"wp-block-buttons aligncenter is-layout-flex wp-block-buttons-is-layout-flex\">\n<div class=\"wp-block-button\"><a class=\"wp-block-button__link\" href=\"https:\/\/flagbeach.com\/it\/windsurf\/pacchetti-windsurf\/\">Visualizza pacchetti windsurf<\/a><\/div>\n<\/div>\n<\/div><\/div>\n<\/div>\n\n\n\n<div class=\"wp-block-column is-layout-flow wp-block-column-is-layout-flow\">\n<div class=\"wp-block-group\"><div class=\"wp-block-group__inner-container is-layout-flow wp-block-group-is-layout-flow\">\n<h3 class=\"wp-block-heading\">Attrezzatura da Windsurf&#13;\n<span class=\"has-inline-color\" style=\"color: #fdbe07;\">noleggio<\/span><\/h3>\n\n\n\n<figure class=\"wp-block-image size-large\"><img loading=\"lazy\" decoding=\"async\" width=\"1024\" height=\"384\" src=\"https:\/\/flagbeach.com\/wp-content\/uploads\/2021\/02\/windsurfing-big-2-1024x384.jpg\" alt=\"Noleggio attrezzatura da windsurf\" class=\"wp-image-3466\" srcset=\"https:\/\/www.flagbeach.com\/wp-content\/uploads\/2021\/02\/windsurfing-big-2-1024x384.jpg 1024w, https:\/\/www.flagbeach.com\/wp-content\/uploads\/2021\/02\/windsurfing-big-2-300x113.jpg 300w, https:\/\/www.flagbeach.com\/wp-content\/uploads\/2021\/02\/windsurfing-big-2-768x288.jpg 768w, https:\/\/www.flagbeach.com\/wp-content\/uploads\/2021\/02\/windsurfing-big-2.jpg 1440w\" sizes=\"auto, (max-width: 1024px) 100vw, 1024px\" \/><\/figure>\n\n\n\n<p>Per i velisti di livello intermedio e avanzato che desiderano andare in solitaria, abbiamo le migliori attrezzature per il windsurf a noleggio e un&#8217;esclusiva location di fronte alla spiaggia. Sfogliate le nostre marche di attrezzature e scegliete la tavola e la vela che preferite. Potete anche depositare il vostro kit presso di noi sulla spiaggia.<\/p>\n\n\n\n<p><\/p>\n\n\n\n<div class=\"wp-block-buttons aligncenter is-layout-flex wp-block-buttons-is-layout-flex\">\n<div class=\"wp-block-button\"><a class=\"wp-block-button__link\" href=\"https:\/\/flagbeach.com\/it\/windsurf\/noleggio-attrezzatura-windsurf\/\">Visualizza noleggio windsurf<\/a><\/div>\n<\/div>\n<\/div><\/div>\n<\/div>\n\n\n\n<div class=\"wp-block-column is-layout-flow wp-block-column-is-layout-flow\">\n<div class=\"wp-block-group\"><div class=\"wp-block-group__inner-container is-layout-flow wp-block-group-is-layout-flow\">\n<h3 class=\"wp-block-heading\">Vacanze Windsurf&#13;\n<span class=\"has-inline-color\" style=\"color: #fdbe07;\">alloggi<\/span><\/h3>\n\n\n\n<figure class=\"wp-block-image size-large\"><img loading=\"lazy\" decoding=\"async\" width=\"1024\" height=\"386\" src=\"https:\/\/flagbeach.com\/wp-content\/uploads\/2021\/02\/holiday-accommodation-fuerteventura-scaled-e1614266843528-1024x386.jpg\" alt=\"Alloggi vacanze \" class=\"wp-image-3573\" srcset=\"https:\/\/www.flagbeach.com\/wp-content\/uploads\/2021\/02\/holiday-accommodation-fuerteventura-scaled-e1614266843528-1024x386.jpg 1024w, https:\/\/www.flagbeach.com\/wp-content\/uploads\/2021\/02\/holiday-accommodation-fuerteventura-scaled-e1614266843528-300x113.jpg 300w, https:\/\/www.flagbeach.com\/wp-content\/uploads\/2021\/02\/holiday-accommodation-fuerteventura-scaled-e1614266843528-768x289.jpg 768w, https:\/\/www.flagbeach.com\/wp-content\/uploads\/2021\/02\/holiday-accommodation-fuerteventura-scaled-e1614266843528-1536x578.jpg 1536w, https:\/\/www.flagbeach.com\/wp-content\/uploads\/2021\/02\/holiday-accommodation-fuerteventura-scaled-e1614266843528-1568x590.jpg 1568w, https:\/\/www.flagbeach.com\/wp-content\/uploads\/2021\/02\/holiday-accommodation-fuerteventura-scaled-e1614266843528.jpg 1920w\" sizes=\"auto, (max-width: 1024px) 100vw, 1024px\" \/><\/figure>\n\n\n\n<p>I nostri pacchetti vacanza e campeggi vi offrono il miglior rapporto qualit\u00e0-prezzo. Potete scegliere tra una vasta gamma di sistemazioni: hotel di lusso o appartamenti indipendenti, fino ai nostri ostelli economici per surfisti. Aggiungete il nostro corso di windsurf e il noleggio dell&#8217;attrezzatura per vivere appieno l&#8217;esperienza di Flag Beach.<\/p>\n\n\n\n<p><\/p>\n\n\n\n<div class=\"wp-block-buttons aligncenter is-layout-flex wp-block-buttons-is-layout-flex\">\n<div class=\"wp-block-button\"><a class=\"wp-block-button__link\" href=\"https:\/\/flagbeach.com\/it\/alloggi\/\">Visualizza alloggi per vacanze<\/a><\/div>\n<\/div>\n<\/div><\/div>\n<\/div>\n<\/div>\n\n<hr class=\"wp-block-separator has-css-opacity\"\/>\n\n<div class=\"wp-block-cover alignfull is-light\" style=\"min-height:282px;aspect-ratio:unset;\"><img loading=\"lazy\" decoding=\"async\" width=\"1440\" height=\"540\" sizes=\"auto, (max-width: 799px) 200vw, (max-width: 1440px) 100vw, 1440px\" class=\"wp-block-cover__image-background wp-image-874\" alt=\"\" src=\"https:\/\/www.flagbeach.com\/wp-content\/uploads\/2021\/02\/windsurfing-big-1.jpg\" style=\"object-position:51% 98%\" data-object-fit=\"cover\" data-object-position=\"51% 98%\" srcset=\"https:\/\/www.flagbeach.com\/wp-content\/uploads\/2021\/02\/windsurfing-big-1.jpg 1440w, https:\/\/www.flagbeach.com\/wp-content\/uploads\/2021\/02\/windsurfing-big-1-300x113.jpg 300w, https:\/\/www.flagbeach.com\/wp-content\/uploads\/2021\/02\/windsurfing-big-1-1024x384.jpg 1024w, https:\/\/www.flagbeach.com\/wp-content\/uploads\/2021\/02\/windsurfing-big-1-768x288.jpg 768w\" \/><span aria-hidden=\"true\" class=\"wp-block-cover__background has-background-dim-0 has-background-dim\"><\/span><div class=\"wp-block-cover__inner-container is-layout-flow wp-block-cover-is-layout-flow\">\n<p class=\"has-text-align-center has-large-font-size\"><\/p>\n<\/div><\/div>\n","protected":false},"excerpt":{"rendered":"<p>I nostri corsi di windsurf a Fuerteventura Qui a Flag Beach abbiamo un corso adatto alle capacit\u00e0 di tutti di fare windsurf. Ci rivolgiamo a tutti i livelli di abilit\u00e0 ed esperienza. Potete scegliere la durata del corso pi\u00f9 adatta alle vostre vacanze. Corsi di windsurf per principianti I nostri corsi per principianti da 1&hellip; <a class=\"more-link\" href=\"https:\/\/www.flagbeach.com\/it\/windsurf\/corsi-di-windsurf\/\">Continua a leggere <span class=\"screen-reader-text\">Corsi di windsurf<\/span><\/a><\/p>\n","protected":false},"author":1,"featured_media":0,"parent":3794,"menu_order":0,"comment_status":"closed","ping_status":"closed","template":"tw-header-transparent.php","meta":{"footnotes":""},"class_list":["post-3800","page","type-page","status-publish","hentry","entry"],"_links":{"self":[{"href":"https:\/\/www.flagbeach.com\/it\/wp-json\/wp\/v2\/pages\/3800","targetHints":{"allow":["GET"]}}],"collection":[{"href":"https:\/\/www.flagbeach.com\/it\/wp-json\/wp\/v2\/pages"}],"about":[{"href":"https:\/\/www.flagbeach.com\/it\/wp-json\/wp\/v2\/types\/page"}],"author":[{"embeddable":true,"href":"https:\/\/www.flagbeach.com\/it\/wp-json\/wp\/v2\/users\/1"}],"replies":[{"embeddable":true,"href":"https:\/\/www.flagbeach.com\/it\/wp-json\/wp\/v2\/comments?post=3800"}],"version-history":[{"count":20,"href":"https:\/\/www.flagbeach.com\/it\/wp-json\/wp\/v2\/pages\/3800\/revisions"}],"predecessor-version":[{"id":14034,"href":"https:\/\/www.flagbeach.com\/it\/wp-json\/wp\/v2\/pages\/3800\/revisions\/14034"}],"up":[{"embeddable":true,"href":"https:\/\/www.flagbeach.com\/it\/wp-json\/wp\/v2\/pages\/3794"}],"wp:attachment":[{"href":"https:\/\/www.flagbeach.com\/it\/wp-json\/wp\/v2\/media?parent=3800"}],"curies":[{"name":"wp","href":"https:\/\/api.w.org\/{rel}","templated":true}]}}