{"id":3767,"date":"2022-06-21T11:00:56","date_gmt":"2022-06-21T11:00:56","guid":{"rendered":"https:\/\/flagbeach.com\/kite-surfing\/"},"modified":"2026-03-29T15:10:22","modified_gmt":"2026-03-29T15:10:22","slug":"kite-surfing","status":"publish","type":"page","link":"https:\/\/www.flagbeach.com\/it\/kite-surfing\/","title":{"rendered":"Kitesurf"},"content":{"rendered":"\n<div class=\"wp-block-cover alignfull is-light has-custom-content-position is-position-top-left\" style=\"min-height:637px;aspect-ratio:unset;\"><img loading=\"lazy\" decoding=\"async\" width=\"2560\" height=\"2048\" sizes=\"auto, (max-width: 799px) 200vw, (max-width: 2560px) 100vw, 2560px\" class=\"wp-block-cover__image-background wp-image-5374\" alt=\"\" src=\"https:\/\/www.flagbeach.com\/wp-content\/uploads\/2023\/03\/DSC01627-1-scaled.jpg\" data-object-fit=\"cover\" srcset=\"https:\/\/www.flagbeach.com\/wp-content\/uploads\/2023\/03\/DSC01627-1-scaled.jpg 2560w, https:\/\/www.flagbeach.com\/wp-content\/uploads\/2023\/03\/DSC01627-1-300x240.jpg 300w, https:\/\/www.flagbeach.com\/wp-content\/uploads\/2023\/03\/DSC01627-1-1024x819.jpg 1024w, https:\/\/www.flagbeach.com\/wp-content\/uploads\/2023\/03\/DSC01627-1-768x614.jpg 768w, https:\/\/www.flagbeach.com\/wp-content\/uploads\/2023\/03\/DSC01627-1-1536x1229.jpg 1536w, https:\/\/www.flagbeach.com\/wp-content\/uploads\/2023\/03\/DSC01627-1-2048x1639.jpg 2048w, https:\/\/www.flagbeach.com\/wp-content\/uploads\/2023\/03\/DSC01627-1-1568x1255.jpg 1568w\" \/><span aria-hidden=\"true\" class=\"wp-block-cover__background has-background-dim wp-block-cover__gradient-background has-background-gradient\" style=\"background:linear-gradient(180deg,rgb(20,62,94) 0%,rgba(255,255,255,0) 48%,rgba(20,61,93,0) 67%,rgb(20,62,94) 100%)\"><\/span><div class=\"wp-block-cover__inner-container is-layout-flow wp-block-cover-is-layout-flow\">\n<h1 class=\"wp-block-heading has-text-align-left has-subtle-color has-text-color\">Vacanze di kitesurf a Fuerteventura, Isole Canarie<\/h1>\n\n\n\n<p><\/p>\n<\/div><\/div>\n\n<div class=\"wp-block-group alignfull\"><div class=\"wp-block-group__inner-container is-layout-flow wp-block-group-is-layout-flow\">\n<div class=\"wp-block-columns alignwide are-vertically-aligned-center is-style-default tw-gutter-large tw-cols-stack-md is-layout-flex wp-container-core-columns-is-layout-d0b3c9c8 wp-block-columns-is-layout-flex\">\n<div class=\"wp-block-column is-vertically-aligned-center is-layout-flow wp-block-column-is-layout-flow\">\n<h3 class=\"wp-block-heading\">Imparare il kitesurf in paradiso<\/h3>\n\n\n\n<p>Benvenuti al Centro Kitesurf Flag Beach. Situato a Corralejo, nella parte nord di Fuerteventura \u2013 il luogo ideale per gli sport acquatici alle Canarie \u2013 insegniamo kitesurf qui dal 1999. Se siete alla ricerca di una vacanza all&#8217;insegna del divertimento e dell&#8217;avventura con il kitesurf, la nostra scuola di kite \u00e8 in grado di offrirvi tutto questo. Sia che non siate mai saliti su una tavola da surf, sia che siate dei maghi del kitesurf, Flag Beach \u00e8 il luogo perfetto per bagnarsi i piedi. I nostri istruttori professionisti hanno aiutato numerosi principianti e appassionati con un po\u2019 pi\u00f9 di esperienza a imparare, migliorare e divertirsi con il kitesurf.<\/p>\n<\/div>\n\n\n\n<div class=\"wp-block-column is-vertically-aligned-center is-layout-flow wp-block-column-is-layout-flow\">\n<figure class=\"wp-block-embed is-type-video is-provider-youtube wp-block-embed-youtube wp-embed-aspect-16-9 wp-has-aspect-ratio\"><div class=\"wp-block-embed__wrapper\">\n<iframe loading=\"lazy\" title=\"Flag Beach Drone 2021\" width=\"750\" height=\"422\" src=\"https:\/\/www.youtube.com\/embed\/u6Z_cSoVCn4?feature=oembed\" frameborder=\"0\" allow=\"accelerometer; autoplay; clipboard-write; encrypted-media; gyroscope; picture-in-picture\" allowfullscreen><\/iframe>\n<\/div><\/figure>\n<\/div>\n<\/div>\n<\/div><\/div>\n\n<div class=\"wp-block-buttons is-horizontal is-content-justification-center is-layout-flex wp-container-core-buttons-is-layout-03627597 wp-block-buttons-is-layout-flex\">\n<div class=\"wp-block-button\"><a class=\"wp-block-button__link wp-element-button\" href=\"https:\/\/www.flagbeach.com\/it\/prenota-adesso\/\">Ulteriori informazioni<\/a><\/div>\n\n\n\n<div class=\"wp-block-button\"><a class=\"wp-block-button__link wp-element-button\" href=\"https:\/\/flagbeach.bloowatch.com\/booking\">Prenota ora il tuo corso di kite surf<\/a><\/div>\n<\/div>\n\n<div class=\"wp-block-columns alignwide is-layout-flex wp-container-core-columns-is-layout-d0b3c9c8 wp-block-columns-is-layout-flex\">\n<div class=\"wp-block-column is-layout-flow wp-block-column-is-layout-flow\" style=\"--col-width:33.33%;flex-basis:33.33%\">\n<figure class=\"wp-block-image size-large is-resized\"><img loading=\"lazy\" decoding=\"async\" width=\"683\" height=\"1024\" src=\"https:\/\/www.flagbeach.com\/wp-content\/uploads\/2023\/03\/DSC01587-2-683x1024.jpg\" alt=\"\" class=\"wp-image-5382\" style=\"width:380px;height:569px\" srcset=\"https:\/\/www.flagbeach.com\/wp-content\/uploads\/2023\/03\/DSC01587-2-683x1024.jpg 683w, https:\/\/www.flagbeach.com\/wp-content\/uploads\/2023\/03\/DSC01587-2-200x300.jpg 200w, https:\/\/www.flagbeach.com\/wp-content\/uploads\/2023\/03\/DSC01587-2-768x1152.jpg 768w, https:\/\/www.flagbeach.com\/wp-content\/uploads\/2023\/03\/DSC01587-2-1024x1536.jpg 1024w, https:\/\/www.flagbeach.com\/wp-content\/uploads\/2023\/03\/DSC01587-2-1365x2048.jpg 1365w, https:\/\/www.flagbeach.com\/wp-content\/uploads\/2023\/03\/DSC01587-2-1568x2352.jpg 1568w, https:\/\/www.flagbeach.com\/wp-content\/uploads\/2023\/03\/DSC01587-2-scaled.jpg 1707w\" sizes=\"auto, (max-width: 683px) 100vw, 683px\" \/><\/figure>\n\n\n\n<figure class=\"wp-block-image size-large is-resized\"><img loading=\"lazy\" decoding=\"async\" width=\"1024\" height=\"768\" src=\"https:\/\/www.flagbeach.com\/wp-content\/uploads\/2023\/03\/DJI_0048-1024x768.jpg\" alt=\"\" class=\"wp-image-5406\" style=\"width:382px;height:286px\" srcset=\"https:\/\/www.flagbeach.com\/wp-content\/uploads\/2023\/03\/DJI_0048-1024x768.jpg 1024w, https:\/\/www.flagbeach.com\/wp-content\/uploads\/2023\/03\/DJI_0048-300x225.jpg 300w, https:\/\/www.flagbeach.com\/wp-content\/uploads\/2023\/03\/DJI_0048-768x576.jpg 768w, https:\/\/www.flagbeach.com\/wp-content\/uploads\/2023\/03\/DJI_0048-1536x1152.jpg 1536w, https:\/\/www.flagbeach.com\/wp-content\/uploads\/2023\/03\/DJI_0048-2048x1536.jpg 2048w, https:\/\/www.flagbeach.com\/wp-content\/uploads\/2023\/03\/DJI_0048-1568x1176.jpg 1568w\" sizes=\"auto, (max-width: 1024px) 100vw, 1024px\" \/><\/figure>\n<\/div>\n\n\n\n<div class=\"wp-block-column is-layout-flow wp-block-column-is-layout-flow\" style=\"--col-width:66.66%;flex-basis:66.66%\">\n<figure class=\"wp-block-image size-large is-resized\"><img loading=\"lazy\" decoding=\"async\" width=\"1024\" height=\"819\" src=\"https:\/\/www.flagbeach.com\/wp-content\/uploads\/2023\/03\/DJI_0167-1-1024x819.jpg\" alt=\"\" class=\"wp-image-5400\" style=\"width:710px;height:568px\" srcset=\"https:\/\/www.flagbeach.com\/wp-content\/uploads\/2023\/03\/DJI_0167-1-1024x819.jpg 1024w, https:\/\/www.flagbeach.com\/wp-content\/uploads\/2023\/03\/DJI_0167-1-300x240.jpg 300w, https:\/\/www.flagbeach.com\/wp-content\/uploads\/2023\/03\/DJI_0167-1-768x614.jpg 768w, https:\/\/www.flagbeach.com\/wp-content\/uploads\/2023\/03\/DJI_0167-1-1536x1229.jpg 1536w, https:\/\/www.flagbeach.com\/wp-content\/uploads\/2023\/03\/DJI_0167-1-2048x1638.jpg 2048w, https:\/\/www.flagbeach.com\/wp-content\/uploads\/2023\/03\/DJI_0167-1-1568x1254.jpg 1568w\" sizes=\"auto, (max-width: 1024px) 100vw, 1024px\" \/><\/figure>\n<\/div>\n<\/div>\n\n<div class=\"wp-block-group alignfull\"><div class=\"wp-block-group__inner-container is-layout-flow wp-block-group-is-layout-flow\">\n<p>Qui a Flag Beach abbiamo corsi, pacchetti e attrezzature adatti a tutti i kitesurfisti. Ci rivolgiamo a tutti i livelli di abilit\u00e0 ed esperienza. Potete scegliere la durata pi\u00f9 adatta alle vostre vacanze.<\/p>\n\n\n\n<div class=\"wp-block-columns alignwide tw-cols-stack-md is-layout-flex wp-container-core-columns-is-layout-d0b3c9c8 wp-block-columns-is-layout-flex\">\n<div class=\"wp-block-column is-layout-flow wp-block-column-is-layout-flow\">\n<div class=\"wp-block-group\"><div class=\"wp-block-group__inner-container is-layout-flow wp-block-group-is-layout-flow\">\n<h3 class=\"wp-block-heading\">Corsi kitesurf a Fuerteventura<\/h3>\n\n\n\n<figure class=\"wp-block-image size-large\"><img loading=\"lazy\" decoding=\"async\" width=\"1024\" height=\"384\" src=\"https:\/\/www.flagbeach.com\/wp-content\/uploads\/2021\/02\/kitesurfing-big-2-1024x384.jpg\" alt=\"\" class=\"wp-image-3414\" srcset=\"https:\/\/www.flagbeach.com\/wp-content\/uploads\/2021\/02\/kitesurfing-big-2-1024x384.jpg 1024w, https:\/\/www.flagbeach.com\/wp-content\/uploads\/2021\/02\/kitesurfing-big-2-300x113.jpg 300w, https:\/\/www.flagbeach.com\/wp-content\/uploads\/2021\/02\/kitesurfing-big-2-768x288.jpg 768w, https:\/\/www.flagbeach.com\/wp-content\/uploads\/2021\/02\/kitesurfing-big-2.jpg 1440w\" sizes=\"auto, (max-width: 1024px) 100vw, 1024px\" \/><\/figure>\n\n\n\n<p>Qui a Flag Beach abbiamo un corso adatto a tutti i tipi di kitesurf. Ci rivolgiamo a tutti i livelli di abilit\u00e0 ed esperienza. Potete scegliere la durata del corso pi\u00f9 adatta alle vostre vacanze.<\/p>\n\n\n\n<p><\/p>\n\n\n\n<div class=\"wp-block-buttons aligncenter is-layout-flex wp-block-buttons-is-layout-flex\">\n<div class=\"wp-block-button is-style-fill\"><a class=\"wp-block-button__link\" href=\"https:\/\/flagbeach.com\/it\/kite-surfing\/corsi-di-kitesurf\/\">Visualizza i corsi di Kitesurf<\/a><\/div>\n<\/div>\n<\/div><\/div>\n<\/div>\n\n\n\n<div class=\"wp-block-column is-layout-flow wp-block-column-is-layout-flow\">\n<div class=\"wp-block-group\"><div class=\"wp-block-group__inner-container is-layout-flow wp-block-group-is-layout-flow\">\n<h3 class=\"wp-block-heading\">Vacanze e Kitesurf&#13;\n<span class=\"has-inline-color\" style=\"color: #fdbe07;\">pacchetti<\/span><\/h3>\n\n\n\n<figure class=\"wp-block-image size-large\"><img loading=\"lazy\" decoding=\"async\" width=\"1024\" height=\"384\" src=\"https:\/\/www.flagbeach.com\/wp-content\/uploads\/2021\/02\/kitesurfing-big-5-1024x384.jpg\" alt=\"Kitesurf a Flag Beach\" class=\"wp-image-3527\" srcset=\"https:\/\/www.flagbeach.com\/wp-content\/uploads\/2021\/02\/kitesurfing-big-5-1024x384.jpg 1024w, https:\/\/www.flagbeach.com\/wp-content\/uploads\/2021\/02\/kitesurfing-big-5-300x113.jpg 300w, https:\/\/www.flagbeach.com\/wp-content\/uploads\/2021\/02\/kitesurfing-big-5-768x288.jpg 768w, https:\/\/www.flagbeach.com\/wp-content\/uploads\/2021\/02\/kitesurfing-big-5.jpg 1440w\" sizes=\"auto, (max-width: 1024px) 100vw, 1024px\" \/><\/figure>\n\n\n\n<p>I nostri pacchetti kite surf offrono i migliori corsi di sport acquatici e alloggi a Fuerteventura. Vi trasferiremo da e per la spiaggia ogni giorno, l&#8217;attrezzatura e l&#8217;assicurazione sono incluse. Prenotate online per risparmiare fino al 33%. Non troverete un prezzo migliore sull&#8217;isola, quindi cosa state aspettando? Scoprite i nostri pacchetti.<\/p>\n\n\n\n<p><\/p>\n\n\n\n<div class=\"wp-block-buttons aligncenter is-layout-flex wp-block-buttons-is-layout-flex\">\n<div class=\"wp-block-button\"><a class=\"wp-block-button__link\" href=\"https:\/\/flagbeach.com\/it\/kite-surfing\/pacchetti-per-il-kitesurf\/\">Visualizza pacchetti kitesurf<\/a><\/div>\n<\/div>\n<\/div><\/div>\n<\/div>\n\n\n\n<div class=\"wp-block-column is-layout-flow wp-block-column-is-layout-flow\">\n<div class=\"wp-block-group\"><div class=\"wp-block-group__inner-container is-layout-flow wp-block-group-is-layout-flow\">\n<div class=\"wp-block-group\"><div class=\"wp-block-group__inner-container is-layout-flow wp-block-group-is-layout-flow\">\n<h3 class=\"wp-block-heading\">Attrezzatura da Kitesurf&#13;\n<span class=\"has-inline-color\" style=\"color: #fdbe07;\">noleggio<\/span><\/h3>\n\n\n\n<figure class=\"wp-block-image size-large\"><img loading=\"lazy\" decoding=\"async\" width=\"1024\" height=\"384\" src=\"https:\/\/flagbeach.com\/wp-content\/uploads\/2021\/02\/kitesurfing-big-4-1024x384.jpg\" alt=\"Kitesurf a Flag Beach\" class=\"wp-image-3528\" srcset=\"https:\/\/www.flagbeach.com\/wp-content\/uploads\/2021\/02\/kitesurfing-big-4-1024x384.jpg 1024w, https:\/\/www.flagbeach.com\/wp-content\/uploads\/2021\/02\/kitesurfing-big-4-300x113.jpg 300w, https:\/\/www.flagbeach.com\/wp-content\/uploads\/2021\/02\/kitesurfing-big-4-768x288.jpg 768w, https:\/\/www.flagbeach.com\/wp-content\/uploads\/2021\/02\/kitesurfing-big-4.jpg 1440w\" sizes=\"auto, (max-width: 1024px) 100vw, 1024px\" \/><\/figure>\n\n\n\n<p>Per i kitesurfer di livello intermedio e avanzato che desiderano andare in solitaria, abbiamo le migliori attrezzature da surf a noleggio e un&#8217;esclusiva location di fronte alla spiaggia. Sfogliate le nostre marche di attrezzature e scegliete la tavola e il kite che preferite. Potete anche depositare il vostro kit presso di noi in spiaggia.<\/p>\n\n\n\n<p><\/p>\n\n\n\n<div class=\"wp-block-buttons aligncenter is-layout-flex wp-block-buttons-is-layout-flex\">\n<div class=\"wp-block-button\"><a class=\"wp-block-button__link\" href=\"https:\/\/flagbeach.com\/it\/kite-surfing\/noleggio-kite-surf\/\">Visualizza noleggio kitesurf<\/a><\/div>\n<\/div>\n<\/div><\/div>\n<\/div><\/div>\n<\/div>\n<\/div>\n<\/div><\/div>\n\n<div class=\"wp-block-cover alignfull is-light\" style=\"min-height:697px;aspect-ratio:unset;\"><img loading=\"lazy\" decoding=\"async\" width=\"2560\" height=\"1920\" sizes=\"auto, (max-width: 799px) 200vw, (max-width: 2560px) 100vw, 2560px\" class=\"wp-block-cover__image-background wp-image-5430\" alt=\"\" src=\"https:\/\/www.flagbeach.com\/wp-content\/uploads\/2023\/03\/DJI_0139-1-scaled.jpg\" data-object-fit=\"cover\" srcset=\"https:\/\/www.flagbeach.com\/wp-content\/uploads\/2023\/03\/DJI_0139-1-scaled.jpg 2560w, https:\/\/www.flagbeach.com\/wp-content\/uploads\/2023\/03\/DJI_0139-1-300x225.jpg 300w, https:\/\/www.flagbeach.com\/wp-content\/uploads\/2023\/03\/DJI_0139-1-1024x768.jpg 1024w, https:\/\/www.flagbeach.com\/wp-content\/uploads\/2023\/03\/DJI_0139-1-768x576.jpg 768w, https:\/\/www.flagbeach.com\/wp-content\/uploads\/2023\/03\/DJI_0139-1-1536x1152.jpg 1536w, https:\/\/www.flagbeach.com\/wp-content\/uploads\/2023\/03\/DJI_0139-1-2048x1536.jpg 2048w, https:\/\/www.flagbeach.com\/wp-content\/uploads\/2023\/03\/DJI_0139-1-1568x1176.jpg 1568w\" \/><span aria-hidden=\"true\" class=\"wp-block-cover__background has-background-dim-0 has-background-dim\"><\/span><div class=\"wp-block-cover__inner-container is-layout-flow wp-block-cover-is-layout-flow\">\n<p class=\"has-text-align-center has-large-font-size\"><\/p>\n<\/div><\/div>\n\n<div class=\"wp-block-columns alignwide is-layout-flex wp-container-core-columns-is-layout-d0b3c9c8 wp-block-columns-is-layout-flex\">\n<div class=\"wp-block-column is-layout-flow wp-block-column-is-layout-flow\" style=\"--col-width:66.66%;flex-basis:66.66%\">\n<div class=\"wp-block-group\"><div class=\"wp-block-group__inner-container is-layout-flow wp-block-group-is-layout-flow\">\n<h3 class=\"wp-block-heading\">Perch\u00e9 Flag Beach?<\/h3>\n\n\n\n<h4 class=\"wp-block-heading\"><strong>Un insegnamento efficace\u00a0<\/strong><\/h4>\n\n\n\n<p>Per i principianti, iniziamo con la teoria e con l&#8217;apprendimento delle basi sulla spiaggia. Inoltre, scegliamo le spiagge e le condizioni migliori per ciascuna delle nostre lezioni di sport acquatici, assicurandoci che possiate trascorrere la maggior parte del tempo in acqua, godendovi le onde.<\/p>\n\n\n\n<h4 class=\"wp-block-heading\"><span class=\"has-inline-color\" style=\"color: #18abdd;\">Gruppi di dimensioni ridotte<\/span><\/h4>\n\n\n\n<p>Insegniamo solo in piccoli gruppi. Per il Kitesurf, ad esempio, 4 per istruttore nelle lezioni in spiaggia e 2 per istruttore nelle lezioni in acqua.<\/p>\n\n\n\n<p>Altre scuole tendono a rimanere in 4 anche in acqua, ma noi crediamo che con noi otterrete di pi\u00f9 dalla vostra lezione!<\/p>\n\n\n\n<h4 class=\"wp-block-heading\"><span class=\"has-inline-color\" style=\"color: #18abdd;\">I migliori istruttori<\/span><\/h4>\n\n\n\n<p>Abbiamo oltre 35 anni di esperienza nell&#8217;insegnamento di kitesurf, surf, windsurf e altri sport acquatici.<\/p>\n\n\n\n<p>Siamo un centro riconosciuto dalla VDWS che offre la qualifica di kite. I nostri istruttori sono anche certificati IKO.<\/p>\n\n\n\n<h4 class=\"wp-block-heading\"><span class=\"has-inline-color\" style=\"color: #18abdd;\">Attrezzatura eccellente<\/span><\/h4>\n\n\n\n<p>Siamo amichevoli e pazienti. In fondo, l&#8217;importante \u00e8 che vi divertiate.<\/p>\n\n\n\n<p>Insegniamo in 6 lingue: inglese, tedesco, spagnolo, francese, italiano, polacco.<\/p>\n\n\n\n<p>Abbiamo anche un&#8217;ampia offerta di altri sport acquatici, quindi con noi non vi annoierete di certo.<\/p>\n<\/div><\/div>\n<\/div>\n\n\n\n<div class=\"wp-block-column is-layout-flow wp-block-column-is-layout-flow\" style=\"--col-width:33.33%;flex-basis:33.33%\">\n<div class=\"wp-block-group\"><div class=\"wp-block-group__inner-container is-layout-flow wp-block-group-is-layout-flow\">\n<h3 class=\"wp-block-heading\" id=\"block-1c1c30df-a213-4ca9-8d08-266a082204ab\">Focus<span class=\"has-inline-color\" style=\"color: #fcbe06;\">\u00a0sull&#8217;istruttore<\/span><\/h3>\n\n\n\n<figure class=\"wp-block-image size-large\" id=\"block-922f11a3-99dd-47d6-a7ae-1c877e46ae3d\"><img loading=\"lazy\" decoding=\"async\" width=\"540\" height=\"285\" src=\"https:\/\/flagbeach.com\/wp-content\/uploads\/2021\/02\/IMG_8023_540x285_acf_cropped.jpg\" alt=\"Maxim istruttore Kitesurf\" class=\"wp-image-3446\" srcset=\"https:\/\/www.flagbeach.com\/wp-content\/uploads\/2021\/02\/IMG_8023_540x285_acf_cropped.jpg 540w, https:\/\/www.flagbeach.com\/wp-content\/uploads\/2021\/02\/IMG_8023_540x285_acf_cropped-300x158.jpg 300w\" sizes=\"auto, (max-width: 540px) 100vw, 540px\" \/><\/figure>\n\n\n\n<h3 class=\"wp-block-heading\">Maxim <\/h3>\n\n\n\n<p><strong>Istruttore di Kitesurf, surf &amp; windsurf\u00a0<\/strong><\/p>\n\n\n\n<p>Maxim \u00e8 olandese e sta facendo la sua seconda stagione a Flag Beach&#8230; la sua vita \u00e8 sport acquatici e il suo obiettivo di viaggiare in tutti i migliori posti del mondo navigando e cavalcando le onde. \u00c8 anche maestro di sci e snowboard.<\/p>\n\n\n\n<p><strong>Qualifications<\/strong><br\/>ISA, Boat licence<\/p>\n\n\n\n<p><strong>Lingue parlate<\/strong>&#13;\nOlandese, Inglese, Tedesco<\/p>\n\n\n\n<p><strong>Sport<\/strong>&#13;\nKitesurf, surf, windsurf<\/p>\n\n\n\n<div class=\"wp-block-buttons is-layout-flex wp-block-buttons-is-layout-flex\">\n<div class=\"wp-block-button\"><a class=\"wp-block-button__link\" href=\"https:\/\/flagbeach.com\/it\/a-proposito-di-noi\/il-nostro-team\/\">Incontra i nostri istruttori di kitesurf <\/a><\/div>\n<\/div>\n<\/div><\/div>\n<\/div>\n<\/div>\n\n<div class=\"wp-block-cover alignfull\" style=\"min-height:30vw;aspect-ratio:unset;\"><img loading=\"lazy\" decoding=\"async\" width=\"1440\" height=\"540\" sizes=\"auto, (max-width: 799px) 200vw, (max-width: 1440px) 100vw, 1440px\" class=\"wp-block-cover__image-background wp-image-1104\" alt=\"\" src=\"https:\/\/www.flagbeach.com\/wp-content\/uploads\/2021\/02\/kitesurfing-big-5.jpg\" data-object-fit=\"cover\" srcset=\"https:\/\/www.flagbeach.com\/wp-content\/uploads\/2021\/02\/kitesurfing-big-5.jpg 1440w, https:\/\/www.flagbeach.com\/wp-content\/uploads\/2021\/02\/kitesurfing-big-5-300x113.jpg 300w, https:\/\/www.flagbeach.com\/wp-content\/uploads\/2021\/02\/kitesurfing-big-5-1024x384.jpg 1024w, https:\/\/www.flagbeach.com\/wp-content\/uploads\/2021\/02\/kitesurfing-big-5-768x288.jpg 768w\" \/><span aria-hidden=\"true\" class=\"wp-block-cover__background has-background-dim-0 has-background-dim\"><\/span><div class=\"wp-block-cover__inner-container is-layout-flow wp-block-cover-is-layout-flow\">\n<p class=\"has-text-align-center has-large-font-size\"><\/p>\n<\/div><\/div>\n","protected":false},"excerpt":{"rendered":"<p>Imparare il kitesurf in paradiso Benvenuti al Centro Kitesurf Flag Beach. Situato a Corralejo, nella parte nord di Fuerteventura \u2013 il luogo ideale per gli sport acquatici alle Canarie \u2013 insegniamo kitesurf qui dal 1999. Se siete alla ricerca di una vacanza all&#8217;insegna del divertimento e dell&#8217;avventura con il kitesurf, la nostra scuola di kite&hellip; <a class=\"more-link\" href=\"https:\/\/www.flagbeach.com\/it\/kite-surfing\/\">Continua a leggere <span class=\"screen-reader-text\">Kitesurf<\/span><\/a><\/p>\n","protected":false},"author":1,"featured_media":0,"parent":0,"menu_order":0,"comment_status":"closed","ping_status":"closed","template":"tw-header-transparent.php","meta":{"footnotes":""},"class_list":["post-3767","page","type-page","status-publish","hentry","entry"],"_links":{"self":[{"href":"https:\/\/www.flagbeach.com\/it\/wp-json\/wp\/v2\/pages\/3767","targetHints":{"allow":["GET"]}}],"collection":[{"href":"https:\/\/www.flagbeach.com\/it\/wp-json\/wp\/v2\/pages"}],"about":[{"href":"https:\/\/www.flagbeach.com\/it\/wp-json\/wp\/v2\/types\/page"}],"author":[{"embeddable":true,"href":"https:\/\/www.flagbeach.com\/it\/wp-json\/wp\/v2\/users\/1"}],"replies":[{"embeddable":true,"href":"https:\/\/www.flagbeach.com\/it\/wp-json\/wp\/v2\/comments?post=3767"}],"version-history":[{"count":25,"href":"https:\/\/www.flagbeach.com\/it\/wp-json\/wp\/v2\/pages\/3767\/revisions"}],"predecessor-version":[{"id":13994,"href":"https:\/\/www.flagbeach.com\/it\/wp-json\/wp\/v2\/pages\/3767\/revisions\/13994"}],"wp:attachment":[{"href":"https:\/\/www.flagbeach.com\/it\/wp-json\/wp\/v2\/media?parent=3767"}],"curies":[{"name":"wp","href":"https:\/\/api.w.org\/{rel}","templated":true}]}}