{"id":3751,"date":"2022-06-21T09:44:44","date_gmt":"2022-06-21T09:44:44","guid":{"rendered":"https:\/\/flagbeach.com\/alloggi\/sol-y-mar-surf-camp\/"},"modified":"2025-10-21T13:03:12","modified_gmt":"2025-10-21T13:03:12","slug":"sol-y-mar-surf-camp","status":"publish","type":"page","link":"https:\/\/www.flagbeach.com\/it\/alloggi\/sol-y-mar-surf-camp\/","title":{"rendered":"Sol y Mar surf camp"},"content":{"rendered":"\n<div class=\"wp-block-cover alignfull has-background-dim-100 has-background-dim has-background-gradient has-custom-content-position is-position-top-left\" style=\"min-height:30vw;aspect-ratio:unset;\"><span aria-hidden=\"true\" class=\"wp-block-cover__gradient-background\" style=\"background:linear-gradient(180deg,rgb(20,62,94) 0%,rgba(255,255,255,0) 48%,rgba(20,61,93,0) 67%,rgb(20,62,94) 100%)\"><\/span><img loading=\"lazy\" decoding=\"async\" width=\"1600\" height=\"600\" sizes=\"auto, (max-width: 799px) 200vw, (max-width: 1600px) 100vw, 1600px\" class=\"wp-block-cover__image-background wp-image-779\" alt=\"\" src=\"https:\/\/www.flagbeach.com\/wp-content\/uploads\/2021\/02\/accomodation-detail.jpg\" style=\"object-position:50% 0%\" data-object-fit=\"cover\" data-object-position=\"50% 0%\" srcset=\"https:\/\/www.flagbeach.com\/wp-content\/uploads\/2021\/02\/accomodation-detail.jpg 1600w, https:\/\/www.flagbeach.com\/wp-content\/uploads\/2021\/02\/accomodation-detail-300x113.jpg 300w, https:\/\/www.flagbeach.com\/wp-content\/uploads\/2021\/02\/accomodation-detail-1024x384.jpg 1024w, https:\/\/www.flagbeach.com\/wp-content\/uploads\/2021\/02\/accomodation-detail-768x288.jpg 768w, https:\/\/www.flagbeach.com\/wp-content\/uploads\/2021\/02\/accomodation-detail-1536x576.jpg 1536w, https:\/\/www.flagbeach.com\/wp-content\/uploads\/2021\/02\/accomodation-detail-1568x588.jpg 1568w\" \/><div class=\"wp-block-cover__inner-container is-layout-flow wp-block-cover-is-layout-flow\">\n<h1 class=\"has-text-align-left has-subtle-color has-text-color wp-block-heading\">Sol y Mar surf camp<\/h1>\n\n\n\n<p><\/p>\n<\/div><\/div>\n\n<div class=\"wp-block-buttons is-content-justification-center is-layout-flex wp-block-buttons-is-layout-flex\">\n<div class=\"wp-block-button\"><a class=\"wp-block-button__link\" href=\"https:\/\/hotels.cloudbeds.com\/reservation\/RGVfxl\" target=\"_blank\" rel=\"noreferrer noopener\">Prenota il tuo soggiorno al Sol y Mar adesso<\/a><\/div>\n<\/div>\n\n<div class=\"wp-block-group alignfull\"><div class=\"wp-block-group__inner-container is-layout-flow wp-block-group-is-layout-flow\">\n<div class=\"wp-block-columns alignwide are-vertically-aligned-center is-style-default tw-gutter-large tw-cols-stack-md is-layout-flex wp-container-core-columns-is-layout-d0b3c9c8 wp-block-columns-is-layout-flex\">\n<div class=\"wp-block-column is-vertically-aligned-center is-layout-flow wp-block-column-is-layout-flow\">\n<h3 class=\"wp-block-heading\">L&#8217;ostello surfista Sol y Mar di Flag Beach \u00e8 l&#8217;ostello storico, considerato il pi\u00f9 conveniente di Fuerteventura, un luogo ideale per viaggiatori singoli o gruppi di surfisti.<\/h3>\n\n\n\n<h4 class=\"wp-block-heading\"><span style=\"color:#fdbe07\" class=\"has-inline-color\"><strong>Prenota il tuo soggiorno adesso (minimo 3 notti)<\/strong><\/span><\/h4>\n\n\n\n<script src=\"https:\/\/hotels.cloudbeds.com\/widget\/load\/RGVfxl\/horiz?newWindow=1\"><\/script>\n<\/div>\n\n\n\n<div class=\"wp-block-column is-vertically-aligned-center is-layout-flow wp-block-column-is-layout-flow\">\n<div class=\"wp-block-getwid-images-slider has-arrows-inside has-dots-inside has-images-center has-cropped-images\"><div class=\"wp-block-getwid-images-slider__wrapper\" data-effect=\"slide\" data-slides-show=\"1\" data-slides-show-laptop=\"1\" data-slides-show-tablet=\"1\" data-slides-show-mobile=\"1\" data-slides-scroll=\"1\" data-autoplay=\"false\" data-autoplay-speed=\"6000\" data-infinite=\"true\" data-animation-speed=\"800\" data-center-mode=\"false\" data-variable-width=\"false\" data-arrows=\"inside\" data-dots=\"inside\" data-spacing=\"none\"><div class=\"wp-block-getwid-images-slider__item\"><figure><img loading=\"lazy\" decoding=\"async\" width=\"640\" height=\"440\" src=\"https:\/\/www.flagbeach.com\/wp-content\/uploads\/2021\/02\/2018-0109_035617.jpeg\" alt=\"Sol y Mar surf camp - alloggio a Fuerteventura\" data-id=\"628\" data-link=\"https:\/\/flagbeach.com\/accommodation\/sol-y-mar\/2018-0109_035617\/\" data-original-link=\"https:\/\/www.flagbeach.com\/wp-content\/uploads\/2021\/02\/2018-0109_035617.jpeg\" class=\"wp-block-getwid-images-slider__image wp-image-628\" srcset=\"https:\/\/www.flagbeach.com\/wp-content\/uploads\/2021\/02\/2018-0109_035617.jpeg 640w, https:\/\/www.flagbeach.com\/wp-content\/uploads\/2021\/02\/2018-0109_035617-300x206.jpeg 300w\" sizes=\"auto, (max-width: 640px) 100vw, 640px\" \/><\/figure><\/div><div class=\"wp-block-getwid-images-slider__item\"><figure><img loading=\"lazy\" decoding=\"async\" width=\"640\" height=\"440\" src=\"https:\/\/www.flagbeach.com\/wp-content\/uploads\/2021\/02\/2018-0109_035621.jpeg\" alt=\"Sol y Mar surf camp - alloggio a Fuerteventura\" data-id=\"631\" data-link=\"https:\/\/flagbeach.com\/accommodation\/sol-y-mar\/2018-0109_035621\/\" data-original-link=\"https:\/\/www.flagbeach.com\/wp-content\/uploads\/2021\/02\/2018-0109_035621.jpeg\" class=\"wp-block-getwid-images-slider__image wp-image-631\" srcset=\"https:\/\/www.flagbeach.com\/wp-content\/uploads\/2021\/02\/2018-0109_035621.jpeg 640w, https:\/\/www.flagbeach.com\/wp-content\/uploads\/2021\/02\/2018-0109_035621-300x206.jpeg 300w\" sizes=\"auto, (max-width: 640px) 100vw, 640px\" \/><\/figure><\/div><div class=\"wp-block-getwid-images-slider__item\"><figure><img loading=\"lazy\" decoding=\"async\" width=\"640\" height=\"440\" src=\"https:\/\/www.flagbeach.com\/wp-content\/uploads\/2021\/02\/2018-0109_035625.jpeg\" alt=\"Sol y Mar surf camp - alloggio a Fuerteventura\" data-id=\"634\" data-link=\"https:\/\/flagbeach.com\/accommodation\/sol-y-mar\/2018-0109_035625\/\" data-original-link=\"https:\/\/www.flagbeach.com\/wp-content\/uploads\/2021\/02\/2018-0109_035625.jpeg\" class=\"wp-block-getwid-images-slider__image wp-image-634\" srcset=\"https:\/\/www.flagbeach.com\/wp-content\/uploads\/2021\/02\/2018-0109_035625.jpeg 640w, https:\/\/www.flagbeach.com\/wp-content\/uploads\/2021\/02\/2018-0109_035625-300x206.jpeg 300w\" sizes=\"auto, (max-width: 640px) 100vw, 640px\" \/><\/figure><\/div><div class=\"wp-block-getwid-images-slider__item\"><figure><img loading=\"lazy\" decoding=\"async\" width=\"640\" height=\"440\" src=\"https:\/\/www.flagbeach.com\/wp-content\/uploads\/2021\/02\/2018-0109_035630.jpeg\" alt=\"Sol y Mar surf camp - alloggio a Fuerteventura\" data-id=\"637\" data-link=\"https:\/\/flagbeach.com\/accommodation\/sol-y-mar\/2018-0109_035630\/\" data-original-link=\"https:\/\/www.flagbeach.com\/wp-content\/uploads\/2021\/02\/2018-0109_035630.jpeg\" class=\"wp-block-getwid-images-slider__image wp-image-637\" srcset=\"https:\/\/www.flagbeach.com\/wp-content\/uploads\/2021\/02\/2018-0109_035630.jpeg 640w, https:\/\/www.flagbeach.com\/wp-content\/uploads\/2021\/02\/2018-0109_035630-300x206.jpeg 300w\" sizes=\"auto, (max-width: 640px) 100vw, 640px\" \/><\/figure><\/div><div class=\"wp-block-getwid-images-slider__item\"><figure><img loading=\"lazy\" decoding=\"async\" width=\"640\" height=\"440\" src=\"https:\/\/www.flagbeach.com\/wp-content\/uploads\/2021\/02\/2018-0109_035636.jpeg\" alt=\"Sol y Mar surf camp - alloggio a Fuerteventura\" data-id=\"640\" data-link=\"https:\/\/flagbeach.com\/accommodation\/sol-y-mar\/2018-0109_035636\/\" data-original-link=\"https:\/\/www.flagbeach.com\/wp-content\/uploads\/2021\/02\/2018-0109_035636.jpeg\" class=\"wp-block-getwid-images-slider__image wp-image-640\" srcset=\"https:\/\/www.flagbeach.com\/wp-content\/uploads\/2021\/02\/2018-0109_035636.jpeg 640w, https:\/\/www.flagbeach.com\/wp-content\/uploads\/2021\/02\/2018-0109_035636-300x206.jpeg 300w\" sizes=\"auto, (max-width: 640px) 100vw, 640px\" \/><\/figure><\/div><div class=\"wp-block-getwid-images-slider__item\"><figure><img loading=\"lazy\" decoding=\"async\" width=\"640\" height=\"440\" src=\"https:\/\/www.flagbeach.com\/wp-content\/uploads\/2021\/02\/2018-0109_035643.jpeg\" alt=\"Sol y Mar surf camp - alloggio a Fuerteventura\" data-id=\"643\" data-link=\"https:\/\/flagbeach.com\/accommodation\/sol-y-mar\/2018-0109_035643\/\" data-original-link=\"https:\/\/www.flagbeach.com\/wp-content\/uploads\/2021\/02\/2018-0109_035643.jpeg\" class=\"wp-block-getwid-images-slider__image wp-image-643\" srcset=\"https:\/\/www.flagbeach.com\/wp-content\/uploads\/2021\/02\/2018-0109_035643.jpeg 640w, https:\/\/www.flagbeach.com\/wp-content\/uploads\/2021\/02\/2018-0109_035643-300x206.jpeg 300w\" sizes=\"auto, (max-width: 640px) 100vw, 640px\" \/><\/figure><\/div><div class=\"wp-block-getwid-images-slider__item\"><figure><img loading=\"lazy\" decoding=\"async\" width=\"640\" height=\"440\" src=\"https:\/\/www.flagbeach.com\/wp-content\/uploads\/2021\/02\/2018-0109_035647.jpeg\" alt=\"Sol y Mar surf camp - alloggio a Fuerteventura\" data-id=\"646\" data-link=\"https:\/\/flagbeach.com\/accommodation\/sol-y-mar\/2018-0109_035647\/\" data-original-link=\"https:\/\/www.flagbeach.com\/wp-content\/uploads\/2021\/02\/2018-0109_035647.jpeg\" class=\"wp-block-getwid-images-slider__image wp-image-646\" srcset=\"https:\/\/www.flagbeach.com\/wp-content\/uploads\/2021\/02\/2018-0109_035647.jpeg 640w, https:\/\/www.flagbeach.com\/wp-content\/uploads\/2021\/02\/2018-0109_035647-300x206.jpeg 300w\" sizes=\"auto, (max-width: 640px) 100vw, 640px\" \/><\/figure><\/div><div class=\"wp-block-getwid-images-slider__item\"><figure><img loading=\"lazy\" decoding=\"async\" width=\"640\" height=\"440\" src=\"https:\/\/www.flagbeach.com\/wp-content\/uploads\/2021\/02\/2018-0109_035651.jpeg\" alt=\"Sol y Mar surf camp - alloggio a Fuerteventura\" data-id=\"649\" data-link=\"https:\/\/flagbeach.com\/accommodation\/sol-y-mar\/2018-0109_035651\/\" data-original-link=\"https:\/\/www.flagbeach.com\/wp-content\/uploads\/2021\/02\/2018-0109_035651.jpeg\" class=\"wp-block-getwid-images-slider__image wp-image-649\" srcset=\"https:\/\/www.flagbeach.com\/wp-content\/uploads\/2021\/02\/2018-0109_035651.jpeg 640w, https:\/\/www.flagbeach.com\/wp-content\/uploads\/2021\/02\/2018-0109_035651-300x206.jpeg 300w\" sizes=\"auto, (max-width: 640px) 100vw, 640px\" \/><\/figure><\/div><div class=\"wp-block-getwid-images-slider__item\"><figure><img loading=\"lazy\" decoding=\"async\" width=\"640\" height=\"440\" src=\"https:\/\/www.flagbeach.com\/wp-content\/uploads\/2021\/02\/2018-0109_035656.jpeg\" alt=\"Sol y Mar surf camp - alloggio a Fuerteventura\" data-id=\"652\" data-link=\"https:\/\/flagbeach.com\/accommodation\/sol-y-mar\/2018-0109_035656\/\" data-original-link=\"https:\/\/www.flagbeach.com\/wp-content\/uploads\/2021\/02\/2018-0109_035656.jpeg\" class=\"wp-block-getwid-images-slider__image wp-image-652\" srcset=\"https:\/\/www.flagbeach.com\/wp-content\/uploads\/2021\/02\/2018-0109_035656.jpeg 640w, https:\/\/www.flagbeach.com\/wp-content\/uploads\/2021\/02\/2018-0109_035656-300x206.jpeg 300w\" sizes=\"auto, (max-width: 640px) 100vw, 640px\" \/><\/figure><\/div><div class=\"wp-block-getwid-images-slider__item\"><figure><img loading=\"lazy\" decoding=\"async\" width=\"640\" height=\"440\" src=\"https:\/\/www.flagbeach.com\/wp-content\/uploads\/2021\/02\/2018-0109_035701.jpeg\" alt=\"Sol y Mar surf camp - alloggio a Fuerteventura\" data-id=\"655\" data-link=\"https:\/\/flagbeach.com\/accommodation\/sol-y-mar\/2018-0109_035701\/\" data-original-link=\"https:\/\/www.flagbeach.com\/wp-content\/uploads\/2021\/02\/2018-0109_035701.jpeg\" class=\"wp-block-getwid-images-slider__image wp-image-655\" srcset=\"https:\/\/www.flagbeach.com\/wp-content\/uploads\/2021\/02\/2018-0109_035701.jpeg 640w, https:\/\/www.flagbeach.com\/wp-content\/uploads\/2021\/02\/2018-0109_035701-300x206.jpeg 300w\" sizes=\"auto, (max-width: 640px) 100vw, 640px\" \/><\/figure><\/div><div class=\"wp-block-getwid-images-slider__item\"><figure><img loading=\"lazy\" decoding=\"async\" width=\"640\" height=\"440\" src=\"https:\/\/www.flagbeach.com\/wp-content\/uploads\/2021\/02\/2018-0109_035705.jpeg\" alt=\"Sol y Mar surf camp - alloggio a Fuerteventura\" data-id=\"658\" data-link=\"https:\/\/flagbeach.com\/accommodation\/sol-y-mar\/2018-0109_035705\/\" data-original-link=\"https:\/\/www.flagbeach.com\/wp-content\/uploads\/2021\/02\/2018-0109_035705.jpeg\" class=\"wp-block-getwid-images-slider__image wp-image-658\" srcset=\"https:\/\/www.flagbeach.com\/wp-content\/uploads\/2021\/02\/2018-0109_035705.jpeg 640w, https:\/\/www.flagbeach.com\/wp-content\/uploads\/2021\/02\/2018-0109_035705-300x206.jpeg 300w\" sizes=\"auto, (max-width: 640px) 100vw, 640px\" \/><\/figure><\/div><div class=\"wp-block-getwid-images-slider__item\"><figure><img loading=\"lazy\" decoding=\"async\" width=\"640\" height=\"440\" src=\"https:\/\/www.flagbeach.com\/wp-content\/uploads\/2021\/02\/2018-0109_035713.jpeg\" alt=\"Sol y Mar surf camp - alloggio a Fuerteventura\" data-id=\"661\" data-link=\"https:\/\/flagbeach.com\/accommodation\/sol-y-mar\/2018-0109_035713\/\" data-original-link=\"https:\/\/www.flagbeach.com\/wp-content\/uploads\/2021\/02\/2018-0109_035713.jpeg\" class=\"wp-block-getwid-images-slider__image wp-image-661\" srcset=\"https:\/\/www.flagbeach.com\/wp-content\/uploads\/2021\/02\/2018-0109_035713.jpeg 640w, https:\/\/www.flagbeach.com\/wp-content\/uploads\/2021\/02\/2018-0109_035713-300x206.jpeg 300w\" sizes=\"auto, (max-width: 640px) 100vw, 640px\" \/><\/figure><\/div><div class=\"wp-block-getwid-images-slider__item\"><figure><img loading=\"lazy\" decoding=\"async\" width=\"640\" height=\"440\" src=\"https:\/\/www.flagbeach.com\/wp-content\/uploads\/2021\/02\/2018-0109_035720.jpeg\" alt=\"Sol y Mar surf camp - alloggio a Fuerteventura\" data-id=\"664\" data-link=\"https:\/\/flagbeach.com\/accommodation\/sol-y-mar\/2018-0109_035720\/\" data-original-link=\"https:\/\/www.flagbeach.com\/wp-content\/uploads\/2021\/02\/2018-0109_035720.jpeg\" class=\"wp-block-getwid-images-slider__image wp-image-664\" srcset=\"https:\/\/www.flagbeach.com\/wp-content\/uploads\/2021\/02\/2018-0109_035720.jpeg 640w, https:\/\/www.flagbeach.com\/wp-content\/uploads\/2021\/02\/2018-0109_035720-300x206.jpeg 300w\" sizes=\"auto, (max-width: 640px) 100vw, 640px\" \/><\/figure><\/div><\/div><\/div>\n<\/div>\n<\/div>\n<\/div><\/div>\n\n<p>Il nostro ostello per surfisti Sol y Mar \u00e8 considerato l&#8217;ostello per surfisti pi\u00f9 conveniente di Fuerteventura. \u00c8 un luogo ideale per chi viaggia da solo, poich\u00e9 ha un&#8217;atmosfera socievole e rilassata, un&#8217;area comune, 2 cucine e un tetto per fare barbecue e prendere il sole. Si trova nel centro storico di Corralejo, a soli 3 minuti a piedi dai migliori bar della citt\u00e0! Sol Y Mar dispone di 10 camere da letto, 2 cucine, 4 bagni e un soggiorno.<\/p>\n\n<p>Forniamo una colazione continentale, ma ci sono anche attrezzature per il self catering e una terrazza per il barbecue sul tetto. Sono disponibili camere singole, doppie, matrimoniali, triple o quadruple, a seconda delle dimensioni del vostro gruppo. Ma non preoccupatevi, niente letti a castello!<\/p>\n\n<p>Siamo flessibili sui giorni di arrivo, ma richiediamo un soggiorno minimo di 3 notti. Se arrivate in citt\u00e0 e non ci trovate, chiamateci e verremo a prendervi. Se volete muovervi in citt\u00e0, potete anche organizzare il noleggio di biciclette presso un negozio locale.<\/p>\n\n<div class=\"wp-block-group alignfull\"><div class=\"wp-block-group__inner-container is-layout-flow wp-block-group-is-layout-flow\">\n<h2 class=\"has-text-align-left wp-block-heading\">Strutture<\/h2>\n\n\n\n<ul class=\"is-style-tw-inline wp-block-list\"><li>Colazione<\/li><li>Cucina<\/li><li>Wi-Fi<\/li><li>Asciugamani<\/li><li>Pulizie<\/li><li>Terrazza<\/li><li>Microonde Bollitore Tostapane Asciugacapelli<\/li><li>Piano cottura<\/li><li>Frigo congelatore<\/li><li>Parcheggio su strada<\/li><li>Cucina attrezzata<\/li><li>Lenzuola<\/li><li>Asciugamani<\/li><\/ul>\n<\/div><\/div>\n","protected":false},"excerpt":{"rendered":"<p>L&#8217;ostello surfista Sol y Mar di Flag Beach \u00e8 l&#8217;ostello storico, considerato il pi\u00f9 conveniente di Fuerteventura, un luogo ideale per viaggiatori singoli o gruppi di surfisti. Prenota il tuo soggiorno adesso (minimo 3 notti) Il nostro ostello per surfisti Sol y Mar \u00e8 considerato l&#8217;ostello per surfisti pi\u00f9 conveniente di Fuerteventura. \u00c8 un luogo&hellip; <a class=\"more-link\" href=\"https:\/\/www.flagbeach.com\/it\/alloggi\/sol-y-mar-surf-camp\/\">Continua a leggere <span class=\"screen-reader-text\">Sol y Mar surf camp<\/span><\/a><\/p>\n","protected":false},"author":1,"featured_media":0,"parent":3741,"menu_order":0,"comment_status":"closed","ping_status":"closed","template":"tw-header-transparent.php","meta":{"footnotes":""},"class_list":["post-3751","page","type-page","status-publish","hentry","entry"],"_links":{"self":[{"href":"https:\/\/www.flagbeach.com\/it\/wp-json\/wp\/v2\/pages\/3751","targetHints":{"allow":["GET"]}}],"collection":[{"href":"https:\/\/www.flagbeach.com\/it\/wp-json\/wp\/v2\/pages"}],"about":[{"href":"https:\/\/www.flagbeach.com\/it\/wp-json\/wp\/v2\/types\/page"}],"author":[{"embeddable":true,"href":"https:\/\/www.flagbeach.com\/it\/wp-json\/wp\/v2\/users\/1"}],"replies":[{"embeddable":true,"href":"https:\/\/www.flagbeach.com\/it\/wp-json\/wp\/v2\/comments?post=3751"}],"version-history":[{"count":3,"href":"https:\/\/www.flagbeach.com\/it\/wp-json\/wp\/v2\/pages\/3751\/revisions"}],"predecessor-version":[{"id":13102,"href":"https:\/\/www.flagbeach.com\/it\/wp-json\/wp\/v2\/pages\/3751\/revisions\/13102"}],"up":[{"embeddable":true,"href":"https:\/\/www.flagbeach.com\/it\/wp-json\/wp\/v2\/pages\/3741"}],"wp:attachment":[{"href":"https:\/\/www.flagbeach.com\/it\/wp-json\/wp\/v2\/media?parent=3751"}],"curies":[{"name":"wp","href":"https:\/\/api.w.org\/{rel}","templated":true}]}}