{"id":3745,"date":"2022-06-20T13:16:14","date_gmt":"2022-06-20T13:16:14","guid":{"rendered":"https:\/\/flagbeach.com\/alloggi\/el-caleton\/"},"modified":"2026-01-20T13:45:50","modified_gmt":"2026-01-20T13:45:50","slug":"el-caleton","status":"publish","type":"page","link":"https:\/\/www.flagbeach.com\/it\/alloggi\/el-caleton\/","title":{"rendered":"El Caleton"},"content":{"rendered":"\n<div class=\"wp-block-cover alignfull has-custom-content-position is-position-top-left\" style=\"min-height:30vw;aspect-ratio:unset;\"><span aria-hidden=\"true\" class=\"wp-block-cover__background has-background-dim-100 has-background-dim wp-block-cover__gradient-background has-background-gradient\" style=\"background:linear-gradient(180deg,rgb(20,62,94) 0%,rgba(255,255,255,0) 48%,rgba(20,61,93,0) 67%,rgb(20,62,94) 100%)\"><\/span><img loading=\"lazy\" decoding=\"async\" width=\"2560\" height=\"1722\" sizes=\"auto, (max-width: 799px) 200vw, (max-width: 2560px) 100vw, 2560px\" class=\"wp-block-cover__image-background wp-image-3109\" alt=\"\" src=\"https:\/\/www.flagbeach.com\/wp-content\/uploads\/2022\/05\/DSC01659-scaled.jpg\" style=\"object-position:56% 50%\" data-object-fit=\"cover\" data-object-position=\"56% 50%\" srcset=\"https:\/\/www.flagbeach.com\/wp-content\/uploads\/2022\/05\/DSC01659-scaled.jpg 2560w, https:\/\/www.flagbeach.com\/wp-content\/uploads\/2022\/05\/DSC01659-300x202.jpg 300w, https:\/\/www.flagbeach.com\/wp-content\/uploads\/2022\/05\/DSC01659-1024x689.jpg 1024w, https:\/\/www.flagbeach.com\/wp-content\/uploads\/2022\/05\/DSC01659-768x517.jpg 768w, https:\/\/www.flagbeach.com\/wp-content\/uploads\/2022\/05\/DSC01659-1536x1033.jpg 1536w, https:\/\/www.flagbeach.com\/wp-content\/uploads\/2022\/05\/DSC01659-2048x1378.jpg 2048w, https:\/\/www.flagbeach.com\/wp-content\/uploads\/2022\/05\/DSC01659-1568x1055.jpg 1568w\" \/><div class=\"wp-block-cover__inner-container is-layout-flow wp-block-cover-is-layout-flow\">\n<h1 class=\"wp-block-heading has-text-align-left has-subtle-color has-text-color\">El Caleton<\/h1>\n\n\n\n<p><\/p>\n<\/div><\/div>\n\n<div class=\"wp-block-buttons is-horizontal is-content-justification-center is-layout-flex wp-container-core-buttons-is-layout-03627597 wp-block-buttons-is-layout-flex\">\n<div class=\"wp-block-button\"><a class=\"wp-block-button__link wp-element-button\" href=\"https:\/\/flagbeach.com\/book-now\/\" target=\"_blank\" rel=\"noreferrer noopener\">Prenota il tuo soggiorno a El Caleton adesso<\/a><\/div>\n<\/div>\n\n<div class=\"wp-block-group alignfull\"><div class=\"wp-block-group__inner-container is-layout-flow wp-block-group-is-layout-flow\">\n<div class=\"wp-block-columns alignwide are-vertically-aligned-center is-style-default tw-gutter-large tw-cols-stack-md is-layout-flex wp-container-core-columns-is-layout-d0b3c9c8 wp-block-columns-is-layout-flex\">\n<div class=\"wp-block-column is-vertically-aligned-center is-layout-flow wp-block-column-is-layout-flow\">\n<h3 class=\"wp-block-heading has-white-color has-text-color\">Cercate un appartamento sulla spiaggia a Fuerteventura? El Caleton \u00e8 un appartamento con 2 camere da letto situato proprio sulla spiaggia di El Cotillo. \u00c8 un luogo perfetto per soggiornare se volete essere vicini alla costa nord.<\/h3>\n<\/div>\n\n\n\n<div class=\"wp-block-column is-vertically-aligned-center is-layout-flow wp-block-column-is-layout-flow\">\n<div class=\"wp-block-getwid-images-slider has-arrows-inside has-dots-inside has-images-center has-cropped-images alignwide\"><div class=\"wp-block-getwid-images-slider__wrapper\" data-effect=\"slide\" data-slides-show=\"1\" data-slides-show-laptop=\"1\" data-slides-show-tablet=\"1\" data-slides-show-mobile=\"1\" data-slides-scroll=\"1\" data-autoplay=\"false\" data-autoplay-speed=\"6000\" data-infinite=\"true\" data-animation-speed=\"800\" data-center-mode=\"false\" data-variable-width=\"false\" data-arrows=\"inside\" data-dots=\"inside\" data-spacing=\"none\"><div class=\"wp-block-getwid-images-slider__item\"><figure><img loading=\"lazy\" decoding=\"async\" width=\"2560\" height=\"1722\" src=\"https:\/\/www.flagbeach.com\/wp-content\/uploads\/2022\/05\/DSC01659-1-scaled.jpg\" data-id=\"3207\" data-link=\"https:\/\/flagbeach.com\/accommodation\/el-caleton\/dsc01659-2\/\" data-original-link=\"https:\/\/www.flagbeach.com\/wp-content\/uploads\/2022\/05\/DSC01659-1-scaled.jpg\" class=\"wp-block-getwid-images-slider__image wp-image-3207\" srcset=\"https:\/\/www.flagbeach.com\/wp-content\/uploads\/2022\/05\/DSC01659-1-scaled.jpg 2560w, https:\/\/www.flagbeach.com\/wp-content\/uploads\/2022\/05\/DSC01659-1-300x202.jpg 300w, https:\/\/www.flagbeach.com\/wp-content\/uploads\/2022\/05\/DSC01659-1-1024x689.jpg 1024w, https:\/\/www.flagbeach.com\/wp-content\/uploads\/2022\/05\/DSC01659-1-768x517.jpg 768w, https:\/\/www.flagbeach.com\/wp-content\/uploads\/2022\/05\/DSC01659-1-1536x1033.jpg 1536w, https:\/\/www.flagbeach.com\/wp-content\/uploads\/2022\/05\/DSC01659-1-2048x1378.jpg 2048w, https:\/\/www.flagbeach.com\/wp-content\/uploads\/2022\/05\/DSC01659-1-1568x1055.jpg 1568w\" sizes=\"auto, (max-width: 2560px) 100vw, 2560px\" \/><figcaption class=\"wp-block-getwid-images-slider__caption\">Struttura principle<\/figcaption><\/figure><\/div><div class=\"wp-block-getwid-images-slider__item\"><figure><img loading=\"lazy\" decoding=\"async\" width=\"2560\" height=\"1722\" src=\"https:\/\/www.flagbeach.com\/wp-content\/uploads\/2022\/05\/DSC01605-scaled.jpg\" data-id=\"3204\" data-link=\"https:\/\/flagbeach.com\/accommodation\/el-caleton\/dsc01605\/\" data-original-link=\"https:\/\/www.flagbeach.com\/wp-content\/uploads\/2022\/05\/DSC01605-scaled.jpg\" class=\"wp-block-getwid-images-slider__image wp-image-3204\" srcset=\"https:\/\/www.flagbeach.com\/wp-content\/uploads\/2022\/05\/DSC01605-scaled.jpg 2560w, https:\/\/www.flagbeach.com\/wp-content\/uploads\/2022\/05\/DSC01605-300x202.jpg 300w, https:\/\/www.flagbeach.com\/wp-content\/uploads\/2022\/05\/DSC01605-1024x689.jpg 1024w, https:\/\/www.flagbeach.com\/wp-content\/uploads\/2022\/05\/DSC01605-768x517.jpg 768w, https:\/\/www.flagbeach.com\/wp-content\/uploads\/2022\/05\/DSC01605-1536x1033.jpg 1536w, https:\/\/www.flagbeach.com\/wp-content\/uploads\/2022\/05\/DSC01605-2048x1378.jpg 2048w, https:\/\/www.flagbeach.com\/wp-content\/uploads\/2022\/05\/DSC01605-1568x1055.jpg 1568w\" sizes=\"auto, (max-width: 2560px) 100vw, 2560px\" \/><figcaption class=\"wp-block-getwid-images-slider__caption\">Vista dal Terrazzo<\/figcaption><\/figure><\/div><div class=\"wp-block-getwid-images-slider__item\"><figure><img loading=\"lazy\" decoding=\"async\" width=\"2560\" height=\"1707\" src=\"https:\/\/www.flagbeach.com\/wp-content\/uploads\/2022\/05\/DSC01743-1-scaled.jpg\" data-id=\"3210\" data-link=\"https:\/\/flagbeach.com\/accommodation\/el-caleton\/dsc01743-2\/\" data-original-link=\"https:\/\/www.flagbeach.com\/wp-content\/uploads\/2022\/05\/DSC01743-1-scaled.jpg\" class=\"wp-block-getwid-images-slider__image wp-image-3210\" srcset=\"https:\/\/www.flagbeach.com\/wp-content\/uploads\/2022\/05\/DSC01743-1-scaled.jpg 2560w, https:\/\/www.flagbeach.com\/wp-content\/uploads\/2022\/05\/DSC01743-1-300x200.jpg 300w, https:\/\/www.flagbeach.com\/wp-content\/uploads\/2022\/05\/DSC01743-1-1024x683.jpg 1024w, https:\/\/www.flagbeach.com\/wp-content\/uploads\/2022\/05\/DSC01743-1-768x512.jpg 768w, https:\/\/www.flagbeach.com\/wp-content\/uploads\/2022\/05\/DSC01743-1-1536x1024.jpg 1536w, https:\/\/www.flagbeach.com\/wp-content\/uploads\/2022\/05\/DSC01743-1-2048x1365.jpg 2048w, https:\/\/www.flagbeach.com\/wp-content\/uploads\/2022\/05\/DSC01743-1-1568x1045.jpg 1568w\" sizes=\"auto, (max-width: 2560px) 100vw, 2560px\" \/><figcaption class=\"wp-block-getwid-images-slider__caption\">Camera doppia<\/figcaption><\/figure><\/div><div class=\"wp-block-getwid-images-slider__item\"><figure><img loading=\"lazy\" decoding=\"async\" width=\"2560\" height=\"1707\" src=\"https:\/\/www.flagbeach.com\/wp-content\/uploads\/2022\/05\/DSC01758-1-scaled.jpg\" data-id=\"3213\" data-link=\"https:\/\/flagbeach.com\/accommodation\/el-caleton\/dsc01758-2\/\" data-original-link=\"https:\/\/www.flagbeach.com\/wp-content\/uploads\/2022\/05\/DSC01758-1-scaled.jpg\" class=\"wp-block-getwid-images-slider__image wp-image-3213\" srcset=\"https:\/\/www.flagbeach.com\/wp-content\/uploads\/2022\/05\/DSC01758-1-scaled.jpg 2560w, https:\/\/www.flagbeach.com\/wp-content\/uploads\/2022\/05\/DSC01758-1-300x200.jpg 300w, https:\/\/www.flagbeach.com\/wp-content\/uploads\/2022\/05\/DSC01758-1-1024x683.jpg 1024w, https:\/\/www.flagbeach.com\/wp-content\/uploads\/2022\/05\/DSC01758-1-768x512.jpg 768w, https:\/\/www.flagbeach.com\/wp-content\/uploads\/2022\/05\/DSC01758-1-1536x1024.jpg 1536w, https:\/\/www.flagbeach.com\/wp-content\/uploads\/2022\/05\/DSC01758-1-2048x1365.jpg 2048w, https:\/\/www.flagbeach.com\/wp-content\/uploads\/2022\/05\/DSC01758-1-1568x1045.jpg 1568w\" sizes=\"auto, (max-width: 2560px) 100vw, 2560px\" \/><figcaption class=\"wp-block-getwid-images-slider__caption\">Camera principale<\/figcaption><\/figure><\/div><div class=\"wp-block-getwid-images-slider__item\"><figure><img loading=\"lazy\" decoding=\"async\" width=\"1707\" height=\"2560\" src=\"https:\/\/www.flagbeach.com\/wp-content\/uploads\/2022\/05\/DSC01759-scaled.jpg\" data-id=\"3216\" data-link=\"https:\/\/flagbeach.com\/accommodation\/el-caleton\/dsc01759\/\" data-original-link=\"https:\/\/www.flagbeach.com\/wp-content\/uploads\/2022\/05\/DSC01759-scaled.jpg\" class=\"wp-block-getwid-images-slider__image wp-image-3216\" srcset=\"https:\/\/www.flagbeach.com\/wp-content\/uploads\/2022\/05\/DSC01759-scaled.jpg 1707w, https:\/\/www.flagbeach.com\/wp-content\/uploads\/2022\/05\/DSC01759-200x300.jpg 200w, https:\/\/www.flagbeach.com\/wp-content\/uploads\/2022\/05\/DSC01759-683x1024.jpg 683w, https:\/\/www.flagbeach.com\/wp-content\/uploads\/2022\/05\/DSC01759-768x1152.jpg 768w, https:\/\/www.flagbeach.com\/wp-content\/uploads\/2022\/05\/DSC01759-1024x1536.jpg 1024w, https:\/\/www.flagbeach.com\/wp-content\/uploads\/2022\/05\/DSC01759-1365x2048.jpg 1365w, https:\/\/www.flagbeach.com\/wp-content\/uploads\/2022\/05\/DSC01759-1568x2352.jpg 1568w\" sizes=\"auto, (max-width: 1707px) 100vw, 1707px\" \/><figcaption class=\"wp-block-getwid-images-slider__caption\">Camera principale<\/figcaption><\/figure><\/div><div class=\"wp-block-getwid-images-slider__item\"><figure><img loading=\"lazy\" decoding=\"async\" width=\"1707\" height=\"2560\" src=\"https:\/\/www.flagbeach.com\/wp-content\/uploads\/2022\/05\/DSC01766-1-scaled.jpg\" data-id=\"3219\" data-link=\"https:\/\/flagbeach.com\/accommodation\/el-caleton\/dsc01766-2\/\" data-original-link=\"https:\/\/www.flagbeach.com\/wp-content\/uploads\/2022\/05\/DSC01766-1-scaled.jpg\" class=\"wp-block-getwid-images-slider__image wp-image-3219\" srcset=\"https:\/\/www.flagbeach.com\/wp-content\/uploads\/2022\/05\/DSC01766-1-scaled.jpg 1707w, https:\/\/www.flagbeach.com\/wp-content\/uploads\/2022\/05\/DSC01766-1-200x300.jpg 200w, https:\/\/www.flagbeach.com\/wp-content\/uploads\/2022\/05\/DSC01766-1-683x1024.jpg 683w, https:\/\/www.flagbeach.com\/wp-content\/uploads\/2022\/05\/DSC01766-1-768x1152.jpg 768w, https:\/\/www.flagbeach.com\/wp-content\/uploads\/2022\/05\/DSC01766-1-1024x1536.jpg 1024w, https:\/\/www.flagbeach.com\/wp-content\/uploads\/2022\/05\/DSC01766-1-1365x2048.jpg 1365w, https:\/\/www.flagbeach.com\/wp-content\/uploads\/2022\/05\/DSC01766-1-1568x2352.jpg 1568w\" sizes=\"auto, (max-width: 1707px) 100vw, 1707px\" \/><figcaption class=\"wp-block-getwid-images-slider__caption\">Soggiorno<\/figcaption><\/figure><\/div><div class=\"wp-block-getwid-images-slider__item\"><figure><img loading=\"lazy\" decoding=\"async\" width=\"2560\" height=\"1707\" src=\"https:\/\/www.flagbeach.com\/wp-content\/uploads\/2022\/05\/DSC01773-1-scaled.jpg\" data-id=\"3222\" data-link=\"https:\/\/flagbeach.com\/accommodation\/el-caleton\/dsc01773-2\/\" data-original-link=\"https:\/\/www.flagbeach.com\/wp-content\/uploads\/2022\/05\/DSC01773-1-scaled.jpg\" class=\"wp-block-getwid-images-slider__image wp-image-3222\" srcset=\"https:\/\/www.flagbeach.com\/wp-content\/uploads\/2022\/05\/DSC01773-1-scaled.jpg 2560w, https:\/\/www.flagbeach.com\/wp-content\/uploads\/2022\/05\/DSC01773-1-300x200.jpg 300w, https:\/\/www.flagbeach.com\/wp-content\/uploads\/2022\/05\/DSC01773-1-1024x683.jpg 1024w, https:\/\/www.flagbeach.com\/wp-content\/uploads\/2022\/05\/DSC01773-1-768x512.jpg 768w, https:\/\/www.flagbeach.com\/wp-content\/uploads\/2022\/05\/DSC01773-1-1536x1024.jpg 1536w, https:\/\/www.flagbeach.com\/wp-content\/uploads\/2022\/05\/DSC01773-1-2048x1365.jpg 2048w, https:\/\/www.flagbeach.com\/wp-content\/uploads\/2022\/05\/DSC01773-1-1568x1045.jpg 1568w\" sizes=\"auto, (max-width: 2560px) 100vw, 2560px\" \/><figcaption class=\"wp-block-getwid-images-slider__caption\">Soggiorno<\/figcaption><\/figure><\/div><div class=\"wp-block-getwid-images-slider__item\"><figure><img loading=\"lazy\" decoding=\"async\" width=\"2560\" height=\"1707\" src=\"https:\/\/www.flagbeach.com\/wp-content\/uploads\/2022\/05\/DSC01785-1-scaled.jpg\" data-id=\"3225\" data-link=\"https:\/\/flagbeach.com\/accommodation\/el-caleton\/dsc01785-2\/\" data-original-link=\"https:\/\/www.flagbeach.com\/wp-content\/uploads\/2022\/05\/DSC01785-1-scaled.jpg\" class=\"wp-block-getwid-images-slider__image wp-image-3225\" srcset=\"https:\/\/www.flagbeach.com\/wp-content\/uploads\/2022\/05\/DSC01785-1-scaled.jpg 2560w, https:\/\/www.flagbeach.com\/wp-content\/uploads\/2022\/05\/DSC01785-1-300x200.jpg 300w, https:\/\/www.flagbeach.com\/wp-content\/uploads\/2022\/05\/DSC01785-1-1024x683.jpg 1024w, https:\/\/www.flagbeach.com\/wp-content\/uploads\/2022\/05\/DSC01785-1-768x512.jpg 768w, https:\/\/www.flagbeach.com\/wp-content\/uploads\/2022\/05\/DSC01785-1-1536x1024.jpg 1536w, https:\/\/www.flagbeach.com\/wp-content\/uploads\/2022\/05\/DSC01785-1-2048x1365.jpg 2048w, https:\/\/www.flagbeach.com\/wp-content\/uploads\/2022\/05\/DSC01785-1-1568x1045.jpg 1568w\" sizes=\"auto, (max-width: 2560px) 100vw, 2560px\" \/><figcaption class=\"wp-block-getwid-images-slider__caption\">Zona pranzo<\/figcaption><\/figure><\/div><div class=\"wp-block-getwid-images-slider__item\"><figure><img loading=\"lazy\" decoding=\"async\" width=\"2560\" height=\"1707\" src=\"https:\/\/www.flagbeach.com\/wp-content\/uploads\/2022\/05\/DSC01789-1-scaled.jpg\" data-id=\"3228\" data-link=\"https:\/\/flagbeach.com\/accommodation\/el-caleton\/dsc01789-2\/\" data-original-link=\"https:\/\/www.flagbeach.com\/wp-content\/uploads\/2022\/05\/DSC01789-1-scaled.jpg\" class=\"wp-block-getwid-images-slider__image wp-image-3228\" srcset=\"https:\/\/www.flagbeach.com\/wp-content\/uploads\/2022\/05\/DSC01789-1-scaled.jpg 2560w, https:\/\/www.flagbeach.com\/wp-content\/uploads\/2022\/05\/DSC01789-1-300x200.jpg 300w, https:\/\/www.flagbeach.com\/wp-content\/uploads\/2022\/05\/DSC01789-1-1024x683.jpg 1024w, https:\/\/www.flagbeach.com\/wp-content\/uploads\/2022\/05\/DSC01789-1-768x512.jpg 768w, https:\/\/www.flagbeach.com\/wp-content\/uploads\/2022\/05\/DSC01789-1-1536x1024.jpg 1536w, https:\/\/www.flagbeach.com\/wp-content\/uploads\/2022\/05\/DSC01789-1-2048x1365.jpg 2048w, https:\/\/www.flagbeach.com\/wp-content\/uploads\/2022\/05\/DSC01789-1-1568x1045.jpg 1568w\" sizes=\"auto, (max-width: 2560px) 100vw, 2560px\" \/><figcaption class=\"wp-block-getwid-images-slider__caption\">Cucina e zona pranzo<\/figcaption><\/figure><\/div><div class=\"wp-block-getwid-images-slider__item\"><figure><img loading=\"lazy\" decoding=\"async\" width=\"2560\" height=\"1921\" src=\"https:\/\/www.flagbeach.com\/wp-content\/uploads\/2023\/02\/IMG_0215-002-scaled.jpg\" data-id=\"4175\" data-link=\"https:\/\/flagbeach.com\/accommodation\/el-caleton\/img_0215-002\/\" data-original-link=\"https:\/\/www.flagbeach.com\/wp-content\/uploads\/2023\/02\/IMG_0215-002-scaled.jpg\" class=\"wp-block-getwid-images-slider__image wp-image-4175\" srcset=\"https:\/\/www.flagbeach.com\/wp-content\/uploads\/2023\/02\/IMG_0215-002-scaled.jpg 2560w, https:\/\/www.flagbeach.com\/wp-content\/uploads\/2023\/02\/IMG_0215-002-300x225.jpg 300w, https:\/\/www.flagbeach.com\/wp-content\/uploads\/2023\/02\/IMG_0215-002-1024x768.jpg 1024w, https:\/\/www.flagbeach.com\/wp-content\/uploads\/2023\/02\/IMG_0215-002-768x576.jpg 768w, https:\/\/www.flagbeach.com\/wp-content\/uploads\/2023\/02\/IMG_0215-002-1536x1152.jpg 1536w, https:\/\/www.flagbeach.com\/wp-content\/uploads\/2023\/02\/IMG_0215-002-2048x1536.jpg 2048w, https:\/\/www.flagbeach.com\/wp-content\/uploads\/2023\/02\/IMG_0215-002-1568x1176.jpg 1568w\" sizes=\"auto, (max-width: 2560px) 100vw, 2560px\" \/><figcaption class=\"wp-block-getwid-images-slider__caption\">Soggiorno<\/figcaption><\/figure><\/div><\/div><\/div>\n<\/div>\n<\/div>\n<\/div><\/div>\n\n<p>El Caleton \u00e8 un confortevole appartamento con 2 camere da letto situato tra El Cotillo e il Faro de El Toston. Si trova a 2 km a nord della citt\u00e0 principale di Cotillo e si erge proprio sulla spiaggia, ideale per chi vuole nuotare ogni mattina. <\/p>\n\n<p>L&#8217;appartamento si trova al 1\u00b0 piano (ultimo) e dispone di 2 camere matrimoniali, bagno con doccia. La cucina \u00e8 dotata di forno a microonde, forno, piano cottura a 4 fuochi, tostapane e bollitore. La zona pranzo e il salotto possono ospitare 4 persone e sono dotati di TV, Wifi e molti libri e DVD.<\/p>\n\n<p>All&#8217;esterno c&#8217;\u00e8 un terrazzo esposto a sud, con un tavolo e 4 sedie, che si affaccia sul giardino con vista sulla spiaggia e prende il sole per la maggior parte del giorno. C&#8217;\u00e8 un parcheggio gratuito proprio accanto al complesso.<\/p>\n\n<p>Si prega di notare che questo appartamento non \u00e8 adatto a persone su sedia a rotelle.<\/p>\n\n<h3 class=\"wp-block-heading\">Prezzi<\/h3>\n\n<div class=\"wp-block-group alignfull\"><div class=\"wp-block-group__inner-container is-layout-flow wp-block-group-is-layout-flow\">\n<figure class=\"wp-block-table tw-row-valign-top is-style-tw-border-h\"><table><tbody><tr><td>1-2 persone<\/td><td class=\"has-text-align-right\" data-align=\"right\">da \u20ac90\/notte<\/td><\/tr><tr><td>3 persone<\/td><td class=\"has-text-align-right\" data-align=\"right\">a partire da \u20ac100\/notte<\/td><\/tr><tr><td>4 persone<\/td><td class=\"has-text-align-right\" data-align=\"right\">a partire da \u20ac110\/notte<\/td><\/tr><\/tbody><\/table><\/figure>\n<\/div><\/div>\n\n<div class=\"wp-block-buttons is-horizontal is-content-justification-center is-layout-flex wp-container-core-buttons-is-layout-03627597 wp-block-buttons-is-layout-flex\">\n<div class=\"wp-block-button\"><a class=\"wp-block-button__link wp-element-button\" href=\"https:\/\/flagbeach.com\/book-now\/\" target=\"_blank\" rel=\"noreferrer noopener\">Prenota il tuo soggiorno a El Caleton adesso<\/a><\/div>\n<\/div>\n\n<div class=\"wp-block-group alignfull\"><div class=\"wp-block-group__inner-container is-layout-flow wp-block-group-is-layout-flow\">\n<h2 class=\"wp-block-heading has-text-align-left\">Strutture<\/h2>\n\n\n\n<ul class=\"wp-block-list\">\n<li>Fronte mare<\/li>\n\n\n\n<li>TV<\/li>\n\n\n\n<li>Cucina<\/li>\n\n\n\n<li>Wi-Fi<\/li>\n\n\n\n<li>DVD<\/li>\n\n\n\n<li>Microonde Bollitore Tostapane Asciugacapelli<\/li>\n\n\n\n<li>Piano cottura<\/li>\n\n\n\n<li>Frigo congelatore<\/li>\n\n\n\n<li>Ferro da stiro<\/li>\n\n\n\n<li>Cucina attrezzata<\/li>\n\n\n\n<li>Lenzuola<\/li>\n\n\n\n<li>Asciugamani<\/li>\n\n\n\n<li>Vista del tramonto<\/li>\n<\/ul>\n<\/div><\/div>\n","protected":false},"excerpt":{"rendered":"<p>Cercate un appartamento sulla spiaggia a Fuerteventura? El Caleton \u00e8 un appartamento con 2 camere da letto situato proprio sulla spiaggia di El Cotillo. \u00c8 un luogo perfetto per soggiornare se volete essere vicini alla costa nord. El Caleton \u00e8 un confortevole appartamento con 2 camere da letto situato tra El Cotillo e il Faro&hellip; <a class=\"more-link\" href=\"https:\/\/www.flagbeach.com\/it\/alloggi\/el-caleton\/\">Continua a leggere <span class=\"screen-reader-text\">El Caleton<\/span><\/a><\/p>\n","protected":false},"author":2,"featured_media":0,"parent":3741,"menu_order":0,"comment_status":"closed","ping_status":"closed","template":"tw-header-transparent.php","meta":{"footnotes":""},"class_list":["post-3745","page","type-page","status-publish","hentry","entry"],"_links":{"self":[{"href":"https:\/\/www.flagbeach.com\/it\/wp-json\/wp\/v2\/pages\/3745","targetHints":{"allow":["GET"]}}],"collection":[{"href":"https:\/\/www.flagbeach.com\/it\/wp-json\/wp\/v2\/pages"}],"about":[{"href":"https:\/\/www.flagbeach.com\/it\/wp-json\/wp\/v2\/types\/page"}],"author":[{"embeddable":true,"href":"https:\/\/www.flagbeach.com\/it\/wp-json\/wp\/v2\/users\/2"}],"replies":[{"embeddable":true,"href":"https:\/\/www.flagbeach.com\/it\/wp-json\/wp\/v2\/comments?post=3745"}],"version-history":[{"count":14,"href":"https:\/\/www.flagbeach.com\/it\/wp-json\/wp\/v2\/pages\/3745\/revisions"}],"predecessor-version":[{"id":13806,"href":"https:\/\/www.flagbeach.com\/it\/wp-json\/wp\/v2\/pages\/3745\/revisions\/13806"}],"up":[{"embeddable":true,"href":"https:\/\/www.flagbeach.com\/it\/wp-json\/wp\/v2\/pages\/3741"}],"wp:attachment":[{"href":"https:\/\/www.flagbeach.com\/it\/wp-json\/wp\/v2\/media?parent=3745"}],"curies":[{"name":"wp","href":"https:\/\/api.w.org\/{rel}","templated":true}]}}