{"id":3737,"date":"2022-06-20T11:58:53","date_gmt":"2022-06-20T11:58:53","guid":{"rendered":"https:\/\/flagbeach.com\/a-proposito-di-noi\/il-nostro-team\/"},"modified":"2026-03-29T14:45:57","modified_gmt":"2026-03-29T14:45:57","slug":"il-nostro-team","status":"publish","type":"page","link":"https:\/\/www.flagbeach.com\/it\/a-proposito-di-noi\/il-nostro-team\/","title":{"rendered":"Il nostro team"},"content":{"rendered":"\n<div class=\"wp-block-cover alignfull has-background-dim-100 has-background-dim has-background-gradient has-custom-content-position is-position-top-left\" style=\"min-height:30vw;aspect-ratio:unset;\"><span aria-hidden=\"true\" class=\"wp-block-cover__gradient-background\" style=\"background:linear-gradient(180deg,rgb(20,62,94) 0%,rgba(255,255,255,0) 48%,rgba(20,61,93,0) 67%,rgb(20,62,94) 100%)\"><\/span><img loading=\"lazy\" decoding=\"async\" width=\"1600\" height=\"600\" sizes=\"auto, (max-width: 799px) 200vw, (max-width: 1600px) 100vw, 1600px\" class=\"wp-block-cover__image-background wp-image-772\" alt=\"\" src=\"https:\/\/www.flagbeach.com\/wp-content\/uploads\/2021\/02\/team.jpg\" style=\"object-position:57% 51%\" data-object-fit=\"cover\" data-object-position=\"57% 51%\" srcset=\"https:\/\/www.flagbeach.com\/wp-content\/uploads\/2021\/02\/team.jpg 1600w, https:\/\/www.flagbeach.com\/wp-content\/uploads\/2021\/02\/team-300x113.jpg 300w, https:\/\/www.flagbeach.com\/wp-content\/uploads\/2021\/02\/team-1024x384.jpg 1024w, https:\/\/www.flagbeach.com\/wp-content\/uploads\/2021\/02\/team-768x288.jpg 768w, https:\/\/www.flagbeach.com\/wp-content\/uploads\/2021\/02\/team-1536x576.jpg 1536w, https:\/\/www.flagbeach.com\/wp-content\/uploads\/2021\/02\/team-1568x588.jpg 1568w\" \/><div class=\"wp-block-cover__inner-container is-layout-flow wp-block-cover-is-layout-flow\">\n<h1 class=\"has-text-align-left has-subtle-color has-text-color wp-block-heading\"><span class=\"has-inline-color has-white-color\">Il nostro team di istruttori<\/span><\/h1>\n\n\n\n<p><\/p>\n<\/div><\/div>\n\n<div class=\"wp-block-group alignfull\"><div class=\"wp-block-group__inner-container is-layout-flow wp-block-group-is-layout-flow\">\n<h3 class=\"wp-block-heading\">Incontra i nostri istruttori di sport acquatici e il team che rende Flag Beach un luogo cos\u00ec ideale per imparare e godersi le onde.<\/h3>\n\n\n\n<div class=\"wp-block-group alignfull is-style-default\"><div class=\"wp-block-group__inner-container is-layout-flow wp-block-group-is-layout-flow\">\n<div class=\"wp-block-columns alignwide tw-justify-center tw-gutter-large has-text-align-center is-layout-flex wp-container-core-columns-is-layout-d0b3c9c8 wp-block-columns-is-layout-flex\">\n<div class=\"wp-block-column is-layout-flow wp-block-column-is-layout-flow\">\n<div class=\"wp-block-image\"><figure class=\"aligncenter size-large\"><img loading=\"lazy\" decoding=\"async\" width=\"2560\" height=\"1437\" src=\"https:\/\/www.flagbeach.com\/wp-content\/uploads\/2022\/05\/DSC_0078-edited-scaled.jpg\" alt=\"\" class=\"wp-image-3279\" srcset=\"https:\/\/www.flagbeach.com\/wp-content\/uploads\/2022\/05\/DSC_0078-edited-scaled.jpg 2560w, https:\/\/www.flagbeach.com\/wp-content\/uploads\/2022\/05\/DSC_0078-edited-300x168.jpg 300w, https:\/\/www.flagbeach.com\/wp-content\/uploads\/2022\/05\/DSC_0078-edited-1024x575.jpg 1024w, https:\/\/www.flagbeach.com\/wp-content\/uploads\/2022\/05\/DSC_0078-edited-768x431.jpg 768w, https:\/\/www.flagbeach.com\/wp-content\/uploads\/2022\/05\/DSC_0078-edited-1536x862.jpg 1536w, https:\/\/www.flagbeach.com\/wp-content\/uploads\/2022\/05\/DSC_0078-edited-2048x1150.jpg 2048w, https:\/\/www.flagbeach.com\/wp-content\/uploads\/2022\/05\/DSC_0078-edited-1568x880.jpg 1568w\" sizes=\"auto, (max-width: 2560px) 100vw, 2560px\" \/><\/figure><\/div>\n\n\n\n<h3 class=\"tw-mb-2 has-large-font-size wp-block-heading\">Paul<\/h3>\n\n\n\n<p class=\"has-small-font-size\"><strong>Istruttori di Kitesurf, SUP, Wingfoil e Surf<\/strong><\/p>\n\n\n\n<p>Paul \u00e8 uno dei nostri istruttori fissi da lungo tempo e ha una gran quantit\u00e0 di esperienza al largo delle nostre coste. Ama la natura in generale e soprattutto stare in acqua. Ama viaggiare e incontrare nuove persone e culture.<\/p>\n\n\n\n<p><strong>Qualifiche<\/strong><br\/>BKSA, RYA powerboat<\/p>\n\n\n\n<p>Lingue<br\/>Inglese<\/p>\n\n\n\n<p><strong>Sport<\/strong><br\/>Kitesurf, SUP, surf<\/p>\n<\/div>\n\n\n\n<div class=\"wp-block-column is-layout-flow wp-block-column-is-layout-flow\">\n<div class=\"wp-block-image\"><figure class=\"aligncenter size-large\"><img decoding=\"async\" src=\"https:\/\/www.flagbeach.com\/wp-content\/uploads\/2022\/05\/IMG_20200613_114354-scaled_540x285_acf_cropped-edited.jpg\" alt=\"Martin istruttore di windsurf\" class=\"wp-image-3285\"\/><\/figure><\/div>\n\n\n\n<h3 class=\"tw-mb-2 has-large-font-size wp-block-heading\">Martin<\/h3>\n\n\n\n<p class=\"has-small-font-size\"><strong>Istruttore di Windsurf<\/strong><\/p>\n\n\n\n<p>Martin viene dalla Bulgaria e parla bulgaro, inglese, olandese e spagnolo. Proviene da un mondo di vela e hobie cats ed \u00e8 il nostro principale istruttore di windsurf. Pu\u00f2 anche insegnare surf. Ama viaggiare e ha easudito il suo sogno di visitare l&#8217;isola di Pasqua!<\/p>\n\n\n\n<p><strong>Qualifiche<\/strong><br\/>VDWS windsurf, ISA sur<\/p>\n\n\n\n<p>Lingue<br\/>Bulgaro, Olandese, Inglese, Spagnolo<\/p>\n\n\n\n<p><strong>Sport<\/strong><br\/>Vela, surf, windsurf<\/p>\n<\/div>\n\n\n\n<div class=\"wp-block-column is-layout-flow wp-block-column-is-layout-flow\">\n<div class=\"wp-block-image\"><figure class=\"aligncenter size-large\"><img loading=\"lazy\" decoding=\"async\" width=\"507\" height=\"285\" src=\"https:\/\/www.flagbeach.com\/wp-content\/uploads\/2022\/05\/IMG_8023_540x285_acf_cropped-edited.jpg\" alt=\"Maxim, istruttore di Windsurf\" class=\"wp-image-3282\" srcset=\"https:\/\/www.flagbeach.com\/wp-content\/uploads\/2022\/05\/IMG_8023_540x285_acf_cropped-edited.jpg 507w, https:\/\/www.flagbeach.com\/wp-content\/uploads\/2022\/05\/IMG_8023_540x285_acf_cropped-edited-300x169.jpg 300w\" sizes=\"auto, (max-width: 507px) 100vw, 507px\" \/><\/figure><\/div>\n\n\n\n<h3 class=\"tw-mb-2 has-large-font-size wp-block-heading\">Maxim<\/h3>\n\n\n\n<p class=\"has-small-font-size\"><strong>Istruttore di kitesurf, surf &amp; windsurf<\/strong><\/p>\n\n\n\n<p>Maxim \u00e8 olandese e sta facendo la sua seconda stagione a Flag Beach&#8230; gli sport acquatici sono la sua vita e il suo obiettivo e&#8217; quello di viaggiare in tutti i migliori posti del mondo navigando e cavalcando le onde. \u00c8 anche maestro di sci e snowboard.<\/p>\n\n\n\n<p><strong>Qualifiche<\/strong><br\/>ISA, Patente Nautica<\/p>\n\n\n\n<p><strong>Lingue<\/strong><br\/>Olandese, Inglese, Tedesco <\/p>\n\n\n\n<p><strong>Sport<\/strong><br\/>Kitesurf, surf, windsurf<\/p>\n<\/div>\n\n\n\n<div class=\"wp-block-column is-layout-flow wp-block-column-is-layout-flow\">\n<div class=\"wp-block-image\"><figure class=\"aligncenter size-large\"><img loading=\"lazy\" decoding=\"async\" width=\"2560\" height=\"1443\" src=\"https:\/\/www.flagbeach.com\/wp-content\/uploads\/2022\/05\/DSC02570-edited-1-scaled.jpg\" alt=\"Ben, proprietario di Flag Beach\" class=\"wp-image-3303\" srcset=\"https:\/\/www.flagbeach.com\/wp-content\/uploads\/2022\/05\/DSC02570-edited-1-scaled.jpg 2560w, https:\/\/www.flagbeach.com\/wp-content\/uploads\/2022\/05\/DSC02570-edited-1-300x169.jpg 300w, https:\/\/www.flagbeach.com\/wp-content\/uploads\/2022\/05\/DSC02570-edited-1-1024x577.jpg 1024w, https:\/\/www.flagbeach.com\/wp-content\/uploads\/2022\/05\/DSC02570-edited-1-768x433.jpg 768w, https:\/\/www.flagbeach.com\/wp-content\/uploads\/2022\/05\/DSC02570-edited-1-1536x866.jpg 1536w, https:\/\/www.flagbeach.com\/wp-content\/uploads\/2022\/05\/DSC02570-edited-1-2048x1154.jpg 2048w, https:\/\/www.flagbeach.com\/wp-content\/uploads\/2022\/05\/DSC02570-edited-1-1568x884.jpg 1568w\" sizes=\"auto, (max-width: 2560px) 100vw, 2560px\" \/><\/figure><\/div>\n\n\n\n<h3 class=\"tw-mb-2 has-large-font-size wp-block-heading\">Ben<\/h3>\n\n\n\n<p class=\"has-small-font-size\"><strong>Proprietario<\/strong><\/p>\n\n\n\n<p>Ben \u00e8 il proprietario del centro Flag Beach di Windsurf, Surf e Kitesurf. Ha avviato l&#8217;attivit\u00e0 nel 1988 all&#8217;et\u00e0 di 19 anni, in primo luogo noleggiando solo attrezzature da windsurf. Nato a Las Palmas, Ben \u00e8 originario della Cornovaglia, in Inghilterra, e si \u00e8 trasferito qui all&#8217;et\u00e0 di 16 anni. Parla inglese, spagnolo, tedesco, italiano e francese. Ben, ovviamente, prende tutte le decisioni finali riguardanti tutto ci\u00f2 che ha a che fare con Flag Beach come azienda.<\/p>\n\n\n\n<p><strong>Qualifiche<\/strong><br\/>VDWS, RYA, FEV<\/p>\n\n\n\n<p><strong>Lingue<\/strong><br\/>Inglese, Francese, Tedesco, Italiano, Spagnolo<\/p>\n\n\n\n<p><strong>Sport<\/strong><br\/>Kitesurf, vela, windsurf<\/p>\n<\/div>\n<\/div>\n\n\n\n<div class=\"wp-block-columns alignwide tw-justify-center tw-gutter-large has-text-align-center is-layout-flex wp-container-core-columns-is-layout-d0b3c9c8 wp-block-columns-is-layout-flex\">\n<div class=\"wp-block-column is-layout-flow wp-block-column-is-layout-flow\">\n<div class=\"wp-block-image\"><figure class=\"aligncenter size-large\"><img loading=\"lazy\" decoding=\"async\" width=\"507\" height=\"285\" src=\"https:\/\/www.flagbeach.com\/wp-content\/uploads\/2022\/05\/rachel-edited.jpg\" alt=\"Rachel\" class=\"wp-image-3288\" srcset=\"https:\/\/www.flagbeach.com\/wp-content\/uploads\/2022\/05\/rachel-edited.jpg 507w, https:\/\/www.flagbeach.com\/wp-content\/uploads\/2022\/05\/rachel-edited-300x169.jpg 300w\" sizes=\"auto, (max-width: 507px) 100vw, 507px\" \/><\/figure><\/div>\n\n\n\n<h3 class=\"tw-mb-2 has-large-font-size wp-block-heading\">Rachel<\/h3>\n\n\n\n<p class=\"has-small-font-size\"><strong>Amministratrice d&#8217;ufficio<\/strong><\/p>\n\n\n\n<p>Rachel (sorella di Ben) aiuta a gestire Flag Beach, occupandosi in particolare della parte amministrativa e d&#8217;ufficio dell&#8217;attivit\u00e0, delle prenotazioni e della gestione degli ostelli, degli appartamenti, delle ville, ecc.<br\/>Ha lavorato a Flag Beach a intervalli regolari sin dall&#8217;inizio, nel 1988, ma \u00e8 tornata definitivamente nel 1998. Rachel \u00e8 di madrelingua spagnola e conosce anche altre lingue a livello base, tra cui il francese. Le piace navigare, fare immersione, andare in bicicletta e fare camminate nel suo tempo libero.<\/p>\n\n\n\n<p>Lingue<br\/>Inglese, Spagnolo<\/p>\n<\/div>\n\n\n\n<div class=\"wp-block-column is-layout-flow wp-block-column-is-layout-flow\">\n<div class=\"wp-block-image\"><figure class=\"aligncenter size-large\"><img loading=\"lazy\" decoding=\"async\" width=\"507\" height=\"285\" src=\"https:\/\/www.flagbeach.com\/wp-content\/uploads\/2022\/05\/clare-edited.jpg\" alt=\"Clare\" class=\"wp-image-3291\" srcset=\"https:\/\/www.flagbeach.com\/wp-content\/uploads\/2022\/05\/clare-edited.jpg 507w, https:\/\/www.flagbeach.com\/wp-content\/uploads\/2022\/05\/clare-edited-300x169.jpg 300w\" sizes=\"auto, (max-width: 507px) 100vw, 507px\" \/><\/figure><\/div>\n\n\n\n<h3 class=\"tw-mb-2 has-large-font-size wp-block-heading\">Clare<\/h3>\n\n\n\n<p class=\"has-small-font-size\"><strong><strong>Amministratrice d&#8217;ufficio<\/strong><\/strong><\/p>\n\n\n\n<p>Claire lavora in ufficio facendo le prenotazioni con Rachel e aiuta a gestire gli alloggi. Claire vive a Fuerteventura dal giugno 2005 e parla spagnolo e inglese. Claire ama la vita all&#8217;aria aperta e la natura, coltiva un amore per i gatti e l&#8217;aromaterapia.<\/p>\n\n\n\n<p>Lingue<br\/>Inglese, Spagnolo<\/p>\n<\/div>\n\n\n\n<div class=\"wp-block-column is-layout-flow wp-block-column-is-layout-flow\">\n<div class=\"wp-block-image\"><figure class=\"aligncenter size-large\"><img loading=\"lazy\" decoding=\"async\" width=\"1701\" height=\"959\" src=\"https:\/\/www.flagbeach.com\/wp-content\/uploads\/2022\/05\/Michi-e1642598370255-edited-1.jpg\" alt=\"\" class=\"wp-image-3275\" srcset=\"https:\/\/www.flagbeach.com\/wp-content\/uploads\/2022\/05\/Michi-e1642598370255-edited-1.jpg 1701w, https:\/\/www.flagbeach.com\/wp-content\/uploads\/2022\/05\/Michi-e1642598370255-edited-1-300x169.jpg 300w, https:\/\/www.flagbeach.com\/wp-content\/uploads\/2022\/05\/Michi-e1642598370255-edited-1-1024x577.jpg 1024w, https:\/\/www.flagbeach.com\/wp-content\/uploads\/2022\/05\/Michi-e1642598370255-edited-1-768x433.jpg 768w, https:\/\/www.flagbeach.com\/wp-content\/uploads\/2022\/05\/Michi-e1642598370255-edited-1-1536x866.jpg 1536w, https:\/\/www.flagbeach.com\/wp-content\/uploads\/2022\/05\/Michi-e1642598370255-edited-1-1568x884.jpg 1568w\" sizes=\"auto, (max-width: 1701px) 100vw, 1701px\" \/><\/figure><\/div>\n\n\n\n<h3 class=\"tw-mb-2 has-large-font-size wp-block-heading\">Michiel<\/h3>\n\n\n\n<p class=\"has-small-font-size\"><strong>Istruttore di Windsurf e accoglienza<\/strong><\/p>\n\n\n\n<p>Michiel viene dal Belgio e va pazzo per il windsurf. \u00c8 un membro a tempo pieno dello staff di Flag Beach.<\/p>\n\n\n\n<p><strong>Qualifiche<\/strong><br\/>VDWS windsurf<\/p>\n\n\n\n<p>Lingue<br\/>Belga, Inglese, Francese<\/p>\n\n\n\n<p><strong>Sport<\/strong><br\/>Windsurf<\/p>\n<\/div>\n\n\n\n<div class=\"wp-block-column is-layout-flow wp-block-column-is-layout-flow\">\n<div class=\"wp-block-image\"><figure class=\"aligncenter size-large\"><img decoding=\"async\" src=\"https:\/\/www.flagbeach.com\/wp-content\/uploads\/2022\/05\/b7d8a6dd-bb9c-4d35-9f53-45b4ce3ba5d5_540x285_acf_cropped-edited.jpeg\" alt=\"Tristan, istruttore di Kitesurf\" class=\"wp-image-3294\"\/><\/figure><\/div>\n\n\n\n<h3 class=\"tw-mb-2 has-large-font-size wp-block-heading\">Tristan<\/h3>\n\n\n\n<p class=\"has-small-font-size\"><strong>Istruttore di Kitesurf e Surf<\/strong><\/p>\n\n\n\n<p>Lingue<br\/>Inglese, Francese<\/p>\n\n\n\n<p><strong>Sport<\/strong><br\/>Kitesurf, surf<\/p>\n<\/div>\n<\/div>\n\n\n\n<div class=\"wp-block-columns alignwide tw-justify-center tw-gutter-large has-text-align-center is-layout-flex wp-container-core-columns-is-layout-d0b3c9c8 wp-block-columns-is-layout-flex\">\n<div class=\"wp-block-column is-layout-flow wp-block-column-is-layout-flow\">\n<div class=\"wp-block-image\"><figure class=\"aligncenter size-large\"><img decoding=\"async\" src=\"https:\/\/www.flagbeach.com\/wp-content\/uploads\/2022\/05\/IMG-6805-scaled_540x285_acf_cropped-edited.jpg\" alt=\"Andrea, istruttore di kitesurf\" class=\"wp-image-3297\"\/><\/figure><\/div>\n\n\n\n<h3 class=\"tw-mb-2 has-large-font-size wp-block-heading\">Andrea<\/h3>\n\n\n\n<p class=\"has-small-font-size\"><strong>Istruttore di Kitesurf<\/strong><\/p>\n\n\n\n<p>Lingue<br\/>Inglese, Italiano, Spagnolo<\/p>\n\n\n\n<p><strong>Sport<\/strong><br\/>Kitesurf<\/p>\n<\/div>\n\n\n\n<div class=\"wp-block-column is-layout-flow wp-block-column-is-layout-flow\"><\/div>\n\n\n\n<div class=\"wp-block-column is-layout-flow wp-block-column-is-layout-flow\"><\/div>\n\n\n\n<div class=\"wp-block-column is-layout-flow wp-block-column-is-layout-flow\"><\/div>\n<\/div>\n<\/div><\/div>\n<\/div><\/div>\n\n<hr class=\"wp-block-separator\"\/>\n\n<div class=\"wp-block-cover alignfull\" style=\"min-height:282px;aspect-ratio:unset;\"><img loading=\"lazy\" decoding=\"async\" width=\"1600\" height=\"700\" sizes=\"auto, (max-width: 799px) 200vw, (max-width: 1600px) 100vw, 1600px\" class=\"wp-block-cover__image-background wp-image-14\" alt=\"\" src=\"https:\/\/www.flagbeach.com\/wp-content\/uploads\/2021\/01\/fb-hero-1600-1.jpg\" style=\"object-position:50% 21%\" data-object-fit=\"cover\" data-object-position=\"50% 21%\" srcset=\"https:\/\/www.flagbeach.com\/wp-content\/uploads\/2021\/01\/fb-hero-1600-1.jpg 1600w, https:\/\/www.flagbeach.com\/wp-content\/uploads\/2021\/01\/fb-hero-1600-1-300x131.jpg 300w, https:\/\/www.flagbeach.com\/wp-content\/uploads\/2021\/01\/fb-hero-1600-1-1024x448.jpg 1024w, https:\/\/www.flagbeach.com\/wp-content\/uploads\/2021\/01\/fb-hero-1600-1-768x336.jpg 768w, https:\/\/www.flagbeach.com\/wp-content\/uploads\/2021\/01\/fb-hero-1600-1-1536x672.jpg 1536w, https:\/\/www.flagbeach.com\/wp-content\/uploads\/2021\/01\/fb-hero-1600-1-1568x686.jpg 1568w\" \/><div class=\"wp-block-cover__inner-container is-layout-flow wp-block-cover-is-layout-flow\">\n<p class=\"has-text-align-center has-large-font-size\"><\/p>\n<\/div><\/div>\n","protected":false},"excerpt":{"rendered":"<p>Incontra i nostri istruttori di sport acquatici e il team che rende Flag Beach un luogo cos\u00ec ideale per imparare e godersi le onde. Paul Istruttori di Kitesurf, SUP, Wingfoil e Surf Paul \u00e8 uno dei nostri istruttori fissi da lungo tempo e ha una gran quantit\u00e0 di esperienza al largo delle nostre coste. Ama&hellip; <a class=\"more-link\" href=\"https:\/\/www.flagbeach.com\/it\/a-proposito-di-noi\/il-nostro-team\/\">Continua a leggere <span class=\"screen-reader-text\">Il nostro team<\/span><\/a><\/p>\n","protected":false},"author":1,"featured_media":0,"parent":3733,"menu_order":0,"comment_status":"closed","ping_status":"closed","template":"tw-header-transparent.php","meta":{"footnotes":""},"class_list":["post-3737","page","type-page","status-publish","hentry","entry"],"_links":{"self":[{"href":"https:\/\/www.flagbeach.com\/it\/wp-json\/wp\/v2\/pages\/3737","targetHints":{"allow":["GET"]}}],"collection":[{"href":"https:\/\/www.flagbeach.com\/it\/wp-json\/wp\/v2\/pages"}],"about":[{"href":"https:\/\/www.flagbeach.com\/it\/wp-json\/wp\/v2\/types\/page"}],"author":[{"embeddable":true,"href":"https:\/\/www.flagbeach.com\/it\/wp-json\/wp\/v2\/users\/1"}],"replies":[{"embeddable":true,"href":"https:\/\/www.flagbeach.com\/it\/wp-json\/wp\/v2\/comments?post=3737"}],"version-history":[{"count":11,"href":"https:\/\/www.flagbeach.com\/it\/wp-json\/wp\/v2\/pages\/3737\/revisions"}],"predecessor-version":[{"id":13979,"href":"https:\/\/www.flagbeach.com\/it\/wp-json\/wp\/v2\/pages\/3737\/revisions\/13979"}],"up":[{"embeddable":true,"href":"https:\/\/www.flagbeach.com\/it\/wp-json\/wp\/v2\/pages\/3733"}],"wp:attachment":[{"href":"https:\/\/www.flagbeach.com\/it\/wp-json\/wp\/v2\/media?parent=3737"}],"curies":[{"name":"wp","href":"https:\/\/api.w.org\/{rel}","templated":true}]}}