{"id":3236,"date":"2022-05-18T11:38:24","date_gmt":"2022-05-18T11:38:24","guid":{"rendered":"https:\/\/flagbeach.com\/?page_id=3236"},"modified":"2025-12-17T08:54:54","modified_gmt":"2025-12-17T08:54:54","slug":"paketes-de-yoga","status":"publish","type":"page","link":"https:\/\/www.flagbeach.com\/es\/yoga\/paketes-de-yoga\/","title":{"rendered":"Yoga Packages"},"content":{"rendered":"\n<div class=\"wp-block-cover alignfull has-background-dim-100 has-background-dim has-background-gradient has-custom-content-position is-position-top-left\" style=\"min-height:30vw;aspect-ratio:unset;\"><span aria-hidden=\"true\" class=\"wp-block-cover__gradient-background\" style=\"background:linear-gradient(180deg,rgb(20,62,94) 0%,rgba(255,255,255,0) 48%,rgba(20,61,93,0) 67%,rgb(20,62,94) 100%)\"><\/span><img loading=\"lazy\" decoding=\"async\" width=\"1764\" height=\"1409\" sizes=\"auto, (max-width: 799px) 200vw, (max-width: 1764px) 100vw, 1764px\" class=\"wp-block-cover__image-background wp-image-3195\" alt=\"\" src=\"https:\/\/www.flagbeach.com\/wp-content\/uploads\/2022\/05\/fb3fb44b-2a3b-4774-8973-02c8c229353f-002.jpg\" style=\"object-position:54% 49%\" data-object-fit=\"cover\" data-object-position=\"54% 49%\" srcset=\"https:\/\/www.flagbeach.com\/wp-content\/uploads\/2022\/05\/fb3fb44b-2a3b-4774-8973-02c8c229353f-002.jpg 1764w, https:\/\/www.flagbeach.com\/wp-content\/uploads\/2022\/05\/fb3fb44b-2a3b-4774-8973-02c8c229353f-002-300x240.jpg 300w, https:\/\/www.flagbeach.com\/wp-content\/uploads\/2022\/05\/fb3fb44b-2a3b-4774-8973-02c8c229353f-002-1024x818.jpg 1024w, https:\/\/www.flagbeach.com\/wp-content\/uploads\/2022\/05\/fb3fb44b-2a3b-4774-8973-02c8c229353f-002-768x613.jpg 768w, https:\/\/www.flagbeach.com\/wp-content\/uploads\/2022\/05\/fb3fb44b-2a3b-4774-8973-02c8c229353f-002-1536x1227.jpg 1536w, https:\/\/www.flagbeach.com\/wp-content\/uploads\/2022\/05\/fb3fb44b-2a3b-4774-8973-02c8c229353f-002-1568x1252.jpg 1568w\" \/><div class=\"wp-block-cover__inner-container is-layout-flow wp-block-cover-is-layout-flow\">\n<h1 class=\"has-text-align-left has-subtle-color has-text-color wp-block-heading\"><span class=\"has-inline-color has-white-color\">Yoga Packages<\/span><\/h1>\n\n\n\n<p><\/p>\n<\/div><\/div>\n\n<div class=\"wp-block-buttons is-content-justification-center is-layout-flex wp-block-buttons-is-layout-flex\">\n<div class=\"wp-block-button\"><a class=\"wp-block-button__link\" href=\"https:\/\/flagbeach.com\/book-now\/\">Reserva ahora tu curso de Yoga<\/a><\/div>\n<\/div>\n\n<div class=\"wp-block-group alignfull\"><div class=\"wp-block-group__inner-container is-layout-flow wp-block-group-is-layout-flow\">\n<h2 class=\"has-text-align-center wp-block-heading\"> Sport &amp; Yoga packages<\/h2>\n\n\n\n<p>El yoga y cualquiera de los deportes de surf (kite, windsurf o foil) son una pareja perfecta y van de la mano, ambos deportes requieren y aumentan el equilibrio, la flexibilidad y la fuerza. Usa las habilidades que aprendes en tus lecciones de yoga m\u00e1s tarde durante tu curso de surf, windsurf o kitesurf y siente c\u00f3mo tu control corporal, coordinaci\u00f3n y concentraci\u00f3n mejorados conducen a la experiencia perfecta.<\/p>\n\n\n\n<div class=\"wp-block-columns alignwide is-layout-flex wp-container-core-columns-is-layout-d0b3c9c8 wp-block-columns-is-layout-flex\">\n<div class=\"wp-block-column is-layout-flow wp-block-column-is-layout-flow\" style=\"--col-width:33.33%;flex-basis:33.33%\">\n<figure class=\"wp-block-image size-large\"><img loading=\"lazy\" decoding=\"async\" width=\"1024\" height=\"769\" src=\"https:\/\/www.flagbeach.com\/wp-content\/uploads\/2021\/09\/P2210041-1024x769.jpg\" alt=\"\" class=\"wp-image-2566\" srcset=\"https:\/\/www.flagbeach.com\/wp-content\/uploads\/2021\/09\/P2210041-1024x769.jpg 1024w, https:\/\/www.flagbeach.com\/wp-content\/uploads\/2021\/09\/P2210041-300x225.jpg 300w, https:\/\/www.flagbeach.com\/wp-content\/uploads\/2021\/09\/P2210041-768x577.jpg 768w, https:\/\/www.flagbeach.com\/wp-content\/uploads\/2021\/09\/P2210041-1536x1153.jpg 1536w, https:\/\/www.flagbeach.com\/wp-content\/uploads\/2021\/09\/P2210041-2048x1538.jpg 2048w, https:\/\/www.flagbeach.com\/wp-content\/uploads\/2021\/09\/P2210041-1568x1177.jpg 1568w\" sizes=\"auto, (max-width: 1024px) 100vw, 1024px\" \/><\/figure>\n\n\n\n<figure class=\"wp-block-image size-large\"><img loading=\"lazy\" decoding=\"async\" width=\"1024\" height=\"681\" src=\"https:\/\/www.flagbeach.com\/wp-content\/uploads\/2021\/10\/SUP-1-1024x681.jpg\" alt=\"\" class=\"wp-image-2701\" srcset=\"https:\/\/www.flagbeach.com\/wp-content\/uploads\/2021\/10\/SUP-1-1024x681.jpg 1024w, https:\/\/www.flagbeach.com\/wp-content\/uploads\/2021\/10\/SUP-1-300x200.jpg 300w, https:\/\/www.flagbeach.com\/wp-content\/uploads\/2021\/10\/SUP-1-768x511.jpg 768w, https:\/\/www.flagbeach.com\/wp-content\/uploads\/2021\/10\/SUP-1-1536x1022.jpg 1536w, https:\/\/www.flagbeach.com\/wp-content\/uploads\/2021\/10\/SUP-1-2048x1363.jpg 2048w, https:\/\/www.flagbeach.com\/wp-content\/uploads\/2021\/10\/SUP-1-1568x1044.jpg 1568w\" sizes=\"auto, (max-width: 1024px) 100vw, 1024px\" \/><\/figure>\n<\/div>\n\n\n\n<div class=\"wp-block-column is-layout-flow wp-block-column-is-layout-flow\" style=\"--col-width:66.66%;flex-basis:66.66%\">\n<figure class=\"wp-block-image size-large\"><img loading=\"lazy\" decoding=\"async\" width=\"1024\" height=\"384\" src=\"https:\/\/www.flagbeach.com\/wp-content\/uploads\/2021\/02\/Action-shots-Echo-2020_102_1440x540_acf_cropped-1024x384.jpg\" alt=\"Wing foil en Flag Beach\" class=\"wp-image-906\" srcset=\"https:\/\/www.flagbeach.com\/wp-content\/uploads\/2021\/02\/Action-shots-Echo-2020_102_1440x540_acf_cropped-1024x384.jpg 1024w, https:\/\/www.flagbeach.com\/wp-content\/uploads\/2021\/02\/Action-shots-Echo-2020_102_1440x540_acf_cropped-300x113.jpg 300w, https:\/\/www.flagbeach.com\/wp-content\/uploads\/2021\/02\/Action-shots-Echo-2020_102_1440x540_acf_cropped-768x288.jpg 768w, https:\/\/www.flagbeach.com\/wp-content\/uploads\/2021\/02\/Action-shots-Echo-2020_102_1440x540_acf_cropped.jpg 1440w\" sizes=\"auto, (max-width: 1024px) 100vw, 1024px\" \/><\/figure>\n\n\n\n<p><\/p>\n<\/div>\n<\/div>\n\n\n\n<h2 class=\"alignwide has-text-align-center wp-block-heading\">Classes de Yoga<\/h2>\n\n\n\n<p>Por qu\u00e9 no reservar una serie de clases de yoga durante su estancia, incluso si ya est\u00e1 practicando deportes acu\u00e1ticos con nosotros? Por lo general, tenemos 2 sesiones al d\u00eda, una sesi\u00f3n temprano en la ma\u00f1ana y una sesi\u00f3n al final de la tarde.<\/p>\n\n\n\n<p>Estas sesiones se llevan a cabo en nuestro Retiro o en la playa dependiendo del clima. La lecci\u00f3n tambi\u00e9n incluir\u00e1:<\/p>\n\n\n\n<ul class=\"wp-block-list\"><li>Transporte incluido<\/li><li>Yoga mat<\/li><\/ul>\n\n\n\n<div class=\"wp-block-getwid-accordion has-icon-left\" data-active-element=\"none\"><\/div>\n\n\n\n<h3 class=\"wp-block-heading\">Precios por persona<\/h3>\n\n\n\n<div class=\"wp-block-group alignfull\"><div class=\"wp-block-group__inner-container is-layout-flow wp-block-group-is-layout-flow\">\n<figure class=\"wp-block-table tw-row-valign-top is-style-tw-border-h\"><table><tbody><tr><td>1 dia yoga (en grupo)<\/td><td class=\"has-text-align-right\" data-align=\"right\">\u20ac15<\/td><\/tr><tr><td>Descuento de yoga de 5 d\u00edas (en grupo)<\/td><td class=\"has-text-align-right\" data-align=\"right\">\u20ac60<\/td><\/tr><tr><td> Classe Privado de Yoga (1 persona) <\/td><td class=\"has-text-align-right\" data-align=\"right\">\u20ac40<\/td><\/tr><\/tbody><\/table><\/figure>\n<\/div><\/div>\n\n\n\n<div class=\"wp-block-buttons is-content-justification-center is-layout-flex wp-block-buttons-is-layout-flex\">\n<div class=\"wp-block-button\"><a class=\"wp-block-button__link\" href=\"https:\/\/flagbeach.com\/book-now\/\">Reserva ahora tu curso de Yoga<\/a><\/div>\n<\/div>\n\n\n\n<div class=\"wp-block-cover alignfull\" style=\"min-height:423px;aspect-ratio:unset;\"><img loading=\"lazy\" decoding=\"async\" width=\"2560\" height=\"1736\" sizes=\"auto, (max-width: 799px) 200vw, (max-width: 2560px) 100vw, 2560px\" class=\"wp-block-cover__image-background wp-image-2596\" alt=\"\" src=\"https:\/\/www.flagbeach.com\/wp-content\/uploads\/2021\/09\/MG_7087-scaled.jpg\" style=\"object-position:51% 59%\" data-object-fit=\"cover\" data-object-position=\"51% 59%\" srcset=\"https:\/\/www.flagbeach.com\/wp-content\/uploads\/2021\/09\/MG_7087-scaled.jpg 2560w, https:\/\/www.flagbeach.com\/wp-content\/uploads\/2021\/09\/MG_7087-300x203.jpg 300w, https:\/\/www.flagbeach.com\/wp-content\/uploads\/2021\/09\/MG_7087-1024x694.jpg 1024w, https:\/\/www.flagbeach.com\/wp-content\/uploads\/2021\/09\/MG_7087-768x521.jpg 768w, https:\/\/www.flagbeach.com\/wp-content\/uploads\/2021\/09\/MG_7087-1536x1042.jpg 1536w, https:\/\/www.flagbeach.com\/wp-content\/uploads\/2021\/09\/MG_7087-2048x1389.jpg 2048w, https:\/\/www.flagbeach.com\/wp-content\/uploads\/2021\/09\/MG_7087-1568x1063.jpg 1568w\" \/><div class=\"wp-block-cover__inner-container is-layout-flow wp-block-cover-is-layout-flow\">\n<p class=\"has-text-align-center has-large-font-size\">Unete a nosotros&#8230;.<\/p>\n<\/div><\/div>\n\n\n\n<h2 class=\"alignwide wp-block-heading\">Sport &amp; Yoga packages<\/h2>\n\n\n\n<div class=\"wp-block-group alignfull\"><div class=\"wp-block-group__inner-container is-layout-flow wp-block-group-is-layout-flow\">\n<figure class=\"wp-block-table tw-row-valign-top is-style-tw-border-h\"><table><tbody><tr><td>1 semanas surf &amp; Yoga package<\/td><td class=\"has-text-align-right\" data-align=\"right\">\u20ac475<\/td><\/tr><tr><td>2 semanas surf &amp; Yoga package <\/td><td class=\"has-text-align-right\" data-align=\"right\">\u20ac855<\/td><\/tr><tr><td>1 semana windsurf camp; Yoga package<\/td><td class=\"has-text-align-right\" data-align=\"right\">\u20ac620<\/td><\/tr><tr><td> 2 semanas windsurf &amp; Yoga package <\/td><td class=\"has-text-align-right\" data-align=\"right\">\u20ac1075<\/td><\/tr><tr><td>1 semana kitesurf &amp; Yoga package <\/td><td class=\"has-text-align-right\" data-align=\"right\">\u20ac780<\/td><\/tr><tr><td> 2 semanas kitesurf &amp; Yoga package <\/td><td class=\"has-text-align-right\" data-align=\"right\">\u20ac1186<\/td><\/tr><\/tbody><\/table><\/figure>\n\n\n\n<p><\/p>\n<\/div><\/div>\n\n\n\n<div class=\"wp-block-buttons is-content-justification-center is-layout-flex wp-block-buttons-is-layout-flex\">\n<div class=\"wp-block-button\"><a class=\"wp-block-button__link\" href=\"https:\/\/flagbeach.com\/book-now\/\">Reserve ahora<\/a><\/div>\n<\/div>\n<\/div><\/div>\n\n<hr class=\"wp-block-separator\" \/>\n\n<div class=\"wp-block-cover alignfull\" style=\"min-height:282px;aspect-ratio:unset;\"><img loading=\"lazy\" decoding=\"async\" width=\"1600\" height=\"700\" sizes=\"auto, (max-width: 799px) 200vw, (max-width: 1600px) 100vw, 1600px\" class=\"wp-block-cover__image-background wp-image-14\" alt=\"\" src=\"https:\/\/www.flagbeach.com\/wp-content\/uploads\/2021\/01\/fb-hero-1600-1.jpg\" style=\"object-position:50% 21%\" data-object-fit=\"cover\" data-object-position=\"50% 21%\" srcset=\"https:\/\/www.flagbeach.com\/wp-content\/uploads\/2021\/01\/fb-hero-1600-1.jpg 1600w, https:\/\/www.flagbeach.com\/wp-content\/uploads\/2021\/01\/fb-hero-1600-1-300x131.jpg 300w, https:\/\/www.flagbeach.com\/wp-content\/uploads\/2021\/01\/fb-hero-1600-1-1024x448.jpg 1024w, https:\/\/www.flagbeach.com\/wp-content\/uploads\/2021\/01\/fb-hero-1600-1-768x336.jpg 768w, https:\/\/www.flagbeach.com\/wp-content\/uploads\/2021\/01\/fb-hero-1600-1-1536x672.jpg 1536w, https:\/\/www.flagbeach.com\/wp-content\/uploads\/2021\/01\/fb-hero-1600-1-1568x686.jpg 1568w\" \/><div class=\"wp-block-cover__inner-container is-layout-flow wp-block-cover-is-layout-flow\">\n<p class=\"has-text-align-center has-large-font-size\"><\/p>\n<\/div><\/div>\n","protected":false},"excerpt":{"rendered":"<p>Sport &amp; Yoga packages El yoga y cualquiera de los deportes de surf (kite, windsurf o foil) son una pareja perfecta y van de la mano, ambos deportes requieren y aumentan el equilibrio, la flexibilidad y la fuerza. Usa las habilidades que aprendes en tus lecciones de yoga m\u00e1s tarde durante tu curso de surf,&hellip; <a class=\"more-link\" href=\"https:\/\/www.flagbeach.com\/es\/yoga\/paketes-de-yoga\/\">Seguir leyendo <span class=\"screen-reader-text\">Yoga Packages<\/span><\/a><\/p>\n","protected":false},"author":2,"featured_media":0,"parent":3179,"menu_order":0,"comment_status":"closed","ping_status":"closed","template":"tw-header-transparent.php","meta":{"footnotes":""},"class_list":["post-3236","page","type-page","status-publish","hentry","entry"],"_links":{"self":[{"href":"https:\/\/www.flagbeach.com\/es\/wp-json\/wp\/v2\/pages\/3236","targetHints":{"allow":["GET"]}}],"collection":[{"href":"https:\/\/www.flagbeach.com\/es\/wp-json\/wp\/v2\/pages"}],"about":[{"href":"https:\/\/www.flagbeach.com\/es\/wp-json\/wp\/v2\/types\/page"}],"author":[{"embeddable":true,"href":"https:\/\/www.flagbeach.com\/es\/wp-json\/wp\/v2\/users\/2"}],"replies":[{"embeddable":true,"href":"https:\/\/www.flagbeach.com\/es\/wp-json\/wp\/v2\/comments?post=3236"}],"version-history":[{"count":7,"href":"https:\/\/www.flagbeach.com\/es\/wp-json\/wp\/v2\/pages\/3236\/revisions"}],"predecessor-version":[{"id":13679,"href":"https:\/\/www.flagbeach.com\/es\/wp-json\/wp\/v2\/pages\/3236\/revisions\/13679"}],"up":[{"embeddable":true,"href":"https:\/\/www.flagbeach.com\/es\/wp-json\/wp\/v2\/pages\/3179"}],"wp:attachment":[{"href":"https:\/\/www.flagbeach.com\/es\/wp-json\/wp\/v2\/media?parent=3236"}],"curies":[{"name":"wp","href":"https:\/\/api.w.org\/{rel}","templated":true}]}}