{"id":3201,"date":"2022-06-08T14:46:22","date_gmt":"2022-06-08T14:46:22","guid":{"rendered":"https:\/\/flagbeach.com\/?page_id=3201"},"modified":"2025-12-13T13:26:37","modified_gmt":"2025-12-13T13:26:37","slug":"el-caleton","status":"publish","type":"page","link":"https:\/\/www.flagbeach.com\/es\/alojamiento\/el-caleton\/","title":{"rendered":"El Caleton"},"content":{"rendered":"\n<div class=\"wp-block-cover alignfull has-custom-content-position is-position-top-left\" style=\"min-height:30vw;aspect-ratio:unset;\"><span aria-hidden=\"true\" class=\"wp-block-cover__background has-background-dim-100 has-background-dim wp-block-cover__gradient-background has-background-gradient\" style=\"background:linear-gradient(180deg,rgb(20,62,94) 0%,rgba(255,255,255,0) 48%,rgba(20,61,93,0) 67%,rgb(20,62,94) 100%)\"><\/span><img loading=\"lazy\" decoding=\"async\" width=\"2560\" height=\"1722\" sizes=\"auto, (max-width: 799px) 200vw, (max-width: 2560px) 100vw, 2560px\" class=\"wp-block-cover__image-background wp-image-3109\" alt=\"\" src=\"https:\/\/www.flagbeach.com\/wp-content\/uploads\/2022\/05\/DSC01659-scaled.jpg\" style=\"object-position:56% 50%\" data-object-fit=\"cover\" data-object-position=\"56% 50%\" srcset=\"https:\/\/www.flagbeach.com\/wp-content\/uploads\/2022\/05\/DSC01659-scaled.jpg 2560w, https:\/\/www.flagbeach.com\/wp-content\/uploads\/2022\/05\/DSC01659-300x202.jpg 300w, https:\/\/www.flagbeach.com\/wp-content\/uploads\/2022\/05\/DSC01659-1024x689.jpg 1024w, https:\/\/www.flagbeach.com\/wp-content\/uploads\/2022\/05\/DSC01659-768x517.jpg 768w, https:\/\/www.flagbeach.com\/wp-content\/uploads\/2022\/05\/DSC01659-1536x1033.jpg 1536w, https:\/\/www.flagbeach.com\/wp-content\/uploads\/2022\/05\/DSC01659-2048x1378.jpg 2048w, https:\/\/www.flagbeach.com\/wp-content\/uploads\/2022\/05\/DSC01659-1568x1055.jpg 1568w\" \/><div class=\"wp-block-cover__inner-container is-layout-flow wp-block-cover-is-layout-flow\">\n<h1 class=\"wp-block-heading has-text-align-left has-subtle-color has-text-color\">El Caleton<\/h1>\n\n\n\n<p><\/p>\n<\/div><\/div>\n\n<div class=\"wp-block-buttons is-horizontal is-content-justification-center is-layout-flex wp-container-core-buttons-is-layout-03627597 wp-block-buttons-is-layout-flex\">\n<div class=\"wp-block-button\"><a class=\"wp-block-button__link wp-element-button\" href=\"https:\/\/flagbeach.com\/book-now\/\" target=\"_blank\" rel=\"noreferrer noopener\">Reserva tu estancia en El Caleton ahora<\/a><\/div>\n<\/div>\n\n<div class=\"wp-block-group alignfull\"><div class=\"wp-block-group__inner-container is-layout-flow wp-block-group-is-layout-flow\">\n<div class=\"wp-block-columns alignwide are-vertically-aligned-center is-style-default tw-gutter-large tw-cols-stack-md is-layout-flex wp-container-core-columns-is-layout-d0b3c9c8 wp-block-columns-is-layout-flex\">\n<div class=\"wp-block-column is-vertically-aligned-center is-layout-flow wp-block-column-is-layout-flow\">\n<h3 class=\"wp-block-heading has-white-color has-text-color\">Busca un apartamento en primera l\u00ednea de playa en Fuerteventura? El Caleton es un apartamento de 2 dormitorios situado en primera l\u00ednea de playa en El Cotillo. Es un lugar perfecto para alojarse si quieres estar cerca de la costa norte.<\/h3>\n<\/div>\n\n\n\n<div class=\"wp-block-column is-vertically-aligned-center is-layout-flow wp-block-column-is-layout-flow\">\n<div class=\"wp-block-getwid-images-slider has-arrows-inside has-dots-inside has-images-center has-cropped-images alignwide\"><div class=\"wp-block-getwid-images-slider__wrapper\" data-effect=\"slide\" data-slides-show=\"1\" data-slides-show-laptop=\"1\" data-slides-show-tablet=\"1\" data-slides-show-mobile=\"1\" data-slides-scroll=\"1\" data-autoplay=\"false\" data-autoplay-speed=\"6000\" data-infinite=\"true\" data-animation-speed=\"800\" data-center-mode=\"false\" data-variable-width=\"false\" data-arrows=\"inside\" data-dots=\"inside\" data-spacing=\"none\"><div class=\"wp-block-getwid-images-slider__item\"><figure><img loading=\"lazy\" decoding=\"async\" width=\"2560\" height=\"1722\" src=\"https:\/\/www.flagbeach.com\/wp-content\/uploads\/2022\/05\/DSC01659-1-scaled.jpg\" data-id=\"3207\" data-link=\"https:\/\/flagbeach.com\/accommodation\/el-caleton\/dsc01659-2\/\" data-original-link=\"https:\/\/www.flagbeach.com\/wp-content\/uploads\/2022\/05\/DSC01659-1-scaled.jpg\" class=\"wp-block-getwid-images-slider__image wp-image-3207\" srcset=\"https:\/\/www.flagbeach.com\/wp-content\/uploads\/2022\/05\/DSC01659-1-scaled.jpg 2560w, https:\/\/www.flagbeach.com\/wp-content\/uploads\/2022\/05\/DSC01659-1-300x202.jpg 300w, https:\/\/www.flagbeach.com\/wp-content\/uploads\/2022\/05\/DSC01659-1-1024x689.jpg 1024w, https:\/\/www.flagbeach.com\/wp-content\/uploads\/2022\/05\/DSC01659-1-768x517.jpg 768w, https:\/\/www.flagbeach.com\/wp-content\/uploads\/2022\/05\/DSC01659-1-1536x1033.jpg 1536w, https:\/\/www.flagbeach.com\/wp-content\/uploads\/2022\/05\/DSC01659-1-2048x1378.jpg 2048w, https:\/\/www.flagbeach.com\/wp-content\/uploads\/2022\/05\/DSC01659-1-1568x1055.jpg 1568w\" sizes=\"auto, (max-width: 2560px) 100vw, 2560px\" \/><figcaption class=\"wp-block-getwid-images-slider__caption\">Edificio<\/figcaption><\/figure><\/div><div class=\"wp-block-getwid-images-slider__item\"><figure><img loading=\"lazy\" decoding=\"async\" width=\"2560\" height=\"1722\" src=\"https:\/\/www.flagbeach.com\/wp-content\/uploads\/2022\/05\/DSC01605-scaled.jpg\" data-id=\"3204\" data-link=\"https:\/\/flagbeach.com\/accommodation\/el-caleton\/dsc01605\/\" data-original-link=\"https:\/\/www.flagbeach.com\/wp-content\/uploads\/2022\/05\/DSC01605-scaled.jpg\" class=\"wp-block-getwid-images-slider__image wp-image-3204\" srcset=\"https:\/\/www.flagbeach.com\/wp-content\/uploads\/2022\/05\/DSC01605-scaled.jpg 2560w, https:\/\/www.flagbeach.com\/wp-content\/uploads\/2022\/05\/DSC01605-300x202.jpg 300w, https:\/\/www.flagbeach.com\/wp-content\/uploads\/2022\/05\/DSC01605-1024x689.jpg 1024w, https:\/\/www.flagbeach.com\/wp-content\/uploads\/2022\/05\/DSC01605-768x517.jpg 768w, https:\/\/www.flagbeach.com\/wp-content\/uploads\/2022\/05\/DSC01605-1536x1033.jpg 1536w, https:\/\/www.flagbeach.com\/wp-content\/uploads\/2022\/05\/DSC01605-2048x1378.jpg 2048w, https:\/\/www.flagbeach.com\/wp-content\/uploads\/2022\/05\/DSC01605-1568x1055.jpg 1568w\" sizes=\"auto, (max-width: 2560px) 100vw, 2560px\" \/><figcaption class=\"wp-block-getwid-images-slider__caption\">Vista desde el balc\u00f3n<\/figcaption><\/figure><\/div><div class=\"wp-block-getwid-images-slider__item\"><figure><img loading=\"lazy\" decoding=\"async\" width=\"2560\" height=\"1707\" src=\"https:\/\/www.flagbeach.com\/wp-content\/uploads\/2022\/05\/DSC01743-1-scaled.jpg\" data-id=\"3210\" data-link=\"https:\/\/flagbeach.com\/accommodation\/el-caleton\/dsc01743-2\/\" data-original-link=\"https:\/\/www.flagbeach.com\/wp-content\/uploads\/2022\/05\/DSC01743-1-scaled.jpg\" class=\"wp-block-getwid-images-slider__image wp-image-3210\" srcset=\"https:\/\/www.flagbeach.com\/wp-content\/uploads\/2022\/05\/DSC01743-1-scaled.jpg 2560w, https:\/\/www.flagbeach.com\/wp-content\/uploads\/2022\/05\/DSC01743-1-300x200.jpg 300w, https:\/\/www.flagbeach.com\/wp-content\/uploads\/2022\/05\/DSC01743-1-1024x683.jpg 1024w, https:\/\/www.flagbeach.com\/wp-content\/uploads\/2022\/05\/DSC01743-1-768x512.jpg 768w, https:\/\/www.flagbeach.com\/wp-content\/uploads\/2022\/05\/DSC01743-1-1536x1024.jpg 1536w, https:\/\/www.flagbeach.com\/wp-content\/uploads\/2022\/05\/DSC01743-1-2048x1365.jpg 2048w, https:\/\/www.flagbeach.com\/wp-content\/uploads\/2022\/05\/DSC01743-1-1568x1045.jpg 1568w\" sizes=\"auto, (max-width: 2560px) 100vw, 2560px\" \/><figcaption class=\"wp-block-getwid-images-slider__caption\">habitaci\u00f3n con dos camas individuales<\/figcaption><\/figure><\/div><div class=\"wp-block-getwid-images-slider__item\"><figure><img loading=\"lazy\" decoding=\"async\" width=\"2560\" height=\"1707\" src=\"https:\/\/www.flagbeach.com\/wp-content\/uploads\/2022\/05\/DSC01758-1-scaled.jpg\" data-id=\"3213\" data-link=\"https:\/\/flagbeach.com\/accommodation\/el-caleton\/dsc01758-2\/\" data-original-link=\"https:\/\/www.flagbeach.com\/wp-content\/uploads\/2022\/05\/DSC01758-1-scaled.jpg\" class=\"wp-block-getwid-images-slider__image wp-image-3213\" srcset=\"https:\/\/www.flagbeach.com\/wp-content\/uploads\/2022\/05\/DSC01758-1-scaled.jpg 2560w, https:\/\/www.flagbeach.com\/wp-content\/uploads\/2022\/05\/DSC01758-1-300x200.jpg 300w, https:\/\/www.flagbeach.com\/wp-content\/uploads\/2022\/05\/DSC01758-1-1024x683.jpg 1024w, https:\/\/www.flagbeach.com\/wp-content\/uploads\/2022\/05\/DSC01758-1-768x512.jpg 768w, https:\/\/www.flagbeach.com\/wp-content\/uploads\/2022\/05\/DSC01758-1-1536x1024.jpg 1536w, https:\/\/www.flagbeach.com\/wp-content\/uploads\/2022\/05\/DSC01758-1-2048x1365.jpg 2048w, https:\/\/www.flagbeach.com\/wp-content\/uploads\/2022\/05\/DSC01758-1-1568x1045.jpg 1568w\" sizes=\"auto, (max-width: 2560px) 100vw, 2560px\" \/><figcaption class=\"wp-block-getwid-images-slider__caption\">Dormitorio principal<\/figcaption><\/figure><\/div><div class=\"wp-block-getwid-images-slider__item\"><figure><img loading=\"lazy\" decoding=\"async\" width=\"1707\" height=\"2560\" src=\"https:\/\/www.flagbeach.com\/wp-content\/uploads\/2022\/05\/DSC01759-scaled.jpg\" data-id=\"3216\" data-link=\"https:\/\/flagbeach.com\/accommodation\/el-caleton\/dsc01759\/\" data-original-link=\"https:\/\/www.flagbeach.com\/wp-content\/uploads\/2022\/05\/DSC01759-scaled.jpg\" class=\"wp-block-getwid-images-slider__image wp-image-3216\" srcset=\"https:\/\/www.flagbeach.com\/wp-content\/uploads\/2022\/05\/DSC01759-scaled.jpg 1707w, https:\/\/www.flagbeach.com\/wp-content\/uploads\/2022\/05\/DSC01759-200x300.jpg 200w, https:\/\/www.flagbeach.com\/wp-content\/uploads\/2022\/05\/DSC01759-683x1024.jpg 683w, https:\/\/www.flagbeach.com\/wp-content\/uploads\/2022\/05\/DSC01759-768x1152.jpg 768w, https:\/\/www.flagbeach.com\/wp-content\/uploads\/2022\/05\/DSC01759-1024x1536.jpg 1024w, https:\/\/www.flagbeach.com\/wp-content\/uploads\/2022\/05\/DSC01759-1365x2048.jpg 1365w, https:\/\/www.flagbeach.com\/wp-content\/uploads\/2022\/05\/DSC01759-1568x2352.jpg 1568w\" sizes=\"auto, (max-width: 1707px) 100vw, 1707px\" \/><figcaption class=\"wp-block-getwid-images-slider__caption\">Dormitorio principal<\/figcaption><\/figure><\/div><div class=\"wp-block-getwid-images-slider__item\"><figure><img loading=\"lazy\" decoding=\"async\" width=\"1707\" height=\"2560\" src=\"https:\/\/www.flagbeach.com\/wp-content\/uploads\/2022\/05\/DSC01766-1-scaled.jpg\" data-id=\"3219\" data-link=\"https:\/\/flagbeach.com\/accommodation\/el-caleton\/dsc01766-2\/\" data-original-link=\"https:\/\/www.flagbeach.com\/wp-content\/uploads\/2022\/05\/DSC01766-1-scaled.jpg\" class=\"wp-block-getwid-images-slider__image wp-image-3219\" srcset=\"https:\/\/www.flagbeach.com\/wp-content\/uploads\/2022\/05\/DSC01766-1-scaled.jpg 1707w, https:\/\/www.flagbeach.com\/wp-content\/uploads\/2022\/05\/DSC01766-1-200x300.jpg 200w, https:\/\/www.flagbeach.com\/wp-content\/uploads\/2022\/05\/DSC01766-1-683x1024.jpg 683w, https:\/\/www.flagbeach.com\/wp-content\/uploads\/2022\/05\/DSC01766-1-768x1152.jpg 768w, https:\/\/www.flagbeach.com\/wp-content\/uploads\/2022\/05\/DSC01766-1-1024x1536.jpg 1024w, https:\/\/www.flagbeach.com\/wp-content\/uploads\/2022\/05\/DSC01766-1-1365x2048.jpg 1365w, https:\/\/www.flagbeach.com\/wp-content\/uploads\/2022\/05\/DSC01766-1-1568x2352.jpg 1568w\" sizes=\"auto, (max-width: 1707px) 100vw, 1707px\" \/><figcaption class=\"wp-block-getwid-images-slider__caption\">Salon<\/figcaption><\/figure><\/div><div class=\"wp-block-getwid-images-slider__item\"><figure><img loading=\"lazy\" decoding=\"async\" width=\"2560\" height=\"1707\" src=\"https:\/\/www.flagbeach.com\/wp-content\/uploads\/2022\/05\/DSC01773-1-scaled.jpg\" data-id=\"3222\" data-link=\"https:\/\/flagbeach.com\/accommodation\/el-caleton\/dsc01773-2\/\" data-original-link=\"https:\/\/www.flagbeach.com\/wp-content\/uploads\/2022\/05\/DSC01773-1-scaled.jpg\" class=\"wp-block-getwid-images-slider__image wp-image-3222\" srcset=\"https:\/\/www.flagbeach.com\/wp-content\/uploads\/2022\/05\/DSC01773-1-scaled.jpg 2560w, https:\/\/www.flagbeach.com\/wp-content\/uploads\/2022\/05\/DSC01773-1-300x200.jpg 300w, https:\/\/www.flagbeach.com\/wp-content\/uploads\/2022\/05\/DSC01773-1-1024x683.jpg 1024w, https:\/\/www.flagbeach.com\/wp-content\/uploads\/2022\/05\/DSC01773-1-768x512.jpg 768w, https:\/\/www.flagbeach.com\/wp-content\/uploads\/2022\/05\/DSC01773-1-1536x1024.jpg 1536w, https:\/\/www.flagbeach.com\/wp-content\/uploads\/2022\/05\/DSC01773-1-2048x1365.jpg 2048w, https:\/\/www.flagbeach.com\/wp-content\/uploads\/2022\/05\/DSC01773-1-1568x1045.jpg 1568w\" sizes=\"auto, (max-width: 2560px) 100vw, 2560px\" \/><figcaption class=\"wp-block-getwid-images-slider__caption\">Salon<\/figcaption><\/figure><\/div><div class=\"wp-block-getwid-images-slider__item\"><figure><img loading=\"lazy\" decoding=\"async\" width=\"2560\" height=\"1707\" src=\"https:\/\/www.flagbeach.com\/wp-content\/uploads\/2022\/05\/DSC01785-1-scaled.jpg\" data-id=\"3225\" data-link=\"https:\/\/flagbeach.com\/accommodation\/el-caleton\/dsc01785-2\/\" data-original-link=\"https:\/\/www.flagbeach.com\/wp-content\/uploads\/2022\/05\/DSC01785-1-scaled.jpg\" class=\"wp-block-getwid-images-slider__image wp-image-3225\" srcset=\"https:\/\/www.flagbeach.com\/wp-content\/uploads\/2022\/05\/DSC01785-1-scaled.jpg 2560w, https:\/\/www.flagbeach.com\/wp-content\/uploads\/2022\/05\/DSC01785-1-300x200.jpg 300w, https:\/\/www.flagbeach.com\/wp-content\/uploads\/2022\/05\/DSC01785-1-1024x683.jpg 1024w, https:\/\/www.flagbeach.com\/wp-content\/uploads\/2022\/05\/DSC01785-1-768x512.jpg 768w, https:\/\/www.flagbeach.com\/wp-content\/uploads\/2022\/05\/DSC01785-1-1536x1024.jpg 1536w, https:\/\/www.flagbeach.com\/wp-content\/uploads\/2022\/05\/DSC01785-1-2048x1365.jpg 2048w, https:\/\/www.flagbeach.com\/wp-content\/uploads\/2022\/05\/DSC01785-1-1568x1045.jpg 1568w\" sizes=\"auto, (max-width: 2560px) 100vw, 2560px\" \/><figcaption class=\"wp-block-getwid-images-slider__caption\">Zona comedor<\/figcaption><\/figure><\/div><div class=\"wp-block-getwid-images-slider__item\"><figure><img loading=\"lazy\" decoding=\"async\" width=\"2560\" height=\"1707\" src=\"https:\/\/www.flagbeach.com\/wp-content\/uploads\/2022\/05\/DSC01789-1-scaled.jpg\" data-id=\"3228\" data-link=\"https:\/\/flagbeach.com\/accommodation\/el-caleton\/dsc01789-2\/\" data-original-link=\"https:\/\/www.flagbeach.com\/wp-content\/uploads\/2022\/05\/DSC01789-1-scaled.jpg\" class=\"wp-block-getwid-images-slider__image wp-image-3228\" srcset=\"https:\/\/www.flagbeach.com\/wp-content\/uploads\/2022\/05\/DSC01789-1-scaled.jpg 2560w, https:\/\/www.flagbeach.com\/wp-content\/uploads\/2022\/05\/DSC01789-1-300x200.jpg 300w, https:\/\/www.flagbeach.com\/wp-content\/uploads\/2022\/05\/DSC01789-1-1024x683.jpg 1024w, https:\/\/www.flagbeach.com\/wp-content\/uploads\/2022\/05\/DSC01789-1-768x512.jpg 768w, https:\/\/www.flagbeach.com\/wp-content\/uploads\/2022\/05\/DSC01789-1-1536x1024.jpg 1536w, https:\/\/www.flagbeach.com\/wp-content\/uploads\/2022\/05\/DSC01789-1-2048x1365.jpg 2048w, https:\/\/www.flagbeach.com\/wp-content\/uploads\/2022\/05\/DSC01789-1-1568x1045.jpg 1568w\" sizes=\"auto, (max-width: 2560px) 100vw, 2560px\" \/><figcaption class=\"wp-block-getwid-images-slider__caption\">Cocina y comedor<\/figcaption><\/figure><\/div><div class=\"wp-block-getwid-images-slider__item\"><figure><img loading=\"lazy\" decoding=\"async\" width=\"2560\" height=\"1921\" src=\"https:\/\/www.flagbeach.com\/wp-content\/uploads\/2023\/02\/IMG_0215-002-scaled.jpg\" data-id=\"4175\" data-link=\"https:\/\/flagbeach.com\/accommodation\/el-caleton\/img_0215-002\/\" data-original-link=\"https:\/\/www.flagbeach.com\/wp-content\/uploads\/2023\/02\/IMG_0215-002-scaled.jpg\" class=\"wp-block-getwid-images-slider__image wp-image-4175\" srcset=\"https:\/\/www.flagbeach.com\/wp-content\/uploads\/2023\/02\/IMG_0215-002-scaled.jpg 2560w, https:\/\/www.flagbeach.com\/wp-content\/uploads\/2023\/02\/IMG_0215-002-300x225.jpg 300w, https:\/\/www.flagbeach.com\/wp-content\/uploads\/2023\/02\/IMG_0215-002-1024x768.jpg 1024w, https:\/\/www.flagbeach.com\/wp-content\/uploads\/2023\/02\/IMG_0215-002-768x576.jpg 768w, https:\/\/www.flagbeach.com\/wp-content\/uploads\/2023\/02\/IMG_0215-002-1536x1152.jpg 1536w, https:\/\/www.flagbeach.com\/wp-content\/uploads\/2023\/02\/IMG_0215-002-2048x1536.jpg 2048w, https:\/\/www.flagbeach.com\/wp-content\/uploads\/2023\/02\/IMG_0215-002-1568x1176.jpg 1568w\" sizes=\"auto, (max-width: 2560px) 100vw, 2560px\" \/><figcaption class=\"wp-block-getwid-images-slider__caption\">Salon<\/figcaption><\/figure><\/div><\/div><\/div>\n<\/div>\n<\/div>\n<\/div><\/div>\n\n<p>El Caleton es un c\u00f3modo apartamento de 2 dormitorios situado entre El Cotillo y el Faro de El Toston. Est\u00e1 a 2 km al norte de la ciudad principal de Cotillo y est\u00e1 construido justo en la playa, ideal para aquellos que quieren nadar todas las ma\u00f1anas. <\/p>\n\n<p>El apartamento est\u00e1 en la seguna planta y tiene 2 habitaciones dobles, ba\u00f1o con ducha. La cocina tiene microondas, horno, cocina de 4 fuegos, tostadora y tetera. El comedor y el sal\u00f3n tienen capacidad para 4 personas y cuentan con TV, wifi, muchos libros y DVD.<\/p>\n\n<p>En el exterior hay un balc\u00f3n orientado al sur, con una mesa y 4 sillas con vistas al jard\u00edn y a la playa y tiene sol la mayor parte del d\u00eda. Hay aparcamiento gratuito justo al lado del complejo.<\/p>\n\n<p>Esta apartamento no es apropiada para sillas de ruedas<\/p>\n\n<h3 class=\"wp-block-heading\">Precios<\/h3>\n\n<div class=\"wp-block-group alignfull\"><div class=\"wp-block-group__inner-container is-layout-flow wp-block-group-is-layout-flow\">\n<figure class=\"wp-block-table tw-row-valign-top is-style-tw-border-h\"><table><tbody><tr><td>1-2 personas<\/td><td class=\"has-text-align-right\" data-align=\"right\">desde \u20ac90\/noche<\/td><\/tr><tr><td>3 personas<\/td><td class=\"has-text-align-right\" data-align=\"right\">desde \u20ac100\/noche<\/td><\/tr><tr><td>4 personas<\/td><td class=\"has-text-align-right\" data-align=\"right\">desde \u20ac110\/ noche<\/td><\/tr><\/tbody><\/table><\/figure>\n<\/div><\/div>\n\n<div class=\"wp-block-buttons is-horizontal is-content-justification-center is-layout-flex wp-container-core-buttons-is-layout-03627597 wp-block-buttons-is-layout-flex\">\n<div class=\"wp-block-button\"><a class=\"wp-block-button__link wp-element-button\" href=\"https:\/\/flagbeach.com\/book-now\/\" target=\"_blank\" rel=\"noreferrer noopener\">Reserva tu estancia en El Caleton ahora<\/a><\/div>\n<\/div>\n\n<div class=\"wp-block-group alignfull\"><div class=\"wp-block-group__inner-container is-layout-flow wp-block-group-is-layout-flow\">\n<h2 class=\"wp-block-heading has-text-align-left\">Instalaciones<\/h2>\n\n\n\n<ul class=\"wp-block-list\">\n<li>A pie de la playa<\/li>\n\n\n\n<li>Television<\/li>\n\n\n\n<li>solo alojamiento<\/li>\n\n\n\n<li>Wi-Fi<\/li>\n\n\n\n<li>DVD<\/li>\n\n\n\n<li>Microondas, hervidor, tostadora, secadores de pelo, lavadora<\/li>\n\n\n\n<li>Placa y horno<\/li>\n\n\n\n<li>Nevera<\/li>\n\n\n\n<li>Plancha<\/li>\n\n\n\n<li>Cocina equipado<\/li>\n\n\n\n<li>Sabanas<\/li>\n\n\n\n<li>Toallas<\/li>\n\n\n\n<li>Vista de la puesta del sol<\/li>\n<\/ul>\n<\/div><\/div>\n","protected":false},"excerpt":{"rendered":"<p>Busca un apartamento en primera l\u00ednea de playa en Fuerteventura? El Caleton es un apartamento de 2 dormitorios situado en primera l\u00ednea de playa en El Cotillo. Es un lugar perfecto para alojarse si quieres estar cerca de la costa norte. El Caleton es un c\u00f3modo apartamento de 2 dormitorios situado entre El Cotillo y&hellip; <a class=\"more-link\" href=\"https:\/\/www.flagbeach.com\/es\/alojamiento\/el-caleton\/\">Seguir leyendo <span class=\"screen-reader-text\">El Caleton<\/span><\/a><\/p>\n","protected":false},"author":2,"featured_media":0,"parent":1835,"menu_order":0,"comment_status":"closed","ping_status":"closed","template":"tw-header-transparent.php","meta":{"footnotes":""},"class_list":["post-3201","page","type-page","status-publish","hentry","entry"],"_links":{"self":[{"href":"https:\/\/www.flagbeach.com\/es\/wp-json\/wp\/v2\/pages\/3201","targetHints":{"allow":["GET"]}}],"collection":[{"href":"https:\/\/www.flagbeach.com\/es\/wp-json\/wp\/v2\/pages"}],"about":[{"href":"https:\/\/www.flagbeach.com\/es\/wp-json\/wp\/v2\/types\/page"}],"author":[{"embeddable":true,"href":"https:\/\/www.flagbeach.com\/es\/wp-json\/wp\/v2\/users\/2"}],"replies":[{"embeddable":true,"href":"https:\/\/www.flagbeach.com\/es\/wp-json\/wp\/v2\/comments?post=3201"}],"version-history":[{"count":12,"href":"https:\/\/www.flagbeach.com\/es\/wp-json\/wp\/v2\/pages\/3201\/revisions"}],"predecessor-version":[{"id":13756,"href":"https:\/\/www.flagbeach.com\/es\/wp-json\/wp\/v2\/pages\/3201\/revisions\/13756"}],"up":[{"embeddable":true,"href":"https:\/\/www.flagbeach.com\/es\/wp-json\/wp\/v2\/pages\/1835"}],"wp:attachment":[{"href":"https:\/\/www.flagbeach.com\/es\/wp-json\/wp\/v2\/media?parent=3201"}],"curies":[{"name":"wp","href":"https:\/\/api.w.org\/{rel}","templated":true}]}}