{"id":1924,"date":"2021-03-31T07:51:38","date_gmt":"2021-03-31T07:51:38","guid":{"rendered":"https:\/\/flagbeach.com\/wing-foil\/cursos-de-wing-foil\/"},"modified":"2025-12-14T19:17:03","modified_gmt":"2025-12-14T19:17:03","slug":"cursos-de-wing-foil","status":"publish","type":"page","link":"https:\/\/www.flagbeach.com\/es\/wing-foil\/cursos-de-wing-foil\/","title":{"rendered":"Cursos de wing foil"},"content":{"rendered":"\n<div class=\"wp-block-cover alignfull has-custom-content-position is-position-top-left\" style=\"min-height:30vw;aspect-ratio:unset;\"><img loading=\"lazy\" decoding=\"async\" width=\"1600\" height=\"600\" sizes=\"auto, (max-width: 799px) 200vw, (max-width: 1600px) 100vw, 1600px\" class=\"wp-block-cover__image-background wp-image-900\" alt=\"\" src=\"https:\/\/www.flagbeach.com\/wp-content\/uploads\/2021\/02\/Action-shots-Echo-2020_9_1600x600_acf_cropped.jpg\" style=\"object-position:50% 0%\" data-object-fit=\"cover\" data-object-position=\"50% 0%\" srcset=\"https:\/\/www.flagbeach.com\/wp-content\/uploads\/2021\/02\/Action-shots-Echo-2020_9_1600x600_acf_cropped.jpg 1600w, https:\/\/www.flagbeach.com\/wp-content\/uploads\/2021\/02\/Action-shots-Echo-2020_9_1600x600_acf_cropped-300x113.jpg 300w, https:\/\/www.flagbeach.com\/wp-content\/uploads\/2021\/02\/Action-shots-Echo-2020_9_1600x600_acf_cropped-1024x384.jpg 1024w, https:\/\/www.flagbeach.com\/wp-content\/uploads\/2021\/02\/Action-shots-Echo-2020_9_1600x600_acf_cropped-768x288.jpg 768w, https:\/\/www.flagbeach.com\/wp-content\/uploads\/2021\/02\/Action-shots-Echo-2020_9_1600x600_acf_cropped-1536x576.jpg 1536w, https:\/\/www.flagbeach.com\/wp-content\/uploads\/2021\/02\/Action-shots-Echo-2020_9_1600x600_acf_cropped-1568x588.jpg 1568w\" \/><span aria-hidden=\"true\" class=\"wp-block-cover__background has-background-dim-100 has-background-dim wp-block-cover__gradient-background has-background-gradient\" style=\"background:linear-gradient(180deg,rgb(20,62,94) 0%,rgba(255,255,255,0) 48%,rgba(20,61,93,0) 67%,rgb(20,62,94) 100%)\"><\/span><div class=\"wp-block-cover__inner-container is-layout-flow wp-block-cover-is-layout-flow\">\n<h1 class=\"wp-block-heading has-text-align-left has-subtle-color has-text-color\">Cursos de wing foil<\/h1>\n\n\n\n<p><\/p>\n<\/div><\/div>\n\n<div class=\"wp-block-buttons is-horizontal is-content-justification-center is-layout-flex wp-container-core-buttons-is-layout-03627597 wp-block-buttons-is-layout-flex\">\n<div class=\"wp-block-button\"><a class=\"wp-block-button__link wp-element-button\" href=\"https:\/\/flagbeach.com\/book-now\/\">Reserva tu curso de wing foil ahora<\/a><\/div>\n<\/div>\n\n<div class=\"wp-block-group alignfull\"><div class=\"wp-block-group__inner-container is-layout-flow wp-block-group-is-layout-flow\">\n<h2 class=\"wp-block-heading\">Nuestros cursos de wing foil en Fuerteventura<\/h2>\n\n\n\n<p>Quieres aprender un deporte nuevo? tenemos DOS cursos: una de 1.5 horas perfecto para aquellos que no han hecho ningun deporte nautico y un curso de 1-5 dias completo que cubre todo sobre viento, como manejar el foil y conjuntamente foil y wing!<\/p>\n\n\n\n<div class=\"wp-block-columns alignwide is-layout-flex wp-container-core-columns-is-layout-d0b3c9c8 wp-block-columns-is-layout-flex\">\n<div class=\"wp-block-column is-layout-flow wp-block-column-is-layout-flow\" style=\"--col-width:33.33%;flex-basis:33.33%\">\n<figure class=\"wp-block-image\"><img loading=\"lazy\" decoding=\"async\" width=\"1920\" height=\"1200\" src=\"https:\/\/www.flagbeach.com\/wp-content\/uploads\/2022\/01\/Action-shots-Echo-2020_4.jpg\" alt=\"\" class=\"wp-image-2924\" srcset=\"https:\/\/www.flagbeach.com\/wp-content\/uploads\/2022\/01\/Action-shots-Echo-2020_4.jpg 1920w, https:\/\/www.flagbeach.com\/wp-content\/uploads\/2022\/01\/Action-shots-Echo-2020_4-300x188.jpg 300w, https:\/\/www.flagbeach.com\/wp-content\/uploads\/2022\/01\/Action-shots-Echo-2020_4-1024x640.jpg 1024w, https:\/\/www.flagbeach.com\/wp-content\/uploads\/2022\/01\/Action-shots-Echo-2020_4-768x480.jpg 768w, https:\/\/www.flagbeach.com\/wp-content\/uploads\/2022\/01\/Action-shots-Echo-2020_4-1536x960.jpg 1536w, https:\/\/www.flagbeach.com\/wp-content\/uploads\/2022\/01\/Action-shots-Echo-2020_4-1568x980.jpg 1568w\" sizes=\"auto, (max-width: 1920px) 100vw, 1920px\" \/><\/figure>\n\n\n\n<figure class=\"wp-block-image size-large\"><img loading=\"lazy\" decoding=\"async\" width=\"1024\" height=\"640\" src=\"https:\/\/www.flagbeach.com\/wp-content\/uploads\/2022\/01\/Action-shots-Echo-2020_9-1024x640.jpg\" alt=\"\" class=\"wp-image-2927\" srcset=\"https:\/\/www.flagbeach.com\/wp-content\/uploads\/2022\/01\/Action-shots-Echo-2020_9-1024x640.jpg 1024w, https:\/\/www.flagbeach.com\/wp-content\/uploads\/2022\/01\/Action-shots-Echo-2020_9-300x188.jpg 300w, https:\/\/www.flagbeach.com\/wp-content\/uploads\/2022\/01\/Action-shots-Echo-2020_9-768x480.jpg 768w, https:\/\/www.flagbeach.com\/wp-content\/uploads\/2022\/01\/Action-shots-Echo-2020_9-1536x960.jpg 1536w, https:\/\/www.flagbeach.com\/wp-content\/uploads\/2022\/01\/Action-shots-Echo-2020_9-1568x980.jpg 1568w, https:\/\/www.flagbeach.com\/wp-content\/uploads\/2022\/01\/Action-shots-Echo-2020_9.jpg 1920w\" sizes=\"auto, (max-width: 1024px) 100vw, 1024px\" \/><\/figure>\n<\/div>\n\n\n\n<div class=\"wp-block-column is-layout-flow wp-block-column-is-layout-flow\" style=\"--col-width:66.66%;flex-basis:66.66%\">\n<figure class=\"wp-block-image\"><img loading=\"lazy\" decoding=\"async\" width=\"2560\" height=\"1707\" src=\"https:\/\/www.flagbeach.com\/wp-content\/uploads\/2022\/12\/FOIL-6-scaled.jpg\" alt=\"\" class=\"wp-image-4076\" srcset=\"https:\/\/www.flagbeach.com\/wp-content\/uploads\/2022\/12\/FOIL-6-scaled.jpg 2560w, https:\/\/www.flagbeach.com\/wp-content\/uploads\/2022\/12\/FOIL-6-300x200.jpg 300w, https:\/\/www.flagbeach.com\/wp-content\/uploads\/2022\/12\/FOIL-6-1024x683.jpg 1024w, https:\/\/www.flagbeach.com\/wp-content\/uploads\/2022\/12\/FOIL-6-768x512.jpg 768w, https:\/\/www.flagbeach.com\/wp-content\/uploads\/2022\/12\/FOIL-6-1536x1024.jpg 1536w, https:\/\/www.flagbeach.com\/wp-content\/uploads\/2022\/12\/FOIL-6-2048x1365.jpg 2048w, https:\/\/www.flagbeach.com\/wp-content\/uploads\/2022\/12\/FOIL-6-1568x1045.jpg 1568w\" sizes=\"auto, (max-width: 2560px) 100vw, 2560px\" \/><\/figure>\n<\/div>\n<\/div>\n\n\n\n<h2 class=\"wp-block-heading\">Cursos de wing foil de iniciaci\u00f3n<\/h2>\n\n\n\n<p>Nuestros cursos de iniciaci\u00f3n al wing foil te ense\u00f1ar\u00e1n a hacerlo en las aguas cristalinas de Fuerteventura. Echa un vistazo. Tambi\u00e9n puedes obtener un certificado. Flag Beach es el \u00fanico centro de la VDWS en el norte de la isla y est\u00e1 autorizado a expedir certificados internacionales de wing foil<\/p>\n\n\n\n<h2 class=\"wp-block-heading\"><mark style=\"color:#fcbe06\" class=\"has-inline-color\">Itinerario<\/mark><\/h2>\n\n\n\n<p>Playa: Flag Beach y la lagunas de el Cotillo <br \/>Horario: 10am &amp; 14pm<\/p>\n\n\n\n<h3 class=\"wp-block-heading\">1-5 Dias de curso<\/h3>\n\n\n\n<h3 class=\"wp-block-heading\">D\u00eda 1<\/h3>\n\n\n\n<p>Este d\u00eda aprendes sobre el viento, c\u00f3mo preparar el material y practicas en la playa antes de salir al agua. Inicialmente usando una tabla de SUP. (1.5 horas)<\/p>\n\n\n\n<h3 class=\"wp-block-heading\">D\u00eda 2<\/h3>\n\n\n\n<p>Aprender a mantenerse de pie sobre el foil, remolcado detr\u00e1s de una embarcaci\u00f3n (1,5hrs)<\/p>\n\n\n\n<h3 class=\"wp-block-heading\">D\u00eda 3<\/h3>\n\n\n\n<p>Combinando foil y wing (1.5 hrs)<\/p>\n\n\n\n<h3 class=\"wp-block-heading\">D\u00eda 4<\/h3>\n\n\n\n<p>Mas practica con foil y wing (1.5hrs)<\/p>\n\n\n\n<h3 class=\"wp-block-heading\">D\u00eda 5<\/h3>\n\n\n\n<p>Mas practica con foil y wing (1.5hrs)<\/p>\n\n\n\n<h3 class=\"wp-block-heading\">Precios<\/h3>\n\n\n\n<div class=\"wp-block-group alignfull\"><div class=\"wp-block-group__inner-container is-layout-flow wp-block-group-is-layout-flow\">\n<figure class=\"wp-block-table tw-row-valign-top is-style-tw-border-h\"><table><tbody><tr><td>Curso iniciaci\u00f3n wing foil 1 dia<\/td><td class=\"has-text-align-right\" data-align=\"right\">\u20ac100<\/td><\/tr><tr><td>Curso iniciaci\u00f3n wing foil 2 dias<\/td><td class=\"has-text-align-right\" data-align=\"right\">\u20ac220<\/td><\/tr><tr><td>Curso iniciaci\u00f3n wing foil 3 dias<\/td><td class=\"has-text-align-right\" data-align=\"right\">\u20ac320<\/td><\/tr><tr><td>Curso iniciaci\u00f3n wing foil 4 dias<\/td><td class=\"has-text-align-right\" data-align=\"right\">\u20ac420<\/td><\/tr><tr><td>Curso iniciaci\u00f3n wing foil 5 dias<\/td><td class=\"has-text-align-right\" data-align=\"right\">\u20ac520<\/td><\/tr><tr><td>VDWS carnet internacional (incluye libreta y carnet)<\/td><td class=\"has-text-align-right\" data-align=\"right\">\u20ac20<\/td><\/tr><\/tbody><\/table><\/figure>\n<\/div><\/div>\n\n\n\n<div class=\"wp-block-buttons is-horizontal is-content-justification-center is-layout-flex wp-container-core-buttons-is-layout-03627597 wp-block-buttons-is-layout-flex\">\n<div class=\"wp-block-button\"><a class=\"wp-block-button__link wp-element-button\" href=\"https:\/\/flagbeach.com\/book-now\/\">Reserva tu curso wing foil ahora<\/a><\/div>\n<\/div>\n<\/div><\/div>\n\n<hr class=\"wp-block-separator has-css-opacity\" \/>\n\n<div class=\"wp-block-cover alignfull is-light\" style=\"min-height:282px;aspect-ratio:unset;\"><img loading=\"lazy\" decoding=\"async\" width=\"1440\" height=\"540\" sizes=\"auto, (max-width: 799px) 200vw, (max-width: 1440px) 100vw, 1440px\" class=\"wp-block-cover__image-background wp-image-903\" alt=\"\" src=\"https:\/\/www.flagbeach.com\/wp-content\/uploads\/2021\/02\/Action-shots-Echo-2020_92_1440x540_acf_cropped.jpg\" style=\"object-position:51% 98%\" data-object-fit=\"cover\" data-object-position=\"51% 98%\" srcset=\"https:\/\/www.flagbeach.com\/wp-content\/uploads\/2021\/02\/Action-shots-Echo-2020_92_1440x540_acf_cropped.jpg 1440w, https:\/\/www.flagbeach.com\/wp-content\/uploads\/2021\/02\/Action-shots-Echo-2020_92_1440x540_acf_cropped-300x113.jpg 300w, https:\/\/www.flagbeach.com\/wp-content\/uploads\/2021\/02\/Action-shots-Echo-2020_92_1440x540_acf_cropped-1024x384.jpg 1024w, https:\/\/www.flagbeach.com\/wp-content\/uploads\/2021\/02\/Action-shots-Echo-2020_92_1440x540_acf_cropped-768x288.jpg 768w\" \/><span aria-hidden=\"true\" class=\"wp-block-cover__background has-background-dim-0 has-background-dim\"><\/span><div class=\"wp-block-cover__inner-container is-layout-flow wp-block-cover-is-layout-flow\">\n<p class=\"has-text-align-center has-large-font-size\"><\/p>\n<\/div><\/div>\n","protected":false},"excerpt":{"rendered":"<p>Nuestros cursos de wing foil en Fuerteventura Quieres aprender un deporte nuevo? tenemos DOS cursos: una de 1.5 horas perfecto para aquellos que no han hecho ningun deporte nautico y un curso de 1-5 dias completo que cubre todo sobre viento, como manejar el foil y conjuntamente foil y wing! Cursos de wing foil de&hellip; <a class=\"more-link\" href=\"https:\/\/www.flagbeach.com\/es\/wing-foil\/cursos-de-wing-foil\/\">Seguir leyendo <span class=\"screen-reader-text\">Cursos de wing foil<\/span><\/a><\/p>\n","protected":false},"author":1,"featured_media":0,"parent":1911,"menu_order":0,"comment_status":"closed","ping_status":"closed","template":"tw-header-transparent.php","meta":{"footnotes":""},"class_list":["post-1924","page","type-page","status-publish","hentry","entry"],"_links":{"self":[{"href":"https:\/\/www.flagbeach.com\/es\/wp-json\/wp\/v2\/pages\/1924","targetHints":{"allow":["GET"]}}],"collection":[{"href":"https:\/\/www.flagbeach.com\/es\/wp-json\/wp\/v2\/pages"}],"about":[{"href":"https:\/\/www.flagbeach.com\/es\/wp-json\/wp\/v2\/types\/page"}],"author":[{"embeddable":true,"href":"https:\/\/www.flagbeach.com\/es\/wp-json\/wp\/v2\/users\/1"}],"replies":[{"embeddable":true,"href":"https:\/\/www.flagbeach.com\/es\/wp-json\/wp\/v2\/comments?post=1924"}],"version-history":[{"count":17,"href":"https:\/\/www.flagbeach.com\/es\/wp-json\/wp\/v2\/pages\/1924\/revisions"}],"predecessor-version":[{"id":13440,"href":"https:\/\/www.flagbeach.com\/es\/wp-json\/wp\/v2\/pages\/1924\/revisions\/13440"}],"up":[{"embeddable":true,"href":"https:\/\/www.flagbeach.com\/es\/wp-json\/wp\/v2\/pages\/1911"}],"wp:attachment":[{"href":"https:\/\/www.flagbeach.com\/es\/wp-json\/wp\/v2\/media?parent=1924"}],"curies":[{"name":"wp","href":"https:\/\/api.w.org\/{rel}","templated":true}]}}