{"id":1914,"date":"2021-03-30T16:00:02","date_gmt":"2021-03-30T16:00:02","guid":{"rendered":"https:\/\/flagbeach.com\/wing-foil\/alquiler-de-wing-foil\/"},"modified":"2025-12-17T13:33:49","modified_gmt":"2025-12-17T13:33:49","slug":"alquiler-de-wing-foil","status":"publish","type":"page","link":"https:\/\/www.flagbeach.com\/es\/wing-foil\/alquiler-de-wing-foil\/","title":{"rendered":"Alquiler de wing foil"},"content":{"rendered":"\n<div class=\"wp-block-cover alignfull has-custom-content-position is-position-top-left is-light\" style=\"min-height:30vw;aspect-ratio:unset;\"><img loading=\"lazy\" decoding=\"async\" width=\"1600\" height=\"600\" sizes=\"auto, (max-width: 799px) 200vw, (max-width: 1600px) 100vw, 1600px\" class=\"wp-block-cover__image-background wp-image-900\" alt=\"\" src=\"https:\/\/www.flagbeach.com\/wp-content\/uploads\/2021\/02\/Action-shots-Echo-2020_9_1600x600_acf_cropped.jpg\" style=\"object-position:50% 0%\" data-object-fit=\"cover\" data-object-position=\"50% 0%\" srcset=\"https:\/\/www.flagbeach.com\/wp-content\/uploads\/2021\/02\/Action-shots-Echo-2020_9_1600x600_acf_cropped.jpg 1600w, https:\/\/www.flagbeach.com\/wp-content\/uploads\/2021\/02\/Action-shots-Echo-2020_9_1600x600_acf_cropped-300x113.jpg 300w, https:\/\/www.flagbeach.com\/wp-content\/uploads\/2021\/02\/Action-shots-Echo-2020_9_1600x600_acf_cropped-1024x384.jpg 1024w, https:\/\/www.flagbeach.com\/wp-content\/uploads\/2021\/02\/Action-shots-Echo-2020_9_1600x600_acf_cropped-768x288.jpg 768w, https:\/\/www.flagbeach.com\/wp-content\/uploads\/2021\/02\/Action-shots-Echo-2020_9_1600x600_acf_cropped-1536x576.jpg 1536w, https:\/\/www.flagbeach.com\/wp-content\/uploads\/2021\/02\/Action-shots-Echo-2020_9_1600x600_acf_cropped-1568x588.jpg 1568w\" \/><span aria-hidden=\"true\" class=\"wp-block-cover__background has-background-dim-100 has-background-dim wp-block-cover__gradient-background has-background-gradient\" style=\"background:linear-gradient(180deg,rgb(20,62,94) 0%,rgba(255,255,255,0) 48%,rgba(20,61,93,0) 67%,rgb(20,62,94) 100%)\"><\/span><div class=\"wp-block-cover__inner-container is-layout-flow wp-block-cover-is-layout-flow\">\n<h1 class=\"wp-block-heading has-text-align-left has-subtle-color has-text-color\">Alquiler de wing foil<\/h1>\n\n\n\n<p><\/p>\n<\/div><\/div>\n\n<div class=\"wp-block-group alignfull\"><div class=\"wp-block-group__inner-container is-layout-flow wp-block-group-is-layout-flow\">\n<h2 class=\"wp-block-heading\">Alquila tu material con nosotros.<\/h2>\n\n\n\n<p>Para los navegantes de nivel intermedio a avanzado que quieran navegar en solitario, disponemos del mejor equipo de wing foil en alquiler y una ubicaci\u00f3n exclusiva frente al mar. Echa un vistazo a nuestras marcas de equipamiento y elige tu tabla y ala foil preferidas.  <\/p>\n\n\n\n<div class=\"wp-block-buttons is-horizontal is-content-justification-center is-layout-flex wp-container-core-buttons-is-layout-03627597 wp-block-buttons-is-layout-flex\">\n<div class=\"wp-block-button\"><a class=\"wp-block-button__link wp-element-button\" href=\"https:\/\/flagbeach.com\/book-now\/\">Reserva tu estancia wing foil ahora<\/a><\/div>\n<\/div>\n\n\n\n<h2 class=\"wp-block-heading alignwide\">Precios de alquiler de wing foil<\/h2>\n\n\n\n<figure class=\"wp-block-table\"><table><thead><tr><th>Dias<\/th><th>Solo el wing<\/th><th><strong>Equipo completo<\/strong><\/th><th>Solo Tabla<\/th><\/tr><\/thead><tbody><tr><td>1\/2<\/td><td>40 <sup>\u20ac<\/sup><\/td><td>70 <sup>\u20ac<\/sup><\/td><td> 45 \u20ac <\/td><\/tr><tr><td>1<\/td><td>45 <sup>\u20ac<\/sup><\/td><td>80 <sup>\u20ac<\/sup><\/td><td> 55 <sup>\u20ac<\/sup>  <\/td><\/tr><tr><td>2<\/td><td>95 <sup>\u20ac<\/sup><\/td><td>140 <sup>\u20ac<\/sup><\/td><td> 85 <sup>\u20ac<\/sup> <\/td><\/tr><tr><td>3<\/td><td>120 <sup>\u20ac<\/sup><\/td><td>190 <sup>\u20ac<\/sup><\/td><td> 120 \u20ac <\/td><\/tr><tr><td>4<\/td><td>150 <sup>\u20ac<\/sup><\/td><td>250 <sup>\u20ac<\/sup><\/td><td> 150 \u20ac <\/td><\/tr><tr><td>5<\/td><td>150 <sup>\u20ac<\/sup><\/td><td>250 <sup>\u20ac<\/sup><\/td><td> 165 <sup>\u20ac<\/sup> <\/td><\/tr><tr><td>6<\/td><td>160 <sup>\u20ac<\/sup><\/td><td>280 <sup>\u20ac<\/sup><\/td><td>180 <sup>\u20ac<\/sup> <\/td><\/tr><tr><td>7<\/td><td>160 <sup>\u20ac<\/sup><\/td><td>280 <sup>\u20ac<\/sup><\/td><td> 190 \u20ac <\/td><\/tr><tr><td>8<\/td><td>180 <sup>\u20ac<\/sup><\/td><td>295 <sup>\u20ac<\/sup><\/td><td> 200 \u20ac <\/td><\/tr><tr><td>9<\/td><td>200 <sup>\u20ac<\/sup><\/td><td>320 <sup>\u20ac<\/sup><\/td><td> 210 <sup>\u20ac<\/sup> <\/td><\/tr><tr><td>10<\/td><td>210 <sup>\u20ac<\/sup><\/td><td>350 <sup>\u20ac<\/sup><\/td><td> 220 \u20ac <\/td><\/tr><tr><td>11<\/td><td>220 <sup>\u20ac<\/sup><\/td><td>380 <sup>\u20ac<\/sup><\/td><td> 230 \u20ac <\/td><\/tr><tr><td>12<\/td><td>230 <sup>\u20ac<\/sup><\/td><td>410 <sup>\u20ac<\/sup><\/td><td> 240 \u20ac <\/td><\/tr><tr><td>13<\/td><td>240 <sup>\u20ac<\/sup><\/td><td>430 <sup>\u20ac<\/sup><\/td><td> 250 \u20ac <\/td><\/tr><tr><td>14<\/td><td>250 <sup>\u20ac<\/sup><\/td><td>430 <sup>\u20ac<\/sup><\/td><td> 260 \u20ac <\/td><\/tr><tr><td>15<\/td><td>260 <sup>\u20ac<\/sup><\/td><td>450 <sup>\u20ac<\/sup><\/td><td> 270 \u20ac <\/td><\/tr><tr><td>16<\/td><td>270 <sup>\u20ac<\/sup><\/td><td>460 <sup>\u20ac<\/sup><\/td><td> 280 \u20ac <\/td><\/tr><tr><td>17<\/td><td>280 <sup>\u20ac<\/sup><\/td><td>470 <sup>\u20ac<\/sup><\/td><td> 290 \u20ac <\/td><\/tr><tr><td>18<\/td><td>290 <sup>\u20ac<\/sup><\/td><td>480 <sup>\u20ac<\/sup><\/td><td> 300 \u20ac <\/td><\/tr><tr><td>19<\/td><td>300 <sup>\u20ac<\/sup><\/td><td>490 <sup>\u20ac<\/sup><\/td><td> 310 \u20ac <\/td><\/tr><tr><td>20<\/td><td>310 <sup>\u20ac<\/sup><\/td><td>500 <sup>\u20ac<\/sup><\/td><td> 320 \u20ac <\/td><\/tr><tr><td>21<\/td><td>320 <sup>\u20ac<\/sup><\/td><td>500 <sup>\u20ac<\/sup><\/td><td> 320 \u20ac <\/td><\/tr><\/tbody><\/table><\/figure>\n<\/div><\/div>\n\n<h2 class=\"wp-block-heading alignwide\">Material Wing foil<\/h2>\n\n<div class=\"wp-block-group alignfull\"><div class=\"wp-block-group__inner-container is-layout-flow wp-block-group-is-layout-flow\">\n<div class=\"wp-block-columns alignwide tw-gutter-large is-layout-flex wp-container-core-columns-is-layout-d0b3c9c8 wp-block-columns-is-layout-flex\">\n<div class=\"wp-block-column is-layout-flow wp-block-column-is-layout-flow\">\n<h3 class=\"wp-block-heading alignwide\">Wings<\/h3>\n\n\n\n<h4 class=\"wp-block-heading\">Slick Wing<\/h4>\n\n\n\n<div class=\"wp-block-columns is-layout-flex wp-container-core-columns-is-layout-d0b3c9c8 wp-block-columns-is-layout-flex\">\n<div class=\"wp-block-column is-layout-flow wp-block-column-is-layout-flow\">\n<figure class=\"wp-block-image size-large\"><img loading=\"lazy\" decoding=\"async\" width=\"1024\" height=\"1024\" src=\"https:\/\/www.flagbeach.com\/wp-content\/uploads\/2021\/03\/SLICK21_CC6_PP1-1024x1024.png\" alt=\"Slick wing\" class=\"wp-image-1631\" title=\"Slick wing\" srcset=\"https:\/\/www.flagbeach.com\/wp-content\/uploads\/2021\/03\/SLICK21_CC6_PP1-1024x1024.png 1024w, https:\/\/www.flagbeach.com\/wp-content\/uploads\/2021\/03\/SLICK21_CC6_PP1-300x300.png 300w, https:\/\/www.flagbeach.com\/wp-content\/uploads\/2021\/03\/SLICK21_CC6_PP1-150x150.png 150w, https:\/\/www.flagbeach.com\/wp-content\/uploads\/2021\/03\/SLICK21_CC6_PP1-768x768.png 768w, https:\/\/www.flagbeach.com\/wp-content\/uploads\/2021\/03\/SLICK21_CC6_PP1-1536x1536.png 1536w, https:\/\/www.flagbeach.com\/wp-content\/uploads\/2021\/03\/SLICK21_CC6_PP1-1568x1568.png 1568w, https:\/\/www.flagbeach.com\/wp-content\/uploads\/2021\/03\/SLICK21_CC6_PP1.png 1750w\" sizes=\"auto, (max-width: 1024px) 100vw, 1024px\" \/><\/figure>\n<\/div>\n\n\n\n<div class=\"wp-block-column is-layout-flow wp-block-column-is-layout-flow\">\n<p>The Slick is the most versatile wing in the range, easy to fly, intuitive handling and incredible stability no matter the conditions or how you choose to ride!<\/p>\n<\/div>\n<\/div>\n\n\n\n<h4 class=\"wp-block-heading\">Echo Wing<\/h4>\n\n\n\n<div class=\"wp-block-columns is-layout-flex wp-container-core-columns-is-layout-d0b3c9c8 wp-block-columns-is-layout-flex\">\n<div class=\"wp-block-column is-layout-flow wp-block-column-is-layout-flow\">\n<figure class=\"wp-block-image size-large\"><img loading=\"lazy\" decoding=\"async\" width=\"1024\" height=\"1024\" src=\"https:\/\/www.flagbeach.com\/wp-content\/uploads\/2021\/03\/ECHO21_CC3-1024x1024.png\" alt=\"Echo wing\" class=\"wp-image-1634\" title=\"Echo wing\" srcset=\"https:\/\/www.flagbeach.com\/wp-content\/uploads\/2021\/03\/ECHO21_CC3-1024x1024.png 1024w, https:\/\/www.flagbeach.com\/wp-content\/uploads\/2021\/03\/ECHO21_CC3-300x300.png 300w, https:\/\/www.flagbeach.com\/wp-content\/uploads\/2021\/03\/ECHO21_CC3-150x150.png 150w, https:\/\/www.flagbeach.com\/wp-content\/uploads\/2021\/03\/ECHO21_CC3-768x768.png 768w, https:\/\/www.flagbeach.com\/wp-content\/uploads\/2021\/03\/ECHO21_CC3-1536x1536.png 1536w, https:\/\/www.flagbeach.com\/wp-content\/uploads\/2021\/03\/ECHO21_CC3-1568x1568.png 1568w, https:\/\/www.flagbeach.com\/wp-content\/uploads\/2021\/03\/ECHO21_CC3.png 1750w\" sizes=\"auto, (max-width: 1024px) 100vw, 1024px\" \/><\/figure>\n<\/div>\n\n\n\n<div class=\"wp-block-column is-layout-flow wp-block-column-is-layout-flow\">\n<p>A wing for powered riding in all conditions, perfect for freeriding, waves, light wind and freestyle! The perfect wing for even the very first days on the water.<\/p>\n<\/div>\n<\/div>\n<\/div>\n\n\n\n<div class=\"wp-block-column is-layout-flow wp-block-column-is-layout-flow\">\n<h3 class=\"wp-block-heading\">Tablas Foil<\/h3>\n\n\n\n<h4 class=\"wp-block-heading\">Sky SUP Foil<\/h4>\n\n\n\n<div class=\"wp-block-columns is-layout-flex wp-container-core-columns-is-layout-d0b3c9c8 wp-block-columns-is-layout-flex\">\n<div class=\"wp-block-column is-layout-flow wp-block-column-is-layout-flow\">\n<figure class=\"wp-block-image size-large\"><img loading=\"lazy\" decoding=\"async\" width=\"750\" height=\"750\" src=\"https:\/\/www.flagbeach.com\/wp-content\/uploads\/2021\/03\/F20_13200-1118.png\" alt=\"Sky SUP foil\" class=\"wp-image-1637\" title=\"Sky SUP foil\" srcset=\"https:\/\/www.flagbeach.com\/wp-content\/uploads\/2021\/03\/F20_13200-1118.png 750w, https:\/\/www.flagbeach.com\/wp-content\/uploads\/2021\/03\/F20_13200-1118-300x300.png 300w, https:\/\/www.flagbeach.com\/wp-content\/uploads\/2021\/03\/F20_13200-1118-150x150.png 150w\" sizes=\"auto, (max-width: 750px) 100vw, 750px\" \/><\/figure>\n<\/div>\n\n\n\n<div class=\"wp-block-column is-layout-flow wp-block-column-is-layout-flow\">\n<p>La Sky SUP es nuestra tabla de SUP 100 % dedicada al foil, dise\u00f1ada para maximizar tu diversi\u00f3n, incluso en olas peque\u00f1as, y para ofrecerte los recorridos m\u00e1s largos de tu vida.<\/p>\n\n\n\n<p>Todo en la compacta Sky SUP ha sido optimizado para que sea lo m\u00e1s f\u00e1cil posible coger olas.<\/p>\n<\/div>\n<\/div>\n<\/div>\n<\/div>\n<\/div><\/div>\n\n<div class=\"wp-block-cover alignfull is-light\" style=\"min-height:282px;aspect-ratio:unset;\"><img loading=\"lazy\" decoding=\"async\" width=\"1440\" height=\"540\" sizes=\"auto, (max-width: 799px) 200vw, (max-width: 1440px) 100vw, 1440px\" class=\"wp-block-cover__image-background wp-image-897\" alt=\"\" src=\"https:\/\/www.flagbeach.com\/wp-content\/uploads\/2021\/02\/Action-shots-Echo-2020_8_1440x540_acf_cropped.jpg\" style=\"object-position:50% 53%\" data-object-fit=\"cover\" data-object-position=\"50% 53%\" srcset=\"https:\/\/www.flagbeach.com\/wp-content\/uploads\/2021\/02\/Action-shots-Echo-2020_8_1440x540_acf_cropped.jpg 1440w, https:\/\/www.flagbeach.com\/wp-content\/uploads\/2021\/02\/Action-shots-Echo-2020_8_1440x540_acf_cropped-300x113.jpg 300w, https:\/\/www.flagbeach.com\/wp-content\/uploads\/2021\/02\/Action-shots-Echo-2020_8_1440x540_acf_cropped-1024x384.jpg 1024w, https:\/\/www.flagbeach.com\/wp-content\/uploads\/2021\/02\/Action-shots-Echo-2020_8_1440x540_acf_cropped-768x288.jpg 768w\" \/><span aria-hidden=\"true\" class=\"wp-block-cover__background has-background-dim-0 has-background-dim\"><\/span><div class=\"wp-block-cover__inner-container is-layout-flow wp-block-cover-is-layout-flow\">\n<p class=\"has-text-align-center has-large-font-size\"><\/p>\n<\/div><\/div>\n\n<hr class=\"wp-block-separator has-css-opacity\" \/>\n","protected":false},"excerpt":{"rendered":"<p>Alquila tu material con nosotros. Para los navegantes de nivel intermedio a avanzado que quieran navegar en solitario, disponemos del mejor equipo de wing foil en alquiler y una ubicaci\u00f3n exclusiva frente al mar. Echa un vistazo a nuestras marcas de equipamiento y elige tu tabla y ala foil preferidas. Precios de alquiler de wing&hellip; <a class=\"more-link\" href=\"https:\/\/www.flagbeach.com\/es\/wing-foil\/alquiler-de-wing-foil\/\">Seguir leyendo <span class=\"screen-reader-text\">Alquiler de wing foil<\/span><\/a><\/p>\n","protected":false},"author":1,"featured_media":0,"parent":1911,"menu_order":0,"comment_status":"closed","ping_status":"closed","template":"tw-header-transparent.php","meta":{"footnotes":""},"class_list":["post-1914","page","type-page","status-publish","hentry","entry"],"_links":{"self":[{"href":"https:\/\/www.flagbeach.com\/es\/wp-json\/wp\/v2\/pages\/1914","targetHints":{"allow":["GET"]}}],"collection":[{"href":"https:\/\/www.flagbeach.com\/es\/wp-json\/wp\/v2\/pages"}],"about":[{"href":"https:\/\/www.flagbeach.com\/es\/wp-json\/wp\/v2\/types\/page"}],"author":[{"embeddable":true,"href":"https:\/\/www.flagbeach.com\/es\/wp-json\/wp\/v2\/users\/1"}],"replies":[{"embeddable":true,"href":"https:\/\/www.flagbeach.com\/es\/wp-json\/wp\/v2\/comments?post=1914"}],"version-history":[{"count":18,"href":"https:\/\/www.flagbeach.com\/es\/wp-json\/wp\/v2\/pages\/1914\/revisions"}],"predecessor-version":[{"id":13731,"href":"https:\/\/www.flagbeach.com\/es\/wp-json\/wp\/v2\/pages\/1914\/revisions\/13731"}],"up":[{"embeddable":true,"href":"https:\/\/www.flagbeach.com\/es\/wp-json\/wp\/v2\/pages\/1911"}],"wp:attachment":[{"href":"https:\/\/www.flagbeach.com\/es\/wp-json\/wp\/v2\/media?parent=1914"}],"curies":[{"name":"wp","href":"https:\/\/api.w.org\/{rel}","templated":true}]}}