{"id":1911,"date":"2021-03-30T15:36:08","date_gmt":"2021-03-30T15:36:08","guid":{"rendered":"https:\/\/flagbeach.com\/wing-foil\/"},"modified":"2025-12-15T22:52:50","modified_gmt":"2025-12-15T22:52:50","slug":"wing-foil","status":"publish","type":"page","link":"https:\/\/www.flagbeach.com\/es\/wing-foil\/","title":{"rendered":"Wing foil"},"content":{"rendered":"\n<div class=\"wp-block-cover alignfull has-custom-content-position is-position-top-left\" style=\"min-height:632px;aspect-ratio:unset;\"><img loading=\"lazy\" decoding=\"async\" width=\"2560\" height=\"1920\" sizes=\"auto, (max-width: 799px) 200vw, (max-width: 2560px) 100vw, 2560px\" class=\"wp-block-cover__image-background wp-image-5607\" alt=\"\" src=\"https:\/\/www.flagbeach.com\/wp-content\/uploads\/2023\/03\/DJI_0027-scaled.jpg\" data-object-fit=\"cover\" srcset=\"https:\/\/www.flagbeach.com\/wp-content\/uploads\/2023\/03\/DJI_0027-scaled.jpg 2560w, https:\/\/www.flagbeach.com\/wp-content\/uploads\/2023\/03\/DJI_0027-300x225.jpg 300w, https:\/\/www.flagbeach.com\/wp-content\/uploads\/2023\/03\/DJI_0027-1024x768.jpg 1024w, https:\/\/www.flagbeach.com\/wp-content\/uploads\/2023\/03\/DJI_0027-768x576.jpg 768w, https:\/\/www.flagbeach.com\/wp-content\/uploads\/2023\/03\/DJI_0027-1536x1152.jpg 1536w, https:\/\/www.flagbeach.com\/wp-content\/uploads\/2023\/03\/DJI_0027-2048x1536.jpg 2048w, https:\/\/www.flagbeach.com\/wp-content\/uploads\/2023\/03\/DJI_0027-1568x1176.jpg 1568w\" \/><span aria-hidden=\"true\" class=\"wp-block-cover__background has-background-dim-100 has-background-dim wp-block-cover__gradient-background has-background-gradient\" style=\"background:linear-gradient(180deg,rgb(20,62,94) 0%,rgba(255,255,255,0) 48%,rgba(20,61,93,0) 67%,rgb(20,62,94) 100%)\"><\/span><div class=\"wp-block-cover__inner-container is-layout-flow wp-block-cover-is-layout-flow\">\n<h1 class=\"wp-block-heading has-text-align-left has-white-color has-text-color\">Wing foil<\/h1>\n<\/div><\/div>\n\n<div class=\"wp-block-group alignfull\"><div class=\"wp-block-group__inner-container is-layout-flow wp-block-group-is-layout-flow\">\n<div class=\"wp-block-columns alignwide are-vertically-aligned-center is-style-default tw-gutter-large tw-cols-stack-md is-layout-flex wp-container-core-columns-is-layout-d0b3c9c8 wp-block-columns-is-layout-flex\">\n<div class=\"wp-block-column is-vertically-aligned-center is-layout-flow wp-block-column-is-layout-flow\">\n<h3 class=\"wp-block-heading\">En Flag Beach estim\u00f3 ofreciendo el nuevo deporte!<\/h3>\n\n\n\n<p>Wing Foil se ha puesto muy de moda y tenemos una ubicaci\u00f3n  perfecta para aprender con una playa arenosa, agua plana y un viento ligero de 10-15 nudos.<\/p>\n\n\n\n<p>Tenemos material de alta gama para aprender con tablas Fanatic y wings Duotone; \u00e1nade a esto nuestra infraestructura y ubicaci\u00f3n y flota de barcos y la experiencia no puede ser m\u00e1s positivo.<\/p>\n<\/div>\n\n\n\n<div class=\"wp-block-column is-vertically-aligned-center is-layout-flow wp-block-column-is-layout-flow\">\n<figure class=\"wp-block-embed is-type-video is-provider-youtube wp-block-embed-youtube wp-embed-aspect-16-9 wp-has-aspect-ratio\"><div class=\"wp-block-embed__wrapper\">\r\n<iframe loading=\"lazy\" title=\"Learn to WING FOIL at Flag Beach, Fuerteventura\" width=\"750\" height=\"422\" src=\"https:\/\/www.youtube.com\/embed\/FuYb_-SRZrg?feature=oembed\" frameborder=\"0\" allow=\"accelerometer; autoplay; clipboard-write; encrypted-media; gyroscope; picture-in-picture\" allowfullscreen><\/iframe>\r\n<\/div><\/figure>\r\n<\/div>\n<\/div>\n<\/div><\/div>\n\n<div class=\"wp-block-buttons is-horizontal is-content-justification-center is-layout-flex wp-container-core-buttons-is-layout-03627597 wp-block-buttons-is-layout-flex\">\n<div class=\"wp-block-button\"><a class=\"wp-block-button__link wp-element-button\" href=\"https:\/\/flagbeach.com\/book-now\/\">Reserva tu curso de wing foil ahora<\/a><\/div>\n<\/div>\n\n<div class=\"wp-block-columns alignwide is-layout-flex wp-container-core-columns-is-layout-d0b3c9c8 wp-block-columns-is-layout-flex\">\n<div class=\"wp-block-column is-layout-flow wp-block-column-is-layout-flow\" style=\"--col-width:33.33%;flex-basis:33.33%\">\n<figure class=\"wp-block-image size-large\"><img loading=\"lazy\" decoding=\"async\" width=\"1024\" height=\"640\" src=\"https:\/\/www.flagbeach.com\/wp-content\/uploads\/2022\/01\/Action-shots-Echo-2020_9-1024x640.jpg\" alt=\"\" class=\"wp-image-2927\" srcset=\"https:\/\/www.flagbeach.com\/wp-content\/uploads\/2022\/01\/Action-shots-Echo-2020_9-1024x640.jpg 1024w, https:\/\/www.flagbeach.com\/wp-content\/uploads\/2022\/01\/Action-shots-Echo-2020_9-300x188.jpg 300w, https:\/\/www.flagbeach.com\/wp-content\/uploads\/2022\/01\/Action-shots-Echo-2020_9-768x480.jpg 768w, https:\/\/www.flagbeach.com\/wp-content\/uploads\/2022\/01\/Action-shots-Echo-2020_9-1536x960.jpg 1536w, https:\/\/www.flagbeach.com\/wp-content\/uploads\/2022\/01\/Action-shots-Echo-2020_9-1568x980.jpg 1568w, https:\/\/www.flagbeach.com\/wp-content\/uploads\/2022\/01\/Action-shots-Echo-2020_9.jpg 1920w\" sizes=\"auto, (max-width: 1024px) 100vw, 1024px\" \/><\/figure>\n\n\n\n<figure class=\"wp-block-image size-large\"><img loading=\"lazy\" decoding=\"async\" width=\"1024\" height=\"640\" src=\"https:\/\/www.flagbeach.com\/wp-content\/uploads\/2022\/01\/Action-shots-Echo-2020_4-1024x640.jpg\" alt=\"\" class=\"wp-image-2924\" srcset=\"https:\/\/www.flagbeach.com\/wp-content\/uploads\/2022\/01\/Action-shots-Echo-2020_4-1024x640.jpg 1024w, https:\/\/www.flagbeach.com\/wp-content\/uploads\/2022\/01\/Action-shots-Echo-2020_4-300x188.jpg 300w, https:\/\/www.flagbeach.com\/wp-content\/uploads\/2022\/01\/Action-shots-Echo-2020_4-768x480.jpg 768w, https:\/\/www.flagbeach.com\/wp-content\/uploads\/2022\/01\/Action-shots-Echo-2020_4-1536x960.jpg 1536w, https:\/\/www.flagbeach.com\/wp-content\/uploads\/2022\/01\/Action-shots-Echo-2020_4-1568x980.jpg 1568w, https:\/\/www.flagbeach.com\/wp-content\/uploads\/2022\/01\/Action-shots-Echo-2020_4.jpg 1920w\" sizes=\"auto, (max-width: 1024px) 100vw, 1024px\" \/><\/figure>\n<\/div>\n\n\n\n<div class=\"wp-block-column is-layout-flow wp-block-column-is-layout-flow\" style=\"--col-width:66.66%;flex-basis:66.66%\">\n<figure class=\"wp-block-image size-large\"><img loading=\"lazy\" decoding=\"async\" width=\"1024\" height=\"819\" src=\"https:\/\/www.flagbeach.com\/wp-content\/uploads\/2023\/03\/DSC01556-1-1024x819.jpg\" alt=\"\" class=\"wp-image-5615\" srcset=\"https:\/\/www.flagbeach.com\/wp-content\/uploads\/2023\/03\/DSC01556-1-1024x819.jpg 1024w, https:\/\/www.flagbeach.com\/wp-content\/uploads\/2023\/03\/DSC01556-1-300x240.jpg 300w, https:\/\/www.flagbeach.com\/wp-content\/uploads\/2023\/03\/DSC01556-1-768x614.jpg 768w, https:\/\/www.flagbeach.com\/wp-content\/uploads\/2023\/03\/DSC01556-1-1536x1229.jpg 1536w, https:\/\/www.flagbeach.com\/wp-content\/uploads\/2023\/03\/DSC01556-1-2048x1638.jpg 2048w, https:\/\/www.flagbeach.com\/wp-content\/uploads\/2023\/03\/DSC01556-1-1568x1254.jpg 1568w\" sizes=\"auto, (max-width: 1024px) 100vw, 1024px\" \/><\/figure>\n<\/div>\n<\/div>\n\n<div class=\"wp-block-group alignfull\"><div class=\"wp-block-group__inner-container is-layout-flow wp-block-group-is-layout-flow\">\n<p>Tenemos curso para todos niveles aqu\u00ed en Flag Beach.  Puedes elegir la duraci\u00f3n que quieras.<\/p>\n\n\n\n<div class=\"wp-block-columns alignwide tw-cols-stack-md is-layout-flex wp-container-core-columns-is-layout-d0b3c9c8 wp-block-columns-is-layout-flex\">\n<div class=\"wp-block-column is-layout-flow wp-block-column-is-layout-flow\">\n<h3 class=\"wp-block-heading\">Wing foil&#013;\n<span class=\"has-inline-color\" style=\"color: #fdbe07\">cursos<\/span><\/h3>\n\n\n\n<figure class=\"wp-block-image size-large\"><img loading=\"lazy\" decoding=\"async\" width=\"1024\" height=\"384\" src=\"https:\/\/www.flagbeach.com\/wp-content\/uploads\/2021\/02\/Action-shots-Echo-2020_4_1440x540_acf_cropped-1024x384.jpg\" alt=\"Wing foil en Flag Beach\" class=\"wp-image-894\" srcset=\"https:\/\/www.flagbeach.com\/wp-content\/uploads\/2021\/02\/Action-shots-Echo-2020_4_1440x540_acf_cropped-1024x384.jpg 1024w, https:\/\/www.flagbeach.com\/wp-content\/uploads\/2021\/02\/Action-shots-Echo-2020_4_1440x540_acf_cropped-300x113.jpg 300w, https:\/\/www.flagbeach.com\/wp-content\/uploads\/2021\/02\/Action-shots-Echo-2020_4_1440x540_acf_cropped-768x288.jpg 768w, https:\/\/www.flagbeach.com\/wp-content\/uploads\/2021\/02\/Action-shots-Echo-2020_4_1440x540_acf_cropped.jpg 1440w\" sizes=\"auto, (max-width: 1024px) 100vw, 1024px\" \/><\/figure>\n\n\n\n<p>Quieres aprender un nuevo deporte?  te tenemos cubierto con nuestros curso de 4 d\u00edas en el que aprender\u00e1s sobre el viento, como usar el foil (tabla), y como combinarlo con el wing (cometa).<\/p>\n\n\n\n<p><\/p>\n\n\n\n<div class=\"wp-block-buttons is-horizontal is-content-justification-center is-layout-flex wp-container-core-buttons-is-layout-03627597 wp-block-buttons-is-layout-flex\">\n<div class=\"wp-block-button is-style-fill\"><a class=\"wp-block-button__link wp-element-button\" href=\"https:\/\/flagbeach.com\/wing-foiling\/wing-foiling-courses\/\">Mira cursos de wing foil<\/a><\/div>\n<\/div>\n<\/div>\n<\/div>\n<\/div><\/div>\n\n<div class=\"wp-block-cover alignfull is-light\" style=\"min-height:30vw;aspect-ratio:unset;\"><img loading=\"lazy\" decoding=\"async\" width=\"1440\" height=\"540\" sizes=\"auto, (max-width: 799px) 200vw, (max-width: 1440px) 100vw, 1440px\" class=\"wp-block-cover__image-background wp-image-903\" alt=\"\" src=\"https:\/\/www.flagbeach.com\/wp-content\/uploads\/2021\/02\/Action-shots-Echo-2020_92_1440x540_acf_cropped.jpg\" data-object-fit=\"cover\" srcset=\"https:\/\/www.flagbeach.com\/wp-content\/uploads\/2021\/02\/Action-shots-Echo-2020_92_1440x540_acf_cropped.jpg 1440w, https:\/\/www.flagbeach.com\/wp-content\/uploads\/2021\/02\/Action-shots-Echo-2020_92_1440x540_acf_cropped-300x113.jpg 300w, https:\/\/www.flagbeach.com\/wp-content\/uploads\/2021\/02\/Action-shots-Echo-2020_92_1440x540_acf_cropped-1024x384.jpg 1024w, https:\/\/www.flagbeach.com\/wp-content\/uploads\/2021\/02\/Action-shots-Echo-2020_92_1440x540_acf_cropped-768x288.jpg 768w\" \/><span aria-hidden=\"true\" class=\"wp-block-cover__background has-background-dim-0 has-background-dim\"><\/span><div class=\"wp-block-cover__inner-container is-layout-flow wp-block-cover-is-layout-flow\">\n<p class=\"has-text-align-center has-large-font-size\"><\/p>\n<\/div><\/div>\n","protected":false},"excerpt":{"rendered":"<p>En Flag Beach estim\u00f3 ofreciendo el nuevo deporte! Wing Foil se ha puesto muy de moda y tenemos una ubicaci\u00f3n perfecta para aprender con una playa arenosa, agua plana y un viento ligero de 10-15 nudos. Tenemos material de alta gama para aprender con tablas Fanatic y wings Duotone; \u00e1nade a esto nuestra infraestructura y&hellip; <a class=\"more-link\" href=\"https:\/\/www.flagbeach.com\/es\/wing-foil\/\">Seguir leyendo <span class=\"screen-reader-text\">Wing foil<\/span><\/a><\/p>\n","protected":false},"author":1,"featured_media":0,"parent":0,"menu_order":0,"comment_status":"closed","ping_status":"closed","template":"tw-header-transparent.php","meta":{"footnotes":""},"class_list":["post-1911","page","type-page","status-publish","hentry","entry"],"_links":{"self":[{"href":"https:\/\/www.flagbeach.com\/es\/wp-json\/wp\/v2\/pages\/1911","targetHints":{"allow":["GET"]}}],"collection":[{"href":"https:\/\/www.flagbeach.com\/es\/wp-json\/wp\/v2\/pages"}],"about":[{"href":"https:\/\/www.flagbeach.com\/es\/wp-json\/wp\/v2\/types\/page"}],"author":[{"embeddable":true,"href":"https:\/\/www.flagbeach.com\/es\/wp-json\/wp\/v2\/users\/1"}],"replies":[{"embeddable":true,"href":"https:\/\/www.flagbeach.com\/es\/wp-json\/wp\/v2\/comments?post=1911"}],"version-history":[{"count":16,"href":"https:\/\/www.flagbeach.com\/es\/wp-json\/wp\/v2\/pages\/1911\/revisions"}],"predecessor-version":[{"id":13735,"href":"https:\/\/www.flagbeach.com\/es\/wp-json\/wp\/v2\/pages\/1911\/revisions\/13735"}],"wp:attachment":[{"href":"https:\/\/www.flagbeach.com\/es\/wp-json\/wp\/v2\/media?parent=1911"}],"curies":[{"name":"wp","href":"https:\/\/api.w.org\/{rel}","templated":true}]}}