{"id":1909,"date":"2021-03-30T14:53:03","date_gmt":"2021-03-30T14:53:03","guid":{"rendered":"https:\/\/flagbeach.com\/windsurf\/paquetes-de-windsurf\/"},"modified":"2025-12-14T17:07:50","modified_gmt":"2025-12-14T17:07:50","slug":"paquetes-de-windsurf","status":"publish","type":"page","link":"https:\/\/www.flagbeach.com\/es\/windsurf\/paquetes-de-windsurf\/","title":{"rendered":"Paquetes de Windsurf"},"content":{"rendered":"\n<div class=\"wp-block-cover alignfull has-custom-content-position is-position-top-left is-light\" style=\"min-height:30vw;aspect-ratio:unset;\"><img loading=\"lazy\" decoding=\"async\" width=\"1440\" height=\"540\" sizes=\"auto, (max-width: 799px) 200vw, (max-width: 1440px) 100vw, 1440px\" class=\"wp-block-cover__image-background wp-image-877\" alt=\"\" src=\"https:\/\/www.flagbeach.com\/wp-content\/uploads\/2021\/02\/windsurfing-big-2.jpg\" style=\"object-position:50% 0%\" data-object-fit=\"cover\" data-object-position=\"50% 0%\" srcset=\"https:\/\/www.flagbeach.com\/wp-content\/uploads\/2021\/02\/windsurfing-big-2.jpg 1440w, https:\/\/www.flagbeach.com\/wp-content\/uploads\/2021\/02\/windsurfing-big-2-300x113.jpg 300w, https:\/\/www.flagbeach.com\/wp-content\/uploads\/2021\/02\/windsurfing-big-2-1024x384.jpg 1024w, https:\/\/www.flagbeach.com\/wp-content\/uploads\/2021\/02\/windsurfing-big-2-768x288.jpg 768w\" \/><span aria-hidden=\"true\" class=\"wp-block-cover__background has-background-dim-100 has-background-dim wp-block-cover__gradient-background has-background-gradient\" style=\"background:linear-gradient(180deg,rgb(20,62,94) 0%,rgba(255,255,255,0) 48%,rgba(20,61,93,0) 67%,rgb(20,62,94) 100%)\"><\/span><div class=\"wp-block-cover__inner-container is-layout-flow wp-block-cover-is-layout-flow\">\n<h1 class=\"wp-block-heading has-text-align-left has-subtle-color has-text-color\"><span class=\"has-inline-color has-white-color\">Paquetes de Windsurf<\/span><\/h1>\n\n\n\n<p><\/p>\n<\/div><\/div>\n\n<div class=\"wp-block-buttons is-horizontal is-content-justification-center is-layout-flex wp-container-core-buttons-is-layout-03627597 wp-block-buttons-is-layout-flex\">\n<div class=\"wp-block-button\"><a class=\"wp-block-button__link wp-element-button\" href=\"https:\/\/flagbeach.com\/book-now\/\">Reserva tu paquete de windsurf ahora<\/a><\/div>\n<\/div>\n\n<div class=\"wp-block-group alignfull\"><div class=\"wp-block-group__inner-container is-layout-flow wp-block-group-is-layout-flow\">\n<p>Nuestros paquetes y camps te dan la mejor oferta!  Puedes elegir de una selecci\u00f3n de alojamientos; hoteles o apartamentos self catering o hostales econ\u00f3micos.  Anade el curso de windsurf o alquiler para la experiencia Flag Beach completa.<\/p>\n\n\n\n<div class=\"wp-block-columns alignwide is-layout-flex wp-container-core-columns-is-layout-d0b3c9c8 wp-block-columns-is-layout-flex\">\n<div class=\"wp-block-column is-layout-flow wp-block-column-is-layout-flow\" style=\"--col-width:33.33%;flex-basis:33.33%\">\n<figure class=\"wp-block-image size-large\"><img loading=\"lazy\" decoding=\"async\" width=\"1024\" height=\"576\" src=\"https:\/\/www.flagbeach.com\/wp-content\/uploads\/2021\/10\/untitled-18-1024x576.jpg\" alt=\"\" class=\"wp-image-2733\" srcset=\"https:\/\/www.flagbeach.com\/wp-content\/uploads\/2021\/10\/untitled-18-1024x576.jpg 1024w, https:\/\/www.flagbeach.com\/wp-content\/uploads\/2021\/10\/untitled-18-300x169.jpg 300w, https:\/\/www.flagbeach.com\/wp-content\/uploads\/2021\/10\/untitled-18-768x432.jpg 768w, https:\/\/www.flagbeach.com\/wp-content\/uploads\/2021\/10\/untitled-18-1536x864.jpg 1536w, https:\/\/www.flagbeach.com\/wp-content\/uploads\/2021\/10\/untitled-18-2048x1152.jpg 2048w, https:\/\/www.flagbeach.com\/wp-content\/uploads\/2021\/10\/untitled-18-1568x882.jpg 1568w\" sizes=\"auto, (max-width: 1024px) 100vw, 1024px\" \/><\/figure>\n\n\n\n<figure class=\"wp-block-image\"><img loading=\"lazy\" decoding=\"async\" width=\"1063\" height=\"600\" src=\"https:\/\/www.flagbeach.com\/wp-content\/uploads\/2021\/02\/board-racks_1600x600_acf_cropped-edited-4.jpg\" alt=\"\" class=\"wp-image-358\" srcset=\"https:\/\/www.flagbeach.com\/wp-content\/uploads\/2021\/02\/board-racks_1600x600_acf_cropped-edited-4.jpg 1063w, https:\/\/www.flagbeach.com\/wp-content\/uploads\/2021\/02\/board-racks_1600x600_acf_cropped-edited-4-300x169.jpg 300w, https:\/\/www.flagbeach.com\/wp-content\/uploads\/2021\/02\/board-racks_1600x600_acf_cropped-edited-4-1024x578.jpg 1024w, https:\/\/www.flagbeach.com\/wp-content\/uploads\/2021\/02\/board-racks_1600x600_acf_cropped-edited-4-768x433.jpg 768w\" sizes=\"auto, (max-width: 1063px) 100vw, 1063px\" \/><\/figure>\n<\/div>\n\n\n\n<div class=\"wp-block-column is-layout-flow wp-block-column-is-layout-flow\" style=\"--col-width:66.66%;flex-basis:66.66%\">\n<figure class=\"wp-block-image size-large\"><img loading=\"lazy\" decoding=\"async\" width=\"1024\" height=\"683\" src=\"https:\/\/www.flagbeach.com\/wp-content\/uploads\/2021\/10\/benn-9732-1024x683.jpg\" alt=\"\" class=\"wp-image-2769\" srcset=\"https:\/\/www.flagbeach.com\/wp-content\/uploads\/2021\/10\/benn-9732-1024x683.jpg 1024w, https:\/\/www.flagbeach.com\/wp-content\/uploads\/2021\/10\/benn-9732-300x200.jpg 300w, https:\/\/www.flagbeach.com\/wp-content\/uploads\/2021\/10\/benn-9732-768x512.jpg 768w, https:\/\/www.flagbeach.com\/wp-content\/uploads\/2021\/10\/benn-9732-1536x1024.jpg 1536w, https:\/\/www.flagbeach.com\/wp-content\/uploads\/2021\/10\/benn-9732-2048x1365.jpg 2048w, https:\/\/www.flagbeach.com\/wp-content\/uploads\/2021\/10\/benn-9732-1568x1045.jpg 1568w\" sizes=\"auto, (max-width: 1024px) 100vw, 1024px\" \/><figcaption class=\"wp-element-caption\">Beginner Lagoon<\/figcaption><\/figure>\n<\/div>\n<\/div>\n\n\n\n<h2 class=\"wp-block-heading alignwide\">Paquetes de iniciaci\u00f3n de windsurf<\/h2>\n\n\n\n<p>Unas vacaciones econ\u00f3micas de 1 semana para principiantes del windsurf queriendo aprender el deporte que incluye Hostal con desayuno (dormitorio compartido), transporte del aeropuerto y a la playa, pack de almuerzo, curso de windsurf con todo el material.&#013;\nLos cursos solo se imparten ciertos d\u00edas as\u00ed que comprueba con nosotros nts de reservar.<\/p>\n\n\n\n<div class=\"wp-block-getwid-accordion has-icon-left\" data-active-element=\"none\"><\/div>\n\n\n\n<h3 class=\"wp-block-heading\">Precios<\/h3>\n\n\n\n<div class=\"wp-block-group alignfull\"><div class=\"wp-block-group__inner-container is-layout-flow wp-block-group-is-layout-flow\">\n<figure class=\"wp-block-table tw-row-valign-top is-style-tw-border-h\"><table><tbody><tr><td>Beginner windsurfing camp 7 nights<br \/><sup>7 night surf hostel stay, 5 day windsurfing course<\/sup><\/td><td class=\"has-text-align-right\" data-align=\"right\">\u20ac590<\/td><\/tr><tr><td>Beginner windsurfing camp &amp; Yoga 7 nights<br \/><sup>7 night surf hostel stay, 5 day windsurfing course, 5 days yoga<\/sup><\/td><td class=\"has-text-align-right\" data-align=\"right\">\u20ac690<\/td><\/tr><tr><td>Beginner windsurfing camp 14 nights<br \/><sup>14 night surf hostel stay, 5 day windsurfing course, 2 day rental<\/sup><\/td><td class=\"has-text-align-right\" data-align=\"right\">\u20ac905<\/td><\/tr><tr><td>Beginner windsurfing camp &amp; Yoga 14 nights<br \/><sup>14 night surf hostel stay, 5 day windsurfing course, 2 days rental 10 days yoga<\/sup><\/td><td class=\"has-text-align-right\" data-align=\"right\">\u20ac1105<\/td><\/tr><\/tbody><\/table><\/figure>\n\n\n\n<p><\/p>\n<\/div><\/div>\n\n\n\n<div class=\"wp-block-buttons is-horizontal is-content-justification-center is-layout-flex wp-container-core-buttons-is-layout-03627597 wp-block-buttons-is-layout-flex\">\n<div class=\"wp-block-button\"><a class=\"wp-block-button__link wp-element-button\" href=\"https:\/\/flagbeach.com\/book-now\/\">Reserva tu paquete de iniciaci\u00f3n de windsurf ahora<\/a><\/div>\n<\/div>\n\n\n\n<div class=\"wp-block-cover alignfull is-light\" style=\"min-height:280px;aspect-ratio:unset;\"><img loading=\"lazy\" decoding=\"async\" width=\"1600\" height=\"600\" sizes=\"auto, (max-width: 799px) 200vw, (max-width: 1600px) 100vw, 1600px\" class=\"wp-block-cover__image-background wp-image-1202\" alt=\"\" src=\"https:\/\/www.flagbeach.com\/wp-content\/uploads\/2021\/02\/windsurfing-header.jpg\" style=\"object-position:47% 2%\" data-object-fit=\"cover\" data-object-position=\"47% 2%\" srcset=\"https:\/\/www.flagbeach.com\/wp-content\/uploads\/2021\/02\/windsurfing-header.jpg 1600w, https:\/\/www.flagbeach.com\/wp-content\/uploads\/2021\/02\/windsurfing-header-300x113.jpg 300w, https:\/\/www.flagbeach.com\/wp-content\/uploads\/2021\/02\/windsurfing-header-1024x384.jpg 1024w, https:\/\/www.flagbeach.com\/wp-content\/uploads\/2021\/02\/windsurfing-header-768x288.jpg 768w, https:\/\/www.flagbeach.com\/wp-content\/uploads\/2021\/02\/windsurfing-header-1536x576.jpg 1536w, https:\/\/www.flagbeach.com\/wp-content\/uploads\/2021\/02\/windsurfing-header-1568x588.jpg 1568w\" \/><span aria-hidden=\"true\" class=\"wp-block-cover__background has-background-dim-0 has-background-dim\"><\/span><div class=\"wp-block-cover__inner-container is-layout-flow wp-block-cover-is-layout-flow\">\n<p class=\"has-text-align-center has-large-font-size\"><\/p>\n<\/div><\/div>\n\n\n\n<h2 class=\"wp-block-heading alignwide\">Paquetes de iniciaci\u00f3n de windsurf (intermedio)<\/h2>\n\n\n\n<p>Estancia de 1 o 2 semanas de windsurf  para nivel intermedio el que quieren llegar al siguiente nivel que incluye: hostal con desayuno (dormitorio compartido), transporte del aeropuerto y a la playa, pack de almuerzo, curso improver, alquiler de material en flag beach y servicio de rescate.<\/p>\n\n\n\n<p>Nuestro curso intermedio tiene objetivo de mejorar tu nivel.  Si y ha hecho unas 30 horas de de windsurf y quiere llegar al siguiente nivel este es el curso! al final del curso; dependiendo un poco de ti podras hacer el waterstart, trasluchada o quiz\u00e1s llegar al nivel 2 o 3 3 de la certificaci\u00f3n.<\/p>\n\n\n\n<div class=\"wp-block-getwid-accordion has-icon-left\" data-active-element=\"none\"><\/div>\n\n\n\n<h3 class=\"wp-block-heading\">Precios<\/h3>\n\n\n\n<div class=\"wp-block-group alignfull\"><div class=\"wp-block-group__inner-container is-layout-flow wp-block-group-is-layout-flow\">\n<figure class=\"wp-block-table tw-row-valign-top is-style-tw-border-h\"><table><tbody><tr><td>Improver windsurfing camp 7 nights<br \/><sup>7 night surf hostel stay, 5 day windsurfing course, <\/sup><\/td><td class=\"has-text-align-right\" data-align=\"right\">\u20ac625<\/td><\/tr><tr><td>Improver windsurfing camp &amp; Yoga 7 nights<br \/><sup>7 night surf hostel stay, 5 day windsurfing course, 5 days yoga <\/sup><\/td><td class=\"has-text-align-right\" data-align=\"right\">\u20ac725<\/td><\/tr><tr><td>Improver windsurfing camp 14 nights<br \/><sup>14 night surf hostel stay, 5 day windsurfing course, 2 days rental<\/sup><\/td><td class=\"has-text-align-right\" data-align=\"right\">\u20ac940<\/td><\/tr><tr><td>Improver windsurfing camp &amp; Yoga 14 nights<br \/><sup>14 night surf hostel stay, 5 day windsurfing course, 2 days rental, 10 days yoga<\/sup><\/td><td class=\"has-text-align-right\" data-align=\"right\">\u20ac1140<\/td><\/tr><\/tbody><\/table><\/figure>\n\n\n\n<p><\/p>\n<\/div><\/div>\n\n\n\n<div class=\"wp-block-buttons is-horizontal is-content-justification-center is-layout-flex wp-container-core-buttons-is-layout-03627597 wp-block-buttons-is-layout-flex\">\n<div class=\"wp-block-button\"><a class=\"wp-block-button__link wp-element-button\" href=\"https:\/\/flagbeach.com\/book-now\/\">Reserva tu paquete improver ahora<\/a><\/div>\n<\/div>\n<\/div><\/div>\n\n<div class=\"wp-block-cover alignfull is-light\" style=\"min-height:282px;aspect-ratio:unset;\"><img loading=\"lazy\" decoding=\"async\" width=\"1440\" height=\"540\" sizes=\"auto, (max-width: 799px) 200vw, (max-width: 1440px) 100vw, 1440px\" class=\"wp-block-cover__image-background wp-image-880\" alt=\"\" src=\"https:\/\/www.flagbeach.com\/wp-content\/uploads\/2021\/02\/windsurfing-big-3.jpg\" style=\"object-position:50% 21%\" data-object-fit=\"cover\" data-object-position=\"50% 21%\" srcset=\"https:\/\/www.flagbeach.com\/wp-content\/uploads\/2021\/02\/windsurfing-big-3.jpg 1440w, https:\/\/www.flagbeach.com\/wp-content\/uploads\/2021\/02\/windsurfing-big-3-300x113.jpg 300w, https:\/\/www.flagbeach.com\/wp-content\/uploads\/2021\/02\/windsurfing-big-3-1024x384.jpg 1024w, https:\/\/www.flagbeach.com\/wp-content\/uploads\/2021\/02\/windsurfing-big-3-768x288.jpg 768w\" \/><span aria-hidden=\"true\" class=\"wp-block-cover__background has-background-dim-0 has-background-dim\"><\/span><div class=\"wp-block-cover__inner-container is-layout-flow wp-block-cover-is-layout-flow\">\n<p class=\"has-text-align-center has-large-font-size\"><\/p>\n<\/div><\/div>\n\n<div class=\"wp-block-columns alignwide is-layout-flex wp-container-core-columns-is-layout-d0b3c9c8 wp-block-columns-is-layout-flex\">\n<div class=\"wp-block-column is-layout-flow wp-block-column-is-layout-flow\">\n<div class=\"wp-block-group\"><div class=\"wp-block-group__inner-container is-layout-flow wp-block-group-is-layout-flow\">\n<h3 class=\"wp-block-heading\">Windsurfing <span style=\"color:#fdbe07\" class=\"has-inline-color\">courses<\/span> on Fuerteventura<\/h3>\n\n\n\n<figure class=\"wp-block-image size-large\"><img decoding=\"async\" src=\"https:\/\/flagbeach.com\/wp-content\/uploads\/2021\/02\/DSC03694_1440x540_acf_cropped-1024x384.jpg\" alt=\"Windsurfing courses on Fuerteventura\" class=\"wp-image-883\"\/><\/figure>\n\n\n\n<p>Take a windsurfing course and enjoy the lagoons of Fuerteventura. Our beginner, improver and renewal windsurfing courses will give you a taste of this exhilarating water sport or level up your windsurfing skills. Come feel the wind in your hair.<\/p>\n\n\n\n<p><\/p>\n\n\n\n<div class=\"wp-block-buttons aligncenter is-layout-flex wp-block-buttons-is-layout-flex\">\n<div class=\"wp-block-button is-style-fill\"><a class=\"wp-block-button__link\" href=\"https:\/\/flagbeach.com\/es\/windsurf\/cursos-de-windsurf\/\">View windsurf courses<\/a><\/div>\n<\/div>\n<\/div><\/div>\n<\/div>\n\n\n\n<div class=\"wp-block-column is-layout-flow wp-block-column-is-layout-flow\">\n<div class=\"wp-block-group\"><div class=\"wp-block-group__inner-container is-layout-flow wp-block-group-is-layout-flow\">\n<h3 class=\"wp-block-heading\">Windsurfing equipment<br><span style=\"color:#fdbe07\" class=\"has-inline-color\">rentals<\/span><\/h3>\n\n\n\n<figure class=\"wp-block-image size-large\"><img loading=\"lazy\" decoding=\"async\" width=\"1024\" height=\"384\" src=\"https:\/\/flagbeach.com\/wp-content\/uploads\/2021\/02\/windsurfing-big-2-1024x384.jpg\" alt=\"Wind surfing equipment hire\" class=\"wp-image-877\" srcset=\"https:\/\/www.flagbeach.com\/wp-content\/uploads\/2021\/02\/windsurfing-big-2-1024x384.jpg 1024w, https:\/\/www.flagbeach.com\/wp-content\/uploads\/2021\/02\/windsurfing-big-2-300x113.jpg 300w, https:\/\/www.flagbeach.com\/wp-content\/uploads\/2021\/02\/windsurfing-big-2-768x288.jpg 768w, https:\/\/www.flagbeach.com\/wp-content\/uploads\/2021\/02\/windsurfing-big-2.jpg 1440w\" sizes=\"auto, (max-width: 1024px) 100vw, 1024px\" \/><\/figure>\n\n\n\n<p>For intermediate to advanced sailors wanting to go solo, we&#8217;ve got the top windsurf equipment for hire and an exclusive beach front location. Browse our equipment brands and take a pick of your preferred board &amp; sail. You can also store your kit with us on the beach too.<\/p>\n\n\n\n<p><\/p>\n\n\n\n<div class=\"wp-block-buttons aligncenter is-layout-flex wp-block-buttons-is-layout-flex\">\n<div class=\"wp-block-button\"><a class=\"wp-block-button__link\" href=\"https:\/\/flagbeach.com\/es\/windsurf\/alquiler-de-windsurf\/\">View windsurf rentals<\/a><\/div>\n<\/div>\n<\/div><\/div>\n<\/div>\n\n\n\n<div class=\"wp-block-column is-layout-flow wp-block-column-is-layout-flow\">\n<div class=\"wp-block-group\"><div class=\"wp-block-group__inner-container is-layout-flow wp-block-group-is-layout-flow\">\n<h3 class=\"wp-block-heading\">Windsurfing holiday<br><span style=\"color:#fdbe07\" class=\"has-inline-color\">accommodation<\/span><\/h3>\n\n\n\n<figure class=\"wp-block-image size-large\"><img decoding=\"async\" src=\"https:\/\/flagbeach.com\/wp-content\/uploads\/2021\/02\/holiday-accommodation-fuerteventura-769x1024.jpg\" alt=\"Surf holiday accommodation\" class=\"wp-image-1412\"\/><\/figure>\n\n\n\n<p>Our holiday packages and camps give you the best bang for your buck. You can choose from a range of accommodation: luxury hotels or self catering apartments to our budget surf hostels. Add to that our windsurfing course and equipment hire for the full Flag Beach experience.<\/p>\n\n\n\n<p><\/p>\n\n\n\n<div class=\"wp-block-buttons aligncenter is-layout-flex wp-block-buttons-is-layout-flex\">\n<div class=\"wp-block-button\"><a class=\"wp-block-button__link\" href=\"https:\/\/flagbeach.com\/accommodation\/\">View holiday accommodation<\/a><\/div>\n<\/div>\n<\/div><\/div>\n<\/div>\n<\/div>\n\n<hr class=\"wp-block-separator has-css-opacity\" \/>\n\n<div class=\"wp-block-cover alignfull is-light\" style=\"min-height:282px;aspect-ratio:unset;\"><img loading=\"lazy\" decoding=\"async\" width=\"1600\" height=\"600\" sizes=\"auto, (max-width: 799px) 200vw, (max-width: 1600px) 100vw, 1600px\" class=\"wp-block-cover__image-background wp-image-886\" alt=\"\" src=\"https:\/\/www.flagbeach.com\/wp-content\/uploads\/2021\/02\/windsurfing-header-2.jpg\" style=\"object-position:50% 21%\" data-object-fit=\"cover\" data-object-position=\"50% 21%\" srcset=\"https:\/\/www.flagbeach.com\/wp-content\/uploads\/2021\/02\/windsurfing-header-2.jpg 1600w, https:\/\/www.flagbeach.com\/wp-content\/uploads\/2021\/02\/windsurfing-header-2-300x113.jpg 300w, https:\/\/www.flagbeach.com\/wp-content\/uploads\/2021\/02\/windsurfing-header-2-1024x384.jpg 1024w, https:\/\/www.flagbeach.com\/wp-content\/uploads\/2021\/02\/windsurfing-header-2-768x288.jpg 768w, https:\/\/www.flagbeach.com\/wp-content\/uploads\/2021\/02\/windsurfing-header-2-1536x576.jpg 1536w, https:\/\/www.flagbeach.com\/wp-content\/uploads\/2021\/02\/windsurfing-header-2-1568x588.jpg 1568w\" \/><span aria-hidden=\"true\" class=\"wp-block-cover__background has-background-dim-0 has-background-dim\"><\/span><div class=\"wp-block-cover__inner-container is-layout-flow wp-block-cover-is-layout-flow\">\n<p class=\"has-text-align-center has-large-font-size\"><\/p>\n<\/div><\/div>\n","protected":false},"excerpt":{"rendered":"<p>Nuestros paquetes y camps te dan la mejor oferta! Puedes elegir de una selecci\u00f3n de alojamientos; hoteles o apartamentos self catering o hostales econ\u00f3micos. Anade el curso de windsurf o alquiler para la experiencia Flag Beach completa. Paquetes de iniciaci\u00f3n de windsurf Unas vacaciones econ\u00f3micas de 1 semana para principiantes del windsurf queriendo aprender el&hellip; <a class=\"more-link\" href=\"https:\/\/www.flagbeach.com\/es\/windsurf\/paquetes-de-windsurf\/\">Seguir leyendo <span class=\"screen-reader-text\">Paquetes de Windsurf<\/span><\/a><\/p>\n","protected":false},"author":1,"featured_media":0,"parent":1903,"menu_order":0,"comment_status":"closed","ping_status":"closed","template":"tw-header-transparent.php","meta":{"footnotes":""},"class_list":["post-1909","page","type-page","status-publish","hentry","entry"],"_links":{"self":[{"href":"https:\/\/www.flagbeach.com\/es\/wp-json\/wp\/v2\/pages\/1909","targetHints":{"allow":["GET"]}}],"collection":[{"href":"https:\/\/www.flagbeach.com\/es\/wp-json\/wp\/v2\/pages"}],"about":[{"href":"https:\/\/www.flagbeach.com\/es\/wp-json\/wp\/v2\/types\/page"}],"author":[{"embeddable":true,"href":"https:\/\/www.flagbeach.com\/es\/wp-json\/wp\/v2\/users\/1"}],"replies":[{"embeddable":true,"href":"https:\/\/www.flagbeach.com\/es\/wp-json\/wp\/v2\/comments?post=1909"}],"version-history":[{"count":20,"href":"https:\/\/www.flagbeach.com\/es\/wp-json\/wp\/v2\/pages\/1909\/revisions"}],"predecessor-version":[{"id":13476,"href":"https:\/\/www.flagbeach.com\/es\/wp-json\/wp\/v2\/pages\/1909\/revisions\/13476"}],"up":[{"embeddable":true,"href":"https:\/\/www.flagbeach.com\/es\/wp-json\/wp\/v2\/pages\/1903"}],"wp:attachment":[{"href":"https:\/\/www.flagbeach.com\/es\/wp-json\/wp\/v2\/media?parent=1909"}],"curies":[{"name":"wp","href":"https:\/\/api.w.org\/{rel}","templated":true}]}}