{"id":1907,"date":"2021-03-30T14:31:27","date_gmt":"2021-03-30T14:31:27","guid":{"rendered":"https:\/\/flagbeach.com\/windsurf\/alquiler-de-windsurf\/"},"modified":"2025-12-16T21:47:05","modified_gmt":"2025-12-16T21:47:05","slug":"alquiler-de-windsurf","status":"publish","type":"page","link":"https:\/\/www.flagbeach.com\/es\/windsurf\/alquiler-de-windsurf\/","title":{"rendered":"Alquiler de Windsurf"},"content":{"rendered":"\n<div class=\"wp-block-cover alignfull has-custom-content-position is-position-top-left is-light\" style=\"min-height:30vw;aspect-ratio:unset;\"><img loading=\"lazy\" decoding=\"async\" width=\"1440\" height=\"540\" sizes=\"auto, (max-width: 799px) 200vw, (max-width: 1440px) 100vw, 1440px\" class=\"wp-block-cover__image-background wp-image-877\" alt=\"\" src=\"https:\/\/www.flagbeach.com\/wp-content\/uploads\/2021\/02\/windsurfing-big-2.jpg\" style=\"object-position:50% 0%\" data-object-fit=\"cover\" data-object-position=\"50% 0%\" srcset=\"https:\/\/www.flagbeach.com\/wp-content\/uploads\/2021\/02\/windsurfing-big-2.jpg 1440w, https:\/\/www.flagbeach.com\/wp-content\/uploads\/2021\/02\/windsurfing-big-2-300x113.jpg 300w, https:\/\/www.flagbeach.com\/wp-content\/uploads\/2021\/02\/windsurfing-big-2-1024x384.jpg 1024w, https:\/\/www.flagbeach.com\/wp-content\/uploads\/2021\/02\/windsurfing-big-2-768x288.jpg 768w\" \/><span aria-hidden=\"true\" class=\"wp-block-cover__background has-background-dim-100 has-background-dim wp-block-cover__gradient-background has-background-gradient\" style=\"background:linear-gradient(180deg,rgb(20,62,94) 0%,rgba(255,255,255,0) 48%,rgba(20,61,93,0) 67%,rgb(20,62,94) 100%)\"><\/span><div class=\"wp-block-cover__inner-container is-layout-flow wp-block-cover-is-layout-flow\">\n<h1 class=\"wp-block-heading has-text-align-left has-subtle-color has-text-color\"><span class=\"has-inline-color has-white-color\">Alquiler de windsurf<\/span><\/h1>\n\n\n\n<p><\/p>\n<\/div><\/div>\n\n<div class=\"wp-block-group alignfull\"><div class=\"wp-block-group__inner-container is-layout-flow wp-block-group-is-layout-flow\">\n<h2 class=\"wp-block-heading\">Alquila tu material con nosotros.<\/h2>\n\n\n\n<p>Para los windsurfistas de nivel intermedio a avanzado que quieran navegar en solitario, disponemos del mejor equipo de windsurf para alquilar y una ubicaci\u00f3n exclusiva frente al mar. Echa un vistazo a nuestras marcas de equipamiento y elige tu tabla y vela preferidas. <\/p>\n\n\n\n<div class=\"wp-block-buttons is-horizontal is-content-justification-center is-layout-flex wp-container-core-buttons-is-layout-03627597 wp-block-buttons-is-layout-flex\">\n<div class=\"wp-block-button\"><a class=\"wp-block-button__link wp-element-button\" href=\"https:\/\/flagbeach.com\/book-now\/\">Reserva tus vacaciones de windsurf ahora<\/a><\/div>\n<\/div>\n\n\n\n<h2 class=\"wp-block-heading alignwide\">Precios de alquiler de windsurf<\/h2>\n\n\n\n<div class=\"wp-block-columns is-layout-flex wp-container-core-columns-is-layout-d0b3c9c8 wp-block-columns-is-layout-flex\">\n<div class=\"wp-block-column is-layout-flow wp-block-column-is-layout-flow\" style=\"--col-width:100%;flex-basis:100%\">\n<figure class=\"wp-block-table\"><table><thead><tr><th>Dias<\/th><th><strong>Tabla o solo vela<\/strong><\/th><th><strong>Equipo completo<\/strong><\/th><th>Arnes y neopreno<\/th><\/tr><\/thead><tbody><tr><td>1\/2<\/td><td>35 <sup>\u20ac<\/sup><\/td><td>70 <sup>\u20ac<\/sup><\/td><td>5 <sup>\u20ac<\/sup><\/td><\/tr><tr><td>1<\/td><td>35 <sup>\u20ac<\/sup><\/td><td>80 <sup>\u20ac<\/sup><\/td><td>5 <sup>\u20ac<\/sup><\/td><\/tr><tr><td>2<\/td><td>70 <sup>\u20ac<\/sup><\/td><td>140 <sup>\u20ac<\/sup><\/td><td>10 <sup>\u20ac<\/sup><\/td><\/tr><tr><td>3<\/td><td>105 <sup>\u20ac<\/sup><\/td><td>180 <sup>\u20ac<\/sup><\/td><td>15 <sup>\u20ac<\/sup><\/td><\/tr><tr><td>4<\/td><td>130 <sup>\u20ac<\/sup><\/td><td>250 <sup>\u20ac<\/sup><\/td><td>20 <sup>\u20ac<\/sup><\/td><\/tr><tr><td>5<\/td><td>140 <sup>\u20ac<\/sup><\/td><td>250 <sup>\u20ac<\/sup><\/td><td>20 <sup>\u20ac<\/sup><\/td><\/tr><tr><td>6<\/td><td>150 <sup>\u20ac<\/sup><\/td><td>280 <sup>\u20ac<\/sup><\/td><td>25 <sup>\u20ac<\/sup><\/td><\/tr><tr><td>7<\/td><td>160 <sup>\u20ac<\/sup><\/td><td>280 <sup>\u20ac<\/sup><\/td><td>25 <sup>\u20ac<\/sup><\/td><\/tr><tr><td>8<\/td><td>170 <sup>\u20ac<\/sup><\/td><td>295 <sup>\u20ac<\/sup><\/td><td>25 <sup>\u20ac<\/sup><\/td><\/tr><tr><td>9<\/td><td>180 <sup>\u20ac<\/sup><\/td><td>320 <sup>\u20ac<\/sup><\/td><td>25 <sup>\u20ac<\/sup><\/td><\/tr><tr><td>10<\/td><td>190 <sup>\u20ac<\/sup><\/td><td>350 <sup>\u20ac<\/sup><\/td><td>25 <sup>\u20ac<\/sup><\/td><\/tr><tr><td>11<\/td><td>200 <sup>\u20ac<\/sup><\/td><td>380 <sup>\u20ac<\/sup><\/td><td>35 <sup>\u20ac<\/sup><\/td><\/tr><tr><td>12<\/td><td>210 <sup>\u20ac<\/sup><\/td><td>410 <sup>\u20ac<\/sup><\/td><td>35 <sup>\u20ac<\/sup><\/td><\/tr><tr><td>13<\/td><td>220 <sup>\u20ac<\/sup><\/td><td>430 <sup>\u20ac<\/sup><\/td><td>35 <sup>\u20ac<\/sup><\/td><\/tr><tr><td>14<\/td><td>230 <sup>\u20ac<\/sup><\/td><td>430 <sup>\u20ac<\/sup><\/td><td>35 <sup>\u20ac<\/sup><\/td><\/tr><tr><td>15<\/td><td>240 <sup>\u20ac<\/sup><\/td><td>450 <sup>\u20ac<\/sup><\/td><td>40 <sup>\u20ac<\/sup><\/td><\/tr><tr><td>16<\/td><td>250 <sup>\u20ac<\/sup><\/td><td>460 \u20ac <\/td><td>40 <sup>\u20ac<\/sup><\/td><\/tr><tr><td>17<\/td><td>260 <sup>\u20ac<\/sup><\/td><td>470 <sup>\u20ac<\/sup><\/td><td>40 <sup>\u20ac<\/sup><\/td><\/tr><tr><td>18<\/td><td>270 <sup>\u20ac<\/sup><\/td><td>480 <sup>\u20ac<\/sup><\/td><td>40 <sup>\u20ac<\/sup><\/td><\/tr><tr><td>19<\/td><td>280 <sup>\u20ac<\/sup><\/td><td>490 <sup>\u20ac<\/sup><\/td><td>40 <sup>\u20ac<\/sup><\/td><\/tr><tr><td>20<\/td><td>290 <sup>\u20ac<\/sup><\/td><td>500 <sup>\u20ac<\/sup><\/td><td>40 <sup>\u20ac<\/sup><\/td><\/tr><tr><td>21<\/td><td>300 <sup>\u20ac<\/sup><\/td><td>500 <sup>\u20ac<\/sup><\/td><td>40 <sup>\u20ac<\/sup><\/td><\/tr><\/tbody><\/table><\/figure>\n<\/div>\n<\/div>\n<\/div><\/div>\n\n<h2 class=\"wp-block-heading alignwide\">Material de windsurf<\/h2>\n\n<div class=\"wp-block-group alignfull\"><div class=\"wp-block-group__inner-container is-layout-flow wp-block-group-is-layout-flow\">\n<div class=\"wp-block-columns alignwide tw-gutter-large is-layout-flex wp-container-core-columns-is-layout-d0b3c9c8 wp-block-columns-is-layout-flex\">\n<div class=\"wp-block-column is-layout-flow wp-block-column-is-layout-flow\">\n<h3 class=\"wp-block-heading alignwide\">Tablas<\/h3>\n\n\n\n<h4 class=\"wp-block-heading\">Tabla de windsurf Freewave<\/h4>\n\n\n\n<div class=\"wp-block-columns is-layout-flex wp-container-core-columns-is-layout-d0b3c9c8 wp-block-columns-is-layout-flex\">\n<div class=\"wp-block-column is-layout-flow wp-block-column-is-layout-flow\">\n<figure class=\"wp-block-image size-large\"><img loading=\"lazy\" decoding=\"async\" width=\"750\" height=\"750\" src=\"https:\/\/www.flagbeach.com\/wp-content\/uploads\/2021\/03\/F21_WS_FW.png\" alt=\"Tabla de windsurf Freewave\" class=\"wp-image-1611\" title=\"Tabla de windsurf Freewave\" srcset=\"https:\/\/www.flagbeach.com\/wp-content\/uploads\/2021\/03\/F21_WS_FW.png 750w, https:\/\/www.flagbeach.com\/wp-content\/uploads\/2021\/03\/F21_WS_FW-300x300.png 300w, https:\/\/www.flagbeach.com\/wp-content\/uploads\/2021\/03\/F21_WS_FW-150x150.png 150w\" sizes=\"auto, (max-width: 750px) 100vw, 750px\" \/><\/figure>\n<\/div>\n\n\n\n<div class=\"wp-block-column is-layout-flow wp-block-column-is-layout-flow\">\n<p>El Freewave ha demostrado esta en su propia liga con la mejor mezcla de habilidades en olas y agua plana.<\/p>\n<\/div>\n<\/div>\n\n\n\n<h4 class=\"wp-block-heading\">Tabla de windsurf Gecko<\/h4>\n\n\n\n<div class=\"wp-block-columns is-layout-flex wp-container-core-columns-is-layout-d0b3c9c8 wp-block-columns-is-layout-flex\">\n<div class=\"wp-block-column is-layout-flow wp-block-column-is-layout-flow\">\n<figure class=\"wp-block-image size-large\"><img loading=\"lazy\" decoding=\"async\" width=\"750\" height=\"750\" src=\"https:\/\/www.flagbeach.com\/wp-content\/uploads\/2021\/03\/F21_WS_GeckoHRS_2500.png\" alt=\"Tabla de windsurf Gecko\" class=\"wp-image-1614\" title=\"Tabla de windsurf Gecko\" srcset=\"https:\/\/www.flagbeach.com\/wp-content\/uploads\/2021\/03\/F21_WS_GeckoHRS_2500.png 750w, https:\/\/www.flagbeach.com\/wp-content\/uploads\/2021\/03\/F21_WS_GeckoHRS_2500-300x300.png 300w, https:\/\/www.flagbeach.com\/wp-content\/uploads\/2021\/03\/F21_WS_GeckoHRS_2500-150x150.png 150w\" sizes=\"auto, (max-width: 750px) 100vw, 750px\" \/><\/figure>\n<\/div>\n\n\n\n<div class=\"wp-block-column is-layout-flow wp-block-column-is-layout-flow\">\n<p>El Gecko es una tabla free ride f\u00e1cil de usar y divertida. Simplemente mete tus pies en las cinchas, engancha el arn\u00e9s y a divertirte!<\/p>\n<\/div>\n<\/div>\n\n\n\n<h4 class=\"wp-block-heading\">Tabla de windsurf Viper<\/h4>\n\n\n\n<div class=\"wp-block-columns is-layout-flex wp-container-core-columns-is-layout-d0b3c9c8 wp-block-columns-is-layout-flex\">\n<div class=\"wp-block-column is-layout-flow wp-block-column-is-layout-flow\">\n<figure class=\"wp-block-image size-large\"><img loading=\"lazy\" decoding=\"async\" width=\"750\" height=\"750\" src=\"https:\/\/www.flagbeach.com\/wp-content\/uploads\/2021\/03\/F20_13200-1021_Viper.png\" alt=\"Tabla de windsurf Viper\" class=\"wp-image-1617\" title=\"Tabla de windsurf Viper\" srcset=\"https:\/\/www.flagbeach.com\/wp-content\/uploads\/2021\/03\/F20_13200-1021_Viper.png 750w, https:\/\/www.flagbeach.com\/wp-content\/uploads\/2021\/03\/F20_13200-1021_Viper-300x300.png 300w, https:\/\/www.flagbeach.com\/wp-content\/uploads\/2021\/03\/F20_13200-1021_Viper-150x150.png 150w\" sizes=\"auto, (max-width: 750px) 100vw, 750px\" \/><\/figure>\n<\/div>\n\n\n\n<div class=\"wp-block-column is-layout-flow wp-block-column-is-layout-flow\">\n<p>Si estas mirando entrar en este deporte entonces el Viper es tu billete en este viaje!<\/p>\n<\/div>\n<\/div>\n\n\n\n<h4 class=\"wp-block-heading\">Tabla de windsurf Blast<\/h4>\n\n\n\n<div class=\"wp-block-columns is-layout-flex wp-container-core-columns-is-layout-d0b3c9c8 wp-block-columns-is-layout-flex\">\n<div class=\"wp-block-column is-layout-flow wp-block-column-is-layout-flow\">\n<figure class=\"wp-block-image size-large\"><img loading=\"lazy\" decoding=\"async\" width=\"750\" height=\"750\" src=\"https:\/\/www.flagbeach.com\/wp-content\/uploads\/2021\/03\/F21_WS_BlastHRS_2500.png\" alt=\"Tabla de windsurf Blast\" class=\"wp-image-1620\" title=\"Tabla de windsurf Blast\" srcset=\"https:\/\/www.flagbeach.com\/wp-content\/uploads\/2021\/03\/F21_WS_BlastHRS_2500.png 750w, https:\/\/www.flagbeach.com\/wp-content\/uploads\/2021\/03\/F21_WS_BlastHRS_2500-300x300.png 300w, https:\/\/www.flagbeach.com\/wp-content\/uploads\/2021\/03\/F21_WS_BlastHRS_2500-150x150.png 150w\" sizes=\"auto, (max-width: 750px) 100vw, 750px\" \/><\/figure>\n<\/div>\n\n\n\n<div class=\"wp-block-column is-layout-flow wp-block-column-is-layout-flow\">\n<p>Lo rieles paralelos ayudan que el agua fluya sin turbulencias y as\u00ed se acelera, as\u00ed tiene caracter\u00edsticas de velocidad y trasluchada f\u00e1cil.<\/p>\n\n\n\n<p>Empujalo poco o mucho en las esquinas, el Blast responders inmediatamente manteniendo la velocidad f\u00e1cilmente durante la trasluchada.<\/p>\n<\/div>\n<\/div>\n<\/div>\n\n\n\n<div class=\"wp-block-column is-layout-flow wp-block-column-is-layout-flow\">\n<h3 class=\"wp-block-heading\">Velas<\/h3>\n\n\n\n<h4 class=\"wp-block-heading\">Vela de windsurf E_Pace<\/h4>\n\n\n\n<div class=\"wp-block-columns is-layout-flex wp-container-core-columns-is-layout-d0b3c9c8 wp-block-columns-is-layout-flex\">\n<div class=\"wp-block-column is-layout-flow wp-block-column-is-layout-flow\">\n<figure class=\"wp-block-image size-large\"><img loading=\"lazy\" decoding=\"async\" width=\"1024\" height=\"1024\" src=\"https:\/\/www.flagbeach.com\/wp-content\/uploads\/2021\/03\/DTW21_E-PACE_C02_Rendering_Web72-1024x1024.png\" alt=\"Vela de windsurf E_Pace\" class=\"wp-image-1623\" title=\"Vela de windsurf E_Pace\" srcset=\"https:\/\/www.flagbeach.com\/wp-content\/uploads\/2021\/03\/DTW21_E-PACE_C02_Rendering_Web72-1024x1024.png 1024w, https:\/\/www.flagbeach.com\/wp-content\/uploads\/2021\/03\/DTW21_E-PACE_C02_Rendering_Web72-300x300.png 300w, https:\/\/www.flagbeach.com\/wp-content\/uploads\/2021\/03\/DTW21_E-PACE_C02_Rendering_Web72-150x150.png 150w, https:\/\/www.flagbeach.com\/wp-content\/uploads\/2021\/03\/DTW21_E-PACE_C02_Rendering_Web72-768x768.png 768w, https:\/\/www.flagbeach.com\/wp-content\/uploads\/2021\/03\/DTW21_E-PACE_C02_Rendering_Web72-1536x1536.png 1536w, https:\/\/www.flagbeach.com\/wp-content\/uploads\/2021\/03\/DTW21_E-PACE_C02_Rendering_Web72-1568x1568.png 1568w, https:\/\/www.flagbeach.com\/wp-content\/uploads\/2021\/03\/DTW21_E-PACE_C02_Rendering_Web72.png 1750w\" sizes=\"auto, (max-width: 1024px) 100vw, 1024px\" \/><\/figure>\n<\/div>\n\n\n\n<div class=\"wp-block-column is-layout-flow wp-block-column-is-layout-flow\">\n<p>No hay ninguna vela freeride\/race por all\u00ed sin cam que cubra un rango de viento u ajuste al viento como el E_Pace!<\/p>\n<\/div>\n<\/div>\n\n\n\n<h4 class=\"wp-block-heading\">Vela de windsurf Super Hero<\/h4>\n\n\n\n<div class=\"wp-block-columns is-layout-flex wp-container-core-columns-is-layout-d0b3c9c8 wp-block-columns-is-layout-flex\">\n<div class=\"wp-block-column is-layout-flow wp-block-column-is-layout-flow\">\n<figure class=\"wp-block-image size-large\"><img loading=\"lazy\" decoding=\"async\" width=\"1024\" height=\"1024\" src=\"https:\/\/www.flagbeach.com\/wp-content\/uploads\/2021\/03\/DTW21_SUPER_HERO_C02_Rendering_Web_72-1024x1024.png\" alt=\"Vela de windsurf Super Hero\" class=\"wp-image-1626\" title=\"Vela de windsurf Super Hero\" srcset=\"https:\/\/www.flagbeach.com\/wp-content\/uploads\/2021\/03\/DTW21_SUPER_HERO_C02_Rendering_Web_72-1024x1024.png 1024w, https:\/\/www.flagbeach.com\/wp-content\/uploads\/2021\/03\/DTW21_SUPER_HERO_C02_Rendering_Web_72-300x300.png 300w, https:\/\/www.flagbeach.com\/wp-content\/uploads\/2021\/03\/DTW21_SUPER_HERO_C02_Rendering_Web_72-150x150.png 150w, https:\/\/www.flagbeach.com\/wp-content\/uploads\/2021\/03\/DTW21_SUPER_HERO_C02_Rendering_Web_72-768x768.png 768w, https:\/\/www.flagbeach.com\/wp-content\/uploads\/2021\/03\/DTW21_SUPER_HERO_C02_Rendering_Web_72-1536x1536.png 1536w, https:\/\/www.flagbeach.com\/wp-content\/uploads\/2021\/03\/DTW21_SUPER_HERO_C02_Rendering_Web_72-1568x1568.png 1568w, https:\/\/www.flagbeach.com\/wp-content\/uploads\/2021\/03\/DTW21_SUPER_HERO_C02_Rendering_Web_72.png 1750w\" sizes=\"auto, (max-width: 1024px) 100vw, 1024px\" \/><\/figure>\n<\/div>\n\n\n\n<div class=\"wp-block-column is-layout-flow wp-block-column-is-layout-flow\">\n<p>El Hero es estable y equilibrado, pero entrega mucha potencia con poco viento<\/p>\n<\/div>\n<\/div>\n<\/div>\n<\/div>\n<\/div><\/div>\n\n<div class=\"wp-block-cover alignfull is-light\" style=\"min-height:282px;aspect-ratio:unset;\"><img loading=\"lazy\" decoding=\"async\" width=\"1440\" height=\"540\" sizes=\"auto, (max-width: 799px) 200vw, (max-width: 1440px) 100vw, 1440px\" class=\"wp-block-cover__image-background wp-image-1167\" alt=\"\" src=\"https:\/\/www.flagbeach.com\/wp-content\/uploads\/2021\/02\/gallery-location-6.jpg\" style=\"object-position:50% 21%\" data-object-fit=\"cover\" data-object-position=\"50% 21%\" srcset=\"https:\/\/www.flagbeach.com\/wp-content\/uploads\/2021\/02\/gallery-location-6.jpg 1440w, https:\/\/www.flagbeach.com\/wp-content\/uploads\/2021\/02\/gallery-location-6-300x113.jpg 300w, https:\/\/www.flagbeach.com\/wp-content\/uploads\/2021\/02\/gallery-location-6-1024x384.jpg 1024w, https:\/\/www.flagbeach.com\/wp-content\/uploads\/2021\/02\/gallery-location-6-768x288.jpg 768w\" \/><span aria-hidden=\"true\" class=\"wp-block-cover__background has-background-dim-0 has-background-dim\"><\/span><div class=\"wp-block-cover__inner-container is-layout-flow wp-block-cover-is-layout-flow\">\n<p class=\"has-text-align-center has-large-font-size\"><\/p>\n<\/div><\/div>\n\n<div class=\"wp-block-columns alignwide is-layout-flex wp-container-core-columns-is-layout-d0b3c9c8 wp-block-columns-is-layout-flex\">\n<div class=\"wp-block-column is-layout-flow wp-block-column-is-layout-flow\">\n<div class=\"wp-block-group\"><div class=\"wp-block-group__inner-container is-layout-flow wp-block-group-is-layout-flow\">\n<h3 class=\"wp-block-heading\">Windsurfing <span style=\"color:#fdbe07\" class=\"has-inline-color\">courses<\/span> on Fuerteventura<\/h3>\n\n\n\n<figure class=\"wp-block-image size-large\"><img decoding=\"async\" src=\"https:\/\/flagbeach.com\/wp-content\/uploads\/2021\/02\/DSC03694_1440x540_acf_cropped-1024x384.jpg\" alt=\"Windsurfing courses on Fuerteventura\" class=\"wp-image-883\"\/><\/figure>\n\n\n\n<p>Take a windsurfing course and enjoy the lagoons of Fuerteventura. Our beginner, improver and renewal windsurfing courses will give you a taste of this exhilarating water sport or level up your windsurfing skills. Come feel the wind in your hair.<\/p>\n\n\n\n<p><\/p>\n\n\n\n<div class=\"wp-block-buttons aligncenter is-layout-flex wp-block-buttons-is-layout-flex\">\n<div class=\"wp-block-button is-style-fill\"><a class=\"wp-block-button__link\" href=\"https:\/\/flagbeach.com\/es\/windsurf\/cursos-de-windsurf\/\">View windsurf courses<\/a><\/div>\n<\/div>\n<\/div><\/div>\n<\/div>\n\n\n\n<div class=\"wp-block-column is-layout-flow wp-block-column-is-layout-flow\">\n<div class=\"wp-block-group\"><div class=\"wp-block-group__inner-container is-layout-flow wp-block-group-is-layout-flow\">\n<h3 class=\"wp-block-heading\">Windsurfing holiday<br\/><span style=\"color:#fdbe07\" class=\"has-inline-color\">packages<\/span><\/h3>\n\n\n\n<figure class=\"wp-block-image size-large\"><img loading=\"lazy\" decoding=\"async\" width=\"1024\" height=\"384\" src=\"https:\/\/flagbeach.com\/wp-content\/uploads\/2021\/02\/windsurfing-big-1-1024x384.jpg\" alt=\"Vacaciones del windsurf en Canarias\" class=\"wp-image-874\" srcset=\"https:\/\/www.flagbeach.com\/wp-content\/uploads\/2021\/02\/windsurfing-big-1-1024x384.jpg 1024w, https:\/\/www.flagbeach.com\/wp-content\/uploads\/2021\/02\/windsurfing-big-1-300x113.jpg 300w, https:\/\/www.flagbeach.com\/wp-content\/uploads\/2021\/02\/windsurfing-big-1-768x288.jpg 768w, https:\/\/www.flagbeach.com\/wp-content\/uploads\/2021\/02\/windsurfing-big-1.jpg 1440w\" sizes=\"auto, (max-width: 1024px) 100vw, 1024px\" \/><\/figure>\n\n\n\n<p>Nuestros paquetes proporcionan los mejores cursos junto con alojamiento en Fuerteventura.  Te llevaremos a la playa cada dia e incluye material y seguro de terceros.  Reserva online para ahorrar hasta 33%. No encontraras mejor precio asi que a que esperas? Sumergate en nuestros paquetes.<\/p>\n\n\n\n<p><\/p>\n\n\n\n<div class=\"wp-block-buttons aligncenter is-layout-flex wp-block-buttons-is-layout-flex\">\n<div class=\"wp-block-button\"><a class=\"wp-block-button__link\" href=\"https:\/\/flagbeach.com\/windsurfing\/windsurfing-packages\/\">Vacaciones de windsurf<\/a><\/div>\n<\/div>\n<\/div><\/div>\n<\/div>\n\n\n\n<div class=\"wp-block-column is-layout-flow wp-block-column-is-layout-flow\">\n<div class=\"wp-block-group\"><div class=\"wp-block-group__inner-container is-layout-flow wp-block-group-is-layout-flow\">\n<h3 class=\"wp-block-heading\">Windsurfing holiday<br><span style=\"color:#fdbe07\" class=\"has-inline-color\">accommodation<\/span><\/h3>\n\n\n\n<figure class=\"wp-block-image size-large\"><img decoding=\"async\" src=\"https:\/\/flagbeach.com\/wp-content\/uploads\/2021\/02\/holiday-accommodation-fuerteventura-769x1024.jpg\" alt=\"Surf holiday accommodation\" class=\"wp-image-1412\"\/><\/figure>\n\n\n\n<p>Our holiday packages and camps give you the best bang for your buck. You can choose from a range of accommodation: luxury hotels or self catering apartments to our budget surf hostels. Add to that our windsurfing course and equipment hire for the full Flag Beach experience.<\/p>\n\n\n\n<p><\/p>\n\n\n\n<div class=\"wp-block-buttons aligncenter is-layout-flex wp-block-buttons-is-layout-flex\">\n<div class=\"wp-block-button\"><a class=\"wp-block-button__link\" href=\"https:\/\/flagbeach.com\/accommodation\/\">View holiday accommodation<\/a><\/div>\n<\/div>\n<\/div><\/div>\n<\/div>\n<\/div>\n\n<hr class=\"wp-block-separator has-css-opacity\" \/>\n\n<div class=\"wp-block-cover alignfull is-light\" style=\"min-height:282px;aspect-ratio:unset;\"><img loading=\"lazy\" decoding=\"async\" width=\"1600\" height=\"600\" sizes=\"auto, (max-width: 799px) 200vw, (max-width: 1600px) 100vw, 1600px\" class=\"wp-block-cover__image-background wp-image-1202\" alt=\"\" src=\"https:\/\/www.flagbeach.com\/wp-content\/uploads\/2021\/02\/windsurfing-header.jpg\" style=\"object-position:50% 14%\" data-object-fit=\"cover\" data-object-position=\"50% 14%\" srcset=\"https:\/\/www.flagbeach.com\/wp-content\/uploads\/2021\/02\/windsurfing-header.jpg 1600w, https:\/\/www.flagbeach.com\/wp-content\/uploads\/2021\/02\/windsurfing-header-300x113.jpg 300w, https:\/\/www.flagbeach.com\/wp-content\/uploads\/2021\/02\/windsurfing-header-1024x384.jpg 1024w, https:\/\/www.flagbeach.com\/wp-content\/uploads\/2021\/02\/windsurfing-header-768x288.jpg 768w, https:\/\/www.flagbeach.com\/wp-content\/uploads\/2021\/02\/windsurfing-header-1536x576.jpg 1536w, https:\/\/www.flagbeach.com\/wp-content\/uploads\/2021\/02\/windsurfing-header-1568x588.jpg 1568w\" \/><span aria-hidden=\"true\" class=\"wp-block-cover__background has-background-dim-0 has-background-dim\"><\/span><div class=\"wp-block-cover__inner-container is-layout-flow wp-block-cover-is-layout-flow\">\n<p class=\"has-text-align-center has-large-font-size\"><\/p>\n<\/div><\/div>\n","protected":false},"excerpt":{"rendered":"<p>Alquila tu material con nosotros. Para los windsurfistas de nivel intermedio a avanzado que quieran navegar en solitario, disponemos del mejor equipo de windsurf para alquilar y una ubicaci\u00f3n exclusiva frente al mar. Echa un vistazo a nuestras marcas de equipamiento y elige tu tabla y vela preferidas. Precios de alquiler de windsurf Dias Tabla&hellip; <a class=\"more-link\" href=\"https:\/\/www.flagbeach.com\/es\/windsurf\/alquiler-de-windsurf\/\">Seguir leyendo <span class=\"screen-reader-text\">Alquiler de Windsurf<\/span><\/a><\/p>\n","protected":false},"author":1,"featured_media":0,"parent":1903,"menu_order":0,"comment_status":"closed","ping_status":"closed","template":"tw-header-transparent.php","meta":{"footnotes":""},"class_list":["post-1907","page","type-page","status-publish","hentry","entry"],"_links":{"self":[{"href":"https:\/\/www.flagbeach.com\/es\/wp-json\/wp\/v2\/pages\/1907","targetHints":{"allow":["GET"]}}],"collection":[{"href":"https:\/\/www.flagbeach.com\/es\/wp-json\/wp\/v2\/pages"}],"about":[{"href":"https:\/\/www.flagbeach.com\/es\/wp-json\/wp\/v2\/types\/page"}],"author":[{"embeddable":true,"href":"https:\/\/www.flagbeach.com\/es\/wp-json\/wp\/v2\/users\/1"}],"replies":[{"embeddable":true,"href":"https:\/\/www.flagbeach.com\/es\/wp-json\/wp\/v2\/comments?post=1907"}],"version-history":[{"count":19,"href":"https:\/\/www.flagbeach.com\/es\/wp-json\/wp\/v2\/pages\/1907\/revisions"}],"predecessor-version":[{"id":13721,"href":"https:\/\/www.flagbeach.com\/es\/wp-json\/wp\/v2\/pages\/1907\/revisions\/13721"}],"up":[{"embeddable":true,"href":"https:\/\/www.flagbeach.com\/es\/wp-json\/wp\/v2\/pages\/1903"}],"wp:attachment":[{"href":"https:\/\/www.flagbeach.com\/es\/wp-json\/wp\/v2\/media?parent=1907"}],"curies":[{"name":"wp","href":"https:\/\/api.w.org\/{rel}","templated":true}]}}