{"id":1905,"date":"2021-03-30T13:47:41","date_gmt":"2021-03-30T13:47:41","guid":{"rendered":"https:\/\/flagbeach.com\/windsurf\/cursos-de-windsurf\/"},"modified":"2025-12-15T00:25:42","modified_gmt":"2025-12-15T00:25:42","slug":"cursos-de-windsurf","status":"publish","type":"page","link":"https:\/\/www.flagbeach.com\/es\/windsurf\/cursos-de-windsurf\/","title":{"rendered":"Cursos de Windsurf"},"content":{"rendered":"\n<div class=\"wp-block-cover alignfull has-custom-content-position is-position-top-left is-light\" style=\"min-height:30vw;aspect-ratio:unset;\"><span aria-hidden=\"true\" class=\"wp-block-cover__background has-background-dim-100 has-background-dim wp-block-cover__gradient-background has-background-gradient\" style=\"background:linear-gradient(180deg,rgb(20,62,94) 0%,rgba(255,255,255,0) 48%,rgba(20,61,93,0) 67%,rgb(20,62,94) 100%)\"><\/span><img loading=\"lazy\" decoding=\"async\" width=\"1440\" height=\"540\" sizes=\"auto, (max-width: 799px) 200vw, (max-width: 1440px) 100vw, 1440px\" class=\"wp-block-cover__image-background wp-image-877\" alt=\"\" src=\"https:\/\/www.flagbeach.com\/wp-content\/uploads\/2021\/02\/windsurfing-big-2.jpg\" style=\"object-position:50% 0%\" data-object-fit=\"cover\" data-object-position=\"50% 0%\" srcset=\"https:\/\/www.flagbeach.com\/wp-content\/uploads\/2021\/02\/windsurfing-big-2.jpg 1440w, https:\/\/www.flagbeach.com\/wp-content\/uploads\/2021\/02\/windsurfing-big-2-300x113.jpg 300w, https:\/\/www.flagbeach.com\/wp-content\/uploads\/2021\/02\/windsurfing-big-2-1024x384.jpg 1024w, https:\/\/www.flagbeach.com\/wp-content\/uploads\/2021\/02\/windsurfing-big-2-768x288.jpg 768w\" \/><div class=\"wp-block-cover__inner-container is-layout-flow wp-block-cover-is-layout-flow\">\n<h1 class=\"wp-block-heading has-text-align-left has-subtle-color has-text-color\"><span class=\"has-inline-color has-white-color\">Cursos de windsurf<\/span><\/h1>\n\n\n\n<p><\/p>\n<\/div><\/div>\n\n<div class=\"wp-block-buttons is-horizontal is-content-justification-center is-layout-flex wp-container-core-buttons-is-layout-03627597 wp-block-buttons-is-layout-flex\">\n<div class=\"wp-block-button\"><a class=\"wp-block-button__link wp-element-button\" href=\"https:\/\/flagbeach.com\/book-now\/\">Reserva tu curso de windsurf ahora<\/a><\/div>\n<\/div>\n\n<div class=\"wp-block-group alignfull\"><div class=\"wp-block-group__inner-container is-layout-flow wp-block-group-is-layout-flow\">\n<h2 class=\"wp-block-heading\">Nuestros cursos de windsurf en Fuerteventura<\/h2>\n\n\n\n<p>Tenemos cursos de windsurf para todo los niveles aqu\u00ed en Flag beach.  Atendemos a todos los niveles de windsurf.  Puedes escoger la duraci\u00f3n que mejor te conviene.<\/p>\n\n\n\n<div class=\"wp-block-columns alignwide is-layout-flex wp-container-core-columns-is-layout-d0b3c9c8 wp-block-columns-is-layout-flex\">\n<div class=\"wp-block-column is-layout-flow wp-block-column-is-layout-flow\" style=\"--col-width:33.33%;flex-basis:33.33%\">\n<figure class=\"wp-block-image size-full\"><img loading=\"lazy\" decoding=\"async\" width=\"640\" height=\"480\" src=\"https:\/\/www.flagbeach.com\/wp-content\/uploads\/2021\/10\/easy-as-123.jpg\" alt=\"\" class=\"wp-image-2765\" srcset=\"https:\/\/www.flagbeach.com\/wp-content\/uploads\/2021\/10\/easy-as-123.jpg 640w, https:\/\/www.flagbeach.com\/wp-content\/uploads\/2021\/10\/easy-as-123-300x225.jpg 300w\" sizes=\"auto, (max-width: 640px) 100vw, 640px\" \/><\/figure>\n\n\n\n<figure class=\"wp-block-image size-full\"><img loading=\"lazy\" decoding=\"async\" width=\"640\" height=\"480\" src=\"https:\/\/www.flagbeach.com\/wp-content\/uploads\/2021\/10\/beginner-course-rig-games.jpg\" alt=\"\" class=\"wp-image-2755\" srcset=\"https:\/\/www.flagbeach.com\/wp-content\/uploads\/2021\/10\/beginner-course-rig-games.jpg 640w, https:\/\/www.flagbeach.com\/wp-content\/uploads\/2021\/10\/beginner-course-rig-games-300x225.jpg 300w\" sizes=\"auto, (max-width: 640px) 100vw, 640px\" \/><\/figure>\n<\/div>\n\n\n\n<div class=\"wp-block-column is-layout-flow wp-block-column-is-layout-flow\" style=\"--col-width:66.66%;flex-basis:66.66%\">\n<figure class=\"wp-block-image size-large\"><img loading=\"lazy\" decoding=\"async\" width=\"1024\" height=\"683\" src=\"https:\/\/www.flagbeach.com\/wp-content\/uploads\/2021\/10\/benn-9732-1024x683.jpg\" alt=\"\" class=\"wp-image-2769\" srcset=\"https:\/\/www.flagbeach.com\/wp-content\/uploads\/2021\/10\/benn-9732-1024x683.jpg 1024w, https:\/\/www.flagbeach.com\/wp-content\/uploads\/2021\/10\/benn-9732-300x200.jpg 300w, https:\/\/www.flagbeach.com\/wp-content\/uploads\/2021\/10\/benn-9732-768x512.jpg 768w, https:\/\/www.flagbeach.com\/wp-content\/uploads\/2021\/10\/benn-9732-1536x1024.jpg 1536w, https:\/\/www.flagbeach.com\/wp-content\/uploads\/2021\/10\/benn-9732-2048x1365.jpg 2048w, https:\/\/www.flagbeach.com\/wp-content\/uploads\/2021\/10\/benn-9732-1568x1045.jpg 1568w\" sizes=\"auto, (max-width: 1024px) 100vw, 1024px\" \/><\/figure>\n<\/div>\n<\/div>\n\n\n\n<h2 class=\"wp-block-heading alignwide\">Cursos de iniciaci\u00f3n de windsurf<\/h2>\n\n\n\n<p class=\"tw-text-wide\">Con nuestros cursos de iniciaci\u00f3n de 1-3 d\u00edas aprender\u00e1s windsurf en las aguas cristalinas de Fuerteventura.  Echa un vistazo.<\/p>\n\n\n\n<p><\/p>\n\n\n\n<h2 class=\"wp-block-heading alignwide\" id=\"block-12ccd573-77ec-45ad-9108-63d2b42945cc\"><span class=\"has-inline-color\" style=\"color: #fcbe06\">Itinerario<\/span><\/h2>\n\n\n\n<div class=\"wp-block-columns alignwide is-layout-flex wp-container-core-columns-is-layout-d0b3c9c8 wp-block-columns-is-layout-flex\">\n<div class=\"wp-block-column is-layout-flow wp-block-column-is-layout-flow\">\n<p>BeachPlaya: Flag Beach y Laguna de Cotillo.&#013;\nHora: 10:00<\/p>\n\n\n\n<h3 class=\"wp-block-heading\">Dia 1<\/h3>\n\n\n\n<p>Te recogemos de tu hotel en Corralejo y te llevamos  ala playa donde se imparte una clase te\u00f3rica de 3-4 horas.  Te\u00f3rica sobre viento, corrientes de mar, reglas en el agua, seguridad y material de windsurf.  Aprendes a montar una vela, c\u00f3mo manejarlo en la playa y usar un simulador. Al final de la clase tambi\u00e9n entraras al agua para practicar con el equilibrio.<\/p>\n<\/div>\n\n\n\n<div class=\"wp-block-column is-layout-flow wp-block-column-is-layout-flow\">\n<h3 class=\"wp-block-heading\">Dias 2 &amp; 3<\/h3>\n\n\n\n<p>De nuevo se te recoger\u00e1 para 3-4 horas de en el agua aprendiendo a cruzar el viento, navegar viento arriba, virada y como dirige la tabla.<\/p>\n\n\n\n<p>Podr\u00e1s hacer tu certificaci\u00f3n de windsurf nivel 1 con nosotros despu\u00e9s de este curso.<\/p>\n\n\n\n<p>Grupo max: 8 personas por monitor<\/p>\n<\/div>\n<\/div>\n\n\n\n<h3 class=\"wp-block-heading\">Precios<\/h3>\n\n\n\n<div class=\"wp-block-group alignfull\"><div class=\"wp-block-group__inner-container is-layout-flow wp-block-group-is-layout-flow\">\n<figure class=\"wp-block-table tw-row-valign-top is-style-tw-border-h\"><table><tbody><tr><td>Curso de windsurf de 1 dia<\/td><td class=\"has-text-align-right\" data-align=\"right\">\u20ac90<\/td><\/tr><tr><td>Curso de windsurf de 2 dias<\/td><td class=\"has-text-align-right\" data-align=\"right\">\u20ac175<\/td><\/tr><tr><td>Curso de windsurf de 3 dias<\/td><td class=\"has-text-align-right\" data-align=\"right\">\u20ac220<\/td><\/tr><tr><td>Curso windsurf principiante 4 dias<\/td><td class=\"has-text-align-right\" data-align=\"right\">\u20ac290<\/td><\/tr><tr><td>Curso windsurf principiante 5 dias<\/td><td class=\"has-text-align-right\" data-align=\"right\">\u20ac360<\/td><\/tr><tr><td>VDWS carnet internacional (incluye libreta y carnet)<\/td><td class=\"has-text-align-right\" data-align=\"right\">\u20ac40<\/td><\/tr><\/tbody><\/table><\/figure>\n\n\n\n<p><\/p>\n<\/div><\/div>\n\n\n\n<div class=\"wp-block-buttons is-horizontal is-content-justification-center is-layout-flex wp-container-core-buttons-is-layout-03627597 wp-block-buttons-is-layout-flex\">\n<div class=\"wp-block-button\"><a class=\"wp-block-button__link wp-element-button\" href=\"https:\/\/flagbeach.com\/book-now\/\">Reserva tu curso de windsurf ahora<\/a><\/div>\n<\/div>\n\n\n\n<div class=\"wp-block-cover alignfull is-light\" style=\"min-height:280px;aspect-ratio:unset;\"><span aria-hidden=\"true\" class=\"wp-block-cover__background has-background-dim-0 has-background-dim\"><\/span><img decoding=\"async\" class=\"wp-block-cover__image-background wp-image-883\" alt=\"\" src=\"https:\/\/www.flagbeach.com\/wp-content\/uploads\/2021\/02\/DSC03694_1440x540_acf_cropped.jpg\" data-object-fit=\"cover\" \/><div class=\"wp-block-cover__inner-container is-layout-flow wp-block-cover-is-layout-flow\">\n<p class=\"has-text-align-center has-large-font-size\"><\/p>\n<\/div><\/div>\n\n\n\n<h2 class=\"wp-block-heading alignwide\">Cursos de windsurf de Renewal &amp; Improver (intermedio)<\/h2>\n\n\n\n<p>Sube al siguiente nivel.  Ap\u00fantate a nuestro curso Improver de 1-5 d\u00edas y disfruta de las lagunas del Cotillo.  Ven y siente el viento.<\/p>\n\n\n\n<div class=\"wp-block-getwid-accordion has-icon-left\" data-active-element=\"none\">\n<div class=\"wp-block-getwid-accordion__header-wrapper\"><span class=\"wp-block-getwid-accordion__header\"><a href=\"#\"><span class=\"wp-block-getwid-accordion__header-title\">View the full itineraries<\/span><span class=\"wp-block-getwid-accordion__icon is-active\"><i class=\"fas fa-plus\"><\/i><\/span><span class=\"wp-block-getwid-accordion__icon is-passive\"><i class=\"fas fa-minus\"><\/i><\/span><\/a><\/span><\/div><div class=\"wp-block-getwid-accordion__content-wrapper\"><div class=\"wp-block-getwid-accordion__content\">\n<h2 class=\"wp-block-heading\"><span class=\"has-inline-color\" style=\"color: #fdbe07\">Itinerarios<\/span><\/h2>\n\n\n\n<p>playa: Laguna del Cotillo&#013;\nHora: 09:00<\/p>\n\n\n\n<h3 class=\"wp-block-heading\">Improver (intermedio)<\/h3>\n\n\n\n<p>Este curso es para gente que ya han hecho unas 30 horas de windsurf y ahora quieren llegar al siguiente nivel.<\/p>\n\n\n\n<p>Durante este curso de 8 horas (4 hora spor dia), aprenderas la virada rapida, traslucida, usar el arnes y el beach start.<\/p>\n\n\n\n<p>Al final de este curso puedes hacer tu certificaci\u00f3n de windsurf de nivel 2 o 3 con nosotros.<\/p>\n\n\n\n<h3 class=\"wp-block-heading\">Renewal (intermedio)<\/h3>\n\n\n\n<p>Ap\u00fantate a nuestro curso de windsurf Renewal para mejorar tu nivel. <\/p>\n<\/div><\/div>\n<\/div>\n\n\n\n<h3 class=\"wp-block-heading\">Precios<\/h3>\n\n\n\n<div class=\"wp-block-group alignfull\"><div class=\"wp-block-group__inner-container is-layout-flow wp-block-group-is-layout-flow\">\n<figure class=\"wp-block-table tw-row-valign-top is-style-tw-border-h\"><table><tbody><tr><td>Curso windsurf Improver 1 dia<\/td><td class=\"has-text-align-right\" data-align=\"right\">\u20ac90<\/td><\/tr><tr><td>Curso windsurf improver 2 dias<\/td><td class=\"has-text-align-right\" data-align=\"right\">\u20ac175<\/td><\/tr><tr><td>Curso windsurf Improver 3 dias<\/td><td class=\"has-text-align-right\" data-align=\"right\">\u20ac260<\/td><\/tr><tr><td>Curso windsurf Improver 4 dias<\/td><td class=\"has-text-align-right\" data-align=\"right\">\u20ac350<\/td><\/tr><tr><td>Curso windsurf Improver 5 dias<\/td><td class=\"has-text-align-right\" data-align=\"right\">\u20ac400<\/td><\/tr><tr><td>VDWS carnet internacional (incluye libreta y carnet)<\/td><td class=\"has-text-align-right\" data-align=\"right\">\u20ac40<\/td><\/tr><\/tbody><\/table><\/figure>\n\n\n\n<p><\/p>\n<\/div><\/div>\n\n\n\n<div class=\"wp-block-buttons is-horizontal is-content-justification-center is-layout-flex wp-container-core-buttons-is-layout-03627597 wp-block-buttons-is-layout-flex\">\n<div class=\"wp-block-button\"><a class=\"wp-block-button__link wp-element-button\" href=\"https:\/\/flagbeach.com\/book-now\/\">Reserva tu curso de windsurf Renewal\/Improver ahora<\/a><\/div>\n<\/div>\n\n\n\n<div class=\"wp-block-cover alignfull is-light\" style=\"min-height:282px;aspect-ratio:unset;\"><span aria-hidden=\"true\" class=\"wp-block-cover__background has-background-dim-0 has-background-dim\"><\/span><img loading=\"lazy\" decoding=\"async\" width=\"1600\" height=\"600\" sizes=\"auto, (max-width: 799px) 200vw, (max-width: 1600px) 100vw, 1600px\" class=\"wp-block-cover__image-background wp-image-886\" alt=\"\" src=\"https:\/\/www.flagbeach.com\/wp-content\/uploads\/2021\/02\/windsurfing-header-2.jpg\" data-object-fit=\"cover\" srcset=\"https:\/\/www.flagbeach.com\/wp-content\/uploads\/2021\/02\/windsurfing-header-2.jpg 1600w, https:\/\/www.flagbeach.com\/wp-content\/uploads\/2021\/02\/windsurfing-header-2-300x113.jpg 300w, https:\/\/www.flagbeach.com\/wp-content\/uploads\/2021\/02\/windsurfing-header-2-1024x384.jpg 1024w, https:\/\/www.flagbeach.com\/wp-content\/uploads\/2021\/02\/windsurfing-header-2-768x288.jpg 768w, https:\/\/www.flagbeach.com\/wp-content\/uploads\/2021\/02\/windsurfing-header-2-1536x576.jpg 1536w, https:\/\/www.flagbeach.com\/wp-content\/uploads\/2021\/02\/windsurfing-header-2-1568x588.jpg 1568w\" \/><div class=\"wp-block-cover__inner-container is-layout-flow wp-block-cover-is-layout-flow\">\n<p class=\"has-text-align-center has-large-font-size\"><\/p>\n<\/div><\/div>\n\n\n\n<h2 class=\"wp-block-heading alignwide\">Cursos privados de windsurf<\/h2>\n\n\n\n<p>Se imparten clases privadas  por nuestro mejor monitor de windsurf.  Durante 60 minutos recibir\u00e1s 100% de su atenci\u00f3n y pr\u00e1cticas cualquier maniobra desde lo mas b\u00e1sico a las m\u00e1s avanzadas como saltos, areolas, y mucho mas.  La sesi\u00f3n esta totalmente hecha a tu medida.<\/p>\n\n\n\n<div class=\"wp-block-getwid-accordion has-icon-left\" data-active-element=\"none\"><\/div>\n\n\n\n<h3 class=\"wp-block-heading\">Precios<\/h3>\n\n\n\n<div class=\"wp-block-group alignfull\"><div class=\"wp-block-group__inner-container is-layout-flow wp-block-group-is-layout-flow\">\n<figure class=\"wp-block-table tw-row-valign-top is-style-tw-border-h\"><table><tbody><tr><td>Clase privada de windsurf 1 hora sin material<\/td><td class=\"has-text-align-right\" data-align=\"right\">\u20ac75<\/td><\/tr><\/tbody><\/table><\/figure>\n\n\n\n<p><\/p>\n<\/div><\/div>\n\n\n\n<div class=\"wp-block-buttons is-horizontal is-content-justification-center is-layout-flex wp-container-core-buttons-is-layout-03627597 wp-block-buttons-is-layout-flex\">\n<div class=\"wp-block-button\"><a class=\"wp-block-button__link wp-element-button\" href=\"https:\/\/flagbeach.com\/book-now\/\">Reserva tu curso privado de windsurf ahora<\/a><\/div>\n<\/div>\n<\/div><\/div>\n\n<div class=\"wp-block-cover alignfull is-light\" style=\"min-height:282px;aspect-ratio:unset;\"><span aria-hidden=\"true\" class=\"wp-block-cover__background has-background-dim-0 has-background-dim\"><\/span><img loading=\"lazy\" decoding=\"async\" width=\"1600\" height=\"600\" sizes=\"auto, (max-width: 799px) 200vw, (max-width: 1600px) 100vw, 1600px\" class=\"wp-block-cover__image-background wp-image-1202\" alt=\"\" src=\"https:\/\/www.flagbeach.com\/wp-content\/uploads\/2021\/02\/windsurfing-header.jpg\" style=\"object-position:48% 0%\" data-object-fit=\"cover\" data-object-position=\"48% 0%\" srcset=\"https:\/\/www.flagbeach.com\/wp-content\/uploads\/2021\/02\/windsurfing-header.jpg 1600w, https:\/\/www.flagbeach.com\/wp-content\/uploads\/2021\/02\/windsurfing-header-300x113.jpg 300w, https:\/\/www.flagbeach.com\/wp-content\/uploads\/2021\/02\/windsurfing-header-1024x384.jpg 1024w, https:\/\/www.flagbeach.com\/wp-content\/uploads\/2021\/02\/windsurfing-header-768x288.jpg 768w, https:\/\/www.flagbeach.com\/wp-content\/uploads\/2021\/02\/windsurfing-header-1536x576.jpg 1536w, https:\/\/www.flagbeach.com\/wp-content\/uploads\/2021\/02\/windsurfing-header-1568x588.jpg 1568w\" \/><div class=\"wp-block-cover__inner-container is-layout-flow wp-block-cover-is-layout-flow\">\n<p class=\"has-text-align-center has-large-font-size\"><\/p>\n<\/div><\/div>\n\n<div class=\"wp-block-columns alignwide is-layout-flex wp-container-core-columns-is-layout-d0b3c9c8 wp-block-columns-is-layout-flex\">\n<div class=\"wp-block-column is-layout-flow wp-block-column-is-layout-flow\">\n<div class=\"wp-block-group\"><div class=\"wp-block-group__inner-container is-layout-flow wp-block-group-is-layout-flow\">\n<h3 class=\"wp-block-heading\">Windsurfing holiday<br\/><span style=\"color:#fdbe07\" class=\"has-inline-color\">packages<\/span><\/h3>\n\n\n\n<figure class=\"wp-block-image size-large\"><img loading=\"lazy\" decoding=\"async\" width=\"1024\" height=\"384\" src=\"https:\/\/flagbeach.com\/wp-content\/uploads\/2021\/02\/windsurfing-big-1-1024x384.jpg\" alt=\"Vacaciones del windsurf en Canarias\" class=\"wp-image-874\" srcset=\"https:\/\/www.flagbeach.com\/wp-content\/uploads\/2021\/02\/windsurfing-big-1-1024x384.jpg 1024w, https:\/\/www.flagbeach.com\/wp-content\/uploads\/2021\/02\/windsurfing-big-1-300x113.jpg 300w, https:\/\/www.flagbeach.com\/wp-content\/uploads\/2021\/02\/windsurfing-big-1-768x288.jpg 768w, https:\/\/www.flagbeach.com\/wp-content\/uploads\/2021\/02\/windsurfing-big-1.jpg 1440w\" sizes=\"auto, (max-width: 1024px) 100vw, 1024px\" \/><\/figure>\n\n\n\n<p>Nuestros paquetes proporcionan los mejores cursos junto con alojamiento en Fuerteventura.  Te llevaremos a la playa cada dia e incluye material y seguro de terceros.  Reserva online para ahorrar hasta 33%. No encontraras mejor precio asi que a que esperas? Sumergate en nuestros paquetes.<\/p>\n\n\n\n<p><\/p>\n\n\n\n<div class=\"wp-block-buttons aligncenter is-layout-flex wp-block-buttons-is-layout-flex\">\n<div class=\"wp-block-button\"><a class=\"wp-block-button__link\" href=\"https:\/\/flagbeach.com\/windsurfing\/windsurfing-packages\/\">Vacaciones de windsurf<\/a><\/div>\n<\/div>\n<\/div><\/div>\n<\/div>\n\n\n\n<div class=\"wp-block-column is-layout-flow wp-block-column-is-layout-flow\">\n<div class=\"wp-block-group\"><div class=\"wp-block-group__inner-container is-layout-flow wp-block-group-is-layout-flow\">\n<h3 class=\"wp-block-heading\">Windsurfing equipment<br><span style=\"color:#fdbe07\" class=\"has-inline-color\">rentals<\/span><\/h3>\n\n\n\n<figure class=\"wp-block-image size-large\"><img loading=\"lazy\" decoding=\"async\" width=\"1024\" height=\"384\" src=\"https:\/\/flagbeach.com\/wp-content\/uploads\/2021\/02\/windsurfing-big-2-1024x384.jpg\" alt=\"Wind surfing equipment hire\" class=\"wp-image-877\" srcset=\"https:\/\/www.flagbeach.com\/wp-content\/uploads\/2021\/02\/windsurfing-big-2-1024x384.jpg 1024w, https:\/\/www.flagbeach.com\/wp-content\/uploads\/2021\/02\/windsurfing-big-2-300x113.jpg 300w, https:\/\/www.flagbeach.com\/wp-content\/uploads\/2021\/02\/windsurfing-big-2-768x288.jpg 768w, https:\/\/www.flagbeach.com\/wp-content\/uploads\/2021\/02\/windsurfing-big-2.jpg 1440w\" sizes=\"auto, (max-width: 1024px) 100vw, 1024px\" \/><\/figure>\n\n\n\n<p>For intermediate to advanced sailors wanting to go solo, we&#8217;ve got the top windsurf equipment for hire and an exclusive beach front location. Browse our equipment brands and take a pick of your preferred board &amp; sail. You can also store your kit with us on the beach too.<\/p>\n\n\n\n<p><\/p>\n\n\n\n<div class=\"wp-block-buttons aligncenter is-layout-flex wp-block-buttons-is-layout-flex\">\n<div class=\"wp-block-button\"><a class=\"wp-block-button__link\" href=\"https:\/\/flagbeach.com\/es\/windsurf\/alquiler-de-windsurf\/\">View windsurf rentals<\/a><\/div>\n<\/div>\n<\/div><\/div>\n<\/div>\n\n\n\n<div class=\"wp-block-column is-layout-flow wp-block-column-is-layout-flow\">\n<div class=\"wp-block-group\"><div class=\"wp-block-group__inner-container is-layout-flow wp-block-group-is-layout-flow\">\n<h3 class=\"wp-block-heading\">Windsurfing holiday<br><span style=\"color:#fdbe07\" class=\"has-inline-color\">accommodation<\/span><\/h3>\n\n\n\n<figure class=\"wp-block-image size-large\"><img decoding=\"async\" src=\"https:\/\/flagbeach.com\/wp-content\/uploads\/2021\/02\/holiday-accommodation-fuerteventura-769x1024.jpg\" alt=\"Surf holiday accommodation\" class=\"wp-image-1412\"\/><\/figure>\n\n\n\n<p>Our holiday packages and camps give you the best bang for your buck. You can choose from a range of accommodation: luxury hotels or self catering apartments to our budget surf hostels. Add to that our windsurfing course and equipment hire for the full Flag Beach experience.<\/p>\n\n\n\n<p><\/p>\n\n\n\n<div class=\"wp-block-buttons aligncenter is-layout-flex wp-block-buttons-is-layout-flex\">\n<div class=\"wp-block-button\"><a class=\"wp-block-button__link\" href=\"https:\/\/flagbeach.com\/accommodation\/\">View holiday accommodation<\/a><\/div>\n<\/div>\n<\/div><\/div>\n<\/div>\n<\/div>\n\n<hr class=\"wp-block-separator has-css-opacity\" \/>\n\n<div class=\"wp-block-cover alignfull is-light\" style=\"min-height:282px;aspect-ratio:unset;\"><span aria-hidden=\"true\" class=\"wp-block-cover__background has-background-dim-0 has-background-dim\"><\/span><img loading=\"lazy\" decoding=\"async\" width=\"1440\" height=\"540\" sizes=\"auto, (max-width: 799px) 200vw, (max-width: 1440px) 100vw, 1440px\" class=\"wp-block-cover__image-background wp-image-874\" alt=\"\" src=\"https:\/\/www.flagbeach.com\/wp-content\/uploads\/2021\/02\/windsurfing-big-1.jpg\" style=\"object-position:51% 98%\" data-object-fit=\"cover\" data-object-position=\"51% 98%\" srcset=\"https:\/\/www.flagbeach.com\/wp-content\/uploads\/2021\/02\/windsurfing-big-1.jpg 1440w, https:\/\/www.flagbeach.com\/wp-content\/uploads\/2021\/02\/windsurfing-big-1-300x113.jpg 300w, https:\/\/www.flagbeach.com\/wp-content\/uploads\/2021\/02\/windsurfing-big-1-1024x384.jpg 1024w, https:\/\/www.flagbeach.com\/wp-content\/uploads\/2021\/02\/windsurfing-big-1-768x288.jpg 768w\" \/><div class=\"wp-block-cover__inner-container is-layout-flow wp-block-cover-is-layout-flow\">\n<p class=\"has-text-align-center has-large-font-size\"><\/p>\n<\/div><\/div>\n","protected":false},"excerpt":{"rendered":"<p>Nuestros cursos de windsurf en Fuerteventura Tenemos cursos de windsurf para todo los niveles aqu\u00ed en Flag beach. Atendemos a todos los niveles de windsurf. Puedes escoger la duraci\u00f3n que mejor te conviene. Cursos de iniciaci\u00f3n de windsurf Con nuestros cursos de iniciaci\u00f3n de 1-3 d\u00edas aprender\u00e1s windsurf en las aguas cristalinas de Fuerteventura. Echa&hellip; <a class=\"more-link\" href=\"https:\/\/www.flagbeach.com\/es\/windsurf\/cursos-de-windsurf\/\">Seguir leyendo <span class=\"screen-reader-text\">Cursos de Windsurf<\/span><\/a><\/p>\n","protected":false},"author":1,"featured_media":0,"parent":1903,"menu_order":0,"comment_status":"closed","ping_status":"closed","template":"tw-header-transparent.php","meta":{"footnotes":""},"class_list":["post-1905","page","type-page","status-publish","hentry","entry"],"_links":{"self":[{"href":"https:\/\/www.flagbeach.com\/es\/wp-json\/wp\/v2\/pages\/1905","targetHints":{"allow":["GET"]}}],"collection":[{"href":"https:\/\/www.flagbeach.com\/es\/wp-json\/wp\/v2\/pages"}],"about":[{"href":"https:\/\/www.flagbeach.com\/es\/wp-json\/wp\/v2\/types\/page"}],"author":[{"embeddable":true,"href":"https:\/\/www.flagbeach.com\/es\/wp-json\/wp\/v2\/users\/1"}],"replies":[{"embeddable":true,"href":"https:\/\/www.flagbeach.com\/es\/wp-json\/wp\/v2\/comments?post=1905"}],"version-history":[{"count":18,"href":"https:\/\/www.flagbeach.com\/es\/wp-json\/wp\/v2\/pages\/1905\/revisions"}],"predecessor-version":[{"id":13474,"href":"https:\/\/www.flagbeach.com\/es\/wp-json\/wp\/v2\/pages\/1905\/revisions\/13474"}],"up":[{"embeddable":true,"href":"https:\/\/www.flagbeach.com\/es\/wp-json\/wp\/v2\/pages\/1903"}],"wp:attachment":[{"href":"https:\/\/www.flagbeach.com\/es\/wp-json\/wp\/v2\/media?parent=1905"}],"curies":[{"name":"wp","href":"https:\/\/api.w.org\/{rel}","templated":true}]}}