{"id":1903,"date":"2021-03-30T11:46:03","date_gmt":"2021-03-30T11:46:03","guid":{"rendered":"https:\/\/flagbeach.com\/windsurf\/"},"modified":"2025-12-16T21:42:07","modified_gmt":"2025-12-16T21:42:07","slug":"windsurf","status":"publish","type":"page","link":"https:\/\/www.flagbeach.com\/es\/windsurf\/","title":{"rendered":"Windsurf"},"content":{"rendered":"\n<div class=\"wp-block-cover alignfull has-background-dim-100 has-background-dim has-background-gradient has-custom-content-position is-position-top-left\" style=\"min-height:30vw;aspect-ratio:unset;\"><span aria-hidden=\"true\" class=\"wp-block-cover__gradient-background\" style=\"background:linear-gradient(180deg,rgb(20,62,94) 0%,rgba(255,255,255,0) 48%,rgba(20,61,93,0) 67%,rgb(20,62,94) 100%)\"><\/span><img loading=\"lazy\" decoding=\"async\" width=\"1440\" height=\"540\" sizes=\"auto, (max-width: 799px) 200vw, (max-width: 1440px) 100vw, 1440px\" class=\"wp-block-cover__image-background wp-image-877\" alt=\"\" src=\"https:\/\/www.flagbeach.com\/wp-content\/uploads\/2021\/02\/windsurfing-big-2.jpg\" style=\"object-position:50% 0%\" data-object-fit=\"cover\" data-object-position=\"50% 0%\" srcset=\"https:\/\/www.flagbeach.com\/wp-content\/uploads\/2021\/02\/windsurfing-big-2.jpg 1440w, https:\/\/www.flagbeach.com\/wp-content\/uploads\/2021\/02\/windsurfing-big-2-300x113.jpg 300w, https:\/\/www.flagbeach.com\/wp-content\/uploads\/2021\/02\/windsurfing-big-2-1024x384.jpg 1024w, https:\/\/www.flagbeach.com\/wp-content\/uploads\/2021\/02\/windsurfing-big-2-768x288.jpg 768w\" \/><div class=\"wp-block-cover__inner-container is-layout-flow wp-block-cover-is-layout-flow\">\n<h1 class=\"has-text-align-left has-subtle-color has-text-color wp-block-heading\"><span class=\"has-inline-color has-white-color\">Vacaciones de windsurf<\/span><\/h1>\n\n\n\n<p><\/p>\n<\/div><\/div>\n\n<div class=\"wp-block-group alignfull\"><div class=\"wp-block-group__inner-container is-layout-flow wp-block-group-is-layout-flow\">\n<div class=\"wp-block-columns alignwide are-vertically-aligned-center is-style-default tw-gutter-large tw-cols-stack-md is-layout-flex wp-container-core-columns-is-layout-d0b3c9c8 wp-block-columns-is-layout-flex\">\n<div class=\"wp-block-column is-vertically-aligned-center is-layout-flow wp-block-column-is-layout-flow\">\n<h3 class=\"wp-block-heading\">Aprende windsurf en Flag Beach Windsurf Centre, Fuerteventura<\/h3>\n\n\n\n<p>Ubicado en Corralejo en el Norte de Fuerteventura, Flag Beach es uno de los camps de windsurf mas longevas en Canarias.  Ofrecemos paquetes, cursos y alquileres  de windsurf \u00fanicas, sin comparaci\u00f3n.  Flag Beach tiene condiciones perfectas de Marzo a Septiembre y para los navegantes m\u00e1s avanzados  unas condiciones mas desafiantes durante el invierno.<\/p>\n<\/div>\n\n\n\n<div class=\"wp-block-column is-vertically-aligned-center is-layout-flow wp-block-column-is-layout-flow\">\n<figure class=\"wp-block-embed is-type-video is-provider-youtube wp-block-embed-youtube wp-embed-aspect-16-9 wp-has-aspect-ratio\">\r\n<div class=\"wp-block-embed__wrapper\">https:\/\/youtu.be\/nmDVnLKRjFM<\/div><\/figure>\n<\/div>\n<\/div>\n<\/div><\/div>\n\n<div class=\"wp-block-buttons is-content-justification-center is-layout-flex wp-block-buttons-is-layout-flex\">\n<div class=\"wp-block-button\"><a class=\"wp-block-button__link\" href=\"https:\/\/flagbeach.com\/book-now\/\">Reserva tu curso de windsurf ahora<\/a><\/div>\n<\/div>\n\n<div class=\"wp-block-columns alignwide is-layout-flex wp-container-core-columns-is-layout-d0b3c9c8 wp-block-columns-is-layout-flex\">\n<div class=\"wp-block-column is-layout-flow wp-block-column-is-layout-flow\" style=\"--col-width:33.33%;flex-basis:33.33%\">\n<figure class=\"wp-block-image size-large is-resized\"><img loading=\"lazy\" decoding=\"async\" src=\"https:\/\/www.flagbeach.com\/wp-content\/uploads\/2022\/12\/WS-2ND-DAY-43-819x1024.jpg\" alt=\"\" class=\"wp-image-4084\" width=\"307\" height=\"383\" srcset=\"https:\/\/www.flagbeach.com\/wp-content\/uploads\/2022\/12\/WS-2ND-DAY-43-819x1024.jpg 819w, https:\/\/www.flagbeach.com\/wp-content\/uploads\/2022\/12\/WS-2ND-DAY-43-240x300.jpg 240w, https:\/\/www.flagbeach.com\/wp-content\/uploads\/2022\/12\/WS-2ND-DAY-43-768x960.jpg 768w, https:\/\/www.flagbeach.com\/wp-content\/uploads\/2022\/12\/WS-2ND-DAY-43-1229x1536.jpg 1229w, https:\/\/www.flagbeach.com\/wp-content\/uploads\/2022\/12\/WS-2ND-DAY-43-1639x2048.jpg 1639w, https:\/\/www.flagbeach.com\/wp-content\/uploads\/2022\/12\/WS-2ND-DAY-43-1568x1960.jpg 1568w, https:\/\/www.flagbeach.com\/wp-content\/uploads\/2022\/12\/WS-2ND-DAY-43-scaled.jpg 2048w\" sizes=\"auto, (max-width: 307px) 100vw, 307px\" \/><\/figure>\n\n\n\n<figure class=\"wp-block-image\"><img loading=\"lazy\" decoding=\"async\" width=\"1063\" height=\"600\" src=\"https:\/\/www.flagbeach.com\/wp-content\/uploads\/2021\/02\/board-racks_1600x600_acf_cropped-edited-4.jpg\" alt=\"\" class=\"wp-image-358\" srcset=\"https:\/\/www.flagbeach.com\/wp-content\/uploads\/2021\/02\/board-racks_1600x600_acf_cropped-edited-4.jpg 1063w, https:\/\/www.flagbeach.com\/wp-content\/uploads\/2021\/02\/board-racks_1600x600_acf_cropped-edited-4-300x169.jpg 300w, https:\/\/www.flagbeach.com\/wp-content\/uploads\/2021\/02\/board-racks_1600x600_acf_cropped-edited-4-1024x578.jpg 1024w, https:\/\/www.flagbeach.com\/wp-content\/uploads\/2021\/02\/board-racks_1600x600_acf_cropped-edited-4-768x433.jpg 768w\" sizes=\"auto, (max-width: 1063px) 100vw, 1063px\" \/><\/figure>\n<\/div>\n\n\n\n<div class=\"wp-block-column is-layout-flow wp-block-column-is-layout-flow\" style=\"--col-width:66.66%;flex-basis:66.66%\">\n<figure class=\"wp-block-image size-large\"><img loading=\"lazy\" decoding=\"async\" width=\"1024\" height=\"576\" src=\"https:\/\/www.flagbeach.com\/wp-content\/uploads\/2021\/10\/untitled-18-1024x576.jpg\" alt=\"\" class=\"wp-image-2733\" srcset=\"https:\/\/www.flagbeach.com\/wp-content\/uploads\/2021\/10\/untitled-18-1024x576.jpg 1024w, https:\/\/www.flagbeach.com\/wp-content\/uploads\/2021\/10\/untitled-18-300x169.jpg 300w, https:\/\/www.flagbeach.com\/wp-content\/uploads\/2021\/10\/untitled-18-768x432.jpg 768w, https:\/\/www.flagbeach.com\/wp-content\/uploads\/2021\/10\/untitled-18-1536x864.jpg 1536w, https:\/\/www.flagbeach.com\/wp-content\/uploads\/2021\/10\/untitled-18-2048x1152.jpg 2048w, https:\/\/www.flagbeach.com\/wp-content\/uploads\/2021\/10\/untitled-18-1568x882.jpg 1568w\" sizes=\"auto, (max-width: 1024px) 100vw, 1024px\" \/><\/figure>\n<\/div>\n<\/div>\n\n<div class=\"wp-block-group alignfull\"><div class=\"wp-block-group__inner-container is-layout-flow wp-block-group-is-layout-flow\">\n<p>Tenemos cursos, paquetes y material que se ajusta a todos los niveles.  Atendemos a todos los niveles de experiencia.  Puedes escoger la duraci\u00f3n que mejor te conviene.<\/p>\n\n\n\n<div class=\"wp-block-columns alignwide tw-cols-stack-md is-layout-flex wp-container-core-columns-is-layout-d0b3c9c8 wp-block-columns-is-layout-flex\">\n<div class=\"wp-block-column is-layout-flow wp-block-column-is-layout-flow\">\n<div class=\"wp-block-group\"><div class=\"wp-block-group__inner-container is-layout-flow wp-block-group-is-layout-flow\">\n<h3 class=\"wp-block-heading\">Windsurfing <span style=\"color:#fdbe07\" class=\"has-inline-color\">courses<\/span> on Fuerteventura<\/h3>\n\n\n\n<figure class=\"wp-block-image size-large\"><img decoding=\"async\" src=\"https:\/\/flagbeach.com\/wp-content\/uploads\/2021\/02\/DSC03694_1440x540_acf_cropped-1024x384.jpg\" alt=\"Windsurfing courses on Fuerteventura\" class=\"wp-image-883\"\/><\/figure>\n\n\n\n<p>Take a windsurfing course and enjoy the lagoons of Fuerteventura. Our beginner, improver and renewal windsurfing courses will give you a taste of this exhilarating water sport or level up your windsurfing skills. Come feel the wind in your hair.<\/p>\n\n\n\n<p><\/p>\n\n\n\n<div class=\"wp-block-buttons aligncenter is-layout-flex wp-block-buttons-is-layout-flex\">\n<div class=\"wp-block-button is-style-fill\"><a class=\"wp-block-button__link\" href=\"https:\/\/flagbeach.com\/es\/windsurf\/cursos-de-windsurf\/\">View windsurf courses<\/a><\/div>\n<\/div>\n<\/div><\/div>\n<\/div>\n\n\n\n<div class=\"wp-block-column is-layout-flow wp-block-column-is-layout-flow\">\n<div class=\"wp-block-group\"><div class=\"wp-block-group__inner-container is-layout-flow wp-block-group-is-layout-flow\">\n<h3 class=\"wp-block-heading\">Windsurfing holiday<br\/><span style=\"color:#fdbe07\" class=\"has-inline-color\">packages<\/span><\/h3>\n\n\n\n<figure class=\"wp-block-image size-large\"><img loading=\"lazy\" decoding=\"async\" width=\"1024\" height=\"384\" src=\"https:\/\/flagbeach.com\/wp-content\/uploads\/2021\/02\/windsurfing-big-1-1024x384.jpg\" alt=\"Vacaciones del windsurf en Canarias\" class=\"wp-image-874\" srcset=\"https:\/\/www.flagbeach.com\/wp-content\/uploads\/2021\/02\/windsurfing-big-1-1024x384.jpg 1024w, https:\/\/www.flagbeach.com\/wp-content\/uploads\/2021\/02\/windsurfing-big-1-300x113.jpg 300w, https:\/\/www.flagbeach.com\/wp-content\/uploads\/2021\/02\/windsurfing-big-1-768x288.jpg 768w, https:\/\/www.flagbeach.com\/wp-content\/uploads\/2021\/02\/windsurfing-big-1.jpg 1440w\" sizes=\"auto, (max-width: 1024px) 100vw, 1024px\" \/><\/figure>\n\n\n\n<p>Nuestros paquetes proporcionan los mejores cursos junto con alojamiento en Fuerteventura.  Te llevaremos a la playa cada dia e incluye material y seguro de terceros.  Reserva online para ahorrar hasta 33%. No encontraras mejor precio asi que a que esperas? Sumergate en nuestros paquetes.<\/p>\n\n\n\n<p><\/p>\n\n\n\n<div class=\"wp-block-buttons aligncenter is-layout-flex wp-block-buttons-is-layout-flex\">\n<div class=\"wp-block-button\"><a class=\"wp-block-button__link\" href=\"https:\/\/flagbeach.com\/windsurfing\/windsurfing-packages\/\">Vacaciones de windsurf<\/a><\/div>\n<\/div>\n<\/div><\/div>\n<\/div>\n\n\n\n<div class=\"wp-block-column is-layout-flow wp-block-column-is-layout-flow\">\n<div class=\"wp-block-group\"><div class=\"wp-block-group__inner-container is-layout-flow wp-block-group-is-layout-flow\">\n<h3 class=\"wp-block-heading\">Windsurfing equipment<br><span style=\"color:#fdbe07\" class=\"has-inline-color\">rentals<\/span><\/h3>\n\n\n\n<figure class=\"wp-block-image size-large\"><img loading=\"lazy\" decoding=\"async\" width=\"1024\" height=\"384\" src=\"https:\/\/flagbeach.com\/wp-content\/uploads\/2021\/02\/windsurfing-big-2-1024x384.jpg\" alt=\"Wind surfing equipment hire\" class=\"wp-image-877\" srcset=\"https:\/\/www.flagbeach.com\/wp-content\/uploads\/2021\/02\/windsurfing-big-2-1024x384.jpg 1024w, https:\/\/www.flagbeach.com\/wp-content\/uploads\/2021\/02\/windsurfing-big-2-300x113.jpg 300w, https:\/\/www.flagbeach.com\/wp-content\/uploads\/2021\/02\/windsurfing-big-2-768x288.jpg 768w, https:\/\/www.flagbeach.com\/wp-content\/uploads\/2021\/02\/windsurfing-big-2.jpg 1440w\" sizes=\"auto, (max-width: 1024px) 100vw, 1024px\" \/><\/figure>\n\n\n\n<p>For intermediate to advanced sailors wanting to go solo, we&#8217;ve got the top windsurf equipment for hire and an exclusive beach front location. Browse our equipment brands and take a pick of your preferred board &amp; sail. You can also store your kit with us on the beach too.<\/p>\n\n\n\n<p><\/p>\n\n\n\n<div class=\"wp-block-buttons aligncenter is-layout-flex wp-block-buttons-is-layout-flex\">\n<div class=\"wp-block-button\"><a class=\"wp-block-button__link\" href=\"https:\/\/flagbeach.com\/es\/windsurf\/alquiler-de-windsurf\/\">View windsurf rentals<\/a><\/div>\n<\/div>\n<\/div><\/div>\n<\/div>\n<\/div>\n<\/div><\/div>\n\n<div class=\"wp-block-cover alignfull\" style=\"min-height:30vw;aspect-ratio:unset;\"><img loading=\"lazy\" decoding=\"async\" width=\"1440\" height=\"540\" sizes=\"auto, (max-width: 799px) 200vw, (max-width: 1440px) 100vw, 1440px\" class=\"wp-block-cover__image-background wp-image-880\" alt=\"\" src=\"https:\/\/www.flagbeach.com\/wp-content\/uploads\/2021\/02\/windsurfing-big-3.jpg\" data-object-fit=\"cover\" srcset=\"https:\/\/www.flagbeach.com\/wp-content\/uploads\/2021\/02\/windsurfing-big-3.jpg 1440w, https:\/\/www.flagbeach.com\/wp-content\/uploads\/2021\/02\/windsurfing-big-3-300x113.jpg 300w, https:\/\/www.flagbeach.com\/wp-content\/uploads\/2021\/02\/windsurfing-big-3-1024x384.jpg 1024w, https:\/\/www.flagbeach.com\/wp-content\/uploads\/2021\/02\/windsurfing-big-3-768x288.jpg 768w\" \/><div class=\"wp-block-cover__inner-container is-layout-flow wp-block-cover-is-layout-flow\">\n<p class=\"has-text-align-center has-large-font-size\"><\/p>\n<\/div><\/div>\n\n<div class=\"wp-block-group alignfull\"><div class=\"wp-block-group__inner-container is-layout-flow wp-block-group-is-layout-flow\">\n<div class=\"wp-block-columns alignwide tw-cols-stack-md is-layout-flex wp-container-core-columns-is-layout-d0b3c9c8 wp-block-columns-is-layout-flex\">\n<div class=\"wp-block-column is-layout-flow wp-block-column-is-layout-flow\" style=\"--col-width:66%;flex-basis:66%\">\n<div class=\"wp-block-group\"><div class=\"wp-block-group__inner-container is-layout-flow wp-block-group-is-layout-flow\">\n<h3 class=\"wp-block-heading\">Why choose Flag Beach for your lessons in el Cotillo, Fuerteventura?<\/h3>\n\n\n\n<h4 class=\"wp-block-heading\"><mark style=\"background-color:rgba(0, 0, 0, 0);color:#18abdd\" class=\"has-inline-color\"><strong>Effective teaching for all levels &#8211; From beginner to advanced<\/strong><\/mark><\/h4>\n\n\n\n<p>For beginners, we start with theory and getting the basics right on the beach. We also choose the best beaches and conditions for each of our watersport lessons, making sure you get to spend most of your time in the water, enjoying the waves.<\/p>\n\n\n\n<h4 class=\"wp-block-heading\"><mark style=\"background-color:rgba(0, 0, 0, 0);color:#18abdd\" class=\"has-inline-color\">Small group size<\/mark><\/h4>\n\n\n\n<p>We only teach in small groups. For <a href=\"https:\/\/flagbeach.com\/kite-surfing\/\" data-type=\"page\" data-id=\"50\">Kitesurfing<\/a>, for example, 4 per instructor in beach lessons and 2 per instructor in water lessons.<\/p>\n\n\n\n<p>Other schools tend to keep to 4 even in the water, but we believe you\u2019ll get more out of your lesson with us!<\/p>\n\n\n\n<h4 class=\"wp-block-heading\"><mark style=\"background-color:rgba(0, 0, 0, 0);color:#18abdd\" class=\"has-inline-color\">Top instructors<\/mark><\/h4>\n\n\n\n<p>We have over 35 years of experience in teaching kitesurfing, surfing, windsurfing and other watersports.<\/p>\n\n\n\n<p>We are a VDWS recognized centre offering the kite qualification. Our instructors are also IKO certified.<\/p>\n\n\n\n<h4 class=\"wp-block-heading\"><mark style=\"background-color:rgba(0, 0, 0, 0);color:#18abdd\" class=\"has-inline-color\">Excellent equipment<\/mark><\/h4>\n\n\n\n<p>We\u2019re friendly and patient. It\u2019s all about you having a good time after all.<\/p>\n\n\n\n<p>We teach in 6 languages: English, Deutsch, Espanol, Francais, Italiano, Polska<\/p>\n\n\n\n<p>We also have lots of other watersports on offer, so you certainly won\u2019t get bored with us.<\/p>\n<\/div><\/div>\n<\/div>\n\n\n\n<div class=\"wp-block-column is-layout-flow wp-block-column-is-layout-flow\">\n<div class=\"wp-block-group\"><div class=\"wp-block-group__inner-container is-layout-flow wp-block-group-is-layout-flow\">\n<h3 class=\"wp-block-heading\" id=\"block-1c1c30df-a213-4ca9-8d08-266a082204ab\">Instructor <span style=\"color:#fcbe06\" class=\"has-inline-color\">focus<\/span><\/h3>\n\n\n\n<figure class=\"wp-block-image size-large\" id=\"block-922f11a3-99dd-47d6-a7ae-1c877e46ae3d\"><img loading=\"lazy\" decoding=\"async\" width=\"540\" height=\"285\" src=\"https:\/\/flagbeach.com\/wp-content\/uploads\/2021\/02\/Michiel_540x285_acf_cropped.jpg\" alt=\"Windsurf instructor Michiel\" class=\"wp-image-751\" srcset=\"https:\/\/www.flagbeach.com\/wp-content\/uploads\/2021\/02\/Michiel_540x285_acf_cropped.jpg 540w, https:\/\/www.flagbeach.com\/wp-content\/uploads\/2021\/02\/Michiel_540x285_acf_cropped-300x158.jpg 300w\" sizes=\"auto, (max-width: 540px) 100vw, 540px\" \/><\/figure>\n\n\n\n<h3 class=\"wp-block-heading\">Michiel<\/h3>\n\n\n\n<p><strong>Windsurf Instructor<\/strong><\/p>\n\n\n\n<p>Michiel is from Belgium and crazy about windsurfing. He is a full time member of staff at flag beach.<\/p>\n\n\n\n<p><strong>Qualifications<\/strong><br>VDWS windsurf<\/p>\n\n\n\n<p><strong>Languages spoken<\/strong><br>Belgium, English, French<\/p>\n\n\n\n<p><strong>Sports<\/strong><br>Windsurf<\/p>\n\n\n\n<div class=\"wp-block-buttons is-layout-flex wp-block-buttons-is-layout-flex\">\n<div class=\"wp-block-button\"><a class=\"wp-block-button__link\" href=\"https:\/\/flagbeach.com\/about-us\/our-team\/\">Meet our windsurf instructors<\/a><\/div>\n<\/div>\n<\/div><\/div>\n<\/div>\n<\/div>\n<\/div><\/div>\n\n<div class=\"wp-block-cover alignfull\" style=\"min-height:30vw;aspect-ratio:unset;\"><img loading=\"lazy\" decoding=\"async\" width=\"1600\" height=\"600\" sizes=\"auto, (max-width: 799px) 200vw, (max-width: 1600px) 100vw, 1600px\" class=\"wp-block-cover__image-background wp-image-1202\" alt=\"\" src=\"https:\/\/www.flagbeach.com\/wp-content\/uploads\/2021\/02\/windsurfing-header.jpg\" data-object-fit=\"cover\" srcset=\"https:\/\/www.flagbeach.com\/wp-content\/uploads\/2021\/02\/windsurfing-header.jpg 1600w, https:\/\/www.flagbeach.com\/wp-content\/uploads\/2021\/02\/windsurfing-header-300x113.jpg 300w, https:\/\/www.flagbeach.com\/wp-content\/uploads\/2021\/02\/windsurfing-header-1024x384.jpg 1024w, https:\/\/www.flagbeach.com\/wp-content\/uploads\/2021\/02\/windsurfing-header-768x288.jpg 768w, https:\/\/www.flagbeach.com\/wp-content\/uploads\/2021\/02\/windsurfing-header-1536x576.jpg 1536w, https:\/\/www.flagbeach.com\/wp-content\/uploads\/2021\/02\/windsurfing-header-1568x588.jpg 1568w\" \/><div class=\"wp-block-cover__inner-container is-layout-flow wp-block-cover-is-layout-flow\">\n<p class=\"has-text-align-center has-large-font-size\"><\/p>\n<\/div><\/div>\n","protected":false},"excerpt":{"rendered":"<p>Aprende windsurf en Flag Beach Windsurf Centre, Fuerteventura Ubicado en Corralejo en el Norte de Fuerteventura, Flag Beach es uno de los camps de windsurf mas longevas en Canarias. Ofrecemos paquetes, cursos y alquileres de windsurf \u00fanicas, sin comparaci\u00f3n. Flag Beach tiene condiciones perfectas de Marzo a Septiembre y para los navegantes m\u00e1s avanzados unas&hellip; <a class=\"more-link\" href=\"https:\/\/www.flagbeach.com\/es\/windsurf\/\">Seguir leyendo <span class=\"screen-reader-text\">Windsurf<\/span><\/a><\/p>\n","protected":false},"author":1,"featured_media":0,"parent":0,"menu_order":0,"comment_status":"closed","ping_status":"closed","template":"tw-header-transparent.php","meta":{"footnotes":""},"class_list":["post-1903","page","type-page","status-publish","hentry","entry"],"_links":{"self":[{"href":"https:\/\/www.flagbeach.com\/es\/wp-json\/wp\/v2\/pages\/1903","targetHints":{"allow":["GET"]}}],"collection":[{"href":"https:\/\/www.flagbeach.com\/es\/wp-json\/wp\/v2\/pages"}],"about":[{"href":"https:\/\/www.flagbeach.com\/es\/wp-json\/wp\/v2\/types\/page"}],"author":[{"embeddable":true,"href":"https:\/\/www.flagbeach.com\/es\/wp-json\/wp\/v2\/users\/1"}],"replies":[{"embeddable":true,"href":"https:\/\/www.flagbeach.com\/es\/wp-json\/wp\/v2\/comments?post=1903"}],"version-history":[{"count":7,"href":"https:\/\/www.flagbeach.com\/es\/wp-json\/wp\/v2\/pages\/1903\/revisions"}],"predecessor-version":[{"id":13444,"href":"https:\/\/www.flagbeach.com\/es\/wp-json\/wp\/v2\/pages\/1903\/revisions\/13444"}],"wp:attachment":[{"href":"https:\/\/www.flagbeach.com\/es\/wp-json\/wp\/v2\/media?parent=1903"}],"curies":[{"name":"wp","href":"https:\/\/api.w.org\/{rel}","templated":true}]}}