{"id":1901,"date":"2021-03-30T11:36:06","date_gmt":"2021-03-30T11:36:06","guid":{"rendered":"https:\/\/flagbeach.com\/surf\/paquetes-de-surf\/"},"modified":"2025-12-15T20:39:42","modified_gmt":"2025-12-15T20:39:42","slug":"paquetes-de-surf","status":"publish","type":"page","link":"https:\/\/www.flagbeach.com\/es\/surf\/paquetes-de-surf\/","title":{"rendered":"Paquetes de surf"},"content":{"rendered":"\n<div class=\"wp-block-cover alignfull has-custom-content-position is-position-top-left\" style=\"min-height:30vw;aspect-ratio:unset;\"><img loading=\"lazy\" decoding=\"async\" width=\"1600\" height=\"600\" sizes=\"auto, (max-width: 799px) 200vw, (max-width: 1600px) 100vw, 1600px\" class=\"wp-block-cover__image-background wp-image-851\" alt=\"\" src=\"https:\/\/www.flagbeach.com\/wp-content\/uploads\/2021\/02\/surfing-header-v3.jpg\" style=\"object-position:50% 0%\" data-object-fit=\"cover\" data-object-position=\"50% 0%\" srcset=\"https:\/\/www.flagbeach.com\/wp-content\/uploads\/2021\/02\/surfing-header-v3.jpg 1600w, https:\/\/www.flagbeach.com\/wp-content\/uploads\/2021\/02\/surfing-header-v3-300x113.jpg 300w, https:\/\/www.flagbeach.com\/wp-content\/uploads\/2021\/02\/surfing-header-v3-1024x384.jpg 1024w, https:\/\/www.flagbeach.com\/wp-content\/uploads\/2021\/02\/surfing-header-v3-768x288.jpg 768w, https:\/\/www.flagbeach.com\/wp-content\/uploads\/2021\/02\/surfing-header-v3-1536x576.jpg 1536w, https:\/\/www.flagbeach.com\/wp-content\/uploads\/2021\/02\/surfing-header-v3-1568x588.jpg 1568w\" \/><span aria-hidden=\"true\" class=\"wp-block-cover__background has-background-dim-100 has-background-dim wp-block-cover__gradient-background has-background-gradient\" style=\"background:linear-gradient(180deg,rgb(20,62,94) 0%,rgba(255,255,255,0) 48%,rgba(20,61,93,0) 67%,rgb(20,62,94) 100%)\"><\/span><div class=\"wp-block-cover__inner-container is-layout-flow wp-block-cover-is-layout-flow\">\n<h1 class=\"wp-block-heading has-text-align-left has-subtle-color has-text-color\">Paquetes de surf<\/h1>\n\n\n\n<p><\/p>\n<\/div><\/div>\n\n<div class=\"wp-block-buttons is-horizontal is-content-justification-center is-layout-flex wp-container-core-buttons-is-layout-03627597 wp-block-buttons-is-layout-flex\">\n<div class=\"wp-block-button\"><a class=\"wp-block-button__link wp-element-button\" href=\"https:\/\/flagbeach.com\/book-now\/\">Reserva tu paquete de surf ahora<\/a><\/div>\n<\/div>\n\n<div class=\"wp-block-group alignfull\"><div class=\"wp-block-group__inner-container is-layout-flow wp-block-group-is-layout-flow\">\n<h2 class=\"wp-block-heading\">Buscas la mejor escapada nautica en Fuerteventura?  aqui esta<\/h2>\n\n\n\n<p>Nuestros paquetes te dan lo mejor para tu dinero.  Puedes elegir de una serie de alojamientos; desde hoteles a apartamentos self catering a hostales econ\u00f3micos.  Anade el curso de surf y material para la mejor experiencia aqu\u00ed en Flag beach.<\/p>\n\n\n\n<div class=\"wp-block-columns alignwide is-layout-flex wp-container-core-columns-is-layout-d0b3c9c8 wp-block-columns-is-layout-flex\">\n<div class=\"wp-block-column is-layout-flow wp-block-column-is-layout-flow\" style=\"--col-width:33.33%;flex-basis:33.33%\">\n<figure class=\"wp-block-image\"><img loading=\"lazy\" decoding=\"async\" width=\"2560\" height=\"1714\" src=\"https:\/\/www.flagbeach.com\/wp-content\/uploads\/2021\/09\/girls-at-FB-scaled.jpg\" alt=\"\" class=\"wp-image-2587\" srcset=\"https:\/\/www.flagbeach.com\/wp-content\/uploads\/2021\/09\/girls-at-FB-scaled.jpg 2560w, https:\/\/www.flagbeach.com\/wp-content\/uploads\/2021\/09\/girls-at-FB-300x201.jpg 300w, https:\/\/www.flagbeach.com\/wp-content\/uploads\/2021\/09\/girls-at-FB-1024x685.jpg 1024w, https:\/\/www.flagbeach.com\/wp-content\/uploads\/2021\/09\/girls-at-FB-768x514.jpg 768w, https:\/\/www.flagbeach.com\/wp-content\/uploads\/2021\/09\/girls-at-FB-1536x1028.jpg 1536w, https:\/\/www.flagbeach.com\/wp-content\/uploads\/2021\/09\/girls-at-FB-2048x1371.jpg 2048w, https:\/\/www.flagbeach.com\/wp-content\/uploads\/2021\/09\/girls-at-FB-1568x1050.jpg 1568w\" sizes=\"auto, (max-width: 2560px) 100vw, 2560px\" \/><\/figure>\n\n\n\n<div class=\"wp-block-getwid-image-box has-text-center has-mobile-layout-default has-mobile-alignment-default\"><div class=\"wp-block-getwid-image-box__image-container is-position-top\"><div class=\"wp-block-getwid-image-box__image-wrapper\"><img loading=\"lazy\" decoding=\"async\" width=\"1700\" height=\"2560\" src=\"https:\/\/www.flagbeach.com\/wp-content\/uploads\/2021\/09\/DSC5421-scaled.jpg\" class=\"wp-block-getwid-image-box__image wp-image-2611\" srcset=\"https:\/\/www.flagbeach.com\/wp-content\/uploads\/2021\/09\/DSC5421-scaled.jpg 1700w, https:\/\/www.flagbeach.com\/wp-content\/uploads\/2021\/09\/DSC5421-199x300.jpg 199w, https:\/\/www.flagbeach.com\/wp-content\/uploads\/2021\/09\/DSC5421-680x1024.jpg 680w, https:\/\/www.flagbeach.com\/wp-content\/uploads\/2021\/09\/DSC5421-768x1156.jpg 768w, https:\/\/www.flagbeach.com\/wp-content\/uploads\/2021\/09\/DSC5421-1020x1536.jpg 1020w, https:\/\/www.flagbeach.com\/wp-content\/uploads\/2021\/09\/DSC5421-1360x2048.jpg 1360w, https:\/\/www.flagbeach.com\/wp-content\/uploads\/2021\/09\/DSC5421-1568x2361.jpg 1568w\" sizes=\"auto, (max-width: 1700px) 100vw, 1700px\" \/><\/div><\/div><div class=\"wp-block-getwid-image-box__content\">\n<h2 class=\"wp-block-heading\"><\/h2>\n\n\n\n<p><\/p>\n<\/div><\/div>\n<\/div>\n\n\n\n<div class=\"wp-block-column is-layout-flow wp-block-column-is-layout-flow\" style=\"--col-width:66.66%;flex-basis:66.66%\">\n<figure class=\"wp-block-image\"><img loading=\"lazy\" decoding=\"async\" width=\"2560\" height=\"1922\" src=\"https:\/\/www.flagbeach.com\/wp-content\/uploads\/2021\/09\/P1050865-scaled.jpg\" alt=\"\" class=\"wp-image-2581\" srcset=\"https:\/\/www.flagbeach.com\/wp-content\/uploads\/2021\/09\/P1050865-scaled.jpg 2560w, https:\/\/www.flagbeach.com\/wp-content\/uploads\/2021\/09\/P1050865-300x225.jpg 300w, https:\/\/www.flagbeach.com\/wp-content\/uploads\/2021\/09\/P1050865-1024x769.jpg 1024w, https:\/\/www.flagbeach.com\/wp-content\/uploads\/2021\/09\/P1050865-768x577.jpg 768w, https:\/\/www.flagbeach.com\/wp-content\/uploads\/2021\/09\/P1050865-1536x1153.jpg 1536w, https:\/\/www.flagbeach.com\/wp-content\/uploads\/2021\/09\/P1050865-2048x1538.jpg 2048w, https:\/\/www.flagbeach.com\/wp-content\/uploads\/2021\/09\/P1050865-1568x1177.jpg 1568w\" sizes=\"auto, (max-width: 2560px) 100vw, 2560px\" \/><\/figure>\n<\/div>\n<\/div>\n\n\n\n<h2 class=\"wp-block-heading alignwide\">Paquetes de surf de iniciaci\u00f3n<\/h2>\n\n\n\n<p class=\"tw-text-wide\">Aprender\u00e1s a surfear en las aguas cristalinas de Fuerteventura con nuestros paquetes de surf.<\/p>\n\n\n\n<h2 class=\"wp-block-heading alignwide\"><span class=\"has-inline-color\" style=\"color: #fcbe06\">Itinerarios<\/span><\/h2>\n\n\n\n<div class=\"wp-block-columns alignwide is-layout-flex wp-container-core-columns-is-layout-d0b3c9c8 wp-block-columns-is-layout-flex\">\n<div class=\"wp-block-column is-layout-flow wp-block-column-is-layout-flow\">\n<h3 class=\"wp-block-heading\">Surf de iniciaci\u00f3n <\/h3>\n\n\n\n<p>La forma perfecta de empezar surf<\/p>\n\n\n\n<h3 class=\"wp-block-heading\">Beginner surfing camp 7 nights<\/h3>\n\n\n\n<p>Un paquete de 1 semana de duraci\u00f3n para principiantes queriendo aprender este deporte; incluye hostal con desayuno en dormitorio compartido (memoria de tipo de habitaci\u00f3n en este precio), transporte del aeropuerto y a la playa, packs de almuerzo, curso de surf con material.<\/p>\n<\/div>\n\n\n\n<div class=\"wp-block-column is-layout-flow wp-block-column-is-layout-flow\">\n<h3 class=\"wp-block-heading\">Beginner surfing 14 nights<\/h3>\n\n\n\n<p>Un paquete de 2 semanas de duraci\u00f3n para principiantes queriendo aprender este deporte; incluye hostal con desayuno en dormitorio compartido (memoria de tipo de habitaci\u00f3n en este precio), transporte del aeropuerto y a la playa, packs de almuerzo, curso de surf con material.<\/p>\n<\/div>\n<\/div>\n\n\n\n<div class=\"wp-block-getwid-accordion has-icon-left\" data-active-element=\"none\"><\/div>\n\n\n\n<h3 class=\"wp-block-heading\">Precios<\/h3>\n\n\n\n<div class=\"wp-block-group alignfull\"><div class=\"wp-block-group__inner-container is-layout-flow wp-block-group-is-layout-flow\">\n<figure class=\"wp-block-table tw-row-valign-top is-style-tw-border-h\"><table><tbody><tr><td>Beginner surfing camp 7 nights<br \/><sup>7 night surf hostel stay, 5 day surfing course<\/sup><\/td><td class=\"has-text-align-right\" data-align=\"right\">\u20ac435<\/td><\/tr><tr><td>Beginner surfing camp &amp; Yoga 7 nights<br \/><sup>7 night surf hostel stay, 5 day surfing course, 5 days yoga<\/sup><\/td><td class=\"has-text-align-right\" data-align=\"right\">\u20ac535<\/td><\/tr><tr><td>Beginner surfing camp 14 nights<br \/><sup>14 night surf hostel stay, 12 day surfing course,<\/sup><\/td><td class=\"has-text-align-right\" data-align=\"right\">\u20ac755<\/td><\/tr><tr><td>Beginner surfing camp &amp; Yoga 14 nights<br \/><sup>14 night surf hostel stay, 12 day surfing course,<\/sup> <sup>10 days yoga<\/sup><\/td><td class=\"has-text-align-right\" data-align=\"right\">\u20ac955<\/td><\/tr><\/tbody><\/table><\/figure>\n\n\n\n<p><\/p>\n<\/div><\/div>\n\n\n\n<div class=\"wp-block-buttons is-horizontal is-content-justification-center is-layout-flex wp-container-core-buttons-is-layout-03627597 wp-block-buttons-is-layout-flex\">\n<div class=\"wp-block-button\"><a class=\"wp-block-button__link wp-element-button\" href=\"https:\/\/flagbeach.com\/book-now\/\">Reserva tu paquete de surf ahora<\/a><\/div>\n<\/div>\n<\/div><\/div>\n\n<div class=\"wp-block-cover alignfull is-light\" style=\"min-height:282px;aspect-ratio:unset;\"><img loading=\"lazy\" decoding=\"async\" width=\"1440\" height=\"540\" sizes=\"auto, (max-width: 799px) 200vw, (max-width: 1440px) 100vw, 1440px\" class=\"wp-block-cover__image-background wp-image-1179\" alt=\"\" src=\"https:\/\/www.flagbeach.com\/wp-content\/uploads\/2021\/02\/surfing-big-7-1.jpg\" style=\"object-position:50% 21%\" data-object-fit=\"cover\" data-object-position=\"50% 21%\" srcset=\"https:\/\/www.flagbeach.com\/wp-content\/uploads\/2021\/02\/surfing-big-7-1.jpg 1440w, https:\/\/www.flagbeach.com\/wp-content\/uploads\/2021\/02\/surfing-big-7-1-300x113.jpg 300w, https:\/\/www.flagbeach.com\/wp-content\/uploads\/2021\/02\/surfing-big-7-1-1024x384.jpg 1024w, https:\/\/www.flagbeach.com\/wp-content\/uploads\/2021\/02\/surfing-big-7-1-768x288.jpg 768w\" \/><span aria-hidden=\"true\" class=\"wp-block-cover__background has-background-dim-0 has-background-dim\"><\/span><div class=\"wp-block-cover__inner-container is-layout-flow wp-block-cover-is-layout-flow\">\n<p class=\"has-text-align-center has-large-font-size\"><\/p>\n<\/div><\/div>\n\n<div class=\"wp-block-columns alignwide is-layout-flex wp-container-core-columns-is-layout-d0b3c9c8 wp-block-columns-is-layout-flex\">\n<div class=\"wp-block-column is-layout-flow wp-block-column-is-layout-flow\"><\/div>\n\n\n\n<div class=\"wp-block-column is-layout-flow wp-block-column-is-layout-flow\">\n<div class=\"wp-block-group\"><div class=\"wp-block-group__inner-container is-layout-flow wp-block-group-is-layout-flow\">\n<h3 class=\"wp-block-heading\">Fuerteventura Surf equipment<br><span style=\"color:#fdbe07\" class=\"has-inline-color\">rentals<\/span><\/h3>\n\n\n\n<figure class=\"wp-block-image size-large is-resized\"><img loading=\"lazy\" decoding=\"async\" width=\"1024\" height=\"683\" src=\"https:\/\/www.flagbeach.com\/wp-content\/uploads\/2023\/03\/DSC05825-1024x683.jpg\" alt=\"\" class=\"wp-image-5535\" style=\"width:465px;height:310px\" srcset=\"https:\/\/www.flagbeach.com\/wp-content\/uploads\/2023\/03\/DSC05825-1024x683.jpg 1024w, https:\/\/www.flagbeach.com\/wp-content\/uploads\/2023\/03\/DSC05825-300x200.jpg 300w, https:\/\/www.flagbeach.com\/wp-content\/uploads\/2023\/03\/DSC05825-768x512.jpg 768w, https:\/\/www.flagbeach.com\/wp-content\/uploads\/2023\/03\/DSC05825-1536x1024.jpg 1536w, https:\/\/www.flagbeach.com\/wp-content\/uploads\/2023\/03\/DSC05825-2048x1365.jpg 2048w, https:\/\/www.flagbeach.com\/wp-content\/uploads\/2023\/03\/DSC05825-1568x1045.jpg 1568w\" sizes=\"auto, (max-width: 1024px) 100vw, 1024px\" \/><\/figure>\n\n\n\n<p>For intermediate to advanced surfers wanting to go solo, we&#8217;ve got the top surf equipment for hire and an exclusive beach front location. Browse our equipment brands and take a pick of your preferred board. You can also store your kit with us on the beach too.<\/p>\n\n\n\n<p><\/p>\n\n\n\n<div class=\"wp-block-buttons is-content-justification-center is-layout-flex wp-container-core-buttons-is-layout-a89b3969 wp-block-buttons-is-layout-flex\">\n<div class=\"wp-block-button\"><a class=\"wp-block-button__link wp-element-button\" href=\"https:\/\/flagbeach.com\/surfing\/surfing-rental\/\">View surf rentals<\/a><\/div>\n<\/div>\n<\/div><\/div>\n<\/div>\n\n\n\n<div class=\"wp-block-column is-layout-flow wp-block-column-is-layout-flow\">\n<div class=\"wp-block-group\"><div class=\"wp-block-group__inner-container is-layout-flow wp-block-group-is-layout-flow\">\n<h3 class=\"wp-block-heading\">Surf holiday<br><span style=\"color:#fdbe07\" class=\"has-inline-color\">accommodation<\/span><\/h3>\n\n\n\n<figure class=\"wp-block-image size-large\"><img decoding=\"async\" src=\"https:\/\/flagbeach.com\/wp-content\/uploads\/2021\/02\/holiday-accommodation-fuerteventura-769x1024.jpg\" alt=\"Surf holiday accommodation\" class=\"wp-image-1412\"\/><\/figure>\n\n\n\n<p>Our holiday packages give you the best bang for your buck. You can choose from a range of accommodation: luxury hotels or self catering apartments to our budget surf hostel. Add to that our surfing course and equipment hire for the full Flag Beach experience.<\/p>\n\n\n\n<p><\/p>\n\n\n\n<div class=\"wp-block-buttons aligncenter is-layout-flex wp-block-buttons-is-layout-flex\">\n<div class=\"wp-block-button\"><a class=\"wp-block-button__link\" href=\"https:\/\/flagbeach.com\/accommodation\/\">View surf accommodation<\/a><\/div>\n<\/div>\n<\/div><\/div>\n<\/div>\n<\/div>\n\n<hr class=\"wp-block-separator has-css-opacity\" \/>\n\n<div class=\"wp-block-cover alignfull is-light\" style=\"min-height:282px;aspect-ratio:unset;\"><img loading=\"lazy\" decoding=\"async\" width=\"1600\" height=\"700\" sizes=\"auto, (max-width: 799px) 200vw, (max-width: 1600px) 100vw, 1600px\" class=\"wp-block-cover__image-background wp-image-14\" alt=\"\" src=\"https:\/\/www.flagbeach.com\/wp-content\/uploads\/2021\/01\/fb-hero-1600-1.jpg\" style=\"object-position:50% 21%\" data-object-fit=\"cover\" data-object-position=\"50% 21%\" srcset=\"https:\/\/www.flagbeach.com\/wp-content\/uploads\/2021\/01\/fb-hero-1600-1.jpg 1600w, https:\/\/www.flagbeach.com\/wp-content\/uploads\/2021\/01\/fb-hero-1600-1-300x131.jpg 300w, https:\/\/www.flagbeach.com\/wp-content\/uploads\/2021\/01\/fb-hero-1600-1-1024x448.jpg 1024w, https:\/\/www.flagbeach.com\/wp-content\/uploads\/2021\/01\/fb-hero-1600-1-768x336.jpg 768w, https:\/\/www.flagbeach.com\/wp-content\/uploads\/2021\/01\/fb-hero-1600-1-1536x672.jpg 1536w, https:\/\/www.flagbeach.com\/wp-content\/uploads\/2021\/01\/fb-hero-1600-1-1568x686.jpg 1568w\" \/><span aria-hidden=\"true\" class=\"wp-block-cover__background has-background-dim-0 has-background-dim\"><\/span><div class=\"wp-block-cover__inner-container is-layout-flow wp-block-cover-is-layout-flow\">\n<p class=\"has-text-align-center has-large-font-size\"><\/p>\n<\/div><\/div>\n","protected":false},"excerpt":{"rendered":"<p>Buscas la mejor escapada nautica en Fuerteventura? aqui esta Nuestros paquetes te dan lo mejor para tu dinero. Puedes elegir de una serie de alojamientos; desde hoteles a apartamentos self catering a hostales econ\u00f3micos. Anade el curso de surf y material para la mejor experiencia aqu\u00ed en Flag beach. Paquetes de surf de iniciaci\u00f3n Aprender\u00e1s&hellip; <a class=\"more-link\" href=\"https:\/\/www.flagbeach.com\/es\/surf\/paquetes-de-surf\/\">Seguir leyendo <span class=\"screen-reader-text\">Paquetes de surf<\/span><\/a><\/p>\n","protected":false},"author":1,"featured_media":0,"parent":1883,"menu_order":0,"comment_status":"closed","ping_status":"closed","template":"tw-header-transparent.php","meta":{"footnotes":""},"class_list":["post-1901","page","type-page","status-publish","hentry","entry"],"_links":{"self":[{"href":"https:\/\/www.flagbeach.com\/es\/wp-json\/wp\/v2\/pages\/1901","targetHints":{"allow":["GET"]}}],"collection":[{"href":"https:\/\/www.flagbeach.com\/es\/wp-json\/wp\/v2\/pages"}],"about":[{"href":"https:\/\/www.flagbeach.com\/es\/wp-json\/wp\/v2\/types\/page"}],"author":[{"embeddable":true,"href":"https:\/\/www.flagbeach.com\/es\/wp-json\/wp\/v2\/users\/1"}],"replies":[{"embeddable":true,"href":"https:\/\/www.flagbeach.com\/es\/wp-json\/wp\/v2\/comments?post=1901"}],"version-history":[{"count":13,"href":"https:\/\/www.flagbeach.com\/es\/wp-json\/wp\/v2\/pages\/1901\/revisions"}],"predecessor-version":[{"id":13459,"href":"https:\/\/www.flagbeach.com\/es\/wp-json\/wp\/v2\/pages\/1901\/revisions\/13459"}],"up":[{"embeddable":true,"href":"https:\/\/www.flagbeach.com\/es\/wp-json\/wp\/v2\/pages\/1883"}],"wp:attachment":[{"href":"https:\/\/www.flagbeach.com\/es\/wp-json\/wp\/v2\/media?parent=1901"}],"curies":[{"name":"wp","href":"https:\/\/api.w.org\/{rel}","templated":true}]}}