{"id":1877,"date":"2021-03-29T14:55:55","date_gmt":"2021-03-29T14:55:55","guid":{"rendered":"https:\/\/flagbeach.com\/sup\/cursos-de-sup\/"},"modified":"2025-12-15T01:28:40","modified_gmt":"2025-12-15T01:28:40","slug":"cursos-de-sup","status":"publish","type":"page","link":"https:\/\/www.flagbeach.com\/es\/sup\/cursos-de-sup\/","title":{"rendered":"Cursos de SUP"},"content":{"rendered":"\n<div class=\"wp-block-cover alignfull has-background-dim-100 has-background-dim has-background-gradient has-custom-content-position is-position-top-left\" style=\"min-height:30vw;aspect-ratio:unset;\"><span aria-hidden=\"true\" class=\"wp-block-cover__gradient-background\" style=\"background:linear-gradient(180deg,rgb(20,62,94) 0%,rgba(255,255,255,0) 48%,rgba(20,61,93,0) 67%,rgb(20,62,94) 100%)\"><\/span><img loading=\"lazy\" decoding=\"async\" width=\"1440\" height=\"540\" sizes=\"auto, (max-width: 799px) 200vw, (max-width: 1440px) 100vw, 1440px\" class=\"wp-block-cover__image-background wp-image-914\" alt=\"\" src=\"https:\/\/www.flagbeach.com\/wp-content\/uploads\/2021\/02\/sup-1.jpg\" style=\"object-position:50% 0%\" data-object-fit=\"cover\" data-object-position=\"50% 0%\" srcset=\"https:\/\/www.flagbeach.com\/wp-content\/uploads\/2021\/02\/sup-1.jpg 1440w, https:\/\/www.flagbeach.com\/wp-content\/uploads\/2021\/02\/sup-1-300x113.jpg 300w, https:\/\/www.flagbeach.com\/wp-content\/uploads\/2021\/02\/sup-1-1024x384.jpg 1024w, https:\/\/www.flagbeach.com\/wp-content\/uploads\/2021\/02\/sup-1-768x288.jpg 768w\" \/><div class=\"wp-block-cover__inner-container is-layout-flow wp-block-cover-is-layout-flow\">\n<h1 class=\"has-text-align-left has-subtle-color has-text-color wp-block-heading\"><span class=\"has-inline-color has-white-color\">Cursos de SUP<\/span><\/h1>\n\n\n\n<p><\/p>\n<\/div><\/div>\n\n<div class=\"wp-block-buttons is-content-justification-center is-layout-flex wp-block-buttons-is-layout-flex\">\n<div class=\"wp-block-button\"><a class=\"wp-block-button__link\" href=\"https:\/\/flagbeach.com\/book-now\/\">Reserva tu curso de SUP ahora.<\/a><\/div>\n<\/div>\n\n<div class=\"wp-block-group alignfull\"><div class=\"wp-block-group__inner-container is-layout-flow wp-block-group-is-layout-flow\">\n<h2 class=\"wp-block-heading\">Nuestros cursos de SUP en Fuerteventura<\/h2>\n\n\n\n<p>Las excursiones de SUP de flag beach te llevaran a una preciosa laguna en la isla de Lobos, ideal para aprender este deporte relajante. echa un vistazo.<\/p>\n\n\n\n<div class=\"wp-block-columns alignwide is-layout-flex wp-container-core-columns-is-layout-d0b3c9c8 wp-block-columns-is-layout-flex\">\n<div class=\"wp-block-column is-layout-flow wp-block-column-is-layout-flow\" style=\"--col-width:33.33%;flex-basis:33.33%\">\n<figure class=\"wp-block-image size-large\"><img loading=\"lazy\" decoding=\"async\" width=\"1024\" height=\"681\" src=\"https:\/\/www.flagbeach.com\/wp-content\/uploads\/2021\/10\/SUP-1024x681.jpg\" alt=\"\" class=\"wp-image-2704\" srcset=\"https:\/\/www.flagbeach.com\/wp-content\/uploads\/2021\/10\/SUP-1024x681.jpg 1024w, https:\/\/www.flagbeach.com\/wp-content\/uploads\/2021\/10\/SUP-300x200.jpg 300w, https:\/\/www.flagbeach.com\/wp-content\/uploads\/2021\/10\/SUP-768x511.jpg 768w, https:\/\/www.flagbeach.com\/wp-content\/uploads\/2021\/10\/SUP-1536x1022.jpg 1536w, https:\/\/www.flagbeach.com\/wp-content\/uploads\/2021\/10\/SUP-2048x1363.jpg 2048w, https:\/\/www.flagbeach.com\/wp-content\/uploads\/2021\/10\/SUP-1568x1044.jpg 1568w\" sizes=\"auto, (max-width: 1024px) 100vw, 1024px\" \/><\/figure>\n\n\n\n<figure class=\"wp-block-image size-large\"><img loading=\"lazy\" decoding=\"async\" width=\"1024\" height=\"681\" src=\"https:\/\/www.flagbeach.com\/wp-content\/uploads\/2021\/10\/SUP-1-1024x681.jpg\" alt=\"\" class=\"wp-image-2701\" srcset=\"https:\/\/www.flagbeach.com\/wp-content\/uploads\/2021\/10\/SUP-1-1024x681.jpg 1024w, https:\/\/www.flagbeach.com\/wp-content\/uploads\/2021\/10\/SUP-1-300x200.jpg 300w, https:\/\/www.flagbeach.com\/wp-content\/uploads\/2021\/10\/SUP-1-768x511.jpg 768w, https:\/\/www.flagbeach.com\/wp-content\/uploads\/2021\/10\/SUP-1-1536x1022.jpg 1536w, https:\/\/www.flagbeach.com\/wp-content\/uploads\/2021\/10\/SUP-1-2048x1363.jpg 2048w, https:\/\/www.flagbeach.com\/wp-content\/uploads\/2021\/10\/SUP-1-1568x1044.jpg 1568w\" sizes=\"auto, (max-width: 1024px) 100vw, 1024px\" \/><\/figure>\n<\/div>\n\n\n\n<div class=\"wp-block-column is-layout-flow wp-block-column-is-layout-flow\" style=\"--col-width:66.66%;flex-basis:66.66%\">\n<div class=\"wp-block-getwid-video-popup has-image\"><a class=\"wp-block-getwid-video-popup__link\" href=\"https:\/\/youtu.be\/RgnJEPtbY48\"><div class=\"wp-block-getwid-video-popup__wrapper\"><img loading=\"lazy\" decoding=\"async\" width=\"2560\" height=\"1704\" src=\"https:\/\/www.flagbeach.com\/wp-content\/uploads\/2021\/10\/SUP-scaled.jpg\" alt=\"\" class=\"wp-block-getwid-video-popup__image wp-block-getwid-video-popup__source wp-image-2704\" srcset=\"https:\/\/www.flagbeach.com\/wp-content\/uploads\/2021\/10\/SUP-scaled.jpg 2560w, https:\/\/www.flagbeach.com\/wp-content\/uploads\/2021\/10\/SUP-300x200.jpg 300w, https:\/\/www.flagbeach.com\/wp-content\/uploads\/2021\/10\/SUP-1024x681.jpg 1024w, https:\/\/www.flagbeach.com\/wp-content\/uploads\/2021\/10\/SUP-768x511.jpg 768w, https:\/\/www.flagbeach.com\/wp-content\/uploads\/2021\/10\/SUP-1536x1022.jpg 1536w, https:\/\/www.flagbeach.com\/wp-content\/uploads\/2021\/10\/SUP-2048x1363.jpg 2048w, https:\/\/www.flagbeach.com\/wp-content\/uploads\/2021\/10\/SUP-1568x1044.jpg 1568w\" sizes=\"auto, (max-width: 2560px) 100vw, 2560px\" \/><div class=\"wp-block-getwid-video-popup__button is-style-default\"><div class=\"wp-block-getwid-video-popup__icon\"><i class=\"fas fa-play\"><\/i><\/div><\/div><\/div><\/a><div class=\"wp-block-getwid-video-popup__caption\"><\/div><\/div>\n<\/div>\n<\/div>\n\n\n\n<h2 class=\"alignwide wp-block-heading\">Curso de SUP de iniciaci\u00f3n<\/h2>\n\n\n\n<p>El SUP (Stand up Paddleboarding) es un deporte ideal para los d\u00edas con poco o ning\u00fan viento, algo que, afortunadamente, no tenemos muy a menudo. En nuestras excursiones de SUP te llevamos a una preciosa laguna en la isla de Los Lobos, ideal para aprender este relajante deporte. Las sesiones comienzan a las 10 de la ma\u00f1ana todos los mi\u00e9rcoles y s\u00e1bados (si el tiempo lo permite) con un breve trayecto en barco hasta la isla, donde te estar\u00e1 esperando la tabla. Pasamos 3 horas remando por las bah\u00edas y lagunas.   <\/p>\n\n\n\n<div class=\"wp-block-getwid-accordion has-icon-left\" data-active-element=\"none\"><\/div>\n\n\n\n<h3 class=\"wp-block-heading\">Precios<\/h3>\n\n\n\n<div class=\"wp-block-group alignfull\"><div class=\"wp-block-group__inner-container is-layout-flow wp-block-group-is-layout-flow\">\n<figure class=\"wp-block-table tw-row-valign-top is-style-tw-border-h\"><table><tbody><tr><td>Curso de SUP de 1 dia<\/td><td class=\"has-text-align-right\" data-align=\"right\">\u20ac60<\/td><\/tr><\/tbody><\/table><\/figure>\n<\/div><\/div>\n\n\n\n<div class=\"wp-block-buttons is-content-justification-center is-layout-flex wp-block-buttons-is-layout-flex\">\n<div class=\"wp-block-button\"><a class=\"wp-block-button__link\" href=\"https:\/\/flagbeach.com\/book-now\/\">Reserva tu curso de SUP ahora<\/a><\/div>\n<\/div>\n<\/div><\/div>\n\n<hr class=\"wp-block-separator\" \/>\n\n<div class=\"wp-block-cover alignfull\" style=\"min-height:282px;aspect-ratio:unset;\"><img loading=\"lazy\" decoding=\"async\" width=\"1440\" height=\"540\" sizes=\"auto, (max-width: 799px) 200vw, (max-width: 1440px) 100vw, 1440px\" class=\"wp-block-cover__image-background wp-image-920\" alt=\"\" src=\"https:\/\/www.flagbeach.com\/wp-content\/uploads\/2021\/02\/sup-3.jpg\" style=\"object-position:51% 98%\" data-object-fit=\"cover\" data-object-position=\"51% 98%\" srcset=\"https:\/\/www.flagbeach.com\/wp-content\/uploads\/2021\/02\/sup-3.jpg 1440w, https:\/\/www.flagbeach.com\/wp-content\/uploads\/2021\/02\/sup-3-300x113.jpg 300w, https:\/\/www.flagbeach.com\/wp-content\/uploads\/2021\/02\/sup-3-1024x384.jpg 1024w, https:\/\/www.flagbeach.com\/wp-content\/uploads\/2021\/02\/sup-3-768x288.jpg 768w\" \/><div class=\"wp-block-cover__inner-container is-layout-flow wp-block-cover-is-layout-flow\">\n<p class=\"has-text-align-center has-large-font-size\"><\/p>\n<\/div><\/div>\n","protected":false},"excerpt":{"rendered":"<p>Nuestros cursos de SUP en Fuerteventura Las excursiones de SUP de flag beach te llevaran a una preciosa laguna en la isla de Lobos, ideal para aprender este deporte relajante. echa un vistazo. Curso de SUP de iniciaci\u00f3n El SUP (Stand up Paddleboarding) es un deporte ideal para los d\u00edas con poco o ning\u00fan viento,&hellip; <a class=\"more-link\" href=\"https:\/\/www.flagbeach.com\/es\/sup\/cursos-de-sup\/\">Seguir leyendo <span class=\"screen-reader-text\">Cursos de SUP<\/span><\/a><\/p>\n","protected":false},"author":1,"featured_media":0,"parent":1873,"menu_order":0,"comment_status":"closed","ping_status":"closed","template":"tw-header-transparent.php","meta":{"footnotes":""},"class_list":["post-1877","page","type-page","status-publish","hentry","entry"],"_links":{"self":[{"href":"https:\/\/www.flagbeach.com\/es\/wp-json\/wp\/v2\/pages\/1877","targetHints":{"allow":["GET"]}}],"collection":[{"href":"https:\/\/www.flagbeach.com\/es\/wp-json\/wp\/v2\/pages"}],"about":[{"href":"https:\/\/www.flagbeach.com\/es\/wp-json\/wp\/v2\/types\/page"}],"author":[{"embeddable":true,"href":"https:\/\/www.flagbeach.com\/es\/wp-json\/wp\/v2\/users\/1"}],"replies":[{"embeddable":true,"href":"https:\/\/www.flagbeach.com\/es\/wp-json\/wp\/v2\/comments?post=1877"}],"version-history":[{"count":5,"href":"https:\/\/www.flagbeach.com\/es\/wp-json\/wp\/v2\/pages\/1877\/revisions"}],"predecessor-version":[{"id":13442,"href":"https:\/\/www.flagbeach.com\/es\/wp-json\/wp\/v2\/pages\/1877\/revisions\/13442"}],"up":[{"embeddable":true,"href":"https:\/\/www.flagbeach.com\/es\/wp-json\/wp\/v2\/pages\/1873"}],"wp:attachment":[{"href":"https:\/\/www.flagbeach.com\/es\/wp-json\/wp\/v2\/media?parent=1877"}],"curies":[{"name":"wp","href":"https:\/\/api.w.org\/{rel}","templated":true}]}}