{"id":1873,"date":"2021-03-29T14:41:30","date_gmt":"2021-03-29T14:41:30","guid":{"rendered":"https:\/\/flagbeach.com\/sup\/"},"modified":"2025-11-30T10:28:57","modified_gmt":"2025-11-30T10:28:57","slug":"sup","status":"publish","type":"page","link":"https:\/\/www.flagbeach.com\/es\/sup\/","title":{"rendered":"SUP"},"content":{"rendered":"\n<div class=\"wp-block-cover alignfull has-background-dim-100 has-background-dim has-background-gradient has-custom-content-position is-position-top-left\" style=\"min-height:30vw;aspect-ratio:unset;\"><span aria-hidden=\"true\" class=\"wp-block-cover__gradient-background\" style=\"background:linear-gradient(180deg,rgb(20,62,94) 0%,rgba(255,255,255,0) 48%,rgba(20,61,93,0) 67%,rgb(20,62,94) 100%)\"><\/span><img loading=\"lazy\" decoding=\"async\" width=\"1440\" height=\"540\" sizes=\"auto, (max-width: 799px) 200vw, (max-width: 1440px) 100vw, 1440px\" class=\"wp-block-cover__image-background wp-image-914\" alt=\"\" src=\"https:\/\/www.flagbeach.com\/wp-content\/uploads\/2021\/02\/sup-1.jpg\" style=\"object-position:50% 0%\" data-object-fit=\"cover\" data-object-position=\"50% 0%\" srcset=\"https:\/\/www.flagbeach.com\/wp-content\/uploads\/2021\/02\/sup-1.jpg 1440w, https:\/\/www.flagbeach.com\/wp-content\/uploads\/2021\/02\/sup-1-300x113.jpg 300w, https:\/\/www.flagbeach.com\/wp-content\/uploads\/2021\/02\/sup-1-1024x384.jpg 1024w, https:\/\/www.flagbeach.com\/wp-content\/uploads\/2021\/02\/sup-1-768x288.jpg 768w\" \/><div class=\"wp-block-cover__inner-container is-layout-flow wp-block-cover-is-layout-flow\">\n<h1 class=\"has-text-align-left has-subtle-color has-text-color wp-block-heading\"><span class=\"has-inline-color has-white-color\">SUP<\/span><\/h1>\n\n\n\n<p><\/p>\n<\/div><\/div>\n\n<div class=\"wp-block-group alignfull\"><div class=\"wp-block-group__inner-container is-layout-flow wp-block-group-is-layout-flow\">\n<div class=\"wp-block-columns alignwide are-vertically-aligned-center is-style-default tw-gutter-large tw-cols-stack-md is-layout-flex wp-container-core-columns-is-layout-d0b3c9c8 wp-block-columns-is-layout-flex\">\n<div class=\"wp-block-column is-vertically-aligned-center is-layout-flow wp-block-column-is-layout-flow\">\n<h3 class=\"wp-block-heading\">SUP? Stand up paddle boarding en Flag Beach<\/h3>\n\n\n\n<p>Si quieres pasar un dia de tus vacaciones explorando la costa y lagunas de isla vecina de Lobos en una tabla de SUP, has venido al sitio idoneo. Nuestro curso de SUP es ideal para los d\u00edas de poco viento y para simplemente relajarte.<\/p>\n<\/div>\n\n\n\n<div class=\"wp-block-column is-vertically-aligned-center is-layout-flow wp-block-column-is-layout-flow\">\n<figure class=\"wp-block-embed is-type-video is-provider-youtube wp-block-embed-youtube wp-embed-aspect-16-9 wp-has-aspect-ratio\"><div class=\"wp-block-embed__wrapper\">\n<iframe loading=\"lazy\" title=\"Flag Beach Water Sports Centre Sup trip\" width=\"750\" height=\"422\" src=\"https:\/\/www.youtube.com\/embed\/RgnJEPtbY48?feature=oembed\" frameborder=\"0\" allow=\"accelerometer; autoplay; clipboard-write; encrypted-media; gyroscope; picture-in-picture\" allowfullscreen><\/iframe>\n<\/div><\/figure>\n<\/div>\n<\/div>\n<\/div><\/div>\n\n<div class=\"wp-block-buttons is-content-justification-center is-layout-flex wp-block-buttons-is-layout-flex\">\n<div class=\"wp-block-button\"><a class=\"wp-block-button__link\" href=\"https:\/\/flagbeach.com\/book-now\/\">Reserva tu curso de SUP ahora.<\/a><\/div>\n<\/div>\n\n<div class=\"wp-block-columns alignwide is-layout-flex wp-container-core-columns-is-layout-d0b3c9c8 wp-block-columns-is-layout-flex\">\n<div class=\"wp-block-column is-layout-flow wp-block-column-is-layout-flow\" style=\"--col-width:33.33%;flex-basis:33.33%\">\n<div class=\"wp-block-getwid-video-popup has-image has-animation-zoom-in\"><a class=\"wp-block-getwid-video-popup__link\" href=\"\"><div class=\"wp-block-getwid-video-popup__wrapper\" style=\"min-height:20vh\"><img loading=\"lazy\" decoding=\"async\" width=\"2560\" height=\"1704\" src=\"https:\/\/www.flagbeach.com\/wp-content\/uploads\/2021\/10\/SUP-scaled.jpg\" alt=\"\" class=\"wp-block-getwid-video-popup__image wp-block-getwid-video-popup__source wp-image-2704\" srcset=\"https:\/\/www.flagbeach.com\/wp-content\/uploads\/2021\/10\/SUP-scaled.jpg 2560w, https:\/\/www.flagbeach.com\/wp-content\/uploads\/2021\/10\/SUP-300x200.jpg 300w, https:\/\/www.flagbeach.com\/wp-content\/uploads\/2021\/10\/SUP-1024x681.jpg 1024w, https:\/\/www.flagbeach.com\/wp-content\/uploads\/2021\/10\/SUP-768x511.jpg 768w, https:\/\/www.flagbeach.com\/wp-content\/uploads\/2021\/10\/SUP-1536x1022.jpg 1536w, https:\/\/www.flagbeach.com\/wp-content\/uploads\/2021\/10\/SUP-2048x1363.jpg 2048w, https:\/\/www.flagbeach.com\/wp-content\/uploads\/2021\/10\/SUP-1568x1044.jpg 1568w\" sizes=\"auto, (max-width: 2560px) 100vw, 2560px\" \/><div class=\"wp-block-getwid-video-popup__button is-style-default is-size-small\"><div class=\"wp-block-getwid-video-popup__icon\"><i class=\"fas fa-play\"><\/i><\/div><\/div><\/div><\/a><div class=\"wp-block-getwid-video-popup__caption\"><\/div><\/div>\n\n\n\n<div class=\"wp-block-getwid-video-popup has-image has-animation-zoom-in\"><a class=\"wp-block-getwid-video-popup__link\" href=\"https:\/\/www.youtube.com\/watch?v=pm0TwRgqAuw\"><div class=\"wp-block-getwid-video-popup__wrapper\" style=\"min-height:20vh\"><img loading=\"lazy\" decoding=\"async\" width=\"1063\" height=\"600\" src=\"https:\/\/www.flagbeach.com\/wp-content\/uploads\/2021\/02\/board-racks_1600x600_acf_cropped-edited-4.jpg\" alt=\"\" class=\"wp-block-getwid-video-popup__image wp-block-getwid-video-popup__source wp-image-358\" srcset=\"https:\/\/www.flagbeach.com\/wp-content\/uploads\/2021\/02\/board-racks_1600x600_acf_cropped-edited-4.jpg 1063w, https:\/\/www.flagbeach.com\/wp-content\/uploads\/2021\/02\/board-racks_1600x600_acf_cropped-edited-4-300x169.jpg 300w, https:\/\/www.flagbeach.com\/wp-content\/uploads\/2021\/02\/board-racks_1600x600_acf_cropped-edited-4-1024x578.jpg 1024w, https:\/\/www.flagbeach.com\/wp-content\/uploads\/2021\/02\/board-racks_1600x600_acf_cropped-edited-4-768x433.jpg 768w\" sizes=\"auto, (max-width: 1063px) 100vw, 1063px\" \/><div class=\"wp-block-getwid-video-popup__button is-style-default is-size-small\"><div class=\"wp-block-getwid-video-popup__icon\"><i class=\"fas fa-play\"><\/i><\/div><\/div><\/div><\/a><div class=\"wp-block-getwid-video-popup__caption\"><\/div><\/div>\n<\/div>\n\n\n\n<div class=\"wp-block-column is-layout-flow wp-block-column-is-layout-flow\" style=\"--col-width:66.66%;flex-basis:66.66%\">\n<div class=\"wp-block-getwid-video-popup has-image has-animation-zoom-in\"><a class=\"wp-block-getwid-video-popup__link\" href=\"https:\/\/www.youtube.com\/watch?v=pm0TwRgqAuw\"><div class=\"wp-block-getwid-video-popup__wrapper\" style=\"min-height:48.4vh\"><img loading=\"lazy\" decoding=\"async\" width=\"2560\" height=\"1704\" src=\"https:\/\/www.flagbeach.com\/wp-content\/uploads\/2021\/10\/SUP-1-scaled.jpg\" alt=\"\" class=\"wp-block-getwid-video-popup__image wp-block-getwid-video-popup__source wp-image-2701\" srcset=\"https:\/\/www.flagbeach.com\/wp-content\/uploads\/2021\/10\/SUP-1-scaled.jpg 2560w, https:\/\/www.flagbeach.com\/wp-content\/uploads\/2021\/10\/SUP-1-300x200.jpg 300w, https:\/\/www.flagbeach.com\/wp-content\/uploads\/2021\/10\/SUP-1-1024x681.jpg 1024w, https:\/\/www.flagbeach.com\/wp-content\/uploads\/2021\/10\/SUP-1-768x511.jpg 768w, https:\/\/www.flagbeach.com\/wp-content\/uploads\/2021\/10\/SUP-1-1536x1022.jpg 1536w, https:\/\/www.flagbeach.com\/wp-content\/uploads\/2021\/10\/SUP-1-2048x1363.jpg 2048w, https:\/\/www.flagbeach.com\/wp-content\/uploads\/2021\/10\/SUP-1-1568x1044.jpg 1568w\" sizes=\"auto, (max-width: 2560px) 100vw, 2560px\" \/><div class=\"wp-block-getwid-video-popup__button is-style-default is-size-small\"><div class=\"wp-block-getwid-video-popup__icon\"><i class=\"fas fa-play\"><\/i><\/div><\/div><\/div><\/a><div class=\"wp-block-getwid-video-popup__caption\"><\/div><\/div>\n<\/div>\n<\/div>\n\n<div class=\"wp-block-group alignfull\"><div class=\"wp-block-group__inner-container is-layout-flow wp-block-group-is-layout-flow\">\n<p>Tenemos cursos y tablas para para todos los niveles aqu\u00ed en Flag beach. Atendemos a todos los niveles de kitesurf. Puedes escoger la duraci\u00f3n que mejor te convene.<\/p>\n\n\n\n<div class=\"wp-block-columns alignwide tw-cols-stack-md is-layout-flex wp-container-core-columns-is-layout-d0b3c9c8 wp-block-columns-is-layout-flex\">\n<div class=\"wp-block-column is-layout-flow wp-block-column-is-layout-flow\">\n<h3 class=\"wp-block-heading\">SUP<br \/><span style=\"color:#fdbe07\" class=\"has-inline-color\">cursos<\/span><\/h3>\n\n\n\n<figure class=\"wp-block-image size-large\"><img loading=\"lazy\" decoding=\"async\" width=\"1024\" height=\"384\" src=\"https:\/\/www.flagbeach.com\/wp-content\/uploads\/2021\/02\/sup-3-1024x384.jpg\" alt=\"SUP en Flag Beach\" class=\"wp-image-920\" srcset=\"https:\/\/www.flagbeach.com\/wp-content\/uploads\/2021\/02\/sup-3-1024x384.jpg 1024w, https:\/\/www.flagbeach.com\/wp-content\/uploads\/2021\/02\/sup-3-300x113.jpg 300w, https:\/\/www.flagbeach.com\/wp-content\/uploads\/2021\/02\/sup-3-768x288.jpg 768w, https:\/\/www.flagbeach.com\/wp-content\/uploads\/2021\/02\/sup-3.jpg 1440w\" sizes=\"auto, (max-width: 1024px) 100vw, 1024px\" \/><\/figure>\n\n\n\n<p>Nuestro curso\/excursi\u00f3n de SUP tiene una duraci\u00f3n aproximada de 3 horas y comienza por la ma\u00f1ana con un viaje en barco a la isla de Lobos en una de nuestras lanchas neum\u00e1ticas semirr\u00edgidas. El tama\u00f1o m\u00e1ximo del grupo es de 6 personas por instructor y se trata de un d\u00eda relajante y agradable con snorkel y nataci\u00f3n en la laguna protegida de Lobos.  <\/p>\n\n\n\n<p><\/p>\n\n\n\n<div class=\"wp-block-buttons is-content-justification-center is-layout-flex wp-block-buttons-is-layout-flex\">\n<div class=\"wp-block-button is-style-fill\"><a class=\"wp-block-button__link\" href=\"https:\/\/flagbeach.com\/sup\/sup-courses\/\">Mira curso SUP<\/a><\/div>\n<\/div>\n<\/div>\n\n\n\n<div class=\"wp-block-column is-layout-flow wp-block-column-is-layout-flow\">\n<h3 class=\"wp-block-heading\">SUP<br \/><span style=\"color:#fdbe07\" class=\"has-inline-color\">alquileres<\/span><\/h3>\n\n\n\n<figure class=\"wp-block-image size-large\"><img loading=\"lazy\" decoding=\"async\" width=\"1024\" height=\"384\" src=\"https:\/\/www.flagbeach.com\/wp-content\/uploads\/2021\/02\/sup-5-1024x384.jpg\" alt=\"SUP en Flag Beach\" class=\"wp-image-926\" srcset=\"https:\/\/www.flagbeach.com\/wp-content\/uploads\/2021\/02\/sup-5-1024x384.jpg 1024w, https:\/\/www.flagbeach.com\/wp-content\/uploads\/2021\/02\/sup-5-300x113.jpg 300w, https:\/\/www.flagbeach.com\/wp-content\/uploads\/2021\/02\/sup-5-768x288.jpg 768w, https:\/\/www.flagbeach.com\/wp-content\/uploads\/2021\/02\/sup-5.jpg 1440w\" sizes=\"auto, (max-width: 1024px) 100vw, 1024px\" \/><\/figure>\n\n\n\n<p>Para aquellos que quieren alquilar tenemos material en alquiler en primera linea de playa. Mira nuestra gama de material para elegir tu tabla preferida. Tambien puedes guardar material con nosotros en la playa.<\/p>\n\n\n\n<p><\/p>\n\n\n\n<div class=\"wp-block-buttons is-content-justification-center is-layout-flex wp-block-buttons-is-layout-flex\">\n<div class=\"wp-block-button\"><a class=\"wp-block-button__link\" href=\"https:\/\/flagbeach.com\/sup\/sup-rental\/\">Mira alquileres de SUP<\/a><\/div>\n<\/div>\n<\/div>\n<\/div>\n<\/div><\/div>\n\n<div class=\"wp-block-cover alignfull\" style=\"min-height:30vw;aspect-ratio:unset;\"><img loading=\"lazy\" decoding=\"async\" width=\"1440\" height=\"540\" sizes=\"auto, (max-width: 799px) 200vw, (max-width: 1440px) 100vw, 1440px\" class=\"wp-block-cover__image-background wp-image-917\" alt=\"\" src=\"https:\/\/www.flagbeach.com\/wp-content\/uploads\/2021\/02\/sup-2.jpg\" data-object-fit=\"cover\" srcset=\"https:\/\/www.flagbeach.com\/wp-content\/uploads\/2021\/02\/sup-2.jpg 1440w, https:\/\/www.flagbeach.com\/wp-content\/uploads\/2021\/02\/sup-2-300x113.jpg 300w, https:\/\/www.flagbeach.com\/wp-content\/uploads\/2021\/02\/sup-2-1024x384.jpg 1024w, https:\/\/www.flagbeach.com\/wp-content\/uploads\/2021\/02\/sup-2-768x288.jpg 768w\" \/><div class=\"wp-block-cover__inner-container is-layout-flow wp-block-cover-is-layout-flow\">\n<p class=\"has-text-align-center has-large-font-size\"><\/p>\n<\/div><\/div>\n","protected":false},"excerpt":{"rendered":"<p>SUP? Stand up paddle boarding en Flag Beach Si quieres pasar un dia de tus vacaciones explorando la costa y lagunas de isla vecina de Lobos en una tabla de SUP, has venido al sitio idoneo. Nuestro curso de SUP es ideal para los d\u00edas de poco viento y para simplemente relajarte. Tenemos cursos y&hellip; <a class=\"more-link\" href=\"https:\/\/www.flagbeach.com\/es\/sup\/\">Seguir leyendo <span class=\"screen-reader-text\">SUP<\/span><\/a><\/p>\n","protected":false},"author":1,"featured_media":0,"parent":0,"menu_order":0,"comment_status":"closed","ping_status":"closed","template":"tw-header-transparent.php","meta":{"footnotes":""},"class_list":["post-1873","page","type-page","status-publish","hentry","entry"],"_links":{"self":[{"href":"https:\/\/www.flagbeach.com\/es\/wp-json\/wp\/v2\/pages\/1873","targetHints":{"allow":["GET"]}}],"collection":[{"href":"https:\/\/www.flagbeach.com\/es\/wp-json\/wp\/v2\/pages"}],"about":[{"href":"https:\/\/www.flagbeach.com\/es\/wp-json\/wp\/v2\/types\/page"}],"author":[{"embeddable":true,"href":"https:\/\/www.flagbeach.com\/es\/wp-json\/wp\/v2\/users\/1"}],"replies":[{"embeddable":true,"href":"https:\/\/www.flagbeach.com\/es\/wp-json\/wp\/v2\/comments?post=1873"}],"version-history":[{"count":7,"href":"https:\/\/www.flagbeach.com\/es\/wp-json\/wp\/v2\/pages\/1873\/revisions"}],"predecessor-version":[{"id":13760,"href":"https:\/\/www.flagbeach.com\/es\/wp-json\/wp\/v2\/pages\/1873\/revisions\/13760"}],"wp:attachment":[{"href":"https:\/\/www.flagbeach.com\/es\/wp-json\/wp\/v2\/media?parent=1873"}],"curies":[{"name":"wp","href":"https:\/\/api.w.org\/{rel}","templated":true}]}}