{"id":1869,"date":"2021-03-29T11:17:35","date_gmt":"2021-03-29T11:17:35","guid":{"rendered":"https:\/\/flagbeach.com\/kitesurf\/paquetes-de-kitesurf\/"},"modified":"2025-12-15T14:11:30","modified_gmt":"2025-12-15T14:11:30","slug":"paquetes-de-kitesurf","status":"publish","type":"page","link":"https:\/\/www.flagbeach.com\/es\/kitesurf\/paquetes-de-kitesurf\/","title":{"rendered":"Paquetes de kitesurf"},"content":{"rendered":"\n<div class=\"wp-block-cover alignfull has-custom-content-position is-position-top-left is-light\" style=\"min-height:30vw;aspect-ratio:unset;\"><img loading=\"lazy\" decoding=\"async\" width=\"1600\" height=\"600\" sizes=\"auto, (max-width: 799px) 200vw, (max-width: 1600px) 100vw, 1600px\" class=\"wp-block-cover__image-background wp-image-52\" alt=\"\" src=\"https:\/\/www.flagbeach.com\/wp-content\/uploads\/2021\/02\/kite-surfing-reworked-1600x600-1.jpg\" style=\"object-position:50% 0%\" data-object-fit=\"cover\" data-object-position=\"50% 0%\" srcset=\"https:\/\/www.flagbeach.com\/wp-content\/uploads\/2021\/02\/kite-surfing-reworked-1600x600-1.jpg 1600w, https:\/\/www.flagbeach.com\/wp-content\/uploads\/2021\/02\/kite-surfing-reworked-1600x600-1-300x113.jpg 300w, https:\/\/www.flagbeach.com\/wp-content\/uploads\/2021\/02\/kite-surfing-reworked-1600x600-1-1024x384.jpg 1024w, https:\/\/www.flagbeach.com\/wp-content\/uploads\/2021\/02\/kite-surfing-reworked-1600x600-1-768x288.jpg 768w, https:\/\/www.flagbeach.com\/wp-content\/uploads\/2021\/02\/kite-surfing-reworked-1600x600-1-1536x576.jpg 1536w, https:\/\/www.flagbeach.com\/wp-content\/uploads\/2021\/02\/kite-surfing-reworked-1600x600-1-1568x588.jpg 1568w\" \/><span aria-hidden=\"true\" class=\"wp-block-cover__background has-background-dim-100 has-background-dim wp-block-cover__gradient-background has-background-gradient\" style=\"background:linear-gradient(180deg,rgb(20,62,94) 0%,rgba(255,255,255,0) 48%,rgba(20,61,93,0) 67%,rgb(20,62,94) 100%)\"><\/span><div class=\"wp-block-cover__inner-container is-layout-flow wp-block-cover-is-layout-flow\">\n<h1 class=\"wp-block-heading has-text-align-left has-subtle-color has-text-color\">Paquetes de kitesurf<\/h1>\n\n\n\n<p><\/p>\n<\/div><\/div>\n\n<div class=\"wp-block-buttons is-horizontal is-content-justification-center is-layout-flex wp-container-core-buttons-is-layout-03627597 wp-block-buttons-is-layout-flex\">\n<div class=\"wp-block-button\"><a class=\"wp-block-button__link wp-element-button\" href=\"https:\/\/flagbeach.com\/book-now\/\">Reserva tu paquete de kitesurf ahora<\/a><\/div>\n<\/div>\n\n<div class=\"wp-block-group alignfull\"><div class=\"wp-block-group__inner-container is-layout-flow wp-block-group-is-layout-flow\">\n<h2 class=\"wp-block-heading\">Buscas la mejor escapada nautica en Fuerteventura? aqui esta<\/h2>\n\n\n\n<p>Nuestros paquetes proporcionan los mejores cursos junto con alojamiento en Fuerteventura. Te llevaremos a la playa cada dia e incluye material y seguro de terceros. Reserva online para ahorrar hasta 33%. No encontraras mejor precio asi que a que esperas? Sumergate en nuestros paquetes.<\/p>\n\n\n\n<div class=\"wp-block-columns alignwide is-layout-flex wp-container-core-columns-is-layout-d0b3c9c8 wp-block-columns-is-layout-flex\">\n<div class=\"wp-block-column is-layout-flow wp-block-column-is-layout-flow\" style=\"--col-width:33.33%;flex-basis:33.33%\">\n<figure class=\"wp-block-image size-large\"><img loading=\"lazy\" decoding=\"async\" width=\"1024\" height=\"683\" src=\"https:\/\/www.flagbeach.com\/wp-content\/uploads\/2021\/10\/DSC1344-1024x683.jpg\" alt=\"\" class=\"wp-image-2737\" srcset=\"https:\/\/www.flagbeach.com\/wp-content\/uploads\/2021\/10\/DSC1344-1024x683.jpg 1024w, https:\/\/www.flagbeach.com\/wp-content\/uploads\/2021\/10\/DSC1344-300x200.jpg 300w, https:\/\/www.flagbeach.com\/wp-content\/uploads\/2021\/10\/DSC1344-768x512.jpg 768w, https:\/\/www.flagbeach.com\/wp-content\/uploads\/2021\/10\/DSC1344-1536x1025.jpg 1536w, https:\/\/www.flagbeach.com\/wp-content\/uploads\/2021\/10\/DSC1344-2048x1366.jpg 2048w, https:\/\/www.flagbeach.com\/wp-content\/uploads\/2021\/10\/DSC1344-1568x1046.jpg 1568w\" sizes=\"auto, (max-width: 1024px) 100vw, 1024px\" \/><\/figure>\n\n\n\n<figure class=\"wp-block-image size-large\"><img loading=\"lazy\" decoding=\"async\" width=\"1024\" height=\"576\" src=\"https:\/\/www.flagbeach.com\/wp-content\/uploads\/2021\/10\/untitled-18-1024x576.jpg\" alt=\"\" class=\"wp-image-2733\" srcset=\"https:\/\/www.flagbeach.com\/wp-content\/uploads\/2021\/10\/untitled-18-1024x576.jpg 1024w, https:\/\/www.flagbeach.com\/wp-content\/uploads\/2021\/10\/untitled-18-300x169.jpg 300w, https:\/\/www.flagbeach.com\/wp-content\/uploads\/2021\/10\/untitled-18-768x432.jpg 768w, https:\/\/www.flagbeach.com\/wp-content\/uploads\/2021\/10\/untitled-18-1536x864.jpg 1536w, https:\/\/www.flagbeach.com\/wp-content\/uploads\/2021\/10\/untitled-18-2048x1152.jpg 2048w, https:\/\/www.flagbeach.com\/wp-content\/uploads\/2021\/10\/untitled-18-1568x882.jpg 1568w\" sizes=\"auto, (max-width: 1024px) 100vw, 1024px\" \/><\/figure>\n<\/div>\n\n\n\n<div class=\"wp-block-column is-layout-flow wp-block-column-is-layout-flow\" style=\"--col-width:66.66%;flex-basis:66.66%\">\n<figure class=\"wp-block-image\"><img loading=\"lazy\" decoding=\"async\" width=\"1440\" height=\"540\" src=\"https:\/\/www.flagbeach.com\/wp-content\/uploads\/2021\/02\/kitesurfing-big-2.jpg\" alt=\"\" class=\"wp-image-129\" srcset=\"https:\/\/www.flagbeach.com\/wp-content\/uploads\/2021\/02\/kitesurfing-big-2.jpg 1440w, https:\/\/www.flagbeach.com\/wp-content\/uploads\/2021\/02\/kitesurfing-big-2-300x113.jpg 300w, https:\/\/www.flagbeach.com\/wp-content\/uploads\/2021\/02\/kitesurfing-big-2-1024x384.jpg 1024w, https:\/\/www.flagbeach.com\/wp-content\/uploads\/2021\/02\/kitesurfing-big-2-768x288.jpg 768w\" sizes=\"auto, (max-width: 1440px) 100vw, 1440px\" \/><\/figure>\n\n\n\n<p><\/p>\n<\/div>\n<\/div>\n\n\n\n<h2 class=\"wp-block-heading alignwide\">Kitesurf para principiantes<\/h2>\n\n\n\n<p class=\"tw-text-wide\">Nuestros paquetes para principiantes te ensenaran a hacer kitesurf en las aguas cristalinas de Fuerteventura. Echa un vistazo.<\/p>\n\n\n\n<div class=\"wp-block-columns alignwide is-layout-flex wp-container-core-columns-is-layout-d0b3c9c8 wp-block-columns-is-layout-flex\">\n<div class=\"wp-block-column is-layout-flow wp-block-column-is-layout-flow\">\n<h2 class=\"wp-block-heading\"><span style=\"color:#fcbe06\" class=\"has-inline-color\">Itinerario<\/span><\/h2>\n<\/div>\n\n\n\n<div class=\"wp-block-column is-layout-flow wp-block-column-is-layout-flow\"><\/div>\n<\/div>\n\n\n\n<div class=\"wp-block-columns alignwide is-layout-flex wp-container-core-columns-is-layout-d0b3c9c8 wp-block-columns-is-layout-flex\">\n<div class=\"wp-block-column is-layout-flow wp-block-column-is-layout-flow\">\n<h3 class=\"wp-block-heading\">Curso Principiante <\/h3>\n\n\n\n<p>Una estancia para principiantes del kitesurf de 1 semana<\/p>\n\n\n\n<p>Un camp de 7 noches que incluye 7 noches de hostal con desayuno (habitacion compartida) y curso de iniciaci\u00f3n de kitesurf de 4 d\u00edas con material y transporte a la playa.<\/p>\n<\/div>\n\n\n\n<div class=\"wp-block-column is-layout-flow wp-block-column-is-layout-flow\">\n<h3 class=\"wp-block-heading\">Intermedio kitesurfing camp <\/h3>\n\n\n\n<p>1 semana de kitesurf para intermedios quieren mejorar su nivel<\/p>\n\n\n\n<p>Esto incluye alojamiento en hostal con desayuno, transporte diario a la playa, seguro de terceros, curso iniciaci\u00f3n de 4 d\u00edas con todo el material.<\/p>\n\n\n\n<p><\/p>\n<\/div>\n<\/div>\n\n\n\n<div class=\"wp-block-getwid-accordion has-icon-left\" data-active-element=\"none\">\n<div class=\"wp-block-getwid-accordion__header-wrapper\"><span class=\"wp-block-getwid-accordion__header\"><a href=\"#\"><span class=\"wp-block-getwid-accordion__header-title\">View the full itineraries<\/span><span class=\"wp-block-getwid-accordion__icon is-active\"><i class=\"fas fa-plus\"><\/i><\/span><span class=\"wp-block-getwid-accordion__icon is-passive\"><i class=\"fas fa-minus\"><\/i><\/span><\/a><\/span><\/div><div class=\"wp-block-getwid-accordion__content-wrapper\"><div class=\"wp-block-getwid-accordion__content\">\n<h2 class=\"wp-block-heading\"><span style=\"color:#fdbe07\" class=\"has-inline-color\">Itinerarios<\/span> continuados<\/h2>\n\n\n\n<h3 class=\"wp-block-heading\">kitesurf principiante <\/h3>\n\n\n\n<p>Estancia economica de kitesurf para principiantes queriendo aprender el kitesurf. <\/p>\n\n\n\n<p>Esto incluye alojamiento en hostal con desayuno, transporte del aeropuerto, transporte diario a la playa, pack de almuerzo, curso iniciaci\u00f3n de 4 dias con todo el material.<\/p>\n\n\n\n<p><\/p>\n<\/div><\/div>\n<\/div>\n\n\n\n<h3 class=\"wp-block-heading\">Precios<\/h3>\n\n\n\n<div class=\"wp-block-group alignfull\"><div class=\"wp-block-group__inner-container is-layout-flow wp-block-group-is-layout-flow\">\n<figure class=\"wp-block-table tw-row-valign-top is-style-tw-border-h\"><table><tbody><tr><td>Camp de kitesurf para principiantes 7 noches <br \/><sup>Alojamiento en albergue de surf por 7 noches, curso de kitesurf de 4 d\u00edas<\/sup><\/td><td class=\"has-text-align-right\" data-align=\"right\">\u20ac680<\/td><\/tr><tr><td>Campamento de kitesurf para principiantes y yoga, 7 noches<br \/><sup>7 noches de alojamiento en un albergue de surf, curso de kitesurf de 4 d\u00edas, 5 d\u00edas de yoga.<\/sup><\/td><td class=\"has-text-align-right\" data-align=\"right\">\u20ac780<\/td><\/tr><tr><td>Campamento de kitesurf para principiantes, 14 noches<br \/><sup>14 noches de alojamiento en un albergue para surfistas, curso de kitesurf de 6 d\u00edas y 3 d\u00edas de downwind.<\/sup> <\/td><td class=\"has-text-align-right\" data-align=\"right\">\u20ac1275<\/td><\/tr><tr><td>Campamento de kitesurf para principiantes y yoga, 14 noches<br \/><sup>14 noches de alojamiento en un albergue de surf, curso de kitesurf de 6 d\u00edas y 3 d\u00edas de downwind, 10 d\u00edas de yoga.<\/sup><\/td><td class=\"has-text-align-right\" data-align=\"right\">\u20ac1475<\/td><\/tr><tr><td><\/td><td class=\"has-text-align-right\" data-align=\"right\"><\/td><\/tr><\/tbody><\/table><\/figure>\n\n\n\n<p><\/p>\n<\/div><\/div>\n\n\n\n<div class=\"wp-block-buttons is-horizontal is-content-justification-center is-layout-flex wp-container-core-buttons-is-layout-03627597 wp-block-buttons-is-layout-flex\">\n<div class=\"wp-block-button\"><a class=\"wp-block-button__link wp-element-button\" href=\"https:\/\/flagbeach.com\/book-now\/\">Reserva tu paquete de principiante de kitesurf ahora<\/a><\/div>\n<\/div>\n\n\n\n<div class=\"wp-block-cover alignfull is-light\" style=\"min-height:280px;aspect-ratio:unset;\"><img loading=\"lazy\" decoding=\"async\" width=\"1440\" height=\"540\" sizes=\"auto, (max-width: 799px) 200vw, (max-width: 1440px) 100vw, 1440px\" class=\"wp-block-cover__image-background wp-image-129\" alt=\"\" src=\"https:\/\/www.flagbeach.com\/wp-content\/uploads\/2021\/02\/kitesurfing-big-2.jpg\" data-object-fit=\"cover\" srcset=\"https:\/\/www.flagbeach.com\/wp-content\/uploads\/2021\/02\/kitesurfing-big-2.jpg 1440w, https:\/\/www.flagbeach.com\/wp-content\/uploads\/2021\/02\/kitesurfing-big-2-300x113.jpg 300w, https:\/\/www.flagbeach.com\/wp-content\/uploads\/2021\/02\/kitesurfing-big-2-1024x384.jpg 1024w, https:\/\/www.flagbeach.com\/wp-content\/uploads\/2021\/02\/kitesurfing-big-2-768x288.jpg 768w\" \/><span aria-hidden=\"true\" class=\"wp-block-cover__background has-background-dim-0 has-background-dim\"><\/span><div class=\"wp-block-cover__inner-container is-layout-flow wp-block-cover-is-layout-flow\">\n<p class=\"has-text-align-center has-large-font-size\"><\/p>\n<\/div><\/div>\n\n\n\n<h2 class=\"wp-block-heading alignwide\">Paquetes Intermedios de kitesurf<\/h2>\n\n\n\n<p>Quieres refrescar y avanzar en tu nivel de kitesurf? Nuestros cursos intermedios se adaptaran a tu nivel. Disfruta de la condiciones perfectas en Fuerteventura.<\/p>\n\n\n\n<div class=\"wp-block-getwid-accordion has-icon-left\" data-active-element=\"none\">\n<div class=\"wp-block-getwid-accordion__header-wrapper\"><span class=\"wp-block-getwid-accordion__header\"><a href=\"#\"><span class=\"wp-block-getwid-accordion__header-title\">View the full itineraries<\/span><span class=\"wp-block-getwid-accordion__icon is-active\"><i class=\"fas fa-plus\"><\/i><\/span><span class=\"wp-block-getwid-accordion__icon is-passive\"><i class=\"fas fa-minus\"><\/i><\/span><\/a><\/span><\/div><div class=\"wp-block-getwid-accordion__content-wrapper\"><div class=\"wp-block-getwid-accordion__content\">\n<h2 class=\"wp-block-heading\"><span style=\"color:#fdbe07\" class=\"has-inline-color\">Itinerario<\/span><\/h2>\n\n\n\n<h3 class=\"wp-block-heading\">Intermedio kitesurfing 7 dias<\/h3>\n\n\n\n<p>Una estancia de kitesurf economica para kitesurferos intermedios que quieren avanzar nivel que incluye hostal con desayuno (dormitorio compartido) y curso solo.<\/p>\n\n\n\n<p>La version mejorada de este paquete tambi\u00e9n incluye transporte del aeropuerto, transporte a la playa, pack de almuerzo, todo el material. <\/p>\n\n\n\n<h3 class=\"wp-block-heading\">Intermedio kitesurfing 14 dias<\/h3>\n\n\n\n<p>Una estancia de 2 semanas de kitesurf economica para kitesurferos intermedios que quieren avanzar nivel.<\/p>\n\n\n\n<p>Incluye hostal con desayuno (habitacion compartida), transporte del aeropuerto, transporte a la playa, pack de almuerzos, curso de kite intermedio de 4 d\u00edas y 9 d\u00edas de alquiler de material..<\/p>\n<\/div><\/div>\n<\/div>\n\n\n\n<h3 class=\"wp-block-heading\">Precios<\/h3>\n\n\n\n<div class=\"wp-block-group alignfull\"><div class=\"wp-block-group__inner-container is-layout-flow wp-block-group-is-layout-flow\">\n<figure class=\"wp-block-table tw-row-valign-top is-style-tw-border-h\"><table><tbody><tr><td>Kitesurf intermedio 7 noches<br \/><sup>Estancia en albergue de surf de 7 noches, curso de kitesurf de 4 d\u00edas<\/sup><\/td><td class=\"has-text-align-right\" data-align=\"right\">\u20ac680<\/td><\/tr><tr><td>Campamento intermedio de kitesurf &amp; Yoga 7 noches<br \/><sup>7 noches de estancia en albergue de surf, 4 d\u00edas de curso de kitesurf, 5 d\u00edas de yoga<\/sup><\/td><td class=\"has-text-align-right\" data-align=\"right\">\u20ac780<\/td><\/tr><tr><td>Kitesurf intermedio, 14 noches<br \/><sup>14 noches de alojamiento en un albergue para surfistas, curso de kitesurf de 6 d\u00edas, 3 d\u00edas de downwind.<\/sup><\/td><td class=\"has-text-align-right\" data-align=\"right\">\u20ac1275<\/td><\/tr><tr><td>Campamento de kitesurf intermedio y yoga, 14 noches<br \/><sup>14 noches de alojamiento en un albergue para surfistas, curso de kitesurf de 6 d\u00edas, 3 d\u00edas de downwind, 10 d\u00edas de yoga.<\/sup><\/td><td class=\"has-text-align-right\" data-align=\"right\">\u20ac1475<\/td><\/tr><\/tbody><\/table><\/figure>\n\n\n\n<p><\/p>\n<\/div><\/div>\n\n\n\n<div class=\"wp-block-buttons is-horizontal is-content-justification-center is-layout-flex wp-container-core-buttons-is-layout-03627597 wp-block-buttons-is-layout-flex\">\n<div class=\"wp-block-button\"><a class=\"wp-block-button__link wp-element-button\" href=\"https:\/\/flagbeach.com\/book-now\/\">Reserva tu paquete intermedio de kitesurf ahora.<\/a><\/div>\n<\/div>\n\n\n\n<div class=\"wp-block-cover alignfull is-light\" style=\"min-height:280px;aspect-ratio:unset;\"><img loading=\"lazy\" decoding=\"async\" width=\"1440\" height=\"540\" sizes=\"auto, (max-width: 799px) 200vw, (max-width: 1440px) 100vw, 1440px\" class=\"wp-block-cover__image-background wp-image-129\" alt=\"\" src=\"https:\/\/www.flagbeach.com\/wp-content\/uploads\/2021\/02\/kitesurfing-big-2.jpg\" data-object-fit=\"cover\" srcset=\"https:\/\/www.flagbeach.com\/wp-content\/uploads\/2021\/02\/kitesurfing-big-2.jpg 1440w, https:\/\/www.flagbeach.com\/wp-content\/uploads\/2021\/02\/kitesurfing-big-2-300x113.jpg 300w, https:\/\/www.flagbeach.com\/wp-content\/uploads\/2021\/02\/kitesurfing-big-2-1024x384.jpg 1024w, https:\/\/www.flagbeach.com\/wp-content\/uploads\/2021\/02\/kitesurfing-big-2-768x288.jpg 768w\" \/><span aria-hidden=\"true\" class=\"wp-block-cover__background has-background-dim-0 has-background-dim\"><\/span><div class=\"wp-block-cover__inner-container is-layout-flow wp-block-cover-is-layout-flow\">\n<p class=\"has-text-align-center has-large-font-size\"><\/p>\n<\/div><\/div>\n\n\n\n<div class=\"wp-block-columns alignwide is-layout-flex wp-container-core-columns-is-layout-d0b3c9c8 wp-block-columns-is-layout-flex\">\n<div class=\"wp-block-column is-layout-flow wp-block-column-is-layout-flow\">\n<div class=\"wp-block-group\"><div class=\"wp-block-group__inner-container is-layout-flow wp-block-group-is-layout-flow\">\n<h3 class=\"wp-block-heading\">Kitesurfing <span style=\"color:#fdbe07\" class=\"has-inline-color\">courses<\/span> on Fuerteventura &#8211; from beginner to advanced levels<\/h3>\n\n\n\n<figure class=\"wp-block-image size-large\"><img loading=\"lazy\" decoding=\"async\" width=\"1024\" height=\"819\" src=\"https:\/\/www.flagbeach.com\/wp-content\/uploads\/2023\/03\/DSC01625-1024x819.jpg\" alt=\"\" class=\"wp-image-5464\" srcset=\"https:\/\/www.flagbeach.com\/wp-content\/uploads\/2023\/03\/DSC01625-1024x819.jpg 1024w, https:\/\/www.flagbeach.com\/wp-content\/uploads\/2023\/03\/DSC01625-300x240.jpg 300w, https:\/\/www.flagbeach.com\/wp-content\/uploads\/2023\/03\/DSC01625-768x614.jpg 768w, https:\/\/www.flagbeach.com\/wp-content\/uploads\/2023\/03\/DSC01625-1536x1229.jpg 1536w, https:\/\/www.flagbeach.com\/wp-content\/uploads\/2023\/03\/DSC01625-2048x1638.jpg 2048w, https:\/\/www.flagbeach.com\/wp-content\/uploads\/2023\/03\/DSC01625-1568x1254.jpg 1568w\" sizes=\"auto, (max-width: 1024px) 100vw, 1024px\" \/><\/figure>\n\n\n\n<p>We have a course to fit everyone\u2019s kitesurfing ability here at Flag Beach. We cater for all levels of skill and experience. You can choose the course duration that suits your holiday plans<\/p>\n\n\n\n<p><\/p>\n\n\n\n<div class=\"wp-block-buttons is-content-justification-center is-layout-flex wp-container-core-buttons-is-layout-a89b3969 wp-block-buttons-is-layout-flex\">\n<div class=\"wp-block-button is-style-fill\"><a class=\"wp-block-button__link wp-element-button\" href=\"https:\/\/flagbeach.com\/kite-surfing\/kite-surfing-courses\/\">View kitesurf courses<\/a><\/div>\n<\/div>\n<\/div><\/div>\n\n\n\n\n<\/div>\n\n\n\n<div class=\"wp-block-column is-layout-flow wp-block-column-is-layout-flow\">\n<div class=\"wp-block-group\"><div class=\"wp-block-group__inner-container is-layout-flow wp-block-group-is-layout-flow\">\n<h3 class=\"wp-block-heading\">Kitesurfing equipment<br><span style=\"color:#fdbe07\" class=\"has-inline-color\">rentals<\/span><\/h3>\n\n\n\n<figure class=\"wp-block-image size-large\"><img loading=\"lazy\" decoding=\"async\" width=\"1024\" height=\"683\" src=\"https:\/\/flagbeach.com\/wp-content\/uploads\/2023\/03\/kitesurf2-1024x683.jpeg\" alt=\"\" class=\"wp-image-5446\" srcset=\"https:\/\/www.flagbeach.com\/wp-content\/uploads\/2023\/03\/kitesurf2-1024x683.jpeg 1024w, https:\/\/www.flagbeach.com\/wp-content\/uploads\/2023\/03\/kitesurf2-300x200.jpeg 300w, https:\/\/www.flagbeach.com\/wp-content\/uploads\/2023\/03\/kitesurf2-768x512.jpeg 768w, https:\/\/www.flagbeach.com\/wp-content\/uploads\/2023\/03\/kitesurf2-1536x1024.jpeg 1536w, https:\/\/www.flagbeach.com\/wp-content\/uploads\/2023\/03\/kitesurf2-2048x1365.jpeg 2048w, https:\/\/www.flagbeach.com\/wp-content\/uploads\/2023\/03\/kitesurf2-1568x1045.jpeg 1568w\" sizes=\"auto, (max-width: 1024px) 100vw, 1024px\" \/><figcaption class=\"wp-element-caption\">A kite surfer rides the waves<\/figcaption><\/figure>\n\n\n\n<p>For intermediate to advanced kite surfers wanting to go solo, we\u2019ve got the top kite equipment for hire and an exclusive beach front location. Browse our equipment brands and take a pick of your preferred board and kite. You can also store your kit with us on the beach too.<\/p>\n\n\n\n<p><\/p>\n\n\n\n<div class=\"wp-block-buttons is-content-justification-center is-layout-flex wp-container-core-buttons-is-layout-a89b3969 wp-block-buttons-is-layout-flex\">\n<div class=\"wp-block-button\"><a class=\"wp-block-button__link wp-element-button\" href=\"https:\/\/flagbeach.com\/es\/kitesurf\/alquiler-de-kitesurf\/\">View kitesurf rentals<\/a><\/div>\n<\/div>\n<\/div><\/div>\n<\/div>\n\n\n\n<div class=\"wp-block-column is-layout-flow wp-block-column-is-layout-flow\">\n<div class=\"wp-block-group\"><div class=\"wp-block-group__inner-container is-layout-flow wp-block-group-is-layout-flow\">\n<h3 class=\"wp-block-heading\">Kitesurf holiday<br><span style=\"color:#fdbe07\" class=\"has-inline-color\">accommodation<\/span><\/h3>\n\n\n\n<figure class=\"wp-block-image size-large\"><img decoding=\"async\" src=\"https:\/\/flagbeach.com\/wp-content\/uploads\/2021\/02\/holiday-accommodation-fuerteventura-769x1024.jpg\" alt=\"Kitesurf holiday accommodation\" class=\"wp-image-1412\"\/><\/figure>\n\n\n\n<p>Our holiday packages give you the best bang for your buck. You can choose from a range of accommodation: luxury hotels or self catering apartments to our budget surf hostel. Add to that our kitesurfing course and equipment hire for the full Flag Beach experience.<\/p>\n\n\n\n<p><\/p>\n\n\n\n<div class=\"wp-block-buttons aligncenter is-layout-flex wp-block-buttons-is-layout-flex\">\n<div class=\"wp-block-button\"><a class=\"wp-block-button__link\" href=\"https:\/\/flagbeach.com\/accommodation\/\">View holiday accommodation<\/a><\/div>\n<\/div>\n<\/div><\/div>\n<\/div>\n<\/div>\n<\/div><\/div>\n\n<hr class=\"wp-block-separator has-css-opacity\" \/>\n\n<div class=\"wp-block-cover alignfull is-light\" style=\"min-height:282px;aspect-ratio:unset;\"><img loading=\"lazy\" decoding=\"async\" width=\"1600\" height=\"700\" sizes=\"auto, (max-width: 799px) 200vw, (max-width: 1600px) 100vw, 1600px\" class=\"wp-block-cover__image-background wp-image-14\" alt=\"\" src=\"https:\/\/www.flagbeach.com\/wp-content\/uploads\/2021\/01\/fb-hero-1600-1.jpg\" style=\"object-position:50% 21%\" data-object-fit=\"cover\" data-object-position=\"50% 21%\" srcset=\"https:\/\/www.flagbeach.com\/wp-content\/uploads\/2021\/01\/fb-hero-1600-1.jpg 1600w, https:\/\/www.flagbeach.com\/wp-content\/uploads\/2021\/01\/fb-hero-1600-1-300x131.jpg 300w, https:\/\/www.flagbeach.com\/wp-content\/uploads\/2021\/01\/fb-hero-1600-1-1024x448.jpg 1024w, https:\/\/www.flagbeach.com\/wp-content\/uploads\/2021\/01\/fb-hero-1600-1-768x336.jpg 768w, https:\/\/www.flagbeach.com\/wp-content\/uploads\/2021\/01\/fb-hero-1600-1-1536x672.jpg 1536w, https:\/\/www.flagbeach.com\/wp-content\/uploads\/2021\/01\/fb-hero-1600-1-1568x686.jpg 1568w\" \/><span aria-hidden=\"true\" class=\"wp-block-cover__background has-background-dim-0 has-background-dim\"><\/span><div class=\"wp-block-cover__inner-container is-layout-flow wp-block-cover-is-layout-flow\">\n<p class=\"has-text-align-center has-large-font-size\"><\/p>\n<\/div><\/div>\n","protected":false},"excerpt":{"rendered":"<p>Buscas la mejor escapada nautica en Fuerteventura? aqui esta Nuestros paquetes proporcionan los mejores cursos junto con alojamiento en Fuerteventura. Te llevaremos a la playa cada dia e incluye material y seguro de terceros. Reserva online para ahorrar hasta 33%. No encontraras mejor precio asi que a que esperas? Sumergate en nuestros paquetes. Kitesurf para&hellip; <a class=\"more-link\" href=\"https:\/\/www.flagbeach.com\/es\/kitesurf\/paquetes-de-kitesurf\/\">Seguir leyendo <span class=\"screen-reader-text\">Paquetes de kitesurf<\/span><\/a><\/p>\n","protected":false},"author":1,"featured_media":0,"parent":1863,"menu_order":0,"comment_status":"closed","ping_status":"closed","template":"tw-header-transparent.php","meta":{"footnotes":""},"class_list":["post-1869","page","type-page","status-publish","hentry","entry"],"_links":{"self":[{"href":"https:\/\/www.flagbeach.com\/es\/wp-json\/wp\/v2\/pages\/1869","targetHints":{"allow":["GET"]}}],"collection":[{"href":"https:\/\/www.flagbeach.com\/es\/wp-json\/wp\/v2\/pages"}],"about":[{"href":"https:\/\/www.flagbeach.com\/es\/wp-json\/wp\/v2\/types\/page"}],"author":[{"embeddable":true,"href":"https:\/\/www.flagbeach.com\/es\/wp-json\/wp\/v2\/users\/1"}],"replies":[{"embeddable":true,"href":"https:\/\/www.flagbeach.com\/es\/wp-json\/wp\/v2\/comments?post=1869"}],"version-history":[{"count":27,"href":"https:\/\/www.flagbeach.com\/es\/wp-json\/wp\/v2\/pages\/1869\/revisions"}],"predecessor-version":[{"id":13650,"href":"https:\/\/www.flagbeach.com\/es\/wp-json\/wp\/v2\/pages\/1869\/revisions\/13650"}],"up":[{"embeddable":true,"href":"https:\/\/www.flagbeach.com\/es\/wp-json\/wp\/v2\/pages\/1863"}],"wp:attachment":[{"href":"https:\/\/www.flagbeach.com\/es\/wp-json\/wp\/v2\/media?parent=1869"}],"curies":[{"name":"wp","href":"https:\/\/api.w.org\/{rel}","templated":true}]}}