{"id":1861,"date":"2021-03-26T13:06:35","date_gmt":"2021-03-26T13:06:35","guid":{"rendered":"https:\/\/flagbeach.com\/alojamiento\/surfers-retreat\/"},"modified":"2025-12-14T17:10:14","modified_gmt":"2025-12-14T17:10:14","slug":"surfers-retreat","status":"publish","type":"page","link":"https:\/\/www.flagbeach.com\/es\/alojamiento\/surfers-retreat\/","title":{"rendered":"Surfer&#8217;s Retreat"},"content":{"rendered":"\n<div class=\"wp-block-cover alignfull has-custom-content-position is-position-top-left\" style=\"min-height:30vw;aspect-ratio:unset;\"><img loading=\"lazy\" decoding=\"async\" width=\"1600\" height=\"600\" sizes=\"auto, (max-width: 799px) 200vw, (max-width: 1600px) 100vw, 1600px\" class=\"wp-block-cover__image-background wp-image-779\" alt=\"\" src=\"https:\/\/www.flagbeach.com\/wp-content\/uploads\/2021\/02\/accomodation-detail.jpg\" style=\"object-position:50% 0%\" data-object-fit=\"cover\" data-object-position=\"50% 0%\" srcset=\"https:\/\/www.flagbeach.com\/wp-content\/uploads\/2021\/02\/accomodation-detail.jpg 1600w, https:\/\/www.flagbeach.com\/wp-content\/uploads\/2021\/02\/accomodation-detail-300x113.jpg 300w, https:\/\/www.flagbeach.com\/wp-content\/uploads\/2021\/02\/accomodation-detail-1024x384.jpg 1024w, https:\/\/www.flagbeach.com\/wp-content\/uploads\/2021\/02\/accomodation-detail-768x288.jpg 768w, https:\/\/www.flagbeach.com\/wp-content\/uploads\/2021\/02\/accomodation-detail-1536x576.jpg 1536w, https:\/\/www.flagbeach.com\/wp-content\/uploads\/2021\/02\/accomodation-detail-1568x588.jpg 1568w\" \/><span aria-hidden=\"true\" class=\"wp-block-cover__background has-background-dim-100 has-background-dim wp-block-cover__gradient-background has-background-gradient\" style=\"background:linear-gradient(180deg,rgb(20,62,94) 0%,rgba(255,255,255,0) 48%,rgba(20,61,93,0) 67%,rgb(20,62,94) 100%)\"><\/span><div class=\"wp-block-cover__inner-container is-layout-flow wp-block-cover-is-layout-flow\">\n<h1 class=\"wp-block-heading has-text-align-left has-subtle-color has-text-color\">Surfer&#8217;s Retreat<\/h1>\n\n\n\n<p><\/p>\n<\/div><\/div>\n\n<div class=\"wp-block-buttons is-content-justification-center is-layout-flex wp-container-core-buttons-is-layout-a89b3969 wp-block-buttons-is-layout-flex\">\n<div class=\"wp-block-button\"><a class=\"wp-block-button__link wp-element-button\" href=\"https:\/\/hotels.cloudbeds.com\/reservation\/kn1mGC\" target=\"_blank\" rel=\"noreferrer noopener\">Reserva tu estancia en Surfers Retreat<\/a><\/div>\n<\/div>\n\n<div class=\"wp-block-group alignfull\"><div class=\"wp-block-group__inner-container is-layout-flow wp-block-group-is-layout-flow\">\n<div class=\"wp-block-columns alignwide are-vertically-aligned-center is-style-default tw-cols-stack-md tw-gutter-large is-layout-flex wp-container-core-columns-is-layout-d0b3c9c8 wp-block-columns-is-layout-flex\">\n<div class=\"wp-block-column is-vertically-aligned-center is-layout-flow wp-block-column-is-layout-flow\">\n<h3 class=\"wp-block-heading\">El nuevo hostal de Flag Beach en Corralejo con un toque extra..<\/h3>\n\n\n\n<h4 class=\"wp-block-heading\"><mark style=\"color:#fdbe07\" class=\"has-inline-color\"><strong>Reserve su estancia ahora (estancia m\u00ednima de 3 noches) :<\/strong><\/mark><\/h4>\n\n\n\n\n<\/div>\n\n\n\n<div class=\"wp-block-column is-vertically-aligned-center is-layout-flow wp-block-column-is-layout-flow\">\n<div class=\"wp-block-getwid-images-slider has-arrows-inside has-dots-inside has-images-center has-cropped-images\"><div class=\"wp-block-getwid-images-slider__wrapper\" data-effect=\"slide\" data-slides-show=\"1\" data-slides-show-laptop=\"1\" data-slides-show-tablet=\"1\" data-slides-show-mobile=\"1\" data-slides-scroll=\"1\" data-autoplay=\"false\" data-pause-hover=\"false\" data-autoplay-speed=\"6000\" data-infinite=\"true\" data-animation-speed=\"800\" data-center-mode=\"false\" data-variable-width=\"false\" data-arrows=\"inside\" data-dots=\"inside\" data-spacing=\"none\"><div class=\"wp-block-getwid-images-slider__item\"><figure><img loading=\"lazy\" decoding=\"async\" width=\"640\" height=\"440\" src=\"https:\/\/www.flagbeach.com\/wp-content\/uploads\/2021\/02\/2018-0109_035729.jpeg\" alt=\"Alojamiento Surfer's Retreat en Fuerteventura\" data-id=\"791\" data-link=\"https:\/\/flagbeach.com\/accommodation\/2018-0109_035729\/\" data-original-link=\"https:\/\/www.flagbeach.com\/wp-content\/uploads\/2021\/02\/2018-0109_035729.jpeg\" class=\"wp-block-getwid-images-slider__image wp-image-791\" srcset=\"https:\/\/www.flagbeach.com\/wp-content\/uploads\/2021\/02\/2018-0109_035729.jpeg 640w, https:\/\/www.flagbeach.com\/wp-content\/uploads\/2021\/02\/2018-0109_035729-300x206.jpeg 300w\" sizes=\"auto, (max-width: 640px) 100vw, 640px\" \/><\/figure><\/div><div class=\"wp-block-getwid-images-slider__item\"><figure><img loading=\"lazy\" decoding=\"async\" width=\"640\" height=\"440\" src=\"https:\/\/www.flagbeach.com\/wp-content\/uploads\/2021\/02\/2018-0409_115212.jpeg\" alt=\"Alojamiento Surfer's Retreat en Fuerteventura\" data-id=\"1019\" data-link=\"https:\/\/flagbeach.com\/las-tinajas\/2018-0409_115212\/\" data-original-link=\"https:\/\/www.flagbeach.com\/wp-content\/uploads\/2021\/02\/2018-0409_115212.jpeg\" class=\"wp-block-getwid-images-slider__image wp-image-1019\" srcset=\"https:\/\/www.flagbeach.com\/wp-content\/uploads\/2021\/02\/2018-0409_115212.jpeg 640w, https:\/\/www.flagbeach.com\/wp-content\/uploads\/2021\/02\/2018-0409_115212-300x206.jpeg 300w\" sizes=\"auto, (max-width: 640px) 100vw, 640px\" \/><\/figure><\/div><div class=\"wp-block-getwid-images-slider__item\"><figure><img loading=\"lazy\" decoding=\"async\" width=\"640\" height=\"440\" src=\"https:\/\/www.flagbeach.com\/wp-content\/uploads\/2021\/02\/2018-0409_114829.jpeg\" alt=\"Alojamiento Surfer's Retreat en Fuerteventura\" data-id=\"1022\" data-link=\"https:\/\/flagbeach.com\/las-tinajas\/2018-0409_114829\/\" data-original-link=\"https:\/\/www.flagbeach.com\/wp-content\/uploads\/2021\/02\/2018-0409_114829.jpeg\" class=\"wp-block-getwid-images-slider__image wp-image-1022\" srcset=\"https:\/\/www.flagbeach.com\/wp-content\/uploads\/2021\/02\/2018-0409_114829.jpeg 640w, https:\/\/www.flagbeach.com\/wp-content\/uploads\/2021\/02\/2018-0409_114829-300x206.jpeg 300w\" sizes=\"auto, (max-width: 640px) 100vw, 640px\" \/><\/figure><\/div><div class=\"wp-block-getwid-images-slider__item\"><figure><img loading=\"lazy\" decoding=\"async\" width=\"640\" height=\"440\" src=\"https:\/\/www.flagbeach.com\/wp-content\/uploads\/2021\/02\/2018-0409_114703.jpeg\" alt=\"Alojamiento Surfer's Retreat en Fuerteventura\" data-id=\"1025\" data-link=\"https:\/\/flagbeach.com\/las-tinajas\/2018-0409_114703\/\" data-original-link=\"https:\/\/www.flagbeach.com\/wp-content\/uploads\/2021\/02\/2018-0409_114703.jpeg\" class=\"wp-block-getwid-images-slider__image wp-image-1025\" srcset=\"https:\/\/www.flagbeach.com\/wp-content\/uploads\/2021\/02\/2018-0409_114703.jpeg 640w, https:\/\/www.flagbeach.com\/wp-content\/uploads\/2021\/02\/2018-0409_114703-300x206.jpeg 300w\" sizes=\"auto, (max-width: 640px) 100vw, 640px\" \/><\/figure><\/div><div class=\"wp-block-getwid-images-slider__item\"><figure><img loading=\"lazy\" decoding=\"async\" width=\"640\" height=\"440\" src=\"https:\/\/www.flagbeach.com\/wp-content\/uploads\/2021\/02\/2018-0109_035814.jpeg\" alt=\"Alojamiento Surfer's Retreat en Fuerteventura\" data-id=\"1028\" data-link=\"https:\/\/flagbeach.com\/las-tinajas\/2018-0109_035814\/\" data-original-link=\"https:\/\/www.flagbeach.com\/wp-content\/uploads\/2021\/02\/2018-0109_035814.jpeg\" class=\"wp-block-getwid-images-slider__image wp-image-1028\" srcset=\"https:\/\/www.flagbeach.com\/wp-content\/uploads\/2021\/02\/2018-0109_035814.jpeg 640w, https:\/\/www.flagbeach.com\/wp-content\/uploads\/2021\/02\/2018-0109_035814-300x206.jpeg 300w\" sizes=\"auto, (max-width: 640px) 100vw, 640px\" \/><\/figure><\/div><div class=\"wp-block-getwid-images-slider__item\"><figure><img loading=\"lazy\" decoding=\"async\" width=\"640\" height=\"440\" src=\"https:\/\/www.flagbeach.com\/wp-content\/uploads\/2021\/02\/2018-0109_035810.jpeg\" alt=\"Alojamiento Surfer's Retreat en Fuerteventura\" data-id=\"1031\" data-link=\"https:\/\/flagbeach.com\/las-tinajas\/2018-0109_035810\/\" data-original-link=\"https:\/\/www.flagbeach.com\/wp-content\/uploads\/2021\/02\/2018-0109_035810.jpeg\" class=\"wp-block-getwid-images-slider__image wp-image-1031\" srcset=\"https:\/\/www.flagbeach.com\/wp-content\/uploads\/2021\/02\/2018-0109_035810.jpeg 640w, https:\/\/www.flagbeach.com\/wp-content\/uploads\/2021\/02\/2018-0109_035810-300x206.jpeg 300w\" sizes=\"auto, (max-width: 640px) 100vw, 640px\" \/><\/figure><\/div><div class=\"wp-block-getwid-images-slider__item\"><figure><img loading=\"lazy\" decoding=\"async\" width=\"640\" height=\"440\" src=\"https:\/\/www.flagbeach.com\/wp-content\/uploads\/2021\/02\/2018-0109_035805.jpeg\" alt=\"Alojamiento Surfer's Retreat en Fuerteventura\" data-id=\"1034\" data-link=\"https:\/\/flagbeach.com\/las-tinajas\/2018-0109_035805\/\" data-original-link=\"https:\/\/www.flagbeach.com\/wp-content\/uploads\/2021\/02\/2018-0109_035805.jpeg\" class=\"wp-block-getwid-images-slider__image wp-image-1034\" srcset=\"https:\/\/www.flagbeach.com\/wp-content\/uploads\/2021\/02\/2018-0109_035805.jpeg 640w, https:\/\/www.flagbeach.com\/wp-content\/uploads\/2021\/02\/2018-0109_035805-300x206.jpeg 300w\" sizes=\"auto, (max-width: 640px) 100vw, 640px\" \/><\/figure><\/div><div class=\"wp-block-getwid-images-slider__item\"><figure><img loading=\"lazy\" decoding=\"async\" width=\"640\" height=\"440\" src=\"https:\/\/www.flagbeach.com\/wp-content\/uploads\/2021\/02\/2018-0109_035800.jpeg\" alt=\"Alojamiento Surfer's Retreat en Fuerteventura\" data-id=\"1037\" data-link=\"https:\/\/flagbeach.com\/las-tinajas\/2018-0109_035800\/\" data-original-link=\"https:\/\/www.flagbeach.com\/wp-content\/uploads\/2021\/02\/2018-0109_035800.jpeg\" class=\"wp-block-getwid-images-slider__image wp-image-1037\" srcset=\"https:\/\/www.flagbeach.com\/wp-content\/uploads\/2021\/02\/2018-0109_035800.jpeg 640w, https:\/\/www.flagbeach.com\/wp-content\/uploads\/2021\/02\/2018-0109_035800-300x206.jpeg 300w\" sizes=\"auto, (max-width: 640px) 100vw, 640px\" \/><\/figure><\/div><div class=\"wp-block-getwid-images-slider__item\"><figure><img loading=\"lazy\" decoding=\"async\" width=\"640\" height=\"440\" src=\"https:\/\/www.flagbeach.com\/wp-content\/uploads\/2021\/02\/2018-0109_035755.jpeg\" data-id=\"1040\" data-link=\"https:\/\/flagbeach.com\/las-tinajas\/2018-0109_035755\/\" data-original-link=\"https:\/\/www.flagbeach.com\/wp-content\/uploads\/2021\/02\/2018-0109_035755.jpeg\" class=\"wp-block-getwid-images-slider__image wp-image-1040\" srcset=\"https:\/\/www.flagbeach.com\/wp-content\/uploads\/2021\/02\/2018-0109_035755.jpeg 640w, https:\/\/www.flagbeach.com\/wp-content\/uploads\/2021\/02\/2018-0109_035755-300x206.jpeg 300w\" sizes=\"auto, (max-width: 640px) 100vw, 640px\" \/><\/figure><\/div><div class=\"wp-block-getwid-images-slider__item\"><figure><img loading=\"lazy\" decoding=\"async\" width=\"640\" height=\"440\" src=\"https:\/\/www.flagbeach.com\/wp-content\/uploads\/2021\/02\/2018-0109_035744.jpeg\" data-id=\"1043\" data-link=\"https:\/\/flagbeach.com\/las-tinajas\/2018-0109_035744\/\" data-original-link=\"https:\/\/www.flagbeach.com\/wp-content\/uploads\/2021\/02\/2018-0109_035744.jpeg\" class=\"wp-block-getwid-images-slider__image wp-image-1043\" srcset=\"https:\/\/www.flagbeach.com\/wp-content\/uploads\/2021\/02\/2018-0109_035744.jpeg 640w, https:\/\/www.flagbeach.com\/wp-content\/uploads\/2021\/02\/2018-0109_035744-300x206.jpeg 300w\" sizes=\"auto, (max-width: 640px) 100vw, 640px\" \/><\/figure><\/div><div class=\"wp-block-getwid-images-slider__item\"><figure><img loading=\"lazy\" decoding=\"async\" width=\"640\" height=\"440\" src=\"https:\/\/www.flagbeach.com\/wp-content\/uploads\/2021\/02\/2018-0109_035738.jpeg\" alt=\"Alojamiento Surfer's Retreat en Fuerteventura\" data-id=\"1046\" data-link=\"https:\/\/flagbeach.com\/las-tinajas\/2018-0109_035738\/\" data-original-link=\"https:\/\/www.flagbeach.com\/wp-content\/uploads\/2021\/02\/2018-0109_035738.jpeg\" class=\"wp-block-getwid-images-slider__image wp-image-1046\" srcset=\"https:\/\/www.flagbeach.com\/wp-content\/uploads\/2021\/02\/2018-0109_035738.jpeg 640w, https:\/\/www.flagbeach.com\/wp-content\/uploads\/2021\/02\/2018-0109_035738-300x206.jpeg 300w\" sizes=\"auto, (max-width: 640px) 100vw, 640px\" \/><\/figure><\/div><div class=\"wp-block-getwid-images-slider__item\"><figure><img loading=\"lazy\" decoding=\"async\" width=\"640\" height=\"440\" src=\"https:\/\/www.flagbeach.com\/wp-content\/uploads\/2021\/02\/2018-0109_035733.jpeg\" data-id=\"1049\" data-link=\"https:\/\/flagbeach.com\/las-tinajas\/2018-0109_035733\/\" data-original-link=\"https:\/\/www.flagbeach.com\/wp-content\/uploads\/2021\/02\/2018-0109_035733.jpeg\" class=\"wp-block-getwid-images-slider__image wp-image-1049\" srcset=\"https:\/\/www.flagbeach.com\/wp-content\/uploads\/2021\/02\/2018-0109_035733.jpeg 640w, https:\/\/www.flagbeach.com\/wp-content\/uploads\/2021\/02\/2018-0109_035733-300x206.jpeg 300w\" sizes=\"auto, (max-width: 640px) 100vw, 640px\" \/><\/figure><\/div><\/div><\/div>\n<\/div>\n<\/div>\n<\/div><\/div>\n\n<p>Nuestro hostal estilo &#8220;boutique&#8221; ubicado entre flag beach y centro de Corralejo en una zona tranquila y muy cerca a un centro comercial con supermercado, bares, restaurantes y un mercadillo tipico los Domingos.<\/p>\n\n<p>La casa tiene capacidad para 14 personas, con habitaciones dobles y cu\u00e1druples y un dormitorio con literas. Los viajeros individuales pueden alojarse en la habitaci\u00f3n doble a un precio ligeramente reducido si no la comparten. Hay 3 modernos cuartos de ba\u00f1o con ducha, y las zonas comunes incluyen sal\u00f3n\/cocina (TV) y comedor al aire libre para todos, adem\u00e1s de una barbacoa que ofrece un ambiente agradable y relajado despu\u00e9s de un d\u00eda en la playa.  <\/p>\n\n<p>Las dos terrazas y piscina privada con hamacas es genial en las tardes para evitar el bullicio del pueblo.<\/p>\n\n<p><\/p>\n\n<h3 class=\"wp-block-heading\">Precios<\/h3>\n\n<div class=\"wp-block-group alignfull\"><div class=\"wp-block-group__inner-container is-layout-flow wp-block-group-is-layout-flow\">\n<figure class=\"wp-block-table tw-row-valign-top is-style-tw-border-h\"><table><tbody><tr><td>1 cama en habitacion &#8220;dorm&#8221;<\/td><td class=\"has-text-align-right\" data-align=\"right\">desde \u20ac23\/noche<\/td><\/tr><tr><td>1 cama en habitacion doble<\/td><td class=\"has-text-align-right\" data-align=\"right\">desde \u20ac26\/noche<\/td><\/tr><tr><td>Cama matrimonio para 1 persona<\/td><td class=\"has-text-align-right\" data-align=\"right\">desde \u20ac46\/noche<\/td><\/tr><tr><td>Cama matrimonio para 2 personas<\/td><td class=\"has-text-align-right\" data-align=\"right\">desde \u20ac55\/noche<\/td><\/tr><\/tbody><\/table><\/figure>\n<\/div><\/div>\n\n<div class=\"wp-block-buttons is-content-justification-center is-layout-flex wp-container-core-buttons-is-layout-a89b3969 wp-block-buttons-is-layout-flex\">\n<div class=\"wp-block-button\"><a class=\"wp-block-button__link wp-element-button\" href=\"https:\/\/flagbeach.com\/book-now\/\" target=\"_blank\" rel=\"noreferrer noopener\">Reserva tu estancia en Surfers Retreat<\/a><\/div>\n<\/div>\n\n<div class=\"wp-block-group alignfull\"><div class=\"wp-block-group__inner-container is-layout-flow wp-block-group-is-layout-flow\">\n<h2 class=\"wp-block-heading has-text-align-left\">Instalaciones<\/h2>\n\n\n\n<ul class=\"wp-block-list\">\n<li>Piscina<\/li>\n\n\n\n<li>Desayuno<\/li>\n\n\n\n<li>Television<\/li>\n\n\n\n<li>solo alojamiento<\/li>\n\n\n\n<li>Wi-Fi<\/li>\n\n\n\n<li>Toallas y ropa de cama incluida<\/li>\n\n\n\n<li>limpieza de la casa<\/li>\n\n\n\n<li>Terraza<\/li>\n\n\n\n<li>Microondas, hervidor, tostadora, secadores de pelo, lavadora<\/li>\n\n\n\n<li>Barbacoa<\/li>\n\n\n\n<li>Placa y horno<\/li>\n\n\n\n<li>Microondas<\/li>\n\n\n\n<li>Piscina<\/li>\n\n\n\n<li>Nevera<\/li>\n\n\n\n<li>Aparcamiento en la calle<\/li>\n\n\n\n<li>Cocina equipado<\/li>\n\n\n\n<li>Sabanas<\/li>\n\n\n\n<li>Toallas<\/li>\n<\/ul>\n<\/div><\/div>\n","protected":false},"excerpt":{"rendered":"<p>El nuevo hostal de Flag Beach en Corralejo con un toque extra.. Reserve su estancia ahora (estancia m\u00ednima de 3 noches) : Nuestro hostal estilo &#8220;boutique&#8221; ubicado entre flag beach y centro de Corralejo en una zona tranquila y muy cerca a un centro comercial con supermercado, bares, restaurantes y un mercadillo tipico los Domingos.&hellip; <a class=\"more-link\" href=\"https:\/\/www.flagbeach.com\/es\/alojamiento\/surfers-retreat\/\">Seguir leyendo <span class=\"screen-reader-text\">Surfer&#8217;s Retreat<\/span><\/a><\/p>\n","protected":false},"author":1,"featured_media":0,"parent":1835,"menu_order":0,"comment_status":"closed","ping_status":"closed","template":"tw-header-transparent.php","meta":{"footnotes":""},"class_list":["post-1861","page","type-page","status-publish","hentry","entry"],"_links":{"self":[{"href":"https:\/\/www.flagbeach.com\/es\/wp-json\/wp\/v2\/pages\/1861","targetHints":{"allow":["GET"]}}],"collection":[{"href":"https:\/\/www.flagbeach.com\/es\/wp-json\/wp\/v2\/pages"}],"about":[{"href":"https:\/\/www.flagbeach.com\/es\/wp-json\/wp\/v2\/types\/page"}],"author":[{"embeddable":true,"href":"https:\/\/www.flagbeach.com\/es\/wp-json\/wp\/v2\/users\/1"}],"replies":[{"embeddable":true,"href":"https:\/\/www.flagbeach.com\/es\/wp-json\/wp\/v2\/comments?post=1861"}],"version-history":[{"count":5,"href":"https:\/\/www.flagbeach.com\/es\/wp-json\/wp\/v2\/pages\/1861\/revisions"}],"predecessor-version":[{"id":13453,"href":"https:\/\/www.flagbeach.com\/es\/wp-json\/wp\/v2\/pages\/1861\/revisions\/13453"}],"up":[{"embeddable":true,"href":"https:\/\/www.flagbeach.com\/es\/wp-json\/wp\/v2\/pages\/1835"}],"wp:attachment":[{"href":"https:\/\/www.flagbeach.com\/es\/wp-json\/wp\/v2\/media?parent=1861"}],"curies":[{"name":"wp","href":"https:\/\/api.w.org\/{rel}","templated":true}]}}