{"id":1859,"date":"2021-03-26T11:58:43","date_gmt":"2021-03-26T11:58:43","guid":{"rendered":"https:\/\/flagbeach.com\/alojamiento\/sol-y-mar-surf-camp\/"},"modified":"2025-08-05T10:43:07","modified_gmt":"2025-08-05T10:43:07","slug":"sol-y-mar-surf-camp","status":"publish","type":"page","link":"https:\/\/www.flagbeach.com\/es\/alojamiento\/sol-y-mar-surf-camp\/","title":{"rendered":"Sol y Mar surf camp"},"content":{"rendered":"\n<div class=\"wp-block-cover alignfull has-background-dim-100 has-background-dim has-background-gradient has-custom-content-position is-position-top-left\" style=\"min-height:30vw;aspect-ratio:unset;\"><span aria-hidden=\"true\" class=\"wp-block-cover__gradient-background\" style=\"background:linear-gradient(180deg,rgb(20,62,94) 0%,rgba(255,255,255,0) 48%,rgba(20,61,93,0) 67%,rgb(20,62,94) 100%)\"><\/span><img loading=\"lazy\" decoding=\"async\" width=\"1600\" height=\"600\" sizes=\"auto, (max-width: 799px) 200vw, (max-width: 1600px) 100vw, 1600px\" class=\"wp-block-cover__image-background wp-image-779\" alt=\"\" src=\"https:\/\/www.flagbeach.com\/wp-content\/uploads\/2021\/02\/accomodation-detail.jpg\" style=\"object-position:50% 0%\" data-object-fit=\"cover\" data-object-position=\"50% 0%\" srcset=\"https:\/\/www.flagbeach.com\/wp-content\/uploads\/2021\/02\/accomodation-detail.jpg 1600w, https:\/\/www.flagbeach.com\/wp-content\/uploads\/2021\/02\/accomodation-detail-300x113.jpg 300w, https:\/\/www.flagbeach.com\/wp-content\/uploads\/2021\/02\/accomodation-detail-1024x384.jpg 1024w, https:\/\/www.flagbeach.com\/wp-content\/uploads\/2021\/02\/accomodation-detail-768x288.jpg 768w, https:\/\/www.flagbeach.com\/wp-content\/uploads\/2021\/02\/accomodation-detail-1536x576.jpg 1536w, https:\/\/www.flagbeach.com\/wp-content\/uploads\/2021\/02\/accomodation-detail-1568x588.jpg 1568w\" \/><div class=\"wp-block-cover__inner-container is-layout-flow wp-block-cover-is-layout-flow\">\n<h1 class=\"has-text-align-left has-subtle-color has-text-color wp-block-heading\">Sol y Mar surf camp<\/h1>\n\n\n\n<p><\/p>\n<\/div><\/div>\n\n<div class=\"wp-block-buttons is-content-justification-center is-layout-flex wp-block-buttons-is-layout-flex\">\n<div class=\"wp-block-button\"><a class=\"wp-block-button__link\" href=\"https:\/\/hotels.cloudbeds.com\/reservation\/RGVfxl\" target=\"_blank\" rel=\"noreferrer noopener\">Reserva tu estancia en Sol y Mar ahora<\/a><\/div>\n<\/div>\n\n<div class=\"wp-block-group alignfull\"><div class=\"wp-block-group__inner-container is-layout-flow wp-block-group-is-layout-flow\">\n<div class=\"wp-block-columns alignwide are-vertically-aligned-center is-style-default tw-gutter-large tw-cols-stack-md is-layout-flex wp-container-core-columns-is-layout-d0b3c9c8 wp-block-columns-is-layout-flex\">\n<div class=\"wp-block-column is-vertically-aligned-center is-layout-flow wp-block-column-is-layout-flow\">\n<h3 class=\"wp-block-heading\">El albergue de surf Flag Beach Sol y Mar es el albergue original considerado como el albergue de surf con la mejor relaci\u00f3n calidad-precio de Fuerteventura, un lugar ideal para viajeros individuales o grupos de surfistas.<\/h3>\n\n\n\n<h4 class=\"wp-block-heading\"><span style=\"color:#fdbe07\" class=\"has-inline-color\"><strong>Reserve su estancia ahora (estancia m\u00ednima de 3 noches)<\/strong><\/span><\/h4>\n\n\n\n<script src=\"https:\/\/hotels.cloudbeds.com\/widget\/load\/RGVfxl\/horiz?newWindow=1\"><\/script>\n<\/div>\n\n\n\n<div class=\"wp-block-column is-vertically-aligned-center is-layout-flow wp-block-column-is-layout-flow\">\n<div class=\"wp-block-getwid-images-slider has-arrows-inside has-dots-inside has-images-center has-cropped-images\"><div class=\"wp-block-getwid-images-slider__wrapper\" data-effect=\"slide\" data-slides-show=\"1\" data-slides-show-laptop=\"1\" data-slides-show-tablet=\"1\" data-slides-show-mobile=\"1\" data-slides-scroll=\"1\" data-autoplay=\"false\" data-autoplay-speed=\"6000\" data-infinite=\"true\" data-animation-speed=\"800\" data-center-mode=\"false\" data-variable-width=\"false\" data-arrows=\"inside\" data-dots=\"inside\" data-spacing=\"none\"><div class=\"wp-block-getwid-images-slider__item\"><figure><img loading=\"lazy\" decoding=\"async\" width=\"640\" height=\"440\" src=\"https:\/\/www.flagbeach.com\/wp-content\/uploads\/2021\/02\/2018-0109_035617.jpeg\" alt=\"Alojamiento en el campamento de surf Sol y Mar en Fuerteventura\" data-id=\"628\" data-link=\"https:\/\/flagbeach.com\/accommodation\/sol-y-mar\/2018-0109_035617\/\" data-original-link=\"https:\/\/www.flagbeach.com\/wp-content\/uploads\/2021\/02\/2018-0109_035617.jpeg\" class=\"wp-block-getwid-images-slider__image wp-image-628\" srcset=\"https:\/\/www.flagbeach.com\/wp-content\/uploads\/2021\/02\/2018-0109_035617.jpeg 640w, https:\/\/www.flagbeach.com\/wp-content\/uploads\/2021\/02\/2018-0109_035617-300x206.jpeg 300w\" sizes=\"auto, (max-width: 640px) 100vw, 640px\" \/><\/figure><\/div><div class=\"wp-block-getwid-images-slider__item\"><figure><img loading=\"lazy\" decoding=\"async\" width=\"640\" height=\"440\" src=\"https:\/\/www.flagbeach.com\/wp-content\/uploads\/2021\/02\/2018-0109_035621.jpeg\" alt=\"Alojamiento en el campamento de surf Sol y Mar en Fuerteventura\" data-id=\"631\" data-link=\"https:\/\/flagbeach.com\/accommodation\/sol-y-mar\/2018-0109_035621\/\" data-original-link=\"https:\/\/www.flagbeach.com\/wp-content\/uploads\/2021\/02\/2018-0109_035621.jpeg\" class=\"wp-block-getwid-images-slider__image wp-image-631\" srcset=\"https:\/\/www.flagbeach.com\/wp-content\/uploads\/2021\/02\/2018-0109_035621.jpeg 640w, https:\/\/www.flagbeach.com\/wp-content\/uploads\/2021\/02\/2018-0109_035621-300x206.jpeg 300w\" sizes=\"auto, (max-width: 640px) 100vw, 640px\" \/><\/figure><\/div><div class=\"wp-block-getwid-images-slider__item\"><figure><img loading=\"lazy\" decoding=\"async\" width=\"640\" height=\"440\" src=\"https:\/\/www.flagbeach.com\/wp-content\/uploads\/2021\/02\/2018-0109_035625.jpeg\" alt=\"Alojamiento en el campamento de surf Sol y Mar en Fuerteventura\" data-id=\"634\" data-link=\"https:\/\/flagbeach.com\/accommodation\/sol-y-mar\/2018-0109_035625\/\" data-original-link=\"https:\/\/www.flagbeach.com\/wp-content\/uploads\/2021\/02\/2018-0109_035625.jpeg\" class=\"wp-block-getwid-images-slider__image wp-image-634\" srcset=\"https:\/\/www.flagbeach.com\/wp-content\/uploads\/2021\/02\/2018-0109_035625.jpeg 640w, https:\/\/www.flagbeach.com\/wp-content\/uploads\/2021\/02\/2018-0109_035625-300x206.jpeg 300w\" sizes=\"auto, (max-width: 640px) 100vw, 640px\" \/><\/figure><\/div><div class=\"wp-block-getwid-images-slider__item\"><figure><img loading=\"lazy\" decoding=\"async\" width=\"640\" height=\"440\" src=\"https:\/\/www.flagbeach.com\/wp-content\/uploads\/2021\/02\/2018-0109_035630.jpeg\" alt=\"Alojamiento en el campamento de surf Sol y Mar en Fuerteventura\" data-id=\"637\" data-link=\"https:\/\/flagbeach.com\/accommodation\/sol-y-mar\/2018-0109_035630\/\" data-original-link=\"https:\/\/www.flagbeach.com\/wp-content\/uploads\/2021\/02\/2018-0109_035630.jpeg\" class=\"wp-block-getwid-images-slider__image wp-image-637\" srcset=\"https:\/\/www.flagbeach.com\/wp-content\/uploads\/2021\/02\/2018-0109_035630.jpeg 640w, https:\/\/www.flagbeach.com\/wp-content\/uploads\/2021\/02\/2018-0109_035630-300x206.jpeg 300w\" sizes=\"auto, (max-width: 640px) 100vw, 640px\" \/><\/figure><\/div><div class=\"wp-block-getwid-images-slider__item\"><figure><img loading=\"lazy\" decoding=\"async\" width=\"640\" height=\"440\" src=\"https:\/\/www.flagbeach.com\/wp-content\/uploads\/2021\/02\/2018-0109_035636.jpeg\" alt=\"Alojamiento en el campamento de surf Sol y Mar en Fuerteventura\" data-id=\"640\" data-link=\"https:\/\/flagbeach.com\/accommodation\/sol-y-mar\/2018-0109_035636\/\" data-original-link=\"https:\/\/www.flagbeach.com\/wp-content\/uploads\/2021\/02\/2018-0109_035636.jpeg\" class=\"wp-block-getwid-images-slider__image wp-image-640\" srcset=\"https:\/\/www.flagbeach.com\/wp-content\/uploads\/2021\/02\/2018-0109_035636.jpeg 640w, https:\/\/www.flagbeach.com\/wp-content\/uploads\/2021\/02\/2018-0109_035636-300x206.jpeg 300w\" sizes=\"auto, (max-width: 640px) 100vw, 640px\" \/><\/figure><\/div><div class=\"wp-block-getwid-images-slider__item\"><figure><img loading=\"lazy\" decoding=\"async\" width=\"640\" height=\"440\" src=\"https:\/\/www.flagbeach.com\/wp-content\/uploads\/2021\/02\/2018-0109_035643.jpeg\" alt=\"Alojamiento en el campamento de surf Sol y Mar en Fuerteventura\" data-id=\"643\" data-link=\"https:\/\/flagbeach.com\/accommodation\/sol-y-mar\/2018-0109_035643\/\" data-original-link=\"https:\/\/www.flagbeach.com\/wp-content\/uploads\/2021\/02\/2018-0109_035643.jpeg\" class=\"wp-block-getwid-images-slider__image wp-image-643\" srcset=\"https:\/\/www.flagbeach.com\/wp-content\/uploads\/2021\/02\/2018-0109_035643.jpeg 640w, https:\/\/www.flagbeach.com\/wp-content\/uploads\/2021\/02\/2018-0109_035643-300x206.jpeg 300w\" sizes=\"auto, (max-width: 640px) 100vw, 640px\" \/><\/figure><\/div><div class=\"wp-block-getwid-images-slider__item\"><figure><img loading=\"lazy\" decoding=\"async\" width=\"640\" height=\"440\" src=\"https:\/\/www.flagbeach.com\/wp-content\/uploads\/2021\/02\/2018-0109_035647.jpeg\" alt=\"Alojamiento en el campamento de surf Sol y Mar en Fuerteventura\" data-id=\"646\" data-link=\"https:\/\/flagbeach.com\/accommodation\/sol-y-mar\/2018-0109_035647\/\" data-original-link=\"https:\/\/www.flagbeach.com\/wp-content\/uploads\/2021\/02\/2018-0109_035647.jpeg\" class=\"wp-block-getwid-images-slider__image wp-image-646\" srcset=\"https:\/\/www.flagbeach.com\/wp-content\/uploads\/2021\/02\/2018-0109_035647.jpeg 640w, https:\/\/www.flagbeach.com\/wp-content\/uploads\/2021\/02\/2018-0109_035647-300x206.jpeg 300w\" sizes=\"auto, (max-width: 640px) 100vw, 640px\" \/><\/figure><\/div><div class=\"wp-block-getwid-images-slider__item\"><figure><img loading=\"lazy\" decoding=\"async\" width=\"640\" height=\"440\" src=\"https:\/\/www.flagbeach.com\/wp-content\/uploads\/2021\/02\/2018-0109_035651.jpeg\" alt=\"Alojamiento en el campamento de surf Sol y Mar en Fuerteventura\" data-id=\"649\" data-link=\"https:\/\/flagbeach.com\/accommodation\/sol-y-mar\/2018-0109_035651\/\" data-original-link=\"https:\/\/www.flagbeach.com\/wp-content\/uploads\/2021\/02\/2018-0109_035651.jpeg\" class=\"wp-block-getwid-images-slider__image wp-image-649\" srcset=\"https:\/\/www.flagbeach.com\/wp-content\/uploads\/2021\/02\/2018-0109_035651.jpeg 640w, https:\/\/www.flagbeach.com\/wp-content\/uploads\/2021\/02\/2018-0109_035651-300x206.jpeg 300w\" sizes=\"auto, (max-width: 640px) 100vw, 640px\" \/><\/figure><\/div><div class=\"wp-block-getwid-images-slider__item\"><figure><img loading=\"lazy\" decoding=\"async\" width=\"640\" height=\"440\" src=\"https:\/\/www.flagbeach.com\/wp-content\/uploads\/2021\/02\/2018-0109_035656.jpeg\" alt=\"Alojamiento en el campamento de surf Sol y Mar en Fuerteventura\" data-id=\"652\" data-link=\"https:\/\/flagbeach.com\/accommodation\/sol-y-mar\/2018-0109_035656\/\" data-original-link=\"https:\/\/www.flagbeach.com\/wp-content\/uploads\/2021\/02\/2018-0109_035656.jpeg\" class=\"wp-block-getwid-images-slider__image wp-image-652\" srcset=\"https:\/\/www.flagbeach.com\/wp-content\/uploads\/2021\/02\/2018-0109_035656.jpeg 640w, https:\/\/www.flagbeach.com\/wp-content\/uploads\/2021\/02\/2018-0109_035656-300x206.jpeg 300w\" sizes=\"auto, (max-width: 640px) 100vw, 640px\" \/><\/figure><\/div><div class=\"wp-block-getwid-images-slider__item\"><figure><img loading=\"lazy\" decoding=\"async\" width=\"640\" height=\"440\" src=\"https:\/\/www.flagbeach.com\/wp-content\/uploads\/2021\/02\/2018-0109_035701.jpeg\" alt=\"Alojamiento en el campamento de surf Sol y Mar en Fuerteventura\" data-id=\"655\" data-link=\"https:\/\/flagbeach.com\/accommodation\/sol-y-mar\/2018-0109_035701\/\" data-original-link=\"https:\/\/www.flagbeach.com\/wp-content\/uploads\/2021\/02\/2018-0109_035701.jpeg\" class=\"wp-block-getwid-images-slider__image wp-image-655\" srcset=\"https:\/\/www.flagbeach.com\/wp-content\/uploads\/2021\/02\/2018-0109_035701.jpeg 640w, https:\/\/www.flagbeach.com\/wp-content\/uploads\/2021\/02\/2018-0109_035701-300x206.jpeg 300w\" sizes=\"auto, (max-width: 640px) 100vw, 640px\" \/><\/figure><\/div><div class=\"wp-block-getwid-images-slider__item\"><figure><img loading=\"lazy\" decoding=\"async\" width=\"640\" height=\"440\" src=\"https:\/\/www.flagbeach.com\/wp-content\/uploads\/2021\/02\/2018-0109_035705.jpeg\" alt=\"Alojamiento en el campamento de surf Sol y Mar en Fuerteventura\" data-id=\"658\" data-link=\"https:\/\/flagbeach.com\/accommodation\/sol-y-mar\/2018-0109_035705\/\" data-original-link=\"https:\/\/www.flagbeach.com\/wp-content\/uploads\/2021\/02\/2018-0109_035705.jpeg\" class=\"wp-block-getwid-images-slider__image wp-image-658\" srcset=\"https:\/\/www.flagbeach.com\/wp-content\/uploads\/2021\/02\/2018-0109_035705.jpeg 640w, https:\/\/www.flagbeach.com\/wp-content\/uploads\/2021\/02\/2018-0109_035705-300x206.jpeg 300w\" sizes=\"auto, (max-width: 640px) 100vw, 640px\" \/><\/figure><\/div><div class=\"wp-block-getwid-images-slider__item\"><figure><img loading=\"lazy\" decoding=\"async\" width=\"640\" height=\"440\" src=\"https:\/\/www.flagbeach.com\/wp-content\/uploads\/2021\/02\/2018-0109_035713.jpeg\" alt=\"Alojamiento en el campamento de surf Sol y Mar en Fuerteventura\" data-id=\"661\" data-link=\"https:\/\/flagbeach.com\/accommodation\/sol-y-mar\/2018-0109_035713\/\" data-original-link=\"https:\/\/www.flagbeach.com\/wp-content\/uploads\/2021\/02\/2018-0109_035713.jpeg\" class=\"wp-block-getwid-images-slider__image wp-image-661\" srcset=\"https:\/\/www.flagbeach.com\/wp-content\/uploads\/2021\/02\/2018-0109_035713.jpeg 640w, https:\/\/www.flagbeach.com\/wp-content\/uploads\/2021\/02\/2018-0109_035713-300x206.jpeg 300w\" sizes=\"auto, (max-width: 640px) 100vw, 640px\" \/><\/figure><\/div><div class=\"wp-block-getwid-images-slider__item\"><figure><img loading=\"lazy\" decoding=\"async\" width=\"640\" height=\"440\" src=\"https:\/\/www.flagbeach.com\/wp-content\/uploads\/2021\/02\/2018-0109_035720.jpeg\" alt=\"Alojamiento en el campamento de surf Sol y Mar en Fuerteventura\" data-id=\"664\" data-link=\"https:\/\/flagbeach.com\/accommodation\/sol-y-mar\/2018-0109_035720\/\" data-original-link=\"https:\/\/www.flagbeach.com\/wp-content\/uploads\/2021\/02\/2018-0109_035720.jpeg\" class=\"wp-block-getwid-images-slider__image wp-image-664\" srcset=\"https:\/\/www.flagbeach.com\/wp-content\/uploads\/2021\/02\/2018-0109_035720.jpeg 640w, https:\/\/www.flagbeach.com\/wp-content\/uploads\/2021\/02\/2018-0109_035720-300x206.jpeg 300w\" sizes=\"auto, (max-width: 640px) 100vw, 640px\" \/><\/figure><\/div><\/div><\/div>\n<\/div>\n<\/div>\n<\/div><\/div>\n\n<p>Nuestro hostal Sol y Mar es el mejor hostal calidad-precio en Fuerteventura. Es un lugar genial para viajeros individuales ya que tiene un ambiente relajado, sociable y zonas comunes a compartir. Tiene 10 dormitorios, 2 cocinas, 4 banos, salon y azotea para barbacoas y para tomar el sol. Ubicaci\u00f3n muy centrico en Corralejo y solo minutos de bares etc.<\/p>\n\n<p>Incluye desayuno y tiene cocinas para los hu\u00e9spedes ademas de azotea con barbacoa. Los dormitorios son: individuales, doubles, cama matrimonio, triple y de 4 camas. No te preocupes no hay literas!<\/p>\n\n<p>Somos flexibles en el dia de llegada pero hay un min de 3 noches de estancia. Si llegas a Corralejo y no nos encuentras ll\u00e1manos y te recogeremos. Tambi\u00e9n te podemos ayudar en alquiler de bicis una vez aqu\u00ed.<\/p>\n\n<div class=\"wp-block-group alignfull\"><div class=\"wp-block-group__inner-container is-layout-flow wp-block-group-is-layout-flow\">\n<h2 class=\"has-text-align-left wp-block-heading\">Instalaciones<\/h2>\n\n\n\n<ul class=\"is-style-tw-inline wp-block-list\"><li>Desayuno<\/li><li>solo alojamiento<\/li><li>Wi-Fi<\/li><li>Toallas y ropa de cama incluida<\/li><li>limpieza de la casa<\/li><li>Terraza<\/li><li>Microondas, hervidor, tostadora, secadores de pelo, lavadora<\/li><li>Placa y horno<\/li><li>Nevera<\/li><li>Aparcamiento en la calle<\/li><li>Cocina equipado<\/li><li>Sabanas<\/li><li>Toallas<\/li><\/ul>\n<\/div><\/div>\n","protected":false},"excerpt":{"rendered":"<p>El albergue de surf Flag Beach Sol y Mar es el albergue original considerado como el albergue de surf con la mejor relaci\u00f3n calidad-precio de Fuerteventura, un lugar ideal para viajeros individuales o grupos de surfistas. Reserve su estancia ahora (estancia m\u00ednima de 3 noches) Nuestro hostal Sol y Mar es el mejor hostal calidad-precio&hellip; <a class=\"more-link\" href=\"https:\/\/www.flagbeach.com\/es\/alojamiento\/sol-y-mar-surf-camp\/\">Seguir leyendo <span class=\"screen-reader-text\">Sol y Mar surf camp<\/span><\/a><\/p>\n","protected":false},"author":1,"featured_media":0,"parent":1835,"menu_order":0,"comment_status":"closed","ping_status":"closed","template":"tw-header-transparent.php","meta":{"footnotes":""},"class_list":["post-1859","page","type-page","status-publish","hentry","entry"],"_links":{"self":[{"href":"https:\/\/www.flagbeach.com\/es\/wp-json\/wp\/v2\/pages\/1859","targetHints":{"allow":["GET"]}}],"collection":[{"href":"https:\/\/www.flagbeach.com\/es\/wp-json\/wp\/v2\/pages"}],"about":[{"href":"https:\/\/www.flagbeach.com\/es\/wp-json\/wp\/v2\/types\/page"}],"author":[{"embeddable":true,"href":"https:\/\/www.flagbeach.com\/es\/wp-json\/wp\/v2\/users\/1"}],"replies":[{"embeddable":true,"href":"https:\/\/www.flagbeach.com\/es\/wp-json\/wp\/v2\/comments?post=1859"}],"version-history":[{"count":3,"href":"https:\/\/www.flagbeach.com\/es\/wp-json\/wp\/v2\/pages\/1859\/revisions"}],"predecessor-version":[{"id":2040,"href":"https:\/\/www.flagbeach.com\/es\/wp-json\/wp\/v2\/pages\/1859\/revisions\/2040"}],"up":[{"embeddable":true,"href":"https:\/\/www.flagbeach.com\/es\/wp-json\/wp\/v2\/pages\/1835"}],"wp:attachment":[{"href":"https:\/\/www.flagbeach.com\/es\/wp-json\/wp\/v2\/media?parent=1859"}],"curies":[{"name":"wp","href":"https:\/\/api.w.org\/{rel}","templated":true}]}}