{"id":1849,"date":"2021-03-26T09:23:47","date_gmt":"2021-03-26T09:23:47","guid":{"rendered":"https:\/\/flagbeach.com\/alojamiento\/monte-rojo\/"},"modified":"2025-12-15T23:03:55","modified_gmt":"2025-12-15T23:03:55","slug":"monte-rojo","status":"publish","type":"page","link":"https:\/\/www.flagbeach.com\/es\/alojamiento\/monte-rojo\/","title":{"rendered":"Monte Rojo"},"content":{"rendered":"\n<div class=\"wp-block-cover alignfull has-custom-content-position is-position-top-left\" style=\"min-height:30vw;aspect-ratio:unset;\"><span aria-hidden=\"true\" class=\"wp-block-cover__background has-background-dim-100 has-background-dim wp-block-cover__gradient-background has-background-gradient\" style=\"background:linear-gradient(180deg,rgb(20,62,94) 0%,rgba(255,255,255,0) 48%,rgba(20,61,93,0) 67%,rgb(20,62,94) 100%)\"><\/span><img loading=\"lazy\" decoding=\"async\" width=\"1600\" height=\"600\" sizes=\"auto, (max-width: 799px) 200vw, (max-width: 1600px) 100vw, 1600px\" class=\"wp-block-cover__image-background wp-image-779\" alt=\"\" src=\"https:\/\/www.flagbeach.com\/wp-content\/uploads\/2021\/02\/accomodation-detail.jpg\" style=\"object-position:50% 0%\" data-object-fit=\"cover\" data-object-position=\"50% 0%\" srcset=\"https:\/\/www.flagbeach.com\/wp-content\/uploads\/2021\/02\/accomodation-detail.jpg 1600w, https:\/\/www.flagbeach.com\/wp-content\/uploads\/2021\/02\/accomodation-detail-300x113.jpg 300w, https:\/\/www.flagbeach.com\/wp-content\/uploads\/2021\/02\/accomodation-detail-1024x384.jpg 1024w, https:\/\/www.flagbeach.com\/wp-content\/uploads\/2021\/02\/accomodation-detail-768x288.jpg 768w, https:\/\/www.flagbeach.com\/wp-content\/uploads\/2021\/02\/accomodation-detail-1536x576.jpg 1536w, https:\/\/www.flagbeach.com\/wp-content\/uploads\/2021\/02\/accomodation-detail-1568x588.jpg 1568w\" \/><div class=\"wp-block-cover__inner-container is-layout-flow wp-block-cover-is-layout-flow\">\n<h1 class=\"wp-block-heading has-text-align-left has-subtle-color has-text-color\">Monte Rojo<\/h1>\n\n\n\n<p><\/p>\n<\/div><\/div>\n\n<div class=\"wp-block-buttons is-horizontal is-content-justification-center is-layout-flex wp-container-core-buttons-is-layout-03627597 wp-block-buttons-is-layout-flex\">\n<div class=\"wp-block-button\"><a class=\"wp-block-button__link wp-element-button\" href=\"https:\/\/flagbeach.com\/book-now\/\" target=\"_blank\" rel=\"noreferrer noopener\">Reserva tu estancia en Monte Rojo ahora<\/a><\/div>\n<\/div>\n\n<div class=\"wp-block-group alignfull\"><div class=\"wp-block-group__inner-container is-layout-flow wp-block-group-is-layout-flow\">\n<div class=\"wp-block-columns alignwide are-vertically-aligned-center is-style-default tw-cols-stack-md tw-gutter-large is-layout-flex wp-container-core-columns-is-layout-d0b3c9c8 wp-block-columns-is-layout-flex\">\n<div class=\"wp-block-column is-vertically-aligned-center is-layout-flow wp-block-column-is-layout-flow\">\n<h3 class=\"wp-block-heading has-white-color has-text-color\">Casa centrica con jard\u00edn privado y parking perfecto para 4 personas.<\/h3>\n<\/div>\n\n\n\n<div class=\"wp-block-column is-vertically-aligned-center is-layout-flow wp-block-column-is-layout-flow\">\n<div class=\"wp-block-getwid-images-slider has-arrows-inside has-dots-inside has-images-center has-cropped-images\"><div class=\"wp-block-getwid-images-slider__wrapper\" data-effect=\"slide\" data-slides-show=\"1\" data-slides-show-laptop=\"1\" data-slides-show-tablet=\"1\" data-slides-show-mobile=\"1\" data-slides-scroll=\"1\" data-autoplay=\"false\" data-autoplay-speed=\"6000\" data-infinite=\"true\" data-animation-speed=\"800\" data-center-mode=\"false\" data-variable-width=\"false\" data-arrows=\"inside\" data-dots=\"inside\" data-spacing=\"none\"><div class=\"wp-block-getwid-images-slider__item\"><figure><img loading=\"lazy\" decoding=\"async\" width=\"640\" height=\"440\" src=\"https:\/\/www.flagbeach.com\/wp-content\/uploads\/2021\/02\/2019-1119_044709.jpeg\" alt=\"Alojamiento en Monte Rojo, Fuerteventura\" data-id=\"800\" data-link=\"https:\/\/flagbeach.com\/accommodation\/2019-1119_044709\/\" data-original-link=\"https:\/\/www.flagbeach.com\/wp-content\/uploads\/2021\/02\/2019-1119_044709.jpeg\" class=\"wp-block-getwid-images-slider__image wp-image-800\" srcset=\"https:\/\/www.flagbeach.com\/wp-content\/uploads\/2021\/02\/2019-1119_044709.jpeg 640w, https:\/\/www.flagbeach.com\/wp-content\/uploads\/2021\/02\/2019-1119_044709-300x206.jpeg 300w\" sizes=\"auto, (max-width: 640px) 100vw, 640px\" \/><\/figure><\/div><div class=\"wp-block-getwid-images-slider__item\"><figure><img loading=\"lazy\" decoding=\"async\" width=\"640\" height=\"440\" src=\"https:\/\/www.flagbeach.com\/wp-content\/uploads\/2021\/02\/2019-1119_044806.jpeg\" alt=\"Alojamiento en Monte Rojo, Fuerteventura\" data-id=\"1084\" data-link=\"https:\/\/flagbeach.com\/?attachment_id=1084\" data-original-link=\"https:\/\/www.flagbeach.com\/wp-content\/uploads\/2021\/02\/2019-1119_044806.jpeg\" class=\"wp-block-getwid-images-slider__image wp-image-1084\" srcset=\"https:\/\/www.flagbeach.com\/wp-content\/uploads\/2021\/02\/2019-1119_044806.jpeg 640w, https:\/\/www.flagbeach.com\/wp-content\/uploads\/2021\/02\/2019-1119_044806-300x206.jpeg 300w\" sizes=\"auto, (max-width: 640px) 100vw, 640px\" \/><\/figure><\/div><div class=\"wp-block-getwid-images-slider__item\"><figure><img loading=\"lazy\" decoding=\"async\" width=\"640\" height=\"440\" src=\"https:\/\/www.flagbeach.com\/wp-content\/uploads\/2021\/02\/2019-1119_044914.jpeg\" alt=\"Alojamiento en Monte Rojo, Fuerteventura\" data-id=\"1081\" data-link=\"https:\/\/flagbeach.com\/?attachment_id=1081\" data-original-link=\"https:\/\/www.flagbeach.com\/wp-content\/uploads\/2021\/02\/2019-1119_044914.jpeg\" class=\"wp-block-getwid-images-slider__image wp-image-1081\" srcset=\"https:\/\/www.flagbeach.com\/wp-content\/uploads\/2021\/02\/2019-1119_044914.jpeg 640w, https:\/\/www.flagbeach.com\/wp-content\/uploads\/2021\/02\/2019-1119_044914-300x206.jpeg 300w\" sizes=\"auto, (max-width: 640px) 100vw, 640px\" \/><\/figure><\/div><div class=\"wp-block-getwid-images-slider__item\"><figure><img loading=\"lazy\" decoding=\"async\" width=\"640\" height=\"440\" src=\"https:\/\/www.flagbeach.com\/wp-content\/uploads\/2021\/02\/2019-1119_045228.jpeg\" data-id=\"1078\" data-link=\"https:\/\/flagbeach.com\/?attachment_id=1078\" data-original-link=\"https:\/\/www.flagbeach.com\/wp-content\/uploads\/2021\/02\/2019-1119_045228.jpeg\" class=\"wp-block-getwid-images-slider__image wp-image-1078\" srcset=\"https:\/\/www.flagbeach.com\/wp-content\/uploads\/2021\/02\/2019-1119_045228.jpeg 640w, https:\/\/www.flagbeach.com\/wp-content\/uploads\/2021\/02\/2019-1119_045228-300x206.jpeg 300w\" sizes=\"auto, (max-width: 640px) 100vw, 640px\" \/><\/figure><\/div><div class=\"wp-block-getwid-images-slider__item\"><figure><img loading=\"lazy\" decoding=\"async\" width=\"640\" height=\"440\" src=\"https:\/\/www.flagbeach.com\/wp-content\/uploads\/2021\/02\/2019-1119_045253.jpeg\" data-id=\"1075\" data-link=\"https:\/\/flagbeach.com\/?attachment_id=1075\" data-original-link=\"https:\/\/www.flagbeach.com\/wp-content\/uploads\/2021\/02\/2019-1119_045253.jpeg\" class=\"wp-block-getwid-images-slider__image wp-image-1075\" srcset=\"https:\/\/www.flagbeach.com\/wp-content\/uploads\/2021\/02\/2019-1119_045253.jpeg 640w, https:\/\/www.flagbeach.com\/wp-content\/uploads\/2021\/02\/2019-1119_045253-300x206.jpeg 300w\" sizes=\"auto, (max-width: 640px) 100vw, 640px\" \/><\/figure><\/div><div class=\"wp-block-getwid-images-slider__item\"><figure><img loading=\"lazy\" decoding=\"async\" width=\"640\" height=\"440\" src=\"https:\/\/www.flagbeach.com\/wp-content\/uploads\/2021\/02\/2019-1119_045313.jpeg\" data-id=\"1072\" data-link=\"https:\/\/flagbeach.com\/?attachment_id=1072\" data-original-link=\"https:\/\/www.flagbeach.com\/wp-content\/uploads\/2021\/02\/2019-1119_045313.jpeg\" class=\"wp-block-getwid-images-slider__image wp-image-1072\" srcset=\"https:\/\/www.flagbeach.com\/wp-content\/uploads\/2021\/02\/2019-1119_045313.jpeg 640w, https:\/\/www.flagbeach.com\/wp-content\/uploads\/2021\/02\/2019-1119_045313-300x206.jpeg 300w\" sizes=\"auto, (max-width: 640px) 100vw, 640px\" \/><\/figure><\/div><div class=\"wp-block-getwid-images-slider__item\"><figure><img loading=\"lazy\" decoding=\"async\" width=\"640\" height=\"440\" src=\"https:\/\/www.flagbeach.com\/wp-content\/uploads\/2021\/02\/2019-1119_045357.jpeg\" data-id=\"1069\" data-link=\"https:\/\/flagbeach.com\/?attachment_id=1069\" data-original-link=\"https:\/\/www.flagbeach.com\/wp-content\/uploads\/2021\/02\/2019-1119_045357.jpeg\" class=\"wp-block-getwid-images-slider__image wp-image-1069\" srcset=\"https:\/\/www.flagbeach.com\/wp-content\/uploads\/2021\/02\/2019-1119_045357.jpeg 640w, https:\/\/www.flagbeach.com\/wp-content\/uploads\/2021\/02\/2019-1119_045357-300x206.jpeg 300w\" sizes=\"auto, (max-width: 640px) 100vw, 640px\" \/><\/figure><\/div><div class=\"wp-block-getwid-images-slider__item\"><figure><img loading=\"lazy\" decoding=\"async\" width=\"640\" height=\"440\" src=\"https:\/\/www.flagbeach.com\/wp-content\/uploads\/2021\/02\/2019-1121_125120.jpeg\" data-id=\"1066\" data-link=\"https:\/\/flagbeach.com\/?attachment_id=1066\" data-original-link=\"https:\/\/www.flagbeach.com\/wp-content\/uploads\/2021\/02\/2019-1121_125120.jpeg\" class=\"wp-block-getwid-images-slider__image wp-image-1066\" srcset=\"https:\/\/www.flagbeach.com\/wp-content\/uploads\/2021\/02\/2019-1121_125120.jpeg 640w, https:\/\/www.flagbeach.com\/wp-content\/uploads\/2021\/02\/2019-1121_125120-300x206.jpeg 300w\" sizes=\"auto, (max-width: 640px) 100vw, 640px\" \/><\/figure><\/div><div class=\"wp-block-getwid-images-slider__item\"><figure><img loading=\"lazy\" decoding=\"async\" width=\"640\" height=\"440\" src=\"https:\/\/www.flagbeach.com\/wp-content\/uploads\/2021\/02\/2019-1121_125153.jpeg\" alt=\"Alojamiento en Monte Rojo, Fuerteventura\" data-id=\"1063\" data-link=\"https:\/\/flagbeach.com\/?attachment_id=1063\" data-original-link=\"https:\/\/www.flagbeach.com\/wp-content\/uploads\/2021\/02\/2019-1121_125153.jpeg\" class=\"wp-block-getwid-images-slider__image wp-image-1063\" srcset=\"https:\/\/www.flagbeach.com\/wp-content\/uploads\/2021\/02\/2019-1121_125153.jpeg 640w, https:\/\/www.flagbeach.com\/wp-content\/uploads\/2021\/02\/2019-1121_125153-300x206.jpeg 300w\" sizes=\"auto, (max-width: 640px) 100vw, 640px\" \/><\/figure><\/div><div class=\"wp-block-getwid-images-slider__item\"><figure><img loading=\"lazy\" decoding=\"async\" width=\"640\" height=\"440\" src=\"https:\/\/www.flagbeach.com\/wp-content\/uploads\/2021\/02\/2019-1121_125323.jpeg\" alt=\"Alojamiento en Monte Rojo, Fuerteventura\" data-id=\"1060\" data-link=\"https:\/\/flagbeach.com\/?attachment_id=1060\" data-original-link=\"https:\/\/www.flagbeach.com\/wp-content\/uploads\/2021\/02\/2019-1121_125323.jpeg\" class=\"wp-block-getwid-images-slider__image wp-image-1060\" srcset=\"https:\/\/www.flagbeach.com\/wp-content\/uploads\/2021\/02\/2019-1121_125323.jpeg 640w, https:\/\/www.flagbeach.com\/wp-content\/uploads\/2021\/02\/2019-1121_125323-300x206.jpeg 300w\" sizes=\"auto, (max-width: 640px) 100vw, 640px\" \/><\/figure><\/div><\/div><\/div>\n<\/div>\n<\/div>\n<\/div><\/div>\n\n<p>Esta casa esta muy cerca a la calle principal y tiene una ubicaci\u00f3n muy centrica en Corralejo pero esta en una zona tranquila. La casa esta rodeada por un jard\u00edn y tiene parking privado. Tiene 2 dormitorios dobles, bano con ducha, cocina completa, salon\/comedor y WIFI y TV con terraza. la casa tiene much\u00edsimo car\u00e1cter.<\/p>\n\n<h3 class=\"wp-block-heading\">Precios<\/h3>\n\n<div class=\"wp-block-group alignfull\"><div class=\"wp-block-group__inner-container is-layout-flow wp-block-group-is-layout-flow\">\n<figure class=\"wp-block-table tw-row-valign-top is-style-tw-border-h\"><table><tbody><tr><td>2 personas<\/td><td class=\"has-text-align-right\" data-align=\"right\"> desde \u20ac100\/noche<\/td><\/tr><tr><td>3 personas<\/td><td class=\"has-text-align-right\" data-align=\"right\">desde \u20ac110\/ noche<\/td><\/tr><tr><td>4 personas<\/td><td class=\"has-text-align-right\" data-align=\"right\">desde \u20ac120\/ noche<\/td><\/tr><\/tbody><\/table><\/figure>\n<\/div><\/div>\n\n<div class=\"wp-block-buttons is-horizontal is-content-justification-center is-layout-flex wp-container-core-buttons-is-layout-03627597 wp-block-buttons-is-layout-flex\">\n<div class=\"wp-block-button\"><a class=\"wp-block-button__link wp-element-button\" href=\"https:\/\/flagbeach.com\/book-now\/\" target=\"_blank\" rel=\"noreferrer noopener\">Reserva tu estancia en Monte Rojo ahora<\/a><\/div>\n<\/div>\n\n<div class=\"wp-block-group alignfull\"><div class=\"wp-block-group__inner-container is-layout-flow wp-block-group-is-layout-flow\">\n<h2 class=\"wp-block-heading has-text-align-left\">Instalaciones<\/h2>\n\n\n\n<ul class=\"is-style-tw-inline wp-block-list\">\n<li>Television<\/li>\n\n\n\n<li>solo alojamiento<\/li>\n\n\n\n<li>Wi-Fi<\/li>\n\n\n\n<li>Toallas y ropa de cama incluida<\/li>\n\n\n\n<li>Lavadora<\/li>\n\n\n\n<li>Microondas, hervidor, tostadora, secadores de pelo, lavadora<\/li>\n\n\n\n<li>Barbacoa<\/li>\n\n\n\n<li>parking<\/li>\n\n\n\n<li>Nevera<\/li>\n\n\n\n<li>Plancha<\/li>\n\n\n\n<li>Cocina equipado<\/li>\n\n\n\n<li>Sabanas<\/li>\n\n\n\n<li>Toallas<\/li>\n<\/ul>\n<\/div><\/div>\n","protected":false},"excerpt":{"rendered":"<p>Casa centrica con jard\u00edn privado y parking perfecto para 4 personas. Esta casa esta muy cerca a la calle principal y tiene una ubicaci\u00f3n muy centrica en Corralejo pero esta en una zona tranquila. La casa esta rodeada por un jard\u00edn y tiene parking privado. Tiene 2 dormitorios dobles, bano con ducha, cocina completa, salon\/comedor&hellip; <a class=\"more-link\" href=\"https:\/\/www.flagbeach.com\/es\/alojamiento\/monte-rojo\/\">Seguir leyendo <span class=\"screen-reader-text\">Monte Rojo<\/span><\/a><\/p>\n","protected":false},"author":1,"featured_media":0,"parent":1835,"menu_order":0,"comment_status":"closed","ping_status":"closed","template":"tw-header-transparent.php","meta":{"footnotes":""},"class_list":["post-1849","page","type-page","status-publish","hentry","entry"],"_links":{"self":[{"href":"https:\/\/www.flagbeach.com\/es\/wp-json\/wp\/v2\/pages\/1849","targetHints":{"allow":["GET"]}}],"collection":[{"href":"https:\/\/www.flagbeach.com\/es\/wp-json\/wp\/v2\/pages"}],"about":[{"href":"https:\/\/www.flagbeach.com\/es\/wp-json\/wp\/v2\/types\/page"}],"author":[{"embeddable":true,"href":"https:\/\/www.flagbeach.com\/es\/wp-json\/wp\/v2\/users\/1"}],"replies":[{"embeddable":true,"href":"https:\/\/www.flagbeach.com\/es\/wp-json\/wp\/v2\/comments?post=1849"}],"version-history":[{"count":10,"href":"https:\/\/www.flagbeach.com\/es\/wp-json\/wp\/v2\/pages\/1849\/revisions"}],"predecessor-version":[{"id":13668,"href":"https:\/\/www.flagbeach.com\/es\/wp-json\/wp\/v2\/pages\/1849\/revisions\/13668"}],"up":[{"embeddable":true,"href":"https:\/\/www.flagbeach.com\/es\/wp-json\/wp\/v2\/pages\/1835"}],"wp:attachment":[{"href":"https:\/\/www.flagbeach.com\/es\/wp-json\/wp\/v2\/media?parent=1849"}],"curies":[{"name":"wp","href":"https:\/\/api.w.org\/{rel}","templated":true}]}}