{"id":1835,"date":"2021-03-25T15:24:06","date_gmt":"2021-03-25T15:24:06","guid":{"rendered":"https:\/\/flagbeach.com\/alojamiento\/"},"modified":"2025-12-16T19:52:10","modified_gmt":"2025-12-16T19:52:10","slug":"alojamiento","status":"publish","type":"page","link":"https:\/\/www.flagbeach.com\/es\/alojamiento\/","title":{"rendered":"Alojamiento"},"content":{"rendered":"\n<div class=\"wp-block-cover alignfull has-custom-content-position is-position-top-left is-light\" style=\"min-height:20vw;aspect-ratio:unset;\"><img loading=\"lazy\" decoding=\"async\" width=\"1600\" height=\"600\" sizes=\"auto, (max-width: 799px) 200vw, (max-width: 1600px) 100vw, 1600px\" class=\"wp-block-cover__image-background wp-image-779\" alt=\"\" src=\"https:\/\/www.flagbeach.com\/wp-content\/uploads\/2021\/02\/accomodation-detail.jpg\" style=\"object-position:57% 51%\" data-object-fit=\"cover\" data-object-position=\"57% 51%\" srcset=\"https:\/\/www.flagbeach.com\/wp-content\/uploads\/2021\/02\/accomodation-detail.jpg 1600w, https:\/\/www.flagbeach.com\/wp-content\/uploads\/2021\/02\/accomodation-detail-300x113.jpg 300w, https:\/\/www.flagbeach.com\/wp-content\/uploads\/2021\/02\/accomodation-detail-1024x384.jpg 1024w, https:\/\/www.flagbeach.com\/wp-content\/uploads\/2021\/02\/accomodation-detail-768x288.jpg 768w, https:\/\/www.flagbeach.com\/wp-content\/uploads\/2021\/02\/accomodation-detail-1536x576.jpg 1536w, https:\/\/www.flagbeach.com\/wp-content\/uploads\/2021\/02\/accomodation-detail-1568x588.jpg 1568w\" \/><span aria-hidden=\"true\" class=\"wp-block-cover__background has-background-dim-100 has-background-dim wp-block-cover__gradient-background has-background-gradient\" style=\"background:linear-gradient(180deg,rgb(20,62,94) 0%,rgba(255,255,255,0) 48%,rgba(20,61,93,0) 67%,rgb(20,62,94) 100%)\"><\/span><div class=\"wp-block-cover__inner-container is-layout-flow wp-block-cover-is-layout-flow\">\n<h1 class=\"wp-block-heading has-text-align-left has-subtle-color has-text-color\"><span class=\"has-inline-color has-white-color\">Alojamiento<\/span><\/h1>\n<\/div><\/div>\n\n<div class=\"wp-block-group alignfull\"><div class=\"wp-block-group__inner-container is-layout-flow wp-block-group-is-layout-flow\">\n<h2 class=\"wp-block-heading\">Buscas un alojamiento en Fuerteventura?<\/h2>\n\n\n\n<p>No importa si quieres disfrutar de un hotel o conocer otros apasionados del mar en nuestros hostales o apartamentos, te tenemos cubierto. Reserva tu alojamiento en la isla con nosotros para estar seguro que estar\u00e1s cerca de la playa.<\/p>\n\n\n\n<p>Aqu\u00ed nuestros alojamientos:<\/p>\n\n\n\n<div class=\"wp-block-group alignfull is-style-default\"><div class=\"wp-block-group__inner-container is-layout-flow wp-block-group-is-layout-flow\">\n<div class=\"wp-block-columns alignwide tw-justify-center tw-gutter-large has-text-align-center is-layout-flex wp-container-core-columns-is-layout-d0b3c9c8 wp-block-columns-is-layout-flex\">\n<div class=\"wp-block-column tw-lg-hidden tw-md-hidden tw-sm-hidden is-layout-flow wp-block-column-is-layout-flow\"><div class=\"wp-block-image\">\n<figure class=\"aligncenter size-large\"><img loading=\"lazy\" decoding=\"async\" width=\"640\" height=\"440\" src=\"https:\/\/www.flagbeach.com\/wp-content\/uploads\/2021\/02\/2018-0109_035617.jpeg\" alt=\"Alojamiento en el campamento de surf Sol y Mar en Fuerteventura\" class=\"wp-image-628\" srcset=\"https:\/\/www.flagbeach.com\/wp-content\/uploads\/2021\/02\/2018-0109_035617.jpeg 640w, https:\/\/www.flagbeach.com\/wp-content\/uploads\/2021\/02\/2018-0109_035617-300x206.jpeg 300w\" sizes=\"auto, (max-width: 640px) 100vw, 640px\" \/><\/figure>\n<\/div>\n\n\n<h3 class=\"wp-block-heading tw-mb-2 has-large-font-size\">Sol y Mar<\/h3>\n\n\n\n<p class=\"has-small-font-size\"><strong>4km de Flag Beach<\/strong><\/p>\n\n\n\n<p>El albergue de surf Flag Beach Sol y Mar es el albergue original considerado como el albergue de surf con la mejor relaci\u00f3n calidad-precio de Fuerteventura, un lugar ideal para viajeros individuales o grupos de surfistas.<\/p>\n\n\n\n<div class=\"wp-block-buttons is-horizontal is-content-justification-center is-layout-flex wp-container-core-buttons-is-layout-03627597 wp-block-buttons-is-layout-flex\">\n<div class=\"wp-block-button\"><a class=\"wp-block-button__link wp-element-button\" href=\"https:\/\/flagbeach.com\/accommodation\/sol-y-mar\/\">Vea Sol y Mar<\/a><\/div>\n<\/div>\n<\/div>\n\n\n\n<div class=\"wp-block-column is-layout-flow wp-block-column-is-layout-flow\"><div class=\"wp-block-image\">\n<figure class=\"aligncenter size-large\"><img loading=\"lazy\" decoding=\"async\" width=\"640\" height=\"440\" src=\"https:\/\/www.flagbeach.com\/wp-content\/uploads\/2021\/02\/2018-0109_045559.jpeg\" alt=\"Villa Timfay Fuerteventura\" class=\"wp-image-794\" srcset=\"https:\/\/www.flagbeach.com\/wp-content\/uploads\/2021\/02\/2018-0109_045559.jpeg 640w, https:\/\/www.flagbeach.com\/wp-content\/uploads\/2021\/02\/2018-0109_045559-300x206.jpeg 300w\" sizes=\"auto, (max-width: 640px) 100vw, 640px\" \/><\/figure>\n<\/div>\n\n\n<h3 class=\"wp-block-heading tw-mb-2 has-large-font-size\">Villa Timfay<\/h3>\n\n\n\n<p class=\"has-small-font-size\"><strong><strong>4km de Flag Beach<\/strong><\/strong><\/p>\n\n\n\n<p>Ubicaci\u00f3n MUY centrica en Corralejo, Villa Timfay es una casa en regimen de self catering para max 8 personas. Tiene aparcamiento privado, jard\u00edn grande y zona de barbacoa.<\/p>\n\n\n\n<div class=\"wp-block-buttons is-horizontal is-content-justification-center is-layout-flex wp-container-core-buttons-is-layout-03627597 wp-block-buttons-is-layout-flex\">\n<div class=\"wp-block-button\"><a class=\"wp-block-button__link wp-element-button\" href=\"https:\/\/flagbeach.com\/accommodation\/villa-timfay\/\">Mira Villa Timfay<\/a><\/div>\n<\/div>\n<\/div>\n\n\n\n<div class=\"wp-block-column is-layout-flow wp-block-column-is-layout-flow\"><div class=\"wp-block-image\">\n<figure class=\"aligncenter size-large\"><img loading=\"lazy\" decoding=\"async\" width=\"640\" height=\"440\" src=\"https:\/\/www.flagbeach.com\/wp-content\/uploads\/2021\/02\/2018-0226_100220.jpeg\" alt=\"Las Tinajas Fuerteventura\" class=\"wp-image-797\" srcset=\"https:\/\/www.flagbeach.com\/wp-content\/uploads\/2021\/02\/2018-0226_100220.jpeg 640w, https:\/\/www.flagbeach.com\/wp-content\/uploads\/2021\/02\/2018-0226_100220-300x206.jpeg 300w\" sizes=\"auto, (max-width: 640px) 100vw, 640px\" \/><\/figure>\n<\/div>\n\n\n<h3 class=\"wp-block-heading tw-mb-2 has-large-font-size\">Las Tinajas<\/h3>\n\n\n\n<p class=\"has-small-font-size\"><strong><strong>2km a Flag Beach<\/strong><\/strong><\/p>\n\n\n\n<p>Buscas una villa en Fuerteventura? Las Tinajas es una casa de 4 dormitorios con una gran piscina compartida y cerca al centro de Corralejo.<\/p>\n\n\n\n<div class=\"wp-block-buttons is-horizontal is-content-justification-center is-layout-flex wp-container-core-buttons-is-layout-03627597 wp-block-buttons-is-layout-flex\">\n<div class=\"wp-block-button\"><a class=\"wp-block-button__link wp-element-button\" href=\"https:\/\/flagbeach.com\/accommodation\/las-tinajas\/\">Mira Las Tinajas<\/a><\/div>\n<\/div>\n<\/div>\n<\/div>\n\n\n\n<div class=\"wp-block-columns alignwide tw-justify-center tw-gutter-large has-text-align-center is-layout-flex wp-container-core-columns-is-layout-d0b3c9c8 wp-block-columns-is-layout-flex\">\n<div class=\"wp-block-column is-layout-flow wp-block-column-is-layout-flow\"><div class=\"wp-block-image\">\n<figure class=\"aligncenter size-large\"><img loading=\"lazy\" decoding=\"async\" width=\"640\" height=\"440\" src=\"https:\/\/www.flagbeach.com\/wp-content\/uploads\/2021\/02\/2018-0109_035729.jpeg\" alt=\"Alojamiento Surfer's Retreat en Fuerteventura\" class=\"wp-image-791\" srcset=\"https:\/\/www.flagbeach.com\/wp-content\/uploads\/2021\/02\/2018-0109_035729.jpeg 640w, https:\/\/www.flagbeach.com\/wp-content\/uploads\/2021\/02\/2018-0109_035729-300x206.jpeg 300w\" sizes=\"auto, (max-width: 640px) 100vw, 640px\" \/><\/figure>\n<\/div>\n\n\n<h3 class=\"wp-block-heading tw-mb-2 has-large-font-size\">Surfer&#8217;s Retreat<\/h3>\n\n\n\n<p class=\"has-small-font-size\"><strong><strong>2km a Flag Beach<\/strong><\/strong><\/p>\n\n\n\n<p>El nuevo hostal de Flag Beach en Corralejo con un toque extra..<\/p>\n\n\n\n<div class=\"wp-block-buttons is-horizontal is-content-justification-center is-layout-flex wp-container-core-buttons-is-layout-03627597 wp-block-buttons-is-layout-flex\">\n<div class=\"wp-block-button\"><a class=\"wp-block-button__link wp-element-button\" href=\"https:\/\/flagbeach.com\/accommodation\/surfers-retreat\/\">Mira Surfer&#8217;s Retreat<\/a><\/div>\n<\/div>\n<\/div>\n\n\n\n<div class=\"wp-block-column is-layout-flow wp-block-column-is-layout-flow\"><div class=\"wp-block-image\">\n<figure class=\"aligncenter size-large\"><img loading=\"lazy\" decoding=\"async\" width=\"640\" height=\"440\" src=\"https:\/\/www.flagbeach.com\/wp-content\/uploads\/2021\/02\/2019-1119_044709.jpeg\" alt=\"Alojamiento en Monte Rojo, Fuerteventura\" class=\"wp-image-800\" srcset=\"https:\/\/www.flagbeach.com\/wp-content\/uploads\/2021\/02\/2019-1119_044709.jpeg 640w, https:\/\/www.flagbeach.com\/wp-content\/uploads\/2021\/02\/2019-1119_044709-300x206.jpeg 300w\" sizes=\"auto, (max-width: 640px) 100vw, 640px\" \/><\/figure>\n<\/div>\n\n\n<h3 class=\"wp-block-heading tw-mb-2 has-large-font-size\">Monte Rojo<\/h3>\n\n\n\n<p class=\"has-small-font-size\"><strong><strong><strong>4km de Flag Beach<\/strong><\/strong><\/strong><\/p>\n\n\n\n<p>Casa centrica con jard\u00edn privado y parking perfecto para 4 personas.<\/p>\n\n\n\n<div class=\"wp-block-buttons is-horizontal is-content-justification-center is-layout-flex wp-container-core-buttons-is-layout-03627597 wp-block-buttons-is-layout-flex\">\n<div class=\"wp-block-button\"><a class=\"wp-block-button__link wp-element-button\" href=\"https:\/\/flagbeach.com\/accommodation\/monte-rojo\/\">Mira Monte Rojo<\/a><\/div>\n<\/div>\n<\/div>\n\n\n\n<div class=\"wp-block-column is-layout-flow wp-block-column-is-layout-flow\"><div class=\"wp-block-image\">\n<figure class=\"aligncenter size-large\"><img loading=\"lazy\" decoding=\"async\" width=\"640\" height=\"440\" src=\"https:\/\/www.flagbeach.com\/wp-content\/uploads\/2021\/03\/arena-blanca.jpg\" alt=\"Arena Blanca\" class=\"wp-image-1918\" srcset=\"https:\/\/www.flagbeach.com\/wp-content\/uploads\/2021\/03\/arena-blanca.jpg 640w, https:\/\/www.flagbeach.com\/wp-content\/uploads\/2021\/03\/arena-blanca-300x206.jpg 300w\" sizes=\"auto, (max-width: 640px) 100vw, 640px\" \/><\/figure>\n<\/div>\n\n\n<h3 class=\"wp-block-heading tw-mb-2 has-large-font-size\">Arena Blanca<\/h3>\n\n\n\n<p class=\"has-small-font-size\"><strong><strong>3km de Flag Beach<\/strong><\/strong><\/p>\n\n\n\n<p>Villa de 3 dormitorios con capacidad para 6 personas, piscina privada y opci\u00f3n para grupos m\u00e1s grandes (m\u00e1ximo). 12.<\/p>\n\n\n\n<div class=\"wp-block-buttons is-horizontal is-content-justification-center is-layout-flex wp-container-core-buttons-is-layout-03627597 wp-block-buttons-is-layout-flex\">\n<div class=\"wp-block-button\"><a class=\"wp-block-button__link wp-element-button\" href=\"https:\/\/flagbeach.com\/accommodation\/arena-blanca\/\">Mira Arena Blanca<\/a><\/div>\n<\/div>\n<\/div>\n<\/div>\n<\/div><\/div>\n\n\n\n<div class=\"wp-block-columns alignwide tw-justify-center tw-gutter-large has-text-align-center is-layout-flex wp-container-core-columns-is-layout-d0b3c9c8 wp-block-columns-is-layout-flex\">\n<div class=\"wp-block-column is-layout-flow wp-block-column-is-layout-flow\" style=\"--col-width:30%;padding-top:0px;padding-right:0px;padding-bottom:0px;padding-left:0px;flex-basis:30%\"><div class=\"wp-block-image\">\n<figure class=\"aligncenter size-large\"><img loading=\"lazy\" decoding=\"async\" width=\"1024\" height=\"689\" src=\"https:\/\/www.flagbeach.com\/wp-content\/uploads\/2022\/05\/DSC01659-1024x689.jpg\" alt=\"\" class=\"wp-image-3109\" srcset=\"https:\/\/www.flagbeach.com\/wp-content\/uploads\/2022\/05\/DSC01659-1024x689.jpg 1024w, https:\/\/www.flagbeach.com\/wp-content\/uploads\/2022\/05\/DSC01659-300x202.jpg 300w, https:\/\/www.flagbeach.com\/wp-content\/uploads\/2022\/05\/DSC01659-768x517.jpg 768w, https:\/\/www.flagbeach.com\/wp-content\/uploads\/2022\/05\/DSC01659-1536x1033.jpg 1536w, https:\/\/www.flagbeach.com\/wp-content\/uploads\/2022\/05\/DSC01659-2048x1378.jpg 2048w, https:\/\/www.flagbeach.com\/wp-content\/uploads\/2022\/05\/DSC01659-1568x1055.jpg 1568w\" sizes=\"auto, (max-width: 1024px) 100vw, 1024px\" \/><\/figure>\n<\/div>\n\n\n<h3 class=\"wp-block-heading tw-mb-2 has-large-font-size\">El Caleton<\/h3>\n\n\n\n<p class=\"has-small-font-size\"><strong><strong>22km de Flag Beach<\/strong><\/strong><\/p>\n\n\n\n<p>Apartamento de 2 dormitorios situado en primera l\u00ednea de playa en El Cotillo. Con capacidad para 4 personas. <\/p>\n\n\n\n<div class=\"wp-block-buttons is-horizontal is-content-justification-center is-layout-flex wp-container-core-buttons-is-layout-03627597 wp-block-buttons-is-layout-flex\">\n<div class=\"wp-block-button\"><a class=\"wp-block-button__link wp-element-button\" href=\"https:\/\/flagbeach.com\/accommodation\/el-caleton\/\">Mira El Caleton<\/a><\/div>\n<\/div>\n<\/div>\n<\/div>\n<\/div><\/div>\n\n<hr class=\"wp-block-separator has-css-opacity\" \/>\n\n<div class=\"wp-block-cover alignfull is-light\" style=\"min-height:282px;aspect-ratio:unset;\"><img loading=\"lazy\" decoding=\"async\" width=\"1600\" height=\"700\" sizes=\"auto, (max-width: 799px) 200vw, (max-width: 1600px) 100vw, 1600px\" class=\"wp-block-cover__image-background wp-image-14\" alt=\"\" src=\"https:\/\/www.flagbeach.com\/wp-content\/uploads\/2021\/01\/fb-hero-1600-1.jpg\" style=\"object-position:50% 21%\" data-object-fit=\"cover\" data-object-position=\"50% 21%\" srcset=\"https:\/\/www.flagbeach.com\/wp-content\/uploads\/2021\/01\/fb-hero-1600-1.jpg 1600w, https:\/\/www.flagbeach.com\/wp-content\/uploads\/2021\/01\/fb-hero-1600-1-300x131.jpg 300w, https:\/\/www.flagbeach.com\/wp-content\/uploads\/2021\/01\/fb-hero-1600-1-1024x448.jpg 1024w, https:\/\/www.flagbeach.com\/wp-content\/uploads\/2021\/01\/fb-hero-1600-1-768x336.jpg 768w, https:\/\/www.flagbeach.com\/wp-content\/uploads\/2021\/01\/fb-hero-1600-1-1536x672.jpg 1536w, https:\/\/www.flagbeach.com\/wp-content\/uploads\/2021\/01\/fb-hero-1600-1-1568x686.jpg 1568w\" \/><span aria-hidden=\"true\" class=\"wp-block-cover__background has-background-dim-0 has-background-dim\"><\/span><div class=\"wp-block-cover__inner-container is-layout-flow wp-block-cover-is-layout-flow\">\n<p class=\"has-text-align-center has-large-font-size\"><\/p>\n<\/div><\/div>\n","protected":false},"excerpt":{"rendered":"<p>Buscas un alojamiento en Fuerteventura? No importa si quieres disfrutar de un hotel o conocer otros apasionados del mar en nuestros hostales o apartamentos, te tenemos cubierto. Reserva tu alojamiento en la isla con nosotros para estar seguro que estar\u00e1s cerca de la playa. Aqu\u00ed nuestros alojamientos: Sol y Mar 4km de Flag Beach El&hellip; <a class=\"more-link\" href=\"https:\/\/www.flagbeach.com\/es\/alojamiento\/\">Seguir leyendo <span class=\"screen-reader-text\">Alojamiento<\/span><\/a><\/p>\n","protected":false},"author":1,"featured_media":0,"parent":0,"menu_order":0,"comment_status":"closed","ping_status":"closed","template":"tw-header-transparent.php","meta":{"footnotes":""},"class_list":["post-1835","page","type-page","status-publish","hentry","entry"],"_links":{"self":[{"href":"https:\/\/www.flagbeach.com\/es\/wp-json\/wp\/v2\/pages\/1835","targetHints":{"allow":["GET"]}}],"collection":[{"href":"https:\/\/www.flagbeach.com\/es\/wp-json\/wp\/v2\/pages"}],"about":[{"href":"https:\/\/www.flagbeach.com\/es\/wp-json\/wp\/v2\/types\/page"}],"author":[{"embeddable":true,"href":"https:\/\/www.flagbeach.com\/es\/wp-json\/wp\/v2\/users\/1"}],"replies":[{"embeddable":true,"href":"https:\/\/www.flagbeach.com\/es\/wp-json\/wp\/v2\/comments?post=1835"}],"version-history":[{"count":20,"href":"https:\/\/www.flagbeach.com\/es\/wp-json\/wp\/v2\/pages\/1835\/revisions"}],"predecessor-version":[{"id":13662,"href":"https:\/\/www.flagbeach.com\/es\/wp-json\/wp\/v2\/pages\/1835\/revisions\/13662"}],"wp:attachment":[{"href":"https:\/\/www.flagbeach.com\/es\/wp-json\/wp\/v2\/media?parent=1835"}],"curies":[{"name":"wp","href":"https:\/\/api.w.org\/{rel}","templated":true}]}}