{"id":1833,"date":"2021-03-25T14:57:59","date_gmt":"2021-03-25T14:57:59","guid":{"rendered":"https:\/\/flagbeach.com\/sobre-nosotros\/tu-estancia\/"},"modified":"2025-12-14T17:16:43","modified_gmt":"2025-12-14T17:16:43","slug":"tu-estancia","status":"publish","type":"page","link":"https:\/\/www.flagbeach.com\/es\/sobre-nosotros\/tu-estancia\/","title":{"rendered":"Tu estancia"},"content":{"rendered":"\n<div class=\"wp-block-cover alignfull has-parallax has-custom-content-position is-position-top-left is-light\" style=\"min-height:25vw;aspect-ratio:unset;\"><div class=\"wp-block-cover__image-background wp-image-1173 has-parallax\" style=\"background-position:50% 50%;background-image:url(https:\/\/flagbeach.com\/wp-content\/uploads\/2021\/02\/location-catamaran.jpg)\"><\/div><span aria-hidden=\"true\" class=\"wp-block-cover__background has-background-dim-100 has-background-dim wp-block-cover__gradient-background has-background-gradient\" style=\"background:linear-gradient(180deg,rgb(20,62,94) 0%,rgba(255,255,255,0) 48%,rgba(20,61,93,0) 67%,rgb(20,62,94) 100%)\"><\/span><div class=\"wp-block-cover__inner-container is-layout-flow wp-block-cover-is-layout-flow\">\n<h1 class=\"wp-block-heading has-text-align-left has-subtle-color has-text-color\"><span class=\"has-inline-color has-white-color\">Tu estancia en Fuerteventura<\/span><\/h1>\n<\/div><\/div>\n\n<h3 class=\"wp-block-heading has-normal-font-size\">Fuerteventura es el lugar ideal para unas vacaciones n\u00e1uticas. Prepara tu tabla para disfrutar de las olas y el viento en Canarias.<\/h3>\n\n<p>Hay pocos d\u00edas sin viento y olas aqu\u00ed pero aun en esos d\u00edas la isla no te defraudara.<\/p>\n\n<div class=\"wp-block-getwid-images-slider has-arrows-inside has-dots-inside has-images-center has-cropped-images alignwide\"><div class=\"wp-block-getwid-images-slider__wrapper\" data-effect=\"slide\" data-slides-show=\"1\" data-slides-show-laptop=\"1\" data-slides-show-tablet=\"1\" data-slides-show-mobile=\"1\" data-slides-scroll=\"1\" data-autoplay=\"false\" data-pause-hover=\"false\" data-autoplay-speed=\"6000\" data-infinite=\"true\" data-animation-speed=\"800\" data-center-mode=\"false\" data-variable-width=\"false\" data-arrows=\"inside\" data-dots=\"inside\" data-spacing=\"none\"><div class=\"wp-block-getwid-images-slider__item\"><figure><img loading=\"lazy\" decoding=\"async\" width=\"1440\" height=\"540\" src=\"https:\/\/www.flagbeach.com\/wp-content\/uploads\/2021\/02\/gallery-location-1_1440x540_acf_cropped.jpg\" alt=\"Vista a la playa con catamar\u00e1n\" data-id=\"1185\" data-link=\"https:\/\/flagbeach.com\/your-stay\/gallery-location-1_1440x540_acf_cropped\/\" data-original-link=\"https:\/\/www.flagbeach.com\/wp-content\/uploads\/2021\/02\/gallery-location-1_1440x540_acf_cropped.jpg\" class=\"wp-block-getwid-images-slider__image wp-image-1185\" srcset=\"https:\/\/www.flagbeach.com\/wp-content\/uploads\/2021\/02\/gallery-location-1_1440x540_acf_cropped.jpg 1440w, https:\/\/www.flagbeach.com\/wp-content\/uploads\/2021\/02\/gallery-location-1_1440x540_acf_cropped-300x113.jpg 300w, https:\/\/www.flagbeach.com\/wp-content\/uploads\/2021\/02\/gallery-location-1_1440x540_acf_cropped-1024x384.jpg 1024w, https:\/\/www.flagbeach.com\/wp-content\/uploads\/2021\/02\/gallery-location-1_1440x540_acf_cropped-768x288.jpg 768w\" sizes=\"auto, (max-width: 1440px) 100vw, 1440px\" \/><\/figure><\/div><div class=\"wp-block-getwid-images-slider__item\"><figure><img loading=\"lazy\" decoding=\"async\" width=\"1440\" height=\"540\" src=\"https:\/\/www.flagbeach.com\/wp-content\/uploads\/2021\/02\/gallery-location-3.jpg\" alt=\"Relaj\u00e1ndose en Flag Beach\" data-id=\"1158\" data-link=\"https:\/\/flagbeach.com\/your-stay\/gallery-location-3\/\" data-original-link=\"https:\/\/www.flagbeach.com\/wp-content\/uploads\/2021\/02\/gallery-location-3.jpg\" class=\"wp-block-getwid-images-slider__image wp-image-1158\" srcset=\"https:\/\/www.flagbeach.com\/wp-content\/uploads\/2021\/02\/gallery-location-3.jpg 1440w, https:\/\/www.flagbeach.com\/wp-content\/uploads\/2021\/02\/gallery-location-3-300x113.jpg 300w, https:\/\/www.flagbeach.com\/wp-content\/uploads\/2021\/02\/gallery-location-3-1024x384.jpg 1024w, https:\/\/www.flagbeach.com\/wp-content\/uploads\/2021\/02\/gallery-location-3-768x288.jpg 768w\" sizes=\"auto, (max-width: 1440px) 100vw, 1440px\" \/><\/figure><\/div><div class=\"wp-block-getwid-images-slider__item\"><figure><img loading=\"lazy\" decoding=\"async\" width=\"1440\" height=\"540\" src=\"https:\/\/www.flagbeach.com\/wp-content\/uploads\/2021\/02\/surfing-big-7-1.jpg\" alt=\"Surfista surfeando una ola\" data-id=\"1179\" data-link=\"https:\/\/flagbeach.com\/your-stay\/surfing-big-7-1\/\" data-original-link=\"https:\/\/www.flagbeach.com\/wp-content\/uploads\/2021\/02\/surfing-big-7-1.jpg\" class=\"wp-block-getwid-images-slider__image wp-image-1179\" srcset=\"https:\/\/www.flagbeach.com\/wp-content\/uploads\/2021\/02\/surfing-big-7-1.jpg 1440w, https:\/\/www.flagbeach.com\/wp-content\/uploads\/2021\/02\/surfing-big-7-1-300x113.jpg 300w, https:\/\/www.flagbeach.com\/wp-content\/uploads\/2021\/02\/surfing-big-7-1-1024x384.jpg 1024w, https:\/\/www.flagbeach.com\/wp-content\/uploads\/2021\/02\/surfing-big-7-1-768x288.jpg 768w\" sizes=\"auto, (max-width: 1440px) 100vw, 1440px\" \/><\/figure><\/div><div class=\"wp-block-getwid-images-slider__item\"><figure><img loading=\"lazy\" decoding=\"async\" width=\"1440\" height=\"540\" src=\"https:\/\/www.flagbeach.com\/wp-content\/uploads\/2021\/02\/gallery-location-5.jpg\" alt=\"Tomando una copa en Flag Beach.\" data-id=\"1164\" data-link=\"https:\/\/flagbeach.com\/your-stay\/gallery-location-5\/\" data-original-link=\"https:\/\/www.flagbeach.com\/wp-content\/uploads\/2021\/02\/gallery-location-5.jpg\" class=\"wp-block-getwid-images-slider__image wp-image-1164\" srcset=\"https:\/\/www.flagbeach.com\/wp-content\/uploads\/2021\/02\/gallery-location-5.jpg 1440w, https:\/\/www.flagbeach.com\/wp-content\/uploads\/2021\/02\/gallery-location-5-300x113.jpg 300w, https:\/\/www.flagbeach.com\/wp-content\/uploads\/2021\/02\/gallery-location-5-1024x384.jpg 1024w, https:\/\/www.flagbeach.com\/wp-content\/uploads\/2021\/02\/gallery-location-5-768x288.jpg 768w\" sizes=\"auto, (max-width: 1440px) 100vw, 1440px\" \/><\/figure><\/div><div class=\"wp-block-getwid-images-slider__item\"><figure><img loading=\"lazy\" decoding=\"async\" width=\"1440\" height=\"540\" src=\"https:\/\/www.flagbeach.com\/wp-content\/uploads\/2021\/02\/in-the-water.jpg\" alt=\"Surfista relaj\u00e1ndose entre las olas\" data-id=\"1176\" data-link=\"https:\/\/flagbeach.com\/your-stay\/in-the-water\/\" data-original-link=\"https:\/\/www.flagbeach.com\/wp-content\/uploads\/2021\/02\/in-the-water.jpg\" class=\"wp-block-getwid-images-slider__image wp-image-1176\" srcset=\"https:\/\/www.flagbeach.com\/wp-content\/uploads\/2021\/02\/in-the-water.jpg 1440w, https:\/\/www.flagbeach.com\/wp-content\/uploads\/2021\/02\/in-the-water-300x113.jpg 300w, https:\/\/www.flagbeach.com\/wp-content\/uploads\/2021\/02\/in-the-water-1024x384.jpg 1024w, https:\/\/www.flagbeach.com\/wp-content\/uploads\/2021\/02\/in-the-water-768x288.jpg 768w\" sizes=\"auto, (max-width: 1440px) 100vw, 1440px\" \/><\/figure><\/div><div class=\"wp-block-getwid-images-slider__item\"><figure><img loading=\"lazy\" decoding=\"async\" width=\"1440\" height=\"540\" src=\"https:\/\/www.flagbeach.com\/wp-content\/uploads\/2021\/02\/gallery-location-4.jpg\" alt=\"Relaj\u00e1ndose en Flag Beach\" data-id=\"1161\" data-link=\"https:\/\/flagbeach.com\/your-stay\/gallery-location-4\/\" data-original-link=\"https:\/\/www.flagbeach.com\/wp-content\/uploads\/2021\/02\/gallery-location-4.jpg\" class=\"wp-block-getwid-images-slider__image wp-image-1161\" srcset=\"https:\/\/www.flagbeach.com\/wp-content\/uploads\/2021\/02\/gallery-location-4.jpg 1440w, https:\/\/www.flagbeach.com\/wp-content\/uploads\/2021\/02\/gallery-location-4-300x113.jpg 300w, https:\/\/www.flagbeach.com\/wp-content\/uploads\/2021\/02\/gallery-location-4-1024x384.jpg 1024w, https:\/\/www.flagbeach.com\/wp-content\/uploads\/2021\/02\/gallery-location-4-768x288.jpg 768w\" sizes=\"auto, (max-width: 1440px) 100vw, 1440px\" \/><\/figure><\/div><div class=\"wp-block-getwid-images-slider__item\"><figure><img loading=\"lazy\" decoding=\"async\" width=\"1440\" height=\"540\" src=\"https:\/\/www.flagbeach.com\/wp-content\/uploads\/2021\/02\/location-hobie-cat-1.jpg\" alt=\"Hobie Cat en la playa\" data-id=\"1170\" data-link=\"https:\/\/flagbeach.com\/your-stay\/location-hobie-cat-1\/\" data-original-link=\"https:\/\/www.flagbeach.com\/wp-content\/uploads\/2021\/02\/location-hobie-cat-1.jpg\" class=\"wp-block-getwid-images-slider__image wp-image-1170\" srcset=\"https:\/\/www.flagbeach.com\/wp-content\/uploads\/2021\/02\/location-hobie-cat-1.jpg 1440w, https:\/\/www.flagbeach.com\/wp-content\/uploads\/2021\/02\/location-hobie-cat-1-300x113.jpg 300w, https:\/\/www.flagbeach.com\/wp-content\/uploads\/2021\/02\/location-hobie-cat-1-1024x384.jpg 1024w, https:\/\/www.flagbeach.com\/wp-content\/uploads\/2021\/02\/location-hobie-cat-1-768x288.jpg 768w\" sizes=\"auto, (max-width: 1440px) 100vw, 1440px\" \/><\/figure><\/div><div class=\"wp-block-getwid-images-slider__item\"><figure><img loading=\"lazy\" decoding=\"async\" width=\"1440\" height=\"540\" src=\"https:\/\/www.flagbeach.com\/wp-content\/uploads\/2021\/02\/gallery-location-2_1440x540_acf_cropped.jpg\" alt=\"Relaj\u00e1ndose en la cafeter\u00eda\" data-id=\"1182\" data-link=\"https:\/\/flagbeach.com\/your-stay\/gallery-location-2_1440x540_acf_cropped\/\" data-original-link=\"https:\/\/www.flagbeach.com\/wp-content\/uploads\/2021\/02\/gallery-location-2_1440x540_acf_cropped.jpg\" class=\"wp-block-getwid-images-slider__image wp-image-1182\" srcset=\"https:\/\/www.flagbeach.com\/wp-content\/uploads\/2021\/02\/gallery-location-2_1440x540_acf_cropped.jpg 1440w, https:\/\/www.flagbeach.com\/wp-content\/uploads\/2021\/02\/gallery-location-2_1440x540_acf_cropped-300x113.jpg 300w, https:\/\/www.flagbeach.com\/wp-content\/uploads\/2021\/02\/gallery-location-2_1440x540_acf_cropped-1024x384.jpg 1024w, https:\/\/www.flagbeach.com\/wp-content\/uploads\/2021\/02\/gallery-location-2_1440x540_acf_cropped-768x288.jpg 768w\" sizes=\"auto, (max-width: 1440px) 100vw, 1440px\" \/><\/figure><\/div><div class=\"wp-block-getwid-images-slider__item\"><figure><img loading=\"lazy\" decoding=\"async\" width=\"1440\" height=\"540\" src=\"https:\/\/www.flagbeach.com\/wp-content\/uploads\/2021\/02\/gallery-location-6.jpg\" alt=\"Surfistas caminando por Flag Beach\" data-id=\"1167\" data-link=\"https:\/\/flagbeach.com\/your-stay\/gallery-location-6\/\" data-original-link=\"https:\/\/www.flagbeach.com\/wp-content\/uploads\/2021\/02\/gallery-location-6.jpg\" class=\"wp-block-getwid-images-slider__image wp-image-1167\" srcset=\"https:\/\/www.flagbeach.com\/wp-content\/uploads\/2021\/02\/gallery-location-6.jpg 1440w, https:\/\/www.flagbeach.com\/wp-content\/uploads\/2021\/02\/gallery-location-6-300x113.jpg 300w, https:\/\/www.flagbeach.com\/wp-content\/uploads\/2021\/02\/gallery-location-6-1024x384.jpg 1024w, https:\/\/www.flagbeach.com\/wp-content\/uploads\/2021\/02\/gallery-location-6-768x288.jpg 768w\" sizes=\"auto, (max-width: 1440px) 100vw, 1440px\" \/><\/figure><\/div><\/div><\/div>\n\n<h2 class=\"wp-block-heading has-large-font-size\">Lugares para comer en Corralejo y sus alrededores.<\/h2>\n\n<p>Despu\u00e9s de un dia largo en el agua falta una comida estupenda; estos son algunas de nuestros restaurantes favoritos.<\/p>\n\n<h3 class=\"wp-block-heading\">En y alrededor de Corralejo<\/h3>\n\n<p><strong>Tapas Oscar<\/strong><br \/>En la calle La Iglesia<br \/>Especializados en excelente comida espa\u00f1ola y tapas. Reserve mesa con antelaci\u00f3n. <\/p>\n\n<p><strong>Rompeolas<\/strong><br \/>En el hotel Avanti, frente al mar.<br \/>\u00a1Excelente men\u00fa variado, pero hay que reservar con antelaci\u00f3n!<\/p>\n\n<p><strong>Sanus<\/strong><br \/>En la calle Anzuelo<br \/>Especializado en men\u00fas para cel\u00edacos, vegetarianos, veganos y diab\u00e9ticos.<\/p>\n\n<p><strong>Big Wave Pizzeria<\/strong><br \/>Cerca de la plaza de la m\u00fasica<br \/>Pizzas<\/p>\n\n<p><strong>La lonja<\/strong><br \/>En la zona del puerto<br \/>Un lugar local&#8230; No es un restaurante de lujo, pero est\u00e1 situado frente al mar y ofrece pescado muy fresco y platos locales.<\/p>\n\n<h3 class=\"wp-block-heading\">Fuera del pueblo<\/h3>\n\n<p><strong>El Horno<\/strong><br \/>Carretera principal que atraviesa Villaverde, a 10 minutos en coche de Corralejo.<br \/>Bonito restaurante de estilo local, perfecto para degustar carnes a la brasa.<\/p>\n\n<p><strong>El Moral<\/strong><br \/>Carretera General del Centro de Villaverde, 94<br \/>Restaurante muy atractivo con una carta reducida pero fresca, basada en productos locales.<\/p>\n\n<p><strong>Olivo Corso<\/strong><br \/>En el pueblo de Cotillo<br \/>Un lugar muy atractivo que ofrece comida espa\u00f1ola.<\/p>\n\n<p><strong>La Marisma<\/strong><br \/>En Cotillo, frente al mar, con magn\u00edficas vistas.<br \/>De gesti\u00f3n local y especializado en pescado.<\/p>\n","protected":false},"excerpt":{"rendered":"<p>Fuerteventura es el lugar ideal para unas vacaciones n\u00e1uticas. Prepara tu tabla para disfrutar de las olas y el viento en Canarias. Hay pocos d\u00edas sin viento y olas aqu\u00ed pero aun en esos d\u00edas la isla no te defraudara. Lugares para comer en Corralejo y sus alrededores. Despu\u00e9s de un dia largo en el&hellip; <a class=\"more-link\" href=\"https:\/\/www.flagbeach.com\/es\/sobre-nosotros\/tu-estancia\/\">Seguir leyendo <span class=\"screen-reader-text\">Tu estancia<\/span><\/a><\/p>\n","protected":false},"author":1,"featured_media":0,"parent":1827,"menu_order":0,"comment_status":"closed","ping_status":"closed","template":"tw-header-transparent.php","meta":{"footnotes":""},"class_list":["post-1833","page","type-page","status-publish","hentry","entry"],"_links":{"self":[{"href":"https:\/\/www.flagbeach.com\/es\/wp-json\/wp\/v2\/pages\/1833","targetHints":{"allow":["GET"]}}],"collection":[{"href":"https:\/\/www.flagbeach.com\/es\/wp-json\/wp\/v2\/pages"}],"about":[{"href":"https:\/\/www.flagbeach.com\/es\/wp-json\/wp\/v2\/types\/page"}],"author":[{"embeddable":true,"href":"https:\/\/www.flagbeach.com\/es\/wp-json\/wp\/v2\/users\/1"}],"replies":[{"embeddable":true,"href":"https:\/\/www.flagbeach.com\/es\/wp-json\/wp\/v2\/comments?post=1833"}],"version-history":[{"count":7,"href":"https:\/\/www.flagbeach.com\/es\/wp-json\/wp\/v2\/pages\/1833\/revisions"}],"predecessor-version":[{"id":13446,"href":"https:\/\/www.flagbeach.com\/es\/wp-json\/wp\/v2\/pages\/1833\/revisions\/13446"}],"up":[{"embeddable":true,"href":"https:\/\/www.flagbeach.com\/es\/wp-json\/wp\/v2\/pages\/1827"}],"wp:attachment":[{"href":"https:\/\/www.flagbeach.com\/es\/wp-json\/wp\/v2\/media?parent=1833"}],"curies":[{"name":"wp","href":"https:\/\/api.w.org\/{rel}","templated":true}]}}