{"id":1831,"date":"2021-03-25T13:16:29","date_gmt":"2021-03-25T13:16:29","guid":{"rendered":"https:\/\/flagbeach.com\/sobre-nosotros\/nuestro-equipo\/"},"modified":"2026-01-21T13:20:19","modified_gmt":"2026-01-21T13:20:19","slug":"nuestro-equipo","status":"publish","type":"page","link":"https:\/\/www.flagbeach.com\/es\/sobre-nosotros\/nuestro-equipo\/","title":{"rendered":"Nuestro Equipo"},"content":{"rendered":"\n<div class=\"wp-block-cover alignfull has-background-dim-100 has-background-dim has-background-gradient has-custom-content-position is-position-top-left\" style=\"min-height:30vw;aspect-ratio:unset;\"><span aria-hidden=\"true\" class=\"wp-block-cover__gradient-background\" style=\"background:linear-gradient(180deg,rgb(20,62,94) 0%,rgba(255,255,255,0) 48%,rgba(20,61,93,0) 67%,rgb(20,62,94) 100%)\"><\/span><img loading=\"lazy\" decoding=\"async\" width=\"1600\" height=\"600\" sizes=\"auto, (max-width: 799px) 200vw, (max-width: 1600px) 100vw, 1600px\" class=\"wp-block-cover__image-background wp-image-772\" alt=\"\" src=\"https:\/\/www.flagbeach.com\/wp-content\/uploads\/2021\/02\/team.jpg\" style=\"object-position:57% 51%\" data-object-fit=\"cover\" data-object-position=\"57% 51%\" srcset=\"https:\/\/www.flagbeach.com\/wp-content\/uploads\/2021\/02\/team.jpg 1600w, https:\/\/www.flagbeach.com\/wp-content\/uploads\/2021\/02\/team-300x113.jpg 300w, https:\/\/www.flagbeach.com\/wp-content\/uploads\/2021\/02\/team-1024x384.jpg 1024w, https:\/\/www.flagbeach.com\/wp-content\/uploads\/2021\/02\/team-768x288.jpg 768w, https:\/\/www.flagbeach.com\/wp-content\/uploads\/2021\/02\/team-1536x576.jpg 1536w, https:\/\/www.flagbeach.com\/wp-content\/uploads\/2021\/02\/team-1568x588.jpg 1568w\" \/><div class=\"wp-block-cover__inner-container is-layout-flow wp-block-cover-is-layout-flow\">\n<h1 class=\"has-text-align-left has-subtle-color has-text-color wp-block-heading\"><span class=\"has-inline-color has-white-color\">Nuestro equipo de monitores<\/span><\/h1>\n\n\n\n<p><\/p>\n<\/div><\/div>\n\n<div class=\"wp-block-group alignfull\"><div class=\"wp-block-group__inner-container is-layout-flow wp-block-group-is-layout-flow\">\n<h3 class=\"wp-block-heading\">Te presentamos nuestros monitores y el equipo que hacen que Flag Beach sea un sitio tan estupendo para aprender y disfrutar de las olas.<\/h3>\n\n\n\n<div class=\"wp-block-group alignfull is-style-default\"><div class=\"wp-block-group__inner-container is-layout-flow wp-block-group-is-layout-flow\">\n<div class=\"wp-block-columns alignwide tw-justify-center tw-gutter-large has-text-align-center is-layout-flex wp-container-core-columns-is-layout-d0b3c9c8 wp-block-columns-is-layout-flex\">\n<div class=\"wp-block-column is-layout-flow wp-block-column-is-layout-flow\">\n<div class=\"wp-block-image\"><figure class=\"aligncenter size-large\"><img loading=\"lazy\" decoding=\"async\" width=\"2560\" height=\"1437\" src=\"https:\/\/www.flagbeach.com\/wp-content\/uploads\/2022\/05\/DSC_0078-edited-scaled.jpg\" alt=\"\" class=\"wp-image-3279\" srcset=\"https:\/\/www.flagbeach.com\/wp-content\/uploads\/2022\/05\/DSC_0078-edited-scaled.jpg 2560w, https:\/\/www.flagbeach.com\/wp-content\/uploads\/2022\/05\/DSC_0078-edited-300x168.jpg 300w, https:\/\/www.flagbeach.com\/wp-content\/uploads\/2022\/05\/DSC_0078-edited-1024x575.jpg 1024w, https:\/\/www.flagbeach.com\/wp-content\/uploads\/2022\/05\/DSC_0078-edited-768x431.jpg 768w, https:\/\/www.flagbeach.com\/wp-content\/uploads\/2022\/05\/DSC_0078-edited-1536x862.jpg 1536w, https:\/\/www.flagbeach.com\/wp-content\/uploads\/2022\/05\/DSC_0078-edited-2048x1150.jpg 2048w, https:\/\/www.flagbeach.com\/wp-content\/uploads\/2022\/05\/DSC_0078-edited-1568x880.jpg 1568w\" sizes=\"auto, (max-width: 2560px) 100vw, 2560px\" \/><\/figure><\/div>\n\n\n\n<h3 class=\"tw-mb-2 has-large-font-size wp-block-heading\">Paul<\/h3>\n\n\n\n<p class=\"has-small-font-size\"><strong>Kitesurf, SUP, Wingfoil y Monitor de Surf<\/strong><\/p>\n\n\n\n<p>Paul es uno de nuestros empleados residentes de larga temporada; tiene abundancia de experiencia en estas orillas. Le encanta la naturaleza en general y sobre todo estar en el agua. Ama viajar, conocer gente y nuevas culturas.<\/p>\n\n\n\n<p>Cualificaciones<br\/>BKSA, RYA powerboat<\/p>\n\n\n\n<p>Idiomas<br\/>Ingles<\/p>\n\n\n\n<p><strong>Deportes<\/strong><br\/>Kitesurf, SUP, surf<\/p>\n<\/div>\n\n\n\n<div class=\"wp-block-column is-layout-flow wp-block-column-is-layout-flow\">\n<div class=\"wp-block-image\"><figure class=\"aligncenter size-large\"><img decoding=\"async\" src=\"https:\/\/www.flagbeach.com\/wp-content\/uploads\/2022\/05\/IMG_20200613_114354-scaled_540x285_acf_cropped-edited.jpg\" alt=\"Monitor de windsurf Marti\" class=\"wp-image-3285\"\/><\/figure><\/div>\n\n\n\n<h3 class=\"tw-mb-2 has-large-font-size wp-block-heading\">Martin<\/h3>\n\n\n\n<p class=\"has-small-font-size\"><strong>Monitor de Windsurf<\/strong><\/p>\n\n\n\n<p>Martin es de Bulgaria y habla Bulgaro, Ingles, Holand\u00e9s y Castellano. Proviene del mundo de vela y hobie cat y es nuestro monitor principal de windsurf. Tambien da clases de surf. Le encanta viajar y ha realizado su sueno de visitar Easter Island.<\/p>\n\n\n\n<p>Cualificaciones<br\/>VDWS windsurf, ISA sur<\/p>\n\n\n\n<p>Idiomas<br\/>B\u00falgaro, neerland\u00e9s, ingl\u00e9s, espa\u00f1ol<\/p>\n\n\n\n<p>Deportes<br\/>Sailing, surf, windsurf<\/p>\n<\/div>\n\n\n\n<div class=\"wp-block-column is-layout-flow wp-block-column-is-layout-flow\">\n<div class=\"wp-block-image\"><figure class=\"aligncenter size-large\"><img loading=\"lazy\" decoding=\"async\" width=\"507\" height=\"285\" src=\"https:\/\/www.flagbeach.com\/wp-content\/uploads\/2022\/05\/IMG_8023_540x285_acf_cropped-edited.jpg\" alt=\"Monitor Windsurf Maxim\" class=\"wp-image-3282\" srcset=\"https:\/\/www.flagbeach.com\/wp-content\/uploads\/2022\/05\/IMG_8023_540x285_acf_cropped-edited.jpg 507w, https:\/\/www.flagbeach.com\/wp-content\/uploads\/2022\/05\/IMG_8023_540x285_acf_cropped-edited-300x169.jpg 300w\" sizes=\"auto, (max-width: 507px) 100vw, 507px\" \/><\/figure><\/div>\n\n\n\n<h3 class=\"tw-mb-2 has-large-font-size wp-block-heading\">Maxim<\/h3>\n\n\n\n<p class=\"has-small-font-size\"><strong>Kitesurf, surf &amp; windsurf monitor<\/strong><\/p>\n\n\n\n<p>Maxim es holand\u00e9s y est\u00e1 pasando su segunda temporada en Flag Beach&#8230; Su vida son los deportes acu\u00e1ticos y su objetivo es viajar a los mejores lugares del mundo para navegar y surfear olas. Tambi\u00e9n es instructor de esqu\u00ed y snowboard. <\/p>\n\n\n\n<p>Cualificaciones<br\/>ISA, Boat licence<\/p>\n\n\n\n<p>Idiomas<br\/>Holand\u00e9s, ingl\u00e9s, alem\u00e1n<\/p>\n\n\n\n<p><strong>Deportes<\/strong><br\/>Kitesurf, surf, windsurf<\/p>\n<\/div>\n\n\n\n<div class=\"wp-block-column is-layout-flow wp-block-column-is-layout-flow\">\n<div class=\"wp-block-image\"><figure class=\"aligncenter size-large\"><img loading=\"lazy\" decoding=\"async\" width=\"2560\" height=\"1443\" src=\"https:\/\/www.flagbeach.com\/wp-content\/uploads\/2022\/05\/DSC02570-edited-1-scaled.jpg\" alt=\"Ben, propietario de Flag Beach\" class=\"wp-image-3303\" srcset=\"https:\/\/www.flagbeach.com\/wp-content\/uploads\/2022\/05\/DSC02570-edited-1-scaled.jpg 2560w, https:\/\/www.flagbeach.com\/wp-content\/uploads\/2022\/05\/DSC02570-edited-1-300x169.jpg 300w, https:\/\/www.flagbeach.com\/wp-content\/uploads\/2022\/05\/DSC02570-edited-1-1024x577.jpg 1024w, https:\/\/www.flagbeach.com\/wp-content\/uploads\/2022\/05\/DSC02570-edited-1-768x433.jpg 768w, https:\/\/www.flagbeach.com\/wp-content\/uploads\/2022\/05\/DSC02570-edited-1-1536x866.jpg 1536w, https:\/\/www.flagbeach.com\/wp-content\/uploads\/2022\/05\/DSC02570-edited-1-2048x1154.jpg 2048w, https:\/\/www.flagbeach.com\/wp-content\/uploads\/2022\/05\/DSC02570-edited-1-1568x884.jpg 1568w\" sizes=\"auto, (max-width: 2560px) 100vw, 2560px\" \/><\/figure><\/div>\n\n\n\n<h3 class=\"tw-mb-2 has-large-font-size wp-block-heading\">Ben<\/h3>\n\n\n\n<p class=\"has-small-font-size\"><strong>Proprietario<\/strong><\/p>\n\n\n\n<p>Ben es el propietario de Flag Beach Windsurf, Surf and Kitesurf Centre. Monto la empresa en 1988 con solo 19 anos de edad; en principio solo con alquileres de material de windsurf. Nacido en las Palmas es de Cornauilles (UK) y vino aqu\u00ed a vivir con 16 anos. Habla Ingles, Castellano, Aleman, Italiano y Frances. Claro que Ben es el que toma las decisiones en Flag Beach como empresa.<\/p>\n\n\n\n<p><strong>Cualificaciones<\/strong><br\/>VDWS, RYA, FEV<\/p>\n\n\n\n<p><strong>Idiomas hablados<\/strong><br\/>Ingl\u00e9s, franc\u00e9s, alem\u00e1n, italiano, espa\u00f1ol<\/p>\n\n\n\n<p><strong>Deportes<\/strong><br\/>Kitesurf, vela, windsurf<\/p>\n<\/div>\n<\/div>\n\n\n\n<div class=\"wp-block-columns alignwide tw-justify-center tw-gutter-large has-text-align-center is-layout-flex wp-container-core-columns-is-layout-d0b3c9c8 wp-block-columns-is-layout-flex\">\n<div class=\"wp-block-column is-layout-flow wp-block-column-is-layout-flow\">\n<div class=\"wp-block-image\"><figure class=\"aligncenter size-large\"><img loading=\"lazy\" decoding=\"async\" width=\"507\" height=\"285\" src=\"https:\/\/www.flagbeach.com\/wp-content\/uploads\/2022\/05\/rachel-edited.jpg\" alt=\"Rachel\" class=\"wp-image-3288\" srcset=\"https:\/\/www.flagbeach.com\/wp-content\/uploads\/2022\/05\/rachel-edited.jpg 507w, https:\/\/www.flagbeach.com\/wp-content\/uploads\/2022\/05\/rachel-edited-300x169.jpg 300w\" sizes=\"auto, (max-width: 507px) 100vw, 507px\" \/><\/figure><\/div>\n\n\n\n<h3 class=\"tw-mb-2 has-large-font-size wp-block-heading\">Rachel<\/h3>\n\n\n\n<p class=\"has-small-font-size\"><strong>Administradora de la Oficina<\/strong><\/p>\n\n\n\n<p>Rachel (la hermana de Ben) ayuda a gestionar Flag Beach y, en particular, la parte administrativa y de oficina de la operaci\u00f3n; reservas y gesti\u00f3n de los albergues, apartamentos, villas, etc.<br\/>Ha trabajado en Flag Beach de forma intermitente desde sus inicios en 1988, pero regres\u00f3 definitivamente en 1998. Rachel es hispanohablante nativa y tambi\u00e9n domina otros idiomas a nivel b\u00e1sico, incluido el franc\u00e9s. En su tiempo libre le gusta navegar, bucear, montar en bicicleta y pasear.  <\/p>\n\n\n\n<p><strong>Idiomas hablados<\/strong><br\/>Ingl\u00e9s, espa\u00f1ol<\/p>\n<\/div>\n\n\n\n<div class=\"wp-block-column is-layout-flow wp-block-column-is-layout-flow\">\n<div class=\"wp-block-image\"><figure class=\"aligncenter size-large\"><img loading=\"lazy\" decoding=\"async\" width=\"507\" height=\"285\" src=\"https:\/\/www.flagbeach.com\/wp-content\/uploads\/2022\/05\/clare-edited.jpg\" alt=\"Claire\" class=\"wp-image-3291\" srcset=\"https:\/\/www.flagbeach.com\/wp-content\/uploads\/2022\/05\/clare-edited.jpg 507w, https:\/\/www.flagbeach.com\/wp-content\/uploads\/2022\/05\/clare-edited-300x169.jpg 300w\" sizes=\"auto, (max-width: 507px) 100vw, 507px\" \/><\/figure><\/div>\n\n\n\n<h3 class=\"tw-mb-2 has-large-font-size wp-block-heading\">Claire<\/h3>\n\n\n\n<p class=\"has-small-font-size\"><strong><strong>Administrador de oficina<\/strong><\/strong><\/p>\n\n\n\n<p>Claire trabaja en la oficina haciendo las reservas con Rachel y ayuda a gestionar los alojamientos. Claire vive en Fuerteventura desde junio de 2005 y habla espa\u00f1ol e ingl\u00e9s. A Claire le gusta el aire libre y la naturaleza, y es una amante de los gatos y la aromaterapia.  <\/p>\n\n\n\n<p><strong>Idiomas hablados<\/strong><br\/>Ingl\u00e9s, espa\u00f1ol<\/p>\n<\/div>\n\n\n\n<div class=\"wp-block-column is-layout-flow wp-block-column-is-layout-flow\">\n<div class=\"wp-block-image\"><figure class=\"aligncenter size-large\"><img loading=\"lazy\" decoding=\"async\" width=\"1701\" height=\"959\" src=\"https:\/\/www.flagbeach.com\/wp-content\/uploads\/2022\/05\/Michi-e1642598370255-edited-1.jpg\" alt=\"\" class=\"wp-image-3275\" srcset=\"https:\/\/www.flagbeach.com\/wp-content\/uploads\/2022\/05\/Michi-e1642598370255-edited-1.jpg 1701w, https:\/\/www.flagbeach.com\/wp-content\/uploads\/2022\/05\/Michi-e1642598370255-edited-1-300x169.jpg 300w, https:\/\/www.flagbeach.com\/wp-content\/uploads\/2022\/05\/Michi-e1642598370255-edited-1-1024x577.jpg 1024w, https:\/\/www.flagbeach.com\/wp-content\/uploads\/2022\/05\/Michi-e1642598370255-edited-1-768x433.jpg 768w, https:\/\/www.flagbeach.com\/wp-content\/uploads\/2022\/05\/Michi-e1642598370255-edited-1-1536x866.jpg 1536w, https:\/\/www.flagbeach.com\/wp-content\/uploads\/2022\/05\/Michi-e1642598370255-edited-1-1568x884.jpg 1568w\" sizes=\"auto, (max-width: 1701px) 100vw, 1701px\" \/><\/figure><\/div>\n\n\n\n<h3 class=\"tw-mb-2 has-large-font-size wp-block-heading\">Michiel<\/h3>\n\n\n\n<p class=\"has-small-font-size\"><strong>Recepci\u00f3n y instructor de windsurf<\/strong><\/p>\n\n\n\n<p>Michiel es Belga y esta loco por el windsurf. Es un miembro integro del equipo de Flag beach.<\/p>\n\n\n\n<p><strong>Cualificaciones<\/strong><br\/>Windsurf VDWS<\/p>\n\n\n\n<p><strong>Idiomas hablados<\/strong><br\/>B\u00e9lgica, ingl\u00e9s, franc\u00e9s<\/p>\n\n\n\n<p><strong>Deportes<\/strong><br\/>Windsurf<\/p>\n<\/div>\n\n\n\n<div class=\"wp-block-column is-layout-flow wp-block-column-is-layout-flow\">\n<div class=\"wp-block-image\"><figure class=\"aligncenter size-large\"><img decoding=\"async\" src=\"https:\/\/www.flagbeach.com\/wp-content\/uploads\/2022\/05\/b7d8a6dd-bb9c-4d35-9f53-45b4ce3ba5d5_540x285_acf_cropped-edited.jpeg\" alt=\"Monitor kitesurf Tristan\" class=\"wp-image-3294\"\/><\/figure><\/div>\n\n\n\n<h3 class=\"tw-mb-2 has-large-font-size wp-block-heading\">Tristan<\/h3>\n\n\n\n<p class=\"has-small-font-size\"><strong>Kitesurf y surf instructor<\/strong><\/p>\n\n\n\n<p><strong>Idiomas hablados<\/strong><br\/>Ingl\u00e9s, franc\u00e9s<\/p>\n\n\n\n<p><strong>Deportes<\/strong><br\/>Kitesurf, surf<\/p>\n<\/div>\n<\/div>\n\n\n\n<div class=\"wp-block-columns alignwide tw-justify-center tw-gutter-large has-text-align-center is-layout-flex wp-container-core-columns-is-layout-d0b3c9c8 wp-block-columns-is-layout-flex\">\n<div class=\"wp-block-column is-layout-flow wp-block-column-is-layout-flow\">\n<div class=\"wp-block-image\"><figure class=\"aligncenter size-large\"><img decoding=\"async\" src=\"https:\/\/www.flagbeach.com\/wp-content\/uploads\/2022\/05\/IMG-6805-scaled_540x285_acf_cropped-edited.jpg\" alt=\"Monitor Kitesurf Andrea\" class=\"wp-image-3297\"\/><\/figure><\/div>\n\n\n\n<h3 class=\"tw-mb-2 has-large-font-size wp-block-heading\">Andrea<\/h3>\n\n\n\n<p class=\"has-small-font-size\"><strong>Kitesurf instructor<\/strong><\/p>\n\n\n\n<p><strong>Idiomas hablados<\/strong><br\/>Ingl\u00e9s, italiano, espa\u00f1ol<\/p>\n\n\n\n<p><strong>Deportes<\/strong><br\/>Kitesurf<\/p>\n<\/div>\n\n\n\n<div class=\"wp-block-column is-layout-flow wp-block-column-is-layout-flow\"><\/div>\n\n\n\n<div class=\"wp-block-column is-layout-flow wp-block-column-is-layout-flow\"><\/div>\n\n\n\n<div class=\"wp-block-column is-layout-flow wp-block-column-is-layout-flow\"><\/div>\n<\/div>\n<\/div><\/div>\n<\/div><\/div>\n\n<hr class=\"wp-block-separator\"\/>\n\n<div class=\"wp-block-cover alignfull\" style=\"min-height:282px;aspect-ratio:unset;\"><img loading=\"lazy\" decoding=\"async\" width=\"1600\" height=\"700\" sizes=\"auto, (max-width: 799px) 200vw, (max-width: 1600px) 100vw, 1600px\" class=\"wp-block-cover__image-background wp-image-14\" alt=\"\" src=\"https:\/\/www.flagbeach.com\/wp-content\/uploads\/2021\/01\/fb-hero-1600-1.jpg\" style=\"object-position:50% 21%\" data-object-fit=\"cover\" data-object-position=\"50% 21%\" srcset=\"https:\/\/www.flagbeach.com\/wp-content\/uploads\/2021\/01\/fb-hero-1600-1.jpg 1600w, https:\/\/www.flagbeach.com\/wp-content\/uploads\/2021\/01\/fb-hero-1600-1-300x131.jpg 300w, https:\/\/www.flagbeach.com\/wp-content\/uploads\/2021\/01\/fb-hero-1600-1-1024x448.jpg 1024w, https:\/\/www.flagbeach.com\/wp-content\/uploads\/2021\/01\/fb-hero-1600-1-768x336.jpg 768w, https:\/\/www.flagbeach.com\/wp-content\/uploads\/2021\/01\/fb-hero-1600-1-1536x672.jpg 1536w, https:\/\/www.flagbeach.com\/wp-content\/uploads\/2021\/01\/fb-hero-1600-1-1568x686.jpg 1568w\" \/><div class=\"wp-block-cover__inner-container is-layout-flow wp-block-cover-is-layout-flow\">\n<p class=\"has-text-align-center has-large-font-size\"><\/p>\n<\/div><\/div>\n","protected":false},"excerpt":{"rendered":"<p>Te presentamos nuestros monitores y el equipo que hacen que Flag Beach sea un sitio tan estupendo para aprender y disfrutar de las olas. Paul Kitesurf, SUP, Wingfoil y Monitor de Surf Paul es uno de nuestros empleados residentes de larga temporada; tiene abundancia de experiencia en estas orillas. Le encanta la naturaleza en general&hellip; <a class=\"more-link\" href=\"https:\/\/www.flagbeach.com\/es\/sobre-nosotros\/nuestro-equipo\/\">Seguir leyendo <span class=\"screen-reader-text\">Nuestro Equipo<\/span><\/a><\/p>\n","protected":false},"author":1,"featured_media":0,"parent":1827,"menu_order":0,"comment_status":"closed","ping_status":"closed","template":"tw-header-transparent.php","meta":{"footnotes":""},"class_list":["post-1831","page","type-page","status-publish","hentry","entry"],"_links":{"self":[{"href":"https:\/\/www.flagbeach.com\/es\/wp-json\/wp\/v2\/pages\/1831","targetHints":{"allow":["GET"]}}],"collection":[{"href":"https:\/\/www.flagbeach.com\/es\/wp-json\/wp\/v2\/pages"}],"about":[{"href":"https:\/\/www.flagbeach.com\/es\/wp-json\/wp\/v2\/types\/page"}],"author":[{"embeddable":true,"href":"https:\/\/www.flagbeach.com\/es\/wp-json\/wp\/v2\/users\/1"}],"replies":[{"embeddable":true,"href":"https:\/\/www.flagbeach.com\/es\/wp-json\/wp\/v2\/comments?post=1831"}],"version-history":[{"count":14,"href":"https:\/\/www.flagbeach.com\/es\/wp-json\/wp\/v2\/pages\/1831\/revisions"}],"predecessor-version":[{"id":13845,"href":"https:\/\/www.flagbeach.com\/es\/wp-json\/wp\/v2\/pages\/1831\/revisions\/13845"}],"up":[{"embeddable":true,"href":"https:\/\/www.flagbeach.com\/es\/wp-json\/wp\/v2\/pages\/1827"}],"wp:attachment":[{"href":"https:\/\/www.flagbeach.com\/es\/wp-json\/wp\/v2\/media?parent=1831"}],"curies":[{"name":"wp","href":"https:\/\/api.w.org\/{rel}","templated":true}]}}