{"id":624,"date":"2021-02-13T15:12:13","date_gmt":"2021-02-13T15:12:13","guid":{"rendered":"https:\/\/flagbeach.com\/?page_id=624"},"modified":"2025-11-20T15:24:03","modified_gmt":"2025-11-20T15:24:03","slug":"sol-y-mar","status":"publish","type":"page","link":"https:\/\/www.flagbeach.com\/de\/unterkuenfte\/sol-y-mar\/","title":{"rendered":"Sol y Mar Surfcamp"},"content":{"rendered":"\n<div class=\"wp-block-cover alignfull has-background-dim-100 has-background-dim has-background-gradient has-custom-content-position is-position-top-left\" style=\"min-height:30vw;aspect-ratio:unset;\"><span aria-hidden=\"true\" class=\"wp-block-cover__gradient-background\" style=\"background:linear-gradient(180deg,rgb(20,62,94) 0%,rgba(255,255,255,0) 48%,rgba(20,61,93,0) 67%,rgb(20,62,94) 100%)\"><\/span><img loading=\"lazy\" decoding=\"async\" width=\"1600\" height=\"600\" sizes=\"auto, (max-width: 799px) 200vw, (max-width: 1600px) 100vw, 1600px\" class=\"wp-block-cover__image-background wp-image-779\" alt=\"\" src=\"https:\/\/www.flagbeach.com\/wp-content\/uploads\/2021\/02\/accomodation-detail.jpg\" style=\"object-position:50% 0%\" data-object-fit=\"cover\" data-object-position=\"50% 0%\" srcset=\"https:\/\/www.flagbeach.com\/wp-content\/uploads\/2021\/02\/accomodation-detail.jpg 1600w, https:\/\/www.flagbeach.com\/wp-content\/uploads\/2021\/02\/accomodation-detail-300x113.jpg 300w, https:\/\/www.flagbeach.com\/wp-content\/uploads\/2021\/02\/accomodation-detail-1024x384.jpg 1024w, https:\/\/www.flagbeach.com\/wp-content\/uploads\/2021\/02\/accomodation-detail-768x288.jpg 768w, https:\/\/www.flagbeach.com\/wp-content\/uploads\/2021\/02\/accomodation-detail-1536x576.jpg 1536w, https:\/\/www.flagbeach.com\/wp-content\/uploads\/2021\/02\/accomodation-detail-1568x588.jpg 1568w\" \/><div class=\"wp-block-cover__inner-container is-layout-flow wp-block-cover-is-layout-flow\">\n<h1 class=\"has-text-align-left has-subtle-color has-text-color wp-block-heading\">Sol y Mar Surfcamp<\/h1>\n\n\n\n<p><\/p>\n<\/div><\/div>\n\n<div class=\"wp-block-buttons is-content-justification-center is-layout-flex wp-block-buttons-is-layout-flex\">\n<div class=\"wp-block-button\"><a class=\"wp-block-button__link\" href=\"https:\/\/hotels.cloudbeds.com\/reservation\/RGVfxl\" target=\"_blank\" rel=\"noreferrer noopener\">Jetz Buchen<\/a><\/div>\n<\/div>\n\n<div class=\"wp-block-group alignfull\"><div class=\"wp-block-group__inner-container is-layout-flow wp-block-group-is-layout-flow\">\n<div class=\"wp-block-columns alignwide are-vertically-aligned-center is-style-default tw-gutter-large tw-cols-stack-md is-layout-flex wp-container-core-columns-is-layout-d0b3c9c8 wp-block-columns-is-layout-flex\">\n<div class=\"wp-block-column is-vertically-aligned-center is-layout-flow wp-block-column-is-layout-flow\">\n<h3 class=\"wp-block-heading\">Das Flag Beach Surf Hostel Sol y Mar gilt als das beste Surf Hostel auf Fuerteventura. Es ist ein gro\u00dfartiger Ort f\u00fcr Alleinreisende oder Surf Gruppen.<\/h3>\n\n\n\n<h4 class=\"wp-block-heading\"><span style=\"color:#fdbe07\" class=\"has-inline-color\"><strong>Buchen Sie jetzt Ihren Aufenthalt (Mindestaufenthalt 3 N\u00e4chte)<\/strong><\/span><\/h4>\n\n\n\n<script src=\"https:\/\/hotels.cloudbeds.com\/widget\/load\/RGVfxl\/horiz?newWindow=1\"><\/script>\n<\/div>\n\n\n\n<div class=\"wp-block-column is-vertically-aligned-center is-layout-flow wp-block-column-is-layout-flow\">\n<div class=\"wp-block-getwid-images-slider has-arrows-inside has-dots-inside has-images-center has-cropped-images\"><div class=\"wp-block-getwid-images-slider__wrapper\" data-effect=\"slide\" data-slides-show=\"1\" data-slides-show-laptop=\"1\" data-slides-show-tablet=\"1\" data-slides-show-mobile=\"1\" data-slides-scroll=\"1\" data-autoplay=\"false\" data-autoplay-speed=\"6000\" data-infinite=\"true\" data-animation-speed=\"800\" data-center-mode=\"false\" data-variable-width=\"false\" data-arrows=\"inside\" data-dots=\"inside\" data-spacing=\"none\"><div class=\"wp-block-getwid-images-slider__item\"><figure><img loading=\"lazy\" decoding=\"async\" width=\"640\" height=\"440\" src=\"https:\/\/www.flagbeach.com\/wp-content\/uploads\/2021\/02\/2018-0109_035617.jpeg\" alt=\"Sol y Mar surf camp accommodation Fuerteventura\" data-id=\"628\" data-link=\"https:\/\/flagbeach.com\/accommodation\/sol-y-mar\/2018-0109_035617\/\" data-original-link=\"https:\/\/www.flagbeach.com\/wp-content\/uploads\/2021\/02\/2018-0109_035617.jpeg\" class=\"wp-block-getwid-images-slider__image wp-image-628\" srcset=\"https:\/\/www.flagbeach.com\/wp-content\/uploads\/2021\/02\/2018-0109_035617.jpeg 640w, https:\/\/www.flagbeach.com\/wp-content\/uploads\/2021\/02\/2018-0109_035617-300x206.jpeg 300w\" sizes=\"auto, (max-width: 640px) 100vw, 640px\" \/><\/figure><\/div><div class=\"wp-block-getwid-images-slider__item\"><figure><img loading=\"lazy\" decoding=\"async\" width=\"640\" height=\"440\" src=\"https:\/\/www.flagbeach.com\/wp-content\/uploads\/2021\/02\/2018-0109_035621.jpeg\" alt=\"Sol y Mar surf camp accommodation Fuerteventura\" data-id=\"631\" data-link=\"https:\/\/flagbeach.com\/accommodation\/sol-y-mar\/2018-0109_035621\/\" data-original-link=\"https:\/\/www.flagbeach.com\/wp-content\/uploads\/2021\/02\/2018-0109_035621.jpeg\" class=\"wp-block-getwid-images-slider__image wp-image-631\" srcset=\"https:\/\/www.flagbeach.com\/wp-content\/uploads\/2021\/02\/2018-0109_035621.jpeg 640w, https:\/\/www.flagbeach.com\/wp-content\/uploads\/2021\/02\/2018-0109_035621-300x206.jpeg 300w\" sizes=\"auto, (max-width: 640px) 100vw, 640px\" \/><\/figure><\/div><div class=\"wp-block-getwid-images-slider__item\"><figure><img loading=\"lazy\" decoding=\"async\" width=\"640\" height=\"440\" src=\"https:\/\/www.flagbeach.com\/wp-content\/uploads\/2021\/02\/2018-0109_035625.jpeg\" alt=\"Sol y Mar surf camp accommodation Fuerteventura\" data-id=\"634\" data-link=\"https:\/\/flagbeach.com\/accommodation\/sol-y-mar\/2018-0109_035625\/\" data-original-link=\"https:\/\/www.flagbeach.com\/wp-content\/uploads\/2021\/02\/2018-0109_035625.jpeg\" class=\"wp-block-getwid-images-slider__image wp-image-634\" srcset=\"https:\/\/www.flagbeach.com\/wp-content\/uploads\/2021\/02\/2018-0109_035625.jpeg 640w, https:\/\/www.flagbeach.com\/wp-content\/uploads\/2021\/02\/2018-0109_035625-300x206.jpeg 300w\" sizes=\"auto, (max-width: 640px) 100vw, 640px\" \/><\/figure><\/div><div class=\"wp-block-getwid-images-slider__item\"><figure><img loading=\"lazy\" decoding=\"async\" width=\"640\" height=\"440\" src=\"https:\/\/www.flagbeach.com\/wp-content\/uploads\/2021\/02\/2018-0109_035630.jpeg\" alt=\"Sol y Mar surf camp accommodation Fuerteventura\" data-id=\"637\" data-link=\"https:\/\/flagbeach.com\/accommodation\/sol-y-mar\/2018-0109_035630\/\" data-original-link=\"https:\/\/www.flagbeach.com\/wp-content\/uploads\/2021\/02\/2018-0109_035630.jpeg\" class=\"wp-block-getwid-images-slider__image wp-image-637\" srcset=\"https:\/\/www.flagbeach.com\/wp-content\/uploads\/2021\/02\/2018-0109_035630.jpeg 640w, https:\/\/www.flagbeach.com\/wp-content\/uploads\/2021\/02\/2018-0109_035630-300x206.jpeg 300w\" sizes=\"auto, (max-width: 640px) 100vw, 640px\" \/><\/figure><\/div><div class=\"wp-block-getwid-images-slider__item\"><figure><img loading=\"lazy\" decoding=\"async\" width=\"640\" height=\"440\" src=\"https:\/\/www.flagbeach.com\/wp-content\/uploads\/2021\/02\/2018-0109_035636.jpeg\" alt=\"Sol y Mar surf camp accommodation Fuerteventura\" data-id=\"640\" data-link=\"https:\/\/flagbeach.com\/accommodation\/sol-y-mar\/2018-0109_035636\/\" data-original-link=\"https:\/\/www.flagbeach.com\/wp-content\/uploads\/2021\/02\/2018-0109_035636.jpeg\" class=\"wp-block-getwid-images-slider__image wp-image-640\" srcset=\"https:\/\/www.flagbeach.com\/wp-content\/uploads\/2021\/02\/2018-0109_035636.jpeg 640w, https:\/\/www.flagbeach.com\/wp-content\/uploads\/2021\/02\/2018-0109_035636-300x206.jpeg 300w\" sizes=\"auto, (max-width: 640px) 100vw, 640px\" \/><\/figure><\/div><div class=\"wp-block-getwid-images-slider__item\"><figure><img loading=\"lazy\" decoding=\"async\" width=\"640\" height=\"440\" src=\"https:\/\/www.flagbeach.com\/wp-content\/uploads\/2021\/02\/2018-0109_035643.jpeg\" alt=\"Sol y Mar surf camp accommodation Fuerteventura\" data-id=\"643\" data-link=\"https:\/\/flagbeach.com\/accommodation\/sol-y-mar\/2018-0109_035643\/\" data-original-link=\"https:\/\/www.flagbeach.com\/wp-content\/uploads\/2021\/02\/2018-0109_035643.jpeg\" class=\"wp-block-getwid-images-slider__image wp-image-643\" srcset=\"https:\/\/www.flagbeach.com\/wp-content\/uploads\/2021\/02\/2018-0109_035643.jpeg 640w, https:\/\/www.flagbeach.com\/wp-content\/uploads\/2021\/02\/2018-0109_035643-300x206.jpeg 300w\" sizes=\"auto, (max-width: 640px) 100vw, 640px\" \/><\/figure><\/div><div class=\"wp-block-getwid-images-slider__item\"><figure><img loading=\"lazy\" decoding=\"async\" width=\"640\" height=\"440\" src=\"https:\/\/www.flagbeach.com\/wp-content\/uploads\/2021\/02\/2018-0109_035647.jpeg\" alt=\"Sol y Mar surf camp accommodation Fuerteventura\" data-id=\"646\" data-link=\"https:\/\/flagbeach.com\/accommodation\/sol-y-mar\/2018-0109_035647\/\" data-original-link=\"https:\/\/www.flagbeach.com\/wp-content\/uploads\/2021\/02\/2018-0109_035647.jpeg\" class=\"wp-block-getwid-images-slider__image wp-image-646\" srcset=\"https:\/\/www.flagbeach.com\/wp-content\/uploads\/2021\/02\/2018-0109_035647.jpeg 640w, https:\/\/www.flagbeach.com\/wp-content\/uploads\/2021\/02\/2018-0109_035647-300x206.jpeg 300w\" sizes=\"auto, (max-width: 640px) 100vw, 640px\" \/><\/figure><\/div><div class=\"wp-block-getwid-images-slider__item\"><figure><img loading=\"lazy\" decoding=\"async\" width=\"640\" height=\"440\" src=\"https:\/\/www.flagbeach.com\/wp-content\/uploads\/2021\/02\/2018-0109_035651.jpeg\" alt=\"Sol y Mar surf camp accommodation Fuerteventura\" data-id=\"649\" data-link=\"https:\/\/flagbeach.com\/accommodation\/sol-y-mar\/2018-0109_035651\/\" data-original-link=\"https:\/\/www.flagbeach.com\/wp-content\/uploads\/2021\/02\/2018-0109_035651.jpeg\" class=\"wp-block-getwid-images-slider__image wp-image-649\" srcset=\"https:\/\/www.flagbeach.com\/wp-content\/uploads\/2021\/02\/2018-0109_035651.jpeg 640w, https:\/\/www.flagbeach.com\/wp-content\/uploads\/2021\/02\/2018-0109_035651-300x206.jpeg 300w\" sizes=\"auto, (max-width: 640px) 100vw, 640px\" \/><\/figure><\/div><div class=\"wp-block-getwid-images-slider__item\"><figure><img loading=\"lazy\" decoding=\"async\" width=\"640\" height=\"440\" src=\"https:\/\/www.flagbeach.com\/wp-content\/uploads\/2021\/02\/2018-0109_035656.jpeg\" alt=\"Sol y Mar surf camp accommodation Fuerteventura\" data-id=\"652\" data-link=\"https:\/\/flagbeach.com\/accommodation\/sol-y-mar\/2018-0109_035656\/\" data-original-link=\"https:\/\/www.flagbeach.com\/wp-content\/uploads\/2021\/02\/2018-0109_035656.jpeg\" class=\"wp-block-getwid-images-slider__image wp-image-652\" srcset=\"https:\/\/www.flagbeach.com\/wp-content\/uploads\/2021\/02\/2018-0109_035656.jpeg 640w, https:\/\/www.flagbeach.com\/wp-content\/uploads\/2021\/02\/2018-0109_035656-300x206.jpeg 300w\" sizes=\"auto, (max-width: 640px) 100vw, 640px\" \/><\/figure><\/div><div class=\"wp-block-getwid-images-slider__item\"><figure><img loading=\"lazy\" decoding=\"async\" width=\"640\" height=\"440\" src=\"https:\/\/www.flagbeach.com\/wp-content\/uploads\/2021\/02\/2018-0109_035701.jpeg\" alt=\"Sol y Mar surf camp accommodation Fuerteventura\" data-id=\"655\" data-link=\"https:\/\/flagbeach.com\/accommodation\/sol-y-mar\/2018-0109_035701\/\" data-original-link=\"https:\/\/www.flagbeach.com\/wp-content\/uploads\/2021\/02\/2018-0109_035701.jpeg\" class=\"wp-block-getwid-images-slider__image wp-image-655\" srcset=\"https:\/\/www.flagbeach.com\/wp-content\/uploads\/2021\/02\/2018-0109_035701.jpeg 640w, https:\/\/www.flagbeach.com\/wp-content\/uploads\/2021\/02\/2018-0109_035701-300x206.jpeg 300w\" sizes=\"auto, (max-width: 640px) 100vw, 640px\" \/><\/figure><\/div><div class=\"wp-block-getwid-images-slider__item\"><figure><img loading=\"lazy\" decoding=\"async\" width=\"640\" height=\"440\" src=\"https:\/\/www.flagbeach.com\/wp-content\/uploads\/2021\/02\/2018-0109_035705.jpeg\" alt=\"Sol y Mar surf camp accommodation Fuerteventura\" data-id=\"658\" data-link=\"https:\/\/flagbeach.com\/accommodation\/sol-y-mar\/2018-0109_035705\/\" data-original-link=\"https:\/\/www.flagbeach.com\/wp-content\/uploads\/2021\/02\/2018-0109_035705.jpeg\" class=\"wp-block-getwid-images-slider__image wp-image-658\" srcset=\"https:\/\/www.flagbeach.com\/wp-content\/uploads\/2021\/02\/2018-0109_035705.jpeg 640w, https:\/\/www.flagbeach.com\/wp-content\/uploads\/2021\/02\/2018-0109_035705-300x206.jpeg 300w\" sizes=\"auto, (max-width: 640px) 100vw, 640px\" \/><\/figure><\/div><div class=\"wp-block-getwid-images-slider__item\"><figure><img loading=\"lazy\" decoding=\"async\" width=\"640\" height=\"440\" src=\"https:\/\/www.flagbeach.com\/wp-content\/uploads\/2021\/02\/2018-0109_035713.jpeg\" alt=\"Sol y Mar surf camp accommodation Fuerteventura\" data-id=\"661\" data-link=\"https:\/\/flagbeach.com\/accommodation\/sol-y-mar\/2018-0109_035713\/\" data-original-link=\"https:\/\/www.flagbeach.com\/wp-content\/uploads\/2021\/02\/2018-0109_035713.jpeg\" class=\"wp-block-getwid-images-slider__image wp-image-661\" srcset=\"https:\/\/www.flagbeach.com\/wp-content\/uploads\/2021\/02\/2018-0109_035713.jpeg 640w, https:\/\/www.flagbeach.com\/wp-content\/uploads\/2021\/02\/2018-0109_035713-300x206.jpeg 300w\" sizes=\"auto, (max-width: 640px) 100vw, 640px\" \/><\/figure><\/div><div class=\"wp-block-getwid-images-slider__item\"><figure><img loading=\"lazy\" decoding=\"async\" width=\"640\" height=\"440\" src=\"https:\/\/www.flagbeach.com\/wp-content\/uploads\/2021\/02\/2018-0109_035720.jpeg\" alt=\"Sol y Mar surf camp accommodation Fuerteventura\" data-id=\"664\" data-link=\"https:\/\/flagbeach.com\/accommodation\/sol-y-mar\/2018-0109_035720\/\" data-original-link=\"https:\/\/www.flagbeach.com\/wp-content\/uploads\/2021\/02\/2018-0109_035720.jpeg\" class=\"wp-block-getwid-images-slider__image wp-image-664\" srcset=\"https:\/\/www.flagbeach.com\/wp-content\/uploads\/2021\/02\/2018-0109_035720.jpeg 640w, https:\/\/www.flagbeach.com\/wp-content\/uploads\/2021\/02\/2018-0109_035720-300x206.jpeg 300w\" sizes=\"auto, (max-width: 640px) 100vw, 640px\" \/><\/figure><\/div><\/div><\/div>\n<\/div>\n<\/div>\n<\/div><\/div>\n\n<p>Unser Surf-Hostel Sol y Mar gilt als das preisg\u00fcnstigste Surf-Hostel auf Fuerteventura. Es ist ein gro\u00dfartiger Ort f\u00fcr Alleinreisende, da es eine gute gesellige, entspannte Atmosph\u00e4re, einen Gemeinschaftsbereich, 2 K\u00fcchen und ein Dach zum Grillen und Sonnenbaden bietet. Es befindet sich in der Altstadt von Corralejo, nur 3 Gehminuten von den besten Bars der Stadt entfernt! Sol Y Mar verf\u00fcgt \u00fcber 10 Schlafzimmer, 2 K\u00fcchen, 4 Badezimmer und ein Wohnzimmer.<\/p>\n\n<p>Ein kontinentales Fr\u00fchst\u00fcck wird angeboten, aber es gibt Selbstversorger-Einrichtungen sowie eine Grillterrasse auf dem Dach. Je nach Gruppengr\u00f6\u00dfe stehen Einzel-, Zweibett-, Doppel-, Dreibett- oder Vierbettzimmer zur Verf\u00fcgung. Aber keine Sorge, keine Etagenbetten!<\/p>\n\n<p>Wir sind flexibel, was die Anreisezeit betrifft, aber der Mindestaufenthalt betr\u00e4gt 3 N\u00e4chte. Wenn Sie in der Stadt ankommen und uns nicht finden k\u00f6nnen, rufen Sie uns an und wir holen Sie ab. Wenn Sie sich in der Stadt fortbewegen m\u00f6chten, k\u00f6nnen Sie auch einen Fahrradverleih in einem \u00f6rtlichen Gesch\u00e4ft arrangieren.<\/p>\n\n<div class=\"wp-block-group alignfull\"><div class=\"wp-block-group__inner-container is-layout-flow wp-block-group-is-layout-flow\">\n<h2 class=\"has-text-align-left wp-block-heading\">Einrichtung<\/h2>\n\n\n\n<ul class=\"is-style-tw-inline wp-block-list\"><li>Fr\u00fchst\u00fcck<\/li><li>Selbstversorgung<\/li><li>Wi-Fi<\/li><li>Alle Bettw\u00e4sche und Handt\u00fccher<\/li><li>Reinigung<\/li><li>Dachterrasse<\/li><li>Mikrowelle, Wasserkocher, Toaster, F\u00f6hn<\/li><li>Herd<\/li><li>K\u00fchlschrank mit Gefrierfach<\/li><li>Parken in der Stra\u00dfe<\/li><li>Voll ausgestattete K\u00fcche<\/li><li>Bettlaken<\/li><li>Handt\u00fccher<\/li><\/ul>\n<\/div><\/div>\n","protected":false},"excerpt":{"rendered":"<p>Das Flag Beach Surf Hostel Sol y Mar gilt als das beste Surf Hostel auf Fuerteventura. Es ist ein gro\u00dfartiger Ort f\u00fcr Alleinreisende oder Surf Gruppen. Buchen Sie jetzt Ihren Aufenthalt (Mindestaufenthalt 3 N\u00e4chte) Unser Surf-Hostel Sol y Mar gilt als das preisg\u00fcnstigste Surf-Hostel auf Fuerteventura. Es ist ein gro\u00dfartiger Ort f\u00fcr Alleinreisende, da es&hellip; <a class=\"more-link\" href=\"https:\/\/www.flagbeach.com\/de\/unterkuenfte\/sol-y-mar\/\"><span class=\"screen-reader-text\">Sol y Mar Surfcamp<\/span> weiterlesen<\/a><\/p>\n","protected":false},"author":1,"featured_media":0,"parent":1652,"menu_order":0,"comment_status":"closed","ping_status":"closed","template":"tw-header-transparent.php","meta":{"footnotes":""},"class_list":["post-624","page","type-page","status-publish","hentry","entry"],"_links":{"self":[{"href":"https:\/\/www.flagbeach.com\/de\/wp-json\/wp\/v2\/pages\/624","targetHints":{"allow":["GET"]}}],"collection":[{"href":"https:\/\/www.flagbeach.com\/de\/wp-json\/wp\/v2\/pages"}],"about":[{"href":"https:\/\/www.flagbeach.com\/de\/wp-json\/wp\/v2\/types\/page"}],"author":[{"embeddable":true,"href":"https:\/\/www.flagbeach.com\/de\/wp-json\/wp\/v2\/users\/1"}],"replies":[{"embeddable":true,"href":"https:\/\/www.flagbeach.com\/de\/wp-json\/wp\/v2\/comments?post=624"}],"version-history":[{"count":21,"href":"https:\/\/www.flagbeach.com\/de\/wp-json\/wp\/v2\/pages\/624\/revisions"}],"predecessor-version":[{"id":13529,"href":"https:\/\/www.flagbeach.com\/de\/wp-json\/wp\/v2\/pages\/624\/revisions\/13529"}],"up":[{"embeddable":true,"href":"https:\/\/www.flagbeach.com\/de\/wp-json\/wp\/v2\/pages\/1652"}],"wp:attachment":[{"href":"https:\/\/www.flagbeach.com\/de\/wp-json\/wp\/v2\/media?parent=624"}],"curies":[{"name":"wp","href":"https:\/\/api.w.org\/{rel}","templated":true}]}}