{"id":3235,"date":"2022-05-23T16:42:54","date_gmt":"2022-05-23T16:42:54","guid":{"rendered":"https:\/\/flagbeach.com\/?page_id=3235"},"modified":"2026-01-29T09:59:29","modified_gmt":"2026-01-29T09:59:29","slug":"yoga-pakete","status":"publish","type":"page","link":"https:\/\/www.flagbeach.com\/de\/yoga\/yoga-pakete\/","title":{"rendered":"Yoga Pakete"},"content":{"rendered":"\n<div class=\"wp-block-cover alignfull has-background-dim-100 has-background-dim has-background-gradient has-custom-content-position is-position-top-left\" style=\"min-height:30vw;aspect-ratio:unset;\"><span aria-hidden=\"true\" class=\"wp-block-cover__gradient-background\" style=\"background:linear-gradient(180deg,rgb(20,62,94) 0%,rgba(255,255,255,0) 48%,rgba(20,61,93,0) 67%,rgb(20,62,94) 100%)\"><\/span><img loading=\"lazy\" decoding=\"async\" width=\"1764\" height=\"1409\" sizes=\"auto, (max-width: 799px) 200vw, (max-width: 1764px) 100vw, 1764px\" class=\"wp-block-cover__image-background wp-image-3195\" alt=\"\" src=\"https:\/\/www.flagbeach.com\/wp-content\/uploads\/2022\/05\/fb3fb44b-2a3b-4774-8973-02c8c229353f-002.jpg\" style=\"object-position:54% 49%\" data-object-fit=\"cover\" data-object-position=\"54% 49%\" srcset=\"https:\/\/www.flagbeach.com\/wp-content\/uploads\/2022\/05\/fb3fb44b-2a3b-4774-8973-02c8c229353f-002.jpg 1764w, https:\/\/www.flagbeach.com\/wp-content\/uploads\/2022\/05\/fb3fb44b-2a3b-4774-8973-02c8c229353f-002-300x240.jpg 300w, https:\/\/www.flagbeach.com\/wp-content\/uploads\/2022\/05\/fb3fb44b-2a3b-4774-8973-02c8c229353f-002-1024x818.jpg 1024w, https:\/\/www.flagbeach.com\/wp-content\/uploads\/2022\/05\/fb3fb44b-2a3b-4774-8973-02c8c229353f-002-768x613.jpg 768w, https:\/\/www.flagbeach.com\/wp-content\/uploads\/2022\/05\/fb3fb44b-2a3b-4774-8973-02c8c229353f-002-1536x1227.jpg 1536w, https:\/\/www.flagbeach.com\/wp-content\/uploads\/2022\/05\/fb3fb44b-2a3b-4774-8973-02c8c229353f-002-1568x1252.jpg 1568w\" \/><div class=\"wp-block-cover__inner-container is-layout-flow wp-block-cover-is-layout-flow\">\n<h1 class=\"has-text-align-left has-subtle-color has-text-color wp-block-heading\"><span class=\"has-inline-color has-white-color\">Yoga Pakete<\/span><\/h1>\n\n\n\n<p><\/p>\n<\/div><\/div>\n\n<div class=\"wp-block-buttons is-content-justification-center is-layout-flex wp-block-buttons-is-layout-flex\">\n<div class=\"wp-block-button\"><a class=\"wp-block-button__link\" href=\"https:\/\/flagbeach.com\/book-now\/\">Buche jetzt deinen Yogakurs<\/a><\/div>\n<\/div>\n\n<div class=\"wp-block-group alignfull\"><div class=\"wp-block-group__inner-container is-layout-flow wp-block-group-is-layout-flow\">\n<h2 class=\"has-text-align-center wp-block-heading\"> Sport &amp; Yoga Pakete<\/h2>\n\n\n\n<p>Yoga und Surfsportarten (wie Wellenreiten, Kitesurfen, Windsurfen oder Wing Foilen) passen perfekt zusammen und gehen Hand in Hand, denn beide erfordern und f\u00f6rdern Gleichgewicht, Flexibilit\u00e4t und Kraft. Nutze die F\u00e4higkeiten, die du in deinen Yogastunden erlernst, sp\u00e4ter in deinem Surf-, Windsurf- oder Kitesurfkurs und sp\u00fcre, wie deine verbesserte K\u00f6rperkontrolle, Koordination und Konzentration zu einem perfekten Erlebnis f\u00fchren.<\/p>\n\n\n\n<div class=\"wp-block-columns alignwide is-layout-flex wp-container-core-columns-is-layout-d0b3c9c8 wp-block-columns-is-layout-flex\">\n<div class=\"wp-block-column is-layout-flow wp-block-column-is-layout-flow\" style=\"--col-width:33.33%;flex-basis:33.33%\">\n<figure class=\"wp-block-image size-large\"><img loading=\"lazy\" decoding=\"async\" width=\"1024\" height=\"769\" src=\"https:\/\/www.flagbeach.com\/wp-content\/uploads\/2021\/09\/P2210041-1024x769.jpg\" alt=\"\" class=\"wp-image-2566\" srcset=\"https:\/\/www.flagbeach.com\/wp-content\/uploads\/2021\/09\/P2210041-1024x769.jpg 1024w, https:\/\/www.flagbeach.com\/wp-content\/uploads\/2021\/09\/P2210041-300x225.jpg 300w, https:\/\/www.flagbeach.com\/wp-content\/uploads\/2021\/09\/P2210041-768x577.jpg 768w, https:\/\/www.flagbeach.com\/wp-content\/uploads\/2021\/09\/P2210041-1536x1153.jpg 1536w, https:\/\/www.flagbeach.com\/wp-content\/uploads\/2021\/09\/P2210041-2048x1538.jpg 2048w, https:\/\/www.flagbeach.com\/wp-content\/uploads\/2021\/09\/P2210041-1568x1177.jpg 1568w\" sizes=\"auto, (max-width: 1024px) 100vw, 1024px\" \/><\/figure>\n\n\n\n<figure class=\"wp-block-image size-large\"><img loading=\"lazy\" decoding=\"async\" width=\"1024\" height=\"681\" src=\"https:\/\/www.flagbeach.com\/wp-content\/uploads\/2021\/10\/SUP-1-1024x681.jpg\" alt=\"\" class=\"wp-image-2701\" srcset=\"https:\/\/www.flagbeach.com\/wp-content\/uploads\/2021\/10\/SUP-1-1024x681.jpg 1024w, https:\/\/www.flagbeach.com\/wp-content\/uploads\/2021\/10\/SUP-1-300x200.jpg 300w, https:\/\/www.flagbeach.com\/wp-content\/uploads\/2021\/10\/SUP-1-768x511.jpg 768w, https:\/\/www.flagbeach.com\/wp-content\/uploads\/2021\/10\/SUP-1-1536x1022.jpg 1536w, https:\/\/www.flagbeach.com\/wp-content\/uploads\/2021\/10\/SUP-1-2048x1363.jpg 2048w, https:\/\/www.flagbeach.com\/wp-content\/uploads\/2021\/10\/SUP-1-1568x1044.jpg 1568w\" sizes=\"auto, (max-width: 1024px) 100vw, 1024px\" \/><\/figure>\n<\/div>\n\n\n\n<div class=\"wp-block-column is-layout-flow wp-block-column-is-layout-flow\" style=\"--col-width:66.66%;flex-basis:66.66%\">\n<figure class=\"wp-block-image size-large\"><img loading=\"lazy\" decoding=\"async\" width=\"1024\" height=\"384\" src=\"https:\/\/www.flagbeach.com\/wp-content\/uploads\/2021\/02\/Action-shots-Echo-2020_102_1440x540_acf_cropped-1024x384.jpg\" alt=\"Wing Foiling bei Flag Beach\" class=\"wp-image-906\" srcset=\"https:\/\/www.flagbeach.com\/wp-content\/uploads\/2021\/02\/Action-shots-Echo-2020_102_1440x540_acf_cropped-1024x384.jpg 1024w, https:\/\/www.flagbeach.com\/wp-content\/uploads\/2021\/02\/Action-shots-Echo-2020_102_1440x540_acf_cropped-300x113.jpg 300w, https:\/\/www.flagbeach.com\/wp-content\/uploads\/2021\/02\/Action-shots-Echo-2020_102_1440x540_acf_cropped-768x288.jpg 768w, https:\/\/www.flagbeach.com\/wp-content\/uploads\/2021\/02\/Action-shots-Echo-2020_102_1440x540_acf_cropped.jpg 1440w\" sizes=\"auto, (max-width: 1024px) 100vw, 1024px\" \/><\/figure>\n\n\n\n<p><\/p>\n<\/div>\n<\/div>\n\n\n\n<h2 class=\"alignwide has-text-align-center wp-block-heading\">Yoga Unterricht<\/h2>\n\n\n\n<p>Warum buchst du nicht eine Reihe von Yogastunden w\u00e4hrend deines Aufenthalts, auch wenn du bereits einen Surfkurs bei uns gebucht haben solltest. Wir haben in der Regel 2 Kurse pro Tag, einen Kurs am fr\u00fchen Morgen und einen Kurs am sp\u00e4ten Nachmittag.<\/p>\n\n\n\n<p>Der Yogakurs findet entweder in unserem Surfers Retreat oder am Strand statt, je nach Wetterlage. Der Unterricht umfasst auch:<\/p>\n\n\n\n<ul class=\"wp-block-list\"><li>Transport, falls erforderlich<\/li><li>Yoga Matte<\/li><\/ul>\n\n\n\n<div class=\"wp-block-getwid-accordion has-icon-left\" data-active-element=\"none\"><\/div>\n\n\n\n<h3 class=\"wp-block-heading\">Preis pro Person<\/h3>\n\n\n\n<div class=\"wp-block-group alignfull\"><div class=\"wp-block-group__inner-container is-layout-flow wp-block-group-is-layout-flow\">\n<figure class=\"wp-block-table tw-row-valign-top is-style-tw-border-h\"><table><tbody><tr><td>1 Tag Yoga (Gruppen Unterricht)<\/td><td class=\"has-text-align-right\" data-align=\"right\">\u20ac15<\/td><\/tr><tr><td>5 Tage Yoga Paket mit Erm\u00e4\u00dfigung (Gruppen Unterricht)<\/td><td class=\"has-text-align-right\" data-align=\"right\">\u20ac60<\/td><\/tr><tr><td> Privater Yoga Unterricht (1 Person) <\/td><td class=\"has-text-align-right\" data-align=\"right\">\u20ac420<\/td><\/tr><\/tbody><\/table><\/figure>\n<\/div><\/div>\n\n\n\n<div class=\"wp-block-buttons is-content-justification-center is-layout-flex wp-block-buttons-is-layout-flex\">\n<div class=\"wp-block-button\"><a class=\"wp-block-button__link\" href=\"https:\/\/flagbeach.com\/book-now\/\">Buche jetzt deinen Yogakurs<\/a><\/div>\n<\/div>\n\n\n\n<div class=\"wp-block-cover alignfull\" style=\"min-height:423px;aspect-ratio:unset;\"><img loading=\"lazy\" decoding=\"async\" width=\"2560\" height=\"1736\" sizes=\"auto, (max-width: 799px) 200vw, (max-width: 2560px) 100vw, 2560px\" class=\"wp-block-cover__image-background wp-image-2596\" alt=\"\" src=\"https:\/\/www.flagbeach.com\/wp-content\/uploads\/2021\/09\/MG_7087-scaled.jpg\" style=\"object-position:51% 59%\" data-object-fit=\"cover\" data-object-position=\"51% 59%\" srcset=\"https:\/\/www.flagbeach.com\/wp-content\/uploads\/2021\/09\/MG_7087-scaled.jpg 2560w, https:\/\/www.flagbeach.com\/wp-content\/uploads\/2021\/09\/MG_7087-300x203.jpg 300w, https:\/\/www.flagbeach.com\/wp-content\/uploads\/2021\/09\/MG_7087-1024x694.jpg 1024w, https:\/\/www.flagbeach.com\/wp-content\/uploads\/2021\/09\/MG_7087-768x521.jpg 768w, https:\/\/www.flagbeach.com\/wp-content\/uploads\/2021\/09\/MG_7087-1536x1042.jpg 1536w, https:\/\/www.flagbeach.com\/wp-content\/uploads\/2021\/09\/MG_7087-2048x1389.jpg 2048w, https:\/\/www.flagbeach.com\/wp-content\/uploads\/2021\/09\/MG_7087-1568x1063.jpg 1568w\" \/><div class=\"wp-block-cover__inner-container is-layout-flow wp-block-cover-is-layout-flow\">\n<p class=\"has-text-align-center has-large-font-size\">Komme mit uns&#8230;<\/p>\n<\/div><\/div>\n\n\n\n<h2 class=\"alignwide wp-block-heading\">Sport &amp; Yoga Pakete<\/h2>\n\n\n\n<div class=\"wp-block-group alignfull\"><div class=\"wp-block-group__inner-container is-layout-flow wp-block-group-is-layout-flow\">\n<figure class=\"wp-block-table tw-row-valign-top is-style-tw-border-h\"><table><tbody><tr><td>1 Woche Surf &amp; Yoga Paket<\/td><td class=\"has-text-align-right\" data-align=\"right\">\u20ac475<\/td><\/tr><tr><td>2 Wochen Surf &amp; Yoga Paket <\/td><td class=\"has-text-align-right\" data-align=\"right\">\u20ac855<\/td><\/tr><tr><td>1 Woche Windsurf &amp; Yoga Paket<\/td><td class=\"has-text-align-right\" data-align=\"right\">\u20ac620<\/td><\/tr><tr><td> 2 Wochen Windsurf &amp; Yoga Paket <\/td><td class=\"has-text-align-right\" data-align=\"right\">\u20ac1075<\/td><\/tr><tr><td>1 Woche Kitesurf &amp; Yoga Paket <\/td><td class=\"has-text-align-right\" data-align=\"right\">\u20ac780<\/td><\/tr><tr><td> 2 Wochen Kitesurf &amp; Yoga Paket <\/td><td class=\"has-text-align-right\" data-align=\"right\">\u20ac1186<\/td><\/tr><\/tbody><\/table><\/figure>\n\n\n\n<p><\/p>\n<\/div><\/div>\n\n\n\n<div class=\"wp-block-buttons is-content-justification-center is-layout-flex wp-block-buttons-is-layout-flex\">\n<div class=\"wp-block-button\"><a class=\"wp-block-button__link\" href=\"https:\/\/flagbeach.com\/book-now\/\">Buche dein Paket jetzt!<\/a><\/div>\n<\/div>\n<\/div><\/div>\n\n<hr class=\"wp-block-separator\"\/>\n\n<div class=\"wp-block-cover alignfull\" style=\"min-height:282px;aspect-ratio:unset;\"><img loading=\"lazy\" decoding=\"async\" width=\"1600\" height=\"700\" sizes=\"auto, (max-width: 799px) 200vw, (max-width: 1600px) 100vw, 1600px\" class=\"wp-block-cover__image-background wp-image-14\" alt=\"\" src=\"https:\/\/www.flagbeach.com\/wp-content\/uploads\/2021\/01\/fb-hero-1600-1.jpg\" style=\"object-position:50% 21%\" data-object-fit=\"cover\" data-object-position=\"50% 21%\" srcset=\"https:\/\/www.flagbeach.com\/wp-content\/uploads\/2021\/01\/fb-hero-1600-1.jpg 1600w, https:\/\/www.flagbeach.com\/wp-content\/uploads\/2021\/01\/fb-hero-1600-1-300x131.jpg 300w, https:\/\/www.flagbeach.com\/wp-content\/uploads\/2021\/01\/fb-hero-1600-1-1024x448.jpg 1024w, https:\/\/www.flagbeach.com\/wp-content\/uploads\/2021\/01\/fb-hero-1600-1-768x336.jpg 768w, https:\/\/www.flagbeach.com\/wp-content\/uploads\/2021\/01\/fb-hero-1600-1-1536x672.jpg 1536w, https:\/\/www.flagbeach.com\/wp-content\/uploads\/2021\/01\/fb-hero-1600-1-1568x686.jpg 1568w\" \/><div class=\"wp-block-cover__inner-container is-layout-flow wp-block-cover-is-layout-flow\">\n<p class=\"has-text-align-center has-large-font-size\"><\/p>\n<\/div><\/div>\n","protected":false},"excerpt":{"rendered":"<p>Sport &amp; Yoga Pakete Yoga und Surfsportarten (wie Wellenreiten, Kitesurfen, Windsurfen oder Wing Foilen) passen perfekt zusammen und gehen Hand in Hand, denn beide erfordern und f\u00f6rdern Gleichgewicht, Flexibilit\u00e4t und Kraft. Nutze die F\u00e4higkeiten, die du in deinen Yogastunden erlernst, sp\u00e4ter in deinem Surf-, Windsurf- oder Kitesurfkurs und sp\u00fcre, wie deine verbesserte K\u00f6rperkontrolle, Koordination und&hellip; <a class=\"more-link\" href=\"https:\/\/www.flagbeach.com\/de\/yoga\/yoga-pakete\/\"><span class=\"screen-reader-text\">Yoga Pakete<\/span> weiterlesen<\/a><\/p>\n","protected":false},"author":2,"featured_media":0,"parent":3178,"menu_order":0,"comment_status":"closed","ping_status":"closed","template":"tw-header-transparent.php","meta":{"footnotes":""},"class_list":["post-3235","page","type-page","status-publish","hentry","entry"],"_links":{"self":[{"href":"https:\/\/www.flagbeach.com\/de\/wp-json\/wp\/v2\/pages\/3235","targetHints":{"allow":["GET"]}}],"collection":[{"href":"https:\/\/www.flagbeach.com\/de\/wp-json\/wp\/v2\/pages"}],"about":[{"href":"https:\/\/www.flagbeach.com\/de\/wp-json\/wp\/v2\/types\/page"}],"author":[{"embeddable":true,"href":"https:\/\/www.flagbeach.com\/de\/wp-json\/wp\/v2\/users\/2"}],"replies":[{"embeddable":true,"href":"https:\/\/www.flagbeach.com\/de\/wp-json\/wp\/v2\/comments?post=3235"}],"version-history":[{"count":21,"href":"https:\/\/www.flagbeach.com\/de\/wp-json\/wp\/v2\/pages\/3235\/revisions"}],"predecessor-version":[{"id":13910,"href":"https:\/\/www.flagbeach.com\/de\/wp-json\/wp\/v2\/pages\/3235\/revisions\/13910"}],"up":[{"embeddable":true,"href":"https:\/\/www.flagbeach.com\/de\/wp-json\/wp\/v2\/pages\/3178"}],"wp:attachment":[{"href":"https:\/\/www.flagbeach.com\/de\/wp-json\/wp\/v2\/media?parent=3235"}],"curies":[{"name":"wp","href":"https:\/\/api.w.org\/{rel}","templated":true}]}}