{"id":3200,"date":"2022-06-08T11:35:22","date_gmt":"2022-06-08T11:35:22","guid":{"rendered":"https:\/\/flagbeach.com\/?page_id=3200"},"modified":"2026-01-21T12:20:20","modified_gmt":"2026-01-21T12:20:20","slug":"el-caleton","status":"publish","type":"page","link":"https:\/\/www.flagbeach.com\/de\/unterkuenfte\/el-caleton\/","title":{"rendered":"El Caleton"},"content":{"rendered":"\n<div class=\"wp-block-cover alignfull has-custom-content-position is-position-top-left\" style=\"min-height:30vw;aspect-ratio:unset;\"><span aria-hidden=\"true\" class=\"wp-block-cover__background has-background-dim-100 has-background-dim wp-block-cover__gradient-background has-background-gradient\" style=\"background:linear-gradient(180deg,rgb(20,62,94) 0%,rgba(255,255,255,0) 48%,rgba(20,61,93,0) 67%,rgb(20,62,94) 100%)\"><\/span><img loading=\"lazy\" decoding=\"async\" width=\"2560\" height=\"1722\" sizes=\"auto, (max-width: 799px) 200vw, (max-width: 2560px) 100vw, 2560px\" class=\"wp-block-cover__image-background wp-image-3109\" alt=\"\" src=\"https:\/\/www.flagbeach.com\/wp-content\/uploads\/2022\/05\/DSC01659-scaled.jpg\" style=\"object-position:56% 50%\" data-object-fit=\"cover\" data-object-position=\"56% 50%\" srcset=\"https:\/\/www.flagbeach.com\/wp-content\/uploads\/2022\/05\/DSC01659-scaled.jpg 2560w, https:\/\/www.flagbeach.com\/wp-content\/uploads\/2022\/05\/DSC01659-300x202.jpg 300w, https:\/\/www.flagbeach.com\/wp-content\/uploads\/2022\/05\/DSC01659-1024x689.jpg 1024w, https:\/\/www.flagbeach.com\/wp-content\/uploads\/2022\/05\/DSC01659-768x517.jpg 768w, https:\/\/www.flagbeach.com\/wp-content\/uploads\/2022\/05\/DSC01659-1536x1033.jpg 1536w, https:\/\/www.flagbeach.com\/wp-content\/uploads\/2022\/05\/DSC01659-2048x1378.jpg 2048w, https:\/\/www.flagbeach.com\/wp-content\/uploads\/2022\/05\/DSC01659-1568x1055.jpg 1568w\" \/><div class=\"wp-block-cover__inner-container is-layout-flow wp-block-cover-is-layout-flow\">\n<h1 class=\"wp-block-heading has-text-align-left has-subtle-color has-text-color\">El Caleton<\/h1>\n\n\n\n<p><\/p>\n<\/div><\/div>\n\n<div class=\"wp-block-buttons is-horizontal is-content-justification-center is-layout-flex wp-container-core-buttons-is-layout-03627597 wp-block-buttons-is-layout-flex\">\n<div class=\"wp-block-button\"><a class=\"wp-block-button__link wp-element-button\" href=\"https:\/\/flagbeach.com\/book-now\/\" target=\"_blank\" rel=\"noreferrer noopener\">Buche jetzt deinen Aufenthalt in El Caleton<\/a><\/div>\n<\/div>\n\n<div class=\"wp-block-group alignfull\"><div class=\"wp-block-group__inner-container is-layout-flow wp-block-group-is-layout-flow\">\n<div class=\"wp-block-columns alignwide are-vertically-aligned-center is-style-default tw-gutter-large tw-cols-stack-md is-layout-flex wp-container-core-columns-is-layout-d0b3c9c8 wp-block-columns-is-layout-flex\">\n<div class=\"wp-block-column is-vertically-aligned-center is-layout-flow wp-block-column-is-layout-flow\">\n<h3 class=\"wp-block-heading has-white-color has-text-color\">Du suchst ein Apartment am Strand auf Fuerteventura? El Caleton ist eine 2-Zimmer-Wohnung direkt am Strand in El Cotillo. Es ist ein perfekter Ort, wenn du in der N\u00e4he der Nordk\u00fcste sein willst.<\/h3>\n<\/div>\n\n\n\n<div class=\"wp-block-column is-vertically-aligned-center is-layout-flow wp-block-column-is-layout-flow\">\n<div class=\"wp-block-getwid-images-slider has-arrows-inside has-dots-inside has-images-center has-cropped-images alignwide\"><div class=\"wp-block-getwid-images-slider__wrapper\" data-effect=\"slide\" data-slides-show=\"1\" data-slides-show-laptop=\"1\" data-slides-show-tablet=\"1\" data-slides-show-mobile=\"1\" data-slides-scroll=\"1\" data-autoplay=\"false\" data-autoplay-speed=\"6000\" data-infinite=\"true\" data-animation-speed=\"800\" data-center-mode=\"false\" data-variable-width=\"false\" data-arrows=\"inside\" data-dots=\"inside\" data-spacing=\"none\"><div class=\"wp-block-getwid-images-slider__item\"><figure><img loading=\"lazy\" decoding=\"async\" width=\"2560\" height=\"1722\" src=\"https:\/\/www.flagbeach.com\/wp-content\/uploads\/2022\/05\/DSC01659-1-scaled.jpg\" data-id=\"3207\" data-link=\"https:\/\/flagbeach.com\/accommodation\/el-caleton\/dsc01659-2\/\" data-original-link=\"https:\/\/www.flagbeach.com\/wp-content\/uploads\/2022\/05\/DSC01659-1-scaled.jpg\" class=\"wp-block-getwid-images-slider__image wp-image-3207\" srcset=\"https:\/\/www.flagbeach.com\/wp-content\/uploads\/2022\/05\/DSC01659-1-scaled.jpg 2560w, https:\/\/www.flagbeach.com\/wp-content\/uploads\/2022\/05\/DSC01659-1-300x202.jpg 300w, https:\/\/www.flagbeach.com\/wp-content\/uploads\/2022\/05\/DSC01659-1-1024x689.jpg 1024w, https:\/\/www.flagbeach.com\/wp-content\/uploads\/2022\/05\/DSC01659-1-768x517.jpg 768w, https:\/\/www.flagbeach.com\/wp-content\/uploads\/2022\/05\/DSC01659-1-1536x1033.jpg 1536w, https:\/\/www.flagbeach.com\/wp-content\/uploads\/2022\/05\/DSC01659-1-2048x1378.jpg 2048w, https:\/\/www.flagbeach.com\/wp-content\/uploads\/2022\/05\/DSC01659-1-1568x1055.jpg 1568w\" sizes=\"auto, (max-width: 2560px) 100vw, 2560px\" \/><figcaption class=\"wp-block-getwid-images-slider__caption\">Hauptgeb\u00e4ude<\/figcaption><\/figure><\/div><div class=\"wp-block-getwid-images-slider__item\"><figure><img loading=\"lazy\" decoding=\"async\" width=\"2560\" height=\"1722\" src=\"https:\/\/www.flagbeach.com\/wp-content\/uploads\/2022\/05\/DSC01605-scaled.jpg\" data-id=\"3204\" data-link=\"https:\/\/flagbeach.com\/accommodation\/el-caleton\/dsc01605\/\" data-original-link=\"https:\/\/www.flagbeach.com\/wp-content\/uploads\/2022\/05\/DSC01605-scaled.jpg\" class=\"wp-block-getwid-images-slider__image wp-image-3204\" srcset=\"https:\/\/www.flagbeach.com\/wp-content\/uploads\/2022\/05\/DSC01605-scaled.jpg 2560w, https:\/\/www.flagbeach.com\/wp-content\/uploads\/2022\/05\/DSC01605-300x202.jpg 300w, https:\/\/www.flagbeach.com\/wp-content\/uploads\/2022\/05\/DSC01605-1024x689.jpg 1024w, https:\/\/www.flagbeach.com\/wp-content\/uploads\/2022\/05\/DSC01605-768x517.jpg 768w, https:\/\/www.flagbeach.com\/wp-content\/uploads\/2022\/05\/DSC01605-1536x1033.jpg 1536w, https:\/\/www.flagbeach.com\/wp-content\/uploads\/2022\/05\/DSC01605-2048x1378.jpg 2048w, https:\/\/www.flagbeach.com\/wp-content\/uploads\/2022\/05\/DSC01605-1568x1055.jpg 1568w\" sizes=\"auto, (max-width: 2560px) 100vw, 2560px\" \/><figcaption class=\"wp-block-getwid-images-slider__caption\">Blick vom Balkon<\/figcaption><\/figure><\/div><div class=\"wp-block-getwid-images-slider__item\"><figure><img loading=\"lazy\" decoding=\"async\" width=\"2560\" height=\"1707\" src=\"https:\/\/www.flagbeach.com\/wp-content\/uploads\/2022\/05\/DSC01743-1-scaled.jpg\" data-id=\"3210\" data-link=\"https:\/\/flagbeach.com\/accommodation\/el-caleton\/dsc01743-2\/\" data-original-link=\"https:\/\/www.flagbeach.com\/wp-content\/uploads\/2022\/05\/DSC01743-1-scaled.jpg\" class=\"wp-block-getwid-images-slider__image wp-image-3210\" srcset=\"https:\/\/www.flagbeach.com\/wp-content\/uploads\/2022\/05\/DSC01743-1-scaled.jpg 2560w, https:\/\/www.flagbeach.com\/wp-content\/uploads\/2022\/05\/DSC01743-1-300x200.jpg 300w, https:\/\/www.flagbeach.com\/wp-content\/uploads\/2022\/05\/DSC01743-1-1024x683.jpg 1024w, https:\/\/www.flagbeach.com\/wp-content\/uploads\/2022\/05\/DSC01743-1-768x512.jpg 768w, https:\/\/www.flagbeach.com\/wp-content\/uploads\/2022\/05\/DSC01743-1-1536x1024.jpg 1536w, https:\/\/www.flagbeach.com\/wp-content\/uploads\/2022\/05\/DSC01743-1-2048x1365.jpg 2048w, https:\/\/www.flagbeach.com\/wp-content\/uploads\/2022\/05\/DSC01743-1-1568x1045.jpg 1568w\" sizes=\"auto, (max-width: 2560px) 100vw, 2560px\" \/><figcaption class=\"wp-block-getwid-images-slider__caption\">Zweibettzimmer<\/figcaption><\/figure><\/div><div class=\"wp-block-getwid-images-slider__item\"><figure><img loading=\"lazy\" decoding=\"async\" width=\"2560\" height=\"1707\" src=\"https:\/\/www.flagbeach.com\/wp-content\/uploads\/2022\/05\/DSC01758-1-scaled.jpg\" data-id=\"3213\" data-link=\"https:\/\/flagbeach.com\/accommodation\/el-caleton\/dsc01758-2\/\" data-original-link=\"https:\/\/www.flagbeach.com\/wp-content\/uploads\/2022\/05\/DSC01758-1-scaled.jpg\" class=\"wp-block-getwid-images-slider__image wp-image-3213\" srcset=\"https:\/\/www.flagbeach.com\/wp-content\/uploads\/2022\/05\/DSC01758-1-scaled.jpg 2560w, https:\/\/www.flagbeach.com\/wp-content\/uploads\/2022\/05\/DSC01758-1-300x200.jpg 300w, https:\/\/www.flagbeach.com\/wp-content\/uploads\/2022\/05\/DSC01758-1-1024x683.jpg 1024w, https:\/\/www.flagbeach.com\/wp-content\/uploads\/2022\/05\/DSC01758-1-768x512.jpg 768w, https:\/\/www.flagbeach.com\/wp-content\/uploads\/2022\/05\/DSC01758-1-1536x1024.jpg 1536w, https:\/\/www.flagbeach.com\/wp-content\/uploads\/2022\/05\/DSC01758-1-2048x1365.jpg 2048w, https:\/\/www.flagbeach.com\/wp-content\/uploads\/2022\/05\/DSC01758-1-1568x1045.jpg 1568w\" sizes=\"auto, (max-width: 2560px) 100vw, 2560px\" \/><figcaption class=\"wp-block-getwid-images-slider__caption\">Hauptschlafzimmer<\/figcaption><\/figure><\/div><div class=\"wp-block-getwid-images-slider__item\"><figure><img loading=\"lazy\" decoding=\"async\" width=\"1707\" height=\"2560\" src=\"https:\/\/www.flagbeach.com\/wp-content\/uploads\/2022\/05\/DSC01759-scaled.jpg\" data-id=\"3216\" data-link=\"https:\/\/flagbeach.com\/accommodation\/el-caleton\/dsc01759\/\" data-original-link=\"https:\/\/www.flagbeach.com\/wp-content\/uploads\/2022\/05\/DSC01759-scaled.jpg\" class=\"wp-block-getwid-images-slider__image wp-image-3216\" srcset=\"https:\/\/www.flagbeach.com\/wp-content\/uploads\/2022\/05\/DSC01759-scaled.jpg 1707w, https:\/\/www.flagbeach.com\/wp-content\/uploads\/2022\/05\/DSC01759-200x300.jpg 200w, https:\/\/www.flagbeach.com\/wp-content\/uploads\/2022\/05\/DSC01759-683x1024.jpg 683w, https:\/\/www.flagbeach.com\/wp-content\/uploads\/2022\/05\/DSC01759-768x1152.jpg 768w, https:\/\/www.flagbeach.com\/wp-content\/uploads\/2022\/05\/DSC01759-1024x1536.jpg 1024w, https:\/\/www.flagbeach.com\/wp-content\/uploads\/2022\/05\/DSC01759-1365x2048.jpg 1365w, https:\/\/www.flagbeach.com\/wp-content\/uploads\/2022\/05\/DSC01759-1568x2352.jpg 1568w\" sizes=\"auto, (max-width: 1707px) 100vw, 1707px\" \/><figcaption class=\"wp-block-getwid-images-slider__caption\">Hauptschlafzimmer<\/figcaption><\/figure><\/div><div class=\"wp-block-getwid-images-slider__item\"><figure><img loading=\"lazy\" decoding=\"async\" width=\"1707\" height=\"2560\" src=\"https:\/\/www.flagbeach.com\/wp-content\/uploads\/2022\/05\/DSC01766-1-scaled.jpg\" data-id=\"3219\" data-link=\"https:\/\/flagbeach.com\/accommodation\/el-caleton\/dsc01766-2\/\" data-original-link=\"https:\/\/www.flagbeach.com\/wp-content\/uploads\/2022\/05\/DSC01766-1-scaled.jpg\" class=\"wp-block-getwid-images-slider__image wp-image-3219\" srcset=\"https:\/\/www.flagbeach.com\/wp-content\/uploads\/2022\/05\/DSC01766-1-scaled.jpg 1707w, https:\/\/www.flagbeach.com\/wp-content\/uploads\/2022\/05\/DSC01766-1-200x300.jpg 200w, https:\/\/www.flagbeach.com\/wp-content\/uploads\/2022\/05\/DSC01766-1-683x1024.jpg 683w, https:\/\/www.flagbeach.com\/wp-content\/uploads\/2022\/05\/DSC01766-1-768x1152.jpg 768w, https:\/\/www.flagbeach.com\/wp-content\/uploads\/2022\/05\/DSC01766-1-1024x1536.jpg 1024w, https:\/\/www.flagbeach.com\/wp-content\/uploads\/2022\/05\/DSC01766-1-1365x2048.jpg 1365w, https:\/\/www.flagbeach.com\/wp-content\/uploads\/2022\/05\/DSC01766-1-1568x2352.jpg 1568w\" sizes=\"auto, (max-width: 1707px) 100vw, 1707px\" \/><figcaption class=\"wp-block-getwid-images-slider__caption\">Wohnzimmer<\/figcaption><\/figure><\/div><div class=\"wp-block-getwid-images-slider__item\"><figure><img loading=\"lazy\" decoding=\"async\" width=\"2560\" height=\"1707\" src=\"https:\/\/www.flagbeach.com\/wp-content\/uploads\/2022\/05\/DSC01773-1-scaled.jpg\" data-id=\"3222\" data-link=\"https:\/\/flagbeach.com\/accommodation\/el-caleton\/dsc01773-2\/\" data-original-link=\"https:\/\/www.flagbeach.com\/wp-content\/uploads\/2022\/05\/DSC01773-1-scaled.jpg\" class=\"wp-block-getwid-images-slider__image wp-image-3222\" srcset=\"https:\/\/www.flagbeach.com\/wp-content\/uploads\/2022\/05\/DSC01773-1-scaled.jpg 2560w, https:\/\/www.flagbeach.com\/wp-content\/uploads\/2022\/05\/DSC01773-1-300x200.jpg 300w, https:\/\/www.flagbeach.com\/wp-content\/uploads\/2022\/05\/DSC01773-1-1024x683.jpg 1024w, https:\/\/www.flagbeach.com\/wp-content\/uploads\/2022\/05\/DSC01773-1-768x512.jpg 768w, https:\/\/www.flagbeach.com\/wp-content\/uploads\/2022\/05\/DSC01773-1-1536x1024.jpg 1536w, https:\/\/www.flagbeach.com\/wp-content\/uploads\/2022\/05\/DSC01773-1-2048x1365.jpg 2048w, https:\/\/www.flagbeach.com\/wp-content\/uploads\/2022\/05\/DSC01773-1-1568x1045.jpg 1568w\" sizes=\"auto, (max-width: 2560px) 100vw, 2560px\" \/><figcaption class=\"wp-block-getwid-images-slider__caption\">Wohnzimmer<\/figcaption><\/figure><\/div><div class=\"wp-block-getwid-images-slider__item\"><figure><img loading=\"lazy\" decoding=\"async\" width=\"2560\" height=\"1707\" src=\"https:\/\/www.flagbeach.com\/wp-content\/uploads\/2022\/05\/DSC01785-1-scaled.jpg\" data-id=\"3225\" data-link=\"https:\/\/flagbeach.com\/accommodation\/el-caleton\/dsc01785-2\/\" data-original-link=\"https:\/\/www.flagbeach.com\/wp-content\/uploads\/2022\/05\/DSC01785-1-scaled.jpg\" class=\"wp-block-getwid-images-slider__image wp-image-3225\" srcset=\"https:\/\/www.flagbeach.com\/wp-content\/uploads\/2022\/05\/DSC01785-1-scaled.jpg 2560w, https:\/\/www.flagbeach.com\/wp-content\/uploads\/2022\/05\/DSC01785-1-300x200.jpg 300w, https:\/\/www.flagbeach.com\/wp-content\/uploads\/2022\/05\/DSC01785-1-1024x683.jpg 1024w, https:\/\/www.flagbeach.com\/wp-content\/uploads\/2022\/05\/DSC01785-1-768x512.jpg 768w, https:\/\/www.flagbeach.com\/wp-content\/uploads\/2022\/05\/DSC01785-1-1536x1024.jpg 1536w, https:\/\/www.flagbeach.com\/wp-content\/uploads\/2022\/05\/DSC01785-1-2048x1365.jpg 2048w, https:\/\/www.flagbeach.com\/wp-content\/uploads\/2022\/05\/DSC01785-1-1568x1045.jpg 1568w\" sizes=\"auto, (max-width: 2560px) 100vw, 2560px\" \/><figcaption class=\"wp-block-getwid-images-slider__caption\">Essbereich<\/figcaption><\/figure><\/div><div class=\"wp-block-getwid-images-slider__item\"><figure><img loading=\"lazy\" decoding=\"async\" width=\"2560\" height=\"1707\" src=\"https:\/\/www.flagbeach.com\/wp-content\/uploads\/2022\/05\/DSC01789-1-scaled.jpg\" data-id=\"3228\" data-link=\"https:\/\/flagbeach.com\/accommodation\/el-caleton\/dsc01789-2\/\" data-original-link=\"https:\/\/www.flagbeach.com\/wp-content\/uploads\/2022\/05\/DSC01789-1-scaled.jpg\" class=\"wp-block-getwid-images-slider__image wp-image-3228\" srcset=\"https:\/\/www.flagbeach.com\/wp-content\/uploads\/2022\/05\/DSC01789-1-scaled.jpg 2560w, https:\/\/www.flagbeach.com\/wp-content\/uploads\/2022\/05\/DSC01789-1-300x200.jpg 300w, https:\/\/www.flagbeach.com\/wp-content\/uploads\/2022\/05\/DSC01789-1-1024x683.jpg 1024w, https:\/\/www.flagbeach.com\/wp-content\/uploads\/2022\/05\/DSC01789-1-768x512.jpg 768w, https:\/\/www.flagbeach.com\/wp-content\/uploads\/2022\/05\/DSC01789-1-1536x1024.jpg 1536w, https:\/\/www.flagbeach.com\/wp-content\/uploads\/2022\/05\/DSC01789-1-2048x1365.jpg 2048w, https:\/\/www.flagbeach.com\/wp-content\/uploads\/2022\/05\/DSC01789-1-1568x1045.jpg 1568w\" sizes=\"auto, (max-width: 2560px) 100vw, 2560px\" \/><figcaption class=\"wp-block-getwid-images-slider__caption\">K\u00fcche und Essbereich<\/figcaption><\/figure><\/div><div class=\"wp-block-getwid-images-slider__item\"><figure><img loading=\"lazy\" decoding=\"async\" width=\"2560\" height=\"1921\" src=\"https:\/\/www.flagbeach.com\/wp-content\/uploads\/2023\/02\/IMG_0215-002-scaled.jpg\" data-id=\"4175\" data-link=\"https:\/\/flagbeach.com\/accommodation\/el-caleton\/img_0215-002\/\" data-original-link=\"https:\/\/www.flagbeach.com\/wp-content\/uploads\/2023\/02\/IMG_0215-002-scaled.jpg\" class=\"wp-block-getwid-images-slider__image wp-image-4175\" srcset=\"https:\/\/www.flagbeach.com\/wp-content\/uploads\/2023\/02\/IMG_0215-002-scaled.jpg 2560w, https:\/\/www.flagbeach.com\/wp-content\/uploads\/2023\/02\/IMG_0215-002-300x225.jpg 300w, https:\/\/www.flagbeach.com\/wp-content\/uploads\/2023\/02\/IMG_0215-002-1024x768.jpg 1024w, https:\/\/www.flagbeach.com\/wp-content\/uploads\/2023\/02\/IMG_0215-002-768x576.jpg 768w, https:\/\/www.flagbeach.com\/wp-content\/uploads\/2023\/02\/IMG_0215-002-1536x1152.jpg 1536w, https:\/\/www.flagbeach.com\/wp-content\/uploads\/2023\/02\/IMG_0215-002-2048x1536.jpg 2048w, https:\/\/www.flagbeach.com\/wp-content\/uploads\/2023\/02\/IMG_0215-002-1568x1176.jpg 1568w\" sizes=\"auto, (max-width: 2560px) 100vw, 2560px\" \/><figcaption class=\"wp-block-getwid-images-slider__caption\">Wohnzimmer<\/figcaption><\/figure><\/div><\/div><\/div>\n<\/div>\n<\/div>\n<\/div><\/div>\n\n<p>El Caleton ist ein komfortables Apartment mit 2 Schlafzimmern, das zwischen El Cotillo und dem Faro de El Toston liegt. Es liegt 2 km n\u00f6rdlich von Cotillo Hauptort und ist direkt am Strand gebaut, ideal f\u00fcr alle, die jeden Morgen schwimmen wollen. <\/p>\n\n<p>Die Wohnung befindet sich im 1. Stock (oben) und verf\u00fcgt \u00fcber 2 Doppelschlafzimmer, Badezimmer mit einer Dusche. Die K\u00fcche hat eine Mikrowelle, Backofen, 4-Kochfeld Herd, Toaster und Wasserkocher. Der Essbereich und das Wohnzimmer hat Sitzgelegenheiten f\u00fcr 4 Personen und kommt mit einem TV, Wifi und viele B\u00fccher und DVD&#8217;s.<\/p>\n\n<p>Drau\u00dfen gibt es einen nach S\u00fcden ausgerichteten Balkon mit einem Tisch und 4 St\u00fchlen mit Blick auf den Garten mit Blick auf den Strand und hat die meiste Zeit des Tages Sonne. Es gibt einen kostenlosen Parkplatz direkt neben dem Komplex.<\/p>\n\n<p>Bitte beachten Sie, dass diese Wohnung nicht f\u00fcr Rollstuhlfahrer geeignet ist.<\/p>\n\n<h3 class=\"wp-block-heading\">Preise<\/h3>\n\n<div class=\"wp-block-group alignfull\"><div class=\"wp-block-group__inner-container is-layout-flow wp-block-group-is-layout-flow\">\n<figure class=\"wp-block-table tw-row-valign-top is-style-tw-border-h\"><table><tbody><tr><td>1-2 Personen<\/td><td class=\"has-text-align-right\" data-align=\"right\">\u20ac90 pro Nacht<\/td><\/tr><tr><td>3 Personen<\/td><td class=\"has-text-align-right\" data-align=\"right\">\u20ac100 pro Nacht<\/td><\/tr><tr><td>4 Personen<\/td><td class=\"has-text-align-right\" data-align=\"right\">ab 110 \u20ac pro Nacht<\/td><\/tr><\/tbody><\/table><\/figure>\n<\/div><\/div>\n\n<div class=\"wp-block-buttons is-horizontal is-content-justification-center is-layout-flex wp-container-core-buttons-is-layout-03627597 wp-block-buttons-is-layout-flex\">\n<div class=\"wp-block-button\"><a class=\"wp-block-button__link wp-element-button\" href=\"https:\/\/flagbeach.com\/book-now\/\" target=\"_blank\" rel=\"noreferrer noopener\">Buche jetzt deinen Aufenthalt in El Caleton<\/a><\/div>\n<\/div>\n\n<div class=\"wp-block-group alignfull\"><div class=\"wp-block-group__inner-container is-layout-flow wp-block-group-is-layout-flow\">\n<h2 class=\"wp-block-heading has-text-align-left\">Einrichtung<\/h2>\n\n\n\n<ul class=\"wp-block-list\">\n<li>Strandlage<\/li>\n\n\n\n<li>TV<\/li>\n\n\n\n<li>Selbstversorgung<\/li>\n\n\n\n<li>Wi-Fi<\/li>\n\n\n\n<li>DVD<\/li>\n\n\n\n<li>Mikrowelle, Wasserkocher, Toaster, F\u00f6hn<\/li>\n\n\n\n<li>Herd<\/li>\n\n\n\n<li>K\u00fchlschrank mit Gefrierfach<\/li>\n\n\n\n<li>B\u00fcgeleisen<\/li>\n\n\n\n<li>Voll ausgestattete K\u00fcche<\/li>\n\n\n\n<li>Bettlaken<\/li>\n\n\n\n<li>Handt\u00fccher<\/li>\n\n\n\n<li>Blick auf den Sonnenuntergang<\/li>\n<\/ul>\n<\/div><\/div>\n","protected":false},"excerpt":{"rendered":"<p>Du suchst ein Apartment am Strand auf Fuerteventura? El Caleton ist eine 2-Zimmer-Wohnung direkt am Strand in El Cotillo. Es ist ein perfekter Ort, wenn du in der N\u00e4he der Nordk\u00fcste sein willst. El Caleton ist ein komfortables Apartment mit 2 Schlafzimmern, das zwischen El Cotillo und dem Faro de El Toston liegt. Es liegt&hellip; <a class=\"more-link\" href=\"https:\/\/www.flagbeach.com\/de\/unterkuenfte\/el-caleton\/\"><span class=\"screen-reader-text\">El Caleton<\/span> weiterlesen<\/a><\/p>\n","protected":false},"author":2,"featured_media":0,"parent":1652,"menu_order":0,"comment_status":"closed","ping_status":"closed","template":"tw-header-transparent.php","meta":{"footnotes":""},"class_list":["post-3200","page","type-page","status-publish","hentry","entry"],"_links":{"self":[{"href":"https:\/\/www.flagbeach.com\/de\/wp-json\/wp\/v2\/pages\/3200","targetHints":{"allow":["GET"]}}],"collection":[{"href":"https:\/\/www.flagbeach.com\/de\/wp-json\/wp\/v2\/pages"}],"about":[{"href":"https:\/\/www.flagbeach.com\/de\/wp-json\/wp\/v2\/types\/page"}],"author":[{"embeddable":true,"href":"https:\/\/www.flagbeach.com\/de\/wp-json\/wp\/v2\/users\/2"}],"replies":[{"embeddable":true,"href":"https:\/\/www.flagbeach.com\/de\/wp-json\/wp\/v2\/comments?post=3200"}],"version-history":[{"count":22,"href":"https:\/\/www.flagbeach.com\/de\/wp-json\/wp\/v2\/pages\/3200\/revisions"}],"predecessor-version":[{"id":13833,"href":"https:\/\/www.flagbeach.com\/de\/wp-json\/wp\/v2\/pages\/3200\/revisions\/13833"}],"up":[{"embeddable":true,"href":"https:\/\/www.flagbeach.com\/de\/wp-json\/wp\/v2\/pages\/1652"}],"wp:attachment":[{"href":"https:\/\/www.flagbeach.com\/de\/wp-json\/wp\/v2\/media?parent=3200"}],"curies":[{"name":"wp","href":"https:\/\/api.w.org\/{rel}","templated":true}]}}