{"id":3178,"date":"2022-05-16T15:42:56","date_gmt":"2022-05-16T15:42:56","guid":{"rendered":"https:\/\/flagbeach.com\/?page_id=3178"},"modified":"2026-01-29T09:54:43","modified_gmt":"2026-01-29T09:54:43","slug":"yoga","status":"publish","type":"page","link":"https:\/\/www.flagbeach.com\/de\/yoga\/","title":{"rendered":"Yoga"},"content":{"rendered":"\n<div class=\"wp-block-cover alignfull has-background-dim-100 has-background-dim has-background-gradient has-custom-content-position is-position-top-left\" style=\"min-height:30vw;aspect-ratio:unset;\"><span aria-hidden=\"true\" class=\"wp-block-cover__gradient-background\" style=\"background:linear-gradient(180deg,rgb(20,62,94) 0%,rgba(255,255,255,0) 48%,rgba(20,61,93,0) 67%,rgb(20,62,94) 100%)\"><\/span><img loading=\"lazy\" decoding=\"async\" width=\"2560\" height=\"583\" sizes=\"auto, (max-width: 799px) 200vw, (max-width: 2560px) 100vw, 2560px\" class=\"wp-block-cover__image-background wp-image-3192\" alt=\"\" src=\"https:\/\/www.flagbeach.com\/wp-content\/uploads\/2022\/05\/DSC08457-scaled.jpg\" style=\"object-position:50% 54%\" data-object-fit=\"cover\" data-object-position=\"50% 54%\" srcset=\"https:\/\/www.flagbeach.com\/wp-content\/uploads\/2022\/05\/DSC08457-scaled.jpg 2560w, https:\/\/www.flagbeach.com\/wp-content\/uploads\/2022\/05\/DSC08457-300x68.jpg 300w, https:\/\/www.flagbeach.com\/wp-content\/uploads\/2022\/05\/DSC08457-1024x233.jpg 1024w, https:\/\/www.flagbeach.com\/wp-content\/uploads\/2022\/05\/DSC08457-768x175.jpg 768w, https:\/\/www.flagbeach.com\/wp-content\/uploads\/2022\/05\/DSC08457-1536x350.jpg 1536w, https:\/\/www.flagbeach.com\/wp-content\/uploads\/2022\/05\/DSC08457-2048x466.jpg 2048w, https:\/\/www.flagbeach.com\/wp-content\/uploads\/2022\/05\/DSC08457-1568x357.jpg 1568w\" \/><div class=\"wp-block-cover__inner-container is-layout-flow wp-block-cover-is-layout-flow\">\n<h1 class=\"has-text-align-left has-subtle-color has-text-color wp-block-heading\"><span class=\"has-inline-color has-white-color\">Yoga<\/span> <\/h1>\n\n\n\n<p><\/p>\n<\/div><\/div>\n\n<div class=\"wp-block-group alignfull\"><div class=\"wp-block-group__inner-container is-layout-flow wp-block-group-is-layout-flow\">\n<div class=\"wp-block-columns alignwide are-vertically-aligned-center is-style-default tw-gutter-large tw-cols-stack-md is-layout-flex wp-container-core-columns-is-layout-d0b3c9c8 wp-block-columns-is-layout-flex\">\n<div class=\"wp-block-column is-vertically-aligned-center is-layout-flow wp-block-column-is-layout-flow\">\n<h3 class=\"wp-block-heading\">Kanalisiere dein inneres Selbst<\/h3>\n\n\n\n<p>Entfliehe deinem Alltag und komme nach Fuerteventura, um das Gleichgewicht von K\u00f6rper und Geist zu finden. Die positive Stimmung auf der Insel und das sonnige Klima l\u00e4sst dich deinen Stress vergessen. Reinige deinen K\u00f6rper im Atlantischen Ozean, w\u00e4hrend du eine Sportart erlernst, und finde dein inneres Selbst bei deinen t\u00e4glichen Yoga\u00fcbungen.<\/p>\n<\/div>\n\n\n\n<div class=\"wp-block-column is-vertically-aligned-center is-layout-flow wp-block-column-is-layout-flow\">\n<div class=\"wp-block-columns is-layout-flex wp-container-core-columns-is-layout-d0b3c9c8 wp-block-columns-is-layout-flex\">\n<div class=\"wp-block-column is-layout-flow wp-block-column-is-layout-flow\" style=\"--col-width:100%;flex-basis:100%\">\n<figure class=\"wp-block-embed is-type-video is-provider-youtube wp-block-embed-youtube wp-embed-aspect-16-9 wp-has-aspect-ratio\"><div class=\"wp-block-embed__wrapper\">\n<iframe loading=\"lazy\" title=\"All Sport Flag Beach\" width=\"750\" height=\"422\" src=\"https:\/\/www.youtube.com\/embed\/6WPhDyeVPRs?feature=oembed\" frameborder=\"0\" allow=\"accelerometer; autoplay; clipboard-write; encrypted-media; gyroscope; picture-in-picture\" allowfullscreen><\/iframe>\n<\/div><\/figure>\n<\/div>\n<\/div>\n<\/div>\n<\/div>\n<\/div><\/div>\n\n<div class=\"wp-block-buttons is-content-justification-center is-layout-flex wp-block-buttons-is-layout-flex\">\n<div class=\"wp-block-button\"><a class=\"wp-block-button__link\" href=\"https:\/\/flagbeach.com\/book-now\/\">Buche jetzt deinen Yogakurs<\/a><\/div>\n<\/div>\n\n<div class=\"wp-block-columns alignwide is-layout-flex wp-container-core-columns-is-layout-d0b3c9c8 wp-block-columns-is-layout-flex\">\n<div class=\"wp-block-column is-layout-flow wp-block-column-is-layout-flow\" style=\"--col-width:33.33%;flex-basis:33.33%\">\n<figure class=\"wp-block-image\"><img loading=\"lazy\" decoding=\"async\" width=\"750\" height=\"495\" src=\"https:\/\/www.flagbeach.com\/wp-content\/uploads\/2022\/05\/Photo-22-3-22-17-20-22-1.jpg\" alt=\"\" class=\"wp-image-3157\" srcset=\"https:\/\/www.flagbeach.com\/wp-content\/uploads\/2022\/05\/Photo-22-3-22-17-20-22-1.jpg 750w, https:\/\/www.flagbeach.com\/wp-content\/uploads\/2022\/05\/Photo-22-3-22-17-20-22-1-300x198.jpg 300w\" sizes=\"auto, (max-width: 750px) 100vw, 750px\" \/><\/figure>\n\n\n\n<figure class=\"wp-block-image size-full\"><img loading=\"lazy\" decoding=\"async\" width=\"960\" height=\"640\" src=\"https:\/\/www.flagbeach.com\/wp-content\/uploads\/2022\/05\/Nuni-Secret-Yoga-003.jpg\" alt=\"\" class=\"wp-image-3182\" srcset=\"https:\/\/www.flagbeach.com\/wp-content\/uploads\/2022\/05\/Nuni-Secret-Yoga-003.jpg 960w, https:\/\/www.flagbeach.com\/wp-content\/uploads\/2022\/05\/Nuni-Secret-Yoga-003-300x200.jpg 300w, https:\/\/www.flagbeach.com\/wp-content\/uploads\/2022\/05\/Nuni-Secret-Yoga-003-768x512.jpg 768w\" sizes=\"auto, (max-width: 960px) 100vw, 960px\" \/><\/figure>\n<\/div>\n\n\n\n<div class=\"wp-block-column is-layout-flow wp-block-column-is-layout-flow\" style=\"--col-width:66.66%;flex-basis:66.66%\">\n<figure class=\"wp-block-image size-full\"><img loading=\"lazy\" decoding=\"async\" width=\"1024\" height=\"683\" src=\"https:\/\/www.flagbeach.com\/wp-content\/uploads\/2022\/05\/Photo-22-3-22-17-20-22-2.jpg\" alt=\"\" class=\"wp-image-3160\" srcset=\"https:\/\/www.flagbeach.com\/wp-content\/uploads\/2022\/05\/Photo-22-3-22-17-20-22-2.jpg 1024w, https:\/\/www.flagbeach.com\/wp-content\/uploads\/2022\/05\/Photo-22-3-22-17-20-22-2-300x200.jpg 300w, https:\/\/www.flagbeach.com\/wp-content\/uploads\/2022\/05\/Photo-22-3-22-17-20-22-2-768x512.jpg 768w\" sizes=\"auto, (max-width: 1024px) 100vw, 1024px\" \/><\/figure>\n<\/div>\n<\/div>\n\n<div class=\"wp-block-group alignfull\"><div class=\"wp-block-group__inner-container is-layout-flow wp-block-group-is-layout-flow\">\n<p>Du kannst w\u00e4hlen, ob du die Yoga-Sitzungen am Morgen oder am Nachmittag durchf\u00fchren m\u00f6chtest. Sie finden entweder in unserem Surfers Retreat oder am Strand statt. Du kannst Yoga mit allen unseren Kursen kombinieren, egal ob es sich um Surfen, Kitesurfen, Windsurfen oder Wing Foil handelt.<\/p>\n\n\n\n<div class=\"wp-block-columns alignwide tw-cols-stack-md is-layout-flex wp-container-core-columns-is-layout-d0b3c9c8 wp-block-columns-is-layout-flex\">\n<div class=\"wp-block-column is-layout-flow wp-block-column-is-layout-flow\">\n<h3 class=\"wp-block-heading\"><span style=\"color:#fdbe07\" class=\"has-inline-color\"> Yoga-Kurse<\/span><\/h3>\n\n\n\n<figure class=\"wp-block-image size-large\"><img loading=\"lazy\" decoding=\"async\" width=\"1024\" height=\"704\" src=\"https:\/\/www.flagbeach.com\/wp-content\/uploads\/2022\/05\/XMXJ1306-1-002-1024x704.jpg\" alt=\"\" class=\"wp-image-3185\" srcset=\"https:\/\/www.flagbeach.com\/wp-content\/uploads\/2022\/05\/XMXJ1306-1-002-1024x704.jpg 1024w, https:\/\/www.flagbeach.com\/wp-content\/uploads\/2022\/05\/XMXJ1306-1-002-300x206.jpg 300w, https:\/\/www.flagbeach.com\/wp-content\/uploads\/2022\/05\/XMXJ1306-1-002-768x528.jpg 768w, https:\/\/www.flagbeach.com\/wp-content\/uploads\/2022\/05\/XMXJ1306-1-002.jpg 1227w\" sizes=\"auto, (max-width: 1024px) 100vw, 1024px\" \/><\/figure>\n\n\n\n<p>Unsere Yogakurse sind ein idealer Einstieg sowohl f\u00fcr Anf\u00e4nger als auch f\u00fcr Fortgeschrittene&#8230;<\/p>\n\n\n\n<div class=\"wp-block-buttons is-content-justification-center is-layout-flex wp-block-buttons-is-layout-flex\">\n<div class=\"wp-block-button is-style-fill\"><a class=\"wp-block-button__link\" href=\"https:\/\/flagbeach.com\/yoga\/yoga-packages\/\">Yoga-Kurse ansehen<\/a><\/div>\n<\/div>\n\n\n\n<p><\/p>\n<\/div>\n<\/div>\n<\/div><\/div>\n","protected":false},"excerpt":{"rendered":"<p>Kanalisiere dein inneres Selbst Entfliehe deinem Alltag und komme nach Fuerteventura, um das Gleichgewicht von K\u00f6rper und Geist zu finden. Die positive Stimmung auf der Insel und das sonnige Klima l\u00e4sst dich deinen Stress vergessen. Reinige deinen K\u00f6rper im Atlantischen Ozean, w\u00e4hrend du eine Sportart erlernst, und finde dein inneres Selbst bei deinen t\u00e4glichen Yoga\u00fcbungen.&hellip; <a class=\"more-link\" href=\"https:\/\/www.flagbeach.com\/de\/yoga\/\"><span class=\"screen-reader-text\">Yoga<\/span> weiterlesen<\/a><\/p>\n","protected":false},"author":2,"featured_media":0,"parent":0,"menu_order":0,"comment_status":"closed","ping_status":"closed","template":"tw-header-transparent.php","meta":{"footnotes":""},"class_list":["post-3178","page","type-page","status-publish","hentry","entry"],"_links":{"self":[{"href":"https:\/\/www.flagbeach.com\/de\/wp-json\/wp\/v2\/pages\/3178","targetHints":{"allow":["GET"]}}],"collection":[{"href":"https:\/\/www.flagbeach.com\/de\/wp-json\/wp\/v2\/pages"}],"about":[{"href":"https:\/\/www.flagbeach.com\/de\/wp-json\/wp\/v2\/types\/page"}],"author":[{"embeddable":true,"href":"https:\/\/www.flagbeach.com\/de\/wp-json\/wp\/v2\/users\/2"}],"replies":[{"embeddable":true,"href":"https:\/\/www.flagbeach.com\/de\/wp-json\/wp\/v2\/comments?post=3178"}],"version-history":[{"count":21,"href":"https:\/\/www.flagbeach.com\/de\/wp-json\/wp\/v2\/pages\/3178\/revisions"}],"predecessor-version":[{"id":13908,"href":"https:\/\/www.flagbeach.com\/de\/wp-json\/wp\/v2\/pages\/3178\/revisions\/13908"}],"wp:attachment":[{"href":"https:\/\/www.flagbeach.com\/de\/wp-json\/wp\/v2\/media?parent=3178"}],"curies":[{"name":"wp","href":"https:\/\/api.w.org\/{rel}","templated":true}]}}