{"id":281,"date":"2021-02-04T20:53:24","date_gmt":"2021-02-04T20:53:24","guid":{"rendered":"https:\/\/flagbeach.com\/kitesurfen\/"},"modified":"2026-01-25T11:10:22","modified_gmt":"2026-01-25T11:10:22","slug":"kitesurfen","status":"publish","type":"page","link":"https:\/\/www.flagbeach.com\/de\/kitesurfen\/","title":{"rendered":"Kitesurfen"},"content":{"rendered":"\n<div class=\"wp-block-cover alignfull is-light has-custom-content-position is-position-top-left\" style=\"min-height:637px;aspect-ratio:unset;\"><span aria-hidden=\"true\" class=\"wp-block-cover__background has-background-dim wp-block-cover__gradient-background has-background-gradient\" style=\"background:linear-gradient(180deg,rgb(20,62,94) 0%,rgba(255,255,255,0) 48%,rgba(20,61,93,0) 67%,rgb(20,62,94) 100%)\"><\/span><img loading=\"lazy\" decoding=\"async\" width=\"2560\" height=\"2048\" sizes=\"auto, (max-width: 799px) 200vw, (max-width: 2560px) 100vw, 2560px\" class=\"wp-block-cover__image-background wp-image-5374\" alt=\"\" src=\"https:\/\/www.flagbeach.com\/wp-content\/uploads\/2023\/03\/DSC01627-1-scaled.jpg\" data-object-fit=\"cover\" srcset=\"https:\/\/www.flagbeach.com\/wp-content\/uploads\/2023\/03\/DSC01627-1-scaled.jpg 2560w, https:\/\/www.flagbeach.com\/wp-content\/uploads\/2023\/03\/DSC01627-1-300x240.jpg 300w, https:\/\/www.flagbeach.com\/wp-content\/uploads\/2023\/03\/DSC01627-1-1024x819.jpg 1024w, https:\/\/www.flagbeach.com\/wp-content\/uploads\/2023\/03\/DSC01627-1-768x614.jpg 768w, https:\/\/www.flagbeach.com\/wp-content\/uploads\/2023\/03\/DSC01627-1-1536x1229.jpg 1536w, https:\/\/www.flagbeach.com\/wp-content\/uploads\/2023\/03\/DSC01627-1-2048x1639.jpg 2048w, https:\/\/www.flagbeach.com\/wp-content\/uploads\/2023\/03\/DSC01627-1-1568x1255.jpg 1568w\" \/><div class=\"wp-block-cover__inner-container is-layout-flow wp-block-cover-is-layout-flow\">\n<h1 class=\"has-text-align-left has-subtle-color has-text-color wp-block-heading\">Kitesurfurlaub<\/h1>\n\n\n\n<p><\/p>\n<\/div><\/div>\n\n<div class=\"wp-block-group alignfull\"><div class=\"wp-block-group__inner-container is-layout-flow wp-block-group-is-layout-flow\">\n<div class=\"wp-block-columns alignwide are-vertically-aligned-center is-style-default tw-gutter-large tw-cols-stack-md is-layout-flex wp-container-core-columns-is-layout-d0b3c9c8 wp-block-columns-is-layout-flex\">\n<div class=\"wp-block-column is-vertically-aligned-center is-layout-flow wp-block-column-is-layout-flow\">\n<h3 class=\"wp-block-heading\">Lerne Kitesurfen im Paradies<\/h3>\n\n\n\n<p>Willkommen im Flag Beach Kitesurfing Center. Das Hotel liegt in Corralejo im Norden von Fuerteventura &#8211; dem besten Ort f\u00fcr Wassersport auf den Kanarischen Inseln &#8211; und unterrichtet hier seit 1999 Kiten. Egal, ob Sie noch nie auf einem Surfbrett gestanden haben oder ein Kitesurfer sind, Flag Beach ist der perfekte Ort, um Ihre F\u00fc\u00dfe nass zu machen. Egal, ob Sie das erste Mal auf einem Board stehen oder ob Sie schon ein Profi sind, Flag Beach ist der perfekte Ort f\u00fcr Sie. Unsere professionellen Instruktoren haben vielen Anf\u00e4ngern und denen mit etwas mehr Erfahrung geholfen, Kitesurfen zu lernen, Fortschritte zu machen und Spa\u00df zu haben.<\/p>\n<\/div>\n\n\n\n<div class=\"wp-block-column is-vertically-aligned-center is-layout-flow wp-block-column-is-layout-flow\">\n<figure class=\"wp-block-embed is-type-video is-provider-youtube wp-block-embed-youtube wp-embed-aspect-16-9 wp-has-aspect-ratio\"><div class=\"wp-block-embed__wrapper\">\n<iframe loading=\"lazy\" title=\"Flag Beach Drone 2021\" width=\"750\" height=\"422\" src=\"https:\/\/www.youtube.com\/embed\/u6Z_cSoVCn4?feature=oembed\" frameborder=\"0\" allow=\"accelerometer; autoplay; clipboard-write; encrypted-media; gyroscope; picture-in-picture\" allowfullscreen><\/iframe>\n<\/div><\/figure>\n<\/div>\n<\/div>\n<\/div><\/div>\n\n<div class=\"wp-block-buttons is-horizontal is-content-justification-center is-layout-flex wp-container-core-buttons-is-layout-03627597 wp-block-buttons-is-layout-flex\">\n<div class=\"wp-block-button\"><a class=\"wp-block-button__link wp-element-button\" href=\"https:\/\/flagbeach.com\/book-now\/\">Jetzt Buchen<\/a><\/div>\n<\/div>\n\n<div class=\"wp-block-columns alignwide is-layout-flex wp-container-core-columns-is-layout-d0b3c9c8 wp-block-columns-is-layout-flex\">\n<div class=\"wp-block-column is-layout-flow wp-block-column-is-layout-flow\" style=\"--col-width:33.33%;flex-basis:33.33%\">\n<figure class=\"wp-block-image size-large is-resized\"><img loading=\"lazy\" decoding=\"async\" src=\"https:\/\/www.flagbeach.com\/wp-content\/uploads\/2023\/03\/DSC01587-2-683x1024.jpg\" alt=\"\" class=\"wp-image-5382\" width=\"380\" height=\"569\" srcset=\"https:\/\/www.flagbeach.com\/wp-content\/uploads\/2023\/03\/DSC01587-2-683x1024.jpg 683w, https:\/\/www.flagbeach.com\/wp-content\/uploads\/2023\/03\/DSC01587-2-200x300.jpg 200w, https:\/\/www.flagbeach.com\/wp-content\/uploads\/2023\/03\/DSC01587-2-768x1152.jpg 768w, https:\/\/www.flagbeach.com\/wp-content\/uploads\/2023\/03\/DSC01587-2-1024x1536.jpg 1024w, https:\/\/www.flagbeach.com\/wp-content\/uploads\/2023\/03\/DSC01587-2-1365x2048.jpg 1365w, https:\/\/www.flagbeach.com\/wp-content\/uploads\/2023\/03\/DSC01587-2-1568x2352.jpg 1568w, https:\/\/www.flagbeach.com\/wp-content\/uploads\/2023\/03\/DSC01587-2-scaled.jpg 1707w\" sizes=\"auto, (max-width: 380px) 100vw, 380px\" \/><\/figure>\n\n\n\n<figure class=\"wp-block-image size-large is-resized\"><img loading=\"lazy\" decoding=\"async\" src=\"https:\/\/www.flagbeach.com\/wp-content\/uploads\/2023\/03\/DJI_0048-1024x768.jpg\" alt=\"\" class=\"wp-image-5406\" width=\"382\" height=\"286\" srcset=\"https:\/\/www.flagbeach.com\/wp-content\/uploads\/2023\/03\/DJI_0048-1024x768.jpg 1024w, https:\/\/www.flagbeach.com\/wp-content\/uploads\/2023\/03\/DJI_0048-300x225.jpg 300w, https:\/\/www.flagbeach.com\/wp-content\/uploads\/2023\/03\/DJI_0048-768x576.jpg 768w, https:\/\/www.flagbeach.com\/wp-content\/uploads\/2023\/03\/DJI_0048-1536x1152.jpg 1536w, https:\/\/www.flagbeach.com\/wp-content\/uploads\/2023\/03\/DJI_0048-2048x1536.jpg 2048w, https:\/\/www.flagbeach.com\/wp-content\/uploads\/2023\/03\/DJI_0048-1568x1176.jpg 1568w\" sizes=\"auto, (max-width: 382px) 100vw, 382px\" \/><\/figure>\n<\/div>\n\n\n\n<div class=\"wp-block-column is-layout-flow wp-block-column-is-layout-flow\" style=\"--col-width:66.66%;flex-basis:66.66%\">\n<figure class=\"wp-block-image size-large is-resized\"><img loading=\"lazy\" decoding=\"async\" src=\"https:\/\/www.flagbeach.com\/wp-content\/uploads\/2023\/03\/DJI_0167-1-1024x819.jpg\" alt=\"\" class=\"wp-image-5400\" width=\"710\" height=\"568\" srcset=\"https:\/\/www.flagbeach.com\/wp-content\/uploads\/2023\/03\/DJI_0167-1-1024x819.jpg 1024w, https:\/\/www.flagbeach.com\/wp-content\/uploads\/2023\/03\/DJI_0167-1-300x240.jpg 300w, https:\/\/www.flagbeach.com\/wp-content\/uploads\/2023\/03\/DJI_0167-1-768x614.jpg 768w, https:\/\/www.flagbeach.com\/wp-content\/uploads\/2023\/03\/DJI_0167-1-1536x1229.jpg 1536w, https:\/\/www.flagbeach.com\/wp-content\/uploads\/2023\/03\/DJI_0167-1-2048x1638.jpg 2048w, https:\/\/www.flagbeach.com\/wp-content\/uploads\/2023\/03\/DJI_0167-1-1568x1254.jpg 1568w\" sizes=\"auto, (max-width: 710px) 100vw, 710px\" \/><\/figure>\n<\/div>\n<\/div>\n\n<div class=\"wp-block-group alignfull\"><div class=\"wp-block-group__inner-container is-layout-flow wp-block-group-is-layout-flow\">\n<p>Wir bieten hier am Flag Beach Kurse, Pakete und Ausr\u00fcstung f\u00fcr jedes Kitesurf-Niveau an. Wir bieten alle Schwierigkeitsgrade und Erfahrungen. Sie k\u00f6nnen die Kursdauer w\u00e4hlen, die Ihren Urlaubspl\u00e4nen entspricht.<\/p>\n\n\n\n<div class=\"wp-block-columns alignwide tw-cols-stack-md is-layout-flex wp-container-core-columns-is-layout-d0b3c9c8 wp-block-columns-is-layout-flex\">\n<div class=\"wp-block-column is-layout-flow wp-block-column-is-layout-flow\">\n<div class=\"wp-block-group\"><div class=\"wp-block-group__inner-container is-layout-flow wp-block-group-is-layout-flow\">\n<h3 class=\"wp-block-heading\">Kitesurfing <span style=\"color:#fdbe07\" class=\"has-inline-color\">Kurse<\/span> auf Fuerteventura<\/h3>\n\n\n\n<figure class=\"wp-block-image size-large\"><img loading=\"lazy\" decoding=\"async\" width=\"1024\" height=\"819\" src=\"https:\/\/www.flagbeach.com\/wp-content\/uploads\/2023\/03\/DSC01625-1024x819.jpg\" alt=\"\" class=\"wp-image-5464\" srcset=\"https:\/\/www.flagbeach.com\/wp-content\/uploads\/2023\/03\/DSC01625-1024x819.jpg 1024w, https:\/\/www.flagbeach.com\/wp-content\/uploads\/2023\/03\/DSC01625-300x240.jpg 300w, https:\/\/www.flagbeach.com\/wp-content\/uploads\/2023\/03\/DSC01625-768x614.jpg 768w, https:\/\/www.flagbeach.com\/wp-content\/uploads\/2023\/03\/DSC01625-1536x1229.jpg 1536w, https:\/\/www.flagbeach.com\/wp-content\/uploads\/2023\/03\/DSC01625-2048x1638.jpg 2048w, https:\/\/www.flagbeach.com\/wp-content\/uploads\/2023\/03\/DSC01625-1568x1254.jpg 1568w\" sizes=\"auto, (max-width: 1024px) 100vw, 1024px\" \/><\/figure>\n\n\n\n<p>Wir haben f\u00fcr jeden einen passenden Kitesurfing Kurs hier am Flag Beach. Wir bieten Kurse f\u00fcr alle K\u00f6nnensstufen und Erfahrungen. Ihr k\u00f6nnt die Kursdauer w\u00e4hlen, die zu euren Urlaubspl\u00e4nen passt.<\/p>\n\n\n\n<p><\/p>\n\n\n\n<div class=\"wp-block-buttons is-content-justification-center is-layout-flex wp-container-core-buttons-is-layout-a89b3969 wp-block-buttons-is-layout-flex\">\n<div class=\"wp-block-button is-style-fill\"><a class=\"wp-block-button__link wp-element-button\" href=\"https:\/\/flagbeach.com\/de\/kitesurfen\/kitesurfkurse\/\">Kitesurf Kurse ansehen<\/a><\/div>\n<\/div>\n<\/div><\/div>\n<\/div>\n\n\n\n<div class=\"wp-block-column is-layout-flow wp-block-column-is-layout-flow\">\n<div class=\"wp-block-group\"><div class=\"wp-block-group__inner-container is-layout-flow wp-block-group-is-layout-flow\">\n<h3 class=\"wp-block-heading\">Kitesurfen<br\/><span style=\"color:#fdbe07\" class=\"has-inline-color\">Urlaubspakete<\/span><\/h3>\n\n\n\n<figure class=\"wp-block-image size-large\"><img loading=\"lazy\" decoding=\"async\" width=\"1024\" height=\"384\" src=\"https:\/\/www.flagbeach.com\/wp-content\/uploads\/2021\/02\/kitesurfing-big-5-1024x384.jpg\" alt=\"Kitesurfen am Flag Beach\" class=\"wp-image-1104\" srcset=\"https:\/\/www.flagbeach.com\/wp-content\/uploads\/2021\/02\/kitesurfing-big-5-1024x384.jpg 1024w, https:\/\/www.flagbeach.com\/wp-content\/uploads\/2021\/02\/kitesurfing-big-5-300x113.jpg 300w, https:\/\/www.flagbeach.com\/wp-content\/uploads\/2021\/02\/kitesurfing-big-5-768x288.jpg 768w, https:\/\/www.flagbeach.com\/wp-content\/uploads\/2021\/02\/kitesurfing-big-5.jpg 1440w\" sizes=\"auto, (max-width: 1024px) 100vw, 1024px\" \/><\/figure>\n\n\n\n<p>Unsere Kitesurf-Pakete bieten euch die besten Wassersportkurse und Unterk\u00fcnfte auf Fuerteventura. Wir bringen euch jeden Tag zum Strand und wieder zur\u00fcck, Ausr\u00fcstung und Versicherung sind au\u00dferdem mit inbegriffen. Bucht online, um bis zu 33% zu sparen. Ihr werdet keinen besseren Preis auf der Insel finden. Worauf wartet ihr also noch? Bucht jetzt.<\/p>\n\n\n\n<p><\/p>\n\n\n\n<div class=\"wp-block-buttons aligncenter is-layout-flex wp-block-buttons-is-layout-flex\">\n<div class=\"wp-block-button\"><a class=\"wp-block-button__link\" href=\"https:\/\/flagbeach.com\/de\/kitesurfen\/kitesurf-pakete\/\">Kitesurf Pakete ansehen<\/a><\/div>\n<\/div>\n<\/div><\/div>\n<\/div>\n\n\n\n<div class=\"wp-block-column is-layout-flow wp-block-column-is-layout-flow\">\n<div class=\"wp-block-group\"><div class=\"wp-block-group__inner-container is-layout-flow wp-block-group-is-layout-flow\">\n<div class=\"wp-block-group\"><div class=\"wp-block-group__inner-container is-layout-flow wp-block-group-is-layout-flow\">\n<h3 class=\"wp-block-heading\">Kitesurfen<br><span style=\"color:#fdbe07\" class=\"has-inline-color\">Ausr\u00fcstungsverleih<\/span><\/h3>\n\n\n\n<figure class=\"wp-block-image size-large\"><img loading=\"lazy\" decoding=\"async\" width=\"1024\" height=\"384\" src=\"https:\/\/flagbeach.com\/wp-content\/uploads\/2021\/02\/kitesurfing-big-4-1024x384.jpg\" alt=\"Kitesurfen am Flag Beach\" class=\"wp-image-1107\" srcset=\"https:\/\/www.flagbeach.com\/wp-content\/uploads\/2021\/02\/kitesurfing-big-4-1024x384.jpg 1024w, https:\/\/www.flagbeach.com\/wp-content\/uploads\/2021\/02\/kitesurfing-big-4-300x113.jpg 300w, https:\/\/www.flagbeach.com\/wp-content\/uploads\/2021\/02\/kitesurfing-big-4-768x288.jpg 768w, https:\/\/www.flagbeach.com\/wp-content\/uploads\/2021\/02\/kitesurfing-big-4.jpg 1440w\" sizes=\"auto, (max-width: 1024px) 100vw, 1024px\" \/><\/figure>\n\n\n\n<p>F\u00fcr Fortgeschrittene bis Profi Wassersportler, die alleine auf dem Wasser unterwegs sein m\u00f6chten, haben wir die beste Surfausr\u00fcstung zum Ausleihen und dazu noch eine exklusive Strandlage. St\u00f6bert in unseren Ausr\u00fcstungsmarken und w\u00e4hlt euer bevorzugtes Board oder Kite aus. Ihr  k\u00f6nnt  eure  eigene Ausr\u00fcstung auch bei uns am Strand lagern.<\/p>\n\n\n\n<p><\/p>\n\n\n\n<div class=\"wp-block-buttons is-content-justification-center is-layout-flex wp-container-core-buttons-is-layout-a89b3969 wp-block-buttons-is-layout-flex\">\n<div class=\"wp-block-button\"><a class=\"wp-block-button__link wp-element-button\" href=\"https:\/\/flagbeach.com\/de\/kitesurfen\/kitesurf-vermietung\/\">Kitesurf Verleih ansehen<\/a><\/div>\n<\/div>\n<\/div><\/div>\n<\/div><\/div>\n<\/div>\n<\/div>\n<\/div><\/div>\n\n<div class=\"wp-block-cover alignfull is-light\" style=\"min-height:697px;aspect-ratio:unset;\"><span aria-hidden=\"true\" class=\"wp-block-cover__background has-background-dim-0 has-background-dim\"><\/span><img loading=\"lazy\" decoding=\"async\" width=\"2560\" height=\"1920\" sizes=\"auto, (max-width: 799px) 200vw, (max-width: 2560px) 100vw, 2560px\" class=\"wp-block-cover__image-background wp-image-5430\" alt=\"\" src=\"https:\/\/www.flagbeach.com\/wp-content\/uploads\/2023\/03\/DJI_0139-1-scaled.jpg\" data-object-fit=\"cover\" srcset=\"https:\/\/www.flagbeach.com\/wp-content\/uploads\/2023\/03\/DJI_0139-1-scaled.jpg 2560w, https:\/\/www.flagbeach.com\/wp-content\/uploads\/2023\/03\/DJI_0139-1-300x225.jpg 300w, https:\/\/www.flagbeach.com\/wp-content\/uploads\/2023\/03\/DJI_0139-1-1024x768.jpg 1024w, https:\/\/www.flagbeach.com\/wp-content\/uploads\/2023\/03\/DJI_0139-1-768x576.jpg 768w, https:\/\/www.flagbeach.com\/wp-content\/uploads\/2023\/03\/DJI_0139-1-1536x1152.jpg 1536w, https:\/\/www.flagbeach.com\/wp-content\/uploads\/2023\/03\/DJI_0139-1-2048x1536.jpg 2048w, https:\/\/www.flagbeach.com\/wp-content\/uploads\/2023\/03\/DJI_0139-1-1568x1176.jpg 1568w\" \/><div class=\"wp-block-cover__inner-container is-layout-flow wp-block-cover-is-layout-flow\">\n<p class=\"has-text-align-center has-large-font-size\"><\/p>\n<\/div><\/div>\n\n<div class=\"wp-block-columns alignwide is-layout-flex wp-container-core-columns-is-layout-d0b3c9c8 wp-block-columns-is-layout-flex\">\n<div class=\"wp-block-column is-layout-flow wp-block-column-is-layout-flow\" style=\"--col-width:66.66%;flex-basis:66.66%\">\n<div class=\"wp-block-group\"><div class=\"wp-block-group__inner-container is-layout-flow wp-block-group-is-layout-flow\">\n<h3 class=\"wp-block-heading\">Warum Flag Beach?<\/h3>\n\n\n\n<h4 class=\"wp-block-heading\"><span style=\"color:#18abdd\" class=\"has-inline-color\"><strong>Effektiver Unterricht<\/strong><\/span><\/h4>\n\n\n\n<p>F\u00fcr Anf\u00e4nger starten wir mit Theorie- und Grundlagenunterricht direkt am Strand. Wir w\u00e4hlen auch die besten Str\u00e4nde und Bedingungen f\u00fcr jede unserer Wassersportstunden aus, um sicherzustellen, dass du die meiste Zeit im Wasser verbringen und die Wellen genie\u00dfen kannst. <\/p>\n\n\n\n<h4 class=\"wp-block-heading\"><span style=\"color:#18abdd\" class=\"has-inline-color\">Kleine Gruppengr\u00f6ssen<\/span><\/h4>\n\n\n\n<p>Wir unterrichten nur in kleinen Gruppen. Beim <a href=\"https:\/\/flagbeach.com\/de\/kitesurfen\/\" data-type=\"page\" data-id=\"50\">Kitesurfen<\/a> bedeutet das, 4 Personen pro Lehrer am Strand und 2 Personen pro Lehrer im Wasser.<\/p>\n\n\n\n<p>Andere Schulen k\u00f6nnen auch mal bis zu 4 Personen pro Lehrer im Wasser haben, aber wir denken, dass du mit uns mehr aus deinem Unterricht herausholen wirst!<\/p>\n\n\n\n<h4 class=\"wp-block-heading\"><span style=\"color:#18abdd\" class=\"has-inline-color\">Top Lehrer<\/span><\/h4>\n\n\n\n<p>Wir besitzen mehr als 35 Jahre Erfahrung im Unterrichten von Kitesurfen, Surfen, Windsurfen und anderen Wassersportarten.<\/p>\n\n\n\n<p>Wir sind ein von VDWS zertifiziertes Center, dass Kitequalifikationen anbieten kann. Unsere Lehrer sind ausserdem IKO qualifiziert<\/p>\n\n\n\n<h4 class=\"wp-block-heading\"><span style=\"color:#18abdd\" class=\"has-inline-color\">Ausgezeichnete Ausr\u00fcstung<\/span><\/h4>\n\n\n\n<p>Wir sind freundlich und geduldig. Es geht darum, dass du eine gute Zeit bei uns hast.<\/p>\n\n\n\n<p>Wir unterrichen in 6 Sprachen: Englisch, Deutsch, Spanisch, Franz\u00f6sisch. Italienisch und Polnisch<\/p>\n\n\n\n<p>Wir bieten au\u00dferdem noch viele weiter Wassersportarten an. Bei uns wird dir sicherlich nicht langweilig.<\/p>\n<\/div><\/div>\n<\/div>\n\n\n\n<div class=\"wp-block-column is-layout-flow wp-block-column-is-layout-flow\" style=\"--col-width:33.33%;flex-basis:33.33%\">\n<div class=\"wp-block-group\"><div class=\"wp-block-group__inner-container is-layout-flow wp-block-group-is-layout-flow\">\n<h3 class=\"wp-block-heading\" id=\"block-1c1c30df-a213-4ca9-8d08-266a082204ab\"><span style=\"color:#fcbe06\" class=\"has-inline-color\">Beschreibung<\/span><\/h3>\n\n\n\n<figure class=\"wp-block-image size-large\" id=\"block-922f11a3-99dd-47d6-a7ae-1c877e46ae3d\"><img loading=\"lazy\" decoding=\"async\" width=\"540\" height=\"285\" src=\"https:\/\/flagbeach.com\/wp-content\/uploads\/2021\/02\/IMG_8023_540x285_acf_cropped.jpg\" alt=\"Kitesurflehrer Maxim\" class=\"wp-image-741\" srcset=\"https:\/\/www.flagbeach.com\/wp-content\/uploads\/2021\/02\/IMG_8023_540x285_acf_cropped.jpg 540w, https:\/\/www.flagbeach.com\/wp-content\/uploads\/2021\/02\/IMG_8023_540x285_acf_cropped-300x158.jpg 300w\" sizes=\"auto, (max-width: 540px) 100vw, 540px\" \/><\/figure>\n\n\n\n<h3 class=\"wp-block-heading\">Maxim<\/h3>\n\n\n\n<p><strong>Kitesurf-, Surf- &amp; Windsurflehrer<\/strong><\/p>\n\n\n\n<p>Maxim kommt aus Holland und ist bereits die zweite Saison bei Flag Beach\u2026 Sein Leben ist der Wassersport und sein Ziel, an den besten Orten der Welt zu segeln und zu surfen. Er ist ausserdem ein Ski- und Snowboardlehrer.<\/p>\n\n\n\n<p><strong>Qualifikationen<\/strong><br\/>ISA, Bootlizenz<\/p>\n\n\n\n<p><strong>Sprachen<\/strong><br\/>Niederl\u00e4ndisch, Englisch, Deutsch<\/p>\n\n\n\n<p><strong>Sportarten<\/strong><br\/>Kitesurfen, Surfen, Windsurfen<\/p>\n\n\n\n<div class=\"wp-block-buttons is-layout-flex wp-block-buttons-is-layout-flex\">\n<div class=\"wp-block-button\"><a class=\"wp-block-button__link\" href=\"https:\/\/flagbeach.com\/de\/ueber-uns\/unser-team\/\">Unsere Kitelehrer<\/a><\/div>\n<\/div>\n<\/div><\/div>\n<\/div>\n<\/div>\n\n<div class=\"wp-block-cover alignfull\" style=\"min-height:30vw;aspect-ratio:unset;\"><span aria-hidden=\"true\" class=\"wp-block-cover__background has-background-dim-0 has-background-dim\"><\/span><img loading=\"lazy\" decoding=\"async\" width=\"1440\" height=\"540\" sizes=\"auto, (max-width: 799px) 200vw, (max-width: 1440px) 100vw, 1440px\" class=\"wp-block-cover__image-background wp-image-1104\" alt=\"\" src=\"https:\/\/www.flagbeach.com\/wp-content\/uploads\/2021\/02\/kitesurfing-big-5.jpg\" data-object-fit=\"cover\" srcset=\"https:\/\/www.flagbeach.com\/wp-content\/uploads\/2021\/02\/kitesurfing-big-5.jpg 1440w, https:\/\/www.flagbeach.com\/wp-content\/uploads\/2021\/02\/kitesurfing-big-5-300x113.jpg 300w, https:\/\/www.flagbeach.com\/wp-content\/uploads\/2021\/02\/kitesurfing-big-5-1024x384.jpg 1024w, https:\/\/www.flagbeach.com\/wp-content\/uploads\/2021\/02\/kitesurfing-big-5-768x288.jpg 768w\" \/><div class=\"wp-block-cover__inner-container is-layout-flow wp-block-cover-is-layout-flow\">\n<p class=\"has-text-align-center has-large-font-size\"><\/p>\n<\/div><\/div>\n","protected":false},"excerpt":{"rendered":"<p>Lerne Kitesurfen im Paradies Willkommen im Flag Beach Kitesurfing Center. Das Hotel liegt in Corralejo im Norden von Fuerteventura &#8211; dem besten Ort f\u00fcr Wassersport auf den Kanarischen Inseln &#8211; und unterrichtet hier seit 1999 Kiten. Egal, ob Sie noch nie auf einem Surfbrett gestanden haben oder ein Kitesurfer sind, Flag Beach ist der perfekte&hellip; <a class=\"more-link\" href=\"https:\/\/www.flagbeach.com\/de\/kitesurfen\/\"><span class=\"screen-reader-text\">Kitesurfen<\/span> weiterlesen<\/a><\/p>\n","protected":false},"author":1,"featured_media":0,"parent":0,"menu_order":0,"comment_status":"closed","ping_status":"closed","template":"tw-header-transparent.php","meta":{"footnotes":""},"class_list":["post-281","page","type-page","status-publish","hentry","entry"],"_links":{"self":[{"href":"https:\/\/www.flagbeach.com\/de\/wp-json\/wp\/v2\/pages\/281","targetHints":{"allow":["GET"]}}],"collection":[{"href":"https:\/\/www.flagbeach.com\/de\/wp-json\/wp\/v2\/pages"}],"about":[{"href":"https:\/\/www.flagbeach.com\/de\/wp-json\/wp\/v2\/types\/page"}],"author":[{"embeddable":true,"href":"https:\/\/www.flagbeach.com\/de\/wp-json\/wp\/v2\/users\/1"}],"replies":[{"embeddable":true,"href":"https:\/\/www.flagbeach.com\/de\/wp-json\/wp\/v2\/comments?post=281"}],"version-history":[{"count":82,"href":"https:\/\/www.flagbeach.com\/de\/wp-json\/wp\/v2\/pages\/281\/revisions"}],"predecessor-version":[{"id":13848,"href":"https:\/\/www.flagbeach.com\/de\/wp-json\/wp\/v2\/pages\/281\/revisions\/13848"}],"wp:attachment":[{"href":"https:\/\/www.flagbeach.com\/de\/wp-json\/wp\/v2\/media?parent=281"}],"curies":[{"name":"wp","href":"https:\/\/api.w.org\/{rel}","templated":true}]}}