{"id":2288,"date":"2021-05-25T15:05:23","date_gmt":"2021-05-25T15:05:23","guid":{"rendered":"https:\/\/flagbeach.com\/surfen\/"},"modified":"2026-01-29T09:23:34","modified_gmt":"2026-01-29T09:23:34","slug":"surfen","status":"publish","type":"page","link":"https:\/\/www.flagbeach.com\/de\/surfen\/","title":{"rendered":"Surfen"},"content":{"rendered":"\n<div class=\"wp-block-cover alignfull is-light has-custom-content-position is-position-top-left\" style=\"min-height:972px;aspect-ratio:unset;\"><span aria-hidden=\"true\" class=\"wp-block-cover__background has-background-dim wp-block-cover__gradient-background has-background-gradient\" style=\"background:linear-gradient(180deg,rgb(20,62,94) 0%,rgba(255,255,255,0) 48%,rgba(20,61,93,0) 67%,rgb(20,62,94) 100%)\"><\/span><img loading=\"lazy\" decoding=\"async\" width=\"2048\" height=\"2560\" sizes=\"auto, (max-width: 799px) 200vw, (max-width: 2048px) 100vw, 2048px\" class=\"wp-block-cover__image-background wp-image-5503\" alt=\"\" src=\"https:\/\/www.flagbeach.com\/wp-content\/uploads\/2023\/03\/DSC01306-2-scaled.jpg\" data-object-fit=\"cover\" srcset=\"https:\/\/www.flagbeach.com\/wp-content\/uploads\/2023\/03\/DSC01306-2-scaled.jpg 2048w, https:\/\/www.flagbeach.com\/wp-content\/uploads\/2023\/03\/DSC01306-2-240x300.jpg 240w, https:\/\/www.flagbeach.com\/wp-content\/uploads\/2023\/03\/DSC01306-2-819x1024.jpg 819w, https:\/\/www.flagbeach.com\/wp-content\/uploads\/2023\/03\/DSC01306-2-768x960.jpg 768w, https:\/\/www.flagbeach.com\/wp-content\/uploads\/2023\/03\/DSC01306-2-1229x1536.jpg 1229w, https:\/\/www.flagbeach.com\/wp-content\/uploads\/2023\/03\/DSC01306-2-1638x2048.jpg 1638w, https:\/\/www.flagbeach.com\/wp-content\/uploads\/2023\/03\/DSC01306-2-1568x1960.jpg 1568w\" \/><div class=\"wp-block-cover__inner-container is-layout-flow wp-block-cover-is-layout-flow\">\n<h1 class=\"has-text-align-left has-subtle-color has-text-color wp-block-heading\">Surfen<\/h1>\n\n\n\n<p><\/p>\n<\/div><\/div>\n\n<div class=\"wp-block-group alignfull\"><div class=\"wp-block-group__inner-container is-layout-flow wp-block-group-is-layout-flow\">\n<div class=\"wp-block-columns alignwide are-vertically-aligned-center is-style-default tw-gutter-large tw-cols-stack-md is-layout-flex wp-container-core-columns-is-layout-d0b3c9c8 wp-block-columns-is-layout-flex\">\n<div class=\"wp-block-column is-vertically-aligned-center is-layout-flow wp-block-column-is-layout-flow\">\n<h3 class=\"wp-block-heading\">Willkommen in der Flag Beach Surfschule, Fuerteventura<\/h3>\n\n\n\n<p>Das Flag Beach Surf Camp gilt seit \u00fcber 10 Jahren als das beste Surf Erlebnis auf Fuerteventura. In dieser Zeit haben wir in unseren Kursen die Liebe f\u00fcr das Surfen und das Meer an tausende Surf Anf\u00e4nger aus ganz Europa weitergegeben.<\/p>\n<\/div>\n\n\n\n<div class=\"wp-block-column is-vertically-aligned-center is-layout-flow wp-block-column-is-layout-flow\">\n<figure class=\"wp-block-embed is-type-video is-provider-youtube wp-block-embed-youtube wp-embed-aspect-16-9 wp-has-aspect-ratio\"><div class=\"wp-block-embed__wrapper\">\n<iframe loading=\"lazy\" title=\"Flag Beach Surf\" width=\"750\" height=\"422\" src=\"https:\/\/www.youtube.com\/embed\/XsaBeT-oap0?feature=oembed\" frameborder=\"0\" allow=\"accelerometer; autoplay; clipboard-write; encrypted-media; gyroscope; picture-in-picture\" allowfullscreen><\/iframe>\n<\/div><\/figure>\n<\/div>\n<\/div>\n<\/div><\/div>\n\n<div class=\"wp-block-buttons is-horizontal is-content-justification-center is-layout-flex wp-container-core-buttons-is-layout-03627597 wp-block-buttons-is-layout-flex\">\n<div class=\"wp-block-button\"><a class=\"wp-block-button__link wp-element-button\" href=\"https:\/\/flagbeach.com\/book-now\/\">Jetzt Buchen<\/a><\/div>\n<\/div>\n\n<div class=\"wp-block-columns alignwide is-layout-flex wp-container-core-columns-is-layout-d0b3c9c8 wp-block-columns-is-layout-flex\">\n<div class=\"wp-block-column is-layout-flow wp-block-column-is-layout-flow\" style=\"--col-width:33.33%;flex-basis:33.33%\">\n<figure class=\"wp-block-image size-large\"><img loading=\"lazy\" decoding=\"async\" width=\"1024\" height=\"819\" src=\"https:\/\/www.flagbeach.com\/wp-content\/uploads\/2023\/03\/DSC05797-1-1024x819.jpg\" alt=\"\" class=\"wp-image-5510\" srcset=\"https:\/\/www.flagbeach.com\/wp-content\/uploads\/2023\/03\/DSC05797-1-1024x819.jpg 1024w, https:\/\/www.flagbeach.com\/wp-content\/uploads\/2023\/03\/DSC05797-1-300x240.jpg 300w, https:\/\/www.flagbeach.com\/wp-content\/uploads\/2023\/03\/DSC05797-1-768x614.jpg 768w, https:\/\/www.flagbeach.com\/wp-content\/uploads\/2023\/03\/DSC05797-1-1536x1229.jpg 1536w, https:\/\/www.flagbeach.com\/wp-content\/uploads\/2023\/03\/DSC05797-1-2048x1639.jpg 2048w, https:\/\/www.flagbeach.com\/wp-content\/uploads\/2023\/03\/DSC05797-1-1568x1255.jpg 1568w\" sizes=\"auto, (max-width: 1024px) 100vw, 1024px\" \/><\/figure>\n\n\n\n<figure class=\"wp-block-image size-large\"><img loading=\"lazy\" decoding=\"async\" width=\"1024\" height=\"819\" src=\"https:\/\/www.flagbeach.com\/wp-content\/uploads\/2023\/03\/DSC05973-1-1024x819.jpg\" alt=\"\" class=\"wp-image-5517\" srcset=\"https:\/\/www.flagbeach.com\/wp-content\/uploads\/2023\/03\/DSC05973-1-1024x819.jpg 1024w, https:\/\/www.flagbeach.com\/wp-content\/uploads\/2023\/03\/DSC05973-1-300x240.jpg 300w, https:\/\/www.flagbeach.com\/wp-content\/uploads\/2023\/03\/DSC05973-1-768x614.jpg 768w, https:\/\/www.flagbeach.com\/wp-content\/uploads\/2023\/03\/DSC05973-1-1536x1229.jpg 1536w, https:\/\/www.flagbeach.com\/wp-content\/uploads\/2023\/03\/DSC05973-1-2048x1638.jpg 2048w, https:\/\/www.flagbeach.com\/wp-content\/uploads\/2023\/03\/DSC05973-1-1568x1254.jpg 1568w\" sizes=\"auto, (max-width: 1024px) 100vw, 1024px\" \/><\/figure>\n<\/div>\n\n\n\n<div class=\"wp-block-column is-layout-flow wp-block-column-is-layout-flow\" style=\"--col-width:66.66%;flex-basis:66.66%\">\n<figure class=\"wp-block-image size-large is-resized\"><img loading=\"lazy\" decoding=\"async\" src=\"https:\/\/www.flagbeach.com\/wp-content\/uploads\/2023\/03\/DSC00775-819x1024.jpg\" alt=\"\" class=\"wp-image-5523\" width=\"548\" height=\"684\" srcset=\"https:\/\/www.flagbeach.com\/wp-content\/uploads\/2023\/03\/DSC00775-819x1024.jpg 819w, https:\/\/www.flagbeach.com\/wp-content\/uploads\/2023\/03\/DSC00775-240x300.jpg 240w, https:\/\/www.flagbeach.com\/wp-content\/uploads\/2023\/03\/DSC00775-768x960.jpg 768w, https:\/\/www.flagbeach.com\/wp-content\/uploads\/2023\/03\/DSC00775-1229x1536.jpg 1229w, https:\/\/www.flagbeach.com\/wp-content\/uploads\/2023\/03\/DSC00775-1638x2048.jpg 1638w, https:\/\/www.flagbeach.com\/wp-content\/uploads\/2023\/03\/DSC00775-1568x1960.jpg 1568w, https:\/\/www.flagbeach.com\/wp-content\/uploads\/2023\/03\/DSC00775-scaled.jpg 2048w\" sizes=\"auto, (max-width: 548px) 100vw, 548px\" \/><\/figure>\n<\/div>\n<\/div>\n\n<div class=\"wp-block-group alignfull\"><div class=\"wp-block-group__inner-container is-layout-flow wp-block-group-is-layout-flow\">\n<p>Wir betreiben eine mobile Surfschule. Das heisst wir bringen unsere Sch\u00fcler an die Str\u00e4nde, die die besten Surfbedingungen an diesem Tag haben. Wir k\u00f6nnen zwar die Wellen nicht kontrollieren, aber da wir hier im Norden der Insel 10 tolle Str\u00e4nde haben, finden wir immer den besten Ort zum surfen. Du kannst die Kursdauer w\u00e4hlen, die deinen Urlaubspl\u00e4nen entspricht.<\/p>\n\n\n\n<div class=\"wp-block-columns alignwide tw-cols-stack-md is-layout-flex wp-container-core-columns-is-layout-d0b3c9c8 wp-block-columns-is-layout-flex\">\n<div class=\"wp-block-column is-layout-flow wp-block-column-is-layout-flow\"><\/div>\n\n\n\n<div class=\"wp-block-column is-layout-flow wp-block-column-is-layout-flow\">\n<div class=\"wp-block-group\"><div class=\"wp-block-group__inner-container is-layout-flow wp-block-group-is-layout-flow\">\n<div class=\"wp-block-group\"><div class=\"wp-block-group__inner-container is-layout-flow wp-block-group-is-layout-flow\">\n<h3 class=\"wp-block-heading\">Surfen<br\/><span style=\"color:#fdbe07\" class=\"has-inline-color\">Urlaubspakete<\/span><\/h3>\n\n\n\n<figure class=\"wp-block-image size-large\"><img loading=\"lazy\" decoding=\"async\" width=\"1024\" height=\"384\" src=\"https:\/\/www.flagbeach.com\/wp-content\/uploads\/2021\/02\/surfing-big-2-1024x384.jpg\" alt=\"Surf-Pakete mit Flag Beach, Kanarische Inseln\" class=\"wp-image-857\" srcset=\"https:\/\/www.flagbeach.com\/wp-content\/uploads\/2021\/02\/surfing-big-2-1024x384.jpg 1024w, https:\/\/www.flagbeach.com\/wp-content\/uploads\/2021\/02\/surfing-big-2-300x113.jpg 300w, https:\/\/www.flagbeach.com\/wp-content\/uploads\/2021\/02\/surfing-big-2-768x288.jpg 768w, https:\/\/www.flagbeach.com\/wp-content\/uploads\/2021\/02\/surfing-big-2.jpg 1440w\" sizes=\"auto, (max-width: 1024px) 100vw, 1024px\" \/><\/figure>\n\n\n\n<p>Unsere Urlaubspakete bieten euch die besten Wassersportkurse und Unterk\u00fcnfte auf Fuerteventura. Wir bringen euch jeden Tag an den Strand und wieder zur\u00fcck, Ausr\u00fcstung und Versicherung sind ebenfalls inklusive. Bucht online, um bis zu 33% zu sparen. Ihr werdet keinen besseren Preis auf der Insel finden. Worauf wartet ihr noch? Bucht jetzt.&#13;\n&#13;\n<\/p>\n\n\n\n<p><\/p>\n\n\n\n<div class=\"wp-block-buttons aligncenter is-layout-flex wp-block-buttons-is-layout-flex\">\n<div class=\"wp-block-button\"><a class=\"wp-block-button__link\" href=\"https:\/\/flagbeach.com\/de\/surfen\/surf-pakete\/\">Surf-Pakete ansehen<\/a><\/div>\n<\/div>\n<\/div><\/div>\n<\/div><\/div>\n<\/div>\n\n\n\n<div class=\"wp-block-column is-layout-flow wp-block-column-is-layout-flow\">\n<div class=\"wp-block-group\"><div class=\"wp-block-group__inner-container is-layout-flow wp-block-group-is-layout-flow\">\n<h3 class=\"wp-block-heading\">Surfen<br\/><span style=\"color:#fdbe07\" class=\"has-inline-color\">Ausr\u00fcstungsverleih<\/span><\/h3>\n\n\n\n<figure class=\"wp-block-image size-large\"><img loading=\"lazy\" decoding=\"async\" width=\"1024\" height=\"384\" src=\"https:\/\/www.flagbeach.com\/wp-content\/uploads\/2021\/02\/surfing-big-5-1024x384.jpg\" alt=\"Surfausr&#xFC;stung Verleih bei Flag Beach\" class=\"wp-image-863\" srcset=\"https:\/\/www.flagbeach.com\/wp-content\/uploads\/2021\/02\/surfing-big-5-1024x384.jpg 1024w, https:\/\/www.flagbeach.com\/wp-content\/uploads\/2021\/02\/surfing-big-5-300x113.jpg 300w, https:\/\/www.flagbeach.com\/wp-content\/uploads\/2021\/02\/surfing-big-5-768x288.jpg 768w, https:\/\/www.flagbeach.com\/wp-content\/uploads\/2021\/02\/surfing-big-5.jpg 1440w\" sizes=\"auto, (max-width: 1024px) 100vw, 1024px\" \/><\/figure>\n\n\n\n<p>F\u00fcr Fortgeschrittene bis Profi Wassersportler, die alleine auf dem Wasser unterwegs sein m\u00f6chten, haben wir die beste Surfausr\u00fcstung zum Ausleihen und dazu noch eine exklusive Strandlage. St\u00f6bert in unseren Ausr\u00fcstungsmarken und w\u00e4hlt euer Board, Segel oder Kite aus. Ihr k\u00f6nnt eure eigene Ausr\u00fcstung auch bei uns am Strand lagern.<\/p>\n\n\n\n<p><\/p>\n\n\n\n<div class=\"wp-block-buttons aligncenter is-layout-flex wp-block-buttons-is-layout-flex\">\n<div class=\"wp-block-button\"><a class=\"wp-block-button__link\" href=\"https:\/\/flagbeach.com\/de\/surfen\/surfausruestung-verleih\/\">Surfboard-Verleih ansehen<\/a><\/div>\n<\/div>\n<\/div><\/div>\n<\/div>\n<\/div>\n<\/div><\/div>\n\n<div class=\"wp-block-cover alignfull is-light\" style=\"min-height:30vw;aspect-ratio:unset;\"><span aria-hidden=\"true\" class=\"wp-block-cover__background has-background-dim-0 has-background-dim\"><\/span><img loading=\"lazy\" decoding=\"async\" width=\"2560\" height=\"1707\" sizes=\"auto, (max-width: 799px) 200vw, (max-width: 2560px) 100vw, 2560px\" class=\"wp-block-cover__image-background wp-image-5547\" alt=\"\" src=\"https:\/\/www.flagbeach.com\/wp-content\/uploads\/2023\/03\/DSC04693-scaled.jpg\" data-object-fit=\"cover\" srcset=\"https:\/\/www.flagbeach.com\/wp-content\/uploads\/2023\/03\/DSC04693-scaled.jpg 2560w, https:\/\/www.flagbeach.com\/wp-content\/uploads\/2023\/03\/DSC04693-300x200.jpg 300w, https:\/\/www.flagbeach.com\/wp-content\/uploads\/2023\/03\/DSC04693-1024x683.jpg 1024w, https:\/\/www.flagbeach.com\/wp-content\/uploads\/2023\/03\/DSC04693-768x512.jpg 768w, https:\/\/www.flagbeach.com\/wp-content\/uploads\/2023\/03\/DSC04693-1536x1024.jpg 1536w, https:\/\/www.flagbeach.com\/wp-content\/uploads\/2023\/03\/DSC04693-2048x1365.jpg 2048w, https:\/\/www.flagbeach.com\/wp-content\/uploads\/2023\/03\/DSC04693-1568x1045.jpg 1568w\" \/><div class=\"wp-block-cover__inner-container is-layout-flow wp-block-cover-is-layout-flow\">\n<p class=\"has-text-align-center has-large-font-size\"><\/p>\n<\/div><\/div>\n\n<div class=\"wp-block-group alignfull\"><div class=\"wp-block-group__inner-container is-layout-flow wp-block-group-is-layout-flow\">\n<div class=\"wp-block-group alignwide\"><div class=\"wp-block-group__inner-container is-layout-flow wp-block-group-is-layout-flow\">\n<div class=\"wp-block-columns alignwide tw-cols-stack-md is-layout-flex wp-container-core-columns-is-layout-d0b3c9c8 wp-block-columns-is-layout-flex\">\n<div class=\"wp-block-column is-layout-flow wp-block-column-is-layout-flow\" style=\"--col-width:66%;flex-basis:66%\">\n<div class=\"wp-block-group\"><div class=\"wp-block-group__inner-container is-layout-flow wp-block-group-is-layout-flow\">\n<h3 class=\"wp-block-heading\">Warum Flag Beach?<\/h3>\n\n\n\n<h4 class=\"wp-block-heading\"><span style=\"color:#18abdd\" class=\"has-inline-color\"><strong>Effektiver Unterricht<\/strong><\/span><\/h4>\n\n\n\n<p>F\u00fcr Anf\u00e4nger starten wir mit Theorie- und Grundlagenunterricht direkt am Strand. Wir w\u00e4hlen auch die besten Str\u00e4nde und Bedingungen f\u00fcr jede unserer Wassersportstunden aus, um sicherzustellen, dass du die meiste Zeit im Wasser verbringen und die Wellen genie\u00dfen kannst. <\/p>\n\n\n\n<h4 class=\"wp-block-heading\"><span style=\"color:#18abdd\" class=\"has-inline-color\">Kleine Gruppengr\u00f6ssen<\/span><\/h4>\n\n\n\n<p>Wir unterrichten nur in kleinen Gruppen. Beim <a href=\"https:\/\/flagbeach.com\/de\/kitesurfen\/\" data-type=\"page\" data-id=\"50\">Kitesurfen<\/a> bedeutet das, 4 Personen pro Lehrer am Strand und 2 Personen pro Lehrer im Wasser.<\/p>\n\n\n\n<p>Andere Schulen k\u00f6nnen auch mal bis zu 4 Personen pro Lehrer im Wasser haben, aber wir denken, dass du mit uns mehr aus deinem Unterricht herausholen wirst!<\/p>\n\n\n\n<h4 class=\"wp-block-heading\"><span style=\"color:#18abdd\" class=\"has-inline-color\">Top Lehrer<\/span><\/h4>\n\n\n\n<p>Wir besitzen mehr als 35 Jahre Erfahrung im Unterrichten von Kitesurfen, Surfen, Windsurfen und anderen Wassersportarten.<\/p>\n\n\n\n<p>Wir sind ein von VDWS zertifiziertes Center, dass Kitequalifikationen anbieten kann. Unsere Lehrer sind ausserdem IKO qualifiziert<\/p>\n\n\n\n<h4 class=\"wp-block-heading\"><span style=\"color:#18abdd\" class=\"has-inline-color\">Ausgezeichnete Ausr\u00fcstung<\/span><\/h4>\n\n\n\n<p>Wir sind freundlich und geduldig. Es geht darum, dass du eine gute Zeit bei uns hast.<\/p>\n\n\n\n<p>Wir unterrichen in 6 Sprachen: Englisch, Deutsch, Spanisch, Franz\u00f6sisch. Italienisch und Polnisch<\/p>\n\n\n\n<p>Wir bieten au\u00dferdem noch viele weiter Wassersportarten an. Bei uns wird dir sicherlich nicht langweilig.<\/p>\n<\/div><\/div>\n<\/div>\n\n\n\n<div class=\"wp-block-column is-layout-flow wp-block-column-is-layout-flow\">\n<div class=\"wp-block-group\"><div class=\"wp-block-group__inner-container is-layout-flow wp-block-group-is-layout-flow\">\n<h3 class=\"wp-block-heading\">Instruktor Fokus<\/h3>\n\n\n\n<figure class=\"wp-block-image size-large\"><img loading=\"lazy\" decoding=\"async\" width=\"540\" height=\"285\" src=\"https:\/\/flagbeach.com\/wp-content\/uploads\/2021\/02\/IMG_2860-scaled_540x285_acf_cropped.jpg\" alt=\"Paul, Kitesurf, SUP und Surf Instruktor\" class=\"wp-image-737\" srcset=\"https:\/\/www.flagbeach.com\/wp-content\/uploads\/2021\/02\/IMG_2860-scaled_540x285_acf_cropped.jpg 540w, https:\/\/www.flagbeach.com\/wp-content\/uploads\/2021\/02\/IMG_2860-scaled_540x285_acf_cropped-300x158.jpg 300w\" sizes=\"auto, (max-width: 540px) 100vw, 540px\" \/><\/figure>\n\n\n\n<h3 class=\"tw-mb-2 has-large-font-size wp-block-heading\">Paul<\/h3>\n\n\n\n<p class=\"has-small-font-size\"><strong>Kitesurf, SUP and Surf Instructor<\/strong><\/p>\n\n\n\n<p>Paul ist einer unserer langj\u00e4hrigen, ortsans\u00e4ssigen Lehrer und kennt unsere Str\u00e4nde in und auswendig. Er liebt die Natur generell und ganz besonders auf dem Wasser zu sein. Au\u00dferdem mag er es zu reisen und fremde Menschen und Kulturen kennen zu lernen.<\/p>\n\n\n\n<p><strong>Qualifications<\/strong><br\/>BKSA, RYA powerboat<\/p>\n\n\n\n<p><strong>Sprachen<\/strong><br\/>Englisch<\/p>\n\n\n\n<p><strong>Sportarten<\/strong><br\/>Kitesurf, SUP, Surfen<\/p>\n\n\n\n<p><\/p>\n\n\n\n<div class=\"wp-block-buttons is-content-justification-center is-layout-flex wp-container-core-buttons-is-layout-a89b3969 wp-block-buttons-is-layout-flex\">\n<div class=\"wp-block-button\"><a class=\"wp-block-button__link wp-element-button\" href=\"https:\/\/flagbeach.com\/de\/ueber-uns\/unser-team\/\">Lerne unsere Instruktoren kennen<\/a><\/div>\n<\/div>\n<\/div><\/div>\n<\/div>\n<\/div>\n<\/div><\/div>\n<\/div><\/div>\n\n<div class=\"wp-block-cover alignfull is-light\" style=\"min-height:688px;aspect-ratio:unset;\"><span aria-hidden=\"true\" class=\"wp-block-cover__background has-background-dim-0 has-background-dim\"><\/span><img loading=\"lazy\" decoding=\"async\" width=\"1707\" height=\"2560\" sizes=\"auto, (max-width: 799px) 200vw, (max-width: 1707px) 100vw, 1707px\" class=\"wp-block-cover__image-background wp-image-5563\" alt=\"\" src=\"https:\/\/www.flagbeach.com\/wp-content\/uploads\/2023\/03\/DSC06478-1-scaled.jpg\" data-object-fit=\"cover\" srcset=\"https:\/\/www.flagbeach.com\/wp-content\/uploads\/2023\/03\/DSC06478-1-scaled.jpg 1707w, https:\/\/www.flagbeach.com\/wp-content\/uploads\/2023\/03\/DSC06478-1-200x300.jpg 200w, https:\/\/www.flagbeach.com\/wp-content\/uploads\/2023\/03\/DSC06478-1-683x1024.jpg 683w, https:\/\/www.flagbeach.com\/wp-content\/uploads\/2023\/03\/DSC06478-1-768x1152.jpg 768w, https:\/\/www.flagbeach.com\/wp-content\/uploads\/2023\/03\/DSC06478-1-1024x1536.jpg 1024w, https:\/\/www.flagbeach.com\/wp-content\/uploads\/2023\/03\/DSC06478-1-1365x2048.jpg 1365w, https:\/\/www.flagbeach.com\/wp-content\/uploads\/2023\/03\/DSC06478-1-1568x2352.jpg 1568w\" \/><div class=\"wp-block-cover__inner-container is-layout-flow wp-block-cover-is-layout-flow\">\n<p class=\"has-text-align-center has-large-font-size\"><\/p>\n<\/div><\/div>\n","protected":false},"excerpt":{"rendered":"<p>Willkommen in der Flag Beach Surfschule, Fuerteventura Das Flag Beach Surf Camp gilt seit \u00fcber 10 Jahren als das beste Surf Erlebnis auf Fuerteventura. In dieser Zeit haben wir in unseren Kursen die Liebe f\u00fcr das Surfen und das Meer an tausende Surf Anf\u00e4nger aus ganz Europa weitergegeben. Wir betreiben eine mobile Surfschule. Das heisst&hellip; <a class=\"more-link\" href=\"https:\/\/www.flagbeach.com\/de\/surfen\/\"><span class=\"screen-reader-text\">Surfen<\/span> weiterlesen<\/a><\/p>\n","protected":false},"author":1,"featured_media":0,"parent":0,"menu_order":0,"comment_status":"closed","ping_status":"closed","template":"tw-header-transparent.php","meta":{"footnotes":""},"class_list":["post-2288","page","type-page","status-publish","hentry","entry"],"_links":{"self":[{"href":"https:\/\/www.flagbeach.com\/de\/wp-json\/wp\/v2\/pages\/2288","targetHints":{"allow":["GET"]}}],"collection":[{"href":"https:\/\/www.flagbeach.com\/de\/wp-json\/wp\/v2\/pages"}],"about":[{"href":"https:\/\/www.flagbeach.com\/de\/wp-json\/wp\/v2\/types\/page"}],"author":[{"embeddable":true,"href":"https:\/\/www.flagbeach.com\/de\/wp-json\/wp\/v2\/users\/1"}],"replies":[{"embeddable":true,"href":"https:\/\/www.flagbeach.com\/de\/wp-json\/wp\/v2\/comments?post=2288"}],"version-history":[{"count":21,"href":"https:\/\/www.flagbeach.com\/de\/wp-json\/wp\/v2\/pages\/2288\/revisions"}],"predecessor-version":[{"id":13882,"href":"https:\/\/www.flagbeach.com\/de\/wp-json\/wp\/v2\/pages\/2288\/revisions\/13882"}],"wp:attachment":[{"href":"https:\/\/www.flagbeach.com\/de\/wp-json\/wp\/v2\/media?parent=2288"}],"curies":[{"name":"wp","href":"https:\/\/api.w.org\/{rel}","templated":true}]}}