{"id":1706,"date":"2021-03-24T09:46:44","date_gmt":"2021-03-24T09:46:44","guid":{"rendered":"https:\/\/flagbeach.com\/wing-foiling\/wing-foil-kurse\/"},"modified":"2026-01-29T09:51:28","modified_gmt":"2026-01-29T09:51:28","slug":"wing-foil-kurse","status":"publish","type":"page","link":"https:\/\/www.flagbeach.com\/de\/wing-foiling\/wing-foil-kurse\/","title":{"rendered":"Wing Foil Kurse"},"content":{"rendered":"\n<div class=\"wp-block-cover alignfull has-custom-content-position is-position-top-left\" style=\"min-height:30vw;aspect-ratio:unset;\"><img loading=\"lazy\" decoding=\"async\" width=\"1600\" height=\"600\" sizes=\"auto, (max-width: 799px) 200vw, (max-width: 1600px) 100vw, 1600px\" class=\"wp-block-cover__image-background wp-image-900\" alt=\"\" src=\"https:\/\/www.flagbeach.com\/wp-content\/uploads\/2021\/02\/Action-shots-Echo-2020_9_1600x600_acf_cropped.jpg\" style=\"object-position:50% 0%\" data-object-fit=\"cover\" data-object-position=\"50% 0%\" srcset=\"https:\/\/www.flagbeach.com\/wp-content\/uploads\/2021\/02\/Action-shots-Echo-2020_9_1600x600_acf_cropped.jpg 1600w, https:\/\/www.flagbeach.com\/wp-content\/uploads\/2021\/02\/Action-shots-Echo-2020_9_1600x600_acf_cropped-300x113.jpg 300w, https:\/\/www.flagbeach.com\/wp-content\/uploads\/2021\/02\/Action-shots-Echo-2020_9_1600x600_acf_cropped-1024x384.jpg 1024w, https:\/\/www.flagbeach.com\/wp-content\/uploads\/2021\/02\/Action-shots-Echo-2020_9_1600x600_acf_cropped-768x288.jpg 768w, https:\/\/www.flagbeach.com\/wp-content\/uploads\/2021\/02\/Action-shots-Echo-2020_9_1600x600_acf_cropped-1536x576.jpg 1536w, https:\/\/www.flagbeach.com\/wp-content\/uploads\/2021\/02\/Action-shots-Echo-2020_9_1600x600_acf_cropped-1568x588.jpg 1568w\" \/><span aria-hidden=\"true\" class=\"wp-block-cover__background has-background-dim-100 has-background-dim wp-block-cover__gradient-background has-background-gradient\" style=\"background:linear-gradient(180deg,rgb(20,62,94) 0%,rgba(255,255,255,0) 48%,rgba(20,61,93,0) 67%,rgb(20,62,94) 100%)\"><\/span><div class=\"wp-block-cover__inner-container is-layout-flow wp-block-cover-is-layout-flow\">\n<h1 class=\"wp-block-heading has-text-align-left has-subtle-color has-text-color\">Wing Foil Kurse<\/h1>\n\n\n\n<p><\/p>\n<\/div><\/div>\n\n<div class=\"wp-block-buttons is-horizontal is-content-justification-center is-layout-flex wp-container-core-buttons-is-layout-03627597 wp-block-buttons-is-layout-flex\">\n<div class=\"wp-block-button\"><a class=\"wp-block-button__link wp-element-button\" href=\"https:\/\/flagbeach.com\/book-now\/\">Buche jetzt deinen Wingfoil Kurs!<\/a><\/div>\n<\/div>\n\n<div class=\"wp-block-group alignfull\"><div class=\"wp-block-group__inner-container is-layout-flow wp-block-group-is-layout-flow\">\n<h2 class=\"wp-block-heading\">Unsere Wing Foil Kurse auf Fuerteventura<\/h2>\n\n\n\n<p>M\u00f6chtest du eine neue Sportart erlernen? Mit unseren zwei Kursen haben wir f\u00fcr Sie vorgesorgt: Ein 1,5-st\u00fcndiger Kurs, der sich f\u00fcr diejenigen eignet, die keine Vorkenntnisse im Wassersport haben, und ein 1-5-t\u00e4giger Kurs, in dem Sie etwas \u00fcber den Wind lernen, wie man ein Foil f\u00e4hrt und wie man Foil und Wing kombiniert.<\/p>\n\n\n\n<div class=\"wp-block-columns alignwide is-layout-flex wp-container-core-columns-is-layout-d0b3c9c8 wp-block-columns-is-layout-flex\">\n<div class=\"wp-block-column is-layout-flow wp-block-column-is-layout-flow\" style=\"--col-width:33.33%;flex-basis:33.33%\">\n<figure class=\"wp-block-image\"><img loading=\"lazy\" decoding=\"async\" width=\"1920\" height=\"1200\" src=\"https:\/\/www.flagbeach.com\/wp-content\/uploads\/2022\/01\/Action-shots-Echo-2020_4.jpg\" alt=\"\" class=\"wp-image-2924\" srcset=\"https:\/\/www.flagbeach.com\/wp-content\/uploads\/2022\/01\/Action-shots-Echo-2020_4.jpg 1920w, https:\/\/www.flagbeach.com\/wp-content\/uploads\/2022\/01\/Action-shots-Echo-2020_4-300x188.jpg 300w, https:\/\/www.flagbeach.com\/wp-content\/uploads\/2022\/01\/Action-shots-Echo-2020_4-1024x640.jpg 1024w, https:\/\/www.flagbeach.com\/wp-content\/uploads\/2022\/01\/Action-shots-Echo-2020_4-768x480.jpg 768w, https:\/\/www.flagbeach.com\/wp-content\/uploads\/2022\/01\/Action-shots-Echo-2020_4-1536x960.jpg 1536w, https:\/\/www.flagbeach.com\/wp-content\/uploads\/2022\/01\/Action-shots-Echo-2020_4-1568x980.jpg 1568w\" sizes=\"auto, (max-width: 1920px) 100vw, 1920px\" \/><\/figure>\n\n\n\n<figure class=\"wp-block-image size-large\"><img loading=\"lazy\" decoding=\"async\" width=\"1024\" height=\"640\" src=\"https:\/\/www.flagbeach.com\/wp-content\/uploads\/2022\/01\/Action-shots-Echo-2020_9-1024x640.jpg\" alt=\"\" class=\"wp-image-2927\" srcset=\"https:\/\/www.flagbeach.com\/wp-content\/uploads\/2022\/01\/Action-shots-Echo-2020_9-1024x640.jpg 1024w, https:\/\/www.flagbeach.com\/wp-content\/uploads\/2022\/01\/Action-shots-Echo-2020_9-300x188.jpg 300w, https:\/\/www.flagbeach.com\/wp-content\/uploads\/2022\/01\/Action-shots-Echo-2020_9-768x480.jpg 768w, https:\/\/www.flagbeach.com\/wp-content\/uploads\/2022\/01\/Action-shots-Echo-2020_9-1536x960.jpg 1536w, https:\/\/www.flagbeach.com\/wp-content\/uploads\/2022\/01\/Action-shots-Echo-2020_9-1568x980.jpg 1568w, https:\/\/www.flagbeach.com\/wp-content\/uploads\/2022\/01\/Action-shots-Echo-2020_9.jpg 1920w\" sizes=\"auto, (max-width: 1024px) 100vw, 1024px\" \/><\/figure>\n<\/div>\n\n\n\n<div class=\"wp-block-column is-layout-flow wp-block-column-is-layout-flow\" style=\"--col-width:66.66%;flex-basis:66.66%\">\n<figure class=\"wp-block-image\"><img loading=\"lazy\" decoding=\"async\" width=\"2560\" height=\"1707\" src=\"https:\/\/www.flagbeach.com\/wp-content\/uploads\/2022\/12\/FOIL-6-scaled.jpg\" alt=\"\" class=\"wp-image-4076\" srcset=\"https:\/\/www.flagbeach.com\/wp-content\/uploads\/2022\/12\/FOIL-6-scaled.jpg 2560w, https:\/\/www.flagbeach.com\/wp-content\/uploads\/2022\/12\/FOIL-6-300x200.jpg 300w, https:\/\/www.flagbeach.com\/wp-content\/uploads\/2022\/12\/FOIL-6-1024x683.jpg 1024w, https:\/\/www.flagbeach.com\/wp-content\/uploads\/2022\/12\/FOIL-6-768x512.jpg 768w, https:\/\/www.flagbeach.com\/wp-content\/uploads\/2022\/12\/FOIL-6-1536x1024.jpg 1536w, https:\/\/www.flagbeach.com\/wp-content\/uploads\/2022\/12\/FOIL-6-2048x1365.jpg 2048w, https:\/\/www.flagbeach.com\/wp-content\/uploads\/2022\/12\/FOIL-6-1568x1045.jpg 1568w\" sizes=\"auto, (max-width: 2560px) 100vw, 2560px\" \/><\/figure>\n<\/div>\n<\/div>\n\n\n\n<h2 class=\"wp-block-heading\">Anf\u00e4nger Wing Foil Kurse<\/h2>\n\n\n\n<p>Unsere Anf\u00e4ngerkurse f\u00fcr das Wingfoilen bringen dir bei, wie du im malerischen Wasser von Fuerteventura wingfoilen kannst. Schau mal rein! Sie k\u00f6nnen auch eine Zertifizierung erhalten. Flag Beach ist das einzige VDWS-Zentrum im Norden der Insel und ist autorisiert, internationale Wingfoil-Zertifikate auszustellen.<\/p>\n\n\n\n<h2 class=\"wp-block-heading\"><mark style=\"background-color:rgba(0, 0, 0, 0);color:#fcbe06\" class=\"has-inline-color\">Programm<\/mark><\/h2>\n\n\n\n<p>Beach: Flag Beach und Lagune von Cotillo<br\/>Startzeit: 10am &amp; 14pm<\/p>\n\n\n\n<h3 class=\"wp-block-heading\">1-5 Tageskurs<\/h3>\n\n\n\n<h3 class=\"wp-block-heading\">Tag 1<\/h3>\n\n\n\n<p>Dieser wird damit verbracht, etwas \u00fcber den Wind zu lernen, die Ausr\u00fcstung vorzubereiten und am Strand zu \u00fcben, bevor man dann aufs Wasser geht. Zun\u00e4chst auf einem SUP-Board. (1.5 Stunden)<\/p>\n\n\n\n<h3 class=\"wp-block-heading\">Tag 2<\/h3>\n\n\n\n<p>Erlernen des Stehens auf dem Foil, Wasserski-Unterricht, aber mit Foil und hinter einem Boot hergezogen (1,5 Std.)<\/p>\n\n\n\n<h3 class=\"wp-block-heading\">Tag 3<\/h3>\n\n\n\n<p>Foil und Wing kombinieren (1.5 Stunden)<\/p>\n\n\n\n<h3 class=\"wp-block-heading\">Tag 4<\/h3>\n\n\n\n<p>Noch mehr Wing Foilen \u00fcben (1.5 Stunden)<\/p>\n\n\n\n<h3 class=\"wp-block-heading\">Tag 5<\/h3>\n\n\n\n<p>Noch mehr Wing Foilen \u00fcben (1.5 Stunden)<\/p>\n\n\n\n<h3 class=\"wp-block-heading\">Preise<\/h3>\n\n\n\n<div class=\"wp-block-group alignfull\"><div class=\"wp-block-group__inner-container is-layout-flow wp-block-group-is-layout-flow\">\n<figure class=\"wp-block-table tw-row-valign-top is-style-tw-border-h\"><table><tbody><tr><td>1 Tag Anf\u00e4nger Wing Foil Kurs<\/td><td class=\"has-text-align-right\" data-align=\"right\">\u20ac100<\/td><\/tr><tr><td>2 Tage Anf\u00e4nger Wing Foil Kurs<\/td><td class=\"has-text-align-right\" data-align=\"right\">\u20ac220<\/td><\/tr><tr><td>3 Tage Anf\u00e4nger Wing Foil Kurs<\/td><td class=\"has-text-align-right\" data-align=\"right\">\u20ac320<\/td><\/tr><tr><td>4 Tage Anf\u00e4nger Wing Foil Kurs<\/td><td class=\"has-text-align-right\" data-align=\"right\">\u20ac420<\/td><\/tr><tr><td>5- Tages Anf\u00e4nger Wingfoil Kurs<\/td><td class=\"has-text-align-right\" data-align=\"right\">\u20ac520<\/td><\/tr><tr><td>VDWS internationale Wing Foil Lizenz (inklusive Buch &amp; Lizenz)<\/td><td class=\"has-text-align-right\" data-align=\"right\">\u20ac20<\/td><\/tr><\/tbody><\/table><\/figure>\n<\/div><\/div>\n\n\n\n<div class=\"wp-block-buttons is-content-justification-center is-layout-flex wp-container-core-buttons-is-layout-a89b3969 wp-block-buttons-is-layout-flex\">\n<div class=\"wp-block-button is-style-outline is-style-outline--1\"><a class=\"wp-block-button__link wp-element-button\" href=\"https:\/\/www.vdws.de\/en\/my-vdws-checkpoint\">VDWS registration<\/a><\/div>\n<\/div>\n\n\n\n<div class=\"wp-block-buttons is-horizontal is-content-justification-center is-layout-flex wp-container-core-buttons-is-layout-03627597 wp-block-buttons-is-layout-flex\">\n<div class=\"wp-block-button\"><a class=\"wp-block-button__link wp-element-button\" href=\"https:\/\/flagbeach.com\/book-now\/\">Buche jetzt!<\/a><\/div>\n<\/div>\n<\/div><\/div>\n\n<hr class=\"wp-block-separator has-css-opacity\"\/>\n\n<div class=\"wp-block-cover alignfull is-light\" style=\"min-height:282px;aspect-ratio:unset;\"><img loading=\"lazy\" decoding=\"async\" width=\"1440\" height=\"540\" sizes=\"auto, (max-width: 799px) 200vw, (max-width: 1440px) 100vw, 1440px\" class=\"wp-block-cover__image-background wp-image-903\" alt=\"\" src=\"https:\/\/www.flagbeach.com\/wp-content\/uploads\/2021\/02\/Action-shots-Echo-2020_92_1440x540_acf_cropped.jpg\" style=\"object-position:51% 98%\" data-object-fit=\"cover\" data-object-position=\"51% 98%\" srcset=\"https:\/\/www.flagbeach.com\/wp-content\/uploads\/2021\/02\/Action-shots-Echo-2020_92_1440x540_acf_cropped.jpg 1440w, https:\/\/www.flagbeach.com\/wp-content\/uploads\/2021\/02\/Action-shots-Echo-2020_92_1440x540_acf_cropped-300x113.jpg 300w, https:\/\/www.flagbeach.com\/wp-content\/uploads\/2021\/02\/Action-shots-Echo-2020_92_1440x540_acf_cropped-1024x384.jpg 1024w, https:\/\/www.flagbeach.com\/wp-content\/uploads\/2021\/02\/Action-shots-Echo-2020_92_1440x540_acf_cropped-768x288.jpg 768w\" \/><span aria-hidden=\"true\" class=\"wp-block-cover__background has-background-dim-0 has-background-dim\"><\/span><div class=\"wp-block-cover__inner-container is-layout-flow wp-block-cover-is-layout-flow\">\n<p class=\"has-text-align-center has-large-font-size\"><\/p>\n<\/div><\/div>\n","protected":false},"excerpt":{"rendered":"<p>Unsere Wing Foil Kurse auf Fuerteventura M\u00f6chtest du eine neue Sportart erlernen? Mit unseren zwei Kursen haben wir f\u00fcr Sie vorgesorgt: Ein 1,5-st\u00fcndiger Kurs, der sich f\u00fcr diejenigen eignet, die keine Vorkenntnisse im Wassersport haben, und ein 1-5-t\u00e4giger Kurs, in dem Sie etwas \u00fcber den Wind lernen, wie man ein Foil f\u00e4hrt und wie man&hellip; <a class=\"more-link\" href=\"https:\/\/www.flagbeach.com\/de\/wing-foiling\/wing-foil-kurse\/\"><span class=\"screen-reader-text\">Wing Foil Kurse<\/span> weiterlesen<\/a><\/p>\n","protected":false},"author":1,"featured_media":0,"parent":1704,"menu_order":0,"comment_status":"closed","ping_status":"closed","template":"tw-header-transparent.php","meta":{"footnotes":""},"class_list":["post-1706","page","type-page","status-publish","hentry","entry"],"_links":{"self":[{"href":"https:\/\/www.flagbeach.com\/de\/wp-json\/wp\/v2\/pages\/1706","targetHints":{"allow":["GET"]}}],"collection":[{"href":"https:\/\/www.flagbeach.com\/de\/wp-json\/wp\/v2\/pages"}],"about":[{"href":"https:\/\/www.flagbeach.com\/de\/wp-json\/wp\/v2\/types\/page"}],"author":[{"embeddable":true,"href":"https:\/\/www.flagbeach.com\/de\/wp-json\/wp\/v2\/users\/1"}],"replies":[{"embeddable":true,"href":"https:\/\/www.flagbeach.com\/de\/wp-json\/wp\/v2\/comments?post=1706"}],"version-history":[{"count":34,"href":"https:\/\/www.flagbeach.com\/de\/wp-json\/wp\/v2\/pages\/1706\/revisions"}],"predecessor-version":[{"id":13904,"href":"https:\/\/www.flagbeach.com\/de\/wp-json\/wp\/v2\/pages\/1706\/revisions\/13904"}],"up":[{"embeddable":true,"href":"https:\/\/www.flagbeach.com\/de\/wp-json\/wp\/v2\/pages\/1704"}],"wp:attachment":[{"href":"https:\/\/www.flagbeach.com\/de\/wp-json\/wp\/v2\/media?parent=1706"}],"curies":[{"name":"wp","href":"https:\/\/api.w.org\/{rel}","templated":true}]}}