{"id":1700,"date":"2021-03-23T16:19:48","date_gmt":"2021-03-23T16:19:48","guid":{"rendered":"https:\/\/flagbeach.com\/windsurf\/windsurf-vermietung\/"},"modified":"2026-01-29T09:48:25","modified_gmt":"2026-01-29T09:48:25","slug":"windsurf-vermietung","status":"publish","type":"page","link":"https:\/\/www.flagbeach.com\/de\/windsurf\/windsurf-vermietung\/","title":{"rendered":"Windsurf Verleih"},"content":{"rendered":"\n<div class=\"wp-block-cover alignfull has-custom-content-position is-position-top-left is-light\" style=\"min-height:30vw;aspect-ratio:unset;\"><img loading=\"lazy\" decoding=\"async\" width=\"1440\" height=\"540\" sizes=\"auto, (max-width: 799px) 200vw, (max-width: 1440px) 100vw, 1440px\" class=\"wp-block-cover__image-background wp-image-877\" alt=\"\" src=\"https:\/\/www.flagbeach.com\/wp-content\/uploads\/2021\/02\/windsurfing-big-2.jpg\" style=\"object-position:50% 0%\" data-object-fit=\"cover\" data-object-position=\"50% 0%\" srcset=\"https:\/\/www.flagbeach.com\/wp-content\/uploads\/2021\/02\/windsurfing-big-2.jpg 1440w, https:\/\/www.flagbeach.com\/wp-content\/uploads\/2021\/02\/windsurfing-big-2-300x113.jpg 300w, https:\/\/www.flagbeach.com\/wp-content\/uploads\/2021\/02\/windsurfing-big-2-1024x384.jpg 1024w, https:\/\/www.flagbeach.com\/wp-content\/uploads\/2021\/02\/windsurfing-big-2-768x288.jpg 768w\" \/><span aria-hidden=\"true\" class=\"wp-block-cover__background has-background-dim-100 has-background-dim wp-block-cover__gradient-background has-background-gradient\" style=\"background:linear-gradient(180deg,rgb(20,62,94) 0%,rgba(255,255,255,0) 48%,rgba(20,61,93,0) 67%,rgb(20,62,94) 100%)\"><\/span><div class=\"wp-block-cover__inner-container is-layout-flow wp-block-cover-is-layout-flow\">\n<h1 class=\"wp-block-heading has-text-align-left has-subtle-color has-text-color\"><span class=\"has-inline-color has-white-color\">Windsurf Verleih<\/span><\/h1>\n\n\n\n<p><\/p>\n<\/div><\/div>\n\n<div class=\"wp-block-group alignfull\"><div class=\"wp-block-group__inner-container is-layout-flow wp-block-group-is-layout-flow\">\n<h2 class=\"wp-block-heading\">Miete deine Wassersportausr\u00fcstung bei uns.<\/h2>\n\n\n\n<p>F\u00fcr Fortgeschrittene bis Profi Wassersportler, die alleine auf dem Wasser unterwegs sein m\u00f6chten, haben wir die beste Surfausr\u00fcstung zum Ausleihen und dazu noch eine exklusive Strandlage. St\u00f6bere in unseren Ausr\u00fcstungsmarken und w\u00e4hle dein bevorzugtes Board und Segel aus. <\/p>\n\n\n\n<div class=\"wp-block-buttons is-horizontal is-content-justification-center is-layout-flex wp-container-core-buttons-is-layout-03627597 wp-block-buttons-is-layout-flex\">\n<div class=\"wp-block-button\"><a class=\"wp-block-button__link wp-element-button\" href=\"https:\/\/flagbeach.com\/book-now\/\">Buche jetzt deinen Windsurf Urlaub!<\/a><\/div>\n<\/div>\n\n\n\n<h2 class=\"wp-block-heading alignwide\">Windsurf Mietpreise<\/h2>\n\n\n\n<div class=\"wp-block-columns is-layout-flex wp-container-core-columns-is-layout-d0b3c9c8 wp-block-columns-is-layout-flex\">\n<div class=\"wp-block-column is-layout-flow wp-block-column-is-layout-flow\" style=\"--col-width:100%;flex-basis:100%\">\n<figure class=\"wp-block-table\"><table><thead><tr><th>Tage<\/th><th><strong>Nur Brett oder Segel<\/strong><\/th><th><strong>Vollst\u00e4ndiges Setup<\/strong><\/th><th>Trapez oder Neoprenanzug<\/th><\/tr><\/thead><tbody><tr><td>1\/2<\/td><td>35 <sup>\u20ac<\/sup><\/td><td>70 <sup>\u20ac<\/sup><\/td><td>5 <sup>\u20ac<\/sup><\/td><\/tr><tr><td>1<\/td><td>35 <sup>\u20ac<\/sup><\/td><td>80 <sup>\u20ac<\/sup><\/td><td>5 <sup>\u20ac<\/sup><\/td><\/tr><tr><td>2<\/td><td>70 <sup>\u20ac<\/sup><\/td><td>140 <sup>\u20ac<\/sup><\/td><td>10 <sup>\u20ac<\/sup><\/td><\/tr><tr><td>3<\/td><td>105 <sup>\u20ac<\/sup><\/td><td>180 <sup>\u20ac<\/sup><\/td><td>15 <sup>\u20ac<\/sup><\/td><\/tr><tr><td>4<\/td><td>130 <sup>\u20ac<\/sup><\/td><td>250 <sup>\u20ac<\/sup><\/td><td>20 <sup>\u20ac<\/sup><\/td><\/tr><tr><td>5<\/td><td>140 <sup>\u20ac<\/sup><\/td><td>250 <sup>\u20ac<\/sup><\/td><td>20 <sup>\u20ac<\/sup><\/td><\/tr><tr><td>6<\/td><td>150 <sup>\u20ac<\/sup><\/td><td>280 <sup>\u20ac<\/sup><\/td><td>25 <sup>\u20ac<\/sup><\/td><\/tr><tr><td>7<\/td><td>160 <sup>\u20ac<\/sup><\/td><td>280 <sup>\u20ac<\/sup><\/td><td>25 <sup>\u20ac<\/sup><\/td><\/tr><tr><td>8<\/td><td>170 <sup>\u20ac<\/sup><\/td><td>295 <sup>\u20ac<\/sup><\/td><td>25 <sup>\u20ac<\/sup><\/td><\/tr><tr><td>9<\/td><td>180 <sup>\u20ac<\/sup><\/td><td>320 <sup>\u20ac<\/sup><\/td><td>25 <sup>\u20ac<\/sup><\/td><\/tr><tr><td>10<\/td><td>190 <sup>\u20ac<\/sup><\/td><td>350 <sup>\u20ac<\/sup><\/td><td>25 <sup>\u20ac<\/sup><\/td><\/tr><tr><td>11<\/td><td>200 <sup>\u20ac<\/sup><\/td><td>380 <sup>\u20ac<\/sup><\/td><td>35 <sup>\u20ac<\/sup><\/td><\/tr><tr><td>12<\/td><td>210 <sup>\u20ac<\/sup><\/td><td>410 <sup>\u20ac<\/sup><\/td><td>35 <sup>\u20ac<\/sup><\/td><\/tr><tr><td>13<\/td><td>220 <sup>\u20ac<\/sup><\/td><td>430 <sup>\u20ac<\/sup><\/td><td>35 <sup>\u20ac<\/sup><\/td><\/tr><tr><td>14<\/td><td>230 <sup>\u20ac<\/sup><\/td><td>430 <sup>\u20ac<\/sup><\/td><td>35 <sup>\u20ac<\/sup><\/td><\/tr><tr><td>15<\/td><td>240 <sup>\u20ac<\/sup><\/td><td>450 <sup>\u20ac<\/sup><\/td><td>40 <sup>\u20ac<\/sup><\/td><\/tr><tr><td>16<\/td><td>250 <sup>\u20ac<\/sup><\/td><td>460 \u20ac <\/td><td>40 <sup>\u20ac<\/sup><\/td><\/tr><tr><td>17<\/td><td>260 <sup>\u20ac<\/sup><\/td><td>470 <sup>\u20ac<\/sup><\/td><td>40 <sup>\u20ac<\/sup><\/td><\/tr><tr><td>18<\/td><td>270 <sup>\u20ac<\/sup><\/td><td>480 <sup>\u20ac<\/sup><\/td><td>40 <sup>\u20ac<\/sup><\/td><\/tr><tr><td>19<\/td><td>280 <sup>\u20ac<\/sup><\/td><td>490 <sup>\u20ac<\/sup><\/td><td>40 <sup>\u20ac<\/sup><\/td><\/tr><tr><td>20<\/td><td>290 <sup>\u20ac<\/sup><\/td><td>500 <sup>\u20ac<\/sup><\/td><td>40 <sup>\u20ac<\/sup><\/td><\/tr><tr><td>21<\/td><td>300 <sup>\u20ac<\/sup><\/td><td>500 <sup>\u20ac<\/sup><\/td><td>40 <sup>\u20ac<\/sup><\/td><\/tr><\/tbody><\/table><\/figure>\n<\/div>\n<\/div>\n<\/div><\/div>\n\n<h2 class=\"wp-block-heading alignwide\">Windsurfen<\/h2>\n\n<div class=\"wp-block-group alignfull\"><div class=\"wp-block-group__inner-container is-layout-flow wp-block-group-is-layout-flow\">\n<div class=\"wp-block-columns alignwide tw-gutter-large is-layout-flex wp-container-core-columns-is-layout-d0b3c9c8 wp-block-columns-is-layout-flex\">\n<div class=\"wp-block-column is-layout-flow wp-block-column-is-layout-flow\">\n<h3 class=\"wp-block-heading alignwide\">Boards<\/h3>\n\n\n\n<h4 class=\"wp-block-heading\">Freewave Windsurf Board<\/h4>\n\n\n\n<div class=\"wp-block-columns is-layout-flex wp-container-core-columns-is-layout-d0b3c9c8 wp-block-columns-is-layout-flex\">\n<div class=\"wp-block-column is-layout-flow wp-block-column-is-layout-flow\">\n<figure class=\"wp-block-image size-large\"><img loading=\"lazy\" decoding=\"async\" width=\"750\" height=\"750\" src=\"https:\/\/www.flagbeach.com\/wp-content\/uploads\/2021\/03\/F21_WS_FW.png\" alt=\"Freewave Windsurf Board\" class=\"wp-image-1611\" title=\"Freewave Windsurf Board\" srcset=\"https:\/\/www.flagbeach.com\/wp-content\/uploads\/2021\/03\/F21_WS_FW.png 750w, https:\/\/www.flagbeach.com\/wp-content\/uploads\/2021\/03\/F21_WS_FW-300x300.png 300w, https:\/\/www.flagbeach.com\/wp-content\/uploads\/2021\/03\/F21_WS_FW-150x150.png 150w\" sizes=\"auto, (max-width: 750px) 100vw, 750px\" \/><\/figure>\n<\/div>\n\n\n\n<div class=\"wp-block-column is-layout-flow wp-block-column-is-layout-flow\">\n<p>Die FreeWave-Boards sind eine Liga f\u00fcr sich, um die bestm\u00f6gliche Mischung aus Wellen- und Flachwassersurff\u00e4higkeiten zu erzielen.<\/p>\n<\/div>\n<\/div>\n\n\n\n<h4 class=\"wp-block-heading\">Gecko Windsurf Board<\/h4>\n\n\n\n<div class=\"wp-block-columns is-layout-flex wp-container-core-columns-is-layout-d0b3c9c8 wp-block-columns-is-layout-flex\">\n<div class=\"wp-block-column is-layout-flow wp-block-column-is-layout-flow\">\n<figure class=\"wp-block-image size-large\"><img loading=\"lazy\" decoding=\"async\" width=\"750\" height=\"750\" src=\"https:\/\/www.flagbeach.com\/wp-content\/uploads\/2021\/03\/F21_WS_GeckoHRS_2500.png\" alt=\"Gecko Windsurf Board\" class=\"wp-image-1614\" title=\"Gecko Windsurf Board\" srcset=\"https:\/\/www.flagbeach.com\/wp-content\/uploads\/2021\/03\/F21_WS_GeckoHRS_2500.png 750w, https:\/\/www.flagbeach.com\/wp-content\/uploads\/2021\/03\/F21_WS_GeckoHRS_2500-300x300.png 300w, https:\/\/www.flagbeach.com\/wp-content\/uploads\/2021\/03\/F21_WS_GeckoHRS_2500-150x150.png 150w\" sizes=\"auto, (max-width: 750px) 100vw, 750px\" \/><\/figure>\n<\/div>\n\n\n\n<div class=\"wp-block-column is-layout-flow wp-block-column-is-layout-flow\">\n<p>Das Gecko ist ein benutzerfreundliches und spa\u00dfiges Freerideboard. Aufsteigen, einhaken und mach dich bereit f\u00fcr eine Menge Spa\u00df!<\/p>\n<\/div>\n<\/div>\n\n\n\n<h4 class=\"wp-block-heading\">Viper Windsurf Board<\/h4>\n\n\n\n<div class=\"wp-block-columns is-layout-flex wp-container-core-columns-is-layout-d0b3c9c8 wp-block-columns-is-layout-flex\">\n<div class=\"wp-block-column is-layout-flow wp-block-column-is-layout-flow\">\n<figure class=\"wp-block-image size-large\"><img loading=\"lazy\" decoding=\"async\" width=\"750\" height=\"750\" src=\"https:\/\/www.flagbeach.com\/wp-content\/uploads\/2021\/03\/F20_13200-1021_Viper.png\" alt=\"Viper Windsurf Board\" class=\"wp-image-1617\" title=\"Viper Windsurf Board\" srcset=\"https:\/\/www.flagbeach.com\/wp-content\/uploads\/2021\/03\/F20_13200-1021_Viper.png 750w, https:\/\/www.flagbeach.com\/wp-content\/uploads\/2021\/03\/F20_13200-1021_Viper-300x300.png 300w, https:\/\/www.flagbeach.com\/wp-content\/uploads\/2021\/03\/F20_13200-1021_Viper-150x150.png 150w\" sizes=\"auto, (max-width: 750px) 100vw, 750px\" \/><\/figure>\n<\/div>\n\n\n\n<div class=\"wp-block-column is-layout-flow wp-block-column-is-layout-flow\">\n<p>Wenn du in den Windsurfsport einsteigen m\u00f6chtest, ist das Viper deine Eintrittskarte!<\/p>\n<\/div>\n<\/div>\n\n\n\n<h4 class=\"wp-block-heading\">Blast Windsurf Board<\/h4>\n\n\n\n<div class=\"wp-block-columns is-layout-flex wp-container-core-columns-is-layout-d0b3c9c8 wp-block-columns-is-layout-flex\">\n<div class=\"wp-block-column is-layout-flow wp-block-column-is-layout-flow\">\n<figure class=\"wp-block-image size-large\"><img loading=\"lazy\" decoding=\"async\" width=\"750\" height=\"750\" src=\"https:\/\/www.flagbeach.com\/wp-content\/uploads\/2021\/03\/F21_WS_BlastHRS_2500.png\" alt=\"Blast Windsurf Board\" class=\"wp-image-1620\" title=\"Blast Windsurf Board\" srcset=\"https:\/\/www.flagbeach.com\/wp-content\/uploads\/2021\/03\/F21_WS_BlastHRS_2500.png 750w, https:\/\/www.flagbeach.com\/wp-content\/uploads\/2021\/03\/F21_WS_BlastHRS_2500-300x300.png 300w, https:\/\/www.flagbeach.com\/wp-content\/uploads\/2021\/03\/F21_WS_BlastHRS_2500-150x150.png 150w\" sizes=\"auto, (max-width: 750px) 100vw, 750px\" \/><\/figure>\n<\/div>\n\n\n\n<div class=\"wp-block-column is-layout-flow wp-block-column-is-layout-flow\">\n<p>Die parallelen Au\u00dfenkanten erm\u00f6glichen es dem Wasser, turbulenzfrei zu flie\u00dfen, was eine hohe Beschleunigung, h\u00f6chstm\u00f6gliche Geschwindigkeit und einfache Gybing-Eigenschaften erm\u00f6glicht.<\/p>\n\n\n\n<p>Fahre so smooth oder radikal wie du m\u00f6chtest, das Blast reagiert sofort und h\u00e4lt die Geschwindigkeit m\u00fchelos w\u00e4hrend der Halse.<\/p>\n<\/div>\n<\/div>\n<\/div>\n\n\n\n<div class=\"wp-block-column is-layout-flow wp-block-column-is-layout-flow\">\n<h3 class=\"wp-block-heading\">Segel<\/h3>\n\n\n\n<h4 class=\"wp-block-heading\">E_PACE Windsurf Sail<\/h4>\n\n\n\n<div class=\"wp-block-columns is-layout-flex wp-container-core-columns-is-layout-d0b3c9c8 wp-block-columns-is-layout-flex\">\n<div class=\"wp-block-column is-layout-flow wp-block-column-is-layout-flow\">\n<figure class=\"wp-block-image size-large\"><img loading=\"lazy\" decoding=\"async\" width=\"1024\" height=\"1024\" src=\"https:\/\/www.flagbeach.com\/wp-content\/uploads\/2021\/03\/DTW21_E-PACE_C02_Rendering_Web72-1024x1024.png\" alt=\"E_PACE Windsurf Sail\" class=\"wp-image-1623\" title=\"E_PACE Windsurf Sail\" srcset=\"https:\/\/www.flagbeach.com\/wp-content\/uploads\/2021\/03\/DTW21_E-PACE_C02_Rendering_Web72-1024x1024.png 1024w, https:\/\/www.flagbeach.com\/wp-content\/uploads\/2021\/03\/DTW21_E-PACE_C02_Rendering_Web72-300x300.png 300w, https:\/\/www.flagbeach.com\/wp-content\/uploads\/2021\/03\/DTW21_E-PACE_C02_Rendering_Web72-150x150.png 150w, https:\/\/www.flagbeach.com\/wp-content\/uploads\/2021\/03\/DTW21_E-PACE_C02_Rendering_Web72-768x768.png 768w, https:\/\/www.flagbeach.com\/wp-content\/uploads\/2021\/03\/DTW21_E-PACE_C02_Rendering_Web72-1536x1536.png 1536w, https:\/\/www.flagbeach.com\/wp-content\/uploads\/2021\/03\/DTW21_E-PACE_C02_Rendering_Web72-1568x1568.png 1568w, https:\/\/www.flagbeach.com\/wp-content\/uploads\/2021\/03\/DTW21_E-PACE_C02_Rendering_Web72.png 1750w\" sizes=\"auto, (max-width: 1024px) 100vw, 1024px\" \/><\/figure>\n<\/div>\n\n\n\n<div class=\"wp-block-column is-layout-flow wp-block-column-is-layout-flow\">\n<p>Es gibt kein Freeride- \/ Race-No-Cam-Segel, das einen gr\u00f6\u00dferen Trimm- und Windbereich abdeckt als die E_PACE!<\/p>\n<\/div>\n<\/div>\n\n\n\n<h4 class=\"wp-block-heading\">Super Hero Windsurf Segel<\/h4>\n\n\n\n<div class=\"wp-block-columns is-layout-flex wp-container-core-columns-is-layout-d0b3c9c8 wp-block-columns-is-layout-flex\">\n<div class=\"wp-block-column is-layout-flow wp-block-column-is-layout-flow\">\n<figure class=\"wp-block-image size-large\"><img loading=\"lazy\" decoding=\"async\" width=\"1024\" height=\"1024\" src=\"https:\/\/www.flagbeach.com\/wp-content\/uploads\/2021\/03\/DTW21_SUPER_HERO_C02_Rendering_Web_72-1024x1024.png\" alt=\"Super Hero Windsurf Segel\" class=\"wp-image-1626\" title=\"Super Hero Windsurf Segel\" srcset=\"https:\/\/www.flagbeach.com\/wp-content\/uploads\/2021\/03\/DTW21_SUPER_HERO_C02_Rendering_Web_72-1024x1024.png 1024w, https:\/\/www.flagbeach.com\/wp-content\/uploads\/2021\/03\/DTW21_SUPER_HERO_C02_Rendering_Web_72-300x300.png 300w, https:\/\/www.flagbeach.com\/wp-content\/uploads\/2021\/03\/DTW21_SUPER_HERO_C02_Rendering_Web_72-150x150.png 150w, https:\/\/www.flagbeach.com\/wp-content\/uploads\/2021\/03\/DTW21_SUPER_HERO_C02_Rendering_Web_72-768x768.png 768w, https:\/\/www.flagbeach.com\/wp-content\/uploads\/2021\/03\/DTW21_SUPER_HERO_C02_Rendering_Web_72-1536x1536.png 1536w, https:\/\/www.flagbeach.com\/wp-content\/uploads\/2021\/03\/DTW21_SUPER_HERO_C02_Rendering_Web_72-1568x1568.png 1568w, https:\/\/www.flagbeach.com\/wp-content\/uploads\/2021\/03\/DTW21_SUPER_HERO_C02_Rendering_Web_72.png 1750w\" sizes=\"auto, (max-width: 1024px) 100vw, 1024px\" \/><\/figure>\n<\/div>\n\n\n\n<div class=\"wp-block-column is-layout-flow wp-block-column-is-layout-flow\">\n<p>Das Hero ist stabil und mit guter Balance, liefert aber auch hervorragende Leistung bei weniger Power<\/p>\n<\/div>\n<\/div>\n<\/div>\n<\/div>\n<\/div><\/div>\n\n<div class=\"wp-block-cover alignfull is-light\" style=\"min-height:282px;aspect-ratio:unset;\"><img loading=\"lazy\" decoding=\"async\" width=\"1440\" height=\"540\" sizes=\"auto, (max-width: 799px) 200vw, (max-width: 1440px) 100vw, 1440px\" class=\"wp-block-cover__image-background wp-image-1167\" alt=\"\" src=\"https:\/\/www.flagbeach.com\/wp-content\/uploads\/2021\/02\/gallery-location-6.jpg\" style=\"object-position:50% 21%\" data-object-fit=\"cover\" data-object-position=\"50% 21%\" srcset=\"https:\/\/www.flagbeach.com\/wp-content\/uploads\/2021\/02\/gallery-location-6.jpg 1440w, https:\/\/www.flagbeach.com\/wp-content\/uploads\/2021\/02\/gallery-location-6-300x113.jpg 300w, https:\/\/www.flagbeach.com\/wp-content\/uploads\/2021\/02\/gallery-location-6-1024x384.jpg 1024w, https:\/\/www.flagbeach.com\/wp-content\/uploads\/2021\/02\/gallery-location-6-768x288.jpg 768w\" \/><span aria-hidden=\"true\" class=\"wp-block-cover__background has-background-dim-0 has-background-dim\"><\/span><div class=\"wp-block-cover__inner-container is-layout-flow wp-block-cover-is-layout-flow\">\n<p class=\"has-text-align-center has-large-font-size\"><\/p>\n<\/div><\/div>\n\n<div class=\"wp-block-columns alignwide is-layout-flex wp-container-core-columns-is-layout-d0b3c9c8 wp-block-columns-is-layout-flex\">\n<div class=\"wp-block-column is-layout-flow wp-block-column-is-layout-flow\">\n<div class=\"wp-block-group\"><div class=\"wp-block-group__inner-container is-layout-flow wp-block-group-is-layout-flow\">\n<h3 class=\"wp-block-heading\">Windsurf <br><mark style=\"background-color:rgba(0, 0, 0, 0);color:#fdbe07\" class=\"has-inline-color\">Kurse<\/mark><\/h3>\n\n\n\n<figure class=\"wp-block-image size-large\"><img decoding=\"async\" src=\"https:\/\/flagbeach.com\/wp-content\/uploads\/2021\/02\/DSC03694_1440x540_acf_cropped-1024x384.jpg\" alt=\"Windsurf Kurse auf Fuerteventura\" class=\"wp-image-883\"\/><\/figure>\n\n\n\n<p>Machen Sie einen Windsurfkurs und geniessen Sie die Lagunen von Fuerteventura. Unsere Anf\u00e4nger, Improver und Auffrischungskurse geben Ihnen einen Vorgeschmack auf diesen atemberaubenden Wassersport oder verbessern Ihre Windsurff\u00e4higkeiten. F\u00fchlen sie den Wind auf Ihrer Haut.<\/p>\n\n\n\n<p><\/p>\n\n\n\n<div class=\"wp-block-buttons is-content-justification-center is-layout-flex wp-container-core-buttons-is-layout-a89b3969 wp-block-buttons-is-layout-flex\">\n<div class=\"wp-block-button is-style-fill\"><a class=\"wp-block-button__link wp-element-button\" href=\"https:\/\/flagbeach.com\/de\/windsurf\/windsurfkurse\/\">Windsurfkurse anzeigen<\/a><\/div>\n<\/div>\n<\/div><\/div>\n<\/div>\n\n\n\n<div class=\"wp-block-column is-layout-flow wp-block-column-is-layout-flow\">\n<div class=\"wp-block-group\"><div class=\"wp-block-group__inner-container is-layout-flow wp-block-group-is-layout-flow\">\n<h3 class=\"wp-block-heading\">Windsurf<br><mark style=\"background-color:rgba(0, 0, 0, 0);color:#fdbe07\" class=\"has-inline-color\">Urlaubspakete<\/mark><\/h3>\n\n\n\n<figure class=\"wp-block-image size-large\"><img loading=\"lazy\" decoding=\"async\" width=\"1024\" height=\"384\" src=\"https:\/\/flagbeach.com\/wp-content\/uploads\/2021\/02\/windsurfing-big-1-1024x384.jpg\" alt=\"Windsurfcamps auf den Kanarischen Inseln\" class=\"wp-image-874\" srcset=\"https:\/\/www.flagbeach.com\/wp-content\/uploads\/2021\/02\/windsurfing-big-1-1024x384.jpg 1024w, https:\/\/www.flagbeach.com\/wp-content\/uploads\/2021\/02\/windsurfing-big-1-300x113.jpg 300w, https:\/\/www.flagbeach.com\/wp-content\/uploads\/2021\/02\/windsurfing-big-1-768x288.jpg 768w, https:\/\/www.flagbeach.com\/wp-content\/uploads\/2021\/02\/windsurfing-big-1.jpg 1440w\" sizes=\"auto, (max-width: 1024px) 100vw, 1024px\" \/><\/figure>\n\n\n\n<p>Unsere Urlaubspakete bieten die besten Wassersportkurse und Unterk\u00fcnfte auf Fuerteventura. Wir bringen Sie jeden Tag zum und vom Strand, Ausr\u00fcstung und Versicherung sind ebenfalls enthalten. Buchen Sie online und sparen Sie bis zu 33%. Sie werden keinen besseren Preis auf der Insel finden. Worauf warten Sie also noch? Tauchen Sie ein in unsere Pakete.<\/p>\n\n\n\n<p><\/p>\n\n\n\n<div class=\"wp-block-buttons is-content-justification-center is-layout-flex wp-container-core-buttons-is-layout-a89b3969 wp-block-buttons-is-layout-flex\">\n<div class=\"wp-block-button\"><a class=\"wp-block-button__link wp-element-button\" href=\"https:\/\/flagbeach.com\/windsurfing\/windsurfing-packages\/\">Windsurfurlaub anzeigen<\/a><\/div>\n<\/div>\n<\/div><\/div>\n<\/div>\n\n\n\n<div class=\"wp-block-column is-layout-flow wp-block-column-is-layout-flow\">\n<div class=\"wp-block-group\"><div class=\"wp-block-group__inner-container is-layout-flow wp-block-group-is-layout-flow\">\n<h3 class=\"wp-block-heading\">Windsurfen<br\/><span style=\"color:#fdbe07\" class=\"has-inline-color\">Unterk\u00fcnfte<\/span><\/h3>\n\n\n\n<figure class=\"wp-block-image size-large\"><img decoding=\"async\" src=\"https:\/\/flagbeach.com\/wp-content\/uploads\/2021\/02\/holiday-accommodation-fuerteventura-769x1024.jpg\" alt=\"Surfurlaub Unterkunft\" class=\"wp-image-1412\"\/><\/figure>\n\n\n\n<p>Unsere Urlaubspakete und Camps bieten Ihnen das Beste f\u00fcr Ihr Geld. Sie k\u00f6nnen aus einer Reihe von Unterk\u00fcnften w\u00e4hlen: von Luxushotels oder Selbstversorger-Apartments bis hin zu unseren preisg\u00fcnstigen Surf-Hostels. Buchen Sie noch unseren Windsurfkurs und Ausr\u00fcstungsverleih dazu, f\u00fcr das komplette Flag Beach-Erlebnis.<\/p>\n\n\n\n<p><\/p>\n\n\n\n<div class=\"wp-block-buttons aligncenter is-layout-flex wp-block-buttons-is-layout-flex\">\n<div class=\"wp-block-button\"><a class=\"wp-block-button__link\" href=\"https:\/\/flagbeach.com\/de\/unterkuenfte\/\">Urlaubsunterk\u00fcnfte ansehen<\/a><\/div>\n<\/div>\n<\/div><\/div>\n<\/div>\n<\/div>\n\n<hr class=\"wp-block-separator has-css-opacity\"\/>\n\n<div class=\"wp-block-cover alignfull is-light\" style=\"min-height:282px;aspect-ratio:unset;\"><img loading=\"lazy\" decoding=\"async\" width=\"1600\" height=\"600\" sizes=\"auto, (max-width: 799px) 200vw, (max-width: 1600px) 100vw, 1600px\" class=\"wp-block-cover__image-background wp-image-1202\" alt=\"\" src=\"https:\/\/www.flagbeach.com\/wp-content\/uploads\/2021\/02\/windsurfing-header.jpg\" style=\"object-position:50% 14%\" data-object-fit=\"cover\" data-object-position=\"50% 14%\" srcset=\"https:\/\/www.flagbeach.com\/wp-content\/uploads\/2021\/02\/windsurfing-header.jpg 1600w, https:\/\/www.flagbeach.com\/wp-content\/uploads\/2021\/02\/windsurfing-header-300x113.jpg 300w, https:\/\/www.flagbeach.com\/wp-content\/uploads\/2021\/02\/windsurfing-header-1024x384.jpg 1024w, https:\/\/www.flagbeach.com\/wp-content\/uploads\/2021\/02\/windsurfing-header-768x288.jpg 768w, https:\/\/www.flagbeach.com\/wp-content\/uploads\/2021\/02\/windsurfing-header-1536x576.jpg 1536w, https:\/\/www.flagbeach.com\/wp-content\/uploads\/2021\/02\/windsurfing-header-1568x588.jpg 1568w\" \/><span aria-hidden=\"true\" class=\"wp-block-cover__background has-background-dim-0 has-background-dim\"><\/span><div class=\"wp-block-cover__inner-container is-layout-flow wp-block-cover-is-layout-flow\">\n<p class=\"has-text-align-center has-large-font-size\"><\/p>\n<\/div><\/div>\n","protected":false},"excerpt":{"rendered":"<p>Miete deine Wassersportausr\u00fcstung bei uns. F\u00fcr Fortgeschrittene bis Profi Wassersportler, die alleine auf dem Wasser unterwegs sein m\u00f6chten, haben wir die beste Surfausr\u00fcstung zum Ausleihen und dazu noch eine exklusive Strandlage. St\u00f6bere in unseren Ausr\u00fcstungsmarken und w\u00e4hle dein bevorzugtes Board und Segel aus. Windsurf Mietpreise Tage Nur Brett oder Segel Vollst\u00e4ndiges Setup Trapez oder Neoprenanzug&hellip; <a class=\"more-link\" href=\"https:\/\/www.flagbeach.com\/de\/windsurf\/windsurf-vermietung\/\"><span class=\"screen-reader-text\">Windsurf Verleih<\/span> weiterlesen<\/a><\/p>\n","protected":false},"author":1,"featured_media":0,"parent":1694,"menu_order":0,"comment_status":"closed","ping_status":"closed","template":"tw-header-transparent.php","meta":{"footnotes":""},"class_list":["post-1700","page","type-page","status-publish","hentry","entry"],"_links":{"self":[{"href":"https:\/\/www.flagbeach.com\/de\/wp-json\/wp\/v2\/pages\/1700","targetHints":{"allow":["GET"]}}],"collection":[{"href":"https:\/\/www.flagbeach.com\/de\/wp-json\/wp\/v2\/pages"}],"about":[{"href":"https:\/\/www.flagbeach.com\/de\/wp-json\/wp\/v2\/types\/page"}],"author":[{"embeddable":true,"href":"https:\/\/www.flagbeach.com\/de\/wp-json\/wp\/v2\/users\/1"}],"replies":[{"embeddable":true,"href":"https:\/\/www.flagbeach.com\/de\/wp-json\/wp\/v2\/comments?post=1700"}],"version-history":[{"count":29,"href":"https:\/\/www.flagbeach.com\/de\/wp-json\/wp\/v2\/pages\/1700\/revisions"}],"predecessor-version":[{"id":13900,"href":"https:\/\/www.flagbeach.com\/de\/wp-json\/wp\/v2\/pages\/1700\/revisions\/13900"}],"up":[{"embeddable":true,"href":"https:\/\/www.flagbeach.com\/de\/wp-json\/wp\/v2\/pages\/1694"}],"wp:attachment":[{"href":"https:\/\/www.flagbeach.com\/de\/wp-json\/wp\/v2\/media?parent=1700"}],"curies":[{"name":"wp","href":"https:\/\/api.w.org\/{rel}","templated":true}]}}