{"id":1696,"date":"2021-03-23T15:46:36","date_gmt":"2021-03-23T15:46:36","guid":{"rendered":"https:\/\/flagbeach.com\/windsurf\/windsurfkurse\/"},"modified":"2026-02-02T09:23:49","modified_gmt":"2026-02-02T09:23:49","slug":"windsurfkurse","status":"publish","type":"page","link":"https:\/\/www.flagbeach.com\/de\/windsurf\/windsurfkurse\/","title":{"rendered":"Windsurfkurse"},"content":{"rendered":"\n<div class=\"wp-block-cover alignfull has-custom-content-position is-position-top-left is-light\" style=\"min-height:30vw;aspect-ratio:unset;\"><img loading=\"lazy\" decoding=\"async\" width=\"1440\" height=\"540\" sizes=\"auto, (max-width: 799px) 200vw, (max-width: 1440px) 100vw, 1440px\" class=\"wp-block-cover__image-background wp-image-877\" alt=\"\" src=\"https:\/\/www.flagbeach.com\/wp-content\/uploads\/2021\/02\/windsurfing-big-2.jpg\" style=\"object-position:50% 0%\" data-object-fit=\"cover\" data-object-position=\"50% 0%\" srcset=\"https:\/\/www.flagbeach.com\/wp-content\/uploads\/2021\/02\/windsurfing-big-2.jpg 1440w, https:\/\/www.flagbeach.com\/wp-content\/uploads\/2021\/02\/windsurfing-big-2-300x113.jpg 300w, https:\/\/www.flagbeach.com\/wp-content\/uploads\/2021\/02\/windsurfing-big-2-1024x384.jpg 1024w, https:\/\/www.flagbeach.com\/wp-content\/uploads\/2021\/02\/windsurfing-big-2-768x288.jpg 768w\" \/><span aria-hidden=\"true\" class=\"wp-block-cover__background has-background-dim-100 has-background-dim wp-block-cover__gradient-background has-background-gradient\" style=\"background:linear-gradient(180deg,rgb(20,62,94) 0%,rgba(255,255,255,0) 48%,rgba(20,61,93,0) 67%,rgb(20,62,94) 100%)\"><\/span><div class=\"wp-block-cover__inner-container is-layout-flow wp-block-cover-is-layout-flow\">\n<h1 class=\"wp-block-heading has-text-align-left has-subtle-color has-text-color\"><span style=\"background-color:rgba(0, 0, 0, 0)\" class=\"has-inline-color has-white-color\">Windsurfkurse<\/span><\/h1>\n\n\n\n<p><\/p>\n<\/div><\/div>\n\n<div class=\"wp-block-buttons is-horizontal is-content-justification-center is-layout-flex wp-container-core-buttons-is-layout-03627597 wp-block-buttons-is-layout-flex\">\n<div class=\"wp-block-button\"><a class=\"wp-block-button__link wp-element-button\" href=\"https:\/\/flagbeach.com\/book-now\/\">Buche jetzt deinen Windsurf Kurs!<\/a><\/div>\n<\/div>\n\n<div class=\"wp-block-group alignfull\"><div class=\"wp-block-group__inner-container is-layout-flow wp-block-group-is-layout-flow\">\n<h2 class=\"wp-block-heading\">Unsere Windsurfkurse auf Fuerteventura<\/h2>\n\n\n\n<p>Wir haben hier bei Flag Beach Kurse f\u00fcr jedermann. Wir bieten alle Schwierigkeitsgrade und Erfahrungen. Sie k\u00f6nnen die Kursdauer w\u00e4hlen, die Ihren Urlaubspl\u00e4nen entspricht.<\/p>\n\n\n\n<div class=\"wp-block-columns alignwide is-layout-flex wp-container-core-columns-is-layout-d0b3c9c8 wp-block-columns-is-layout-flex\">\n<div class=\"wp-block-column is-layout-flow wp-block-column-is-layout-flow\" style=\"--col-width:33.33%;flex-basis:33.33%\">\n<figure class=\"wp-block-image size-full\"><img loading=\"lazy\" decoding=\"async\" width=\"640\" height=\"480\" src=\"https:\/\/www.flagbeach.com\/wp-content\/uploads\/2021\/10\/easy-as-123.jpg\" alt=\"\" class=\"wp-image-2765\" srcset=\"https:\/\/www.flagbeach.com\/wp-content\/uploads\/2021\/10\/easy-as-123.jpg 640w, https:\/\/www.flagbeach.com\/wp-content\/uploads\/2021\/10\/easy-as-123-300x225.jpg 300w\" sizes=\"auto, (max-width: 640px) 100vw, 640px\" \/><\/figure>\n\n\n\n<figure class=\"wp-block-image size-full\"><img loading=\"lazy\" decoding=\"async\" width=\"640\" height=\"480\" src=\"https:\/\/www.flagbeach.com\/wp-content\/uploads\/2021\/10\/beginner-course-rig-games.jpg\" alt=\"\" class=\"wp-image-2755\" srcset=\"https:\/\/www.flagbeach.com\/wp-content\/uploads\/2021\/10\/beginner-course-rig-games.jpg 640w, https:\/\/www.flagbeach.com\/wp-content\/uploads\/2021\/10\/beginner-course-rig-games-300x225.jpg 300w\" sizes=\"auto, (max-width: 640px) 100vw, 640px\" \/><\/figure>\n<\/div>\n\n\n\n<div class=\"wp-block-column is-layout-flow wp-block-column-is-layout-flow\" style=\"--col-width:66.66%;flex-basis:66.66%\">\n<figure class=\"wp-block-image size-large\"><img loading=\"lazy\" decoding=\"async\" width=\"1024\" height=\"683\" src=\"https:\/\/www.flagbeach.com\/wp-content\/uploads\/2021\/10\/benn-9732-1024x683.jpg\" alt=\"\" class=\"wp-image-2769\" srcset=\"https:\/\/www.flagbeach.com\/wp-content\/uploads\/2021\/10\/benn-9732-1024x683.jpg 1024w, https:\/\/www.flagbeach.com\/wp-content\/uploads\/2021\/10\/benn-9732-300x200.jpg 300w, https:\/\/www.flagbeach.com\/wp-content\/uploads\/2021\/10\/benn-9732-768x512.jpg 768w, https:\/\/www.flagbeach.com\/wp-content\/uploads\/2021\/10\/benn-9732-1536x1024.jpg 1536w, https:\/\/www.flagbeach.com\/wp-content\/uploads\/2021\/10\/benn-9732-2048x1365.jpg 2048w, https:\/\/www.flagbeach.com\/wp-content\/uploads\/2021\/10\/benn-9732-1568x1045.jpg 1568w\" sizes=\"auto, (max-width: 1024px) 100vw, 1024px\" \/><\/figure>\n<\/div>\n<\/div>\n\n\n\n<h2 class=\"wp-block-heading alignwide\">Anf\u00e4nger Windsurfkurse<\/h2>\n\n\n\n<p class=\"tw-text-wide\">Unsere Anf\u00e4ngerkurse f\u00fcr 1 &#8211; 5 Tage werden dir beibringen, wie du in den malerischen Gew\u00e4ssern von Fuerteventura windsurfen kannst. Schau mal rein! Wir sind au\u00dferdem die einzige Kitesurfschule im gesamten Norden der Insel, die eine VDWS Zertifizierung besitzt. Wir k\u00f6nnen dir die internationale VDWS-Windsurf-Lizenzen ausstellen, damit du bei deinem n\u00e4chsten Urlaub Ausr\u00fcstung in anderen Zentren mieten kannst.<\/p>\n\n\n\n<p><\/p>\n\n\n\n<h2 class=\"wp-block-heading alignwide\" id=\"block-12ccd573-77ec-45ad-9108-63d2b42945cc\"><span style=\"background-color:rgba(0, 0, 0, 0);color:#fcbe06\" class=\"has-inline-color\">Programm<\/span><\/h2>\n\n\n\n<div class=\"wp-block-columns alignwide is-layout-flex wp-container-core-columns-is-layout-d0b3c9c8 wp-block-columns-is-layout-flex\">\n<div class=\"wp-block-column is-layout-flow wp-block-column-is-layout-flow\">\n<p>Strand: Flag Beach und Cotillo Lagoon<br\/>Startzeit: 10 Uhr<\/p>\n\n\n\n<h3 class=\"wp-block-heading\">Tag 1<\/h3>\n\n\n\n<p>Wir holen dich von deinem Hotel oder von deiner Unterkunft in Corralejo ab und bringen dich zum Strand, wo du 3 bis 4 Stunden Theorie \u00fcber Wind, Str\u00f6mungen, Wegerecht, Sicherheit und Ausr\u00fcstung erh\u00e4ltst. Du lernst, ein Segel aufzur\u00fcsten, wie du am Strand damit umgehst und wie du den Simulator benutzt. Am Ende dieser Einheit gehst du dann auch ins Wasser, um die Balance auf dem Board zu \u00fcben.<\/p>\n<\/div>\n\n\n\n<div class=\"wp-block-column is-layout-flow wp-block-column-is-layout-flow\">\n<h3 class=\"wp-block-heading\">Tag 2 &amp; 3<\/h3>\n\n\n\n<p>Du wirst wieder abgeholt und verbringst 3 \u2013 4 Stunden auf dem Wasser und lernst, quer zum Wind zu fahren, gegen den Wind zu segeln, zu wenden (dich durch den Wind zu drehen) und zu steuern.<\/p>\n\n\n\n<p>Am Ende dieses Kurses kannst du dein Windsurf-Zertifikat der Stufe 1 mitnehmen.<\/p>\n\n\n\n<p>Maximale Gruppengr\u00f6sse: 8 Personen pro Lehrer.<\/p>\n<\/div>\n<\/div>\n\n\n\n<h3 class=\"wp-block-heading\">Preise<\/h3>\n\n\n\n<div class=\"wp-block-group alignfull\"><div class=\"wp-block-group__inner-container is-layout-flow wp-block-group-is-layout-flow\">\n<figure class=\"wp-block-table tw-row-valign-top is-style-tw-border-h\"><table><tbody><tr><td>1 Tag Anf\u00e4nger Windsurfkurs<\/td><td class=\"has-text-align-right\" data-align=\"right\">\u20ac90<\/td><\/tr><tr><td>2 Tage Anf\u00e4nger Windsurfkurs<\/td><td class=\"has-text-align-right\" data-align=\"right\">\u20ac175<\/td><\/tr><tr><td>3 Tage Anf\u00e4nger Windsurfkurs<\/td><td class=\"has-text-align-right\" data-align=\"right\">\u20ac220<\/td><\/tr><tr><td>4 Tage Anf\u00e4nger Windsurfkurs<\/td><td class=\"has-text-align-right\" data-align=\"right\">\u20ac290<\/td><\/tr><tr><td>5 Tage Anf\u00e4nger Windsurfkurs<\/td><td class=\"has-text-align-right\" data-align=\"right\">\u20ac360<\/td><\/tr><tr><td>VDWS internationale Windsurf-Lizenz (inklusive Buch und Lizenz)<\/td><td class=\"has-text-align-right\" data-align=\"right\">\u20ac420<\/td><\/tr><\/tbody><\/table><\/figure>\n\n\n\n<div class=\"wp-block-buttons is-content-justification-center is-layout-flex wp-container-core-buttons-is-layout-a89b3969 wp-block-buttons-is-layout-flex\">\n<div class=\"wp-block-button is-style-outline is-style-outline--1\"><a class=\"wp-block-button__link has-text-align-center wp-element-button\" href=\"https:\/\/www.vdws.de\/en\/my-vdws-checkpoint\">VDWS registration<\/a><\/div>\n<\/div>\n<\/div><\/div>\n\n\n\n<div class=\"wp-block-buttons is-horizontal is-content-justification-center is-layout-flex wp-container-core-buttons-is-layout-03627597 wp-block-buttons-is-layout-flex\">\n<div class=\"wp-block-button\"><a class=\"wp-block-button__link wp-element-button\" href=\"https:\/\/flagbeach.com\/book-now\/\">Buche jetzt deinen Windsurf Kurs!<\/a><\/div>\n<\/div>\n\n\n\n<div class=\"wp-block-cover alignfull is-light\" style=\"min-height:280px;aspect-ratio:unset;\"><img decoding=\"async\" class=\"wp-block-cover__image-background wp-image-883\" alt=\"\" src=\"https:\/\/www.flagbeach.com\/wp-content\/uploads\/2021\/02\/DSC03694_1440x540_acf_cropped.jpg\" data-object-fit=\"cover\"\/><span aria-hidden=\"true\" class=\"wp-block-cover__background has-background-dim-0 has-background-dim\"><\/span><div class=\"wp-block-cover__inner-container is-layout-flow wp-block-cover-is-layout-flow\">\n<p class=\"has-text-align-center has-large-font-size\"><\/p>\n<\/div><\/div>\n\n\n\n<h2 class=\"wp-block-heading alignwide\">Auffrischungs Windsurfkurse<\/h2>\n\n\n\n<p>Verbessere deine Windsurff\u00e4higkeiten. Nehme an unserem 2-t\u00e4gigen Windsurfkursen zur Verbesserung oder Auffrischung teil und genie\u00dfe die Lagunen von Fuerteventura. Komme und f\u00fchle den Wind auf deiner Haut.<\/p>\n\n\n\n<div class=\"wp-block-getwid-accordion has-icon-left\" data-active-element=\"none\">\n<div class=\"wp-block-getwid-accordion__header-wrapper\"><span class=\"wp-block-getwid-accordion__header\"><a href=\"#\"><span class=\"wp-block-getwid-accordion__header-title\">View the full itineraries<\/span><span class=\"wp-block-getwid-accordion__icon is-active\"><i class=\"fas fa-plus\"><\/i><\/span><span class=\"wp-block-getwid-accordion__icon is-passive\"><i class=\"fas fa-minus\"><\/i><\/span><\/a><\/span><\/div><div class=\"wp-block-getwid-accordion__content-wrapper\"><div class=\"wp-block-getwid-accordion__content\">\n<h2 class=\"wp-block-heading\"><span style=\"background-color:rgba(0, 0, 0, 0);color:#fdbe07\" class=\"has-inline-color\">Programm<\/span><\/h2>\n\n\n\n<p>Strand: Lagune von Cotillo<br\/>Startzeit: 09:00 Uhr<\/p>\n\n\n\n<h3 class=\"wp-block-heading\">Improver<\/h3>\n\n\n\n<p>Dieser Kurs richtet sich an diejenigen, die bereits rund 30 Stunden Windsurfen absolviert haben und nun das n\u00e4chste Level erreichen m\u00f6chten.<\/p>\n\n\n\n<p>W\u00e4hrend dieses 8-st\u00fcndigen Kurses (4 Stunden pro Tag) lernst du die schnelle Wende, Halse, den Umgang mit dem Trapez und den Strandstart.<\/p>\n\n\n\n<p>Am Ende des Kurses kannst du dein Windsurf-Zertifikat der Stufe 2 oder 3 mitnehmen.<\/p>\n\n\n\n<h3 class=\"wp-block-heading\">Auffrisch Kurs<\/h3>\n\n\n\n<p>Nehme an unserem zweit\u00e4gigen Auffrischungs-Windsurfkurs teil, um deine Windsurff\u00e4higkeiten zu verbessern.<\/p>\n<\/div><\/div>\n<\/div>\n\n\n\n<h3 class=\"wp-block-heading\">Preise<\/h3>\n\n\n\n<div class=\"wp-block-group alignfull\"><div class=\"wp-block-group__inner-container is-layout-flow wp-block-group-is-layout-flow\">\n<figure class=\"wp-block-table tw-row-valign-top is-style-tw-border-h\"><table><tbody><tr><td>1-t\u00e4giger Windsurf-Fortgeschrittenenkurs<\/td><td class=\"has-text-align-right\" data-align=\"right\">\u20ac90<\/td><\/tr><tr><td>2-t\u00e4giger Windsurf-Fortgeschrittenenkurs<\/td><td class=\"has-text-align-right\" data-align=\"right\">\u20ac175<\/td><\/tr><tr><td>3-t\u00e4giger Windsurf-Fortgeschrittenenkurs<\/td><td class=\"has-text-align-right\" data-align=\"right\">\u20ac260<\/td><\/tr><tr><td>4-t\u00e4giger Windsurf-Fortgeschrittenenkurs<\/td><td class=\"has-text-align-right\" data-align=\"right\">\u20ac350<\/td><\/tr><tr><td>5-t\u00e4giger Windsurf-Fortgeschrittenenkurs<\/td><td class=\"has-text-align-right\" data-align=\"right\">\u20ac400<\/td><\/tr><tr><td>VDWS internationale Kite-Lizenz (inklusive Buch und Lizenz)<\/td><td class=\"has-text-align-right\" data-align=\"right\">\u20ac420<\/td><\/tr><\/tbody><\/table><\/figure>\n\n\n\n<p><\/p>\n<\/div><\/div>\n\n\n\n<div class=\"wp-block-buttons is-horizontal is-content-justification-center is-layout-flex wp-container-core-buttons-is-layout-03627597 wp-block-buttons-is-layout-flex\">\n<div class=\"wp-block-button\"><a class=\"wp-block-button__link wp-element-button\" href=\"https:\/\/flagbeach.com\/book-now\/\">Buche jetzt deinen Improver\/Auffrisch Windsurf Kurs!<\/a><\/div>\n<\/div>\n\n\n\n<div class=\"wp-block-cover alignfull is-light\" style=\"min-height:282px;aspect-ratio:unset;\"><img loading=\"lazy\" decoding=\"async\" width=\"1600\" height=\"600\" sizes=\"auto, (max-width: 799px) 200vw, (max-width: 1600px) 100vw, 1600px\" class=\"wp-block-cover__image-background wp-image-886\" alt=\"\" src=\"https:\/\/www.flagbeach.com\/wp-content\/uploads\/2021\/02\/windsurfing-header-2.jpg\" data-object-fit=\"cover\" srcset=\"https:\/\/www.flagbeach.com\/wp-content\/uploads\/2021\/02\/windsurfing-header-2.jpg 1600w, https:\/\/www.flagbeach.com\/wp-content\/uploads\/2021\/02\/windsurfing-header-2-300x113.jpg 300w, https:\/\/www.flagbeach.com\/wp-content\/uploads\/2021\/02\/windsurfing-header-2-1024x384.jpg 1024w, https:\/\/www.flagbeach.com\/wp-content\/uploads\/2021\/02\/windsurfing-header-2-768x288.jpg 768w, https:\/\/www.flagbeach.com\/wp-content\/uploads\/2021\/02\/windsurfing-header-2-1536x576.jpg 1536w, https:\/\/www.flagbeach.com\/wp-content\/uploads\/2021\/02\/windsurfing-header-2-1568x588.jpg 1568w\" \/><span aria-hidden=\"true\" class=\"wp-block-cover__background has-background-dim-0 has-background-dim\"><\/span><div class=\"wp-block-cover__inner-container is-layout-flow wp-block-cover-is-layout-flow\">\n<p class=\"has-text-align-center has-large-font-size\"><\/p>\n<\/div><\/div>\n\n\n\n<h2 class=\"wp-block-heading alignwide\">Privater Windsurfunterricht<\/h2>\n\n\n\n<p>Privatunterricht wird nur von unserem besten Windsurflehrer erteilt. 60 Minuten lang erh\u00e4ltst du 100% seiner Aufmerksamkeit und \u00fcbst jedes Windsurf-Man\u00f6ver, von den grundlegendsten bis zu den fortgeschrittensten Tricks wie Aerials, Tacks, Gybes und mehr. Der Unterricht wird vollst\u00e4ndig auf dich zugeschnitten.<\/p>\n\n\n\n<div class=\"wp-block-getwid-accordion has-icon-left\" data-active-element=\"none\"><\/div>\n\n\n\n<h3 class=\"wp-block-heading\">Preise<\/h3>\n\n\n\n<div class=\"wp-block-group alignfull\"><div class=\"wp-block-group__inner-container is-layout-flow wp-block-group-is-layout-flow\">\n<figure class=\"wp-block-table tw-row-valign-top is-style-tw-border-h\"><table><tbody><tr><td>1 Stunde Privatunterricht<\/td><td class=\"has-text-align-right\" data-align=\"right\">\u20ac75<\/td><\/tr><\/tbody><\/table><\/figure>\n\n\n\n<p><\/p>\n<\/div><\/div>\n\n\n\n<div class=\"wp-block-buttons is-horizontal is-content-justification-center is-layout-flex wp-container-core-buttons-is-layout-03627597 wp-block-buttons-is-layout-flex\">\n<div class=\"wp-block-button\"><a class=\"wp-block-button__link wp-element-button\" href=\"https:\/\/flagbeach.com\/book-now\/\">Buche jetzt deinen privaten Windsurf Kurs!<\/a><\/div>\n<\/div>\n<\/div><\/div>\n\n<div class=\"wp-block-cover alignfull is-light\" style=\"min-height:282px;aspect-ratio:unset;\"><img loading=\"lazy\" decoding=\"async\" width=\"1600\" height=\"600\" sizes=\"auto, (max-width: 799px) 200vw, (max-width: 1600px) 100vw, 1600px\" class=\"wp-block-cover__image-background wp-image-1202\" alt=\"\" src=\"https:\/\/www.flagbeach.com\/wp-content\/uploads\/2021\/02\/windsurfing-header.jpg\" style=\"object-position:48% 0%\" data-object-fit=\"cover\" data-object-position=\"48% 0%\" srcset=\"https:\/\/www.flagbeach.com\/wp-content\/uploads\/2021\/02\/windsurfing-header.jpg 1600w, https:\/\/www.flagbeach.com\/wp-content\/uploads\/2021\/02\/windsurfing-header-300x113.jpg 300w, https:\/\/www.flagbeach.com\/wp-content\/uploads\/2021\/02\/windsurfing-header-1024x384.jpg 1024w, https:\/\/www.flagbeach.com\/wp-content\/uploads\/2021\/02\/windsurfing-header-768x288.jpg 768w, https:\/\/www.flagbeach.com\/wp-content\/uploads\/2021\/02\/windsurfing-header-1536x576.jpg 1536w, https:\/\/www.flagbeach.com\/wp-content\/uploads\/2021\/02\/windsurfing-header-1568x588.jpg 1568w\" \/><span aria-hidden=\"true\" class=\"wp-block-cover__background has-background-dim-0 has-background-dim\"><\/span><div class=\"wp-block-cover__inner-container is-layout-flow wp-block-cover-is-layout-flow\">\n<p class=\"has-text-align-center has-large-font-size\"><\/p>\n<\/div><\/div>\n\n<div class=\"wp-block-columns alignwide is-layout-flex wp-container-core-columns-is-layout-d0b3c9c8 wp-block-columns-is-layout-flex\">\n<div class=\"wp-block-column is-layout-flow wp-block-column-is-layout-flow\">\n<div class=\"wp-block-group\"><div class=\"wp-block-group__inner-container is-layout-flow wp-block-group-is-layout-flow\">\n<h3 class=\"wp-block-heading\">Windsurf<br><mark style=\"background-color:rgba(0, 0, 0, 0);color:#fdbe07\" class=\"has-inline-color\">Urlaubspakete<\/mark><\/h3>\n\n\n\n<figure class=\"wp-block-image size-large\"><img loading=\"lazy\" decoding=\"async\" width=\"1024\" height=\"384\" src=\"https:\/\/flagbeach.com\/wp-content\/uploads\/2021\/02\/windsurfing-big-1-1024x384.jpg\" alt=\"Windsurfcamps auf den Kanarischen Inseln\" class=\"wp-image-874\" srcset=\"https:\/\/www.flagbeach.com\/wp-content\/uploads\/2021\/02\/windsurfing-big-1-1024x384.jpg 1024w, https:\/\/www.flagbeach.com\/wp-content\/uploads\/2021\/02\/windsurfing-big-1-300x113.jpg 300w, https:\/\/www.flagbeach.com\/wp-content\/uploads\/2021\/02\/windsurfing-big-1-768x288.jpg 768w, https:\/\/www.flagbeach.com\/wp-content\/uploads\/2021\/02\/windsurfing-big-1.jpg 1440w\" sizes=\"auto, (max-width: 1024px) 100vw, 1024px\" \/><\/figure>\n\n\n\n<p>Unsere Urlaubspakete bieten die besten Wassersportkurse und Unterk\u00fcnfte auf Fuerteventura. Wir bringen Sie jeden Tag zum und vom Strand, Ausr\u00fcstung und Versicherung sind ebenfalls enthalten. Buchen Sie online und sparen Sie bis zu 33%. Sie werden keinen besseren Preis auf der Insel finden. Worauf warten Sie also noch? Tauchen Sie ein in unsere Pakete.<\/p>\n\n\n\n<p><\/p>\n\n\n\n<div class=\"wp-block-buttons is-content-justification-center is-layout-flex wp-container-core-buttons-is-layout-a89b3969 wp-block-buttons-is-layout-flex\">\n<div class=\"wp-block-button\"><a class=\"wp-block-button__link wp-element-button\" href=\"https:\/\/flagbeach.com\/windsurfing\/windsurfing-packages\/\">Windsurfurlaub anzeigen<\/a><\/div>\n<\/div>\n<\/div><\/div>\n<\/div>\n\n\n\n<div class=\"wp-block-column is-layout-flow wp-block-column-is-layout-flow\">\n<div class=\"wp-block-group\"><div class=\"wp-block-group__inner-container is-layout-flow wp-block-group-is-layout-flow\">\n<h3 class=\"wp-block-heading\">Windsurfen<br\/><span style=\"color:#fdbe07\" class=\"has-inline-color\">Ausr\u00fcstungsverleih<\/span><\/h3>\n\n\n\n<figure class=\"wp-block-image size-large\"><img loading=\"lazy\" decoding=\"async\" width=\"1024\" height=\"384\" src=\"https:\/\/flagbeach.com\/wp-content\/uploads\/2021\/02\/windsurfing-big-2-1024x384.jpg\" alt=\"Windsurf Ausr&#xFC;stungsverleih\" class=\"wp-image-877\" srcset=\"https:\/\/www.flagbeach.com\/wp-content\/uploads\/2021\/02\/windsurfing-big-2-1024x384.jpg 1024w, https:\/\/www.flagbeach.com\/wp-content\/uploads\/2021\/02\/windsurfing-big-2-300x113.jpg 300w, https:\/\/www.flagbeach.com\/wp-content\/uploads\/2021\/02\/windsurfing-big-2-768x288.jpg 768w, https:\/\/www.flagbeach.com\/wp-content\/uploads\/2021\/02\/windsurfing-big-2.jpg 1440w\" sizes=\"auto, (max-width: 1024px) 100vw, 1024px\" \/><\/figure>\n\n\n\n<p>F\u00fcr Fortgeschrittene bis Profi Wassersportler, die alleine auf dem Wasser unterwegs sein m\u00f6chten, haben wir die beste Surfausr\u00fcstung zum Ausleihen und dazu noch eine exklusive Strandlage. Schauen Sie sich unsere Marken an und w\u00e4hlen Sie ihr Liebelingsboard und -Segel aus. Sie k\u00f6nnen Ihre eigene Ausr\u00fcstung auch bei uns am Strand lagern.<\/p>\n\n\n\n<p><\/p>\n\n\n\n<div class=\"wp-block-buttons aligncenter is-layout-flex wp-block-buttons-is-layout-flex\">\n<div class=\"wp-block-button\"><a class=\"wp-block-button__link\" href=\"https:\/\/flagbeach.com\/de\/windsurf\/windsurf-vermietung\/\">Windsurf-Verleih ansehen<\/a><\/div>\n<\/div>\n<\/div><\/div>\n<\/div>\n\n\n\n<div class=\"wp-block-column is-layout-flow wp-block-column-is-layout-flow\">\n<div class=\"wp-block-group\"><div class=\"wp-block-group__inner-container is-layout-flow wp-block-group-is-layout-flow\">\n<h3 class=\"wp-block-heading\">Windsurfen<br\/><span style=\"color:#fdbe07\" class=\"has-inline-color\">Unterk\u00fcnfte<\/span><\/h3>\n\n\n\n<figure class=\"wp-block-image size-large\"><img decoding=\"async\" src=\"https:\/\/flagbeach.com\/wp-content\/uploads\/2021\/02\/holiday-accommodation-fuerteventura-769x1024.jpg\" alt=\"Surfurlaub Unterkunft\" class=\"wp-image-1412\"\/><\/figure>\n\n\n\n<p>Unsere Urlaubspakete und Camps bieten Ihnen das Beste f\u00fcr Ihr Geld. Sie k\u00f6nnen aus einer Reihe von Unterk\u00fcnften w\u00e4hlen: von Luxushotels oder Selbstversorger-Apartments bis hin zu unseren preisg\u00fcnstigen Surf-Hostels. Buchen Sie noch unseren Windsurfkurs und Ausr\u00fcstungsverleih dazu, f\u00fcr das komplette Flag Beach-Erlebnis.<\/p>\n\n\n\n<p><\/p>\n\n\n\n<div class=\"wp-block-buttons aligncenter is-layout-flex wp-block-buttons-is-layout-flex\">\n<div class=\"wp-block-button\"><a class=\"wp-block-button__link\" href=\"https:\/\/flagbeach.com\/de\/unterkuenfte\/\">Urlaubsunterk\u00fcnfte ansehen<\/a><\/div>\n<\/div>\n<\/div><\/div>\n<\/div>\n<\/div>\n\n<hr class=\"wp-block-separator has-css-opacity\"\/>\n\n<div class=\"wp-block-cover alignfull is-light\" style=\"min-height:282px;aspect-ratio:unset;\"><img loading=\"lazy\" decoding=\"async\" width=\"1440\" height=\"540\" sizes=\"auto, (max-width: 799px) 200vw, (max-width: 1440px) 100vw, 1440px\" class=\"wp-block-cover__image-background wp-image-874\" alt=\"\" src=\"https:\/\/www.flagbeach.com\/wp-content\/uploads\/2021\/02\/windsurfing-big-1.jpg\" style=\"object-position:51% 98%\" data-object-fit=\"cover\" data-object-position=\"51% 98%\" srcset=\"https:\/\/www.flagbeach.com\/wp-content\/uploads\/2021\/02\/windsurfing-big-1.jpg 1440w, https:\/\/www.flagbeach.com\/wp-content\/uploads\/2021\/02\/windsurfing-big-1-300x113.jpg 300w, https:\/\/www.flagbeach.com\/wp-content\/uploads\/2021\/02\/windsurfing-big-1-1024x384.jpg 1024w, https:\/\/www.flagbeach.com\/wp-content\/uploads\/2021\/02\/windsurfing-big-1-768x288.jpg 768w\" \/><span aria-hidden=\"true\" class=\"wp-block-cover__background has-background-dim-0 has-background-dim\"><\/span><div class=\"wp-block-cover__inner-container is-layout-flow wp-block-cover-is-layout-flow\">\n<p class=\"has-text-align-center has-large-font-size\"><\/p>\n<\/div><\/div>\n","protected":false},"excerpt":{"rendered":"<p>Unsere Windsurfkurse auf Fuerteventura Wir haben hier bei Flag Beach Kurse f\u00fcr jedermann. Wir bieten alle Schwierigkeitsgrade und Erfahrungen. Sie k\u00f6nnen die Kursdauer w\u00e4hlen, die Ihren Urlaubspl\u00e4nen entspricht. Anf\u00e4nger Windsurfkurse Unsere Anf\u00e4ngerkurse f\u00fcr 1 &#8211; 5 Tage werden dir beibringen, wie du in den malerischen Gew\u00e4ssern von Fuerteventura windsurfen kannst. Schau mal rein! Wir sind&hellip; <a class=\"more-link\" href=\"https:\/\/www.flagbeach.com\/de\/windsurf\/windsurfkurse\/\"><span class=\"screen-reader-text\">Windsurfkurse<\/span> weiterlesen<\/a><\/p>\n","protected":false},"author":1,"featured_media":0,"parent":1694,"menu_order":0,"comment_status":"closed","ping_status":"closed","template":"tw-header-transparent.php","meta":{"footnotes":""},"class_list":["post-1696","page","type-page","status-publish","hentry","entry"],"_links":{"self":[{"href":"https:\/\/www.flagbeach.com\/de\/wp-json\/wp\/v2\/pages\/1696","targetHints":{"allow":["GET"]}}],"collection":[{"href":"https:\/\/www.flagbeach.com\/de\/wp-json\/wp\/v2\/pages"}],"about":[{"href":"https:\/\/www.flagbeach.com\/de\/wp-json\/wp\/v2\/types\/page"}],"author":[{"embeddable":true,"href":"https:\/\/www.flagbeach.com\/de\/wp-json\/wp\/v2\/users\/1"}],"replies":[{"embeddable":true,"href":"https:\/\/www.flagbeach.com\/de\/wp-json\/wp\/v2\/comments?post=1696"}],"version-history":[{"count":68,"href":"https:\/\/www.flagbeach.com\/de\/wp-json\/wp\/v2\/pages\/1696\/revisions"}],"predecessor-version":[{"id":13913,"href":"https:\/\/www.flagbeach.com\/de\/wp-json\/wp\/v2\/pages\/1696\/revisions\/13913"}],"up":[{"embeddable":true,"href":"https:\/\/www.flagbeach.com\/de\/wp-json\/wp\/v2\/pages\/1694"}],"wp:attachment":[{"href":"https:\/\/www.flagbeach.com\/de\/wp-json\/wp\/v2\/media?parent=1696"}],"curies":[{"name":"wp","href":"https:\/\/api.w.org\/{rel}","templated":true}]}}