{"id":1694,"date":"2021-03-23T15:10:49","date_gmt":"2021-03-23T15:10:49","guid":{"rendered":"https:\/\/flagbeach.com\/windsurf\/"},"modified":"2026-01-29T09:40:27","modified_gmt":"2026-01-29T09:40:27","slug":"windsurf","status":"publish","type":"page","link":"https:\/\/www.flagbeach.com\/de\/windsurf\/","title":{"rendered":"Windsurfen"},"content":{"rendered":"\n<div class=\"wp-block-cover alignfull has-background-dim-100 has-background-dim has-background-gradient has-custom-content-position is-position-top-left\" style=\"min-height:30vw;aspect-ratio:unset;\"><span aria-hidden=\"true\" class=\"wp-block-cover__gradient-background\" style=\"background:linear-gradient(180deg,rgb(20,62,94) 0%,rgba(255,255,255,0) 48%,rgba(20,61,93,0) 67%,rgb(20,62,94) 100%)\"><\/span><img loading=\"lazy\" decoding=\"async\" width=\"1440\" height=\"540\" sizes=\"auto, (max-width: 799px) 200vw, (max-width: 1440px) 100vw, 1440px\" class=\"wp-block-cover__image-background wp-image-877\" alt=\"\" src=\"https:\/\/www.flagbeach.com\/wp-content\/uploads\/2021\/02\/windsurfing-big-2.jpg\" style=\"object-position:50% 0%\" data-object-fit=\"cover\" data-object-position=\"50% 0%\" srcset=\"https:\/\/www.flagbeach.com\/wp-content\/uploads\/2021\/02\/windsurfing-big-2.jpg 1440w, https:\/\/www.flagbeach.com\/wp-content\/uploads\/2021\/02\/windsurfing-big-2-300x113.jpg 300w, https:\/\/www.flagbeach.com\/wp-content\/uploads\/2021\/02\/windsurfing-big-2-1024x384.jpg 1024w, https:\/\/www.flagbeach.com\/wp-content\/uploads\/2021\/02\/windsurfing-big-2-768x288.jpg 768w\" \/><div class=\"wp-block-cover__inner-container is-layout-flow wp-block-cover-is-layout-flow\">\n<h1 class=\"has-text-align-left has-subtle-color has-text-color wp-block-heading\"><span class=\"has-inline-color has-white-color\">Windsurf-Urlaub<\/span><\/h1>\n\n\n\n<p><\/p>\n<\/div><\/div>\n\n<div class=\"wp-block-group alignfull\"><div class=\"wp-block-group__inner-container is-layout-flow wp-block-group-is-layout-flow\">\n<div class=\"wp-block-columns alignwide are-vertically-aligned-center is-style-default tw-gutter-large tw-cols-stack-md is-layout-flex wp-container-core-columns-is-layout-d0b3c9c8 wp-block-columns-is-layout-flex\">\n<div class=\"wp-block-column is-vertically-aligned-center is-layout-flow wp-block-column-is-layout-flow\">\n<h3 class=\"wp-block-heading\">Lerne Windsurfen mit dem Flag Beach Windsurf Center auf Fuerteventura<\/h3>\n\n\n\n<p>Flag Beach liegt in Corralejo, im Norden von Fuerteventura und ist eines der am l\u00e4ngsten etablierten Windsurfcamps auf den Kanarischen Inseln. Wir bieten einzigartige Windsurf-Urlaubspakete, Kurse und Verleih an. Flag Beach hat perfekte Windsurf Bedingungen von M\u00e4rz bis September und einige anspruchsvolle Winde f\u00fcr fortgeschrittene Windsurfer im Winter.<\/p>\n<\/div>\n\n\n\n<div class=\"wp-block-column is-vertically-aligned-center is-layout-flow wp-block-column-is-layout-flow\">\n<figure class=\"wp-block-embed is-type-video is-provider-youtube wp-block-embed-youtube wp-embed-aspect-16-9 wp-has-aspect-ratio\"><div class=\"wp-block-embed__wrapper\">\n<iframe loading=\"lazy\" title=\"Flag Beach Windsurfing Lagoon, Fuerteventura\" width=\"750\" height=\"422\" src=\"https:\/\/www.youtube.com\/embed\/nmDVnLKRjFM?feature=oembed\" frameborder=\"0\" allow=\"accelerometer; autoplay; clipboard-write; encrypted-media; gyroscope; picture-in-picture\" allowfullscreen><\/iframe>\n<\/div><\/figure>\n<\/div>\n<\/div>\n<\/div><\/div>\n\n<div class=\"wp-block-buttons is-content-justification-center is-layout-flex wp-block-buttons-is-layout-flex\">\n<div class=\"wp-block-button\"><a class=\"wp-block-button__link\" href=\"https:\/\/flagbeach.com\/book-now\/\">Buche jetzt deinen Windsurf Kurs!<\/a><\/div>\n<\/div>\n\n<div class=\"wp-block-columns alignwide is-layout-flex wp-container-core-columns-is-layout-d0b3c9c8 wp-block-columns-is-layout-flex\">\n<div class=\"wp-block-column is-layout-flow wp-block-column-is-layout-flow\" style=\"--col-width:33.33%;flex-basis:33.33%\">\n<figure class=\"wp-block-image size-large is-resized\"><img loading=\"lazy\" decoding=\"async\" src=\"https:\/\/www.flagbeach.com\/wp-content\/uploads\/2022\/12\/WS-2ND-DAY-43-819x1024.jpg\" alt=\"\" class=\"wp-image-4084\" width=\"307\" height=\"383\" srcset=\"https:\/\/www.flagbeach.com\/wp-content\/uploads\/2022\/12\/WS-2ND-DAY-43-819x1024.jpg 819w, https:\/\/www.flagbeach.com\/wp-content\/uploads\/2022\/12\/WS-2ND-DAY-43-240x300.jpg 240w, https:\/\/www.flagbeach.com\/wp-content\/uploads\/2022\/12\/WS-2ND-DAY-43-768x960.jpg 768w, https:\/\/www.flagbeach.com\/wp-content\/uploads\/2022\/12\/WS-2ND-DAY-43-1229x1536.jpg 1229w, https:\/\/www.flagbeach.com\/wp-content\/uploads\/2022\/12\/WS-2ND-DAY-43-1639x2048.jpg 1639w, https:\/\/www.flagbeach.com\/wp-content\/uploads\/2022\/12\/WS-2ND-DAY-43-1568x1960.jpg 1568w, https:\/\/www.flagbeach.com\/wp-content\/uploads\/2022\/12\/WS-2ND-DAY-43-scaled.jpg 2048w\" sizes=\"auto, (max-width: 307px) 100vw, 307px\" \/><\/figure>\n\n\n\n<figure class=\"wp-block-image\"><img loading=\"lazy\" decoding=\"async\" width=\"1063\" height=\"600\" src=\"https:\/\/www.flagbeach.com\/wp-content\/uploads\/2021\/02\/board-racks_1600x600_acf_cropped-edited-4.jpg\" alt=\"\" class=\"wp-image-358\" srcset=\"https:\/\/www.flagbeach.com\/wp-content\/uploads\/2021\/02\/board-racks_1600x600_acf_cropped-edited-4.jpg 1063w, https:\/\/www.flagbeach.com\/wp-content\/uploads\/2021\/02\/board-racks_1600x600_acf_cropped-edited-4-300x169.jpg 300w, https:\/\/www.flagbeach.com\/wp-content\/uploads\/2021\/02\/board-racks_1600x600_acf_cropped-edited-4-1024x578.jpg 1024w, https:\/\/www.flagbeach.com\/wp-content\/uploads\/2021\/02\/board-racks_1600x600_acf_cropped-edited-4-768x433.jpg 768w\" sizes=\"auto, (max-width: 1063px) 100vw, 1063px\" \/><\/figure>\n<\/div>\n\n\n\n<div class=\"wp-block-column is-layout-flow wp-block-column-is-layout-flow\" style=\"--col-width:66.66%;flex-basis:66.66%\">\n<figure class=\"wp-block-image size-large\"><img loading=\"lazy\" decoding=\"async\" width=\"1024\" height=\"576\" src=\"https:\/\/www.flagbeach.com\/wp-content\/uploads\/2021\/10\/untitled-18-1024x576.jpg\" alt=\"\" class=\"wp-image-2733\" srcset=\"https:\/\/www.flagbeach.com\/wp-content\/uploads\/2021\/10\/untitled-18-1024x576.jpg 1024w, https:\/\/www.flagbeach.com\/wp-content\/uploads\/2021\/10\/untitled-18-300x169.jpg 300w, https:\/\/www.flagbeach.com\/wp-content\/uploads\/2021\/10\/untitled-18-768x432.jpg 768w, https:\/\/www.flagbeach.com\/wp-content\/uploads\/2021\/10\/untitled-18-1536x864.jpg 1536w, https:\/\/www.flagbeach.com\/wp-content\/uploads\/2021\/10\/untitled-18-2048x1152.jpg 2048w, https:\/\/www.flagbeach.com\/wp-content\/uploads\/2021\/10\/untitled-18-1568x882.jpg 1568w\" sizes=\"auto, (max-width: 1024px) 100vw, 1024px\" \/><\/figure>\n<\/div>\n<\/div>\n\n<div class=\"wp-block-group alignfull\"><div class=\"wp-block-group__inner-container is-layout-flow wp-block-group-is-layout-flow\">\n<p>Wir haben Kurse, Pakete und Ausr\u00fcstung f\u00fcr alle Windsurfer hier bei Flag Beach. Wir bieten alle Schwierigkeitsgrade und Erfahrungen. Sie k\u00f6nnen die Kursdauer w\u00e4hlen, die Ihren Urlaubspl\u00e4nen entspricht.<\/p>\n\n\n\n<div class=\"wp-block-columns alignwide tw-cols-stack-md is-layout-flex wp-container-core-columns-is-layout-d0b3c9c8 wp-block-columns-is-layout-flex\">\n<div class=\"wp-block-column is-layout-flow wp-block-column-is-layout-flow\">\n<div class=\"wp-block-group\"><div class=\"wp-block-group__inner-container is-layout-flow wp-block-group-is-layout-flow\">\n<h3 class=\"wp-block-heading\">Windsurf <br><mark style=\"background-color:rgba(0, 0, 0, 0);color:#fdbe07\" class=\"has-inline-color\">Kurse<\/mark><\/h3>\n\n\n\n<figure class=\"wp-block-image size-large\"><img decoding=\"async\" src=\"https:\/\/flagbeach.com\/wp-content\/uploads\/2021\/02\/DSC03694_1440x540_acf_cropped-1024x384.jpg\" alt=\"Windsurf Kurse auf Fuerteventura\" class=\"wp-image-883\"\/><\/figure>\n\n\n\n<p>Machen Sie einen Windsurfkurs und geniessen Sie die Lagunen von Fuerteventura. Unsere Anf\u00e4nger, Improver und Auffrischungskurse geben Ihnen einen Vorgeschmack auf diesen atemberaubenden Wassersport oder verbessern Ihre Windsurff\u00e4higkeiten. F\u00fchlen sie den Wind auf Ihrer Haut.<\/p>\n\n\n\n<p><\/p>\n\n\n\n<div class=\"wp-block-buttons is-content-justification-center is-layout-flex wp-container-core-buttons-is-layout-a89b3969 wp-block-buttons-is-layout-flex\">\n<div class=\"wp-block-button is-style-fill\"><a class=\"wp-block-button__link wp-element-button\" href=\"https:\/\/flagbeach.com\/de\/windsurf\/windsurfkurse\/\">Windsurfkurse anzeigen<\/a><\/div>\n<\/div>\n<\/div><\/div>\n<\/div>\n\n\n\n<div class=\"wp-block-column is-layout-flow wp-block-column-is-layout-flow\">\n<div class=\"wp-block-group\"><div class=\"wp-block-group__inner-container is-layout-flow wp-block-group-is-layout-flow\">\n<h3 class=\"wp-block-heading\">Windsurf<br><mark style=\"background-color:rgba(0, 0, 0, 0);color:#fdbe07\" class=\"has-inline-color\">Urlaubspakete<\/mark><\/h3>\n\n\n\n<figure class=\"wp-block-image size-large\"><img loading=\"lazy\" decoding=\"async\" width=\"1024\" height=\"384\" src=\"https:\/\/flagbeach.com\/wp-content\/uploads\/2021\/02\/windsurfing-big-1-1024x384.jpg\" alt=\"Windsurfcamps auf den Kanarischen Inseln\" class=\"wp-image-874\" srcset=\"https:\/\/www.flagbeach.com\/wp-content\/uploads\/2021\/02\/windsurfing-big-1-1024x384.jpg 1024w, https:\/\/www.flagbeach.com\/wp-content\/uploads\/2021\/02\/windsurfing-big-1-300x113.jpg 300w, https:\/\/www.flagbeach.com\/wp-content\/uploads\/2021\/02\/windsurfing-big-1-768x288.jpg 768w, https:\/\/www.flagbeach.com\/wp-content\/uploads\/2021\/02\/windsurfing-big-1.jpg 1440w\" sizes=\"auto, (max-width: 1024px) 100vw, 1024px\" \/><\/figure>\n\n\n\n<p>Unsere Urlaubspakete bieten die besten Wassersportkurse und Unterk\u00fcnfte auf Fuerteventura. Wir bringen Sie jeden Tag zum und vom Strand, Ausr\u00fcstung und Versicherung sind ebenfalls enthalten. Buchen Sie online und sparen Sie bis zu 33%. Sie werden keinen besseren Preis auf der Insel finden. Worauf warten Sie also noch? Tauchen Sie ein in unsere Pakete.<\/p>\n\n\n\n<p><\/p>\n\n\n\n<div class=\"wp-block-buttons is-content-justification-center is-layout-flex wp-container-core-buttons-is-layout-a89b3969 wp-block-buttons-is-layout-flex\">\n<div class=\"wp-block-button\"><a class=\"wp-block-button__link wp-element-button\" href=\"https:\/\/flagbeach.com\/windsurfing\/windsurfing-packages\/\">Windsurfurlaub anzeigen<\/a><\/div>\n<\/div>\n<\/div><\/div>\n<\/div>\n\n\n\n<div class=\"wp-block-column is-layout-flow wp-block-column-is-layout-flow\">\n<div class=\"wp-block-group\"><div class=\"wp-block-group__inner-container is-layout-flow wp-block-group-is-layout-flow\">\n<h3 class=\"wp-block-heading\">Windsurfen<br\/><span style=\"color:#fdbe07\" class=\"has-inline-color\">Ausr\u00fcstungsverleih<\/span><\/h3>\n\n\n\n<figure class=\"wp-block-image size-large\"><img loading=\"lazy\" decoding=\"async\" width=\"1024\" height=\"384\" src=\"https:\/\/flagbeach.com\/wp-content\/uploads\/2021\/02\/windsurfing-big-2-1024x384.jpg\" alt=\"Windsurf Ausr&#xFC;stungsverleih\" class=\"wp-image-877\" srcset=\"https:\/\/www.flagbeach.com\/wp-content\/uploads\/2021\/02\/windsurfing-big-2-1024x384.jpg 1024w, https:\/\/www.flagbeach.com\/wp-content\/uploads\/2021\/02\/windsurfing-big-2-300x113.jpg 300w, https:\/\/www.flagbeach.com\/wp-content\/uploads\/2021\/02\/windsurfing-big-2-768x288.jpg 768w, https:\/\/www.flagbeach.com\/wp-content\/uploads\/2021\/02\/windsurfing-big-2.jpg 1440w\" sizes=\"auto, (max-width: 1024px) 100vw, 1024px\" \/><\/figure>\n\n\n\n<p>F\u00fcr Fortgeschrittene bis Profi Wassersportler, die alleine auf dem Wasser unterwegs sein m\u00f6chten, haben wir die beste Surfausr\u00fcstung zum Ausleihen und dazu noch eine exklusive Strandlage. Schauen Sie sich unsere Marken an und w\u00e4hlen Sie ihr Liebelingsboard und -Segel aus. Sie k\u00f6nnen Ihre eigene Ausr\u00fcstung auch bei uns am Strand lagern.<\/p>\n\n\n\n<p><\/p>\n\n\n\n<div class=\"wp-block-buttons aligncenter is-layout-flex wp-block-buttons-is-layout-flex\">\n<div class=\"wp-block-button\"><a class=\"wp-block-button__link\" href=\"https:\/\/flagbeach.com\/de\/windsurf\/windsurf-vermietung\/\">Windsurf-Verleih ansehen<\/a><\/div>\n<\/div>\n<\/div><\/div>\n<\/div>\n<\/div>\n<\/div><\/div>\n\n<div class=\"wp-block-cover alignfull\" style=\"min-height:30vw;aspect-ratio:unset;\"><img loading=\"lazy\" decoding=\"async\" width=\"1440\" height=\"540\" sizes=\"auto, (max-width: 799px) 200vw, (max-width: 1440px) 100vw, 1440px\" class=\"wp-block-cover__image-background wp-image-880\" alt=\"\" src=\"https:\/\/www.flagbeach.com\/wp-content\/uploads\/2021\/02\/windsurfing-big-3.jpg\" data-object-fit=\"cover\" srcset=\"https:\/\/www.flagbeach.com\/wp-content\/uploads\/2021\/02\/windsurfing-big-3.jpg 1440w, https:\/\/www.flagbeach.com\/wp-content\/uploads\/2021\/02\/windsurfing-big-3-300x113.jpg 300w, https:\/\/www.flagbeach.com\/wp-content\/uploads\/2021\/02\/windsurfing-big-3-1024x384.jpg 1024w, https:\/\/www.flagbeach.com\/wp-content\/uploads\/2021\/02\/windsurfing-big-3-768x288.jpg 768w\" \/><div class=\"wp-block-cover__inner-container is-layout-flow wp-block-cover-is-layout-flow\">\n<p class=\"has-text-align-center has-large-font-size\"><\/p>\n<\/div><\/div>\n\n<div class=\"wp-block-group alignfull\"><div class=\"wp-block-group__inner-container is-layout-flow wp-block-group-is-layout-flow\">\n<div class=\"wp-block-columns alignwide tw-cols-stack-md is-layout-flex wp-container-core-columns-is-layout-d0b3c9c8 wp-block-columns-is-layout-flex\">\n<div class=\"wp-block-column is-layout-flow wp-block-column-is-layout-flow\" style=\"--col-width:66%;flex-basis:66%\">\n<div class=\"wp-block-group\"><div class=\"wp-block-group__inner-container is-layout-flow wp-block-group-is-layout-flow\">\n<h3 class=\"wp-block-heading\">Warum Flag Beach?<\/h3>\n\n\n\n<h4 class=\"wp-block-heading\"><span style=\"color:#18abdd\" class=\"has-inline-color\"><strong>Effektiver Unterricht<\/strong><\/span><\/h4>\n\n\n\n<p>F\u00fcr Anf\u00e4nger starten wir mit Theorie- und Grundlagenunterricht direkt am Strand. Wir w\u00e4hlen auch die besten Str\u00e4nde und Bedingungen f\u00fcr jede unserer Wassersportstunden aus, um sicherzustellen, dass du die meiste Zeit im Wasser verbringen und die Wellen genie\u00dfen kannst. <\/p>\n\n\n\n<h4 class=\"wp-block-heading\"><span style=\"color:#18abdd\" class=\"has-inline-color\">Kleine Gruppengr\u00f6ssen<\/span><\/h4>\n\n\n\n<p>Wir unterrichten nur in kleinen Gruppen. Beim <a href=\"https:\/\/flagbeach.com\/de\/kitesurfen\/\" data-type=\"page\" data-id=\"50\">Kitesurfen<\/a> bedeutet das, 4 Personen pro Lehrer am Strand und 2 Personen pro Lehrer im Wasser.<\/p>\n\n\n\n<p>Andere Schulen k\u00f6nnen auch mal bis zu 4 Personen pro Lehrer im Wasser haben, aber wir denken, dass du mit uns mehr aus deinem Unterricht herausholen wirst!<\/p>\n\n\n\n<h4 class=\"wp-block-heading\"><span style=\"color:#18abdd\" class=\"has-inline-color\">Top Lehrer<\/span><\/h4>\n\n\n\n<p>Wir besitzen mehr als 35 Jahre Erfahrung im Unterrichten von Kitesurfen, Surfen, Windsurfen und anderen Wassersportarten.<\/p>\n\n\n\n<p>Wir sind ein von VDWS zertifiziertes Center, dass Kitequalifikationen anbieten kann. Unsere Lehrer sind ausserdem IKO qualifiziert<\/p>\n\n\n\n<h4 class=\"wp-block-heading\"><span style=\"color:#18abdd\" class=\"has-inline-color\">Ausgezeichnete Ausr\u00fcstung<\/span><\/h4>\n\n\n\n<p>Wir sind freundlich und geduldig. Es geht darum, dass du eine gute Zeit bei uns hast.<\/p>\n\n\n\n<p>Wir unterrichen in 6 Sprachen: Englisch, Deutsch, Spanisch, Franz\u00f6sisch. Italienisch und Polnisch<\/p>\n\n\n\n<p>Wir bieten au\u00dferdem noch viele weiter Wassersportarten an. Bei uns wird dir sicherlich nicht langweilig.<\/p>\n<\/div><\/div>\n<\/div>\n\n\n\n<div class=\"wp-block-column is-layout-flow wp-block-column-is-layout-flow\">\n<div class=\"wp-block-group\"><div class=\"wp-block-group__inner-container is-layout-flow wp-block-group-is-layout-flow\">\n<h3 class=\"wp-block-heading\" id=\"block-1c1c30df-a213-4ca9-8d08-266a082204ab\"><span style=\"color:#fcbe06\" class=\"has-inline-color\">Beschreibung<\/span><\/h3>\n\n<figure class=\"wp-block-image size-large\" id=\"block-922f11a3-99dd-47d6-a7ae-1c877e46ae3d\"><img loading=\"lazy\" decoding=\"async\" width=\"540\" height=\"285\" src=\"https:\/\/flagbeach.com\/wp-content\/uploads\/2021\/02\/Michiel_540x285_acf_cropped.jpg\" alt=\"Windsurflehrer Michiel\" class=\"wp-image-750\" srcset=\"https:\/\/www.flagbeach.com\/wp-content\/uploads\/2021\/02\/Michiel_540x285_acf_cropped.jpg 540w, https:\/\/www.flagbeach.com\/wp-content\/uploads\/2021\/02\/Michiel_540x285_acf_cropped-300x158.jpg 300w\" sizes=\"auto, (max-width: 540px) 100vw, 540px\" \/><\/figure>\n\n<h3 class=\"wp-block-heading\">Michiel<\/h3>\n\n<p><strong>Windsurflehrer<\/strong><\/p>\n\n<p>Michiel kommt aus Belgien und ist verr\u00fcckt nach Windsurfen. Er ist ein Vollzeitmitarbeiter bei Flag Beach.<\/p>\n\n<p><strong>Qualifikationen<\/strong><br\/>VDWS Windsurf<\/p>\n\n<p><strong>Sprachen<\/strong><br\/>Belgisch, Englisch, Franz\u00f6sisch<\/p>\n\n<p><strong>Sportarten<\/strong><br\/>Windsurfen<\/p>\n\n<div class=\"wp-block-buttons is-layout-flex wp-block-buttons-is-layout-flex\">\n<div class=\"wp-block-button\"><a class=\"wp-block-button__link\" href=\"https:\/\/flagbeach.com\/de\/ueber-uns\/unser-team\/\">Unsere Windsurflehrer<\/a><\/div>\n<\/div>\n<\/div><\/div>\n<\/div>\n<\/div>\n<\/div><\/div>\n\n<div class=\"wp-block-cover alignfull\" style=\"min-height:30vw;aspect-ratio:unset;\"><img loading=\"lazy\" decoding=\"async\" width=\"1600\" height=\"600\" sizes=\"auto, (max-width: 799px) 200vw, (max-width: 1600px) 100vw, 1600px\" class=\"wp-block-cover__image-background wp-image-1202\" alt=\"\" src=\"https:\/\/www.flagbeach.com\/wp-content\/uploads\/2021\/02\/windsurfing-header.jpg\" data-object-fit=\"cover\" srcset=\"https:\/\/www.flagbeach.com\/wp-content\/uploads\/2021\/02\/windsurfing-header.jpg 1600w, https:\/\/www.flagbeach.com\/wp-content\/uploads\/2021\/02\/windsurfing-header-300x113.jpg 300w, https:\/\/www.flagbeach.com\/wp-content\/uploads\/2021\/02\/windsurfing-header-1024x384.jpg 1024w, https:\/\/www.flagbeach.com\/wp-content\/uploads\/2021\/02\/windsurfing-header-768x288.jpg 768w, https:\/\/www.flagbeach.com\/wp-content\/uploads\/2021\/02\/windsurfing-header-1536x576.jpg 1536w, https:\/\/www.flagbeach.com\/wp-content\/uploads\/2021\/02\/windsurfing-header-1568x588.jpg 1568w\" \/><div class=\"wp-block-cover__inner-container is-layout-flow wp-block-cover-is-layout-flow\">\n<p class=\"has-text-align-center has-large-font-size\"><\/p>\n<\/div><\/div>\n","protected":false},"excerpt":{"rendered":"<p>Lerne Windsurfen mit dem Flag Beach Windsurf Center auf Fuerteventura Flag Beach liegt in Corralejo, im Norden von Fuerteventura und ist eines der am l\u00e4ngsten etablierten Windsurfcamps auf den Kanarischen Inseln. Wir bieten einzigartige Windsurf-Urlaubspakete, Kurse und Verleih an. Flag Beach hat perfekte Windsurf Bedingungen von M\u00e4rz bis September und einige anspruchsvolle Winde f\u00fcr fortgeschrittene&hellip; <a class=\"more-link\" href=\"https:\/\/www.flagbeach.com\/de\/windsurf\/\"><span class=\"screen-reader-text\">Windsurfen<\/span> weiterlesen<\/a><\/p>\n","protected":false},"author":1,"featured_media":0,"parent":0,"menu_order":0,"comment_status":"closed","ping_status":"closed","template":"tw-header-transparent.php","meta":{"footnotes":""},"class_list":["post-1694","page","type-page","status-publish","hentry","entry"],"_links":{"self":[{"href":"https:\/\/www.flagbeach.com\/de\/wp-json\/wp\/v2\/pages\/1694","targetHints":{"allow":["GET"]}}],"collection":[{"href":"https:\/\/www.flagbeach.com\/de\/wp-json\/wp\/v2\/pages"}],"about":[{"href":"https:\/\/www.flagbeach.com\/de\/wp-json\/wp\/v2\/types\/page"}],"author":[{"embeddable":true,"href":"https:\/\/www.flagbeach.com\/de\/wp-json\/wp\/v2\/users\/1"}],"replies":[{"embeddable":true,"href":"https:\/\/www.flagbeach.com\/de\/wp-json\/wp\/v2\/comments?post=1694"}],"version-history":[{"count":26,"href":"https:\/\/www.flagbeach.com\/de\/wp-json\/wp\/v2\/pages\/1694\/revisions"}],"predecessor-version":[{"id":13894,"href":"https:\/\/www.flagbeach.com\/de\/wp-json\/wp\/v2\/pages\/1694\/revisions\/13894"}],"wp:attachment":[{"href":"https:\/\/www.flagbeach.com\/de\/wp-json\/wp\/v2\/media?parent=1694"}],"curies":[{"name":"wp","href":"https:\/\/api.w.org\/{rel}","templated":true}]}}