{"id":1692,"date":"2021-03-23T14:52:36","date_gmt":"2021-03-23T14:52:36","guid":{"rendered":"https:\/\/flagbeach.com\/kitesurfen\/kitesurf-pakete\/"},"modified":"2026-01-26T17:20:11","modified_gmt":"2026-01-26T17:20:11","slug":"kitesurf-pakete","status":"publish","type":"page","link":"https:\/\/www.flagbeach.com\/de\/kitesurfen\/kitesurf-pakete\/","title":{"rendered":"Kitesurf Pakete"},"content":{"rendered":"\n<div class=\"wp-block-cover alignfull has-custom-content-position is-position-top-left is-light\" style=\"min-height:30vw;aspect-ratio:unset;\"><img loading=\"lazy\" decoding=\"async\" width=\"1600\" height=\"600\" sizes=\"auto, (max-width: 799px) 200vw, (max-width: 1600px) 100vw, 1600px\" class=\"wp-block-cover__image-background wp-image-52\" alt=\"\" src=\"https:\/\/www.flagbeach.com\/wp-content\/uploads\/2021\/02\/kite-surfing-reworked-1600x600-1.jpg\" style=\"object-position:50% 0%\" data-object-fit=\"cover\" data-object-position=\"50% 0%\" srcset=\"https:\/\/www.flagbeach.com\/wp-content\/uploads\/2021\/02\/kite-surfing-reworked-1600x600-1.jpg 1600w, https:\/\/www.flagbeach.com\/wp-content\/uploads\/2021\/02\/kite-surfing-reworked-1600x600-1-300x113.jpg 300w, https:\/\/www.flagbeach.com\/wp-content\/uploads\/2021\/02\/kite-surfing-reworked-1600x600-1-1024x384.jpg 1024w, https:\/\/www.flagbeach.com\/wp-content\/uploads\/2021\/02\/kite-surfing-reworked-1600x600-1-768x288.jpg 768w, https:\/\/www.flagbeach.com\/wp-content\/uploads\/2021\/02\/kite-surfing-reworked-1600x600-1-1536x576.jpg 1536w, https:\/\/www.flagbeach.com\/wp-content\/uploads\/2021\/02\/kite-surfing-reworked-1600x600-1-1568x588.jpg 1568w\" \/><span aria-hidden=\"true\" class=\"wp-block-cover__background has-background-dim-100 has-background-dim wp-block-cover__gradient-background has-background-gradient\" style=\"background:linear-gradient(180deg,rgb(20,62,94) 0%,rgba(255,255,255,0) 48%,rgba(20,61,93,0) 67%,rgb(20,62,94) 100%)\"><\/span><div class=\"wp-block-cover__inner-container is-layout-flow wp-block-cover-is-layout-flow\">\n<h1 class=\"wp-block-heading has-text-align-left has-subtle-color has-text-color\">Kitesurf Pakete<\/h1>\n\n\n\n<p><\/p>\n<\/div><\/div>\n\n<div class=\"wp-block-buttons is-horizontal is-content-justification-center is-layout-flex wp-container-core-buttons-is-layout-03627597 wp-block-buttons-is-layout-flex\">\n<div class=\"wp-block-button\"><a class=\"wp-block-button__link wp-element-button\" href=\"https:\/\/flagbeach.com\/book-now\/\">Buche jetzt!<\/a><\/div>\n<\/div>\n\n<div class=\"wp-block-group alignfull\"><div class=\"wp-block-group__inner-container is-layout-flow wp-block-group-is-layout-flow\">\n<h2 class=\"wp-block-heading\">Auf der Suche nach dem besten Wassersporturlaub auf den Kanarischen Inseln? Hier ist er.<\/h2>\n\n\n\n<p>Unsere Urlaubspakete bieten die besten Wassersportkurse und Unterk\u00fcnfte auf Fuerteventura. Wir bringen dich jeden Tag an den Strand und wieder zur\u00fcck, Ausr\u00fcstung und Versicherung sind ebenfalls inklusive. Buche online, um bis zu 33% zu sparen. Du wirst keinen besseren Preis auf der Insel finden. Worauf wartesr du noch? Buche jetzt.<\/p>\n\n\n\n<div class=\"wp-block-columns alignwide is-layout-flex wp-container-core-columns-is-layout-d0b3c9c8 wp-block-columns-is-layout-flex\">\n<div class=\"wp-block-column is-layout-flow wp-block-column-is-layout-flow\" style=\"--col-width:33.33%;flex-basis:33.33%\">\n<figure class=\"wp-block-image size-large\"><img loading=\"lazy\" decoding=\"async\" width=\"1024\" height=\"683\" src=\"https:\/\/www.flagbeach.com\/wp-content\/uploads\/2021\/10\/DSC1344-1024x683.jpg\" alt=\"\" class=\"wp-image-2737\" srcset=\"https:\/\/www.flagbeach.com\/wp-content\/uploads\/2021\/10\/DSC1344-1024x683.jpg 1024w, https:\/\/www.flagbeach.com\/wp-content\/uploads\/2021\/10\/DSC1344-300x200.jpg 300w, https:\/\/www.flagbeach.com\/wp-content\/uploads\/2021\/10\/DSC1344-768x512.jpg 768w, https:\/\/www.flagbeach.com\/wp-content\/uploads\/2021\/10\/DSC1344-1536x1025.jpg 1536w, https:\/\/www.flagbeach.com\/wp-content\/uploads\/2021\/10\/DSC1344-2048x1366.jpg 2048w, https:\/\/www.flagbeach.com\/wp-content\/uploads\/2021\/10\/DSC1344-1568x1046.jpg 1568w\" sizes=\"auto, (max-width: 1024px) 100vw, 1024px\" \/><\/figure>\n\n\n\n<figure class=\"wp-block-image size-large\"><img loading=\"lazy\" decoding=\"async\" width=\"1024\" height=\"576\" src=\"https:\/\/www.flagbeach.com\/wp-content\/uploads\/2021\/10\/untitled-18-1024x576.jpg\" alt=\"\" class=\"wp-image-2733\" srcset=\"https:\/\/www.flagbeach.com\/wp-content\/uploads\/2021\/10\/untitled-18-1024x576.jpg 1024w, https:\/\/www.flagbeach.com\/wp-content\/uploads\/2021\/10\/untitled-18-300x169.jpg 300w, https:\/\/www.flagbeach.com\/wp-content\/uploads\/2021\/10\/untitled-18-768x432.jpg 768w, https:\/\/www.flagbeach.com\/wp-content\/uploads\/2021\/10\/untitled-18-1536x864.jpg 1536w, https:\/\/www.flagbeach.com\/wp-content\/uploads\/2021\/10\/untitled-18-2048x1152.jpg 2048w, https:\/\/www.flagbeach.com\/wp-content\/uploads\/2021\/10\/untitled-18-1568x882.jpg 1568w\" sizes=\"auto, (max-width: 1024px) 100vw, 1024px\" \/><\/figure>\n<\/div>\n\n\n\n<div class=\"wp-block-column is-layout-flow wp-block-column-is-layout-flow\" style=\"--col-width:66.66%;flex-basis:66.66%\">\n<figure class=\"wp-block-image\"><img loading=\"lazy\" decoding=\"async\" width=\"1440\" height=\"540\" src=\"https:\/\/www.flagbeach.com\/wp-content\/uploads\/2021\/02\/kitesurfing-big-2.jpg\" alt=\"\" class=\"wp-image-129\" srcset=\"https:\/\/www.flagbeach.com\/wp-content\/uploads\/2021\/02\/kitesurfing-big-2.jpg 1440w, https:\/\/www.flagbeach.com\/wp-content\/uploads\/2021\/02\/kitesurfing-big-2-300x113.jpg 300w, https:\/\/www.flagbeach.com\/wp-content\/uploads\/2021\/02\/kitesurfing-big-2-1024x384.jpg 1024w, https:\/\/www.flagbeach.com\/wp-content\/uploads\/2021\/02\/kitesurfing-big-2-768x288.jpg 768w\" sizes=\"auto, (max-width: 1440px) 100vw, 1440px\" \/><\/figure>\n\n\n\n<p><\/p>\n<\/div>\n<\/div>\n\n\n\n<h2 class=\"wp-block-heading alignwide\">Anf\u00e4nger Kitekurs Pakete<\/h2>\n\n\n\n<p class=\"tw-text-wide\">Mit unseren Anf\u00e4ngerpaketen lernst du das Kiten in den malerischen Gew\u00e4ssern von Fuerteventura. Schau mal rein!<\/p>\n\n\n\n<div class=\"wp-block-columns alignwide is-layout-flex wp-container-core-columns-is-layout-d0b3c9c8 wp-block-columns-is-layout-flex\">\n<div class=\"wp-block-column is-layout-flow wp-block-column-is-layout-flow\">\n<h2 class=\"wp-block-heading\"><span style=\"background-color:rgba(0, 0, 0, 0);color:#fcbe06\" class=\"has-inline-color\">Programm<\/span><\/h2>\n<\/div>\n\n\n\n<div class=\"wp-block-column is-layout-flow wp-block-column-is-layout-flow\"><\/div>\n<\/div>\n\n\n\n<div class=\"wp-block-columns alignwide is-layout-flex wp-container-core-columns-is-layout-d0b3c9c8 wp-block-columns-is-layout-flex\">\n<div class=\"wp-block-column is-layout-flow wp-block-column-is-layout-flow\">\n<h3 class=\"wp-block-heading\">Kitesurf-Camp f\u00fcr Anf\u00e4nger <\/h3>\n\n\n\n<p>Ein 7-t\u00e4giges Kitesurf-Camp f\u00fcr Anf\u00e4nger, die einen ersten Eindruck von diesem Sport bekommen m\u00f6chten.<\/p>\n\n\n\n<p>Ein kurzes 7-N\u00e4chte-Kite-Camp f\u00fcr Anf\u00e4nger, das 7 N\u00e4chte im Hostel B &amp; B (Mehrbettzimmer) und einen 4 Tage Kitekurs f\u00fcr Anf\u00e4nger (13 Stunden) mit Ausr\u00fcstung und Strandtransfer umfasst.<\/p>\n<\/div>\n\n\n\n<div class=\"wp-block-column is-layout-flow wp-block-column-is-layout-flow\">\n<h3 class=\"wp-block-heading\">Fortgeschrittene Kitesurfing Camp <\/h3>\n\n\n\n<p>Ein einw\u00f6chiger Kitesurfing-Aufenthalt f\u00fcr Fortgeschrittene, die ihre F\u00e4higkeiten verbessern wollen.<\/p>\n\n\n\n<p>Beinhaltet Unterkunft im Hostel B &amp; B (Mehrbettzimmer), t\u00e4glicher Transport zum und vom Strand, eine Haftpflichtversicherung sowie einen 4-t\u00e4gigen Kitesurfkurs f\u00fcr Fortgeschrittene mit kompletter Ausr\u00fcstung.<\/p>\n\n\n\n<p><\/p>\n<\/div>\n<\/div>\n\n\n\n<div class=\"wp-block-getwid-accordion has-icon-left\" data-active-element=\"none\">\n<div class=\"wp-block-getwid-accordion__header-wrapper\"><span class=\"wp-block-getwid-accordion__header\"><a href=\"#\"><span class=\"wp-block-getwid-accordion__header-title\">View the full itineraries<\/span><span class=\"wp-block-getwid-accordion__icon is-active\"><i class=\"fas fa-plus\"><\/i><\/span><span class=\"wp-block-getwid-accordion__icon is-passive\"><i class=\"fas fa-minus\"><\/i><\/span><\/a><\/span><\/div><div class=\"wp-block-getwid-accordion__content-wrapper\"><div class=\"wp-block-getwid-accordion__content\">\n<h2 class=\"wp-block-heading\">Weitere Programme<\/h2>\n\n\n\n<h3 class=\"wp-block-heading\">Kitesurfing f\u00fcr Anf\u00e4nger <\/h3>\n\n\n\n<p>Ein einw\u00f6chiges Budget-Kitesurfcamp f\u00fcr Anf\u00e4nger, die das Kiten lernen m\u00f6chten. <\/p>\n\n\n\n<p>Dies beinhaltet Hostelunterkunft B&amp;B (Mehrbettzimmer), Flughafentransfers, t\u00e4gliche Strandtransfers, Lunchpakete und einen 4-t\u00e4gigen Anf\u00e4ngerkurs mit s\u00e4mtlicher Ausr\u00fcstung.<\/p>\n\n\n\n<p><\/p>\n<\/div><\/div>\n<\/div>\n\n\n\n<h3 class=\"wp-block-heading\">Preise<\/h3>\n\n\n\n<div class=\"wp-block-group alignfull\"><div class=\"wp-block-group__inner-container is-layout-flow wp-block-group-is-layout-flow\">\n<figure class=\"wp-block-table tw-row-valign-top is-style-tw-border-h\"><table><tbody><tr><td><sup>Kitesurf-Camp f\u00fcr Anf\u00e4nger<\/sup>, 7 N\u00e4chte<br\/>7 \u00dcbernachtungen im Surf-Hostel, 4-t\u00e4giger Kitesurfkurs<\/td><td class=\"has-text-align-right\" data-align=\"right\">\u20ac680<\/td><\/tr><tr><td>Kitesurf-Camp f\u00fcr Anf\u00e4nger &amp; Yoga 7 N\u00e4chte<br\/>7 \u00dcbernachtungen im Surf-Hostel, 4-t\u00e4giger Kitesurfkurs, 5 Tage Yoga<\/td><td class=\"has-text-align-right\" data-align=\"right\">\u20ac780<\/td><\/tr><tr><td>Beginner kitesurfing camp 14 nights<br\/><sup>14 nights surf hostel stay, 6 day kitesurfing course and 3 days downwind <\/sup> <\/td><td class=\"has-text-align-right\" data-align=\"right\">\u20ac1275<\/td><\/tr><tr><td>Beginner kitesurfing camp &amp; Yoga 14 nights<br\/><sup>14 night surf hostel stay, 6 day kitesurfing course and 3 days downwind, 10 days yoga<\/sup><\/td><td class=\"has-text-align-right\" data-align=\"right\">\u20ac1475<\/td><\/tr><tr><td><\/td><td class=\"has-text-align-right\" data-align=\"right\"><\/td><\/tr><\/tbody><\/table><\/figure>\n\n\n\n<p><\/p>\n<\/div><\/div>\n\n\n\n<div class=\"wp-block-buttons is-horizontal is-content-justification-center is-layout-flex wp-container-core-buttons-is-layout-03627597 wp-block-buttons-is-layout-flex\">\n<div class=\"wp-block-button\"><a class=\"wp-block-button__link wp-element-button\" href=\"https:\/\/flagbeach.com\/book-now\/\">Buche jetzt dein Anf\u00e4nger Kitesurf Paket!<\/a><\/div>\n<\/div>\n\n\n\n<div class=\"wp-block-cover alignfull is-light\" style=\"min-height:280px;aspect-ratio:unset;\"><img loading=\"lazy\" decoding=\"async\" width=\"1440\" height=\"540\" sizes=\"auto, (max-width: 799px) 200vw, (max-width: 1440px) 100vw, 1440px\" class=\"wp-block-cover__image-background wp-image-129\" alt=\"\" src=\"https:\/\/www.flagbeach.com\/wp-content\/uploads\/2021\/02\/kitesurfing-big-2.jpg\" data-object-fit=\"cover\" srcset=\"https:\/\/www.flagbeach.com\/wp-content\/uploads\/2021\/02\/kitesurfing-big-2.jpg 1440w, https:\/\/www.flagbeach.com\/wp-content\/uploads\/2021\/02\/kitesurfing-big-2-300x113.jpg 300w, https:\/\/www.flagbeach.com\/wp-content\/uploads\/2021\/02\/kitesurfing-big-2-1024x384.jpg 1024w, https:\/\/www.flagbeach.com\/wp-content\/uploads\/2021\/02\/kitesurfing-big-2-768x288.jpg 768w\" \/><span aria-hidden=\"true\" class=\"wp-block-cover__background has-background-dim-0 has-background-dim\"><\/span><div class=\"wp-block-cover__inner-container is-layout-flow wp-block-cover-is-layout-flow\">\n<p class=\"has-text-align-center has-large-font-size\"><\/p>\n<\/div><\/div>\n\n\n\n<h2 class=\"wp-block-heading alignwide\">Fortgeschrittenen Kitesurf Paket<\/h2>\n\n\n\n<p>Du willst deine Kitef\u00e4higkeiten auffrischen oder verbessern? Unser Fortgeschrittenen Kitekurs wird genau auf dein Level zugeschnitten. Genie\u00dfe den perfekten Wind und die Wellen von Fuerteventura.<\/p>\n\n\n\n<div class=\"wp-block-getwid-accordion has-icon-left\" data-active-element=\"none\">\n<div class=\"wp-block-getwid-accordion__header-wrapper\"><span class=\"wp-block-getwid-accordion__header\"><a href=\"#\"><span class=\"wp-block-getwid-accordion__header-title\">View the full itineraries<\/span><span class=\"wp-block-getwid-accordion__icon is-active\"><i class=\"fas fa-plus\"><\/i><\/span><span class=\"wp-block-getwid-accordion__icon is-passive\"><i class=\"fas fa-minus\"><\/i><\/span><\/a><\/span><\/div><div class=\"wp-block-getwid-accordion__content-wrapper\"><div class=\"wp-block-getwid-accordion__content\">\n<h2 class=\"wp-block-heading\"><span style=\"background-color:rgba(0, 0, 0, 0);color:#fdbe07\" class=\"has-inline-color\">Programm<\/span><\/h2>\n\n\n\n<h3 class=\"wp-block-heading\">7 Tage Kitesurfen f\u00fcr Fortgeschrittene<\/h3>\n\n\n\n<p>Eine Woche g\u00fcnstiger Kitesurf-Urlaub f\u00fcr fortgeschrittene Kiter, die das n\u00e4chste Level erreichen m\u00f6chten, inklusive Unterkunft im Hostel (Schlafsaal) mit Fr\u00fchst\u00fcck und Kitekurs.<\/p>\n\n\n\n<p>Das Upgrade davon beinhaltet auch Flughafentransfers, Strandtransfers, Lunchpakete und die gesamte Ausr\u00fcstung. <\/p>\n\n\n\n<h3 class=\"wp-block-heading\">14 Tage Kitesurfen f\u00fcr Fortgeschrittene<\/h3>\n\n\n\n<p>Ein zweiw\u00f6chiges Budget-Kitesurf-Urlaubspaket f\u00fcr fortgeschrittene Kiter, die das n\u00e4chste Level erreichen m\u00f6chten.<\/p>\n\n\n\n<p>Beinhaltet Hostel B &amp; B (Mehrbettzimmer), Flughafentransfers, Strandtransfers, Lunchpaket, 4 Tage Fortgeschrittenen Kitekurs und 9 Tage Ausr\u00fcstungsverleih.<\/p>\n<\/div><\/div>\n<\/div>\n\n\n\n<h3 class=\"wp-block-heading\">Preise<\/h3>\n\n\n\n<div class=\"wp-block-group alignfull\"><div class=\"wp-block-group__inner-container is-layout-flow wp-block-group-is-layout-flow\">\n<figure class=\"wp-block-table tw-row-valign-top is-style-tw-border-h\"><table><tbody><tr><td>Kitesurfen f\u00fcr Fortgeschrittene 7 N\u00e4chte<br\/>7 \u00dcbernachtungen im Surf-Hostel, 4-t\u00e4giger Kitesurfkurs<\/td><td class=\"has-text-align-right\" data-align=\"right\">\u20ac680<\/td><\/tr><tr><td>Kitesurf-Camp f\u00fcr Fortgeschrittene &amp; Yoga 7 N\u00e4chte<br\/>7 \u00dcbernachtungen im Surf-Hostel, 4-t\u00e4giger Kitesurfkurs, 5 Tage Yoga<\/td><td class=\"has-text-align-right\" data-align=\"right\">\u20ac780<\/td><\/tr><tr><td>Kitesurfen f\u00fcr Fortgeschrittene 14 N\u00e4chte<br\/>14 \u00dcbernachtungen im Surf-Hostel, 6-t\u00e4giger Kitesurfkurs, 3 Tage Downwind<\/td><td class=\"has-text-align-right\" data-align=\"right\">\u20ac1275<\/td><\/tr><tr><td>Kitesurf-Camp f\u00fcr Fortgeschrittene &amp; Yoga 14 N\u00e4chte<br\/>14 \u00dcbernachtungen im Surf-Hostel, 6-t\u00e4giger Kitesurfkurs, 3 Tage Downwind, 10 Tage Yoga<\/td><td class=\"has-text-align-right\" data-align=\"right\">\u20ac1475<\/td><\/tr><\/tbody><\/table><\/figure>\n\n\n\n<p><\/p>\n<\/div><\/div>\n\n\n\n<div class=\"wp-block-buttons is-horizontal is-content-justification-center is-layout-flex wp-container-core-buttons-is-layout-03627597 wp-block-buttons-is-layout-flex\">\n<div class=\"wp-block-button\"><a class=\"wp-block-button__link wp-element-button\" href=\"https:\/\/flagbeach.com\/book-now\/\">Buche jetzt!<\/a><\/div>\n<\/div>\n\n\n\n<div class=\"wp-block-cover alignfull is-light\" style=\"min-height:280px;aspect-ratio:unset;\"><img loading=\"lazy\" decoding=\"async\" width=\"1440\" height=\"540\" sizes=\"auto, (max-width: 799px) 200vw, (max-width: 1440px) 100vw, 1440px\" class=\"wp-block-cover__image-background wp-image-129\" alt=\"\" src=\"https:\/\/www.flagbeach.com\/wp-content\/uploads\/2021\/02\/kitesurfing-big-2.jpg\" data-object-fit=\"cover\" srcset=\"https:\/\/www.flagbeach.com\/wp-content\/uploads\/2021\/02\/kitesurfing-big-2.jpg 1440w, https:\/\/www.flagbeach.com\/wp-content\/uploads\/2021\/02\/kitesurfing-big-2-300x113.jpg 300w, https:\/\/www.flagbeach.com\/wp-content\/uploads\/2021\/02\/kitesurfing-big-2-1024x384.jpg 1024w, https:\/\/www.flagbeach.com\/wp-content\/uploads\/2021\/02\/kitesurfing-big-2-768x288.jpg 768w\" \/><span aria-hidden=\"true\" class=\"wp-block-cover__background has-background-dim-0 has-background-dim\"><\/span><div class=\"wp-block-cover__inner-container is-layout-flow wp-block-cover-is-layout-flow\">\n<p class=\"has-text-align-center has-large-font-size\"><\/p>\n<\/div><\/div>\n\n\n\n<div class=\"wp-block-columns alignwide is-layout-flex wp-container-core-columns-is-layout-d0b3c9c8 wp-block-columns-is-layout-flex\">\n<div class=\"wp-block-column is-layout-flow wp-block-column-is-layout-flow\">\n<div class=\"wp-block-group\"><div class=\"wp-block-group__inner-container is-layout-flow wp-block-group-is-layout-flow\">\n<h3 class=\"wp-block-heading\">Kitesurfing <span style=\"color:#fdbe07\" class=\"has-inline-color\">Kurse<\/span> auf Fuerteventura<\/h3>\n\n\n\n<figure class=\"wp-block-image size-large\"><img loading=\"lazy\" decoding=\"async\" width=\"1024\" height=\"819\" src=\"https:\/\/www.flagbeach.com\/wp-content\/uploads\/2023\/03\/DSC01625-1024x819.jpg\" alt=\"\" class=\"wp-image-5464\" srcset=\"https:\/\/www.flagbeach.com\/wp-content\/uploads\/2023\/03\/DSC01625-1024x819.jpg 1024w, https:\/\/www.flagbeach.com\/wp-content\/uploads\/2023\/03\/DSC01625-300x240.jpg 300w, https:\/\/www.flagbeach.com\/wp-content\/uploads\/2023\/03\/DSC01625-768x614.jpg 768w, https:\/\/www.flagbeach.com\/wp-content\/uploads\/2023\/03\/DSC01625-1536x1229.jpg 1536w, https:\/\/www.flagbeach.com\/wp-content\/uploads\/2023\/03\/DSC01625-2048x1638.jpg 2048w, https:\/\/www.flagbeach.com\/wp-content\/uploads\/2023\/03\/DSC01625-1568x1254.jpg 1568w\" sizes=\"auto, (max-width: 1024px) 100vw, 1024px\" \/><\/figure>\n\n\n\n<p>Wir haben f\u00fcr jeden einen passenden Kitesurfing Kurs hier am Flag Beach. Wir bieten Kurse f\u00fcr alle K\u00f6nnensstufen und Erfahrungen. Ihr k\u00f6nnt die Kursdauer w\u00e4hlen, die zu euren Urlaubspl\u00e4nen passt.<\/p>\n\n\n\n<p><\/p>\n\n\n\n<div class=\"wp-block-buttons is-content-justification-center is-layout-flex wp-container-core-buttons-is-layout-a89b3969 wp-block-buttons-is-layout-flex\">\n<div class=\"wp-block-button is-style-fill\"><a class=\"wp-block-button__link wp-element-button\" href=\"https:\/\/flagbeach.com\/de\/kitesurfen\/kitesurfkurse\/\">Kitesurf Kurse ansehen<\/a><\/div>\n<\/div>\n<\/div><\/div>\n<\/div>\n\n\n\n<div class=\"wp-block-column is-layout-flow wp-block-column-is-layout-flow\">\n<div class=\"wp-block-group\"><div class=\"wp-block-group__inner-container is-layout-flow wp-block-group-is-layout-flow\">\n<h3 class=\"wp-block-heading\">Kitesurfen<br><span style=\"color:#fdbe07\" class=\"has-inline-color\">Ausr\u00fcstungsverleih<\/span><\/h3>\n\n\n\n<figure class=\"wp-block-image size-large\"><img loading=\"lazy\" decoding=\"async\" width=\"1024\" height=\"384\" src=\"https:\/\/flagbeach.com\/wp-content\/uploads\/2021\/02\/kitesurfing-big-4-1024x384.jpg\" alt=\"Kitesurfen am Flag Beach\" class=\"wp-image-1107\" srcset=\"https:\/\/www.flagbeach.com\/wp-content\/uploads\/2021\/02\/kitesurfing-big-4-1024x384.jpg 1024w, https:\/\/www.flagbeach.com\/wp-content\/uploads\/2021\/02\/kitesurfing-big-4-300x113.jpg 300w, https:\/\/www.flagbeach.com\/wp-content\/uploads\/2021\/02\/kitesurfing-big-4-768x288.jpg 768w, https:\/\/www.flagbeach.com\/wp-content\/uploads\/2021\/02\/kitesurfing-big-4.jpg 1440w\" sizes=\"auto, (max-width: 1024px) 100vw, 1024px\" \/><\/figure>\n\n\n\n<p>F\u00fcr Fortgeschrittene bis Profi Wassersportler, die alleine auf dem Wasser unterwegs sein m\u00f6chten, haben wir die beste Surfausr\u00fcstung zum Ausleihen und dazu noch eine exklusive Strandlage. St\u00f6bert in unseren Ausr\u00fcstungsmarken und w\u00e4hlt euer bevorzugtes Board oder Kite aus. Ihr  k\u00f6nnt  eure  eigene Ausr\u00fcstung auch bei uns am Strand lagern.<\/p>\n\n\n\n<p><\/p>\n\n\n\n<div class=\"wp-block-buttons is-content-justification-center is-layout-flex wp-container-core-buttons-is-layout-a89b3969 wp-block-buttons-is-layout-flex\">\n<div class=\"wp-block-button\"><a class=\"wp-block-button__link wp-element-button\" href=\"https:\/\/flagbeach.com\/de\/kitesurfen\/kitesurf-vermietung\/\">Kitesurf Verleih ansehen<\/a><\/div>\n<\/div>\n<\/div><\/div>\n<\/div>\n\n\n\n<div class=\"wp-block-column is-layout-flow wp-block-column-is-layout-flow\">\n<div class=\"wp-block-group\"><div class=\"wp-block-group__inner-container is-layout-flow wp-block-group-is-layout-flow\">\n<h3 class=\"wp-block-heading\">Kitesurfen<br\/><span style=\"color:#fdbe07\" class=\"has-inline-color\">Unterk\u00fcnfte<\/span><\/h3>\n\n\n\n<figure class=\"wp-block-image size-large\"><img decoding=\"async\" src=\"https:\/\/flagbeach.com\/wp-content\/uploads\/2021\/02\/holiday-accommodation-fuerteventura-769x1024.jpg\" alt=\"Kitesurf Ferienunterk&#xFC;nfte\" class=\"wp-image-1412\"\/><\/figure>\n\n\n\n<p>Unsere Urlaubspakete bieten euch  das Beste f\u00fcr euer Geld. Ihr k\u00f6nnt aus einer Reihe von Unterk\u00fcnften w\u00e4hlen: von Luxushotels oder Apartments zur Selbstverpflegung bis hin zu unseren preisg\u00fcnstigen Surf-Hostels. F\u00fcr das komplette Flag Beach Erlebnis bucht noch einen Kitekurs oder Ausr\u00fcstungverleih dazu.<\/p>\n\n\n\n<p><\/p>\n\n\n\n<div class=\"wp-block-buttons aligncenter is-layout-flex wp-block-buttons-is-layout-flex\">\n<div class=\"wp-block-button\"><a class=\"wp-block-button__link\" href=\"https:\/\/flagbeach.com\/de\/unterkuenfte\/\">Urlaubsunterk\u00fcnfte ansehen<\/a><\/div>\n<\/div>\n<\/div><\/div>\n<\/div>\n<\/div>\n<\/div><\/div>\n\n<hr class=\"wp-block-separator has-css-opacity\"\/>\n\n<div class=\"wp-block-cover alignfull is-light\" style=\"min-height:282px;aspect-ratio:unset;\"><img loading=\"lazy\" decoding=\"async\" width=\"1600\" height=\"700\" sizes=\"auto, (max-width: 799px) 200vw, (max-width: 1600px) 100vw, 1600px\" class=\"wp-block-cover__image-background wp-image-14\" alt=\"\" src=\"https:\/\/www.flagbeach.com\/wp-content\/uploads\/2021\/01\/fb-hero-1600-1.jpg\" style=\"object-position:50% 21%\" data-object-fit=\"cover\" data-object-position=\"50% 21%\" srcset=\"https:\/\/www.flagbeach.com\/wp-content\/uploads\/2021\/01\/fb-hero-1600-1.jpg 1600w, https:\/\/www.flagbeach.com\/wp-content\/uploads\/2021\/01\/fb-hero-1600-1-300x131.jpg 300w, https:\/\/www.flagbeach.com\/wp-content\/uploads\/2021\/01\/fb-hero-1600-1-1024x448.jpg 1024w, https:\/\/www.flagbeach.com\/wp-content\/uploads\/2021\/01\/fb-hero-1600-1-768x336.jpg 768w, https:\/\/www.flagbeach.com\/wp-content\/uploads\/2021\/01\/fb-hero-1600-1-1536x672.jpg 1536w, https:\/\/www.flagbeach.com\/wp-content\/uploads\/2021\/01\/fb-hero-1600-1-1568x686.jpg 1568w\" \/><span aria-hidden=\"true\" class=\"wp-block-cover__background has-background-dim-0 has-background-dim\"><\/span><div class=\"wp-block-cover__inner-container is-layout-flow wp-block-cover-is-layout-flow\">\n<p class=\"has-text-align-center has-large-font-size\"><\/p>\n<\/div><\/div>\n","protected":false},"excerpt":{"rendered":"<p>Auf der Suche nach dem besten Wassersporturlaub auf den Kanarischen Inseln? Hier ist er. Unsere Urlaubspakete bieten die besten Wassersportkurse und Unterk\u00fcnfte auf Fuerteventura. Wir bringen dich jeden Tag an den Strand und wieder zur\u00fcck, Ausr\u00fcstung und Versicherung sind ebenfalls inklusive. Buche online, um bis zu 33% zu sparen. Du wirst keinen besseren Preis auf&hellip; <a class=\"more-link\" href=\"https:\/\/www.flagbeach.com\/de\/kitesurfen\/kitesurf-pakete\/\"><span class=\"screen-reader-text\">Kitesurf Pakete<\/span> weiterlesen<\/a><\/p>\n","protected":false},"author":1,"featured_media":0,"parent":281,"menu_order":0,"comment_status":"closed","ping_status":"closed","template":"tw-header-transparent.php","meta":{"footnotes":""},"class_list":["post-1692","page","type-page","status-publish","hentry","entry"],"_links":{"self":[{"href":"https:\/\/www.flagbeach.com\/de\/wp-json\/wp\/v2\/pages\/1692","targetHints":{"allow":["GET"]}}],"collection":[{"href":"https:\/\/www.flagbeach.com\/de\/wp-json\/wp\/v2\/pages"}],"about":[{"href":"https:\/\/www.flagbeach.com\/de\/wp-json\/wp\/v2\/types\/page"}],"author":[{"embeddable":true,"href":"https:\/\/www.flagbeach.com\/de\/wp-json\/wp\/v2\/users\/1"}],"replies":[{"embeddable":true,"href":"https:\/\/www.flagbeach.com\/de\/wp-json\/wp\/v2\/comments?post=1692"}],"version-history":[{"count":106,"href":"https:\/\/www.flagbeach.com\/de\/wp-json\/wp\/v2\/pages\/1692\/revisions"}],"predecessor-version":[{"id":13862,"href":"https:\/\/www.flagbeach.com\/de\/wp-json\/wp\/v2\/pages\/1692\/revisions\/13862"}],"up":[{"embeddable":true,"href":"https:\/\/www.flagbeach.com\/de\/wp-json\/wp\/v2\/pages\/281"}],"wp:attachment":[{"href":"https:\/\/www.flagbeach.com\/de\/wp-json\/wp\/v2\/media?parent=1692"}],"curies":[{"name":"wp","href":"https:\/\/api.w.org\/{rel}","templated":true}]}}