{"id":1690,"date":"2021-03-23T14:13:07","date_gmt":"2021-03-23T14:13:07","guid":{"rendered":"https:\/\/flagbeach.com\/surfen\/surfausruestung-verleih\/"},"modified":"2026-01-29T09:31:27","modified_gmt":"2026-01-29T09:31:27","slug":"surfausruestung-verleih","status":"publish","type":"page","link":"https:\/\/www.flagbeach.com\/de\/surfen\/surfausruestung-verleih\/","title":{"rendered":"Surfausr\u00fcstung Verleih"},"content":{"rendered":"\n<div class=\"wp-block-cover alignfull has-custom-content-position is-position-top-left is-light\" style=\"min-height:30vw;aspect-ratio:unset;\"><img loading=\"lazy\" decoding=\"async\" width=\"1600\" height=\"600\" sizes=\"auto, (max-width: 799px) 200vw, (max-width: 1600px) 100vw, 1600px\" class=\"wp-block-cover__image-background wp-image-851\" alt=\"\" src=\"https:\/\/www.flagbeach.com\/wp-content\/uploads\/2021\/02\/surfing-header-v3.jpg\" style=\"object-position:50% 0%\" data-object-fit=\"cover\" data-object-position=\"50% 0%\" srcset=\"https:\/\/www.flagbeach.com\/wp-content\/uploads\/2021\/02\/surfing-header-v3.jpg 1600w, https:\/\/www.flagbeach.com\/wp-content\/uploads\/2021\/02\/surfing-header-v3-300x113.jpg 300w, https:\/\/www.flagbeach.com\/wp-content\/uploads\/2021\/02\/surfing-header-v3-1024x384.jpg 1024w, https:\/\/www.flagbeach.com\/wp-content\/uploads\/2021\/02\/surfing-header-v3-768x288.jpg 768w, https:\/\/www.flagbeach.com\/wp-content\/uploads\/2021\/02\/surfing-header-v3-1536x576.jpg 1536w, https:\/\/www.flagbeach.com\/wp-content\/uploads\/2021\/02\/surfing-header-v3-1568x588.jpg 1568w\" \/><span aria-hidden=\"true\" class=\"wp-block-cover__background has-background-dim-100 has-background-dim wp-block-cover__gradient-background has-background-gradient\" style=\"background:linear-gradient(180deg,rgb(20,62,94) 0%,rgba(255,255,255,0) 48%,rgba(20,61,93,0) 67%,rgb(20,62,94) 100%)\"><\/span><div class=\"wp-block-cover__inner-container is-layout-flow wp-block-cover-is-layout-flow\">\n<h1 class=\"wp-block-heading has-text-align-left has-subtle-color has-text-color\">Surfausr\u00fcstung Verleih<\/h1>\n\n\n\n<p><\/p>\n<\/div><\/div>\n\n<div class=\"wp-block-group alignfull\"><div class=\"wp-block-group__inner-container is-layout-flow wp-block-group-is-layout-flow\">\n<h2 class=\"wp-block-heading\">Miete deine Wassersportausr\u00fcstung bei uns.<\/h2>\n\n\n\n<p>F\u00fcr Fortgeschrittene bis Profi Wassersportler, die alleine auf dem Wasser unterwegs sein m\u00f6chten, haben wir die beste Surfausr\u00fcstung zum Ausleihen und dazu noch eine exklusive Strandlage. St\u00f6ber in unseren Ausr\u00fcstungsmarken und w\u00e4hle dein Board, Segel oder Kite aus. <\/p>\n\n\n\n<div class=\"wp-block-buttons is-horizontal is-content-justification-center is-layout-flex wp-container-core-buttons-is-layout-03627597 wp-block-buttons-is-layout-flex\">\n<div class=\"wp-block-button\"><a class=\"wp-block-button__link wp-element-button\" href=\"https:\/\/flagbeach.com\/book-now\/\">Buche jetzt deinen Surf Urlaub!<\/a><\/div>\n<\/div>\n\n\n\n<h2 class=\"wp-block-heading alignwide\">Surfausr\u00fcstung Mietpreise<\/h2>\n\n\n\n<figure class=\"wp-block-table\"><table><thead><tr><th>Tage<\/th><th><strong>Board<\/strong><\/th><\/tr><\/thead><tbody><tr><td>1\/2<\/td><td>15 <sup>\u20ac<\/sup><\/td><\/tr><tr><td>1<\/td><td>20 <sup>\u20ac<\/sup><\/td><\/tr><tr><td>2<\/td><td>30 <sup>\u20ac<\/sup><\/td><\/tr><tr><td>3<\/td><td>40 <sup>\u20ac<\/sup><\/td><\/tr><tr><td>4<\/td><td>50 <sup>\u20ac<\/sup><\/td><\/tr><tr><td>5<\/td><td>60 <sup>\u20ac<\/sup><\/td><\/tr><tr><td>6<\/td><td>70 <sup>\u20ac<\/sup><\/td><\/tr><tr><td>7<\/td><td>80 <sup>\u20ac<\/sup><\/td><\/tr><tr><td>8<\/td><td>90 <sup>\u20ac<\/sup><\/td><\/tr><tr><td>9<\/td><td>100 <sup>\u20ac<\/sup><\/td><\/tr><tr><td>10<\/td><td>110 <sup>\u20ac<\/sup><\/td><\/tr><tr><td>11<\/td><td>120 <sup>\u20ac<\/sup><\/td><\/tr><tr><td>12<\/td><td>130 <sup>\u20ac<\/sup><\/td><\/tr><tr><td>13<\/td><td>140 <sup>\u20ac<\/sup><\/td><\/tr><tr><td>14<\/td><td>140 <sup>\u20ac<\/sup><\/td><\/tr><tr><td>15<\/td><td>150 <sup>\u20ac<\/sup><\/td><\/tr><tr><td>16<\/td><td>160 <sup>\u20ac<\/sup><\/td><\/tr><tr><td>17<\/td><td>170 <sup>\u20ac<\/sup><\/td><\/tr><tr><td>18<\/td><td>180 <sup>\u20ac<\/sup><\/td><\/tr><tr><td>19<\/td><td>185 <sup>\u20ac<\/sup><\/td><\/tr><tr><td>20<\/td><td>195 <sup>\u20ac<\/sup><\/td><\/tr><tr><td>21<\/td><td>200 <sup>\u20ac<\/sup><\/td><\/tr><\/tbody><\/table><\/figure>\n<\/div><\/div>\n\n<h2 class=\"wp-block-heading alignwide\">Surfausr\u00fcstung<\/h2>\n\n<div class=\"wp-block-group alignfull\"><div class=\"wp-block-group__inner-container is-layout-flow wp-block-group-is-layout-flow\">\n<div class=\"wp-block-columns alignwide tw-gutter-large is-layout-flex wp-container-core-columns-is-layout-d0b3c9c8 wp-block-columns-is-layout-flex\">\n<div class=\"wp-block-column is-layout-flow wp-block-column-is-layout-flow\">\n<h3 class=\"wp-block-heading alignwide\">Boards<\/h3>\n\n\n\n<h4 class=\"wp-block-heading\">Torq Surf Board<\/h4>\n\n\n\n<p>Torq Surfbretter bieten eine un\u00fcbertroffene Kombination aus St\u00e4rke und Leistung.<\/p>\n<\/div>\n\n\n\n<div class=\"wp-block-column is-layout-flow wp-block-column-is-layout-flow\">\n<h3 class=\"wp-block-heading\"><\/h3>\n\n\n\n<h4 class=\"wp-block-heading\">NSP Surf Board<\/h4>\n\n\n\n<p>NSP ist bekannt f\u00fcr die Herstellung leistungsstarker, langlebiger Boards.<\/p>\n<\/div>\n<\/div>\n<\/div><\/div>\n\n<div class=\"wp-block-cover alignfull is-light\" style=\"min-height:340px;aspect-ratio:unset;\"><img loading=\"lazy\" decoding=\"async\" width=\"2560\" height=\"1707\" sizes=\"auto, (max-width: 799px) 200vw, (max-width: 2560px) 100vw, 2560px\" class=\"wp-block-cover__image-background wp-image-2605\" alt=\"\" src=\"https:\/\/www.flagbeach.com\/wp-content\/uploads\/2021\/09\/MG_0834-scaled.jpg\" style=\"object-position:50% 21%\" data-object-fit=\"cover\" data-object-position=\"50% 21%\" srcset=\"https:\/\/www.flagbeach.com\/wp-content\/uploads\/2021\/09\/MG_0834-scaled.jpg 2560w, https:\/\/www.flagbeach.com\/wp-content\/uploads\/2021\/09\/MG_0834-300x200.jpg 300w, https:\/\/www.flagbeach.com\/wp-content\/uploads\/2021\/09\/MG_0834-1024x683.jpg 1024w, https:\/\/www.flagbeach.com\/wp-content\/uploads\/2021\/09\/MG_0834-768x512.jpg 768w, https:\/\/www.flagbeach.com\/wp-content\/uploads\/2021\/09\/MG_0834-1536x1024.jpg 1536w, https:\/\/www.flagbeach.com\/wp-content\/uploads\/2021\/09\/MG_0834-2048x1365.jpg 2048w, https:\/\/www.flagbeach.com\/wp-content\/uploads\/2021\/09\/MG_0834-1568x1045.jpg 1568w\" \/><span aria-hidden=\"true\" class=\"wp-block-cover__background has-background-dim-0 has-background-dim\"><\/span><div class=\"wp-block-cover__inner-container is-layout-flow wp-block-cover-is-layout-flow\">\n<p class=\"has-text-align-center has-large-font-size\"><\/p>\n<\/div><\/div>\n\n<div class=\"wp-block-columns alignwide is-layout-flex wp-container-core-columns-is-layout-d0b3c9c8 wp-block-columns-is-layout-flex\">\n<div class=\"wp-block-column is-layout-flow wp-block-column-is-layout-flow\"><\/div>\n\n\n\n<div class=\"wp-block-column is-layout-flow wp-block-column-is-layout-flow\">\n<div class=\"wp-block-group\"><div class=\"wp-block-group__inner-container is-layout-flow wp-block-group-is-layout-flow\">\n<h3 class=\"wp-block-heading\">Surfen<br\/><span style=\"color:#fdbe07\" class=\"has-inline-color\">Urlaubspakete<\/span><\/h3>\n\n\n\n<figure class=\"wp-block-image size-large\"><img loading=\"lazy\" decoding=\"async\" width=\"1024\" height=\"384\" src=\"https:\/\/www.flagbeach.com\/wp-content\/uploads\/2021\/02\/surfing-big-2-1024x384.jpg\" alt=\"Surf-Pakete mit Flag Beach, Kanarische Inseln\" class=\"wp-image-857\" srcset=\"https:\/\/www.flagbeach.com\/wp-content\/uploads\/2021\/02\/surfing-big-2-1024x384.jpg 1024w, https:\/\/www.flagbeach.com\/wp-content\/uploads\/2021\/02\/surfing-big-2-300x113.jpg 300w, https:\/\/www.flagbeach.com\/wp-content\/uploads\/2021\/02\/surfing-big-2-768x288.jpg 768w, https:\/\/www.flagbeach.com\/wp-content\/uploads\/2021\/02\/surfing-big-2.jpg 1440w\" sizes=\"auto, (max-width: 1024px) 100vw, 1024px\" \/><\/figure>\n\n\n\n<p>Unsere Urlaubspakete bieten euch die besten Wassersportkurse und Unterk\u00fcnfte auf Fuerteventura. Wir bringen euch jeden Tag an den Strand und wieder zur\u00fcck, Ausr\u00fcstung und Versicherung sind ebenfalls inklusive. Bucht online, um bis zu 33% zu sparen. Ihr werdet keinen besseren Preis auf der Insel finden. Worauf wartet ihr noch? Bucht jetzt.&#13;\n&#13;\n<\/p>\n\n\n\n<p><\/p>\n\n\n\n<div class=\"wp-block-buttons aligncenter is-layout-flex wp-block-buttons-is-layout-flex\">\n<div class=\"wp-block-button\"><a class=\"wp-block-button__link\" href=\"https:\/\/flagbeach.com\/de\/surfen\/surf-pakete\/\">Surf-Pakete ansehen<\/a><\/div>\n<\/div>\n<\/div><\/div>\n<\/div>\n\n\n\n<div class=\"wp-block-column is-layout-flow wp-block-column-is-layout-flow\">\n<div class=\"wp-block-group\"><div class=\"wp-block-group__inner-container is-layout-flow wp-block-group-is-layout-flow\">\n<h3 class=\"wp-block-heading\">Surfen<br\/><span style=\"color:#fdbe07\" class=\"has-inline-color\">Unterk\u00fcnfte<\/span><\/h3>\n\n\n\n<figure class=\"wp-block-image size-large\"><img decoding=\"async\" src=\"https:\/\/flagbeach.com\/wp-content\/uploads\/2021\/02\/holiday-accommodation-fuerteventura-769x1024.jpg\" alt=\"Surfurlaub Unterkunft\" class=\"wp-image-1412\"\/><\/figure>\n\n\n\n<p>Unsere Urlaubspakete bieten euch das Beste f\u00fcr euer Geld. Ihr k\u00f6nnt aus einer Reihe von Unterk\u00fcnften w\u00e4hlen: von Luxushotels oder Apartments zur Selbstverpflegung bis hin zu unseren preisg\u00fcnstigen Surf-Hostels. Bucht noch unseren Surfkurs und Ausr\u00fcstungsverleih dazu, f\u00fcr das komplette Flag Beach-Erlebnis.<\/p>\n\n\n\n<p><\/p>\n\n\n\n<div class=\"wp-block-buttons aligncenter is-layout-flex wp-block-buttons-is-layout-flex\">\n<div class=\"wp-block-button\"><a class=\"wp-block-button__link\" href=\"https:\/\/flagbeach.com\/de\/unterkuenfte\/\">Urlaubsunterk\u00fcnfte ansehen<\/a><\/div>\n<\/div>\n<\/div><\/div>\n<\/div>\n<\/div>\n\n<hr class=\"wp-block-separator has-css-opacity\"\/>\n\n<div class=\"wp-block-cover alignfull is-light\" style=\"min-height:282px;aspect-ratio:unset;\"><img loading=\"lazy\" decoding=\"async\" width=\"1600\" height=\"700\" sizes=\"auto, (max-width: 799px) 200vw, (max-width: 1600px) 100vw, 1600px\" class=\"wp-block-cover__image-background wp-image-14\" alt=\"\" src=\"https:\/\/www.flagbeach.com\/wp-content\/uploads\/2021\/01\/fb-hero-1600-1.jpg\" style=\"object-position:50% 21%\" data-object-fit=\"cover\" data-object-position=\"50% 21%\" srcset=\"https:\/\/www.flagbeach.com\/wp-content\/uploads\/2021\/01\/fb-hero-1600-1.jpg 1600w, https:\/\/www.flagbeach.com\/wp-content\/uploads\/2021\/01\/fb-hero-1600-1-300x131.jpg 300w, https:\/\/www.flagbeach.com\/wp-content\/uploads\/2021\/01\/fb-hero-1600-1-1024x448.jpg 1024w, https:\/\/www.flagbeach.com\/wp-content\/uploads\/2021\/01\/fb-hero-1600-1-768x336.jpg 768w, https:\/\/www.flagbeach.com\/wp-content\/uploads\/2021\/01\/fb-hero-1600-1-1536x672.jpg 1536w, https:\/\/www.flagbeach.com\/wp-content\/uploads\/2021\/01\/fb-hero-1600-1-1568x686.jpg 1568w\" \/><span aria-hidden=\"true\" class=\"wp-block-cover__background has-background-dim-0 has-background-dim\"><\/span><div class=\"wp-block-cover__inner-container is-layout-flow wp-block-cover-is-layout-flow\">\n<p class=\"has-text-align-center has-large-font-size\"><\/p>\n<\/div><\/div>\n","protected":false},"excerpt":{"rendered":"<p>Miete deine Wassersportausr\u00fcstung bei uns. F\u00fcr Fortgeschrittene bis Profi Wassersportler, die alleine auf dem Wasser unterwegs sein m\u00f6chten, haben wir die beste Surfausr\u00fcstung zum Ausleihen und dazu noch eine exklusive Strandlage. St\u00f6ber in unseren Ausr\u00fcstungsmarken und w\u00e4hle dein Board, Segel oder Kite aus. Surfausr\u00fcstung Mietpreise Tage Board 1\/2 15 \u20ac 1 20 \u20ac 2 30&hellip; <a class=\"more-link\" href=\"https:\/\/www.flagbeach.com\/de\/surfen\/surfausruestung-verleih\/\"><span class=\"screen-reader-text\">Surfausr\u00fcstung Verleih<\/span> weiterlesen<\/a><\/p>\n","protected":false},"author":1,"featured_media":0,"parent":2288,"menu_order":0,"comment_status":"closed","ping_status":"closed","template":"tw-header-transparent.php","meta":{"footnotes":""},"class_list":["post-1690","page","type-page","status-publish","hentry","entry"],"_links":{"self":[{"href":"https:\/\/www.flagbeach.com\/de\/wp-json\/wp\/v2\/pages\/1690","targetHints":{"allow":["GET"]}}],"collection":[{"href":"https:\/\/www.flagbeach.com\/de\/wp-json\/wp\/v2\/pages"}],"about":[{"href":"https:\/\/www.flagbeach.com\/de\/wp-json\/wp\/v2\/types\/page"}],"author":[{"embeddable":true,"href":"https:\/\/www.flagbeach.com\/de\/wp-json\/wp\/v2\/users\/1"}],"replies":[{"embeddable":true,"href":"https:\/\/www.flagbeach.com\/de\/wp-json\/wp\/v2\/comments?post=1690"}],"version-history":[{"count":29,"href":"https:\/\/www.flagbeach.com\/de\/wp-json\/wp\/v2\/pages\/1690\/revisions"}],"predecessor-version":[{"id":13888,"href":"https:\/\/www.flagbeach.com\/de\/wp-json\/wp\/v2\/pages\/1690\/revisions\/13888"}],"up":[{"embeddable":true,"href":"https:\/\/www.flagbeach.com\/de\/wp-json\/wp\/v2\/pages\/2288"}],"wp:attachment":[{"href":"https:\/\/www.flagbeach.com\/de\/wp-json\/wp\/v2\/media?parent=1690"}],"curies":[{"name":"wp","href":"https:\/\/api.w.org\/{rel}","templated":true}]}}