{"id":1688,"date":"2021-03-23T14:04:31","date_gmt":"2021-03-23T14:04:31","guid":{"rendered":"https:\/\/flagbeach.com\/surfen\/surf-pakete\/"},"modified":"2026-01-29T09:30:24","modified_gmt":"2026-01-29T09:30:24","slug":"surf-pakete","status":"publish","type":"page","link":"https:\/\/www.flagbeach.com\/de\/surfen\/surf-pakete\/","title":{"rendered":"Surf Pakete"},"content":{"rendered":"\n<div class=\"wp-block-cover alignfull has-custom-content-position is-position-top-left\" style=\"min-height:30vw;aspect-ratio:unset;\"><img loading=\"lazy\" decoding=\"async\" width=\"1600\" height=\"600\" sizes=\"auto, (max-width: 799px) 200vw, (max-width: 1600px) 100vw, 1600px\" class=\"wp-block-cover__image-background wp-image-851\" alt=\"\" src=\"https:\/\/www.flagbeach.com\/wp-content\/uploads\/2021\/02\/surfing-header-v3.jpg\" style=\"object-position:50% 0%\" data-object-fit=\"cover\" data-object-position=\"50% 0%\" srcset=\"https:\/\/www.flagbeach.com\/wp-content\/uploads\/2021\/02\/surfing-header-v3.jpg 1600w, https:\/\/www.flagbeach.com\/wp-content\/uploads\/2021\/02\/surfing-header-v3-300x113.jpg 300w, https:\/\/www.flagbeach.com\/wp-content\/uploads\/2021\/02\/surfing-header-v3-1024x384.jpg 1024w, https:\/\/www.flagbeach.com\/wp-content\/uploads\/2021\/02\/surfing-header-v3-768x288.jpg 768w, https:\/\/www.flagbeach.com\/wp-content\/uploads\/2021\/02\/surfing-header-v3-1536x576.jpg 1536w, https:\/\/www.flagbeach.com\/wp-content\/uploads\/2021\/02\/surfing-header-v3-1568x588.jpg 1568w\" \/><span aria-hidden=\"true\" class=\"wp-block-cover__background has-background-dim-100 has-background-dim wp-block-cover__gradient-background has-background-gradient\" style=\"background:linear-gradient(180deg,rgb(20,62,94) 0%,rgba(255,255,255,0) 48%,rgba(20,61,93,0) 67%,rgb(20,62,94) 100%)\"><\/span><div class=\"wp-block-cover__inner-container is-layout-flow wp-block-cover-is-layout-flow\">\n<h1 class=\"wp-block-heading has-text-align-left has-subtle-color has-text-color\">Surf Pakete<\/h1>\n\n\n\n<p><\/p>\n<\/div><\/div>\n\n<div class=\"wp-block-buttons is-horizontal is-content-justification-center is-layout-flex wp-container-core-buttons-is-layout-03627597 wp-block-buttons-is-layout-flex\">\n<div class=\"wp-block-button\"><a class=\"wp-block-button__link wp-element-button\" href=\"https:\/\/flagbeach.com\/book-now\/\">Buche jetzt!<\/a><\/div>\n<\/div>\n\n<div class=\"wp-block-group alignfull\"><div class=\"wp-block-group__inner-container is-layout-flow wp-block-group-is-layout-flow\">\n<h2 class=\"wp-block-heading\">Auf der Suche nach dem besten Wassersporturlaub auf den Kanarischen Inseln? Hier ist er.<\/h2>\n\n\n\n<p>Unsere Urlaubspakete bieten Ihnen das Beste f\u00fcr Ihr Geld. Sie k\u00f6nnen aus einer Reihe von Unterk\u00fcnften w\u00e4hlen: von Luxushotels oder Apartments zur Selbstverpflegung bis hin zu unseren preisg\u00fcnstigen Surf-Hostels. Buchen Sie noch unseren Surfkurs und Ausr\u00fcstungsverleih dazu, f\u00fcr das komplette Flag Beach-Erlebnis.<\/p>\n\n\n\n<div class=\"wp-block-columns alignwide is-layout-flex wp-container-core-columns-is-layout-d0b3c9c8 wp-block-columns-is-layout-flex\">\n<div class=\"wp-block-column is-layout-flow wp-block-column-is-layout-flow\" style=\"--col-width:33.33%;flex-basis:33.33%\">\n<figure class=\"wp-block-image\"><img loading=\"lazy\" decoding=\"async\" width=\"2560\" height=\"1714\" src=\"https:\/\/www.flagbeach.com\/wp-content\/uploads\/2021\/09\/girls-at-FB-scaled.jpg\" alt=\"\" class=\"wp-image-2587\" srcset=\"https:\/\/www.flagbeach.com\/wp-content\/uploads\/2021\/09\/girls-at-FB-scaled.jpg 2560w, https:\/\/www.flagbeach.com\/wp-content\/uploads\/2021\/09\/girls-at-FB-300x201.jpg 300w, https:\/\/www.flagbeach.com\/wp-content\/uploads\/2021\/09\/girls-at-FB-1024x685.jpg 1024w, https:\/\/www.flagbeach.com\/wp-content\/uploads\/2021\/09\/girls-at-FB-768x514.jpg 768w, https:\/\/www.flagbeach.com\/wp-content\/uploads\/2021\/09\/girls-at-FB-1536x1028.jpg 1536w, https:\/\/www.flagbeach.com\/wp-content\/uploads\/2021\/09\/girls-at-FB-2048x1371.jpg 2048w, https:\/\/www.flagbeach.com\/wp-content\/uploads\/2021\/09\/girls-at-FB-1568x1050.jpg 1568w\" sizes=\"auto, (max-width: 2560px) 100vw, 2560px\" \/><\/figure>\n\n\n\n<div class=\"wp-block-getwid-image-box has-text-center has-mobile-layout-default has-mobile-alignment-default\"><div class=\"wp-block-getwid-image-box__image-container is-position-top\"><div class=\"wp-block-getwid-image-box__image-wrapper\"><img loading=\"lazy\" decoding=\"async\" width=\"1700\" height=\"2560\" src=\"https:\/\/www.flagbeach.com\/wp-content\/uploads\/2021\/09\/DSC5421-scaled.jpg\" class=\"wp-block-getwid-image-box__image wp-image-2611\" srcset=\"https:\/\/www.flagbeach.com\/wp-content\/uploads\/2021\/09\/DSC5421-scaled.jpg 1700w, https:\/\/www.flagbeach.com\/wp-content\/uploads\/2021\/09\/DSC5421-199x300.jpg 199w, https:\/\/www.flagbeach.com\/wp-content\/uploads\/2021\/09\/DSC5421-680x1024.jpg 680w, https:\/\/www.flagbeach.com\/wp-content\/uploads\/2021\/09\/DSC5421-768x1156.jpg 768w, https:\/\/www.flagbeach.com\/wp-content\/uploads\/2021\/09\/DSC5421-1020x1536.jpg 1020w, https:\/\/www.flagbeach.com\/wp-content\/uploads\/2021\/09\/DSC5421-1360x2048.jpg 1360w, https:\/\/www.flagbeach.com\/wp-content\/uploads\/2021\/09\/DSC5421-1568x2361.jpg 1568w\" sizes=\"auto, (max-width: 1700px) 100vw, 1700px\" \/><\/div><\/div><div class=\"wp-block-getwid-image-box__content\">\n<h2 class=\"wp-block-heading\"><\/h2>\n\n\n\n<p><\/p>\n<\/div><\/div>\n<\/div>\n\n\n\n<div class=\"wp-block-column is-layout-flow wp-block-column-is-layout-flow\" style=\"--col-width:66.66%;flex-basis:66.66%\">\n<figure class=\"wp-block-image\"><img loading=\"lazy\" decoding=\"async\" width=\"2560\" height=\"1922\" src=\"https:\/\/www.flagbeach.com\/wp-content\/uploads\/2021\/09\/P1050865-scaled.jpg\" alt=\"\" class=\"wp-image-2581\" srcset=\"https:\/\/www.flagbeach.com\/wp-content\/uploads\/2021\/09\/P1050865-scaled.jpg 2560w, https:\/\/www.flagbeach.com\/wp-content\/uploads\/2021\/09\/P1050865-300x225.jpg 300w, https:\/\/www.flagbeach.com\/wp-content\/uploads\/2021\/09\/P1050865-1024x769.jpg 1024w, https:\/\/www.flagbeach.com\/wp-content\/uploads\/2021\/09\/P1050865-768x577.jpg 768w, https:\/\/www.flagbeach.com\/wp-content\/uploads\/2021\/09\/P1050865-1536x1153.jpg 1536w, https:\/\/www.flagbeach.com\/wp-content\/uploads\/2021\/09\/P1050865-2048x1538.jpg 2048w, https:\/\/www.flagbeach.com\/wp-content\/uploads\/2021\/09\/P1050865-1568x1177.jpg 1568w\" sizes=\"auto, (max-width: 2560px) 100vw, 2560px\" \/><\/figure>\n<\/div>\n<\/div>\n\n\n\n<h2 class=\"wp-block-heading alignwide\">Anf\u00e4nger Surf-Paket<\/h2>\n\n\n\n<p class=\"tw-text-wide\">Mit unseren Anf\u00e4ngerpaketen lernst du, wie man in den malerischen Gew\u00e4ssern von Fuerteventura surft. Schau mal rein!<\/p>\n\n\n\n<h2 class=\"wp-block-heading alignwide\"><mark style=\"background-color:rgba(0, 0, 0, 0);color:#fcbe06\" class=\"has-inline-color\">Programm<\/mark><\/h2>\n\n\n\n<div class=\"wp-block-columns alignwide is-layout-flex wp-container-core-columns-is-layout-d0b3c9c8 wp-block-columns-is-layout-flex\">\n<div class=\"wp-block-column is-layout-flow wp-block-column-is-layout-flow\">\n<h3 class=\"wp-block-heading\">Anf\u00e4nger Surfcamp <\/h3>\n\n\n\n<p>Eine hervorragende M\u00f6glichkeit, mit dem Surfen zu beginnen und einen tollen Urlaub zu verbringen<\/p>\n\n\n\n<h3 class=\"wp-block-heading\">Surfcamp f\u00fcr Anf\u00e4nger 7 N\u00e4chte<\/h3>\n\n\n\n<p>Ein einw\u00f6chiges, preisg\u00fcnstiges Surf-Urlaubspaket f\u00fcr Anf\u00e4nger, die diesen Sport erlernen m\u00f6chten. Es umfasst ein Bett im Mehrbettzimmer in einem Hostel mit Fr\u00fchst\u00fcck (kostenloses Upgrade auf ein Zweibettzimmer), Transfers vom Flughafen zum Strand, Lunchpakete und einen Surfkurs inklusive der gesamten Ausr\u00fcstung.<\/p>\n<\/div>\n\n\n\n<div class=\"wp-block-column is-layout-flow wp-block-column-is-layout-flow\">\n<h3 class=\"wp-block-heading\">Surfen f\u00fcr Anf\u00e4nger 14 N\u00e4chte<\/h3>\n\n\n\n<p>Ein zweiw\u00f6chiges, preisg\u00fcnstiges Surf-Urlaubspaket f\u00fcr Anf\u00e4nger, die diesen Sport erlernen m\u00f6chten. Es umfasst ein Bett im Mehrbettzimmer in einem Hostel mit Fr\u00fchst\u00fcck (kostenloses Upgrade auf ein Zweibettzimmer), Transfers vom Flughafen zum Strand, Lunchpakete und einen Surfkurs inklusive der gesamten Ausr\u00fcstung.<\/p>\n<\/div>\n<\/div>\n\n\n\n<div class=\"wp-block-getwid-accordion has-icon-left\" data-active-element=\"none\"><\/div>\n\n\n\n<h3 class=\"wp-block-heading\">Preise<\/h3>\n\n\n\n<div class=\"wp-block-group alignfull\"><div class=\"wp-block-group__inner-container is-layout-flow wp-block-group-is-layout-flow\">\n<figure class=\"wp-block-table tw-row-valign-top is-style-tw-border-h\"><table><tbody><tr><td>Surfcamp f\u00fcr Anf\u00e4nger, 7 N\u00e4chte<br\/>7 \u00dcbernachtungen im Surf-Hostel, 5-t\u00e4giger Surfkurs<\/td><td class=\"has-text-align-right\" data-align=\"right\">\u20ac435<\/td><\/tr><tr><td>Surfcamp f\u00fcr Anf\u00e4nger &amp; Yoga 7 N\u00e4chte<br\/>7 \u00dcbernachtungen im Surf-Hostel, 5-t\u00e4giger Surfkurs, 5 Tage Yoga<\/td><td class=\"has-text-align-right\" data-align=\"right\">\u20ac535<\/td><\/tr><tr><td>Surfcamp f\u00fcr Anf\u00e4nger, 14 N\u00e4chte<br\/>14 \u00dcbernachtungen im Surf-Hostel, 12-t\u00e4giger Surfkurs,<\/td><td class=\"has-text-align-right\" data-align=\"right\">\u20ac755<\/td><\/tr><tr><td>Surfcamp f\u00fcr Anf\u00e4nger &amp; Yoga 14 N\u00e4chte<br\/>14 \u00dcbernachtungen im Surf-Hostel, 12-t\u00e4giger Surfkurs, 10 Tage Yoga<\/td><td class=\"has-text-align-right\" data-align=\"right\">\u20ac955<\/td><\/tr><\/tbody><\/table><\/figure>\n\n\n\n<p><\/p>\n<\/div><\/div>\n\n\n\n<div class=\"wp-block-buttons is-horizontal is-content-justification-center is-layout-flex wp-container-core-buttons-is-layout-03627597 wp-block-buttons-is-layout-flex\">\n<div class=\"wp-block-button\"><a class=\"wp-block-button__link wp-element-button\" href=\"https:\/\/flagbeach.com\/book-now\/\">Buche jetzt dein Surf &amp; Yoga Paket!<\/a><\/div>\n<\/div>\n<\/div><\/div>\n\n<div class=\"wp-block-cover alignfull is-light\" style=\"min-height:282px;aspect-ratio:unset;\"><img loading=\"lazy\" decoding=\"async\" width=\"1440\" height=\"540\" sizes=\"auto, (max-width: 799px) 200vw, (max-width: 1440px) 100vw, 1440px\" class=\"wp-block-cover__image-background wp-image-1179\" alt=\"\" src=\"https:\/\/www.flagbeach.com\/wp-content\/uploads\/2021\/02\/surfing-big-7-1.jpg\" style=\"object-position:50% 21%\" data-object-fit=\"cover\" data-object-position=\"50% 21%\" srcset=\"https:\/\/www.flagbeach.com\/wp-content\/uploads\/2021\/02\/surfing-big-7-1.jpg 1440w, https:\/\/www.flagbeach.com\/wp-content\/uploads\/2021\/02\/surfing-big-7-1-300x113.jpg 300w, https:\/\/www.flagbeach.com\/wp-content\/uploads\/2021\/02\/surfing-big-7-1-1024x384.jpg 1024w, https:\/\/www.flagbeach.com\/wp-content\/uploads\/2021\/02\/surfing-big-7-1-768x288.jpg 768w\" \/><span aria-hidden=\"true\" class=\"wp-block-cover__background has-background-dim-0 has-background-dim\"><\/span><div class=\"wp-block-cover__inner-container is-layout-flow wp-block-cover-is-layout-flow\">\n<p class=\"has-text-align-center has-large-font-size\"><\/p>\n<\/div><\/div>\n\n<div class=\"wp-block-columns alignwide is-layout-flex wp-container-core-columns-is-layout-d0b3c9c8 wp-block-columns-is-layout-flex\">\n<div class=\"wp-block-column is-layout-flow wp-block-column-is-layout-flow\"><\/div>\n\n\n\n<div class=\"wp-block-column is-layout-flow wp-block-column-is-layout-flow\">\n<div class=\"wp-block-group\"><div class=\"wp-block-group__inner-container is-layout-flow wp-block-group-is-layout-flow\">\n<h3 class=\"wp-block-heading\">Surfen<br\/><span style=\"color:#fdbe07\" class=\"has-inline-color\">Ausr\u00fcstungsverleih<\/span><\/h3>\n\n\n\n<figure class=\"wp-block-image size-large\"><img loading=\"lazy\" decoding=\"async\" width=\"1024\" height=\"384\" src=\"https:\/\/www.flagbeach.com\/wp-content\/uploads\/2021\/02\/surfing-big-5-1024x384.jpg\" alt=\"Surfausr&#xFC;stung Verleih bei Flag Beach\" class=\"wp-image-863\" srcset=\"https:\/\/www.flagbeach.com\/wp-content\/uploads\/2021\/02\/surfing-big-5-1024x384.jpg 1024w, https:\/\/www.flagbeach.com\/wp-content\/uploads\/2021\/02\/surfing-big-5-300x113.jpg 300w, https:\/\/www.flagbeach.com\/wp-content\/uploads\/2021\/02\/surfing-big-5-768x288.jpg 768w, https:\/\/www.flagbeach.com\/wp-content\/uploads\/2021\/02\/surfing-big-5.jpg 1440w\" sizes=\"auto, (max-width: 1024px) 100vw, 1024px\" \/><\/figure>\n\n\n\n<p>F\u00fcr Fortgeschrittene bis Profi Wassersportler, die alleine auf dem Wasser unterwegs sein m\u00f6chten, haben wir die beste Surfausr\u00fcstung zum Ausleihen und dazu noch eine exklusive Strandlage. St\u00f6bert in unseren Ausr\u00fcstungsmarken und w\u00e4hlt euer Board, Segel oder Kite aus. Ihr k\u00f6nnt eure eigene Ausr\u00fcstung auch bei uns am Strand lagern.<\/p>\n\n\n\n<p><\/p>\n\n\n\n<div class=\"wp-block-buttons aligncenter is-layout-flex wp-block-buttons-is-layout-flex\">\n<div class=\"wp-block-button\"><a class=\"wp-block-button__link\" href=\"https:\/\/flagbeach.com\/de\/surfen\/surfausruestung-verleih\/\">Surfboard-Verleih ansehen<\/a><\/div>\n<\/div>\n<\/div><\/div>\n<\/div>\n\n\n\n<div class=\"wp-block-column is-layout-flow wp-block-column-is-layout-flow\">\n<div class=\"wp-block-group\"><div class=\"wp-block-group__inner-container is-layout-flow wp-block-group-is-layout-flow\">\n<h3 class=\"wp-block-heading\">Surfen<br\/><span style=\"color:#fdbe07\" class=\"has-inline-color\">Unterk\u00fcnfte<\/span><\/h3>\n\n\n\n<figure class=\"wp-block-image size-large\"><img decoding=\"async\" src=\"https:\/\/flagbeach.com\/wp-content\/uploads\/2021\/02\/holiday-accommodation-fuerteventura-769x1024.jpg\" alt=\"Surfurlaub Unterkunft\" class=\"wp-image-1412\"\/><\/figure>\n\n\n\n<p>Unsere Urlaubspakete bieten euch das Beste f\u00fcr euer Geld. Ihr k\u00f6nnt aus einer Reihe von Unterk\u00fcnften w\u00e4hlen: von Luxushotels oder Apartments zur Selbstverpflegung bis hin zu unseren preisg\u00fcnstigen Surf-Hostels. Bucht noch unseren Surfkurs und Ausr\u00fcstungsverleih dazu, f\u00fcr das komplette Flag Beach-Erlebnis.<\/p>\n\n\n\n<p><\/p>\n\n\n\n<div class=\"wp-block-buttons aligncenter is-layout-flex wp-block-buttons-is-layout-flex\">\n<div class=\"wp-block-button\"><a class=\"wp-block-button__link\" href=\"https:\/\/flagbeach.com\/de\/unterkuenfte\/\">Urlaubsunterk\u00fcnfte ansehen<\/a><\/div>\n<\/div>\n<\/div><\/div>\n<\/div>\n<\/div>\n\n<hr class=\"wp-block-separator has-css-opacity\"\/>\n\n<div class=\"wp-block-cover alignfull is-light\" style=\"min-height:282px;aspect-ratio:unset;\"><img loading=\"lazy\" decoding=\"async\" width=\"1600\" height=\"700\" sizes=\"auto, (max-width: 799px) 200vw, (max-width: 1600px) 100vw, 1600px\" class=\"wp-block-cover__image-background wp-image-14\" alt=\"\" src=\"https:\/\/www.flagbeach.com\/wp-content\/uploads\/2021\/01\/fb-hero-1600-1.jpg\" style=\"object-position:50% 21%\" data-object-fit=\"cover\" data-object-position=\"50% 21%\" srcset=\"https:\/\/www.flagbeach.com\/wp-content\/uploads\/2021\/01\/fb-hero-1600-1.jpg 1600w, https:\/\/www.flagbeach.com\/wp-content\/uploads\/2021\/01\/fb-hero-1600-1-300x131.jpg 300w, https:\/\/www.flagbeach.com\/wp-content\/uploads\/2021\/01\/fb-hero-1600-1-1024x448.jpg 1024w, https:\/\/www.flagbeach.com\/wp-content\/uploads\/2021\/01\/fb-hero-1600-1-768x336.jpg 768w, https:\/\/www.flagbeach.com\/wp-content\/uploads\/2021\/01\/fb-hero-1600-1-1536x672.jpg 1536w, https:\/\/www.flagbeach.com\/wp-content\/uploads\/2021\/01\/fb-hero-1600-1-1568x686.jpg 1568w\" \/><span aria-hidden=\"true\" class=\"wp-block-cover__background has-background-dim-0 has-background-dim\"><\/span><div class=\"wp-block-cover__inner-container is-layout-flow wp-block-cover-is-layout-flow\">\n<p class=\"has-text-align-center has-large-font-size\"><\/p>\n<\/div><\/div>\n","protected":false},"excerpt":{"rendered":"<p>Auf der Suche nach dem besten Wassersporturlaub auf den Kanarischen Inseln? Hier ist er. Unsere Urlaubspakete bieten Ihnen das Beste f\u00fcr Ihr Geld. Sie k\u00f6nnen aus einer Reihe von Unterk\u00fcnften w\u00e4hlen: von Luxushotels oder Apartments zur Selbstverpflegung bis hin zu unseren preisg\u00fcnstigen Surf-Hostels. Buchen Sie noch unseren Surfkurs und Ausr\u00fcstungsverleih dazu, f\u00fcr das komplette Flag&hellip; <a class=\"more-link\" href=\"https:\/\/www.flagbeach.com\/de\/surfen\/surf-pakete\/\"><span class=\"screen-reader-text\">Surf Pakete<\/span> weiterlesen<\/a><\/p>\n","protected":false},"author":1,"featured_media":0,"parent":2288,"menu_order":0,"comment_status":"closed","ping_status":"closed","template":"tw-header-transparent.php","meta":{"footnotes":""},"class_list":["post-1688","page","type-page","status-publish","hentry","entry"],"_links":{"self":[{"href":"https:\/\/www.flagbeach.com\/de\/wp-json\/wp\/v2\/pages\/1688","targetHints":{"allow":["GET"]}}],"collection":[{"href":"https:\/\/www.flagbeach.com\/de\/wp-json\/wp\/v2\/pages"}],"about":[{"href":"https:\/\/www.flagbeach.com\/de\/wp-json\/wp\/v2\/types\/page"}],"author":[{"embeddable":true,"href":"https:\/\/www.flagbeach.com\/de\/wp-json\/wp\/v2\/users\/1"}],"replies":[{"embeddable":true,"href":"https:\/\/www.flagbeach.com\/de\/wp-json\/wp\/v2\/comments?post=1688"}],"version-history":[{"count":36,"href":"https:\/\/www.flagbeach.com\/de\/wp-json\/wp\/v2\/pages\/1688\/revisions"}],"predecessor-version":[{"id":13886,"href":"https:\/\/www.flagbeach.com\/de\/wp-json\/wp\/v2\/pages\/1688\/revisions\/13886"}],"up":[{"embeddable":true,"href":"https:\/\/www.flagbeach.com\/de\/wp-json\/wp\/v2\/pages\/2288"}],"wp:attachment":[{"href":"https:\/\/www.flagbeach.com\/de\/wp-json\/wp\/v2\/media?parent=1688"}],"curies":[{"name":"wp","href":"https:\/\/api.w.org\/{rel}","templated":true}]}}