{"id":1686,"date":"2021-03-23T13:49:06","date_gmt":"2021-03-23T13:49:06","guid":{"rendered":"https:\/\/flagbeach.com\/allgemeine-geschaeftsbedingungen\/"},"modified":"2026-01-29T09:31:48","modified_gmt":"2026-01-29T09:31:48","slug":"allgemeine-geschaeftsbedingungen","status":"publish","type":"page","link":"https:\/\/www.flagbeach.com\/de\/allgemeine-geschaeftsbedingungen\/","title":{"rendered":"Allgemeine Gesch\u00e4ftsbedingungen"},"content":{"rendered":"\n<h3 class=\"wp-block-heading\">Reservierungen<\/h3>\n\n<p>Alle Reservierungen werden schriftlich per E-Mail best\u00e4tigt und erfordern eine Anzahlung, die bei Best\u00e4tigung der Buchung zu leisten ist. Sobald die Anzahlung geleistet wurde, wird die Buchung zu einem Vertrag zwischen Flag Beach und dem Kunden, und diese Anzahlung ist nicht erstattungsf\u00e4hig. Die H\u00f6he der f\u00e4lligen Anzahlung h\u00e4ngt vom Gesamtbetrag der Buchung ab, betr\u00e4gt jedoch maximal 50 % des Gesamtbetrags. Der Restbetrag ist vor Anreise oder am ersten Tag vor Ort zu entrichten. Die Anzahlung kann per Visa, MasterCard oder auf ein Bankkonto erfolgen, dessen Daten bei der Buchung angegeben werden. Anzahlungen f\u00fcr alle Buchungen, die innerhalb von 14 Tagen vor Anreise get\u00e4tigt werden, m\u00fcssen per Kreditkarte bezahlt werden. F\u00fcr Kreditkartenzahlungen im Resort wird eine Bearbeitungsgeb\u00fchr erhoben; diese Geb\u00fchren entfallen jedoch bei Kaution Zahlungen.<\/p>\n\n<p>Flag Beach hat alle angemessenen Ma\u00dfnahmen ergriffen, um sicherzustellen, dass alle Bestandteile der von Kunden gebuchten Reisen gem\u00e4\u00df den entsprechenden Preislisten\/Informationen bereitgestellt werden und dass alle Anbieter dieser Leistungen einen akzeptablen Standard aufweisen. Flag Beach hat keine direkte Kontrolle \u00fcber solche Organisationen\/Personen, die nicht direkt bei Flag Beach besch\u00e4ftigt sind, und haftet nicht f\u00fcr Handlungen oder Unterlassungen dieser Organisationen\/Personen oder ihrer Mitarbeiter.<br\/><br\/><br\/> <\/p>\n\n<p>Flag Beach verf\u00fcgt \u00fcber eine Haftpflichtversicherung, jedoch ist es bei einer Buchung bei Flag Beach und damit beim Abschluss eines Vertrags mit uns die Verantwortung jedes Kunden, eine angemessene Reiseversicherung sowie eine pers\u00f6nliche Unfallversicherung f\u00fcr Verletzungen abzuschlie\u00dfen, die er w\u00e4hrend der Aus\u00fcbung von Wassersportarten w\u00e4hrend seines Aufenthalts bei Flag Beach erleiden k\u00f6nnte.<\/p>\n\n<h3 class=\"wp-block-heading\">Stornierungen\/ R\u00fcckerstattungen<\/h3>\n\n<p>Flag Beach verfolgt eine strikte KEINE-R\u00fcckerstattungs-Richtlinie f\u00fcr alle Buchungen. Mit der Zahlung der Anzahlung und der Best\u00e4tigung der Buchung gehen alle Kunden und Flag Beach einen Vertrag ein, gem\u00e4\u00df dem wir eine KEINE-R\u00fcckerstattungs-Richtlinie verfolgen, AUSGENOMMEN: unsere Standard-Kite-Kurse f\u00fcr Anf\u00e4nger und Fortgeschrittene (2, 3, 4, 5 Tage Dauer), Wasser-Kite-Kurse und Board-Kite-Kurse. Wir erstatten diese Kurse NUR dann, wenn der Kunde den Kurs w\u00e4hrend seines Aufenthalts auf Fuerteventura und bis zu seinem Abreisedatum aufgrund von Windmangel nicht abschlie\u00dfen kann. Der Kunde muss akzeptieren, dass es sich um eine Sportart handelt, die stark von den Wetterbedingungen abh\u00e4ngt, und daher flexibel sein muss. Keine R\u00fcckerstattung erfolgt bei: Nichterscheinen, Stornierungen, Nicht erreichbarkeit usw. Diese R\u00fcckerstattung gilt NICHT f\u00fcr Kurse, die als Teil eines Pakets gebucht wurden, oder f\u00fcr Kurse in Windsurfen, Kitesurfen, Wingfoilen und Surfen. Sie gilt auch nicht f\u00fcr andere von Flag Beach angebotene Dienstleistungen wie Autovermietung, Unterkunftsvermietung oder Ausr\u00fcstungsverleih. Sie gilt nicht f\u00fcr Sonderangebote oder reduzierte Produkte.<br\/><br\/><br\/>       <\/p>\n\n<h3 class=\"wp-block-heading\"><strong>Covid-19<\/strong><\/h3>\n\n<p>Durch die Teilnahme an Kursen oder Ausr\u00fcstungsverleih mit FB, versichern die Kunden, dass sie die erforderlichen \u00f6rtlichen Vorschriften kennen, um das Risiko von Covid-19-Infektionen zu vermeiden. Sie versichern auch, dass sie derzeit nicht an COVID-19 leiden oder irgendwelche Symptome haben. Ihnen sind die Risiken, die mit Gruppenunterricht verbunden sind, bekannt und Sie akzeptieren die m\u00f6glichen Risiken einer Infektion<\/p>\n\n<h3 class=\"wp-block-heading\">Stornierungsgeb\u00fchren<\/h3>\n\n<p>Vor Anreise: 50 % oder vollst\u00e4ndige Anzahlung<br\/>Ab dem ersten Urlaubstag: 100 %<\/p>\n\n<h3 class=\"wp-block-heading\">Beschwerden<\/h3>\n\n<p>Falls ein Kunde sich \u00fcber einen Aspekt seines Urlaubs beschweren m\u00f6chte, sollte er dies mit einem verantwortlichen Mitarbeiter von Flag Beach (Ben \/ Rachel \/ Flag Beach Manager) im RESORT besprechen. Flag Beach haftet NICHT f\u00fcr Beschwerden, nachdem der Kunde nach Hause zur\u00fcckgekehrt ist.<\/p>\n\n<h3 class=\"wp-block-heading\">Reservierungen<\/h3>\n\n<p>Urlaubsarrangements werden Monate im Voraus getroffen, jedoch k\u00f6nnen nach der Buchung einige \u00c4nderungen erforderlich werden, und Flag Beach beh\u00e4lt sich das Recht vor, diese \u00c4nderungen jederzeit vorzunehmen. Wenn Flag Beach die gebuchte Unterkunft nicht zur Verf\u00fcgung stellen kann, beh\u00e4lt es sich das Recht vor, eine alternative Unterkunft mit \u00e4hnlichem oder h\u00f6herem Standard anzubieten. Da ein Gro\u00dfteil der Unterk\u00fcnfte nicht offiziell klassifiziert ist, gelten Unterk\u00fcnfte mit \u00e4hnlichem Standard als solche mit dem gleichen Preis, den gleichen Einrichtungen und in dem gleichen Ferienort gelegen. Sofern wir \u00fcber \u00c4nderungen informiert werden, werden wir die Kunden so schnell wie m\u00f6glich benachrichtigen. Unter solchen Umst\u00e4nden unterliegt die Stornierung des Urlaubs durch den Kunden den \u00fcblichen Stornierungsgeb\u00fchren. Sollten die \u00c4nderungen erheblich von der urspr\u00fcnglich gebuchten Reise abweichen, z. B. Wechsel des Resorts, Unterkunft mit niedrigerem Standard usw., wird Flag Beach sich bem\u00fchen, eine alternative Unterkunft anzubieten oder die Differenz zu erstatten oder die Buchung zu stornieren und den gesamten gezahlten Betrag zur\u00fcckzuerstatten. Unter bestimmten Umst\u00e4nden kann eine Stornierung erforderlich sein, und Flag Beach beh\u00e4lt sich das Recht vor, nach eigenem Ermessen jede Buchung zu stornieren. In diesem Fall wird den Kunden der gesamte gezahlte Betrag zur\u00fcckerstattet oder ein alternativer Aufenthalt zu anderen Terminen angeboten.<br\/>       <\/p>\n\n<p>Flag Beach haftet nicht f\u00fcr Umst\u00e4nde h\u00f6herer Gewalt.<\/p>\n\n<hr class=\"wp-block-separator has-css-opacity\"\/>\n\n<h2 class=\"wp-block-heading\"><\/h2>\n\n<p><\/p>\n","protected":false},"excerpt":{"rendered":"<p>Reservierungen Alle Reservierungen werden schriftlich per E-Mail best\u00e4tigt und erfordern eine Anzahlung, die bei Best\u00e4tigung der Buchung zu leisten ist. Sobald die Anzahlung geleistet wurde, wird die Buchung zu einem Vertrag zwischen Flag Beach und dem Kunden, und diese Anzahlung ist nicht erstattungsf\u00e4hig. Die H\u00f6he der f\u00e4lligen Anzahlung h\u00e4ngt vom Gesamtbetrag der Buchung ab, betr\u00e4gt&hellip; <a class=\"more-link\" href=\"https:\/\/www.flagbeach.com\/de\/allgemeine-geschaeftsbedingungen\/\"><span class=\"screen-reader-text\">Allgemeine Gesch\u00e4ftsbedingungen<\/span> weiterlesen<\/a><\/p>\n","protected":false},"author":1,"featured_media":0,"parent":0,"menu_order":0,"comment_status":"closed","ping_status":"closed","template":"","meta":{"footnotes":""},"class_list":["post-1686","page","type-page","status-publish","hentry","entry"],"_links":{"self":[{"href":"https:\/\/www.flagbeach.com\/de\/wp-json\/wp\/v2\/pages\/1686","targetHints":{"allow":["GET"]}}],"collection":[{"href":"https:\/\/www.flagbeach.com\/de\/wp-json\/wp\/v2\/pages"}],"about":[{"href":"https:\/\/www.flagbeach.com\/de\/wp-json\/wp\/v2\/types\/page"}],"author":[{"embeddable":true,"href":"https:\/\/www.flagbeach.com\/de\/wp-json\/wp\/v2\/users\/1"}],"replies":[{"embeddable":true,"href":"https:\/\/www.flagbeach.com\/de\/wp-json\/wp\/v2\/comments?post=1686"}],"version-history":[{"count":11,"href":"https:\/\/www.flagbeach.com\/de\/wp-json\/wp\/v2\/pages\/1686\/revisions"}],"predecessor-version":[{"id":13889,"href":"https:\/\/www.flagbeach.com\/de\/wp-json\/wp\/v2\/pages\/1686\/revisions\/13889"}],"wp:attachment":[{"href":"https:\/\/www.flagbeach.com\/de\/wp-json\/wp\/v2\/media?parent=1686"}],"curies":[{"name":"wp","href":"https:\/\/api.w.org\/{rel}","templated":true}]}}