{"id":1684,"date":"2021-03-23T13:03:16","date_gmt":"2021-03-23T13:03:16","guid":{"rendered":"https:\/\/flagbeach.com\/surfen\/surfkurse\/"},"modified":"2026-01-29T09:27:21","modified_gmt":"2026-01-29T09:27:21","slug":"surfkurse","status":"publish","type":"page","link":"https:\/\/www.flagbeach.com\/de\/surfen\/surfkurse\/","title":{"rendered":"Surfkurse"},"content":{"rendered":"\n<div class=\"wp-block-cover alignfull has-custom-content-position is-position-top-left\" style=\"min-height:30vw;aspect-ratio:unset;\"><span aria-hidden=\"true\" class=\"wp-block-cover__background has-background-dim-100 has-background-dim wp-block-cover__gradient-background has-background-gradient\" style=\"background:linear-gradient(180deg,rgb(20,62,94) 0%,rgba(255,255,255,0) 48%,rgba(20,61,93,0) 67%,rgb(20,62,94) 100%)\"><\/span><img loading=\"lazy\" decoding=\"async\" width=\"1600\" height=\"600\" sizes=\"auto, (max-width: 799px) 200vw, (max-width: 1600px) 100vw, 1600px\" class=\"wp-block-cover__image-background wp-image-851\" alt=\"\" src=\"https:\/\/www.flagbeach.com\/wp-content\/uploads\/2021\/02\/surfing-header-v3.jpg\" style=\"object-position:50% 0%\" data-object-fit=\"cover\" data-object-position=\"50% 0%\" srcset=\"https:\/\/www.flagbeach.com\/wp-content\/uploads\/2021\/02\/surfing-header-v3.jpg 1600w, https:\/\/www.flagbeach.com\/wp-content\/uploads\/2021\/02\/surfing-header-v3-300x113.jpg 300w, https:\/\/www.flagbeach.com\/wp-content\/uploads\/2021\/02\/surfing-header-v3-1024x384.jpg 1024w, https:\/\/www.flagbeach.com\/wp-content\/uploads\/2021\/02\/surfing-header-v3-768x288.jpg 768w, https:\/\/www.flagbeach.com\/wp-content\/uploads\/2021\/02\/surfing-header-v3-1536x576.jpg 1536w, https:\/\/www.flagbeach.com\/wp-content\/uploads\/2021\/02\/surfing-header-v3-1568x588.jpg 1568w\" \/><div class=\"wp-block-cover__inner-container is-layout-flow wp-block-cover-is-layout-flow\">\n<h1 class=\"wp-block-heading has-text-align-left has-subtle-color has-text-color\">Surfkurse<\/h1>\n\n\n\n<p><\/p>\n<\/div><\/div>\n\n<div class=\"wp-block-buttons is-horizontal is-content-justification-center is-layout-flex wp-container-core-buttons-is-layout-03627597 wp-block-buttons-is-layout-flex\">\n<div class=\"wp-block-button\"><a class=\"wp-block-button__link wp-element-button\" href=\"https:\/\/flagbeach.com\/book-now\/\">Jetzt Buchen<\/a><\/div>\n<\/div>\n\n<div class=\"wp-block-group alignfull\"><div class=\"wp-block-group__inner-container is-layout-flow wp-block-group-is-layout-flow\">\n<h2 class=\"wp-block-heading\">Unsere Surfkurse auf Fuerteventura<\/h2>\n\n\n\n<p>Wir betreiben eine mobile Surfschule. Das heisst wir bringen unsere Sch\u00fcler an die Str\u00e4nde, die die besten Surfbedingungen an diesem Tag haben. Wir k\u00f6nnen zwar die Wellen nicht kontrollieren, aber da wir hier im Norden der Insel 10 tolle Str\u00e4nde haben, finden wir immer den besten Ort zum surfen. Du kannst die Kursdauer w\u00e4hlen, die deinen Urlaubspl\u00e4nen entspricht.<\/p>\n\n\n\n<div class=\"wp-block-columns alignwide is-layout-flex wp-container-core-columns-is-layout-d0b3c9c8 wp-block-columns-is-layout-flex\">\n<div class=\"wp-block-column is-layout-flow wp-block-column-is-layout-flow\" style=\"--col-width:33.33%;flex-basis:33.33%\">\n<figure class=\"wp-block-image size-full\"><img loading=\"lazy\" decoding=\"async\" width=\"640\" height=\"480\" src=\"https:\/\/www.flagbeach.com\/wp-content\/uploads\/2021\/09\/DSC_0620.jpg\" alt=\"\" class=\"wp-image-2590\" srcset=\"https:\/\/www.flagbeach.com\/wp-content\/uploads\/2021\/09\/DSC_0620.jpg 640w, https:\/\/www.flagbeach.com\/wp-content\/uploads\/2021\/09\/DSC_0620-300x225.jpg 300w\" sizes=\"auto, (max-width: 640px) 100vw, 640px\" \/><\/figure>\n\n\n\n<figure class=\"wp-block-image size-large\"><img loading=\"lazy\" decoding=\"async\" width=\"680\" height=\"1024\" src=\"https:\/\/www.flagbeach.com\/wp-content\/uploads\/2021\/09\/DSC5421-680x1024.jpg\" alt=\"\" class=\"wp-image-2611\" srcset=\"https:\/\/www.flagbeach.com\/wp-content\/uploads\/2021\/09\/DSC5421-680x1024.jpg 680w, https:\/\/www.flagbeach.com\/wp-content\/uploads\/2021\/09\/DSC5421-199x300.jpg 199w, https:\/\/www.flagbeach.com\/wp-content\/uploads\/2021\/09\/DSC5421-768x1156.jpg 768w, https:\/\/www.flagbeach.com\/wp-content\/uploads\/2021\/09\/DSC5421-1020x1536.jpg 1020w, https:\/\/www.flagbeach.com\/wp-content\/uploads\/2021\/09\/DSC5421-1360x2048.jpg 1360w, https:\/\/www.flagbeach.com\/wp-content\/uploads\/2021\/09\/DSC5421-1568x2361.jpg 1568w, https:\/\/www.flagbeach.com\/wp-content\/uploads\/2021\/09\/DSC5421-scaled.jpg 1700w\" sizes=\"auto, (max-width: 680px) 100vw, 680px\" \/><\/figure>\n<\/div>\n\n\n\n<div class=\"wp-block-column is-layout-flow wp-block-column-is-layout-flow\" style=\"--col-width:66.66%;flex-basis:66.66%\">\n<figure class=\"wp-block-image size-large\"><img loading=\"lazy\" decoding=\"async\" width=\"1024\" height=\"769\" src=\"https:\/\/www.flagbeach.com\/wp-content\/uploads\/2021\/09\/P2210041-1024x769.jpg\" alt=\"\" class=\"wp-image-2566\" srcset=\"https:\/\/www.flagbeach.com\/wp-content\/uploads\/2021\/09\/P2210041-1024x769.jpg 1024w, https:\/\/www.flagbeach.com\/wp-content\/uploads\/2021\/09\/P2210041-300x225.jpg 300w, https:\/\/www.flagbeach.com\/wp-content\/uploads\/2021\/09\/P2210041-768x577.jpg 768w, https:\/\/www.flagbeach.com\/wp-content\/uploads\/2021\/09\/P2210041-1536x1153.jpg 1536w, https:\/\/www.flagbeach.com\/wp-content\/uploads\/2021\/09\/P2210041-2048x1538.jpg 2048w, https:\/\/www.flagbeach.com\/wp-content\/uploads\/2021\/09\/P2210041-1568x1177.jpg 1568w\" sizes=\"auto, (max-width: 1024px) 100vw, 1024px\" \/><\/figure>\n<\/div>\n<\/div>\n\n\n\n<h2 class=\"wp-block-heading alignwide\">Surfkurse<\/h2>\n\n\n\n<p class=\"tw-text-wide\">In unseren bis zu 12-t\u00e4gigen Surfkursen lernst du, wie man in den malerischen Gew\u00e4ssern von Fuerteventura surft. Schau mal rein!<\/p>\n\n\n\n<h2 class=\"wp-block-heading alignwide\"><mark style=\"background-color:rgba(0, 0, 0, 0);color:#fcbe06\" class=\"has-inline-color\">Programm<\/mark><\/h2>\n\n\n\n<div class=\"wp-block-columns alignwide is-layout-flex wp-container-core-columns-is-layout-d0b3c9c8 wp-block-columns-is-layout-flex\">\n<div class=\"wp-block-column is-layout-flow wp-block-column-is-layout-flow\">\n<p>Startzeit: 10:00 oder 13:00<\/p>\n\n\n\n<h3 class=\"wp-block-heading\">Tag 1<\/h3>\n\n\n\n<p>Dieser eint\u00e4gige Surfkurs wird an einem der 10 Str\u00e4nde im Norden der Insel durchgef\u00fchrt, der die besten Surfbedingungen an diesem Tag bietet. Jede Surfstunde beginnt mit einem guten Aufw\u00e4rmen im Surferstil, einschlie\u00dflich Laufen, Liegest\u00fctzen, Stretching, Yoga und vielem mehr.<\/p>\n\n\n\n<p>Sp\u00e4ter lernst du, wie man sicher ins Wasser kommt, wie man eine Welle anpaddelt und wie man auf dem Board aufsteht. Bevor es ins Wasser geht, erhalten alle Sch\u00fcler eine kurze Sicherheitseinweisung und werden \u00fcber den Unterrichtsplan, m\u00f6gliche Gefahren und alle von den Ausbildern verwendeten Signale \/ Befehle informiert.<\/p>\n<\/div>\n\n\n\n<div class=\"wp-block-column is-layout-flow wp-block-column-is-layout-flow\">\n<p>Der eint\u00e4gige Kurs soll dich in diesen wunderbaren Wassersport einf\u00fchren und dir die grundlegenden Lerntechniken zeigen. Du lernst kleine &#8220;Wei\u00dfwasser&#8221;-Wellen im flachen Wasser zu kontrollieren, zu paddeln und zu surfen. Da 95% unserer Sch\u00fcler nach einem Tag weiter lernen m\u00f6chten, empfehlen wir dir dringend, einen mehrt\u00e4gigen Kurs zu buchen und das beste Angebot f\u00fcr dich und deine Freunde zu erhalten.<\/p>\n\n\n\n<h3 class=\"wp-block-heading\">Tag 2<\/h3>\n\n\n\n<p>Der ein- und zweit\u00e4gige Surfkurs soll dich in diesen wunderbaren Wassersport einf\u00fchren und dir die grundlegenden Lerntechniken zeigen. Du lernst kleine &#8220;Wei\u00dfwasser&#8221;-Wellen im flachen Wasser zu kontrollieren, zu paddeln und zu surfen. Da 95% unserer Sch\u00fcler nach einem Tag weiter lernen m\u00f6chten, empfehlen wir dir dringend, einen mehrt\u00e4gigen Kurs zu buchen und das beste Angebot f\u00fcr dich und deine Freunde zu erhalten.<\/p>\n<\/div>\n<\/div>\n\n\n\n<div class=\"wp-block-getwid-accordion has-icon-left\" data-active-element=\"none\">\n<div class=\"wp-block-getwid-accordion__header-wrapper\"><span class=\"wp-block-getwid-accordion__header\"><a href=\"#\"><span class=\"wp-block-getwid-accordion__header-title\">View the full itinerary<\/span><span class=\"wp-block-getwid-accordion__icon is-active\"><i class=\"fas fa-plus\"><\/i><\/span><span class=\"wp-block-getwid-accordion__icon is-passive\"><i class=\"fas fa-minus\"><\/i><\/span><\/a><\/span><\/div><div class=\"wp-block-getwid-accordion__content-wrapper\"><div class=\"wp-block-getwid-accordion__content\">\n<h2 class=\"wp-block-heading\">Weiteres Programm<\/h2>\n\n\n\n<h3 class=\"wp-block-heading\">Tag 3<\/h3>\n\n\n\n<p>Der dreit\u00e4gige Surfkurs soll dich in diesen wunderbaren Wassersport einf\u00fchren und dir die grundlegenden Techniken zeigen. Du lernst kleine &#8220;Wei\u00dfwasser&#8221;-Wellen im flachen Wasser zu kontrollieren, zu paddeln und zu surfen.<\/p>\n\n\n\n<p>Unser Ziel ist es, dass du nach 3 Tagen auf dem Board stehen kannst! In diesen 3 Tagen lernst du das Aufstehen und die Sicherheitsaspekte im Wasser. Wir werden jeden Tag 3-4 Stunden im Wasser verbringen, um verschiedene Techniken des Aufstehens zu lernen, das Board zu kontrollieren, zu paddeln und wie man einen Wipe-out &#8220;\u00fcberlebt&#8221;! Dar\u00fcber hinaus erh\u00e4lst du theoretische Lektionen \u00fcber die verschiedenen Sportarten, Surfbrettdesign, Ausr\u00fcstung, Geschichte des Surfens sowie \u00fcber \u00dcberleben und Sicherheit im Wasser.<\/p>\n\n\n\n<h3 class=\"wp-block-heading\">Tag 4<\/h3>\n\n\n\n<p>Am 4. Tag wirst du sicherer auf dem Brett stehen und anfangen, einige &#8220;Wei\u00dfwasser&#8221;-Wellen zu surfen.<\/p>\n\n\n\n<h3 class=\"wp-block-heading\">Tag 5<\/h3>\n\n\n\n<p>Am Ende des 5-t\u00e4gigen Kurses solltest du richtig aufstehen und dich positionieren k\u00f6nnen. Du lernst, wie du das Surfboard ausrichten kannst und die richtige K\u00f6rperhaltung f\u00fcr&#8217;s Surfen einnimmst. Du kannst auch die Geschwindigkeit und Richtung des Surfboards steuern, w\u00e4hrend wir dir Techniken zur Fu\u00dfpositionierung und K\u00f6rpermechanik beibringen.  <\/p>\n\n\n\n<h3 class=\"wp-block-heading\">12 Tage Kurs<\/h3>\n\n\n\n<p>By the end of the 12 day course you should be standing and getting to feet correctly. You\u2019ll learn how to trim the surfboard and develop a surfer\u2019s stance. You\u2019ll also be able to control the speed and direction of the surfboard as we teach you foot placement and body mechanics techniques.  <\/p>\n\n\n\n<p>Am Ende des 12-t\u00e4gigen Kurses solltest du dich in den Wellen sicher f\u00fchlen und in der Lage sein, durch die Wellen zu paddeln und die beste Welle an diesem Spot zu finden und zu surfen<\/p>\n<\/div><\/div>\n<\/div>\n\n\n\n<h3 class=\"wp-block-heading\">Preise<\/h3>\n\n\n\n<div class=\"wp-block-group alignfull\"><div class=\"wp-block-group__inner-container is-layout-flow wp-block-group-is-layout-flow\">\n<figure class=\"wp-block-table tw-row-valign-top is-style-tw-border-h\"><table><tbody><tr><td>1 Tag Surfkurs<\/td><td class=\"has-text-align-right\" data-align=\"right\">\u20ac55<\/td><\/tr><tr><td>2 Tage Surfkurs<\/td><td class=\"has-text-align-right\" data-align=\"right\">\u20ac100<\/td><\/tr><tr><td>3 Tage Surfkurs<\/td><td class=\"has-text-align-right\" data-align=\"right\">\u20ac135<\/td><\/tr><tr><td>4 Tage Surfkurs<\/td><td class=\"has-text-align-right\" data-align=\"right\">\u20ac170<\/td><\/tr><tr><td>5 Tage Surfkurs<\/td><td class=\"has-text-align-right\" data-align=\"right\">\u20ac200<\/td><\/tr><tr><td>12 Tage Surfkurs<\/td><td class=\"has-text-align-right\" data-align=\"right\">\u20ac400<\/td><\/tr><\/tbody><\/table><\/figure>\n<\/div><\/div>\n\n\n\n<div class=\"wp-block-buttons is-horizontal is-content-justification-center is-layout-flex wp-container-core-buttons-is-layout-03627597 wp-block-buttons-is-layout-flex\">\n<div class=\"wp-block-button\"><a class=\"wp-block-button__link wp-element-button\" href=\"https:\/\/flagbeach.com\/book-now\/\">Buche jetzt deinen Anf\u00e4nger Surf Kurs!<\/a><\/div>\n<\/div>\n<\/div><\/div>\n\n<div class=\"wp-block-cover alignfull is-light\" style=\"min-height:282px;aspect-ratio:unset;\"><span aria-hidden=\"true\" class=\"wp-block-cover__background has-background-dim-0 has-background-dim\"><\/span><img loading=\"lazy\" decoding=\"async\" width=\"1440\" height=\"540\" sizes=\"auto, (max-width: 799px) 200vw, (max-width: 1440px) 100vw, 1440px\" class=\"wp-block-cover__image-background wp-image-1161\" alt=\"\" src=\"https:\/\/www.flagbeach.com\/wp-content\/uploads\/2021\/02\/gallery-location-4.jpg\" style=\"object-position:50% 77%\" data-object-fit=\"cover\" data-object-position=\"50% 77%\" srcset=\"https:\/\/www.flagbeach.com\/wp-content\/uploads\/2021\/02\/gallery-location-4.jpg 1440w, https:\/\/www.flagbeach.com\/wp-content\/uploads\/2021\/02\/gallery-location-4-300x113.jpg 300w, https:\/\/www.flagbeach.com\/wp-content\/uploads\/2021\/02\/gallery-location-4-1024x384.jpg 1024w, https:\/\/www.flagbeach.com\/wp-content\/uploads\/2021\/02\/gallery-location-4-768x288.jpg 768w\" \/><div class=\"wp-block-cover__inner-container is-layout-flow wp-block-cover-is-layout-flow\">\n<p class=\"has-text-align-center has-large-font-size\"><\/p>\n\n\n\n<p class=\"has-text-align-center has-large-font-size\"><\/p>\n<\/div><\/div>\n\n<div class=\"wp-block-columns alignwide is-layout-flex wp-container-core-columns-is-layout-d0b3c9c8 wp-block-columns-is-layout-flex\">\n<div class=\"wp-block-column is-layout-flow wp-block-column-is-layout-flow\">\n<div class=\"wp-block-group\"><div class=\"wp-block-group__inner-container is-layout-flow wp-block-group-is-layout-flow\">\n<h3 class=\"wp-block-heading\">Surfen<br\/><span style=\"color:#fdbe07\" class=\"has-inline-color\">Urlaubspakete<\/span><\/h3>\n\n\n\n<figure class=\"wp-block-image size-large\"><img loading=\"lazy\" decoding=\"async\" width=\"1024\" height=\"384\" src=\"https:\/\/www.flagbeach.com\/wp-content\/uploads\/2021\/02\/surfing-big-2-1024x384.jpg\" alt=\"Surf-Pakete mit Flag Beach, Kanarische Inseln\" class=\"wp-image-857\" srcset=\"https:\/\/www.flagbeach.com\/wp-content\/uploads\/2021\/02\/surfing-big-2-1024x384.jpg 1024w, https:\/\/www.flagbeach.com\/wp-content\/uploads\/2021\/02\/surfing-big-2-300x113.jpg 300w, https:\/\/www.flagbeach.com\/wp-content\/uploads\/2021\/02\/surfing-big-2-768x288.jpg 768w, https:\/\/www.flagbeach.com\/wp-content\/uploads\/2021\/02\/surfing-big-2.jpg 1440w\" sizes=\"auto, (max-width: 1024px) 100vw, 1024px\" \/><\/figure>\n\n\n\n<p>Unsere Urlaubspakete bieten euch die besten Wassersportkurse und Unterk\u00fcnfte auf Fuerteventura. Wir bringen euch jeden Tag an den Strand und wieder zur\u00fcck, Ausr\u00fcstung und Versicherung sind ebenfalls inklusive. Bucht online, um bis zu 33% zu sparen. Ihr werdet keinen besseren Preis auf der Insel finden. Worauf wartet ihr noch? Bucht jetzt.&#13;\n&#13;\n<\/p>\n\n\n\n<p><\/p>\n\n\n\n<div class=\"wp-block-buttons aligncenter is-layout-flex wp-block-buttons-is-layout-flex\">\n<div class=\"wp-block-button\"><a class=\"wp-block-button__link\" href=\"https:\/\/flagbeach.com\/de\/surfen\/surf-pakete\/\">Surf-Pakete ansehen<\/a><\/div>\n<\/div>\n<\/div><\/div>\n<\/div>\n\n\n\n<div class=\"wp-block-column is-layout-flow wp-block-column-is-layout-flow\">\n<div class=\"wp-block-group\"><div class=\"wp-block-group__inner-container is-layout-flow wp-block-group-is-layout-flow\">\n<h3 class=\"wp-block-heading\">Surfen<br\/><span style=\"color:#fdbe07\" class=\"has-inline-color\">Ausr\u00fcstungsverleih<\/span><\/h3>\n\n\n\n<figure class=\"wp-block-image size-large\"><img loading=\"lazy\" decoding=\"async\" width=\"1024\" height=\"384\" src=\"https:\/\/www.flagbeach.com\/wp-content\/uploads\/2021\/02\/surfing-big-5-1024x384.jpg\" alt=\"Surfausr&#xFC;stung Verleih bei Flag Beach\" class=\"wp-image-863\" srcset=\"https:\/\/www.flagbeach.com\/wp-content\/uploads\/2021\/02\/surfing-big-5-1024x384.jpg 1024w, https:\/\/www.flagbeach.com\/wp-content\/uploads\/2021\/02\/surfing-big-5-300x113.jpg 300w, https:\/\/www.flagbeach.com\/wp-content\/uploads\/2021\/02\/surfing-big-5-768x288.jpg 768w, https:\/\/www.flagbeach.com\/wp-content\/uploads\/2021\/02\/surfing-big-5.jpg 1440w\" sizes=\"auto, (max-width: 1024px) 100vw, 1024px\" \/><\/figure>\n\n\n\n<p>F\u00fcr Fortgeschrittene bis Profi Wassersportler, die alleine auf dem Wasser unterwegs sein m\u00f6chten, haben wir die beste Surfausr\u00fcstung zum Ausleihen und dazu noch eine exklusive Strandlage. St\u00f6bert in unseren Ausr\u00fcstungsmarken und w\u00e4hlt euer Board, Segel oder Kite aus. Ihr k\u00f6nnt eure eigene Ausr\u00fcstung auch bei uns am Strand lagern.<\/p>\n\n\n\n<p><\/p>\n\n\n\n<div class=\"wp-block-buttons aligncenter is-layout-flex wp-block-buttons-is-layout-flex\">\n<div class=\"wp-block-button\"><a class=\"wp-block-button__link\" href=\"https:\/\/flagbeach.com\/de\/surfen\/surfausruestung-verleih\/\">Surfboard-Verleih ansehen<\/a><\/div>\n<\/div>\n<\/div><\/div>\n<\/div>\n\n\n\n<div class=\"wp-block-column is-layout-flow wp-block-column-is-layout-flow\">\n<div class=\"wp-block-group\"><div class=\"wp-block-group__inner-container is-layout-flow wp-block-group-is-layout-flow\">\n<h3 class=\"wp-block-heading\">Surfen<br\/><span style=\"color:#fdbe07\" class=\"has-inline-color\">Unterk\u00fcnfte<\/span><\/h3>\n\n\n\n<figure class=\"wp-block-image size-large\"><img decoding=\"async\" src=\"https:\/\/flagbeach.com\/wp-content\/uploads\/2021\/02\/holiday-accommodation-fuerteventura-769x1024.jpg\" alt=\"Surfurlaub Unterkunft\" class=\"wp-image-1412\"\/><\/figure>\n\n\n\n<p>Unsere Urlaubspakete bieten euch das Beste f\u00fcr euer Geld. Ihr k\u00f6nnt aus einer Reihe von Unterk\u00fcnften w\u00e4hlen: von Luxushotels oder Apartments zur Selbstverpflegung bis hin zu unseren preisg\u00fcnstigen Surf-Hostels. Bucht noch unseren Surfkurs und Ausr\u00fcstungsverleih dazu, f\u00fcr das komplette Flag Beach-Erlebnis.<\/p>\n\n\n\n<p><\/p>\n\n\n\n<div class=\"wp-block-buttons aligncenter is-layout-flex wp-block-buttons-is-layout-flex\">\n<div class=\"wp-block-button\"><a class=\"wp-block-button__link\" href=\"https:\/\/flagbeach.com\/de\/unterkuenfte\/\">Urlaubsunterk\u00fcnfte ansehen<\/a><\/div>\n<\/div>\n<\/div><\/div>\n<\/div>\n<\/div>\n\n<hr class=\"wp-block-separator has-css-opacity\"\/>\n\n<div class=\"wp-block-cover alignfull is-light\" style=\"min-height:282px;aspect-ratio:unset;\"><span aria-hidden=\"true\" class=\"wp-block-cover__background has-background-dim-0 has-background-dim\"><\/span><img loading=\"lazy\" decoding=\"async\" width=\"1440\" height=\"540\" sizes=\"auto, (max-width: 799px) 200vw, (max-width: 1440px) 100vw, 1440px\" class=\"wp-block-cover__image-background wp-image-857\" alt=\"\" src=\"https:\/\/www.flagbeach.com\/wp-content\/uploads\/2021\/02\/surfing-big-2.jpg\" style=\"object-position:50% 77%\" data-object-fit=\"cover\" data-object-position=\"50% 77%\" srcset=\"https:\/\/www.flagbeach.com\/wp-content\/uploads\/2021\/02\/surfing-big-2.jpg 1440w, https:\/\/www.flagbeach.com\/wp-content\/uploads\/2021\/02\/surfing-big-2-300x113.jpg 300w, https:\/\/www.flagbeach.com\/wp-content\/uploads\/2021\/02\/surfing-big-2-1024x384.jpg 1024w, https:\/\/www.flagbeach.com\/wp-content\/uploads\/2021\/02\/surfing-big-2-768x288.jpg 768w\" \/><div class=\"wp-block-cover__inner-container is-layout-flow wp-block-cover-is-layout-flow\">\n<p class=\"has-text-align-center has-large-font-size\"><\/p>\n\n\n\n<p class=\"has-text-align-center has-large-font-size\"><\/p>\n<\/div><\/div>\n","protected":false},"excerpt":{"rendered":"<p>Unsere Surfkurse auf Fuerteventura Wir betreiben eine mobile Surfschule. Das heisst wir bringen unsere Sch\u00fcler an die Str\u00e4nde, die die besten Surfbedingungen an diesem Tag haben. Wir k\u00f6nnen zwar die Wellen nicht kontrollieren, aber da wir hier im Norden der Insel 10 tolle Str\u00e4nde haben, finden wir immer den besten Ort zum surfen. Du kannst&hellip; <a class=\"more-link\" href=\"https:\/\/www.flagbeach.com\/de\/surfen\/surfkurse\/\"><span class=\"screen-reader-text\">Surfkurse<\/span> weiterlesen<\/a><\/p>\n","protected":false},"author":1,"featured_media":0,"parent":2288,"menu_order":0,"comment_status":"closed","ping_status":"closed","template":"tw-header-transparent.php","meta":{"footnotes":""},"class_list":["post-1684","page","type-page","status-publish","hentry","entry"],"_links":{"self":[{"href":"https:\/\/www.flagbeach.com\/de\/wp-json\/wp\/v2\/pages\/1684","targetHints":{"allow":["GET"]}}],"collection":[{"href":"https:\/\/www.flagbeach.com\/de\/wp-json\/wp\/v2\/pages"}],"about":[{"href":"https:\/\/www.flagbeach.com\/de\/wp-json\/wp\/v2\/types\/page"}],"author":[{"embeddable":true,"href":"https:\/\/www.flagbeach.com\/de\/wp-json\/wp\/v2\/users\/1"}],"replies":[{"embeddable":true,"href":"https:\/\/www.flagbeach.com\/de\/wp-json\/wp\/v2\/comments?post=1684"}],"version-history":[{"count":40,"href":"https:\/\/www.flagbeach.com\/de\/wp-json\/wp\/v2\/pages\/1684\/revisions"}],"predecessor-version":[{"id":13884,"href":"https:\/\/www.flagbeach.com\/de\/wp-json\/wp\/v2\/pages\/1684\/revisions\/13884"}],"up":[{"embeddable":true,"href":"https:\/\/www.flagbeach.com\/de\/wp-json\/wp\/v2\/pages\/2288"}],"wp:attachment":[{"href":"https:\/\/www.flagbeach.com\/de\/wp-json\/wp\/v2\/media?parent=1684"}],"curies":[{"name":"wp","href":"https:\/\/api.w.org\/{rel}","templated":true}]}}