{"id":1681,"date":"2021-03-23T12:25:40","date_gmt":"2021-03-23T12:25:40","guid":{"rendered":"https:\/\/flagbeach.com\/sup\/sup-vermietung\/"},"modified":"2026-01-29T09:22:09","modified_gmt":"2026-01-29T09:22:09","slug":"sup-vermietung","status":"publish","type":"page","link":"https:\/\/www.flagbeach.com\/de\/sup\/sup-vermietung\/","title":{"rendered":"SUP Verleih"},"content":{"rendered":"\n<div class=\"wp-block-cover alignfull has-custom-content-position is-position-top-left\" style=\"min-height:30vw;aspect-ratio:unset;\"><img loading=\"lazy\" decoding=\"async\" width=\"1440\" height=\"540\" sizes=\"auto, (max-width: 799px) 200vw, (max-width: 1440px) 100vw, 1440px\" class=\"wp-block-cover__image-background wp-image-914\" alt=\"\" src=\"https:\/\/www.flagbeach.com\/wp-content\/uploads\/2021\/02\/sup-1.jpg\" style=\"object-position:50% 0%\" data-object-fit=\"cover\" data-object-position=\"50% 0%\" srcset=\"https:\/\/www.flagbeach.com\/wp-content\/uploads\/2021\/02\/sup-1.jpg 1440w, https:\/\/www.flagbeach.com\/wp-content\/uploads\/2021\/02\/sup-1-300x113.jpg 300w, https:\/\/www.flagbeach.com\/wp-content\/uploads\/2021\/02\/sup-1-1024x384.jpg 1024w, https:\/\/www.flagbeach.com\/wp-content\/uploads\/2021\/02\/sup-1-768x288.jpg 768w\" \/><span aria-hidden=\"true\" class=\"wp-block-cover__background has-background-dim-100 has-background-dim wp-block-cover__gradient-background has-background-gradient\" style=\"background:linear-gradient(180deg,rgb(20,62,94) 0%,rgba(255,255,255,0) 48%,rgba(20,61,93,0) 67%,rgb(20,62,94) 100%)\"><\/span><div class=\"wp-block-cover__inner-container is-layout-flow wp-block-cover-is-layout-flow\">\n<h1 class=\"wp-block-heading has-text-align-left has-subtle-color has-text-color\"><mark style=\"background-color:rgba(0, 0, 0, 0)\" class=\"has-inline-color has-white-color\">SUP Verleih<\/mark><\/h1>\n\n\n\n<p><\/p>\n<\/div><\/div>\n\n<div class=\"wp-block-group alignfull\"><div class=\"wp-block-group__inner-container is-layout-flow wp-block-group-is-layout-flow\">\n<h2 class=\"wp-block-heading\">Miete deine Wassersportausr\u00fcstung bei uns.<\/h2>\n\n\n\n<p>F\u00fcr intermediate bis fortgeschrittene SUPler, die alleine unterwegs sein m\u00f6chten, haben wir die beste SUP-Ausr\u00fcstung zum Mieten und eine exklusive Lage am Strand. St\u00f6ber in unseren Ausr\u00fcstungsmarken und w\u00e4hle dein Board, Segel oder Kite aus. Du kannst deine eigene Ausr\u00fcstung auch bei uns am Strand lagern.<\/p>\n\n\n\n<div class=\"wp-block-buttons is-content-justification-center is-layout-flex wp-container-core-buttons-is-layout-a89b3969 wp-block-buttons-is-layout-flex\">\n<div class=\"wp-block-button\"><a class=\"wp-block-button__link wp-element-button\" href=\"https:\/\/flagbeach.com\/book-now\/\">Buche jetzt deinen SUP Urlaub!<\/a><\/div>\n<\/div>\n\n\n\n<h2 class=\"wp-block-heading alignwide\">SUP Mietpreise<\/h2>\n\n\n\n<figure class=\"wp-block-table\"><table><thead><tr><th>Tage<\/th><th><strong>Komplette Ausr\u00fcstung<\/strong><\/th><\/tr><\/thead><tbody><tr><td>1\/2<\/td><td>25 <sup>\u20ac<\/sup><\/td><\/tr><tr><td>1<\/td><td>35 <sup>\u20ac<\/sup><\/td><\/tr><tr><td>2<\/td><td>70 <sup>\u20ac<\/sup><\/td><\/tr><tr><td>3<\/td><td>95 <sup>\u20ac<\/sup><\/td><\/tr><tr><td>4<\/td><td>125 <sup>\u20ac<\/sup><\/td><\/tr><tr><td>5<\/td><td>155 <sup>\u20ac<\/sup><\/td><\/tr><tr><td>6<\/td><td>180 <sup>\u20ac<\/sup><\/td><\/tr><tr><td>7<\/td><td>180 <sup>\u20ac<\/sup><\/td><\/tr><tr><td>8<\/td><td>205 <sup>\u20ac<\/sup><\/td><\/tr><tr><td>9<\/td><td>230 <sup>\u20ac<\/sup><\/td><\/tr><tr><td>10<\/td><td>250 <sup>\u20ac<\/sup><\/td><\/tr><tr><td>11<\/td><td>270 <sup>\u20ac<\/sup><\/td><\/tr><tr><td>12<\/td><td>285 <sup>\u20ac<\/sup><\/td><\/tr><tr><td>13<\/td><td>300 <sup>\u20ac<\/sup><\/td><\/tr><tr><td>14<\/td><td>310 <sup>\u20ac<\/sup><\/td><\/tr><tr><td>15<\/td><td>320 <sup>\u20ac<\/sup><\/td><\/tr><tr><td>16<\/td><td>330 <sup>\u20ac<\/sup><\/td><\/tr><tr><td>17<\/td><td>340 <sup>\u20ac<\/sup><\/td><\/tr><tr><td>18<\/td><td>350 <sup>\u20ac<\/sup><\/td><\/tr><tr><td>19<\/td><td>360 <sup>\u20ac<\/sup><\/td><\/tr><tr><td>20<\/td><td>370 <sup>\u20ac<\/sup><\/td><\/tr><tr><td>21<\/td><td>380 <sup>\u20ac<\/sup><\/td><\/tr><\/tbody><\/table><\/figure>\n<\/div><\/div>\n\n<h2 class=\"wp-block-heading alignwide\">SUP Ausr\u00fcstung<\/h2>\n\n<div class=\"wp-block-group alignfull\"><div class=\"wp-block-group__inner-container is-layout-flow wp-block-group-is-layout-flow\">\n<div class=\"wp-block-columns alignwide tw-gutter-large is-layout-flex wp-container-core-columns-is-layout-d0b3c9c8 wp-block-columns-is-layout-flex\">\n<div class=\"wp-block-column is-layout-flow wp-block-column-is-layout-flow\">\n<h3 class=\"wp-block-heading alignwide\">Boards<\/h3>\n\n\n\n<h4 class=\"wp-block-heading\">Fly SUP Board<\/h4>\n\n\n\n<p>Die FLY Allround Form sorgt f\u00fcr ein m\u00fcheloses und sanftes Gleiten \u00fcber flaches Wasser und eignet sich gut f\u00fcr kleine bis mittelgro\u00dfe Wellen.<\/p>\n<\/div>\n\n\n\n<div class=\"wp-block-column is-layout-flow wp-block-column-is-layout-flow\">\n<h3 class=\"wp-block-heading\"><\/h3>\n\n\n\n<h4 class=\"wp-block-heading\">AllWave SUP Board<\/h4>\n\n\n\n<p>Das AllWave bietet einfache Surf-Action mit \u00fcberraschend radikalen Leistungsmerkmalen.<\/p>\n<\/div>\n<\/div>\n<\/div><\/div>\n\n<hr class=\"wp-block-separator has-css-opacity\"\/>\n\n<div class=\"wp-block-cover alignfull is-light\" style=\"min-height:282px;aspect-ratio:unset;\"><img loading=\"lazy\" decoding=\"async\" width=\"1600\" height=\"700\" sizes=\"auto, (max-width: 799px) 200vw, (max-width: 1600px) 100vw, 1600px\" class=\"wp-block-cover__image-background wp-image-14\" alt=\"\" src=\"https:\/\/www.flagbeach.com\/wp-content\/uploads\/2021\/01\/fb-hero-1600-1.jpg\" style=\"object-position:50% 21%\" data-object-fit=\"cover\" data-object-position=\"50% 21%\" srcset=\"https:\/\/www.flagbeach.com\/wp-content\/uploads\/2021\/01\/fb-hero-1600-1.jpg 1600w, https:\/\/www.flagbeach.com\/wp-content\/uploads\/2021\/01\/fb-hero-1600-1-300x131.jpg 300w, https:\/\/www.flagbeach.com\/wp-content\/uploads\/2021\/01\/fb-hero-1600-1-1024x448.jpg 1024w, https:\/\/www.flagbeach.com\/wp-content\/uploads\/2021\/01\/fb-hero-1600-1-768x336.jpg 768w, https:\/\/www.flagbeach.com\/wp-content\/uploads\/2021\/01\/fb-hero-1600-1-1536x672.jpg 1536w, https:\/\/www.flagbeach.com\/wp-content\/uploads\/2021\/01\/fb-hero-1600-1-1568x686.jpg 1568w\" \/><span aria-hidden=\"true\" class=\"wp-block-cover__background has-background-dim-0 has-background-dim\"><\/span><div class=\"wp-block-cover__inner-container is-layout-flow wp-block-cover-is-layout-flow\">\n<p class=\"has-text-align-center has-large-font-size\"><\/p>\n<\/div><\/div>\n","protected":false},"excerpt":{"rendered":"<p>Miete deine Wassersportausr\u00fcstung bei uns. F\u00fcr intermediate bis fortgeschrittene SUPler, die alleine unterwegs sein m\u00f6chten, haben wir die beste SUP-Ausr\u00fcstung zum Mieten und eine exklusive Lage am Strand. St\u00f6ber in unseren Ausr\u00fcstungsmarken und w\u00e4hle dein Board, Segel oder Kite aus. Du kannst deine eigene Ausr\u00fcstung auch bei uns am Strand lagern. SUP Mietpreise Tage Komplette&hellip; <a class=\"more-link\" href=\"https:\/\/www.flagbeach.com\/de\/sup\/sup-vermietung\/\"><span class=\"screen-reader-text\">SUP Verleih<\/span> weiterlesen<\/a><\/p>\n","protected":false},"author":1,"featured_media":0,"parent":1677,"menu_order":0,"comment_status":"closed","ping_status":"closed","template":"tw-header-transparent.php","meta":{"footnotes":""},"class_list":["post-1681","page","type-page","status-publish","hentry","entry"],"_links":{"self":[{"href":"https:\/\/www.flagbeach.com\/de\/wp-json\/wp\/v2\/pages\/1681","targetHints":{"allow":["GET"]}}],"collection":[{"href":"https:\/\/www.flagbeach.com\/de\/wp-json\/wp\/v2\/pages"}],"about":[{"href":"https:\/\/www.flagbeach.com\/de\/wp-json\/wp\/v2\/types\/page"}],"author":[{"embeddable":true,"href":"https:\/\/www.flagbeach.com\/de\/wp-json\/wp\/v2\/users\/1"}],"replies":[{"embeddable":true,"href":"https:\/\/www.flagbeach.com\/de\/wp-json\/wp\/v2\/comments?post=1681"}],"version-history":[{"count":18,"href":"https:\/\/www.flagbeach.com\/de\/wp-json\/wp\/v2\/pages\/1681\/revisions"}],"predecessor-version":[{"id":13880,"href":"https:\/\/www.flagbeach.com\/de\/wp-json\/wp\/v2\/pages\/1681\/revisions\/13880"}],"up":[{"embeddable":true,"href":"https:\/\/www.flagbeach.com\/de\/wp-json\/wp\/v2\/pages\/1677"}],"wp:attachment":[{"href":"https:\/\/www.flagbeach.com\/de\/wp-json\/wp\/v2\/media?parent=1681"}],"curies":[{"name":"wp","href":"https:\/\/api.w.org\/{rel}","templated":true}]}}