{"id":1677,"date":"2021-03-21T16:05:38","date_gmt":"2021-03-21T16:05:38","guid":{"rendered":"https:\/\/flagbeach.com\/sup\/"},"modified":"2026-01-29T09:19:19","modified_gmt":"2026-01-29T09:19:19","slug":"sup","status":"publish","type":"page","link":"https:\/\/www.flagbeach.com\/de\/sup\/","title":{"rendered":"SUP"},"content":{"rendered":"\n<div class=\"wp-block-cover alignfull has-background-dim-100 has-background-dim has-background-gradient has-custom-content-position is-position-top-left\" style=\"min-height:30vw;aspect-ratio:unset;\"><span aria-hidden=\"true\" class=\"wp-block-cover__gradient-background\" style=\"background:linear-gradient(180deg,rgb(20,62,94) 0%,rgba(255,255,255,0) 48%,rgba(20,61,93,0) 67%,rgb(20,62,94) 100%)\"><\/span><img loading=\"lazy\" decoding=\"async\" width=\"1440\" height=\"540\" sizes=\"auto, (max-width: 799px) 200vw, (max-width: 1440px) 100vw, 1440px\" class=\"wp-block-cover__image-background wp-image-914\" alt=\"\" src=\"https:\/\/www.flagbeach.com\/wp-content\/uploads\/2021\/02\/sup-1.jpg\" style=\"object-position:50% 0%\" data-object-fit=\"cover\" data-object-position=\"50% 0%\" srcset=\"https:\/\/www.flagbeach.com\/wp-content\/uploads\/2021\/02\/sup-1.jpg 1440w, https:\/\/www.flagbeach.com\/wp-content\/uploads\/2021\/02\/sup-1-300x113.jpg 300w, https:\/\/www.flagbeach.com\/wp-content\/uploads\/2021\/02\/sup-1-1024x384.jpg 1024w, https:\/\/www.flagbeach.com\/wp-content\/uploads\/2021\/02\/sup-1-768x288.jpg 768w\" \/><div class=\"wp-block-cover__inner-container is-layout-flow wp-block-cover-is-layout-flow\">\n<h1 class=\"has-text-align-left has-subtle-color has-text-color wp-block-heading\"><span class=\"has-inline-color has-white-color\">SUP<\/span><\/h1>\n\n\n\n<p><\/p>\n<\/div><\/div>\n\n<div class=\"wp-block-group alignfull\"><div class=\"wp-block-group__inner-container is-layout-flow wp-block-group-is-layout-flow\">\n<div class=\"wp-block-columns alignwide are-vertically-aligned-center is-style-default tw-gutter-large tw-cols-stack-md is-layout-flex wp-container-core-columns-is-layout-d0b3c9c8 wp-block-columns-is-layout-flex\">\n<div class=\"wp-block-column is-vertically-aligned-center is-layout-flow wp-block-column-is-layout-flow\">\n<h3 class=\"wp-block-heading\">What&#8217;SUP? Stand up Paddleboarding mit Flag Beach<\/h3>\n\n\n\n<p>Wenn du einen Tag Ihres Urlaubs damit verbringen m\u00f6chtest, die Buchten und Lagunen der Nachbarinsel Los Lobos auf Fuerteventura auf einem Paddleboard zu erkunden, bist du hier genau richtig. Unser Stand-Up-Paddle-Board-Kurs ist ideal f\u00fcr weniger windige Tage oder Tage, an denen du einfach nur eine entspannte Zeit verbringen m\u00f6chtest.<\/p>\n<\/div>\n\n\n\n<div class=\"wp-block-column is-vertically-aligned-center is-layout-flow wp-block-column-is-layout-flow\">\n<figure class=\"wp-block-embed is-type-video is-provider-youtube wp-block-embed-youtube wp-embed-aspect-16-9 wp-has-aspect-ratio\"><div class=\"wp-block-embed__wrapper\">\n<iframe loading=\"lazy\" title=\"Flag Beach Water Sports Centre Sup trip\" width=\"750\" height=\"422\" src=\"https:\/\/www.youtube.com\/embed\/RgnJEPtbY48?feature=oembed\" frameborder=\"0\" allow=\"accelerometer; autoplay; clipboard-write; encrypted-media; gyroscope; picture-in-picture\" allowfullscreen><\/iframe>\n<\/div><\/figure>\n<\/div>\n<\/div>\n<\/div><\/div>\n\n<div class=\"wp-block-buttons is-content-justification-center is-layout-flex wp-block-buttons-is-layout-flex\">\n<div class=\"wp-block-button\"><a class=\"wp-block-button__link\" href=\"https:\/\/flagbeach.com\/book-now\/\">Buche jetzt deinen SUP Kurs!<\/a><\/div>\n<\/div>\n\n<div class=\"wp-block-columns alignwide is-layout-flex wp-container-core-columns-is-layout-d0b3c9c8 wp-block-columns-is-layout-flex\">\n<div class=\"wp-block-column is-layout-flow wp-block-column-is-layout-flow\" style=\"--col-width:33.33%;flex-basis:33.33%\">\n<div class=\"wp-block-getwid-video-popup has-image has-animation-zoom-in\"><a class=\"wp-block-getwid-video-popup__link\" href=\"\"><div class=\"wp-block-getwid-video-popup__wrapper\" style=\"min-height:20vh\"><img loading=\"lazy\" decoding=\"async\" width=\"2560\" height=\"1704\" src=\"https:\/\/www.flagbeach.com\/wp-content\/uploads\/2021\/10\/SUP-scaled.jpg\" alt=\"\" class=\"wp-block-getwid-video-popup__image wp-block-getwid-video-popup__source wp-image-2704\" srcset=\"https:\/\/www.flagbeach.com\/wp-content\/uploads\/2021\/10\/SUP-scaled.jpg 2560w, https:\/\/www.flagbeach.com\/wp-content\/uploads\/2021\/10\/SUP-300x200.jpg 300w, https:\/\/www.flagbeach.com\/wp-content\/uploads\/2021\/10\/SUP-1024x681.jpg 1024w, https:\/\/www.flagbeach.com\/wp-content\/uploads\/2021\/10\/SUP-768x511.jpg 768w, https:\/\/www.flagbeach.com\/wp-content\/uploads\/2021\/10\/SUP-1536x1022.jpg 1536w, https:\/\/www.flagbeach.com\/wp-content\/uploads\/2021\/10\/SUP-2048x1363.jpg 2048w, https:\/\/www.flagbeach.com\/wp-content\/uploads\/2021\/10\/SUP-1568x1044.jpg 1568w\" sizes=\"auto, (max-width: 2560px) 100vw, 2560px\" \/><div class=\"wp-block-getwid-video-popup__button is-style-default is-size-small\"><div class=\"wp-block-getwid-video-popup__icon\"><i class=\"fas fa-play\"><\/i><\/div><\/div><\/div><\/a><div class=\"wp-block-getwid-video-popup__caption\"><\/div><\/div>\n\n\n\n<div class=\"wp-block-getwid-video-popup has-image has-animation-zoom-in\"><a class=\"wp-block-getwid-video-popup__link\" href=\"https:\/\/www.youtube.com\/watch?v=pm0TwRgqAuw\"><div class=\"wp-block-getwid-video-popup__wrapper\" style=\"min-height:20vh\"><img loading=\"lazy\" decoding=\"async\" width=\"1063\" height=\"600\" src=\"https:\/\/www.flagbeach.com\/wp-content\/uploads\/2021\/02\/board-racks_1600x600_acf_cropped-edited-4.jpg\" alt=\"\" class=\"wp-block-getwid-video-popup__image wp-block-getwid-video-popup__source wp-image-358\" srcset=\"https:\/\/www.flagbeach.com\/wp-content\/uploads\/2021\/02\/board-racks_1600x600_acf_cropped-edited-4.jpg 1063w, https:\/\/www.flagbeach.com\/wp-content\/uploads\/2021\/02\/board-racks_1600x600_acf_cropped-edited-4-300x169.jpg 300w, https:\/\/www.flagbeach.com\/wp-content\/uploads\/2021\/02\/board-racks_1600x600_acf_cropped-edited-4-1024x578.jpg 1024w, https:\/\/www.flagbeach.com\/wp-content\/uploads\/2021\/02\/board-racks_1600x600_acf_cropped-edited-4-768x433.jpg 768w\" sizes=\"auto, (max-width: 1063px) 100vw, 1063px\" \/><div class=\"wp-block-getwid-video-popup__button is-style-default is-size-small\"><div class=\"wp-block-getwid-video-popup__icon\"><i class=\"fas fa-play\"><\/i><\/div><\/div><\/div><\/a><div class=\"wp-block-getwid-video-popup__caption\"><\/div><\/div>\n<\/div>\n\n\n\n<div class=\"wp-block-column is-layout-flow wp-block-column-is-layout-flow\" style=\"--col-width:66.66%;flex-basis:66.66%\">\n<div class=\"wp-block-getwid-video-popup has-image has-animation-zoom-in\"><a class=\"wp-block-getwid-video-popup__link\" href=\"https:\/\/www.youtube.com\/watch?v=pm0TwRgqAuw\"><div class=\"wp-block-getwid-video-popup__wrapper\" style=\"min-height:48.4vh\"><img loading=\"lazy\" decoding=\"async\" width=\"2560\" height=\"1704\" src=\"https:\/\/www.flagbeach.com\/wp-content\/uploads\/2021\/10\/SUP-1-scaled.jpg\" alt=\"\" class=\"wp-block-getwid-video-popup__image wp-block-getwid-video-popup__source wp-image-2701\" srcset=\"https:\/\/www.flagbeach.com\/wp-content\/uploads\/2021\/10\/SUP-1-scaled.jpg 2560w, https:\/\/www.flagbeach.com\/wp-content\/uploads\/2021\/10\/SUP-1-300x200.jpg 300w, https:\/\/www.flagbeach.com\/wp-content\/uploads\/2021\/10\/SUP-1-1024x681.jpg 1024w, https:\/\/www.flagbeach.com\/wp-content\/uploads\/2021\/10\/SUP-1-768x511.jpg 768w, https:\/\/www.flagbeach.com\/wp-content\/uploads\/2021\/10\/SUP-1-1536x1022.jpg 1536w, https:\/\/www.flagbeach.com\/wp-content\/uploads\/2021\/10\/SUP-1-2048x1363.jpg 2048w, https:\/\/www.flagbeach.com\/wp-content\/uploads\/2021\/10\/SUP-1-1568x1044.jpg 1568w\" sizes=\"auto, (max-width: 2560px) 100vw, 2560px\" \/><div class=\"wp-block-getwid-video-popup__button is-style-default is-size-small\"><div class=\"wp-block-getwid-video-popup__icon\"><i class=\"fas fa-play\"><\/i><\/div><\/div><\/div><\/a><div class=\"wp-block-getwid-video-popup__caption\"><\/div><\/div>\n<\/div>\n<\/div>\n\n<div class=\"wp-block-group alignfull\"><div class=\"wp-block-group__inner-container is-layout-flow wp-block-group-is-layout-flow\">\n<p>Wir haben Kurse und Ausr\u00fcstung hier bei Flag Beach passend f\u00fcr jeden. Wir bieten alle Schwierigkeitsgrade und Erfahrungen. Sie k\u00f6nnen die Kursdauer w\u00e4hlen, die Ihren Urlaubspl\u00e4nen entspricht.<\/p>\n\n\n\n<div class=\"wp-block-columns alignwide tw-cols-stack-md is-layout-flex wp-container-core-columns-is-layout-d0b3c9c8 wp-block-columns-is-layout-flex\">\n<div class=\"wp-block-column is-layout-flow wp-block-column-is-layout-flow\">\n<h3 class=\"wp-block-heading\">SUP Kurse<\/h3>\n\n\n\n<figure class=\"wp-block-image size-large\"><img loading=\"lazy\" decoding=\"async\" width=\"1024\" height=\"384\" src=\"https:\/\/www.flagbeach.com\/wp-content\/uploads\/2021\/02\/sup-3-1024x384.jpg\" alt=\"Stand up Paddleboarding bei Flag Beach\" class=\"wp-image-920\" srcset=\"https:\/\/www.flagbeach.com\/wp-content\/uploads\/2021\/02\/sup-3-1024x384.jpg 1024w, https:\/\/www.flagbeach.com\/wp-content\/uploads\/2021\/02\/sup-3-300x113.jpg 300w, https:\/\/www.flagbeach.com\/wp-content\/uploads\/2021\/02\/sup-3-768x288.jpg 768w, https:\/\/www.flagbeach.com\/wp-content\/uploads\/2021\/02\/sup-3.jpg 1440w\" sizes=\"auto, (max-width: 1024px) 100vw, 1024px\" \/><\/figure>\n\n\n\n<p>Unser SUP-Kurs\/Ausflug dauert ca. 3 Stunden und beginnt morgens mit einer Bootsfahrt zur Insel Lobos auf einem unserer Schlauchboote. Die maximale Gruppengr\u00f6\u00dfe betr\u00e4gt 6 Personen pro Lehrer. Es ist ein entspannter und unterhaltsamer Tag mit Schnorcheln und Schwimmen in der gesch\u00fctzten Lagune von Lobos.  <\/p>\n\n\n\n<p><\/p>\n\n\n\n<div class=\"wp-block-buttons is-content-justification-center is-layout-flex wp-block-buttons-is-layout-flex\">\n<div class=\"wp-block-button is-style-fill\"><a class=\"wp-block-button__link\" href=\"https:\/\/flagbeach.com\/sup\/sup-courses\/\">SUP-Kurse ansehen<\/a><\/div>\n<\/div>\n<\/div>\n\n\n\n<div class=\"wp-block-column is-layout-flow wp-block-column-is-layout-flow\">\n<h3 class=\"wp-block-heading\">SUP<br\/>Ausleihen<\/h3>\n\n\n\n<figure class=\"wp-block-image size-large\"><img loading=\"lazy\" decoding=\"async\" width=\"1024\" height=\"384\" src=\"https:\/\/www.flagbeach.com\/wp-content\/uploads\/2021\/02\/sup-5-1024x384.jpg\" alt=\"Stand up Paddleboarding bei Flag Beach\" class=\"wp-image-926\" srcset=\"https:\/\/www.flagbeach.com\/wp-content\/uploads\/2021\/02\/sup-5-1024x384.jpg 1024w, https:\/\/www.flagbeach.com\/wp-content\/uploads\/2021\/02\/sup-5-300x113.jpg 300w, https:\/\/www.flagbeach.com\/wp-content\/uploads\/2021\/02\/sup-5-768x288.jpg 768w, https:\/\/www.flagbeach.com\/wp-content\/uploads\/2021\/02\/sup-5.jpg 1440w\" sizes=\"auto, (max-width: 1024px) 100vw, 1024px\" \/><\/figure>\n\n\n\n<p>F\u00fcr intermediate bis fortgeschrittene SUPler, die alleine unterwegs sein m\u00f6chten, haben wir die beste SUP-Ausr\u00fcstung zum Mieten und eine exklusive Lage am Strand. St\u00f6ber in unseren Ausr\u00fcstungsmarken und w\u00e4hle dein Board, Segel oder Kite aus. Du kannst deine eigene Ausr\u00fcstung auch bei uns am Strand lagern.<\/p>\n\n\n\n<p><\/p>\n\n\n\n<div class=\"wp-block-buttons is-content-justification-center is-layout-flex wp-block-buttons-is-layout-flex\">\n<div class=\"wp-block-button\"><a class=\"wp-block-button__link\" href=\"https:\/\/flagbeach.com\/sup\/sup-rental\/\">SUP Verleih ansehen<\/a><\/div>\n<\/div>\n<\/div>\n<\/div>\n<\/div><\/div>\n\n<div class=\"wp-block-cover alignfull\" style=\"min-height:30vw;aspect-ratio:unset;\"><img loading=\"lazy\" decoding=\"async\" width=\"1440\" height=\"540\" sizes=\"auto, (max-width: 799px) 200vw, (max-width: 1440px) 100vw, 1440px\" class=\"wp-block-cover__image-background wp-image-917\" alt=\"\" src=\"https:\/\/www.flagbeach.com\/wp-content\/uploads\/2021\/02\/sup-2.jpg\" data-object-fit=\"cover\" srcset=\"https:\/\/www.flagbeach.com\/wp-content\/uploads\/2021\/02\/sup-2.jpg 1440w, https:\/\/www.flagbeach.com\/wp-content\/uploads\/2021\/02\/sup-2-300x113.jpg 300w, https:\/\/www.flagbeach.com\/wp-content\/uploads\/2021\/02\/sup-2-1024x384.jpg 1024w, https:\/\/www.flagbeach.com\/wp-content\/uploads\/2021\/02\/sup-2-768x288.jpg 768w\" \/><div class=\"wp-block-cover__inner-container is-layout-flow wp-block-cover-is-layout-flow\">\n<p class=\"has-text-align-center has-large-font-size\"><\/p>\n<\/div><\/div>\n","protected":false},"excerpt":{"rendered":"<p>What&#8217;SUP? Stand up Paddleboarding mit Flag Beach Wenn du einen Tag Ihres Urlaubs damit verbringen m\u00f6chtest, die Buchten und Lagunen der Nachbarinsel Los Lobos auf Fuerteventura auf einem Paddleboard zu erkunden, bist du hier genau richtig. Unser Stand-Up-Paddle-Board-Kurs ist ideal f\u00fcr weniger windige Tage oder Tage, an denen du einfach nur eine entspannte Zeit verbringen&hellip; <a class=\"more-link\" href=\"https:\/\/www.flagbeach.com\/de\/sup\/\"><span class=\"screen-reader-text\">SUP<\/span> weiterlesen<\/a><\/p>\n","protected":false},"author":1,"featured_media":0,"parent":0,"menu_order":0,"comment_status":"closed","ping_status":"closed","template":"tw-header-transparent.php","meta":{"footnotes":""},"class_list":["post-1677","page","type-page","status-publish","hentry","entry"],"_links":{"self":[{"href":"https:\/\/www.flagbeach.com\/de\/wp-json\/wp\/v2\/pages\/1677","targetHints":{"allow":["GET"]}}],"collection":[{"href":"https:\/\/www.flagbeach.com\/de\/wp-json\/wp\/v2\/pages"}],"about":[{"href":"https:\/\/www.flagbeach.com\/de\/wp-json\/wp\/v2\/types\/page"}],"author":[{"embeddable":true,"href":"https:\/\/www.flagbeach.com\/de\/wp-json\/wp\/v2\/users\/1"}],"replies":[{"embeddable":true,"href":"https:\/\/www.flagbeach.com\/de\/wp-json\/wp\/v2\/comments?post=1677"}],"version-history":[{"count":17,"href":"https:\/\/www.flagbeach.com\/de\/wp-json\/wp\/v2\/pages\/1677\/revisions"}],"predecessor-version":[{"id":13876,"href":"https:\/\/www.flagbeach.com\/de\/wp-json\/wp\/v2\/pages\/1677\/revisions\/13876"}],"wp:attachment":[{"href":"https:\/\/www.flagbeach.com\/de\/wp-json\/wp\/v2\/media?parent=1677"}],"curies":[{"name":"wp","href":"https:\/\/api.w.org\/{rel}","templated":true}]}}