{"id":1673,"date":"2021-03-21T15:36:48","date_gmt":"2021-03-21T15:36:48","guid":{"rendered":"https:\/\/flagbeach.com\/kitesurfen\/kitesurf-vermietung\/"},"modified":"2026-01-26T17:20:54","modified_gmt":"2026-01-26T17:20:54","slug":"kitesurf-vermietung","status":"publish","type":"page","link":"https:\/\/www.flagbeach.com\/de\/kitesurfen\/kitesurf-vermietung\/","title":{"rendered":"Kitesurf Verleih"},"content":{"rendered":"\n<div class=\"wp-block-cover alignfull has-custom-content-position is-position-top-left is-light\" style=\"min-height:30vw;aspect-ratio:unset;\"><img loading=\"lazy\" decoding=\"async\" width=\"1600\" height=\"600\" sizes=\"auto, (max-width: 799px) 200vw, (max-width: 1600px) 100vw, 1600px\" class=\"wp-block-cover__image-background wp-image-52\" alt=\"\" src=\"https:\/\/www.flagbeach.com\/wp-content\/uploads\/2021\/02\/kite-surfing-reworked-1600x600-1.jpg\" style=\"object-position:50% 0%\" data-object-fit=\"cover\" data-object-position=\"50% 0%\" srcset=\"https:\/\/www.flagbeach.com\/wp-content\/uploads\/2021\/02\/kite-surfing-reworked-1600x600-1.jpg 1600w, https:\/\/www.flagbeach.com\/wp-content\/uploads\/2021\/02\/kite-surfing-reworked-1600x600-1-300x113.jpg 300w, https:\/\/www.flagbeach.com\/wp-content\/uploads\/2021\/02\/kite-surfing-reworked-1600x600-1-1024x384.jpg 1024w, https:\/\/www.flagbeach.com\/wp-content\/uploads\/2021\/02\/kite-surfing-reworked-1600x600-1-768x288.jpg 768w, https:\/\/www.flagbeach.com\/wp-content\/uploads\/2021\/02\/kite-surfing-reworked-1600x600-1-1536x576.jpg 1536w, https:\/\/www.flagbeach.com\/wp-content\/uploads\/2021\/02\/kite-surfing-reworked-1600x600-1-1568x588.jpg 1568w\" \/><span aria-hidden=\"true\" class=\"wp-block-cover__background has-background-dim-100 has-background-dim wp-block-cover__gradient-background has-background-gradient\" style=\"background:linear-gradient(180deg,rgb(20,62,94) 0%,rgba(255,255,255,0) 48%,rgba(20,61,93,0) 67%,rgb(20,62,94) 100%)\"><\/span><div class=\"wp-block-cover__inner-container is-layout-flow wp-block-cover-is-layout-flow\">\n<h1 class=\"wp-block-heading has-text-align-left has-subtle-color has-text-color\">Kitesurf Verleih<\/h1>\n\n\n\n<p><\/p>\n<\/div><\/div>\n\n<div class=\"wp-block-group alignfull\"><div class=\"wp-block-group__inner-container is-layout-flow wp-block-group-is-layout-flow\">\n<h2 class=\"wp-block-heading\">Miete deine Wassersportausr\u00fcstung bei uns.<\/h2>\n\n\n\n<p>F\u00fcr fortgeschrittene Kiter, die alleine unterwegs sein m\u00f6chten, haben wir die beste Kitesurfausr\u00fcstung zum Mieten und eine exklusive Lage am Strand. St\u00f6bere in unseren Ausr\u00fcstungsmarken und w\u00e4hle dein bevorzugtes Board oder deinen bevorzugten Kite aus.<\/p>\n\n\n\n<div class=\"wp-block-buttons is-horizontal is-content-justification-center is-layout-flex wp-container-core-buttons-is-layout-03627597 wp-block-buttons-is-layout-flex\">\n<div class=\"wp-block-button\"><a class=\"wp-block-button__link wp-element-button\" href=\"https:\/\/flagbeach.com\/book-now\/\">Buche jetzt deinen Kite Urlaub!<\/a><\/div>\n<\/div>\n\n\n\n<h2 class=\"wp-block-heading alignwide has-text-align-center\">Kitesurf Mietpreise<\/h2>\n\n\n\n<figure class=\"wp-block-table\"><table><thead><tr><th>Tage<\/th><th><strong>Nur Board<\/strong><\/th><th><strong>Vollst\u00e4ndiges Setup<\/strong><\/th><th><strong>Nur Kite<\/strong><\/th><th><strong>Trapez<\/strong><\/th><\/tr><\/thead><tbody><tr><td>1\/2<\/td><td>35 <sup>\u20ac<\/sup><\/td><td>70 <sup>\u20ac<\/sup><\/td><td>40 <sup>\u20ac<\/sup><\/td><td>5 <sup>\u20ac<\/sup><\/td><\/tr><tr><td>1<\/td><td>40 <sup>\u20ac<\/sup><\/td><td>80 <sup>\u20ac<\/sup><\/td><td>45 <sup>\u20ac<\/sup><\/td><td>5 <sup>\u20ac<\/sup><\/td><\/tr><tr><td>2<\/td><td>80 <sup>\u20ac<\/sup><\/td><td>140 <sup>\u20ac<\/sup><\/td><td>90 <sup>\u20ac<\/sup><\/td><td>10 <sup>\u20ac<\/sup><\/td><\/tr><tr><td>3<\/td><td>120 <sup>\u20ac<\/sup><\/td><td>190 <sup>\u20ac<\/sup><\/td><td>120 <sup>\u20ac<\/sup><\/td><td>15 <sup>\u20ac<\/sup><\/td><\/tr><tr><td>4<\/td><td>150<sup>\u20ac<\/sup><\/td><td>270 <sup>\u20ac<\/sup><\/td><td>150 <sup>\u20ac<\/sup><\/td><td>20 <sup>\u20ac<\/sup><\/td><\/tr><tr><td>5<\/td><td>150 <sup>\u20ac<\/sup><\/td><td>270 <sup>\u20ac<\/sup><\/td><td>150 <sup>\u20ac<\/sup><\/td><td>20 <sup>\u20ac<\/sup><\/td><\/tr><tr><td>6<\/td><td>160 <sup>\u20ac<\/sup><\/td><td>290 <sup>\u20ac<\/sup><\/td><td>160 <sup>\u20ac<\/sup><\/td><td>25 <sup>\u20ac<\/sup><\/td><\/tr><tr><td>7<\/td><td>160 <sup>\u20ac<\/sup><\/td><td>290 <sup>\u20ac<\/sup><\/td><td>160 <sup>\u20ac<\/sup><\/td><td>25 <sup>\u20ac<\/sup><\/td><\/tr><tr><td>8<\/td><td>180 <sup>\u20ac<\/sup><\/td><td>300 <sup>\u20ac<\/sup><\/td><td>180 <sup>\u20ac<\/sup><\/td><td>25 <sup>\u20ac<\/sup><\/td><\/tr><tr><td>9<\/td><td>200 <sup>\u20ac<\/sup><\/td><td>330 <sup>\u20ac<\/sup><\/td><td>200 <sup>\u20ac<\/sup><\/td><td>25 <sup>\u20ac<\/sup><\/td><\/tr><tr><td>10<\/td><td>210<sup>\u20ac<\/sup><\/td><td>360 <sup>\u20ac<\/sup><\/td><td>210<sup>\u20ac<\/sup><\/td><td>25 <sup>\u20ac<\/sup><\/td><\/tr><tr><td>11<\/td><td>220 <sup>\u20ac<\/sup><\/td><td>390 <sup>\u20ac<\/sup><\/td><td>220 <sup>\u20ac<\/sup><\/td><td>35 <sup>\u20ac<\/sup><\/td><\/tr><tr><td>12<\/td><td>230 <sup>\u20ac<\/sup><\/td><td>420 <sup>\u20ac<\/sup><\/td><td>230 <sup>\u20ac<\/sup><\/td><td>35 <sup>\u20ac<\/sup><\/td><\/tr><tr><td>13<\/td><td>240 <sup>\u20ac<\/sup><\/td><td>440 <sup>\u20ac<\/sup><\/td><td>240 <sup>\u20ac<\/sup><\/td><td>35 <sup>\u20ac<\/sup><\/td><\/tr><tr><td>14<\/td><td>250 <sup>\u20ac<\/sup><\/td><td>440 <sup>\u20ac<\/sup><\/td><td>250 <sup>\u20ac<\/sup><\/td><td>35 <sup>\u20ac<\/sup><\/td><\/tr><tr><td>15<\/td><td>260 <sup>\u20ac<\/sup><\/td><td>460 <sup>\u20ac<\/sup><\/td><td>260 <sup>\u20ac<\/sup><\/td><td>40 <sup>\u20ac<\/sup><\/td><\/tr><tr><td>16<\/td><td>270 <sup>\u20ac<\/sup><\/td><td>470 <sup>\u20ac<\/sup><\/td><td>270 <sup>\u20ac<\/sup><\/td><td>40 <sup>\u20ac<\/sup><\/td><\/tr><tr><td>17<\/td><td>280 <sup>\u20ac<\/sup><\/td><td>480 <sup>\u20ac<\/sup><\/td><td>280 <sup>\u20ac<\/sup><\/td><td>40 <sup>\u20ac<\/sup><\/td><\/tr><tr><td>18<\/td><td>290 <sup>\u20ac<\/sup><\/td><td>490 <sup>\u20ac<\/sup><\/td><td>290 <sup>\u20ac<\/sup><\/td><td>40 <sup>\u20ac<\/sup><\/td><\/tr><tr><td>19<\/td><td>300 <sup>\u20ac<\/sup><\/td><td>500 <sup>\u20ac<\/sup><\/td><td>300 <sup>\u20ac<\/sup><\/td><td>40 <sup>\u20ac<\/sup><\/td><\/tr><tr><td>20<\/td><td>310 <sup>\u20ac<\/sup><\/td><td>520 <sup>\u20ac<\/sup><\/td><td>310 <sup>\u20ac<\/sup><\/td><td>40 <sup>\u20ac<\/sup><\/td><\/tr><tr><td>21<\/td><td>320 <sup>\u20ac<\/sup><\/td><td>520 <sup>\u20ac<\/sup><\/td><td>320 <sup>\u20ac<\/sup><\/td><td>40 <sup>\u20ac<\/sup><\/td><\/tr><\/tbody><\/table><\/figure>\n<\/div><\/div>\n\n<h2 class=\"wp-block-heading alignwide\">Kitesurfen<\/h2>\n\n<div class=\"wp-block-group alignfull\"><div class=\"wp-block-group__inner-container is-layout-flow wp-block-group-is-layout-flow\">\n<div class=\"wp-block-columns alignwide tw-gutter-large is-layout-flex wp-container-core-columns-is-layout-d0b3c9c8 wp-block-columns-is-layout-flex\">\n<div class=\"wp-block-column is-layout-flow wp-block-column-is-layout-flow\">\n<h3 class=\"wp-block-heading alignwide\">Kites<\/h3>\n\n\n\n<h4 class=\"wp-block-heading\">Juice Kite<\/h4>\n\n\n\n<div class=\"wp-block-columns is-layout-flex wp-container-core-columns-is-layout-d0b3c9c8 wp-block-columns-is-layout-flex\">\n<div class=\"wp-block-column is-layout-flow wp-block-column-is-layout-flow\">\n<figure class=\"wp-block-image size-large\"><img loading=\"lazy\" decoding=\"async\" width=\"1024\" height=\"1024\" src=\"https:\/\/www.flagbeach.com\/wp-content\/uploads\/2021\/03\/Juice21_CC3-1024x1024.webp\" alt=\"Juice kite\" class=\"wp-image-1593\" title=\"Juice kite\" srcset=\"https:\/\/www.flagbeach.com\/wp-content\/uploads\/2021\/03\/Juice21_CC3-1024x1024.webp 1024w, https:\/\/www.flagbeach.com\/wp-content\/uploads\/2021\/03\/Juice21_CC3-300x300.webp 300w, https:\/\/www.flagbeach.com\/wp-content\/uploads\/2021\/03\/Juice21_CC3-150x150.webp 150w, https:\/\/www.flagbeach.com\/wp-content\/uploads\/2021\/03\/Juice21_CC3-768x768.webp 768w, https:\/\/www.flagbeach.com\/wp-content\/uploads\/2021\/03\/Juice21_CC3-1536x1536.webp 1536w, https:\/\/www.flagbeach.com\/wp-content\/uploads\/2021\/03\/Juice21_CC3-1568x1568.webp 1568w, https:\/\/www.flagbeach.com\/wp-content\/uploads\/2021\/03\/Juice21_CC3.webp 1600w\" sizes=\"auto, (max-width: 1024px) 100vw, 1024px\" \/><\/figure>\n<\/div>\n\n\n\n<div class=\"wp-block-column is-layout-flow wp-block-column-is-layout-flow\">\n<p>Der Juice ist eine Freeride-Maschine f\u00fcr Kiter, die am Strand nicht entt\u00e4uscht werden m\u00f6chten.<\/p>\n<\/div>\n<\/div>\n\n\n\n<h4 class=\"wp-block-heading\">Neo Kite<\/h4>\n\n\n\n<div class=\"wp-block-columns is-layout-flex wp-container-core-columns-is-layout-d0b3c9c8 wp-block-columns-is-layout-flex\">\n<div class=\"wp-block-column is-layout-flow wp-block-column-is-layout-flow\">\n<figure class=\"wp-block-image size-large\"><img loading=\"lazy\" decoding=\"async\" width=\"1024\" height=\"1024\" src=\"https:\/\/www.flagbeach.com\/wp-content\/uploads\/2021\/03\/NEO20_-_CC5_--1024x1024.webp\" alt=\"Neo kite\" class=\"wp-image-1606\" title=\"Neo kite\" srcset=\"https:\/\/www.flagbeach.com\/wp-content\/uploads\/2021\/03\/NEO20_-_CC5_--1024x1024.webp 1024w, https:\/\/www.flagbeach.com\/wp-content\/uploads\/2021\/03\/NEO20_-_CC5_--300x300.webp 300w, https:\/\/www.flagbeach.com\/wp-content\/uploads\/2021\/03\/NEO20_-_CC5_--150x150.webp 150w, https:\/\/www.flagbeach.com\/wp-content\/uploads\/2021\/03\/NEO20_-_CC5_--768x768.webp 768w, https:\/\/www.flagbeach.com\/wp-content\/uploads\/2021\/03\/NEO20_-_CC5_--1536x1536.webp 1536w, https:\/\/www.flagbeach.com\/wp-content\/uploads\/2021\/03\/NEO20_-_CC5_--1568x1568.webp 1568w, https:\/\/www.flagbeach.com\/wp-content\/uploads\/2021\/03\/NEO20_-_CC5_-.webp 1600w\" sizes=\"auto, (max-width: 1024px) 100vw, 1024px\" \/><\/figure>\n<\/div>\n\n\n\n<div class=\"wp-block-column is-layout-flow wp-block-column-is-layout-flow\">\n<p>Der NEO ist die ultimative Wellenreitwaffe f\u00fcr alle Rider, die gerne auf Surfboards unterwegs sind, und bietet dar\u00fcber hinaus hervorragende Freeride-Eigenschaften.<\/p>\n<\/div>\n<\/div>\n<\/div>\n\n\n\n<div class=\"wp-block-column is-layout-flow wp-block-column-is-layout-flow\">\n<h3 class=\"wp-block-heading\">Boards<\/h3>\n\n\n\n<h4 class=\"wp-block-heading\">W\u00e4hle ein Board<\/h4>\n\n\n\n<div class=\"wp-block-columns is-layout-flex wp-container-core-columns-is-layout-d0b3c9c8 wp-block-columns-is-layout-flex\">\n<div class=\"wp-block-column is-layout-flow wp-block-column-is-layout-flow\">\n<figure class=\"wp-block-image size-large\"><img loading=\"lazy\" decoding=\"async\" width=\"1024\" height=\"1024\" src=\"https:\/\/www.flagbeach.com\/wp-content\/uploads\/2021\/03\/SELECT_21-1024x1024.webp\" alt=\"W&#xE4;hle ein Board\" class=\"wp-image-1597\" title=\"W&#xE4;hle ein Board\" srcset=\"https:\/\/www.flagbeach.com\/wp-content\/uploads\/2021\/03\/SELECT_21-1024x1024.webp 1024w, https:\/\/www.flagbeach.com\/wp-content\/uploads\/2021\/03\/SELECT_21-300x300.webp 300w, https:\/\/www.flagbeach.com\/wp-content\/uploads\/2021\/03\/SELECT_21-150x150.webp 150w, https:\/\/www.flagbeach.com\/wp-content\/uploads\/2021\/03\/SELECT_21-768x768.webp 768w, https:\/\/www.flagbeach.com\/wp-content\/uploads\/2021\/03\/SELECT_21-1536x1536.webp 1536w, https:\/\/www.flagbeach.com\/wp-content\/uploads\/2021\/03\/SELECT_21-1568x1568.webp 1568w, https:\/\/www.flagbeach.com\/wp-content\/uploads\/2021\/03\/SELECT_21.webp 1600w\" sizes=\"auto, (max-width: 1024px) 100vw, 1024px\" \/><\/figure>\n<\/div>\n\n\n\n<div class=\"wp-block-column is-layout-flow wp-block-column-is-layout-flow\">\n<p>Eine Freeride-Maschine, die schnell, reaktionsschnell und berauschend zu fahren ist, mit perfekter Form und Wendigkeit.<\/p>\n<\/div>\n<\/div>\n\n\n\n<h4 class=\"wp-block-heading\">Gonzales Kiteboard<\/h4>\n\n\n\n<div class=\"wp-block-columns is-layout-flex wp-container-core-columns-is-layout-d0b3c9c8 wp-block-columns-is-layout-flex\">\n<div class=\"wp-block-column is-layout-flow wp-block-column-is-layout-flow\">\n<figure class=\"wp-block-image size-large\"><img loading=\"lazy\" decoding=\"async\" width=\"1024\" height=\"1024\" src=\"https:\/\/www.flagbeach.com\/wp-content\/uploads\/2021\/03\/Gonzales_21-1024x1024.webp\" alt=\"Gonzales kiteboard\" class=\"wp-image-1600\" title=\"Gonzales kiteboard\" srcset=\"https:\/\/www.flagbeach.com\/wp-content\/uploads\/2021\/03\/Gonzales_21-1024x1024.webp 1024w, https:\/\/www.flagbeach.com\/wp-content\/uploads\/2021\/03\/Gonzales_21-300x300.webp 300w, https:\/\/www.flagbeach.com\/wp-content\/uploads\/2021\/03\/Gonzales_21-150x150.webp 150w, https:\/\/www.flagbeach.com\/wp-content\/uploads\/2021\/03\/Gonzales_21-768x768.webp 768w, https:\/\/www.flagbeach.com\/wp-content\/uploads\/2021\/03\/Gonzales_21-1536x1536.webp 1536w, https:\/\/www.flagbeach.com\/wp-content\/uploads\/2021\/03\/Gonzales_21-1568x1568.webp 1568w, https:\/\/www.flagbeach.com\/wp-content\/uploads\/2021\/03\/Gonzales_21.webp 1600w\" sizes=\"auto, (max-width: 1024px) 100vw, 1024px\" \/><\/figure>\n<\/div>\n\n\n\n<div class=\"wp-block-column is-layout-flow wp-block-column-is-layout-flow\">\n<p>Das Gonzales ist ein Einsteiger-Kiteboard mit dem gewissen Etwas: Es l\u00e4sst sich auch f\u00fcr Fortgeschrittene nutzen und eignet sich hervorragend als Freeride-Board.<\/p>\n<\/div>\n<\/div>\n\n\n\n<h4 class=\"wp-block-heading\">Wam Kiteboard<\/h4>\n\n\n\n<div class=\"wp-block-columns is-layout-flex wp-container-core-columns-is-layout-d0b3c9c8 wp-block-columns-is-layout-flex\">\n<div class=\"wp-block-column is-layout-flow wp-block-column-is-layout-flow\">\n<figure class=\"wp-block-image size-large is-style-default\"><img loading=\"lazy\" decoding=\"async\" width=\"1024\" height=\"1024\" src=\"https:\/\/www.flagbeach.com\/wp-content\/uploads\/2021\/03\/44200-3405_Wam-1024x1024.webp\" alt=\"Wam Kiteboard\" class=\"wp-image-1603\" title=\"Wam Kiteboard\" srcset=\"https:\/\/www.flagbeach.com\/wp-content\/uploads\/2021\/03\/44200-3405_Wam-1024x1024.webp 1024w, https:\/\/www.flagbeach.com\/wp-content\/uploads\/2021\/03\/44200-3405_Wam-300x300.webp 300w, https:\/\/www.flagbeach.com\/wp-content\/uploads\/2021\/03\/44200-3405_Wam-150x150.webp 150w, https:\/\/www.flagbeach.com\/wp-content\/uploads\/2021\/03\/44200-3405_Wam-768x768.webp 768w, https:\/\/www.flagbeach.com\/wp-content\/uploads\/2021\/03\/44200-3405_Wam-1536x1536.webp 1536w, https:\/\/www.flagbeach.com\/wp-content\/uploads\/2021\/03\/44200-3405_Wam-1568x1568.webp 1568w, https:\/\/www.flagbeach.com\/wp-content\/uploads\/2021\/03\/44200-3405_Wam.webp 1600w\" sizes=\"auto, (max-width: 1024px) 100vw, 1024px\" \/><\/figure>\n<\/div>\n\n\n\n<div class=\"wp-block-column is-layout-flow wp-block-column-is-layout-flow\">\n<p>Dieses klassische Hochleistungsboard ist ein Allround-Surfboard, eine traditionelle Form mit einem modernen Touch und hervorragend f\u00fcr jede Art von Wellen.<\/p>\n<\/div>\n<\/div>\n<\/div>\n<\/div>\n<\/div><\/div>\n\n<p><\/p>\n\n<p><\/p>\n\n<div class=\"wp-block-columns alignwide is-layout-flex wp-container-core-columns-is-layout-d0b3c9c8 wp-block-columns-is-layout-flex\">\n<div class=\"wp-block-column is-layout-flow wp-block-column-is-layout-flow\">\n<div class=\"wp-block-group\"><div class=\"wp-block-group__inner-container is-layout-flow wp-block-group-is-layout-flow\">\n<h3 class=\"wp-block-heading\">Kitesurfing <span style=\"color:#fdbe07\" class=\"has-inline-color\">Kurse<\/span> auf Fuerteventura<\/h3>\n\n\n\n<figure class=\"wp-block-image size-large\"><img loading=\"lazy\" decoding=\"async\" width=\"1024\" height=\"819\" src=\"https:\/\/www.flagbeach.com\/wp-content\/uploads\/2023\/03\/DSC01625-1024x819.jpg\" alt=\"\" class=\"wp-image-5464\" srcset=\"https:\/\/www.flagbeach.com\/wp-content\/uploads\/2023\/03\/DSC01625-1024x819.jpg 1024w, https:\/\/www.flagbeach.com\/wp-content\/uploads\/2023\/03\/DSC01625-300x240.jpg 300w, https:\/\/www.flagbeach.com\/wp-content\/uploads\/2023\/03\/DSC01625-768x614.jpg 768w, https:\/\/www.flagbeach.com\/wp-content\/uploads\/2023\/03\/DSC01625-1536x1229.jpg 1536w, https:\/\/www.flagbeach.com\/wp-content\/uploads\/2023\/03\/DSC01625-2048x1638.jpg 2048w, https:\/\/www.flagbeach.com\/wp-content\/uploads\/2023\/03\/DSC01625-1568x1254.jpg 1568w\" sizes=\"auto, (max-width: 1024px) 100vw, 1024px\" \/><\/figure>\n\n\n\n<p>Wir haben f\u00fcr jeden einen passenden Kitesurfing Kurs hier am Flag Beach. Wir bieten Kurse f\u00fcr alle K\u00f6nnensstufen und Erfahrungen. Ihr k\u00f6nnt die Kursdauer w\u00e4hlen, die zu euren Urlaubspl\u00e4nen passt.<\/p>\n\n\n\n<p><\/p>\n\n\n\n<div class=\"wp-block-buttons is-content-justification-center is-layout-flex wp-container-core-buttons-is-layout-a89b3969 wp-block-buttons-is-layout-flex\">\n<div class=\"wp-block-button is-style-fill\"><a class=\"wp-block-button__link wp-element-button\" href=\"https:\/\/flagbeach.com\/de\/kitesurfen\/kitesurfkurse\/\">Kitesurf Kurse ansehen<\/a><\/div>\n<\/div>\n<\/div><\/div>\n<\/div>\n\n\n\n<div class=\"wp-block-column is-layout-flow wp-block-column-is-layout-flow\">\n<div class=\"wp-block-group\"><div class=\"wp-block-group__inner-container is-layout-flow wp-block-group-is-layout-flow\">\n<h3 class=\"wp-block-heading\">Kitesurfen<br\/><span style=\"color:#fdbe07\" class=\"has-inline-color\">Urlaubspakete<\/span><\/h3>\n\n\n\n<figure class=\"wp-block-image size-large\"><img loading=\"lazy\" decoding=\"async\" width=\"1024\" height=\"384\" src=\"https:\/\/www.flagbeach.com\/wp-content\/uploads\/2021\/02\/kitesurfing-big-5-1024x384.jpg\" alt=\"Kitesurfen am Flag Beach\" class=\"wp-image-1104\" srcset=\"https:\/\/www.flagbeach.com\/wp-content\/uploads\/2021\/02\/kitesurfing-big-5-1024x384.jpg 1024w, https:\/\/www.flagbeach.com\/wp-content\/uploads\/2021\/02\/kitesurfing-big-5-300x113.jpg 300w, https:\/\/www.flagbeach.com\/wp-content\/uploads\/2021\/02\/kitesurfing-big-5-768x288.jpg 768w, https:\/\/www.flagbeach.com\/wp-content\/uploads\/2021\/02\/kitesurfing-big-5.jpg 1440w\" sizes=\"auto, (max-width: 1024px) 100vw, 1024px\" \/><\/figure>\n\n\n\n<p>Unsere Kitesurf-Pakete bieten euch die besten Wassersportkurse und Unterk\u00fcnfte auf Fuerteventura. Wir bringen euch jeden Tag zum Strand und wieder zur\u00fcck, Ausr\u00fcstung und Versicherung sind au\u00dferdem mit inbegriffen. Bucht online, um bis zu 33% zu sparen. Ihr werdet keinen besseren Preis auf der Insel finden. Worauf wartet ihr also noch? Bucht jetzt.<\/p>\n\n\n\n<p><\/p>\n\n\n\n<div class=\"wp-block-buttons aligncenter is-layout-flex wp-block-buttons-is-layout-flex\">\n<div class=\"wp-block-button\"><a class=\"wp-block-button__link\" href=\"https:\/\/flagbeach.com\/de\/kitesurfen\/kitesurf-pakete\/\">Kitesurf Pakete ansehen<\/a><\/div>\n<\/div>\n<\/div><\/div>\n<\/div>\n\n\n\n<div class=\"wp-block-column is-layout-flow wp-block-column-is-layout-flow\">\n<div class=\"wp-block-group\"><div class=\"wp-block-group__inner-container is-layout-flow wp-block-group-is-layout-flow\">\n<h3 class=\"wp-block-heading\">Kitesurfen<br\/><span style=\"color:#fdbe07\" class=\"has-inline-color\">Unterk\u00fcnfte<\/span><\/h3>\n\n\n\n<figure class=\"wp-block-image size-large\"><img decoding=\"async\" src=\"https:\/\/flagbeach.com\/wp-content\/uploads\/2021\/02\/holiday-accommodation-fuerteventura-769x1024.jpg\" alt=\"Kitesurf Ferienunterk&#xFC;nfte\" class=\"wp-image-1412\"\/><\/figure>\n\n\n\n<p>Unsere Urlaubspakete bieten euch  das Beste f\u00fcr euer Geld. Ihr k\u00f6nnt aus einer Reihe von Unterk\u00fcnften w\u00e4hlen: von Luxushotels oder Apartments zur Selbstverpflegung bis hin zu unseren preisg\u00fcnstigen Surf-Hostels. F\u00fcr das komplette Flag Beach Erlebnis bucht noch einen Kitekurs oder Ausr\u00fcstungverleih dazu.<\/p>\n\n\n\n<p><\/p>\n\n\n\n<div class=\"wp-block-buttons aligncenter is-layout-flex wp-block-buttons-is-layout-flex\">\n<div class=\"wp-block-button\"><a class=\"wp-block-button__link\" href=\"https:\/\/flagbeach.com\/de\/unterkuenfte\/\">Urlaubsunterk\u00fcnfte ansehen<\/a><\/div>\n<\/div>\n<\/div><\/div>\n<\/div>\n<\/div>\n\n<hr class=\"wp-block-separator has-css-opacity\"\/>\n\n<div class=\"wp-block-cover alignfull is-light\" style=\"min-height:282px;aspect-ratio:unset;\"><img loading=\"lazy\" decoding=\"async\" width=\"1600\" height=\"700\" sizes=\"auto, (max-width: 799px) 200vw, (max-width: 1600px) 100vw, 1600px\" class=\"wp-block-cover__image-background wp-image-14\" alt=\"\" src=\"https:\/\/www.flagbeach.com\/wp-content\/uploads\/2021\/01\/fb-hero-1600-1.jpg\" style=\"object-position:50% 21%\" data-object-fit=\"cover\" data-object-position=\"50% 21%\" srcset=\"https:\/\/www.flagbeach.com\/wp-content\/uploads\/2021\/01\/fb-hero-1600-1.jpg 1600w, https:\/\/www.flagbeach.com\/wp-content\/uploads\/2021\/01\/fb-hero-1600-1-300x131.jpg 300w, https:\/\/www.flagbeach.com\/wp-content\/uploads\/2021\/01\/fb-hero-1600-1-1024x448.jpg 1024w, https:\/\/www.flagbeach.com\/wp-content\/uploads\/2021\/01\/fb-hero-1600-1-768x336.jpg 768w, https:\/\/www.flagbeach.com\/wp-content\/uploads\/2021\/01\/fb-hero-1600-1-1536x672.jpg 1536w, https:\/\/www.flagbeach.com\/wp-content\/uploads\/2021\/01\/fb-hero-1600-1-1568x686.jpg 1568w\" \/><span aria-hidden=\"true\" class=\"wp-block-cover__background has-background-dim-0 has-background-dim\"><\/span><div class=\"wp-block-cover__inner-container is-layout-flow wp-block-cover-is-layout-flow\">\n<p class=\"has-text-align-center has-large-font-size\"><\/p>\n<\/div><\/div>\n","protected":false},"excerpt":{"rendered":"<p>Miete deine Wassersportausr\u00fcstung bei uns. F\u00fcr fortgeschrittene Kiter, die alleine unterwegs sein m\u00f6chten, haben wir die beste Kitesurfausr\u00fcstung zum Mieten und eine exklusive Lage am Strand. St\u00f6bere in unseren Ausr\u00fcstungsmarken und w\u00e4hle dein bevorzugtes Board oder deinen bevorzugten Kite aus. Kitesurf Mietpreise Tage Nur Board Vollst\u00e4ndiges Setup Nur Kite Trapez 1\/2 35 \u20ac 70 \u20ac&hellip; <a class=\"more-link\" href=\"https:\/\/www.flagbeach.com\/de\/kitesurfen\/kitesurf-vermietung\/\"><span class=\"screen-reader-text\">Kitesurf Verleih<\/span> weiterlesen<\/a><\/p>\n","protected":false},"author":1,"featured_media":0,"parent":281,"menu_order":0,"comment_status":"closed","ping_status":"closed","template":"tw-header-transparent.php","meta":{"footnotes":""},"class_list":["post-1673","page","type-page","status-publish","hentry","entry"],"_links":{"self":[{"href":"https:\/\/www.flagbeach.com\/de\/wp-json\/wp\/v2\/pages\/1673","targetHints":{"allow":["GET"]}}],"collection":[{"href":"https:\/\/www.flagbeach.com\/de\/wp-json\/wp\/v2\/pages"}],"about":[{"href":"https:\/\/www.flagbeach.com\/de\/wp-json\/wp\/v2\/types\/page"}],"author":[{"embeddable":true,"href":"https:\/\/www.flagbeach.com\/de\/wp-json\/wp\/v2\/users\/1"}],"replies":[{"embeddable":true,"href":"https:\/\/www.flagbeach.com\/de\/wp-json\/wp\/v2\/comments?post=1673"}],"version-history":[{"count":37,"href":"https:\/\/www.flagbeach.com\/de\/wp-json\/wp\/v2\/pages\/1673\/revisions"}],"predecessor-version":[{"id":13864,"href":"https:\/\/www.flagbeach.com\/de\/wp-json\/wp\/v2\/pages\/1673\/revisions\/13864"}],"up":[{"embeddable":true,"href":"https:\/\/www.flagbeach.com\/de\/wp-json\/wp\/v2\/pages\/281"}],"wp:attachment":[{"href":"https:\/\/www.flagbeach.com\/de\/wp-json\/wp\/v2\/media?parent=1673"}],"curies":[{"name":"wp","href":"https:\/\/api.w.org\/{rel}","templated":true}]}}