{"id":1664,"date":"2021-03-20T16:10:38","date_gmt":"2021-03-20T16:10:38","guid":{"rendered":"https:\/\/flagbeach.com\/buchen-sie-jetzt\/"},"modified":"2026-01-29T09:02:26","modified_gmt":"2026-01-29T09:02:26","slug":"buchen-sie-jetzt","status":"publish","type":"page","link":"https:\/\/www.flagbeach.com\/de\/buchen-sie-jetzt\/","title":{"rendered":"Buche jetzt!"},"content":{"rendered":"\n<div class=\"wp-block-cover alignfull is-light has-custom-content-position is-position-top-left\" style=\"min-height:30vw;aspect-ratio:unset;\"><img loading=\"lazy\" decoding=\"async\" width=\"1600\" height=\"600\" sizes=\"auto, (max-width: 799px) 200vw, (max-width: 1600px) 100vw, 1600px\" class=\"wp-block-cover__image-background wp-image-193\" src=\"https:\/\/www.flagbeach.com\/wp-content\/uploads\/2021\/02\/sup-header-2.jpg\" style=\"object-position:50% 0%\" data-object-fit=\"cover\" data-object-position=\"50% 0%\" srcset=\"https:\/\/www.flagbeach.com\/wp-content\/uploads\/2021\/02\/sup-header-2.jpg 1600w, https:\/\/www.flagbeach.com\/wp-content\/uploads\/2021\/02\/sup-header-2-300x113.jpg 300w, https:\/\/www.flagbeach.com\/wp-content\/uploads\/2021\/02\/sup-header-2-1024x384.jpg 1024w, https:\/\/www.flagbeach.com\/wp-content\/uploads\/2021\/02\/sup-header-2-768x288.jpg 768w, https:\/\/www.flagbeach.com\/wp-content\/uploads\/2021\/02\/sup-header-2-1536x576.jpg 1536w, https:\/\/www.flagbeach.com\/wp-content\/uploads\/2021\/02\/sup-header-2-1568x588.jpg 1568w\" \/><span aria-hidden=\"true\" class=\"wp-block-cover__background has-background-dim-100 has-background-dim wp-block-cover__gradient-background has-background-gradient\" style=\"background:linear-gradient(180deg,rgb(20,62,94) 0%,rgba(255,255,255,0) 48%,rgba(20,61,93,0) 67%,rgb(20,62,94) 100%)\"><\/span><div class=\"wp-block-cover__inner-container is-layout-flow wp-block-cover-is-layout-flow\">\n<h1 class=\"wp-block-heading has-text-align-left has-subtle-color has-text-color\"><span class=\"has-inline-color has-white-color\">Buche jetzt!<\/span><\/h1>\n\n\n\n<p><\/p>\n<\/div><\/div>\n\n<h2 class=\"wp-block-heading\">Fast geschafft!<\/h2>\n\n<p>F\u00fcge hier hinzu, was du buchen m\u00f6chtest und wir kontaktieren dich bez\u00fcglich deiner Anfrage.<\/p>\n\n<div class=\"forminator-guttenberg\"><form id=\"forminator-module-186\" class=\"forminator-custom-form forminator-custom-form-186\" method=\"post\" data-forminator-render=\"0\" data-uid=\"69e4de8fc6098\"><div role=\"alert\" aria-live=\"polite\" class=\"forminator-response-message forminator-error\" aria-hidden=\"true\"><\/div><\/form><\/div>\n","protected":false},"excerpt":{"rendered":"<p>Fast geschafft! F\u00fcge hier hinzu, was du buchen m\u00f6chtest und wir kontaktieren dich bez\u00fcglich deiner Anfrage.<\/p>\n","protected":false},"author":1,"featured_media":0,"parent":0,"menu_order":0,"comment_status":"closed","ping_status":"closed","template":"tw-header-transparent.php","meta":{"footnotes":""},"class_list":["post-1664","page","type-page","status-publish","hentry","entry"],"_links":{"self":[{"href":"https:\/\/www.flagbeach.com\/de\/wp-json\/wp\/v2\/pages\/1664","targetHints":{"allow":["GET"]}}],"collection":[{"href":"https:\/\/www.flagbeach.com\/de\/wp-json\/wp\/v2\/pages"}],"about":[{"href":"https:\/\/www.flagbeach.com\/de\/wp-json\/wp\/v2\/types\/page"}],"author":[{"embeddable":true,"href":"https:\/\/www.flagbeach.com\/de\/wp-json\/wp\/v2\/users\/1"}],"replies":[{"embeddable":true,"href":"https:\/\/www.flagbeach.com\/de\/wp-json\/wp\/v2\/comments?post=1664"}],"version-history":[{"count":26,"href":"https:\/\/www.flagbeach.com\/de\/wp-json\/wp\/v2\/pages\/1664\/revisions"}],"predecessor-version":[{"id":13874,"href":"https:\/\/www.flagbeach.com\/de\/wp-json\/wp\/v2\/pages\/1664\/revisions\/13874"}],"wp:attachment":[{"href":"https:\/\/www.flagbeach.com\/de\/wp-json\/wp\/v2\/media?parent=1664"}],"curies":[{"name":"wp","href":"https:\/\/api.w.org\/{rel}","templated":true}]}}