{"id":1662,"date":"2021-03-20T16:09:44","date_gmt":"2021-03-20T16:09:44","guid":{"rendered":"https:\/\/flagbeach.com\/unterkuenfte\/villa-timfay\/"},"modified":"2026-01-21T12:41:49","modified_gmt":"2026-01-21T12:41:49","slug":"villa-timfay","status":"publish","type":"page","link":"https:\/\/www.flagbeach.com\/de\/unterkuenfte\/villa-timfay\/","title":{"rendered":"Villa Timfay"},"content":{"rendered":"\n<div class=\"wp-block-cover alignfull has-background-dim-100 has-background-dim has-background-gradient has-custom-content-position is-position-top-left\" style=\"min-height:30vw;aspect-ratio:unset;\"><span aria-hidden=\"true\" class=\"wp-block-cover__gradient-background\" style=\"background:linear-gradient(180deg,rgb(20,62,94) 0%,rgba(255,255,255,0) 48%,rgba(20,61,93,0) 67%,rgb(20,62,94) 100%)\"><\/span><img loading=\"lazy\" decoding=\"async\" width=\"1600\" height=\"600\" sizes=\"auto, (max-width: 799px) 200vw, (max-width: 1600px) 100vw, 1600px\" class=\"wp-block-cover__image-background wp-image-779\" alt=\"\" src=\"https:\/\/www.flagbeach.com\/wp-content\/uploads\/2021\/02\/accomodation-detail.jpg\" style=\"object-position:50% 0%\" data-object-fit=\"cover\" data-object-position=\"50% 0%\" srcset=\"https:\/\/www.flagbeach.com\/wp-content\/uploads\/2021\/02\/accomodation-detail.jpg 1600w, https:\/\/www.flagbeach.com\/wp-content\/uploads\/2021\/02\/accomodation-detail-300x113.jpg 300w, https:\/\/www.flagbeach.com\/wp-content\/uploads\/2021\/02\/accomodation-detail-1024x384.jpg 1024w, https:\/\/www.flagbeach.com\/wp-content\/uploads\/2021\/02\/accomodation-detail-768x288.jpg 768w, https:\/\/www.flagbeach.com\/wp-content\/uploads\/2021\/02\/accomodation-detail-1536x576.jpg 1536w, https:\/\/www.flagbeach.com\/wp-content\/uploads\/2021\/02\/accomodation-detail-1568x588.jpg 1568w\" \/><div class=\"wp-block-cover__inner-container is-layout-flow wp-block-cover-is-layout-flow\">\n<h1 class=\"has-text-align-left has-subtle-color has-text-color wp-block-heading\">Villa Timfay<\/h1>\n\n\n\n<p><\/p>\n<\/div><\/div>\n\n<div class=\"wp-block-buttons is-content-justification-center is-layout-flex wp-block-buttons-is-layout-flex\">\n<div class=\"wp-block-button\"><a class=\"wp-block-button__link\" href=\"https:\/\/flagbeach.com\/book-now\/\" target=\"_blank\" rel=\"noreferrer noopener\">Buchen Sie Ihren Aufenthalt noch heute!<\/a><\/div>\n<\/div>\n\n<div class=\"wp-block-group alignfull\"><div class=\"wp-block-group__inner-container is-layout-flow wp-block-group-is-layout-flow\">\n<div class=\"wp-block-columns alignwide are-vertically-aligned-center is-style-default tw-gutter-large tw-cols-stack-md is-layout-flex wp-container-core-columns-is-layout-d0b3c9c8 wp-block-columns-is-layout-flex\">\n<div class=\"wp-block-column is-vertically-aligned-center is-layout-flow wp-block-column-is-layout-flow\">\n<h3 class=\"wp-block-heading\">SEHR zentral gelegen; Timfay ist ein Selbstversorgerhaus f\u00fcr bis zu 8 Personen. Dazu geh\u00f6ren ein Privatstellplatz und ein grosser Garten mit Grillbereich.<\/h3>\n<\/div>\n\n\n\n<div class=\"wp-block-column is-vertically-aligned-center is-layout-flow wp-block-column-is-layout-flow\">\n<div class=\"wp-block-getwid-images-slider has-arrows-inside has-dots-inside has-images-center has-cropped-images\"><div class=\"wp-block-getwid-images-slider__wrapper\" data-effect=\"slide\" data-slides-show=\"1\" data-slides-show-laptop=\"1\" data-slides-show-tablet=\"1\" data-slides-show-mobile=\"1\" data-slides-scroll=\"1\" data-autoplay=\"false\" data-autoplay-speed=\"6000\" data-infinite=\"true\" data-animation-speed=\"800\" data-center-mode=\"false\" data-variable-width=\"false\" data-arrows=\"inside\" data-dots=\"inside\" data-spacing=\"none\"><div class=\"wp-block-getwid-images-slider__item\"><figure><img loading=\"lazy\" decoding=\"async\" width=\"733\" height=\"976\" src=\"https:\/\/www.flagbeach.com\/wp-content\/uploads\/2021\/09\/P1630937.jpg\" data-id=\"2649\" data-link=\"https:\/\/flagbeach.com\/accommodation\/villa-timfay\/p1630937\/\" data-original-link=\"https:\/\/www.flagbeach.com\/wp-content\/uploads\/2021\/09\/P1630937.jpg\" class=\"wp-block-getwid-images-slider__image wp-image-2649\" srcset=\"https:\/\/www.flagbeach.com\/wp-content\/uploads\/2021\/09\/P1630937.jpg 733w, https:\/\/www.flagbeach.com\/wp-content\/uploads\/2021\/09\/P1630937-225x300.jpg 225w\" sizes=\"auto, (max-width: 733px) 100vw, 733px\" \/><\/figure><\/div><div class=\"wp-block-getwid-images-slider__item\"><figure><img loading=\"lazy\" decoding=\"async\" width=\"1300\" height=\"976\" src=\"https:\/\/www.flagbeach.com\/wp-content\/uploads\/2021\/09\/P1640052.jpg\" data-id=\"2619\" data-link=\"https:\/\/flagbeach.com\/accommodation\/villa-timfay\/p1640052\/\" data-original-link=\"https:\/\/www.flagbeach.com\/wp-content\/uploads\/2021\/09\/P1640052.jpg\" class=\"wp-block-getwid-images-slider__image wp-image-2619\" srcset=\"https:\/\/www.flagbeach.com\/wp-content\/uploads\/2021\/09\/P1640052.jpg 1300w, https:\/\/www.flagbeach.com\/wp-content\/uploads\/2021\/09\/P1640052-300x225.jpg 300w, https:\/\/www.flagbeach.com\/wp-content\/uploads\/2021\/09\/P1640052-1024x769.jpg 1024w, https:\/\/www.flagbeach.com\/wp-content\/uploads\/2021\/09\/P1640052-768x577.jpg 768w\" sizes=\"auto, (max-width: 1300px) 100vw, 1300px\" \/><\/figure><\/div><div class=\"wp-block-getwid-images-slider__item\"><figure><img loading=\"lazy\" decoding=\"async\" width=\"1300\" height=\"976\" src=\"https:\/\/www.flagbeach.com\/wp-content\/uploads\/2021\/09\/P1640016.jpg\" data-id=\"2640\" data-link=\"https:\/\/flagbeach.com\/accommodation\/villa-timfay\/p1640016\/\" data-original-link=\"https:\/\/www.flagbeach.com\/wp-content\/uploads\/2021\/09\/P1640016.jpg\" class=\"wp-block-getwid-images-slider__image wp-image-2640\" srcset=\"https:\/\/www.flagbeach.com\/wp-content\/uploads\/2021\/09\/P1640016.jpg 1300w, https:\/\/www.flagbeach.com\/wp-content\/uploads\/2021\/09\/P1640016-300x225.jpg 300w, https:\/\/www.flagbeach.com\/wp-content\/uploads\/2021\/09\/P1640016-1024x769.jpg 1024w, https:\/\/www.flagbeach.com\/wp-content\/uploads\/2021\/09\/P1640016-768x577.jpg 768w\" sizes=\"auto, (max-width: 1300px) 100vw, 1300px\" \/><\/figure><\/div><div class=\"wp-block-getwid-images-slider__item\"><figure><img loading=\"lazy\" decoding=\"async\" width=\"1300\" height=\"976\" src=\"https:\/\/www.flagbeach.com\/wp-content\/uploads\/2021\/09\/P1640057.jpg\" data-id=\"2622\" data-link=\"https:\/\/flagbeach.com\/accommodation\/villa-timfay\/p1640057\/\" data-original-link=\"https:\/\/www.flagbeach.com\/wp-content\/uploads\/2021\/09\/P1640057.jpg\" class=\"wp-block-getwid-images-slider__image wp-image-2622\" srcset=\"https:\/\/www.flagbeach.com\/wp-content\/uploads\/2021\/09\/P1640057.jpg 1300w, https:\/\/www.flagbeach.com\/wp-content\/uploads\/2021\/09\/P1640057-300x225.jpg 300w, https:\/\/www.flagbeach.com\/wp-content\/uploads\/2021\/09\/P1640057-1024x769.jpg 1024w, https:\/\/www.flagbeach.com\/wp-content\/uploads\/2021\/09\/P1640057-768x577.jpg 768w\" sizes=\"auto, (max-width: 1300px) 100vw, 1300px\" \/><\/figure><\/div><div class=\"wp-block-getwid-images-slider__item\"><figure><img loading=\"lazy\" decoding=\"async\" width=\"1300\" height=\"976\" src=\"https:\/\/www.flagbeach.com\/wp-content\/uploads\/2021\/09\/P1640030.jpg\" data-id=\"2631\" data-link=\"https:\/\/flagbeach.com\/accommodation\/villa-timfay\/p1640030\/\" data-original-link=\"https:\/\/www.flagbeach.com\/wp-content\/uploads\/2021\/09\/P1640030.jpg\" class=\"wp-block-getwid-images-slider__image wp-image-2631\" srcset=\"https:\/\/www.flagbeach.com\/wp-content\/uploads\/2021\/09\/P1640030.jpg 1300w, https:\/\/www.flagbeach.com\/wp-content\/uploads\/2021\/09\/P1640030-300x225.jpg 300w, https:\/\/www.flagbeach.com\/wp-content\/uploads\/2021\/09\/P1640030-1024x769.jpg 1024w, https:\/\/www.flagbeach.com\/wp-content\/uploads\/2021\/09\/P1640030-768x577.jpg 768w\" sizes=\"auto, (max-width: 1300px) 100vw, 1300px\" \/><\/figure><\/div><div class=\"wp-block-getwid-images-slider__item\"><figure><img loading=\"lazy\" decoding=\"async\" width=\"1300\" height=\"976\" src=\"https:\/\/www.flagbeach.com\/wp-content\/uploads\/2021\/09\/P1630991.jpg\" data-id=\"2634\" data-link=\"https:\/\/flagbeach.com\/accommodation\/villa-timfay\/p1630991\/\" data-original-link=\"https:\/\/www.flagbeach.com\/wp-content\/uploads\/2021\/09\/P1630991.jpg\" class=\"wp-block-getwid-images-slider__image wp-image-2634\" srcset=\"https:\/\/www.flagbeach.com\/wp-content\/uploads\/2021\/09\/P1630991.jpg 1300w, https:\/\/www.flagbeach.com\/wp-content\/uploads\/2021\/09\/P1630991-300x225.jpg 300w, https:\/\/www.flagbeach.com\/wp-content\/uploads\/2021\/09\/P1630991-1024x769.jpg 1024w, https:\/\/www.flagbeach.com\/wp-content\/uploads\/2021\/09\/P1630991-768x577.jpg 768w\" sizes=\"auto, (max-width: 1300px) 100vw, 1300px\" \/><\/figure><\/div><div class=\"wp-block-getwid-images-slider__item\"><figure><img loading=\"lazy\" decoding=\"async\" width=\"1300\" height=\"976\" src=\"https:\/\/www.flagbeach.com\/wp-content\/uploads\/2021\/09\/P1630956.jpg\" data-id=\"2643\" data-link=\"https:\/\/flagbeach.com\/accommodation\/villa-timfay\/p1630956\/\" data-original-link=\"https:\/\/www.flagbeach.com\/wp-content\/uploads\/2021\/09\/P1630956.jpg\" class=\"wp-block-getwid-images-slider__image wp-image-2643\" srcset=\"https:\/\/www.flagbeach.com\/wp-content\/uploads\/2021\/09\/P1630956.jpg 1300w, https:\/\/www.flagbeach.com\/wp-content\/uploads\/2021\/09\/P1630956-300x225.jpg 300w, https:\/\/www.flagbeach.com\/wp-content\/uploads\/2021\/09\/P1630956-1024x769.jpg 1024w, https:\/\/www.flagbeach.com\/wp-content\/uploads\/2021\/09\/P1630956-768x577.jpg 768w\" sizes=\"auto, (max-width: 1300px) 100vw, 1300px\" \/><\/figure><\/div><div class=\"wp-block-getwid-images-slider__item\"><figure><img loading=\"lazy\" decoding=\"async\" width=\"1300\" height=\"976\" src=\"https:\/\/www.flagbeach.com\/wp-content\/uploads\/2021\/09\/P1630939.jpg\" data-id=\"2646\" data-link=\"https:\/\/flagbeach.com\/accommodation\/villa-timfay\/p1630939\/\" data-original-link=\"https:\/\/www.flagbeach.com\/wp-content\/uploads\/2021\/09\/P1630939.jpg\" class=\"wp-block-getwid-images-slider__image wp-image-2646\" srcset=\"https:\/\/www.flagbeach.com\/wp-content\/uploads\/2021\/09\/P1630939.jpg 1300w, https:\/\/www.flagbeach.com\/wp-content\/uploads\/2021\/09\/P1630939-300x225.jpg 300w, https:\/\/www.flagbeach.com\/wp-content\/uploads\/2021\/09\/P1630939-1024x769.jpg 1024w, https:\/\/www.flagbeach.com\/wp-content\/uploads\/2021\/09\/P1630939-768x577.jpg 768w\" sizes=\"auto, (max-width: 1300px) 100vw, 1300px\" \/><\/figure><\/div><\/div><\/div>\n<\/div>\n<\/div>\n<\/div><\/div>\n\n<p>Timfay ist eine sehr zentral gelegene Villa mit 4 Schlafzimmern f\u00fcr 8 Personen, 2 Badezimmern, Wohn-\/Esszimmer, Terrasse mit gro\u00dfem Garten und Grillbereich sowie einem privaten Parkplatz f\u00fcr mindestens 2 Autos, nur wenige Meter vom Strand entfernt. Es gibt 2 Zweibettzimmer (eines davon mit Schlafsofa), ein Doppelzimmer und ein Einzelzimmer. Die Villa verf\u00fcgt \u00fcber 2 Badezimmer, eine Toilette, eine K\u00fcche, ein Esszimmer\/Wohnzimmer und eine Terrasse mit Essbereich im Freien.<br\/>  <\/p>\n\n<p>Die Villa ist von einem privaten Garten mit Au\u00dfendusche und Grillbereich umgeben. Sie verf\u00fcgt \u00fcber eine \u00fcberdachte Terrasse neben dem Wohnzimmer und der K\u00fcche mit Tisch und St\u00fchlen f\u00fcr Mahlzeiten im Freien. Au\u00dferdem gibt es bequeme Liegest\u00fchle zum Sonnenbaden. Sie liegt nur 50 m vom n\u00e4chsten Strand entfernt, der ideal f\u00fcr Kinder ist.   <\/p>\n\n<div class=\"wp-block-buttons is-content-justification-center is-layout-flex wp-block-buttons-is-layout-flex\">\n<div class=\"wp-block-button\"><a class=\"wp-block-button__link\" href=\"https:\/\/flagbeach.com\/book-now\/\" target=\"_blank\" rel=\"noreferrer noopener\">Buchen Sie Ihren Aufenthalt noch heute!<\/a><\/div>\n<\/div>\n\n<div class=\"wp-block-group alignfull\"><div class=\"wp-block-group__inner-container is-layout-flow wp-block-group-is-layout-flow\">\n<h2 class=\"has-text-align-left wp-block-heading\">Einrichtung<\/h2>\n\n\n\n<ul class=\"is-style-tw-inline wp-block-list\"><li>TV<\/li><li>Selbstversorgung<\/li><li>Wi-Fi<\/li><li>Waschmaschine<\/li><li>Mikrowelle, Wasserkocher, Toaster, F\u00f6hn<\/li><li>Safe<\/li><li>Grill<\/li><li>Ventilatoren<\/li><li>Herd<\/li><li>Privatstellplatz<\/li><li>K\u00fchlschrank mit Gefrierfach<\/li><li>Geschirrsp\u00fcler<\/li><li>B\u00fcgeleisen<\/li><li>Voll ausgestattete K\u00fcche<\/li><li>Bettlaken<\/li><li>Handt\u00fccher<\/li><\/ul>\n<\/div><\/div>\n","protected":false},"excerpt":{"rendered":"<p>SEHR zentral gelegen; Timfay ist ein Selbstversorgerhaus f\u00fcr bis zu 8 Personen. Dazu geh\u00f6ren ein Privatstellplatz und ein grosser Garten mit Grillbereich. Timfay ist eine sehr zentral gelegene Villa mit 4 Schlafzimmern f\u00fcr 8 Personen, 2 Badezimmern, Wohn-\/Esszimmer, Terrasse mit gro\u00dfem Garten und Grillbereich sowie einem privaten Parkplatz f\u00fcr mindestens 2 Autos, nur wenige Meter&hellip; <a class=\"more-link\" href=\"https:\/\/www.flagbeach.com\/de\/unterkuenfte\/villa-timfay\/\"><span class=\"screen-reader-text\">Villa Timfay<\/span> weiterlesen<\/a><\/p>\n","protected":false},"author":1,"featured_media":0,"parent":1652,"menu_order":0,"comment_status":"closed","ping_status":"closed","template":"tw-header-transparent.php","meta":{"footnotes":""},"class_list":["post-1662","page","type-page","status-publish","hentry","entry"],"_links":{"self":[{"href":"https:\/\/www.flagbeach.com\/de\/wp-json\/wp\/v2\/pages\/1662","targetHints":{"allow":["GET"]}}],"collection":[{"href":"https:\/\/www.flagbeach.com\/de\/wp-json\/wp\/v2\/pages"}],"about":[{"href":"https:\/\/www.flagbeach.com\/de\/wp-json\/wp\/v2\/types\/page"}],"author":[{"embeddable":true,"href":"https:\/\/www.flagbeach.com\/de\/wp-json\/wp\/v2\/users\/1"}],"replies":[{"embeddable":true,"href":"https:\/\/www.flagbeach.com\/de\/wp-json\/wp\/v2\/comments?post=1662"}],"version-history":[{"count":16,"href":"https:\/\/www.flagbeach.com\/de\/wp-json\/wp\/v2\/pages\/1662\/revisions"}],"predecessor-version":[{"id":13841,"href":"https:\/\/www.flagbeach.com\/de\/wp-json\/wp\/v2\/pages\/1662\/revisions\/13841"}],"up":[{"embeddable":true,"href":"https:\/\/www.flagbeach.com\/de\/wp-json\/wp\/v2\/pages\/1652"}],"wp:attachment":[{"href":"https:\/\/www.flagbeach.com\/de\/wp-json\/wp\/v2\/media?parent=1662"}],"curies":[{"name":"wp","href":"https:\/\/api.w.org\/{rel}","templated":true}]}}