{"id":1656,"date":"2021-03-20T16:00:41","date_gmt":"2021-03-20T16:00:41","guid":{"rendered":"https:\/\/flagbeach.com\/unterkuenfte\/las-tinajas\/"},"modified":"2026-01-21T12:21:47","modified_gmt":"2026-01-21T12:21:47","slug":"las-tinajas","status":"publish","type":"page","link":"https:\/\/www.flagbeach.com\/de\/unterkuenfte\/las-tinajas\/","title":{"rendered":"Las Tinajas"},"content":{"rendered":"\n<div class=\"wp-block-cover alignfull has-custom-content-position is-position-top-left\" style=\"min-height:30vw;aspect-ratio:unset;\"><span aria-hidden=\"true\" class=\"wp-block-cover__background has-background-dim-100 has-background-dim wp-block-cover__gradient-background has-background-gradient\" style=\"background:linear-gradient(180deg,rgb(20,62,94) 0%,rgba(255,255,255,0) 48%,rgba(20,61,93,0) 67%,rgb(20,62,94) 100%)\"><\/span><img loading=\"lazy\" decoding=\"async\" width=\"1600\" height=\"600\" sizes=\"auto, (max-width: 799px) 200vw, (max-width: 1600px) 100vw, 1600px\" class=\"wp-block-cover__image-background wp-image-779\" alt=\"\" src=\"https:\/\/www.flagbeach.com\/wp-content\/uploads\/2021\/02\/accomodation-detail.jpg\" style=\"object-position:50% 0%\" data-object-fit=\"cover\" data-object-position=\"50% 0%\" srcset=\"https:\/\/www.flagbeach.com\/wp-content\/uploads\/2021\/02\/accomodation-detail.jpg 1600w, https:\/\/www.flagbeach.com\/wp-content\/uploads\/2021\/02\/accomodation-detail-300x113.jpg 300w, https:\/\/www.flagbeach.com\/wp-content\/uploads\/2021\/02\/accomodation-detail-1024x384.jpg 1024w, https:\/\/www.flagbeach.com\/wp-content\/uploads\/2021\/02\/accomodation-detail-768x288.jpg 768w, https:\/\/www.flagbeach.com\/wp-content\/uploads\/2021\/02\/accomodation-detail-1536x576.jpg 1536w, https:\/\/www.flagbeach.com\/wp-content\/uploads\/2021\/02\/accomodation-detail-1568x588.jpg 1568w\" \/><div class=\"wp-block-cover__inner-container is-layout-flow wp-block-cover-is-layout-flow\">\n<h1 class=\"wp-block-heading has-text-align-left has-subtle-color has-text-color\">Las Tinajas<\/h1>\n\n\n\n<p><\/p>\n<\/div><\/div>\n\n<div class=\"wp-block-buttons is-horizontal is-content-justification-center is-layout-flex wp-container-core-buttons-is-layout-03627597 wp-block-buttons-is-layout-flex\">\n<div class=\"wp-block-button\"><a class=\"wp-block-button__link wp-element-button\" href=\"https:\/\/flagbeach.com\/book-now\/\" target=\"_blank\" rel=\"noreferrer noopener\">Buchen Sie Ihren Aufenthalt noch heute!<\/a><\/div>\n<\/div>\n\n<div class=\"wp-block-group alignfull\"><div class=\"wp-block-group__inner-container is-layout-flow wp-block-group-is-layout-flow\">\n<div class=\"wp-block-columns alignwide are-vertically-aligned-center is-style-default tw-gutter-large tw-cols-stack-md is-layout-flex wp-container-core-columns-is-layout-d0b3c9c8 wp-block-columns-is-layout-flex\">\n<div class=\"wp-block-column is-vertically-aligned-center is-layout-flow wp-block-column-is-layout-flow\">\n<h3 class=\"wp-block-heading has-white-color has-text-color\">Auf der Suche nach einer Villa auf Fuerteventura? Las Tinajas besitzt 4 Schlafzimmer und einen gro\u00dfen Gemeinschaftspool und befindet sich in der N\u00e4he des Stadtzentrums von Corralejo.<\/h3>\n<\/div>\n\n\n\n<div class=\"wp-block-column is-vertically-aligned-center is-layout-flow wp-block-column-is-layout-flow\">\n<div class=\"wp-block-getwid-images-slider has-arrows-inside has-dots-inside has-images-center has-cropped-images\"><div class=\"wp-block-getwid-images-slider__wrapper\" data-effect=\"slide\" data-slides-show=\"1\" data-slides-show-laptop=\"1\" data-slides-show-tablet=\"1\" data-slides-show-mobile=\"1\" data-slides-scroll=\"1\" data-autoplay=\"false\" data-autoplay-speed=\"6000\" data-infinite=\"true\" data-animation-speed=\"800\" data-center-mode=\"false\" data-variable-width=\"false\" data-arrows=\"inside\" data-dots=\"inside\" data-spacing=\"none\"><div class=\"wp-block-getwid-images-slider__item\"><figure><img loading=\"lazy\" decoding=\"async\" width=\"640\" height=\"440\" src=\"https:\/\/www.flagbeach.com\/wp-content\/uploads\/2021\/02\/2018-0226_100220.jpeg\" alt=\"Las Tinajas Unterkunft Fuerteventura\" data-id=\"797\" data-link=\"https:\/\/flagbeach.com\/accommodation\/2018-0226_100220\/\" data-original-link=\"https:\/\/www.flagbeach.com\/wp-content\/uploads\/2021\/02\/2018-0226_100220.jpeg\" class=\"wp-block-getwid-images-slider__image wp-image-797\" srcset=\"https:\/\/www.flagbeach.com\/wp-content\/uploads\/2021\/02\/2018-0226_100220.jpeg 640w, https:\/\/www.flagbeach.com\/wp-content\/uploads\/2021\/02\/2018-0226_100220-300x206.jpeg 300w\" sizes=\"auto, (max-width: 640px) 100vw, 640px\" \/><\/figure><\/div><div class=\"wp-block-getwid-images-slider__item\"><figure><img loading=\"lazy\" decoding=\"async\" width=\"640\" height=\"440\" src=\"https:\/\/www.flagbeach.com\/wp-content\/uploads\/2021\/02\/2018-0226_100302.jpeg\" alt=\"Las Tinajas Unterkunft Fuerteventura\" data-id=\"1002\" data-link=\"https:\/\/flagbeach.com\/accommodation\/las-tinajas\/2018-0226_100302\/\" data-original-link=\"https:\/\/www.flagbeach.com\/wp-content\/uploads\/2021\/02\/2018-0226_100302.jpeg\" class=\"wp-block-getwid-images-slider__image wp-image-1002\" srcset=\"https:\/\/www.flagbeach.com\/wp-content\/uploads\/2021\/02\/2018-0226_100302.jpeg 640w, https:\/\/www.flagbeach.com\/wp-content\/uploads\/2021\/02\/2018-0226_100302-300x206.jpeg 300w\" sizes=\"auto, (max-width: 640px) 100vw, 640px\" \/><\/figure><\/div><div class=\"wp-block-getwid-images-slider__item\"><figure><img loading=\"lazy\" decoding=\"async\" width=\"640\" height=\"440\" src=\"https:\/\/www.flagbeach.com\/wp-content\/uploads\/2021\/02\/2018-0226_100250.jpeg\" alt=\"Las Tinajas Unterkunft Fuerteventura\" data-id=\"1008\" data-link=\"https:\/\/flagbeach.com\/accommodation\/las-tinajas\/2018-0226_100250\/\" data-original-link=\"https:\/\/www.flagbeach.com\/wp-content\/uploads\/2021\/02\/2018-0226_100250.jpeg\" class=\"wp-block-getwid-images-slider__image wp-image-1008\" srcset=\"https:\/\/www.flagbeach.com\/wp-content\/uploads\/2021\/02\/2018-0226_100250.jpeg 640w, https:\/\/www.flagbeach.com\/wp-content\/uploads\/2021\/02\/2018-0226_100250-300x206.jpeg 300w\" sizes=\"auto, (max-width: 640px) 100vw, 640px\" \/><\/figure><\/div><div class=\"wp-block-getwid-images-slider__item\"><figure><img loading=\"lazy\" decoding=\"async\" width=\"640\" height=\"440\" src=\"https:\/\/www.flagbeach.com\/wp-content\/uploads\/2021\/02\/2018-0226_100237.jpeg\" alt=\"Las Tinajas Unterkunft Fuerteventura\" data-id=\"1011\" data-link=\"https:\/\/flagbeach.com\/accommodation\/las-tinajas\/2018-0226_100237\/\" data-original-link=\"https:\/\/www.flagbeach.com\/wp-content\/uploads\/2021\/02\/2018-0226_100237.jpeg\" class=\"wp-block-getwid-images-slider__image wp-image-1011\" srcset=\"https:\/\/www.flagbeach.com\/wp-content\/uploads\/2021\/02\/2018-0226_100237.jpeg 640w, https:\/\/www.flagbeach.com\/wp-content\/uploads\/2021\/02\/2018-0226_100237-300x206.jpeg 300w\" sizes=\"auto, (max-width: 640px) 100vw, 640px\" \/><\/figure><\/div><div class=\"wp-block-getwid-images-slider__item\"><figure><img loading=\"lazy\" decoding=\"async\" width=\"640\" height=\"440\" src=\"https:\/\/www.flagbeach.com\/wp-content\/uploads\/2021\/02\/2018-0226_100229.jpeg\" alt=\"Las Tinajas Unterkunft Fuerteventura\" data-id=\"1014\" data-link=\"https:\/\/flagbeach.com\/accommodation\/las-tinajas\/2018-0226_100229\/\" data-original-link=\"https:\/\/www.flagbeach.com\/wp-content\/uploads\/2021\/02\/2018-0226_100229.jpeg\" class=\"wp-block-getwid-images-slider__image wp-image-1014\" srcset=\"https:\/\/www.flagbeach.com\/wp-content\/uploads\/2021\/02\/2018-0226_100229.jpeg 640w, https:\/\/www.flagbeach.com\/wp-content\/uploads\/2021\/02\/2018-0226_100229-300x206.jpeg 300w\" sizes=\"auto, (max-width: 640px) 100vw, 640px\" \/><\/figure><\/div><div class=\"wp-block-getwid-images-slider__item\"><figure><img loading=\"lazy\" decoding=\"async\" width=\"640\" height=\"440\" src=\"https:\/\/www.flagbeach.com\/wp-content\/uploads\/2021\/02\/2018-0226_100257.jpeg\" alt=\"Las Tinajas Unterkunft Fuerteventura\" data-id=\"1005\" data-link=\"https:\/\/flagbeach.com\/accommodation\/las-tinajas\/2018-0226_100257\/\" data-original-link=\"https:\/\/www.flagbeach.com\/wp-content\/uploads\/2021\/02\/2018-0226_100257.jpeg\" class=\"wp-block-getwid-images-slider__image wp-image-1005\" srcset=\"https:\/\/www.flagbeach.com\/wp-content\/uploads\/2021\/02\/2018-0226_100257.jpeg 640w, https:\/\/www.flagbeach.com\/wp-content\/uploads\/2021\/02\/2018-0226_100257-300x206.jpeg 300w\" sizes=\"auto, (max-width: 640px) 100vw, 640px\" \/><\/figure><\/div><div class=\"wp-block-getwid-images-slider__item\"><figure><img loading=\"lazy\" decoding=\"async\" width=\"640\" height=\"440\" src=\"https:\/\/www.flagbeach.com\/wp-content\/uploads\/2021\/02\/2018-0226_100307.jpeg\" alt=\"Las Tinajas Unterkunft Fuerteventura\" data-id=\"999\" data-link=\"https:\/\/flagbeach.com\/accommodation\/las-tinajas\/2018-0226_100307\/\" data-original-link=\"https:\/\/www.flagbeach.com\/wp-content\/uploads\/2021\/02\/2018-0226_100307.jpeg\" class=\"wp-block-getwid-images-slider__image wp-image-999\" srcset=\"https:\/\/www.flagbeach.com\/wp-content\/uploads\/2021\/02\/2018-0226_100307.jpeg 640w, https:\/\/www.flagbeach.com\/wp-content\/uploads\/2021\/02\/2018-0226_100307-300x206.jpeg 300w\" sizes=\"auto, (max-width: 640px) 100vw, 640px\" \/><\/figure><\/div><div class=\"wp-block-getwid-images-slider__item\"><figure><img loading=\"lazy\" decoding=\"async\" width=\"640\" height=\"440\" src=\"https:\/\/www.flagbeach.com\/wp-content\/uploads\/2021\/02\/2018-0226_100312.jpeg\" alt=\"Las Tinajas Unterkunft Fuerteventura\" data-id=\"996\" data-link=\"https:\/\/flagbeach.com\/accommodation\/las-tinajas\/2018-0226_100312\/\" data-original-link=\"https:\/\/www.flagbeach.com\/wp-content\/uploads\/2021\/02\/2018-0226_100312.jpeg\" class=\"wp-block-getwid-images-slider__image wp-image-996\" srcset=\"https:\/\/www.flagbeach.com\/wp-content\/uploads\/2021\/02\/2018-0226_100312.jpeg 640w, https:\/\/www.flagbeach.com\/wp-content\/uploads\/2021\/02\/2018-0226_100312-300x206.jpeg 300w\" sizes=\"auto, (max-width: 640px) 100vw, 640px\" \/><\/figure><\/div><div class=\"wp-block-getwid-images-slider__item\"><figure><img loading=\"lazy\" decoding=\"async\" width=\"640\" height=\"440\" src=\"https:\/\/www.flagbeach.com\/wp-content\/uploads\/2021\/02\/2018-0406_045318.jpeg\" alt=\"Las Tinajas Unterkunft Fuerteventura\" data-id=\"993\" data-link=\"https:\/\/flagbeach.com\/accommodation\/las-tinajas\/2018-0406_045318\/\" data-original-link=\"https:\/\/www.flagbeach.com\/wp-content\/uploads\/2021\/02\/2018-0406_045318.jpeg\" class=\"wp-block-getwid-images-slider__image wp-image-993\" srcset=\"https:\/\/www.flagbeach.com\/wp-content\/uploads\/2021\/02\/2018-0406_045318.jpeg 640w, https:\/\/www.flagbeach.com\/wp-content\/uploads\/2021\/02\/2018-0406_045318-300x206.jpeg 300w\" sizes=\"auto, (max-width: 640px) 100vw, 640px\" \/><\/figure><\/div><\/div><\/div>\n<\/div>\n<\/div>\n<\/div><\/div>\n\n<p>Las Tinajas ist eine komfortable Villa mit 4 Schlafzimmern zwischen Flag Beach und dem Stadtzentrum von Corralejo, nur wenige Gehminuten vom Einkaufszentrum Campanario und ca. 10 Minuten von der Hauptstra\u00dfe entfernt. Sie befindet sich in einer Wohnanlage mit Gemeinschaftsbereichen und einem gemeinsamen Swimmingpool.  <\/p>\n\n<p>Das Haus erstreckt sich \u00fcber 4 Etagen. Im Erdgeschoss befinden sich das Wohnzimmer mit Fernseher und WLAN, eine voll ausgestattete moderne K\u00fcche, ein WC, gro\u00dfe Terrassen vorne und hinten mit Essbereich unter einer Pergola und einem Grill. Es gibt 2 Zweibettzimmer, ein Badezimmer (Dusche und Badewanne), eine Terrasse mit Waschmaschine, eine Garageneinfahrt (die Nutzung der Garage h\u00e4ngt von der Verf\u00fcgbarkeit bei der Buchung ab) und einen Innenhof im Untergeschoss. Im ersten und zweiten Stock befinden sich die 2 Doppelzimmer mit eigenem Bad (Dusche) und Balkon.<br\/><br\/><br\/>   <\/p>\n\n<p>Bitte beachten Sie, dass diese Villa nicht f\u00fcr Rollstuhlfahrer geeignet ist.<\/p>\n\n<h3 class=\"wp-block-heading\">Preise<\/h3>\n\n<div class=\"wp-block-group alignfull\"><div class=\"wp-block-group__inner-container is-layout-flow wp-block-group-is-layout-flow\">\n<figure class=\"wp-block-table tw-row-valign-top is-style-tw-border-h\"><table><tbody><tr><td>1-3 Personen<\/td><td class=\"has-text-align-right\" data-align=\"right\">ab \u20ac130\/Nacht<\/td><\/tr><tr><td>4-6 Personen<\/td><td class=\"has-text-align-right\" data-align=\"right\">ab \u20ac140\/Nacht<\/td><\/tr><tr><td>7-8 Personen<\/td><td class=\"has-text-align-right\" data-align=\"right\">ab \u20ac160\/Nacht<\/td><\/tr><\/tbody><\/table><\/figure>\n<\/div><\/div>\n\n<div class=\"wp-block-buttons is-horizontal is-content-justification-center is-layout-flex wp-container-core-buttons-is-layout-03627597 wp-block-buttons-is-layout-flex\">\n<div class=\"wp-block-button\"><a class=\"wp-block-button__link wp-element-button\" href=\"https:\/\/flagbeach.com\/book-now\/\" target=\"_blank\" rel=\"noreferrer noopener\">Buchen Sie Ihren Aufenthalt noch heute!<\/a><\/div>\n<\/div>\n\n<div class=\"wp-block-group alignfull\"><div class=\"wp-block-group__inner-container is-layout-flow wp-block-group-is-layout-flow\">\n<h2 class=\"wp-block-heading has-text-align-left\">Einrichtung<\/h2>\n\n\n\n<ul class=\"is-style-tw-inline wp-block-list\">\n<li>Pool<\/li>\n\n\n\n<li>TV<\/li>\n\n\n\n<li>Selbstversorgung<\/li>\n\n\n\n<li>Wi-Fi<\/li>\n\n\n\n<li>Waschmaschine<\/li>\n\n\n\n<li>Mikrowelle, Wasserkocher, Toaster, F\u00f6hn<\/li>\n\n\n\n<li>Grill<\/li>\n\n\n\n<li>Herd<\/li>\n\n\n\n<li>Pool<\/li>\n\n\n\n<li>K\u00fchlschrank mit Gefrierfach<\/li>\n\n\n\n<li>Geschirrsp\u00fcler<\/li>\n\n\n\n<li>B\u00fcgeleisen<\/li>\n\n\n\n<li>Voll ausgestattete K\u00fcche<\/li>\n\n\n\n<li>Bettlaken<\/li>\n\n\n\n<li>Handt\u00fccher<\/li>\n<\/ul>\n<\/div><\/div>\n","protected":false},"excerpt":{"rendered":"<p>Auf der Suche nach einer Villa auf Fuerteventura? Las Tinajas besitzt 4 Schlafzimmer und einen gro\u00dfen Gemeinschaftspool und befindet sich in der N\u00e4he des Stadtzentrums von Corralejo. Las Tinajas ist eine komfortable Villa mit 4 Schlafzimmern zwischen Flag Beach und dem Stadtzentrum von Corralejo, nur wenige Gehminuten vom Einkaufszentrum Campanario und ca. 10 Minuten von&hellip; <a class=\"more-link\" href=\"https:\/\/www.flagbeach.com\/de\/unterkuenfte\/las-tinajas\/\"><span class=\"screen-reader-text\">Las Tinajas<\/span> weiterlesen<\/a><\/p>\n","protected":false},"author":1,"featured_media":0,"parent":1652,"menu_order":0,"comment_status":"closed","ping_status":"closed","template":"tw-header-transparent.php","meta":{"footnotes":""},"class_list":["post-1656","page","type-page","status-publish","hentry","entry"],"_links":{"self":[{"href":"https:\/\/www.flagbeach.com\/de\/wp-json\/wp\/v2\/pages\/1656","targetHints":{"allow":["GET"]}}],"collection":[{"href":"https:\/\/www.flagbeach.com\/de\/wp-json\/wp\/v2\/pages"}],"about":[{"href":"https:\/\/www.flagbeach.com\/de\/wp-json\/wp\/v2\/types\/page"}],"author":[{"embeddable":true,"href":"https:\/\/www.flagbeach.com\/de\/wp-json\/wp\/v2\/users\/1"}],"replies":[{"embeddable":true,"href":"https:\/\/www.flagbeach.com\/de\/wp-json\/wp\/v2\/comments?post=1656"}],"version-history":[{"count":25,"href":"https:\/\/www.flagbeach.com\/de\/wp-json\/wp\/v2\/pages\/1656\/revisions"}],"predecessor-version":[{"id":13835,"href":"https:\/\/www.flagbeach.com\/de\/wp-json\/wp\/v2\/pages\/1656\/revisions\/13835"}],"up":[{"embeddable":true,"href":"https:\/\/www.flagbeach.com\/de\/wp-json\/wp\/v2\/pages\/1652"}],"wp:attachment":[{"href":"https:\/\/www.flagbeach.com\/de\/wp-json\/wp\/v2\/media?parent=1656"}],"curies":[{"name":"wp","href":"https:\/\/api.w.org\/{rel}","templated":true}]}}