{"id":1654,"date":"2021-03-20T15:55:29","date_gmt":"2021-03-20T15:55:29","guid":{"rendered":"https:\/\/flagbeach.com\/unterkuenfte\/arena-blanca\/"},"modified":"2026-01-21T12:15:03","modified_gmt":"2026-01-21T12:15:03","slug":"arena-blanca","status":"publish","type":"page","link":"https:\/\/www.flagbeach.com\/de\/unterkuenfte\/arena-blanca\/","title":{"rendered":"Arena Blanca"},"content":{"rendered":"\n<div class=\"wp-block-cover alignfull has-background-dim-100 has-background-dim has-background-gradient has-custom-content-position is-position-top-left\" style=\"min-height:30vw;aspect-ratio:unset;\"><span aria-hidden=\"true\" class=\"wp-block-cover__gradient-background\" style=\"background:linear-gradient(180deg,rgb(20,62,94) 0%,rgba(255,255,255,0) 48%,rgba(20,61,93,0) 67%,rgb(20,62,94) 100%)\"><\/span><img loading=\"lazy\" decoding=\"async\" width=\"1600\" height=\"600\" sizes=\"auto, (max-width: 799px) 200vw, (max-width: 1600px) 100vw, 1600px\" class=\"wp-block-cover__image-background wp-image-779\" alt=\"\" src=\"https:\/\/www.flagbeach.com\/wp-content\/uploads\/2021\/02\/accomodation-detail.jpg\" style=\"object-position:50% 0%\" data-object-fit=\"cover\" data-object-position=\"50% 0%\" srcset=\"https:\/\/www.flagbeach.com\/wp-content\/uploads\/2021\/02\/accomodation-detail.jpg 1600w, https:\/\/www.flagbeach.com\/wp-content\/uploads\/2021\/02\/accomodation-detail-300x113.jpg 300w, https:\/\/www.flagbeach.com\/wp-content\/uploads\/2021\/02\/accomodation-detail-1024x384.jpg 1024w, https:\/\/www.flagbeach.com\/wp-content\/uploads\/2021\/02\/accomodation-detail-768x288.jpg 768w, https:\/\/www.flagbeach.com\/wp-content\/uploads\/2021\/02\/accomodation-detail-1536x576.jpg 1536w, https:\/\/www.flagbeach.com\/wp-content\/uploads\/2021\/02\/accomodation-detail-1568x588.jpg 1568w\" \/><div class=\"wp-block-cover__inner-container is-layout-flow wp-block-cover-is-layout-flow\">\n<h1 class=\"has-text-align-left has-subtle-color has-text-color wp-block-heading\">Arena Blanca<\/h1>\n\n\n\n<p><\/p>\n<\/div><\/div>\n\n<div class=\"wp-block-buttons is-content-justification-center is-layout-flex wp-block-buttons-is-layout-flex\">\n<div class=\"wp-block-button\"><a class=\"wp-block-button__link\" href=\"https:\/\/flagbeach.com\/book-now\/\" target=\"_blank\" rel=\"noreferrer noopener\">Buche deinen Aufenthalt in Arena Blanca noch heute!<\/a><\/div>\n<\/div>\n\n<div class=\"wp-block-group alignfull\"><div class=\"wp-block-group__inner-container is-layout-flow wp-block-group-is-layout-flow\">\n<div class=\"wp-block-columns alignwide are-vertically-aligned-center is-style-default tw-gutter-large tw-cols-stack-md is-layout-flex wp-container-core-columns-is-layout-d0b3c9c8 wp-block-columns-is-layout-flex\">\n<div class=\"wp-block-column is-vertically-aligned-center is-layout-flow wp-block-column-is-layout-flow\">\n<h3 class=\"wp-block-heading\">Villa mit 3 Schlafzimmern f\u00fcr 6 Personen mit Privatpool und Erweiterungsm\u00f6glichkeit f\u00fcr Gruppen bis maximal 12 Personen. 12.<\/h3>\n\n\n\n<p>Die Villa liegt nur einen Steinwurf vom Einkaufszentrum Campanario und einen kurzen Spaziergang von der Hauptstra\u00dfe von Corralejo entfernt. Das Haus erstreckt sich \u00fcber 3 Etagen und verf\u00fcgt \u00fcber 2 Zweibettzimmer, ein Doppelzimmer (bei gr\u00f6\u00dferen Buchungen von 8 bis 12 Personen besteht die M\u00f6glichkeit eines Schlafsaals), 3 Badezimmer mit Dusche, eine K\u00fcche\/Wohnzimmer, einen Essbereich im Freien und einen privaten Swimmingpool. Im Wohnzimmerbereich gibt es einen Fernseher und kostenloses WLAN.<\/p>\n<\/div>\n\n\n\n<div class=\"wp-block-column is-vertically-aligned-center is-layout-flow wp-block-column-is-layout-flow\">\n<div class=\"wp-block-getwid-images-slider has-arrows-inside has-dots-inside has-images-center has-cropped-images\"><div class=\"wp-block-getwid-images-slider__wrapper\" data-effect=\"slide\" data-slides-show=\"1\" data-slides-show-laptop=\"1\" data-slides-show-tablet=\"1\" data-slides-show-mobile=\"1\" data-slides-scroll=\"1\" data-autoplay=\"false\" data-autoplay-speed=\"6000\" data-infinite=\"true\" data-animation-speed=\"800\" data-center-mode=\"false\" data-variable-width=\"false\" data-arrows=\"inside\" data-dots=\"inside\" data-spacing=\"none\"><div class=\"wp-block-getwid-images-slider__item\"><figure><img loading=\"lazy\" decoding=\"async\" width=\"2560\" height=\"1922\" src=\"https:\/\/www.flagbeach.com\/wp-content\/uploads\/2021\/02\/P1990749-scaled.jpg\" alt=\"Arena Blanca Unterkunft Wohnzimmer\" data-id=\"1243\" data-link=\"https:\/\/flagbeach.com\/accommodation\/arena-blanca\/p1990749\/\" data-original-link=\"https:\/\/www.flagbeach.com\/wp-content\/uploads\/2021\/02\/P1990749-scaled.jpg\" class=\"wp-block-getwid-images-slider__image wp-image-1243\" srcset=\"https:\/\/www.flagbeach.com\/wp-content\/uploads\/2021\/02\/P1990749-scaled.jpg 2560w, https:\/\/www.flagbeach.com\/wp-content\/uploads\/2021\/02\/P1990749-300x225.jpg 300w, https:\/\/www.flagbeach.com\/wp-content\/uploads\/2021\/02\/P1990749-1024x769.jpg 1024w, https:\/\/www.flagbeach.com\/wp-content\/uploads\/2021\/02\/P1990749-768x577.jpg 768w, https:\/\/www.flagbeach.com\/wp-content\/uploads\/2021\/02\/P1990749-1536x1153.jpg 1536w, https:\/\/www.flagbeach.com\/wp-content\/uploads\/2021\/02\/P1990749-2048x1538.jpg 2048w, https:\/\/www.flagbeach.com\/wp-content\/uploads\/2021\/02\/P1990749-1568x1177.jpg 1568w\" sizes=\"auto, (max-width: 2560px) 100vw, 2560px\" \/><figcaption class=\"wp-block-getwid-images-slider__caption\">Wohnzimmer<\/figcaption><\/figure><\/div><div class=\"wp-block-getwid-images-slider__item\"><figure><img loading=\"lazy\" decoding=\"async\" width=\"639\" height=\"440\" src=\"https:\/\/flagbeach.com\/wp-content\/uploads\/2021\/02\/P1990783-1-scaled-e1617140224349.jpg\" alt=\"Swimmingpool in der Unterkunft Arena Blanca auf Fuerteventura\" data-id=\"1307\" data-link=\"https:\/\/flagbeach.com\/accommodation\/arena-blanca\/p1990783\/\" data-original-link=\"https:\/\/flagbeach.com\/wp-content\/uploads\/2021\/02\/P1990783-1-scaled-e1617140224349.jpg\" class=\"wp-block-getwid-images-slider__image wp-image-1307\" srcset=\"https:\/\/www.flagbeach.com\/wp-content\/uploads\/2021\/02\/P1990783-1-scaled-e1617140224349.jpg 639w, https:\/\/www.flagbeach.com\/wp-content\/uploads\/2021\/02\/P1990783-1-scaled-e1617140224349-300x207.jpg 300w\" sizes=\"auto, (max-width: 639px) 100vw, 639px\" \/><\/figure><\/div><div class=\"wp-block-getwid-images-slider__item\"><figure><img loading=\"lazy\" decoding=\"async\" width=\"2560\" height=\"1922\" src=\"https:\/\/www.flagbeach.com\/wp-content\/uploads\/2021\/02\/P1990785-scaled.jpg\" alt=\"Arena Blanca Unterkunft au\u00dferhalb des Bereichs mit Pool\" data-id=\"1249\" data-link=\"https:\/\/flagbeach.com\/accommodation\/arena-blanca\/p1990785\/\" data-original-link=\"https:\/\/www.flagbeach.com\/wp-content\/uploads\/2021\/02\/P1990785-scaled.jpg\" class=\"wp-block-getwid-images-slider__image wp-image-1249\" srcset=\"https:\/\/www.flagbeach.com\/wp-content\/uploads\/2021\/02\/P1990785-scaled.jpg 2560w, https:\/\/www.flagbeach.com\/wp-content\/uploads\/2021\/02\/P1990785-300x225.jpg 300w, https:\/\/www.flagbeach.com\/wp-content\/uploads\/2021\/02\/P1990785-1024x769.jpg 1024w, https:\/\/www.flagbeach.com\/wp-content\/uploads\/2021\/02\/P1990785-768x577.jpg 768w, https:\/\/www.flagbeach.com\/wp-content\/uploads\/2021\/02\/P1990785-1536x1153.jpg 1536w, https:\/\/www.flagbeach.com\/wp-content\/uploads\/2021\/02\/P1990785-2048x1538.jpg 2048w, https:\/\/www.flagbeach.com\/wp-content\/uploads\/2021\/02\/P1990785-1568x1177.jpg 1568w\" sizes=\"auto, (max-width: 2560px) 100vw, 2560px\" \/><figcaption class=\"wp-block-getwid-images-slider__caption\">Pool<\/figcaption><\/figure><\/div><div class=\"wp-block-getwid-images-slider__item\"><figure><img loading=\"lazy\" decoding=\"async\" width=\"2560\" height=\"1922\" src=\"https:\/\/www.flagbeach.com\/wp-content\/uploads\/2021\/02\/P1990759-scaled.jpg\" alt=\"Au\u00dfen-Essbereich der Unterkunft Arena Blanca\" data-id=\"1267\" data-link=\"https:\/\/flagbeach.com\/accommodation\/arena-blanca\/p1990759\/\" data-original-link=\"https:\/\/www.flagbeach.com\/wp-content\/uploads\/2021\/02\/P1990759-scaled.jpg\" class=\"wp-block-getwid-images-slider__image wp-image-1267\" srcset=\"https:\/\/www.flagbeach.com\/wp-content\/uploads\/2021\/02\/P1990759-scaled.jpg 2560w, https:\/\/www.flagbeach.com\/wp-content\/uploads\/2021\/02\/P1990759-300x225.jpg 300w, https:\/\/www.flagbeach.com\/wp-content\/uploads\/2021\/02\/P1990759-1024x769.jpg 1024w, https:\/\/www.flagbeach.com\/wp-content\/uploads\/2021\/02\/P1990759-768x577.jpg 768w, https:\/\/www.flagbeach.com\/wp-content\/uploads\/2021\/02\/P1990759-1536x1153.jpg 1536w, https:\/\/www.flagbeach.com\/wp-content\/uploads\/2021\/02\/P1990759-2048x1538.jpg 2048w, https:\/\/www.flagbeach.com\/wp-content\/uploads\/2021\/02\/P1990759-1568x1177.jpg 1568w\" sizes=\"auto, (max-width: 2560px) 100vw, 2560px\" \/><figcaption class=\"wp-block-getwid-images-slider__caption\">Essbereich<\/figcaption><\/figure><\/div><div class=\"wp-block-getwid-images-slider__item\"><figure><img loading=\"lazy\" decoding=\"async\" width=\"2560\" height=\"1707\" src=\"https:\/\/www.flagbeach.com\/wp-content\/uploads\/2021\/02\/IMG_8065-scaled.jpg\" alt=\"Arena Blanca Unterkunft Zweibettzimmer\" data-id=\"1252\" data-link=\"https:\/\/flagbeach.com\/accommodation\/arena-blanca\/img_8065\/\" data-original-link=\"https:\/\/www.flagbeach.com\/wp-content\/uploads\/2021\/02\/IMG_8065-scaled.jpg\" class=\"wp-block-getwid-images-slider__image wp-image-1252\" srcset=\"https:\/\/www.flagbeach.com\/wp-content\/uploads\/2021\/02\/IMG_8065-scaled.jpg 2560w, https:\/\/www.flagbeach.com\/wp-content\/uploads\/2021\/02\/IMG_8065-300x200.jpg 300w, https:\/\/www.flagbeach.com\/wp-content\/uploads\/2021\/02\/IMG_8065-1024x683.jpg 1024w, https:\/\/www.flagbeach.com\/wp-content\/uploads\/2021\/02\/IMG_8065-768x512.jpg 768w, https:\/\/www.flagbeach.com\/wp-content\/uploads\/2021\/02\/IMG_8065-1536x1024.jpg 1536w, https:\/\/www.flagbeach.com\/wp-content\/uploads\/2021\/02\/IMG_8065-2048x1365.jpg 2048w, https:\/\/www.flagbeach.com\/wp-content\/uploads\/2021\/02\/IMG_8065-1568x1045.jpg 1568w\" sizes=\"auto, (max-width: 2560px) 100vw, 2560px\" \/><figcaption class=\"wp-block-getwid-images-slider__caption\">Schlafzimmer<\/figcaption><\/figure><\/div><div class=\"wp-block-getwid-images-slider__item\"><figure><img loading=\"lazy\" decoding=\"async\" width=\"2560\" height=\"1707\" src=\"https:\/\/www.flagbeach.com\/wp-content\/uploads\/2021\/09\/IMG_8075-scaled.jpg\" data-id=\"2670\" data-link=\"https:\/\/flagbeach.com\/accommodation\/arena-blanca\/img_8075\/\" data-original-link=\"https:\/\/www.flagbeach.com\/wp-content\/uploads\/2021\/09\/IMG_8075-scaled.jpg\" class=\"wp-block-getwid-images-slider__image wp-image-2670\" srcset=\"https:\/\/www.flagbeach.com\/wp-content\/uploads\/2021\/09\/IMG_8075-scaled.jpg 2560w, https:\/\/www.flagbeach.com\/wp-content\/uploads\/2021\/09\/IMG_8075-300x200.jpg 300w, https:\/\/www.flagbeach.com\/wp-content\/uploads\/2021\/09\/IMG_8075-1024x683.jpg 1024w, https:\/\/www.flagbeach.com\/wp-content\/uploads\/2021\/09\/IMG_8075-768x512.jpg 768w, https:\/\/www.flagbeach.com\/wp-content\/uploads\/2021\/09\/IMG_8075-1536x1024.jpg 1536w, https:\/\/www.flagbeach.com\/wp-content\/uploads\/2021\/09\/IMG_8075-2048x1365.jpg 2048w, https:\/\/www.flagbeach.com\/wp-content\/uploads\/2021\/09\/IMG_8075-1568x1045.jpg 1568w\" sizes=\"auto, (max-width: 2560px) 100vw, 2560px\" \/><figcaption class=\"wp-block-getwid-images-slider__caption\">Schlafzimmer<\/figcaption><\/figure><\/div><div class=\"wp-block-getwid-images-slider__item\"><figure><img loading=\"lazy\" decoding=\"async\" width=\"1707\" height=\"2560\" src=\"https:\/\/www.flagbeach.com\/wp-content\/uploads\/2021\/09\/IMG_8092-scaled.jpg\" data-id=\"2661\" data-link=\"https:\/\/flagbeach.com\/accommodation\/arena-blanca\/img_8092-2\/\" data-original-link=\"https:\/\/www.flagbeach.com\/wp-content\/uploads\/2021\/09\/IMG_8092-scaled.jpg\" class=\"wp-block-getwid-images-slider__image wp-image-2661\" srcset=\"https:\/\/www.flagbeach.com\/wp-content\/uploads\/2021\/09\/IMG_8092-scaled.jpg 1707w, https:\/\/www.flagbeach.com\/wp-content\/uploads\/2021\/09\/IMG_8092-200x300.jpg 200w, https:\/\/www.flagbeach.com\/wp-content\/uploads\/2021\/09\/IMG_8092-683x1024.jpg 683w, https:\/\/www.flagbeach.com\/wp-content\/uploads\/2021\/09\/IMG_8092-768x1152.jpg 768w, https:\/\/www.flagbeach.com\/wp-content\/uploads\/2021\/09\/IMG_8092-1024x1536.jpg 1024w, https:\/\/www.flagbeach.com\/wp-content\/uploads\/2021\/09\/IMG_8092-1365x2048.jpg 1365w, https:\/\/www.flagbeach.com\/wp-content\/uploads\/2021\/09\/IMG_8092-1568x2352.jpg 1568w\" sizes=\"auto, (max-width: 1707px) 100vw, 1707px\" \/><figcaption class=\"wp-block-getwid-images-slider__caption\">Badezimmer<\/figcaption><\/figure><\/div><div class=\"wp-block-getwid-images-slider__item\"><figure><img loading=\"lazy\" decoding=\"async\" width=\"1213\" height=\"809\" src=\"https:\/\/www.flagbeach.com\/wp-content\/uploads\/2021\/02\/DSC00675.jpg\" alt=\"Eingang zur Unterkunft Arena Blanca\" data-id=\"1270\" data-link=\"https:\/\/flagbeach.com\/accommodation\/arena-blanca\/dsc00675\/\" data-original-link=\"https:\/\/www.flagbeach.com\/wp-content\/uploads\/2021\/02\/DSC00675.jpg\" class=\"wp-block-getwid-images-slider__image wp-image-1270\" srcset=\"https:\/\/www.flagbeach.com\/wp-content\/uploads\/2021\/02\/DSC00675.jpg 1213w, https:\/\/www.flagbeach.com\/wp-content\/uploads\/2021\/02\/DSC00675-300x200.jpg 300w, https:\/\/www.flagbeach.com\/wp-content\/uploads\/2021\/02\/DSC00675-1024x683.jpg 1024w, https:\/\/www.flagbeach.com\/wp-content\/uploads\/2021\/02\/DSC00675-768x512.jpg 768w\" sizes=\"auto, (max-width: 1213px) 100vw, 1213px\" \/><figcaption class=\"wp-block-getwid-images-slider__caption\">Eingang<\/figcaption><\/figure><\/div><\/div><\/div>\n<\/div>\n<\/div>\n<\/div><\/div>\n\n<h3 class=\"wp-block-heading\">Preise<\/h3>\n\n<div class=\"wp-block-group alignfull\"><div class=\"wp-block-group__inner-container is-layout-flow wp-block-group-is-layout-flow\">\n<figure class=\"wp-block-table tw-row-valign-top is-style-tw-border-h\"><table><tbody><tr><td>Komplette Villa<\/td><td class=\"has-text-align-right\" data-align=\"right\">ab \u20ac180\/Nacht<\/td><\/tr><\/tbody><\/table><\/figure>\n<\/div><\/div>\n\n<div class=\"wp-block-buttons is-content-justification-center is-layout-flex wp-block-buttons-is-layout-flex\">\n<div class=\"wp-block-button\"><a class=\"wp-block-button__link\" href=\"https:\/\/flagbeach.com\/book-now\/\" target=\"_blank\" rel=\"noreferrer noopener\">Buche deinen Aufenthalt in Arena Blanca noch heute!<\/a><\/div>\n<\/div>\n\n<div class=\"wp-block-group alignfull\"><div class=\"wp-block-group__inner-container is-layout-flow wp-block-group-is-layout-flow\">\n<h2 class=\"has-text-align-left wp-block-heading\">Einrichtung<\/h2>\n\n\n\n<ul class=\"is-style-tw-inline wp-block-list\"><li>Pool<\/li><li>TV<\/li><li>Selbstversorgung<\/li><li>Wi-Fi<\/li><li>Alle Bettw\u00e4sche und Handt\u00fccher<\/li><li>Dachterrasse<\/li><li>Mikrowelle, Wasserkocher, Toaster, F\u00f6hn<\/li><li>Herd<\/li><li>Mikrowelle<\/li><li>Pool<\/li><li>K\u00fchlschrank mit Gefrierfach<\/li><li>Geschirrsp\u00fcler<\/li><li>B\u00fcgeleisen<\/li><li>Parken in der Stra\u00dfe<\/li><li>Voll ausgestattete K\u00fcche<\/li><li>Bettlaken<\/li><li>Handt\u00fccher<\/li><\/ul>\n<\/div><\/div>\n","protected":false},"excerpt":{"rendered":"<p>Villa mit 3 Schlafzimmern f\u00fcr 6 Personen mit Privatpool und Erweiterungsm\u00f6glichkeit f\u00fcr Gruppen bis maximal 12 Personen. 12. Die Villa liegt nur einen Steinwurf vom Einkaufszentrum Campanario und einen kurzen Spaziergang von der Hauptstra\u00dfe von Corralejo entfernt. Das Haus erstreckt sich \u00fcber 3 Etagen und verf\u00fcgt \u00fcber 2 Zweibettzimmer, ein Doppelzimmer (bei gr\u00f6\u00dferen Buchungen von&hellip; <a class=\"more-link\" href=\"https:\/\/www.flagbeach.com\/de\/unterkuenfte\/arena-blanca\/\"><span class=\"screen-reader-text\">Arena Blanca<\/span> weiterlesen<\/a><\/p>\n","protected":false},"author":1,"featured_media":0,"parent":1652,"menu_order":0,"comment_status":"closed","ping_status":"closed","template":"tw-header-transparent.php","meta":{"footnotes":""},"class_list":["post-1654","page","type-page","status-publish","hentry","entry"],"_links":{"self":[{"href":"https:\/\/www.flagbeach.com\/de\/wp-json\/wp\/v2\/pages\/1654","targetHints":{"allow":["GET"]}}],"collection":[{"href":"https:\/\/www.flagbeach.com\/de\/wp-json\/wp\/v2\/pages"}],"about":[{"href":"https:\/\/www.flagbeach.com\/de\/wp-json\/wp\/v2\/types\/page"}],"author":[{"embeddable":true,"href":"https:\/\/www.flagbeach.com\/de\/wp-json\/wp\/v2\/users\/1"}],"replies":[{"embeddable":true,"href":"https:\/\/www.flagbeach.com\/de\/wp-json\/wp\/v2\/comments?post=1654"}],"version-history":[{"count":22,"href":"https:\/\/www.flagbeach.com\/de\/wp-json\/wp\/v2\/pages\/1654\/revisions"}],"predecessor-version":[{"id":13831,"href":"https:\/\/www.flagbeach.com\/de\/wp-json\/wp\/v2\/pages\/1654\/revisions\/13831"}],"up":[{"embeddable":true,"href":"https:\/\/www.flagbeach.com\/de\/wp-json\/wp\/v2\/pages\/1652"}],"wp:attachment":[{"href":"https:\/\/www.flagbeach.com\/de\/wp-json\/wp\/v2\/media?parent=1654"}],"curies":[{"name":"wp","href":"https:\/\/api.w.org\/{rel}","templated":true}]}}