{"id":1648,"date":"2021-03-20T15:38:52","date_gmt":"2021-03-20T15:38:52","guid":{"rendered":"https:\/\/flagbeach.com\/ueber-uns\/unser-team\/"},"modified":"2026-01-21T11:58:33","modified_gmt":"2026-01-21T11:58:33","slug":"unser-team","status":"publish","type":"page","link":"https:\/\/www.flagbeach.com\/de\/ueber-uns\/unser-team\/","title":{"rendered":"Unser Team"},"content":{"rendered":"\n<div class=\"wp-block-cover alignfull has-background-dim-100 has-background-dim has-background-gradient has-custom-content-position is-position-top-left\" style=\"min-height:30vw;aspect-ratio:unset;\"><span aria-hidden=\"true\" class=\"wp-block-cover__gradient-background\" style=\"background:linear-gradient(180deg,rgb(20,62,94) 0%,rgba(255,255,255,0) 48%,rgba(20,61,93,0) 67%,rgb(20,62,94) 100%)\"><\/span><img loading=\"lazy\" decoding=\"async\" width=\"1600\" height=\"600\" sizes=\"auto, (max-width: 799px) 200vw, (max-width: 1600px) 100vw, 1600px\" class=\"wp-block-cover__image-background wp-image-772\" alt=\"\" src=\"https:\/\/www.flagbeach.com\/wp-content\/uploads\/2021\/02\/team.jpg\" style=\"object-position:57% 51%\" data-object-fit=\"cover\" data-object-position=\"57% 51%\" srcset=\"https:\/\/www.flagbeach.com\/wp-content\/uploads\/2021\/02\/team.jpg 1600w, https:\/\/www.flagbeach.com\/wp-content\/uploads\/2021\/02\/team-300x113.jpg 300w, https:\/\/www.flagbeach.com\/wp-content\/uploads\/2021\/02\/team-1024x384.jpg 1024w, https:\/\/www.flagbeach.com\/wp-content\/uploads\/2021\/02\/team-768x288.jpg 768w, https:\/\/www.flagbeach.com\/wp-content\/uploads\/2021\/02\/team-1536x576.jpg 1536w, https:\/\/www.flagbeach.com\/wp-content\/uploads\/2021\/02\/team-1568x588.jpg 1568w\" \/><div class=\"wp-block-cover__inner-container is-layout-flow wp-block-cover-is-layout-flow\">\n<h1 class=\"has-text-align-left has-subtle-color has-text-color wp-block-heading\"><span class=\"has-inline-color has-white-color\">Unser Lehrer Team<\/span><\/h1>\n\n\n\n<p><\/p>\n<\/div><\/div>\n\n<div class=\"wp-block-group alignfull\"><div class=\"wp-block-group__inner-container is-layout-flow wp-block-group-is-layout-flow\">\n<h3 class=\"wp-block-heading\">Treffen Sie unsere Lehrer und das gesamte Team, das Flag Beach zu einem so gro\u00dfartigen Ort macht, um Wassersport zu lernen und die Wellen zu genie\u00dfen.<\/h3>\n\n\n\n<div class=\"wp-block-group alignfull is-style-default\"><div class=\"wp-block-group__inner-container is-layout-flow wp-block-group-is-layout-flow\">\n<div class=\"wp-block-columns alignwide tw-justify-center tw-gutter-large has-text-align-center is-layout-flex wp-container-core-columns-is-layout-d0b3c9c8 wp-block-columns-is-layout-flex\">\n<div class=\"wp-block-column is-layout-flow wp-block-column-is-layout-flow\">\n<div class=\"wp-block-image\"><figure class=\"aligncenter size-large\"><img loading=\"lazy\" decoding=\"async\" width=\"2560\" height=\"1437\" src=\"https:\/\/www.flagbeach.com\/wp-content\/uploads\/2022\/05\/DSC_0078-edited-scaled.jpg\" alt=\"\" class=\"wp-image-3279\" srcset=\"https:\/\/www.flagbeach.com\/wp-content\/uploads\/2022\/05\/DSC_0078-edited-scaled.jpg 2560w, https:\/\/www.flagbeach.com\/wp-content\/uploads\/2022\/05\/DSC_0078-edited-300x168.jpg 300w, https:\/\/www.flagbeach.com\/wp-content\/uploads\/2022\/05\/DSC_0078-edited-1024x575.jpg 1024w, https:\/\/www.flagbeach.com\/wp-content\/uploads\/2022\/05\/DSC_0078-edited-768x431.jpg 768w, https:\/\/www.flagbeach.com\/wp-content\/uploads\/2022\/05\/DSC_0078-edited-1536x862.jpg 1536w, https:\/\/www.flagbeach.com\/wp-content\/uploads\/2022\/05\/DSC_0078-edited-2048x1150.jpg 2048w, https:\/\/www.flagbeach.com\/wp-content\/uploads\/2022\/05\/DSC_0078-edited-1568x880.jpg 1568w\" sizes=\"auto, (max-width: 2560px) 100vw, 2560px\" \/><\/figure><\/div>\n\n\n\n<h3 class=\"tw-mb-2 has-large-font-size wp-block-heading\">Paul<\/h3>\n\n\n\n<p class=\"has-small-font-size\"><strong>Kitesurf, SUP, Wingfoil and Surf Instructor<\/strong><\/p>\n\n\n\n<p>Paul is einer unserer langj\u00e4hrigen, ortsans\u00e4ssigen Lehrer und kennt unsere Str\u00e4nde in und auswendig. Er liebt die Natur generell und ganz besonders auf dem Wasser zu sein. Ausserdem mag er es zu reisen und fremde Menschen und Kulturen kennen zu lernen.<\/p>\n\n\n\n<p><strong>Qualifikationen<\/strong><br\/>BKSA, RYA Motorboot<\/p>\n\n\n\n<p><strong>Sprachkenntnisse<\/strong><br\/>Englisch<\/p>\n\n\n\n<p><strong>Sportarten<\/strong><br\/>Kitesurfen, SUP, Surfen<\/p>\n<\/div>\n\n\n\n<div class=\"wp-block-column is-layout-flow wp-block-column-is-layout-flow\">\n<div class=\"wp-block-image\"><figure class=\"aligncenter size-large\"><img decoding=\"async\" src=\"https:\/\/www.flagbeach.com\/wp-content\/uploads\/2022\/05\/IMG_20200613_114354-scaled_540x285_acf_cropped-edited.jpg\" alt=\"Windsurflehrer Martin\" class=\"wp-image-3285\"\/><\/figure><\/div>\n\n\n\n<h3 class=\"tw-mb-2 has-large-font-size wp-block-heading\">Martin<\/h3>\n\n\n\n<p class=\"has-small-font-size\"><strong>Windsurflehrer<\/strong><\/p>\n\n\n\n<p>Martin kommt aus Bulgarien und spricht Bulgarisch, Englisch, Niederl\u00e4ndisch und Spanisch. Er kommt aus der Welt des Segelns und der Hobie Cats und ist unser Haupt-Windsurflehrer. Er kann auch Surfen unterrichten. Er liebt es zu reisen und hat sich seinen Traum erf\u00fcllt, die Osterinsel zu besuchen!<\/p>\n\n\n\n<p><strong>Qualifikationen<\/strong><br\/>VDWS Windsurfen, ISA Surfen<\/p>\n\n\n\n<p><strong>Sprachkenntnisse<\/strong><br\/>Bulgarisch, Niederl\u00e4ndisch, Englisch, Spanisch<\/p>\n\n\n\n<p><strong>Sportarten<\/strong><br\/>Segeln, Surfen, Windsurfen<\/p>\n<\/div>\n\n\n\n<div class=\"wp-block-column is-layout-flow wp-block-column-is-layout-flow\">\n<div class=\"wp-block-image\"><figure class=\"aligncenter size-large\"><img loading=\"lazy\" decoding=\"async\" width=\"507\" height=\"285\" src=\"https:\/\/www.flagbeach.com\/wp-content\/uploads\/2022\/05\/IMG_8023_540x285_acf_cropped-edited.jpg\" alt=\"Windsurflehrer Maxim\" class=\"wp-image-3282\" srcset=\"https:\/\/www.flagbeach.com\/wp-content\/uploads\/2022\/05\/IMG_8023_540x285_acf_cropped-edited.jpg 507w, https:\/\/www.flagbeach.com\/wp-content\/uploads\/2022\/05\/IMG_8023_540x285_acf_cropped-edited-300x169.jpg 300w\" sizes=\"auto, (max-width: 507px) 100vw, 507px\" \/><\/figure><\/div>\n\n\n\n<h3 class=\"tw-mb-2 has-large-font-size wp-block-heading\">Maxim<\/h3>\n\n\n\n<p class=\"has-small-font-size\"><strong>Kitesurf-, Surf- &amp; Windsurflehrer<\/strong><\/p>\n\n\n\n<p>Maxim kommt aus Holland und ist bereits die zweite Saison bei Flag Beach\u2026 Sein Leben ist der Wassersport und sein Ziel, an den besten Orten der Welt zu segeln und zu surfen. Er ist ausserdem ein Ski- und Snowboardlehrer.<\/p>\n\n\n\n<p><strong>Qualifikationen<\/strong><br\/>ISA, Bootsf\u00fchrerschein<\/p>\n\n\n\n<p><strong>Sprachkenntnisse<\/strong><br\/>Niederl\u00e4ndisch, Englisch, Deutsch<\/p>\n\n\n\n<p><strong>Sportarten<\/strong><br\/>Kitesurfen, Surfen, Windsurfen<\/p>\n<\/div>\n\n\n\n<div class=\"wp-block-column is-layout-flow wp-block-column-is-layout-flow\">\n<div class=\"wp-block-image\"><figure class=\"aligncenter size-large\"><img loading=\"lazy\" decoding=\"async\" width=\"2560\" height=\"1443\" src=\"https:\/\/www.flagbeach.com\/wp-content\/uploads\/2022\/05\/DSC02570-edited-1-scaled.jpg\" alt=\"Ben, Besitzer von Flag Beach\" class=\"wp-image-3303\" srcset=\"https:\/\/www.flagbeach.com\/wp-content\/uploads\/2022\/05\/DSC02570-edited-1-scaled.jpg 2560w, https:\/\/www.flagbeach.com\/wp-content\/uploads\/2022\/05\/DSC02570-edited-1-300x169.jpg 300w, https:\/\/www.flagbeach.com\/wp-content\/uploads\/2022\/05\/DSC02570-edited-1-1024x577.jpg 1024w, https:\/\/www.flagbeach.com\/wp-content\/uploads\/2022\/05\/DSC02570-edited-1-768x433.jpg 768w, https:\/\/www.flagbeach.com\/wp-content\/uploads\/2022\/05\/DSC02570-edited-1-1536x866.jpg 1536w, https:\/\/www.flagbeach.com\/wp-content\/uploads\/2022\/05\/DSC02570-edited-1-2048x1154.jpg 2048w, https:\/\/www.flagbeach.com\/wp-content\/uploads\/2022\/05\/DSC02570-edited-1-1568x884.jpg 1568w\" sizes=\"auto, (max-width: 2560px) 100vw, 2560px\" \/><\/figure><\/div>\n\n\n\n<h3 class=\"tw-mb-2 has-large-font-size wp-block-heading\">Ben<\/h3>\n\n\n\n<p class=\"has-small-font-size\"><strong>Eigent\u00fcmer<\/strong><\/p>\n\n\n\n<p>Ben ist der Eigent\u00fcmer des Flag Beach Windsurf,- Surf- und Kitesurfzentrums. Er startete sein Business 1988 im Alter von 19 Jahren, zu Beginn ausschliesslich mit dem Verleih von Windsurfausr\u00fcstung. Geboren in Las Palmas, aber urspr\u00fcnglich aus Cornwall, England und mit 16 Jahren hierher gezogen. Er spricht Englisch, Spanisch, Deutsch, Italienisch und Franz\u00f6sisch. Ben trifft alle Entscheidungen bez\u00fcglich Flag Beach.<\/p>\n\n\n\n<p><strong>Qualifikationen<\/strong><br\/>VDWS, RYA, FEV<\/p>\n\n\n\n<p><strong>Sprachkenntnisse<\/strong><br\/>Englisch, Franz\u00f6sisch, Deutsch, Italienisch, Spanisch<\/p>\n\n\n\n<p><strong>Sportarten<\/strong><br\/>Kitesurfen, Segeln, Windsurfen<\/p>\n<\/div>\n<\/div>\n\n\n\n<div class=\"wp-block-columns alignwide tw-justify-center tw-gutter-large has-text-align-center is-layout-flex wp-container-core-columns-is-layout-d0b3c9c8 wp-block-columns-is-layout-flex\">\n<div class=\"wp-block-column is-layout-flow wp-block-column-is-layout-flow\">\n<div class=\"wp-block-image\"><figure class=\"aligncenter size-large\"><img loading=\"lazy\" decoding=\"async\" width=\"507\" height=\"285\" src=\"https:\/\/www.flagbeach.com\/wp-content\/uploads\/2022\/05\/rachel-edited.jpg\" alt=\"Rachel\" class=\"wp-image-3288\" srcset=\"https:\/\/www.flagbeach.com\/wp-content\/uploads\/2022\/05\/rachel-edited.jpg 507w, https:\/\/www.flagbeach.com\/wp-content\/uploads\/2022\/05\/rachel-edited-300x169.jpg 300w\" sizes=\"auto, (max-width: 507px) 100vw, 507px\" \/><\/figure><\/div>\n\n\n\n<h3 class=\"tw-mb-2 has-large-font-size wp-block-heading\">Rachel<\/h3>\n\n\n\n<p class=\"has-small-font-size\"><strong>Gesch\u00e4ftsverwalterin<\/strong><\/p>\n\n\n\n<p>Rachel (Bens Schwester) hilft bei der Verwaltung von Flag Beach, insbesondere im administrativen\/b\u00fcrotechnischen Bereich, bei Reservierungen und der Verwaltung der Hostels, Apartments, Villen usw.<br\/>Sie arbeitet seit der Gr\u00fcndung 1988 mit Unterbrechungen bei Flag Beach, kehrte jedoch 1998 endg\u00fcltig zur\u00fcck. Rachel ist spanischer Muttersprachlerin und beherrscht auch verschiedene andere Sprachen auf einem grundlegenden Niveau, darunter Franz\u00f6sisch. In ihrer Freizeit segelt, taucht, radelt und wandert sie gerne.<\/p>\n\n\n\n<p><strong>Sprachkenntnisse<\/strong><br\/>Englisch, Spanish<\/p>\n<\/div>\n\n\n\n<div class=\"wp-block-column is-layout-flow wp-block-column-is-layout-flow\">\n<div class=\"wp-block-image\"><figure class=\"aligncenter size-large\"><img loading=\"lazy\" decoding=\"async\" width=\"507\" height=\"285\" src=\"https:\/\/www.flagbeach.com\/wp-content\/uploads\/2022\/05\/clare-edited.jpg\" alt=\"Claire\" class=\"wp-image-3291\" srcset=\"https:\/\/www.flagbeach.com\/wp-content\/uploads\/2022\/05\/clare-edited.jpg 507w, https:\/\/www.flagbeach.com\/wp-content\/uploads\/2022\/05\/clare-edited-300x169.jpg 300w\" sizes=\"auto, (max-width: 507px) 100vw, 507px\" \/><\/figure><\/div>\n\n\n\n<h3 class=\"tw-mb-2 has-large-font-size wp-block-heading\">Claire<\/h3>\n\n\n\n<p class=\"has-small-font-size\"><strong><strong>Gesch\u00e4ftsverwalterin<\/strong><\/strong><\/p>\n\n\n\n<p>Claire arbeitet zusammen mit Rachel in der Verwaltung, wo sie die Reservierungen bearbeitet und die hilft die Unterk\u00fcnfte zu managen. Claire lebt seit Juni 2005 auf Fuerteventura und spricht Spanisch und Englisch. Claire liebt es draussen zu sein, ihre Katzen und Aromatherapie.<\/p>\n\n\n\n<p><strong>Sprachkenntnisse<\/strong><br\/>Englisch, Spanish<\/p>\n<\/div>\n\n\n\n<div class=\"wp-block-column is-layout-flow wp-block-column-is-layout-flow\">\n<div class=\"wp-block-image\"><figure class=\"aligncenter size-large\"><img loading=\"lazy\" decoding=\"async\" width=\"1701\" height=\"959\" src=\"https:\/\/www.flagbeach.com\/wp-content\/uploads\/2022\/05\/Michi-e1642598370255-edited-1.jpg\" alt=\"\" class=\"wp-image-3275\" srcset=\"https:\/\/www.flagbeach.com\/wp-content\/uploads\/2022\/05\/Michi-e1642598370255-edited-1.jpg 1701w, https:\/\/www.flagbeach.com\/wp-content\/uploads\/2022\/05\/Michi-e1642598370255-edited-1-300x169.jpg 300w, https:\/\/www.flagbeach.com\/wp-content\/uploads\/2022\/05\/Michi-e1642598370255-edited-1-1024x577.jpg 1024w, https:\/\/www.flagbeach.com\/wp-content\/uploads\/2022\/05\/Michi-e1642598370255-edited-1-768x433.jpg 768w, https:\/\/www.flagbeach.com\/wp-content\/uploads\/2022\/05\/Michi-e1642598370255-edited-1-1536x866.jpg 1536w, https:\/\/www.flagbeach.com\/wp-content\/uploads\/2022\/05\/Michi-e1642598370255-edited-1-1568x884.jpg 1568w\" sizes=\"auto, (max-width: 1701px) 100vw, 1701px\" \/><\/figure><\/div>\n\n\n\n<h3 class=\"tw-mb-2 has-large-font-size wp-block-heading\">Michiel<\/h3>\n\n\n\n<p class=\"has-small-font-size\"><strong>Rezeption &amp; Windsurf-Lehrer<\/strong><\/p>\n\n\n\n<p>Michiel kommt aus Belgien und ist verr\u00fcckt nach Windsurfen. Er ist ein Vollzeitmitarbeiter bei Flag Beach.<\/p>\n\n\n\n<p><strong>Qualifikationen<\/strong><br\/>VDWS Windsurfen<\/p>\n\n\n\n<p><strong>Sprachkenntnisse<\/strong><br\/>Niederl\u00e4ndisch, Englisch, Franz\u00f6sisch<\/p>\n\n\n\n<p><strong>Sportarten<\/strong><br\/>Windsurfen<\/p>\n<\/div>\n\n\n\n<div class=\"wp-block-column is-layout-flow wp-block-column-is-layout-flow\">\n<div class=\"wp-block-image\"><figure class=\"aligncenter size-large\"><img decoding=\"async\" src=\"https:\/\/www.flagbeach.com\/wp-content\/uploads\/2022\/05\/b7d8a6dd-bb9c-4d35-9f53-45b4ce3ba5d5_540x285_acf_cropped-edited.jpeg\" alt=\"Tristan Kitesurflehrer\" class=\"wp-image-3294\"\/><\/figure><\/div>\n\n\n\n<h3 class=\"tw-mb-2 has-large-font-size wp-block-heading\">Tristan<\/h3>\n\n\n\n<p class=\"has-small-font-size\"><strong>Kitesurf- und Surflehrer<\/strong><\/p>\n\n\n\n<p><strong>Sprachkenntnisse<\/strong><br\/>Englisch, Franz\u00f6sisch<\/p>\n\n\n\n<p><strong>Sportarten<\/strong><br\/>Kitesurfen, surfen<\/p>\n<\/div>\n<\/div>\n\n\n\n<div class=\"wp-block-columns alignwide tw-justify-center tw-gutter-large has-text-align-center is-layout-flex wp-container-core-columns-is-layout-d0b3c9c8 wp-block-columns-is-layout-flex\">\n<div class=\"wp-block-column is-layout-flow wp-block-column-is-layout-flow\">\n<div class=\"wp-block-image\"><figure class=\"aligncenter size-large\"><img decoding=\"async\" src=\"https:\/\/www.flagbeach.com\/wp-content\/uploads\/2022\/05\/IMG-6805-scaled_540x285_acf_cropped-edited.jpg\" alt=\"Kitesurflehrer Andrea\" class=\"wp-image-3297\"\/><\/figure><\/div>\n\n\n\n<h3 class=\"tw-mb-2 has-large-font-size wp-block-heading\">Andrea<\/h3>\n\n\n\n<p class=\"has-small-font-size\"><strong>Kitesurflehrer<\/strong><\/p>\n\n\n\n<p><strong>Sprachkenntnisse<\/strong><br\/>Englisch, Italienisch, Spanisch<\/p>\n\n\n\n<p><strong>Sportarten<\/strong><br\/>Kitesurfen<\/p>\n<\/div>\n\n\n\n<div class=\"wp-block-column is-layout-flow wp-block-column-is-layout-flow\"><\/div>\n\n\n\n<div class=\"wp-block-column is-layout-flow wp-block-column-is-layout-flow\"><\/div>\n\n\n\n<div class=\"wp-block-column is-layout-flow wp-block-column-is-layout-flow\"><\/div>\n<\/div>\n<\/div><\/div>\n<\/div><\/div>\n\n<hr class=\"wp-block-separator\"\/>\n\n<div class=\"wp-block-cover alignfull\" style=\"min-height:282px;aspect-ratio:unset;\"><img loading=\"lazy\" decoding=\"async\" width=\"1600\" height=\"700\" sizes=\"auto, (max-width: 799px) 200vw, (max-width: 1600px) 100vw, 1600px\" class=\"wp-block-cover__image-background wp-image-14\" alt=\"\" src=\"https:\/\/www.flagbeach.com\/wp-content\/uploads\/2021\/01\/fb-hero-1600-1.jpg\" style=\"object-position:50% 21%\" data-object-fit=\"cover\" data-object-position=\"50% 21%\" srcset=\"https:\/\/www.flagbeach.com\/wp-content\/uploads\/2021\/01\/fb-hero-1600-1.jpg 1600w, https:\/\/www.flagbeach.com\/wp-content\/uploads\/2021\/01\/fb-hero-1600-1-300x131.jpg 300w, https:\/\/www.flagbeach.com\/wp-content\/uploads\/2021\/01\/fb-hero-1600-1-1024x448.jpg 1024w, https:\/\/www.flagbeach.com\/wp-content\/uploads\/2021\/01\/fb-hero-1600-1-768x336.jpg 768w, https:\/\/www.flagbeach.com\/wp-content\/uploads\/2021\/01\/fb-hero-1600-1-1536x672.jpg 1536w, https:\/\/www.flagbeach.com\/wp-content\/uploads\/2021\/01\/fb-hero-1600-1-1568x686.jpg 1568w\" \/><div class=\"wp-block-cover__inner-container is-layout-flow wp-block-cover-is-layout-flow\">\n<p class=\"has-text-align-center has-large-font-size\"><\/p>\n<\/div><\/div>\n","protected":false},"excerpt":{"rendered":"<p>Treffen Sie unsere Lehrer und das gesamte Team, das Flag Beach zu einem so gro\u00dfartigen Ort macht, um Wassersport zu lernen und die Wellen zu genie\u00dfen. Paul Kitesurf, SUP, Wingfoil and Surf Instructor Paul is einer unserer langj\u00e4hrigen, ortsans\u00e4ssigen Lehrer und kennt unsere Str\u00e4nde in und auswendig. Er liebt die Natur generell und ganz besonders&hellip; <a class=\"more-link\" href=\"https:\/\/www.flagbeach.com\/de\/ueber-uns\/unser-team\/\"><span class=\"screen-reader-text\">Unser Team<\/span> weiterlesen<\/a><\/p>\n","protected":false},"author":1,"featured_media":0,"parent":1510,"menu_order":0,"comment_status":"closed","ping_status":"closed","template":"tw-header-transparent.php","meta":{"footnotes":""},"class_list":["post-1648","page","type-page","status-publish","hentry","entry"],"_links":{"self":[{"href":"https:\/\/www.flagbeach.com\/de\/wp-json\/wp\/v2\/pages\/1648","targetHints":{"allow":["GET"]}}],"collection":[{"href":"https:\/\/www.flagbeach.com\/de\/wp-json\/wp\/v2\/pages"}],"about":[{"href":"https:\/\/www.flagbeach.com\/de\/wp-json\/wp\/v2\/types\/page"}],"author":[{"embeddable":true,"href":"https:\/\/www.flagbeach.com\/de\/wp-json\/wp\/v2\/users\/1"}],"replies":[{"embeddable":true,"href":"https:\/\/www.flagbeach.com\/de\/wp-json\/wp\/v2\/comments?post=1648"}],"version-history":[{"count":23,"href":"https:\/\/www.flagbeach.com\/de\/wp-json\/wp\/v2\/pages\/1648\/revisions"}],"predecessor-version":[{"id":13829,"href":"https:\/\/www.flagbeach.com\/de\/wp-json\/wp\/v2\/pages\/1648\/revisions\/13829"}],"up":[{"embeddable":true,"href":"https:\/\/www.flagbeach.com\/de\/wp-json\/wp\/v2\/pages\/1510"}],"wp:attachment":[{"href":"https:\/\/www.flagbeach.com\/de\/wp-json\/wp\/v2\/media?parent=1648"}],"curies":[{"name":"wp","href":"https:\/\/api.w.org\/{rel}","templated":true}]}}