{"id":1512,"date":"2021-03-14T14:43:10","date_gmt":"2021-03-14T14:43:10","guid":{"rendered":"https:\/\/flagbeach.com\/ueber-uns\/stellenangebote\/"},"modified":"2026-01-21T11:40:52","modified_gmt":"2026-01-21T11:40:52","slug":"stellenangebote","status":"publish","type":"page","link":"https:\/\/www.flagbeach.com\/de\/ueber-uns\/stellenangebote\/","title":{"rendered":"Stellenangebote"},"content":{"rendered":"\n<div class=\"wp-block-cover alignfull has-custom-content-position is-position-top-left\" style=\"min-height:30vw;aspect-ratio:unset;\"><img loading=\"lazy\" decoding=\"async\" width=\"1600\" height=\"600\" sizes=\"auto, (max-width: 799px) 200vw, (max-width: 1600px) 100vw, 1600px\" class=\"wp-block-cover__image-background wp-image-1202\" alt=\"\" src=\"https:\/\/www.flagbeach.com\/wp-content\/uploads\/2021\/02\/windsurfing-header.jpg\" style=\"object-position:4% 10%\" data-object-fit=\"cover\" data-object-position=\"4% 10%\" srcset=\"https:\/\/www.flagbeach.com\/wp-content\/uploads\/2021\/02\/windsurfing-header.jpg 1600w, https:\/\/www.flagbeach.com\/wp-content\/uploads\/2021\/02\/windsurfing-header-300x113.jpg 300w, https:\/\/www.flagbeach.com\/wp-content\/uploads\/2021\/02\/windsurfing-header-1024x384.jpg 1024w, https:\/\/www.flagbeach.com\/wp-content\/uploads\/2021\/02\/windsurfing-header-768x288.jpg 768w, https:\/\/www.flagbeach.com\/wp-content\/uploads\/2021\/02\/windsurfing-header-1536x576.jpg 1536w, https:\/\/www.flagbeach.com\/wp-content\/uploads\/2021\/02\/windsurfing-header-1568x588.jpg 1568w\" \/><span aria-hidden=\"true\" class=\"wp-block-cover__background has-background-dim-100 has-background-dim wp-block-cover__gradient-background has-background-gradient\" style=\"background:linear-gradient(180deg,rgb(20,62,94) 0%,rgba(255,255,255,0) 48%,rgba(20,61,93,0) 67%,rgb(20,62,94) 100%)\"><\/span><div class=\"wp-block-cover__inner-container is-layout-flow wp-block-cover-is-layout-flow\">\n<h1 class=\"wp-block-heading has-text-align-left has-subtle-color has-text-color\"><mark style=\"background-color:rgba(0, 0, 0, 0)\" class=\"has-inline-color has-white-color\">Stellenangebote<\/mark><\/h1>\n\n\n\n<p><\/p>\n<\/div><\/div>\n\n<h3 class=\"wp-block-heading\">Wir sind immer auf der Suche nach motivierten, enthusiastischen und professionellen Mitarbeitern f\u00fcr die laufende oder auch die kommende Saison.<\/h3>\n\n<p>Wir stellen Kitesurf-, Windsurf- und Surflehrer, sowie Strandaushilfen ein und fordern von allen Bewerbern einen europ\u00e4ischen F\u00fchrerschein.<\/p>\n\n<p>Bewerber f\u00fcr die Stellen als Lehrer sollten nat\u00fcrlich qualifiziert sein und minimum 2 Sprachen sprechen von denen mindestens eine Englisch, Spanisch, Deutsch, Italienisch oder Franz\u00f6sisch sein muss.<\/p>\n\n<p>Wenn du daran interessiert bist, bei Flag Beach zu arbeiten, sende deinen Lebenslauf mit einem aktuellen Foto an <a href=\"mailto:ben@flagbeach.com\">ben@flagbeach.com<\/a>.<\/p>\n\n<hr class=\"wp-block-separator has-css-opacity\"\/>\n\n<h4 class=\"wp-block-heading\">Kitesurflehrer<\/h4>\n\n<ul class=\"wp-block-list\">\n<li>Mindestqualifikation entweder von IKO oder VDWS<\/li>\n\n\n\n<li>2 Sprachen<\/li>\n\n\n\n<li>Bootsf\u00fchrerschein<\/li>\n\n\n\n<li>Festgehalt<\/li>\n<\/ul>\n\n<hr class=\"wp-block-separator has-css-opacity\"\/>\n\n<h4 class=\"wp-block-heading\">Surflehrer<\/h4>\n\n<ul class=\"wp-block-list\">\n<li>ISA oder gleichwertige Lizenz<\/li>\n\n\n\n<li>2 Sprachen<\/li>\n\n\n\n<li>Festgehalt<\/li>\n<\/ul>\n\n<hr class=\"wp-block-separator has-css-opacity\"\/>\n\n<h4 class=\"wp-block-heading\">Windsurflehrer<\/h4>\n\n<ul class=\"wp-block-list\">\n<li>VDWS-Lizenz<\/li>\n\n\n\n<li>2 Sprachen<\/li>\n\n\n\n<li>Festgehalt<\/li>\n<\/ul>\n\n<hr class=\"wp-block-separator has-css-opacity\"\/>\n\n<h4 class=\"wp-block-heading\">Freiwillige Helfer im Hostel<\/h4>\n\n<ul class=\"wp-block-list\">\n<li>Das ganze Jahr \u00fcber<\/li>\n\n\n\n<li>Person als Gastgeber in einer Herberge<\/li>\n\n\n\n<li>Abenddienst zur Betreuung der G\u00e4ste 18:30-22:00 Uhr<\/li>\n\n\n\n<li>Kostenlose \u00dcbernachtung mit Fr\u00fchst\u00fcck<\/li>\n\n\n\n<li>Muss Englisch sprechen<\/li>\n<\/ul>\n\n<hr class=\"wp-block-separator has-css-opacity\"\/>\n\n<h4 class=\"wp-block-heading\">Zus\u00e4tzliche, bezahlte Teilzeitarbeit:<\/h4>\n\n<ul class=\"wp-block-list\">\n<li>Allgemeine Besorgungen, Flughafentransfers, einfache Gartenarbeit und Reinigung.<\/li>\n\n\n\n<li>F\u00fchrerschein unerl\u00e4sslich.<\/li>\n<\/ul>\n\n<hr class=\"wp-block-separator has-css-opacity\"\/>\n\n<h4 class=\"wp-block-heading\">B\u00fcropersonal<\/h4>\n\n<ul class=\"wp-block-list\">\n<li>Sie m\u00fcssen \u00fcber fundierte Kenntnisse in Excel und Word verf\u00fcgen.<\/li>\n\n\n\n<li>Zu den Aufgaben geh\u00f6ren die Beantwortung von Telefonanrufen, die Bearbeitung von Buchungen f\u00fcr Unterk\u00fcnfte und Sportangebote sowie das Einchecken von G\u00e4sten.<\/li>\n\n\n\n<li>Festgehalt ab 1400 Euro\/Monat bei einem Vertrag mit bezahlten Urlaubstagen f\u00fcr 5 Tage pro Woche.<\/li>\n\n\n\n<li>Mindestens 18 Monate, wir m\u00f6chten niemanden f\u00fcr einen k\u00fcrzeren Zeitraum ausbilden.<\/li>\n<\/ul>\n\n<hr class=\"wp-block-separator has-css-opacity\"\/>\n\n<p>Wenn du daran interessiert bist, bei Flag Beach zu arbeiten, sende deinen Lebenslauf mit einem aktuellen Foto an <a href=\"mailto:ben@flagbeach.com\">ben@flagbeach.com<\/a>.<\/p>\n","protected":false},"excerpt":{"rendered":"<p>Wir sind immer auf der Suche nach motivierten, enthusiastischen und professionellen Mitarbeitern f\u00fcr die laufende oder auch die kommende Saison. Wir stellen Kitesurf-, Windsurf- und Surflehrer, sowie Strandaushilfen ein und fordern von allen Bewerbern einen europ\u00e4ischen F\u00fchrerschein. Bewerber f\u00fcr die Stellen als Lehrer sollten nat\u00fcrlich qualifiziert sein und minimum 2 Sprachen sprechen von denen mindestens&hellip; <a class=\"more-link\" href=\"https:\/\/www.flagbeach.com\/de\/ueber-uns\/stellenangebote\/\"><span class=\"screen-reader-text\">Stellenangebote<\/span> weiterlesen<\/a><\/p>\n","protected":false},"author":1,"featured_media":0,"parent":1510,"menu_order":0,"comment_status":"closed","ping_status":"closed","template":"tw-header-transparent.php","meta":{"footnotes":""},"class_list":["post-1512","page","type-page","status-publish","hentry","entry"],"_links":{"self":[{"href":"https:\/\/www.flagbeach.com\/de\/wp-json\/wp\/v2\/pages\/1512","targetHints":{"allow":["GET"]}}],"collection":[{"href":"https:\/\/www.flagbeach.com\/de\/wp-json\/wp\/v2\/pages"}],"about":[{"href":"https:\/\/www.flagbeach.com\/de\/wp-json\/wp\/v2\/types\/page"}],"author":[{"embeddable":true,"href":"https:\/\/www.flagbeach.com\/de\/wp-json\/wp\/v2\/users\/1"}],"replies":[{"embeddable":true,"href":"https:\/\/www.flagbeach.com\/de\/wp-json\/wp\/v2\/comments?post=1512"}],"version-history":[{"count":19,"href":"https:\/\/www.flagbeach.com\/de\/wp-json\/wp\/v2\/pages\/1512\/revisions"}],"predecessor-version":[{"id":13827,"href":"https:\/\/www.flagbeach.com\/de\/wp-json\/wp\/v2\/pages\/1512\/revisions\/13827"}],"up":[{"embeddable":true,"href":"https:\/\/www.flagbeach.com\/de\/wp-json\/wp\/v2\/pages\/1510"}],"wp:attachment":[{"href":"https:\/\/www.flagbeach.com\/de\/wp-json\/wp\/v2\/media?parent=1512"}],"curies":[{"name":"wp","href":"https:\/\/api.w.org\/{rel}","templated":true}]}}