{"id":13590,"date":"2025-11-20T17:56:29","date_gmt":"2025-11-20T17:56:29","guid":{"rendered":"https:\/\/www.flagbeach.com\/besuche-uns-in-cotillo\/"},"modified":"2026-01-29T09:32:30","modified_gmt":"2026-01-29T09:32:30","slug":"besuche-uns-in-cotillo","status":"publish","type":"page","link":"https:\/\/www.flagbeach.com\/de\/besuche-uns-in-cotillo\/","title":{"rendered":"Besuche uns in Cotillo"},"content":{"rendered":"\n<div class=\"wp-block-cover alignfull has-parallax is-style-default wp-duotone-unset-1\" style=\"min-height:25vw;aspect-ratio:unset;\"><span aria-hidden=\"true\" class=\"wp-block-cover__background has-background-dim-100 has-background-dim has-background-gradient\" style=\"background:linear-gradient(0deg,rgb(20,62,94) 0%,rgba(20,62,94,0) 30%,rgb(20,62,94) 100%)\"><\/span><div class=\"wp-block-cover__image-background wp-image-4125 has-parallax\" style=\"background-position:50% 50%;background-image:url(https:\/\/www.flagbeach.com\/wp-content\/uploads\/2022\/12\/DJI_0008-scaled.jpg);\"><\/div><div class=\"wp-block-cover__inner-container is-layout-constrained wp-block-cover-is-layout-constrained\">\n<div class=\"wp-block-columns alignwide is-layout-flex wp-container-core-columns-is-layout-d0b3c9c8 wp-block-columns-is-layout-flex\">\n<div class=\"wp-block-column is-layout-flow wp-block-column-is-layout-flow\" style=\"--col-width:100%;flex-basis:100%\">\n<p> Tarpons Bay geh\u00f6rt jetzt zu Flag Beach.<\/p>\n<\/div>\n<\/div>\n\n\n\n<div class=\"wp-block-columns alignwide is-layout-flex wp-container-core-columns-is-layout-d0b3c9c8 wp-block-columns-is-layout-flex\">\n<div class=\"wp-block-column is-layout-flow wp-block-column-is-layout-flow\">\n<h1 class=\"wp-block-heading\">Kite- und Surfshop Cotillo<\/h1>\n<\/div>\n<\/div>\n\n\n\n<div class=\"wp-block-columns alignwide is-layout-flex wp-container-core-columns-is-layout-d0b3c9c8 wp-block-columns-is-layout-flex\">\n<div class=\"wp-block-column is-layout-flow wp-block-column-is-layout-flow\"><\/div>\n<\/div>\n<\/div><\/div>\n\n<div class=\"wp-block-columns alignwide is-layout-flex wp-container-core-columns-is-layout-d0b3c9c8 wp-block-columns-is-layout-flex\">\n<div class=\"wp-block-column is-layout-flow wp-block-column-is-layout-flow\">\n<div class=\"wp-block-columns is-layout-flex wp-container-core-columns-is-layout-d0b3c9c8 wp-block-columns-is-layout-flex\">\n<div class=\"wp-block-column is-layout-flow wp-block-column-is-layout-flow\">\n<div style=\"height:100px\" aria-hidden=\"true\" id=\"visit-our-store\" class=\"wp-block-spacer\"><\/div>\n<\/div>\n<\/div>\n<\/div>\n<\/div>\n\n<div class=\"wp-block-columns alignwide are-vertically-aligned-center tw-cols-stack-md tw-gutter-large is-layout-flex wp-container-core-columns-is-layout-d0b3c9c8 wp-block-columns-is-layout-flex\">\n<div class=\"wp-block-column is-vertically-aligned-center is-layout-flow wp-block-column-is-layout-flow\" style=\"--col-width:33.33%;flex-basis:33.33%\">\n<h2 class=\"wp-block-heading\">Besuche unseren Laden<\/h2>\n\n\n\n<h3 class=\"wp-block-heading has-medium-font-size\">Addresse<\/h3>\n\n\n\n<p>Av. Hermanas del Castillo Carreras<br\/>35650 El Cotillo<br\/>Las Palmas, Spain <\/p>\n\n\n\n<h3 class=\"wp-block-heading has-medium-font-size\">\u00d6ffnungszeiten<\/h3>\n\n\n\n<p>Montag bis Sonntag: 9:30 bis 17:30 Uhr<\/p>\n\n\n\n<h3 class=\"wp-block-heading has-medium-font-size\">Kontaktiere uns<\/h3>\n\n\n\n<p><a href=\"tel:+34641374583\" data-type=\"tel\" data-id=\"tel:+34641374583\">+34 641 374 583<br\/><\/a><a href=\"mailto:info@flagbeach.com\">info@flagbeach.com<\/a><\/p>\n<\/div>\n\n\n\n<div class=\"wp-block-column is-vertically-aligned-center is-layout-flow wp-block-column-is-layout-flow\" style=\"--col-width:66.66%;flex-basis:66.66%\">\n<figure>\n  <iframe src=\"https:\/\/www.google.com\/maps\/embed?pb=!1m18!1m12!1m3!1d3449.5851733469224!2d-14.0084472!3d28.6823066!2m3!1f0!2f0!3f0!3m2!1i1024!2i768!4f13.1!3m3!1m2!1s0xc47b56b83e738ef%3A0xb7bb417f65171900!2sFlag%20Beach%20Surf%20and%20Kite%20Shop%20Cotillo!5e0!3m2!1sen!2sde!4v1722351600000!5m2!1sen!2sde\" width=\"1000\" height=\"500\" style=\"border:0;\" allowfullscreen=\"\" loading=\"lazy\" referrerpolicy=\"no-referrer-when-downgrade\">\n  <\/iframe>\n<\/figure>\n<\/div>\n<\/div>\n\n<div class=\"wp-block-columns alignwide is-layout-flex wp-container-core-columns-is-layout-d0b3c9c8 wp-block-columns-is-layout-flex\">\n<div class=\"wp-block-column is-layout-flow wp-block-column-is-layout-flow\" style=\"--col-width:100%;flex-basis:100%\">\n<div style=\"height:100px\" aria-hidden=\"true\" class=\"wp-block-spacer\"><\/div>\n<\/div>\n<\/div>\n\n<div class=\"wp-block-columns alignwide is-layout-flex wp-container-core-columns-is-layout-d0b3c9c8 wp-block-columns-is-layout-flex\">\n<div class=\"wp-block-column is-layout-flow wp-block-column-is-layout-flow\">\n<div class=\"wp-block-group alignfull\"><div class=\"wp-block-group__inner-container is-layout-flow wp-block-group-is-layout-flow\">\n<div class=\"wp-block-group alignfull\"><div class=\"wp-block-group__inner-container is-layout-flow wp-block-group-is-layout-flow\">\n<h2 class=\"wp-block-heading has-text-align-center\">Lerne von Experten<\/h2>\n\n\n\n<p class=\"has-text-align-center\">Seit 1988 unterrichten wir Wassersport an der Nordk\u00fcste von Fuerteventura.<\/p>\n\n\n\n<div class=\"wp-block-columns alignwide tw-cols-card tw-cols-card-shadow is-layout-flex wp-container-core-columns-is-layout-d0b3c9c8 wp-block-columns-is-layout-flex\">\n<div class=\"wp-block-column is-layout-flow wp-block-column-is-layout-flow\" style=\"border-style:none;border-width:0px\">\n<figure class=\"wp-block-image size-large\"><img loading=\"lazy\" decoding=\"async\" width=\"1024\" height=\"512\" src=\"https:\/\/www.flagbeach.com\/wp-content\/uploads\/2023\/03\/kitesurf-1024x512.jpeg\" alt=\"\" class=\"wp-image-5452\" style=\"aspect-ratio:16\/9;object-fit:cover\" srcset=\"https:\/\/www.flagbeach.com\/wp-content\/uploads\/2023\/03\/kitesurf-1024x512.jpeg 1024w, https:\/\/www.flagbeach.com\/wp-content\/uploads\/2023\/03\/kitesurf-300x150.jpeg 300w, https:\/\/www.flagbeach.com\/wp-content\/uploads\/2023\/03\/kitesurf-768x384.jpeg 768w, https:\/\/www.flagbeach.com\/wp-content\/uploads\/2023\/03\/kitesurf-1536x768.jpeg 1536w, https:\/\/www.flagbeach.com\/wp-content\/uploads\/2023\/03\/kitesurf-2048x1024.jpeg 2048w, https:\/\/www.flagbeach.com\/wp-content\/uploads\/2023\/03\/kitesurf-1568x784.jpeg 1568w\" sizes=\"auto, (max-width: 1024px) 100vw, 1024px\" \/><\/figure>\n\n\n\n<h3 class=\"wp-block-heading has-large-font-size\">Kitesurfen<\/h3>\n\n\n\n<div class=\"wp-block-group is-nowrap is-layout-flex wp-container-core-group-is-layout-6c531013 wp-block-group-is-layout-flex\">\n<p>Lerne Kitesurfen oder verbessere deine F\u00e4higkeiten am besten Wassersportort Fuerteventuras. Seit 1999 helfen unsere professionellen Lehrer Anf\u00e4ngern und Profis dabei, mit Selbstvertrauen zu surfen. <\/p>\n\n\n\n<div style=\"height:100px;width:0px\" aria-hidden=\"true\" class=\"wp-block-spacer wp-container-content-6388d5dc\"><\/div>\n<\/div>\n\n\n\n<div class=\"wp-block-buttons is-layout-flex wp-container-core-buttons-is-layout-9bedd9bf wp-block-buttons-is-layout-flex\">\n<div class=\"wp-block-button\"><a class=\"wp-block-button__link wp-element-button\" href=\"https:\/\/www.flagbeach.com\/de\/kitesurfen\/kitesurfkurse\/\">Buche jetzt deinen Unterricht<\/a><\/div>\n<\/div>\n<\/div>\n\n\n\n<div class=\"wp-block-column is-vertically-aligned-stretch is-layout-flow wp-block-column-is-layout-flow\">\n<figure class=\"wp-block-image size-large\"><img loading=\"lazy\" decoding=\"async\" width=\"1024\" height=\"384\" src=\"https:\/\/www.flagbeach.com\/wp-content\/uploads\/2021\/02\/surfing-big-2-1024x384.jpg\" alt=\"Surfkurse bei Flag Beach\" class=\"wp-image-857\" style=\"aspect-ratio:16\/9;object-fit:cover\" srcset=\"https:\/\/www.flagbeach.com\/wp-content\/uploads\/2021\/02\/surfing-big-2-1024x384.jpg 1024w, https:\/\/www.flagbeach.com\/wp-content\/uploads\/2021\/02\/surfing-big-2-300x113.jpg 300w, https:\/\/www.flagbeach.com\/wp-content\/uploads\/2021\/02\/surfing-big-2-768x288.jpg 768w, https:\/\/www.flagbeach.com\/wp-content\/uploads\/2021\/02\/surfing-big-2.jpg 1440w\" sizes=\"auto, (max-width: 1024px) 100vw, 1024px\" \/><\/figure>\n\n\n\n<h3 class=\"wp-block-heading has-large-font-size\">Surfen<\/h3>\n\n\n\n<div class=\"wp-block-group is-nowrap is-layout-flex wp-container-core-group-is-layout-6c531013 wp-block-group-is-layout-flex\">\n<p>Erlebe deine erste Welle oder verbessere deine F\u00e4higkeiten an den Weltklasse-Surfspots von Fuerteventura. T\u00e4glicher Unterricht und professionelles Coaching f\u00fcr alle Niveaus. <\/p>\n\n\n\n<div style=\"height:100px;width:0px\" aria-hidden=\"true\" class=\"wp-block-spacer wp-container-content-6388d5dc\"><\/div>\n<\/div>\n\n\n\n<div class=\"wp-block-buttons is-content-justification-left is-layout-flex wp-container-core-buttons-is-layout-f236198a wp-block-buttons-is-layout-flex\">\n<div class=\"wp-block-button\"><a class=\"wp-block-button__link wp-element-button\" href=\"https:\/\/www.flagbeach.com\/de\/surfen\/surfkurse\/\">Nimm an einer Surfstunde teil<\/a><\/div>\n<\/div>\n<\/div>\n\n\n\n<div class=\"wp-block-column is-vertically-aligned-stretch is-layout-flow wp-block-column-is-layout-flow\">\n<figure class=\"wp-block-image size-large\"><img loading=\"lazy\" decoding=\"async\" width=\"1024\" height=\"683\" src=\"https:\/\/www.flagbeach.com\/wp-content\/uploads\/2021\/10\/DSC03690-1024x683.jpg\" alt=\"\" class=\"wp-image-2761\" style=\"aspect-ratio:16\/9;object-fit:cover\" srcset=\"https:\/\/www.flagbeach.com\/wp-content\/uploads\/2021\/10\/DSC03690-1024x683.jpg 1024w, https:\/\/www.flagbeach.com\/wp-content\/uploads\/2021\/10\/DSC03690-300x200.jpg 300w, https:\/\/www.flagbeach.com\/wp-content\/uploads\/2021\/10\/DSC03690-768x512.jpg 768w, https:\/\/www.flagbeach.com\/wp-content\/uploads\/2021\/10\/DSC03690-1536x1024.jpg 1536w, https:\/\/www.flagbeach.com\/wp-content\/uploads\/2021\/10\/DSC03690-2048x1365.jpg 2048w, https:\/\/www.flagbeach.com\/wp-content\/uploads\/2021\/10\/DSC03690-1568x1045.jpg 1568w\" sizes=\"auto, (max-width: 1024px) 100vw, 1024px\" \/><\/figure>\n\n\n\n<h3 class=\"wp-block-heading has-large-font-size\">Windsurfen<\/h3>\n\n\n\n<div class=\"wp-block-group is-nowrap is-layout-flex wp-container-core-group-is-layout-6c531013 wp-block-group-is-layout-flex\">\n<p>Stetige Winde, warmes Wasser \u2013 der perfekte Ort, um anzufangen oder Fortschritte zu machen. Seit 1988 betreiben wir Windsurfen an der Nordk\u00fcste Fuerteventuras. <\/p>\n\n\n\n<div style=\"height:100px;width:0px\" aria-hidden=\"true\" class=\"wp-block-spacer wp-container-content-6388d5dc\"><\/div>\n<\/div>\n\n\n\n<div class=\"wp-block-buttons is-content-justification-left is-layout-flex wp-container-core-buttons-is-layout-fc4fd283 wp-block-buttons-is-layout-flex\">\n<div class=\"wp-block-button\"><a class=\"wp-block-button__link wp-element-button\" href=\"https:\/\/www.flagbeach.com\/de\/windsurf\/windsurfkurse\/\">Beginne noch heute mit Windsurfen<\/a><\/div>\n<\/div>\n<\/div>\n<\/div>\n<\/div><\/div>\n<\/div><\/div>\n<\/div>\n<\/div>\n\n<div class=\"wp-block-columns alignwide is-layout-flex wp-container-core-columns-is-layout-d0b3c9c8 wp-block-columns-is-layout-flex\">\n<div class=\"wp-block-column is-layout-flow wp-block-column-is-layout-flow\" style=\"--col-width:100%;flex-basis:100%\">\n<div style=\"height:100px\" aria-hidden=\"true\" class=\"wp-block-spacer\"><\/div>\n<\/div>\n<\/div>\n\n<div class=\"wp-block-getwid-image-box alignwide has-text-center has-mobile-layout-default has-mobile-alignment-default\"><div style=\"margin-top:2em\" class=\"wp-block-getwid-image-box__image-container is-position-top\"><div class=\"wp-block-getwid-image-box__image-wrapper\"><img loading=\"lazy\" decoding=\"async\" width=\"2560\" height=\"1722\" src=\"https:\/\/www.flagbeach.com\/wp-content\/uploads\/2022\/05\/DSC01659-1-scaled.jpg\" alt=\"\" class=\"wp-block-getwid-image-box__image wp-image-3207\" srcset=\"https:\/\/www.flagbeach.com\/wp-content\/uploads\/2022\/05\/DSC01659-1-scaled.jpg 2560w, https:\/\/www.flagbeach.com\/wp-content\/uploads\/2022\/05\/DSC01659-1-300x202.jpg 300w, https:\/\/www.flagbeach.com\/wp-content\/uploads\/2022\/05\/DSC01659-1-1024x689.jpg 1024w, https:\/\/www.flagbeach.com\/wp-content\/uploads\/2022\/05\/DSC01659-1-768x517.jpg 768w, https:\/\/www.flagbeach.com\/wp-content\/uploads\/2022\/05\/DSC01659-1-1536x1033.jpg 1536w, https:\/\/www.flagbeach.com\/wp-content\/uploads\/2022\/05\/DSC01659-1-2048x1378.jpg 2048w, https:\/\/www.flagbeach.com\/wp-content\/uploads\/2022\/05\/DSC01659-1-1568x1055.jpg 1568w\" sizes=\"auto, (max-width: 2560px) 100vw, 2560px\" \/><\/div><\/div><div class=\"wp-block-getwid-image-box__content\">\n<h2 class=\"wp-block-heading\">Bleibe bei uns<\/h2>\n\n\n\n<p>Entspanne in handverlesenen Apartments an der Nordk\u00fcste Fuerteventuras \u2013 immer in Strandn\u00e4he, mit perfekten Surfbedingungen und einer tollen Atmosph\u00e4re.<br\/>Ideal f\u00fcr Kitesurfer, Surfer und Sonnenanbeter gleicherma\u00dfen.<\/p>\n<\/div><\/div>\n\n<div class=\"wp-block-buttons is-content-justification-center is-layout-flex wp-container-core-buttons-is-layout-a89b3969 wp-block-buttons-is-layout-flex\">\n<div class=\"wp-block-button\"><a class=\"wp-block-button__link wp-element-button\" href=\"https:\/\/www.flagbeach.com\/de\/unterkuenfte\/\">Unterkunft finden<\/a><\/div>\n<\/div>\n\n<div style=\"height:100px\" aria-hidden=\"true\" class=\"wp-block-spacer\"><\/div>\n\n<div class=\"wp-block-group alignfull has-subtle-background-color has-background\"><div class=\"wp-block-group__inner-container is-layout-flow wp-block-group-is-layout-flow\">\n<h2 class=\"wp-block-heading has-text-align-center\">Hast du noch Fragen?<\/h2>\n\n\n\n<div class=\"wp-block-buttons is-content-justification-center is-layout-flex wp-container-core-buttons-is-layout-a89b3969 wp-block-buttons-is-layout-flex\">\n<div class=\"wp-block-button\"><a class=\"wp-block-button__link wp-element-button\" href=\"https:\/\/www.flagbeach.com\/de\/kontaktieren-sie-uns\/\">Kontaktiere uns<\/a><\/div>\n\n\n\n<div class=\"wp-block-button is-style-outline is-style-outline--2\"><a class=\"wp-block-button__link wp-element-button\">Besuche unseren Laden<\/a><\/div>\n<\/div>\n<\/div><\/div>\n","protected":false},"excerpt":{"rendered":"<p>Besuche unseren Laden Addresse Av. Hermanas del Castillo Carreras35650 El CotilloLas Palmas, Spain \u00d6ffnungszeiten Montag bis Sonntag: 9:30 bis 17:30 Uhr Kontaktiere uns +34 641 374 583info@flagbeach.com Lerne von Experten Seit 1988 unterrichten wir Wassersport an der Nordk\u00fcste von Fuerteventura. Kitesurfen Lerne Kitesurfen oder verbessere deine F\u00e4higkeiten am besten Wassersportort Fuerteventuras. Seit 1999 helfen unsere&hellip; <a class=\"more-link\" href=\"https:\/\/www.flagbeach.com\/de\/besuche-uns-in-cotillo\/\"><span class=\"screen-reader-text\">Besuche uns in Cotillo<\/span> weiterlesen<\/a><\/p>\n","protected":false},"author":5,"featured_media":4125,"parent":0,"menu_order":0,"comment_status":"closed","ping_status":"closed","template":"tw-header-transparent.php","meta":{"footnotes":""},"class_list":["post-13590","page","type-page","status-publish","has-post-thumbnail","hentry","entry"],"_links":{"self":[{"href":"https:\/\/www.flagbeach.com\/de\/wp-json\/wp\/v2\/pages\/13590","targetHints":{"allow":["GET"]}}],"collection":[{"href":"https:\/\/www.flagbeach.com\/de\/wp-json\/wp\/v2\/pages"}],"about":[{"href":"https:\/\/www.flagbeach.com\/de\/wp-json\/wp\/v2\/types\/page"}],"author":[{"embeddable":true,"href":"https:\/\/www.flagbeach.com\/de\/wp-json\/wp\/v2\/users\/5"}],"replies":[{"embeddable":true,"href":"https:\/\/www.flagbeach.com\/de\/wp-json\/wp\/v2\/comments?post=13590"}],"version-history":[{"count":3,"href":"https:\/\/www.flagbeach.com\/de\/wp-json\/wp\/v2\/pages\/13590\/revisions"}],"predecessor-version":[{"id":13890,"href":"https:\/\/www.flagbeach.com\/de\/wp-json\/wp\/v2\/pages\/13590\/revisions\/13890"}],"wp:featuredmedia":[{"embeddable":true,"href":"https:\/\/www.flagbeach.com\/de\/wp-json\/wp\/v2\/media\/4125"}],"wp:attachment":[{"href":"https:\/\/www.flagbeach.com\/de\/wp-json\/wp\/v2\/media?parent=13590"}],"curies":[{"name":"wp","href":"https:\/\/api.w.org\/{rel}","templated":true}]}}