{"id":1341,"date":"2021-02-22T19:36:39","date_gmt":"2021-02-22T19:36:39","guid":{"rendered":"https:\/\/flagbeach.com\/startseite\/"},"modified":"2026-01-25T11:12:10","modified_gmt":"2026-01-25T11:12:10","slug":"startseite","status":"publish","type":"page","link":"https:\/\/www.flagbeach.com\/de\/","title":{"rendered":"Startseite"},"content":{"rendered":"\n<div class=\"wp-block-cover alignfull is-light has-custom-content-position is-position-top-center\" style=\"min-height:30vw;aspect-ratio:unset;\"><img decoding=\"async\" sizes=\"(max-width: 799px) 200vw, (max-width: 1080px) 100vw, 1080px\" class=\"wp-block-cover__image-background wp-image-5276 size-large\" alt=\"Flag Beach Watersports Centre, Fuerteventura\" src=\"https:\/\/www.flagbeach.com\/wp-content\/uploads\/2023\/02\/1-1024x1024.png\" data-object-fit=\"cover\"\/><span aria-hidden=\"true\" class=\"wp-block-cover__background has-background-dim-100 has-background-dim wp-block-cover__gradient-background has-background-gradient\" style=\"background-color:#a8a7af;background:linear-gradient(180deg,rgb(20,62,94) 0%,rgba(255,255,255,0) 48%,rgba(20,61,93,0) 67%,rgb(20,62,94) 100%)\"><\/span><div class=\"wp-block-cover__inner-container is-layout-flow wp-block-cover-is-layout-flow\">\n<div class=\"wp-block-columns alignwide is-layout-flex wp-container-core-columns-is-layout-d0b3c9c8 wp-block-columns-is-layout-flex\">\n<div class=\"wp-block-column is-layout-flow wp-block-column-is-layout-flow\" style=\"--col-width:25%;flex-basis:25%\"><\/div>\n\n\n\n<div class=\"wp-block-column is-layout-flow wp-block-column-is-layout-flow\" style=\"--col-width:50%;flex-basis:50%\">\n<h3 class=\"wp-block-heading has-text-align-center\"><em>Fantastischer Wassersporturlaub auf Fuerteventura<\/em><\/h3>\n<\/div>\n\n\n\n<div class=\"wp-block-column is-layout-flow wp-block-column-is-layout-flow\" style=\"--col-width:25%;flex-basis:25%\"><\/div>\n<\/div>\n<\/div><\/div>\n\n<div class=\"wp-block-buttons is-horizontal is-content-justification-center is-layout-flex wp-container-core-buttons-is-layout-03627597 wp-block-buttons-is-layout-flex\">\n<div class=\"wp-block-button\"><a class=\"wp-block-button__link wp-element-button\" href=\"https:\/\/flagbeach.com\/book-now\/\">Buche jetzt deinen Wassersporturlaub<\/a><\/div>\n<\/div>\n\n<p>Willkommen beim Flag Beach Wassersport Zentrum. Wenn du nach einem spa\u00dfigen und erlebnisreichen Urlaub suchst, werden wir dir diesen liefern. Unsere erfahrenen Surfer-Dudes (Lehrer) sind alle Wassersport-Profis und lieben es, ihre F\u00e4higkeiten weiterzugeben. Egal, ob du das erste Mal auf einem Board stehst oder ob du schon ein Profi bist, Flag Beach ist der perfekte Ort f\u00fcr dich.<\/p>\n\n<div class=\"wp-block-columns alignwide is-layout-flex wp-container-core-columns-is-layout-d0b3c9c8 wp-block-columns-is-layout-flex\">\n<div class=\"wp-block-column is-layout-flow wp-block-column-is-layout-flow\" style=\"--col-width:33.33%;flex-basis:33.33%\">\n<figure class=\"wp-block-image size-large\"><img loading=\"lazy\" decoding=\"async\" width=\"1024\" height=\"819\" src=\"https:\/\/www.flagbeach.com\/wp-content\/uploads\/2023\/03\/DSC01635-1024x819.jpg\" alt=\"\" class=\"wp-image-5345\" srcset=\"https:\/\/www.flagbeach.com\/wp-content\/uploads\/2023\/03\/DSC01635-1024x819.jpg 1024w, https:\/\/www.flagbeach.com\/wp-content\/uploads\/2023\/03\/DSC01635-300x240.jpg 300w, https:\/\/www.flagbeach.com\/wp-content\/uploads\/2023\/03\/DSC01635-768x614.jpg 768w, https:\/\/www.flagbeach.com\/wp-content\/uploads\/2023\/03\/DSC01635-1536x1229.jpg 1536w, https:\/\/www.flagbeach.com\/wp-content\/uploads\/2023\/03\/DSC01635-2048x1638.jpg 2048w, https:\/\/www.flagbeach.com\/wp-content\/uploads\/2023\/03\/DSC01635-1568x1254.jpg 1568w\" sizes=\"auto, (max-width: 1024px) 100vw, 1024px\" \/><\/figure>\n\n\n\n<figure class=\"wp-block-image size-large\"><img loading=\"lazy\" decoding=\"async\" width=\"1024\" height=\"819\" src=\"https:\/\/www.flagbeach.com\/wp-content\/uploads\/2023\/03\/DSC01556-1024x819.jpg\" alt=\"\" class=\"wp-image-5357\" srcset=\"https:\/\/www.flagbeach.com\/wp-content\/uploads\/2023\/03\/DSC01556-1024x819.jpg 1024w, https:\/\/www.flagbeach.com\/wp-content\/uploads\/2023\/03\/DSC01556-300x240.jpg 300w, https:\/\/www.flagbeach.com\/wp-content\/uploads\/2023\/03\/DSC01556-768x614.jpg 768w, https:\/\/www.flagbeach.com\/wp-content\/uploads\/2023\/03\/DSC01556-1536x1229.jpg 1536w, https:\/\/www.flagbeach.com\/wp-content\/uploads\/2023\/03\/DSC01556-2048x1638.jpg 2048w, https:\/\/www.flagbeach.com\/wp-content\/uploads\/2023\/03\/DSC01556-1568x1254.jpg 1568w\" sizes=\"auto, (max-width: 1024px) 100vw, 1024px\" \/><\/figure>\n<\/div>\n\n\n\n<div class=\"wp-block-column is-layout-flow wp-block-column-is-layout-flow\" style=\"--col-width:66.66%;flex-basis:66.66%\">\n<figure class=\"wp-block-image size-large\"><img loading=\"lazy\" decoding=\"async\" width=\"1024\" height=\"768\" src=\"https:\/\/www.flagbeach.com\/wp-content\/uploads\/2023\/03\/DJI_0125-1024x768.jpg\" alt=\"\" class=\"wp-image-5339\" srcset=\"https:\/\/www.flagbeach.com\/wp-content\/uploads\/2023\/03\/DJI_0125-1024x768.jpg 1024w, https:\/\/www.flagbeach.com\/wp-content\/uploads\/2023\/03\/DJI_0125-300x225.jpg 300w, https:\/\/www.flagbeach.com\/wp-content\/uploads\/2023\/03\/DJI_0125-768x576.jpg 768w, https:\/\/www.flagbeach.com\/wp-content\/uploads\/2023\/03\/DJI_0125-1536x1152.jpg 1536w, https:\/\/www.flagbeach.com\/wp-content\/uploads\/2023\/03\/DJI_0125-2048x1536.jpg 2048w, https:\/\/www.flagbeach.com\/wp-content\/uploads\/2023\/03\/DJI_0125-1568x1176.jpg 1568w\" sizes=\"auto, (max-width: 1024px) 100vw, 1024px\" \/><figcaption class=\"wp-element-caption\">Flag Beach<\/figcaption><\/figure>\n<\/div>\n<\/div>\n\n<div class=\"wp-block-columns alignwide tw-cols-stack-md is-layout-flex wp-container-core-columns-is-layout-d0b3c9c8 wp-block-columns-is-layout-flex\">\n<div class=\"wp-block-column is-layout-flow wp-block-column-is-layout-flow\">\n<h3 class=\"wp-block-heading\"><mark style=\"background-color:rgba(0, 0, 0, 0);color:#fdbe07\" class=\"has-inline-color\">Kitesurfen<\/mark><\/h3>\n\n\n\n<figure class=\"wp-block-image size-large\"><img loading=\"lazy\" decoding=\"async\" width=\"819\" height=\"1024\" src=\"https:\/\/www.flagbeach.com\/wp-content\/uploads\/2023\/03\/DJI_0151-819x1024.jpg\" alt=\"\" class=\"wp-image-5314\" srcset=\"https:\/\/www.flagbeach.com\/wp-content\/uploads\/2023\/03\/DJI_0151-819x1024.jpg 819w, https:\/\/www.flagbeach.com\/wp-content\/uploads\/2023\/03\/DJI_0151-240x300.jpg 240w, https:\/\/www.flagbeach.com\/wp-content\/uploads\/2023\/03\/DJI_0151-768x960.jpg 768w, https:\/\/www.flagbeach.com\/wp-content\/uploads\/2023\/03\/DJI_0151-1229x1536.jpg 1229w, https:\/\/www.flagbeach.com\/wp-content\/uploads\/2023\/03\/DJI_0151-1638x2048.jpg 1638w, https:\/\/www.flagbeach.com\/wp-content\/uploads\/2023\/03\/DJI_0151-1568x1960.jpg 1568w, https:\/\/www.flagbeach.com\/wp-content\/uploads\/2023\/03\/DJI_0151.jpg 1900w\" sizes=\"auto, (max-width: 819px) 100vw, 819px\" \/><\/figure>\n\n\n\n<p>Wenn du auf der Suche nach einem unterhaltsamen und erlebnisreichen Wassersport-Urlaub sind, dann sind wir mit unserer jahrelangen Kitesurf-Erfahrung auf Fuerteventura ideal f\u00fcr dich. Egal, ob Sie das erste Mal auf einem Board stehen oder ob Sie schon ein Profi sind, Flag Beach ist der perfekte Ort f\u00fcr Sie.<\/p>\n\n\n\n<p><\/p>\n\n\n\n<div class=\"wp-block-buttons is-horizontal is-content-justification-center is-layout-flex wp-container-core-buttons-is-layout-03627597 wp-block-buttons-is-layout-flex\">\n<div class=\"wp-block-button is-style-fill\"><a class=\"wp-block-button__link wp-element-button\" href=\"https:\/\/flagbeach.com\/kite-surfing\/kite-surfing-courses\/\">Sehe die Kite Kurse an<\/a><\/div>\n<\/div>\n<\/div>\n\n\n\n<div class=\"wp-block-column is-layout-flow wp-block-column-is-layout-flow\">\n<h3 class=\"wp-block-heading\"><mark style=\"background-color:rgba(0, 0, 0, 0);color:#fdbe07\" class=\"has-inline-color\">Surfen<\/mark><\/h3>\n\n\n\n<figure class=\"wp-block-image size-large\"><img loading=\"lazy\" decoding=\"async\" width=\"819\" height=\"1024\" src=\"https:\/\/www.flagbeach.com\/wp-content\/uploads\/2023\/03\/DSC01306-819x1024.jpg\" alt=\"\" class=\"wp-image-5321\" srcset=\"https:\/\/www.flagbeach.com\/wp-content\/uploads\/2023\/03\/DSC01306-819x1024.jpg 819w, https:\/\/www.flagbeach.com\/wp-content\/uploads\/2023\/03\/DSC01306-240x300.jpg 240w, https:\/\/www.flagbeach.com\/wp-content\/uploads\/2023\/03\/DSC01306-768x960.jpg 768w, https:\/\/www.flagbeach.com\/wp-content\/uploads\/2023\/03\/DSC01306-1229x1536.jpg 1229w, https:\/\/www.flagbeach.com\/wp-content\/uploads\/2023\/03\/DSC01306-1638x2048.jpg 1638w, https:\/\/www.flagbeach.com\/wp-content\/uploads\/2023\/03\/DSC01306-1568x1960.jpg 1568w, https:\/\/www.flagbeach.com\/wp-content\/uploads\/2023\/03\/DSC01306-scaled.jpg 2048w\" sizes=\"auto, (max-width: 819px) 100vw, 819px\" \/><\/figure>\n\n\n\n<p>Das Flag Beach Surf Camp gilt seit \u00fcber 10 Jahren als das beste Surf Erlebnis auf Fuerteventura. In dieser Zeit haben wir in unseren Kursen die Liebe f\u00fcr das Surfen und das Meer an tausende Surf Anf\u00e4nger aus ganz Europa weitergegeben.<\/p>\n\n\n\n<p><\/p>\n\n\n\n<div class=\"wp-block-buttons is-horizontal is-content-justification-center is-layout-flex wp-container-core-buttons-is-layout-03627597 wp-block-buttons-is-layout-flex\">\n<div class=\"wp-block-button\"><a class=\"wp-block-button__link wp-element-button\" href=\"https:\/\/flagbeach.com\/surfing\/surfing-courses\/\">Surf Kurse anzeigen<\/a><\/div>\n<\/div>\n<\/div>\n\n\n\n<div class=\"wp-block-column is-layout-flow wp-block-column-is-layout-flow\">\n<h3 class=\"wp-block-heading\"><mark style=\"background-color:rgba(0, 0, 0, 0);color:#fdbe07\" class=\"has-inline-color\">Windsurfen<\/mark><\/h3>\n\n\n\n<figure class=\"wp-block-image size-large is-resized\"><img loading=\"lazy\" decoding=\"async\" width=\"540\" height=\"285\" src=\"https:\/\/www.flagbeach.com\/wp-content\/uploads\/2021\/02\/windsurfing.jpg\" alt=\"\" class=\"wp-image-837\" style=\"width:432px;height:226px\" srcset=\"https:\/\/www.flagbeach.com\/wp-content\/uploads\/2021\/02\/windsurfing.jpg 540w, https:\/\/www.flagbeach.com\/wp-content\/uploads\/2021\/02\/windsurfing-300x158.jpg 300w\" sizes=\"auto, (max-width: 540px) 100vw, 540px\" \/><\/figure>\n\n\n\n<p>Flag Beach ist eines der \u04d3ltesten Wassersport Unternehmen auf Fuerteventura. Wir bieten unvergleichbare Windsurf Pakete, Kurse und Kit Verleihung an. Flag Beach hat perfekte Windsurf Bedingungen von M\u00e4rz bis September und einige anspruchsvolle Winde f\u00fcr fortgeschrittene Windsurfer im Winter.<\/p>\n\n\n\n<p><\/p>\n\n\n\n<div class=\"wp-block-buttons is-horizontal is-content-justification-center is-layout-flex wp-container-core-buttons-is-layout-03627597 wp-block-buttons-is-layout-flex\">\n<div class=\"wp-block-button\"><a class=\"wp-block-button__link wp-element-button\" href=\"https:\/\/flagbeach.com\/windsurfing\/windsurfing-courses\/\">Windsurfkurse anzeigen<\/a><\/div>\n<\/div>\n<\/div>\n<\/div>\n\n<div class=\"wp-block-cover alignfull is-light\" style=\"min-height:30vw;aspect-ratio:unset;\"><img loading=\"lazy\" decoding=\"async\" width=\"2560\" height=\"2048\" sizes=\"auto, (max-width: 799px) 200vw, (max-width: 2560px) 100vw, 2560px\" class=\"wp-block-cover__image-background wp-image-5333\" alt=\"\" src=\"https:\/\/www.flagbeach.com\/wp-content\/uploads\/2023\/03\/DJI_0167-scaled.jpg\" data-object-fit=\"cover\" srcset=\"https:\/\/www.flagbeach.com\/wp-content\/uploads\/2023\/03\/DJI_0167-scaled.jpg 2560w, https:\/\/www.flagbeach.com\/wp-content\/uploads\/2023\/03\/DJI_0167-300x240.jpg 300w, https:\/\/www.flagbeach.com\/wp-content\/uploads\/2023\/03\/DJI_0167-1024x819.jpg 1024w, https:\/\/www.flagbeach.com\/wp-content\/uploads\/2023\/03\/DJI_0167-768x614.jpg 768w, https:\/\/www.flagbeach.com\/wp-content\/uploads\/2023\/03\/DJI_0167-1536x1229.jpg 1536w, https:\/\/www.flagbeach.com\/wp-content\/uploads\/2023\/03\/DJI_0167-2048x1638.jpg 2048w, https:\/\/www.flagbeach.com\/wp-content\/uploads\/2023\/03\/DJI_0167-1568x1254.jpg 1568w\" \/><span aria-hidden=\"true\" class=\"wp-block-cover__background has-background-dim-0 has-background-dim\"><\/span><div class=\"wp-block-cover__inner-container is-layout-flow wp-block-cover-is-layout-flow\">\n<p class=\"has-text-align-center has-large-font-size\"><\/p>\n<\/div><\/div>\n","protected":false},"excerpt":{"rendered":"<p>Willkommen beim Flag Beach Wassersport Zentrum. Wenn du nach einem spa\u00dfigen und erlebnisreichen Urlaub suchst, werden wir dir diesen liefern. Unsere erfahrenen Surfer-Dudes (Lehrer) sind alle Wassersport-Profis und lieben es, ihre F\u00e4higkeiten weiterzugeben. Egal, ob du das erste Mal auf einem Board stehst oder ob du schon ein Profi bist, Flag Beach ist der perfekte&hellip; <a class=\"more-link\" href=\"https:\/\/www.flagbeach.com\/de\/\"><span class=\"screen-reader-text\">Startseite<\/span> weiterlesen<\/a><\/p>\n","protected":false},"author":1,"featured_media":0,"parent":0,"menu_order":0,"comment_status":"closed","ping_status":"closed","template":"tw-header-transparent.php","meta":{"footnotes":""},"class_list":["post-1341","page","type-page","status-publish","hentry","entry"],"_links":{"self":[{"href":"https:\/\/www.flagbeach.com\/de\/wp-json\/wp\/v2\/pages\/1341","targetHints":{"allow":["GET"]}}],"collection":[{"href":"https:\/\/www.flagbeach.com\/de\/wp-json\/wp\/v2\/pages"}],"about":[{"href":"https:\/\/www.flagbeach.com\/de\/wp-json\/wp\/v2\/types\/page"}],"author":[{"embeddable":true,"href":"https:\/\/www.flagbeach.com\/de\/wp-json\/wp\/v2\/users\/1"}],"replies":[{"embeddable":true,"href":"https:\/\/www.flagbeach.com\/de\/wp-json\/wp\/v2\/comments?post=1341"}],"version-history":[{"count":54,"href":"https:\/\/www.flagbeach.com\/de\/wp-json\/wp\/v2\/pages\/1341\/revisions"}],"predecessor-version":[{"id":13850,"href":"https:\/\/www.flagbeach.com\/de\/wp-json\/wp\/v2\/pages\/1341\/revisions\/13850"}],"wp:attachment":[{"href":"https:\/\/www.flagbeach.com\/de\/wp-json\/wp\/v2\/media?parent=1341"}],"curies":[{"name":"wp","href":"https:\/\/api.w.org\/{rel}","templated":true}]}}